{"id":30185,"date":"2026-04-06T18:54:53","date_gmt":"2026-04-06T15:54:53","guid":{"rendered":"https:\/\/karineparras.com\/?post_type=product&#038;p=30185"},"modified":"2026-04-10T14:26:52","modified_gmt":"2026-04-10T11:26:52","slug":"kover-diamond-line-titaan","status":"publish","type":"product","link":"https:\/\/karineparras.com\/et\/product\/kover-diamond-line-titaan\/","title":{"rendered":"KoveR &#8220;Diamond Line&#8221; Titaan"},"content":{"rendered":"","protected":false},"excerpt":{"rendered":"<p><a href=\"https:\/\/karineparras.com\/et\/tootekategooria\/fine-jewellery-liinid\/kover-et\/\">KoveR<\/a><\/p>\n<p>Tervis ja luksus \u00fcheskoos &#8211; KoveR.<br \/>\nMaailma esimene luksuslik nutis\u00f5rmuse kate.<\/p>\n<p>M\u00f5eldud neile, kes kannavad oma tervist nii, nagu nad kannavad oma ehteid: tahtlikult, t\u00e4pselt ja p\u00fcsiva iluga.<br \/>\nIga ese on individuaalselt k\u00e4sitsi valmistatud ja delikaatselt teemantidega kaunistatud. KoveR on konstrueeritud lihtsate klambrikinnitustega, mis kinnituvad h\u00f5lpsasti ja ilma igasuguse sekkumiseta teie Oura s\u00f5rmuse k\u00fclge. \u00dchendades need kaks s\u00f5rmust \u00fcheks k\u00f5rgeks ehteks, s\u00e4ilitades samal ajal nende funktsiooni.<\/p>\n<p>Iga KoveR valmistatakse eritellimusel.<br \/>\nTootmisaeg on umbes 4 n\u00e4dalat.<\/p>\n<p>(Praegu saadaval Oura Ringi jaoks. Peagi saadaval: Samsung Galaxy Ring, RingConn ja rohkem nutis\u00f5rmuste katteid).<\/p>\n<ul>\n<li>18K valge kuld<\/li>\n<li>Titaan<\/li>\n<li>Teemandid<\/li>\n<\/ul>\n","protected":false},"featured_media":30200,"template":"","meta":{"_themeisle_gutenberg_block_has_review":false},"product_brand":[],"product_cat":[440,840],"product_tag":[],"class_list":{"0":"post-30185","1":"product","2":"type-product","3":"status-publish","4":"has-post-thumbnail","6":"product_cat-fine-jewellery-liinid","7":"product_cat-kover-et","9":"first","10":"instock","11":"shipping-taxable","12":"purchasable","13":"product-type-variable"},"yoast_head":"<!-- This site is optimized with the Yoast SEO plugin v27.3 - https:\/\/yoast.com\/product\/yoast-seo-wordpress\/ -->\n<title>KoveR &quot;Diamond Line&quot; Titaan - KARINE PARRAS<\/title>\n<meta name=\"description\" content=\"Luksuslik nutis\u00f5rmuse kuldne kate - KoveR kinnitub teie Oura Ringi k\u00fclge segamatult. Peagi saadaval: Samsung Galaxy Ring, RingConn ja rohkem nutis\u00f5rmusekatteid.\" \/>\n<meta name=\"robots\" content=\"index, follow, max-snippet:-1, max-image-preview:large, max-video-preview:-1\" \/>\n<link rel=\"canonical\" href=\"https:\/\/karineparras.com\/et\/product\/kover-diamond-line-titaan\/\" \/>\n<meta property=\"og:locale\" content=\"et_EE\" \/>\n<meta property=\"og:type\" content=\"article\" \/>\n<meta property=\"og:title\" content=\"KoveR &quot;Diamond Line&quot; Titaan - KARINE PARRAS\" \/>\n<meta property=\"og:description\" content=\"Luksuslik nutis\u00f5rmuse kuldne kate - KoveR kinnitub teie Oura Ringi k\u00fclge segamatult. Peagi saadaval: Samsung Galaxy Ring, RingConn ja rohkem nutis\u00f5rmusekatteid.\" \/>\n<meta property=\"og:url\" content=\"https:\/\/karineparras.com\/et\/product\/kover-diamond-line-titaan\/\" \/>\n<meta property=\"og:site_name\" content=\"KARINE PARRAS\" \/>\n<meta property=\"article:publisher\" content=\"https:\/\/www.facebook.com\/karineparras\" \/>\n<meta property=\"article:modified_time\" content=\"2026-04-10T11:26:52+00:00\" \/>\n<meta property=\"og:image\" content=\"https:\/\/karineparras.com\/wp-content\/uploads\/2026\/04\/KPweb-KoveR-Ring-Titanium-white-gold-diamonds-wg.jpg\" \/>\n\t<meta property=\"og:image:width\" content=\"1152\" \/>\n\t<meta property=\"og:image:height\" content=\"1536\" \/>\n\t<meta property=\"og:image:type\" content=\"image\/jpeg\" \/>\n<meta name=\"twitter:card\" content=\"summary_large_image\" \/>\n<meta name=\"twitter:label1\" content=\"Est. reading time\" \/>\n\t<meta name=\"twitter:data1\" content=\"1 minut\" \/>\n<script type=\"application\/ld+json\" class=\"yoast-schema-graph\">{\"@context\":\"https:\\\/\\\/schema.org\",\"@graph\":[{\"@type\":\"WebPage\",\"@id\":\"https:\\\/\\\/karineparras.com\\\/et\\\/product\\\/kover-diamond-line-titaan\\\/\",\"url\":\"https:\\\/\\\/karineparras.com\\\/et\\\/product\\\/kover-diamond-line-titaan\\\/\",\"name\":\"KoveR \\\"Diamond Line\\\" Titaan - KARINE PARRAS\",\"isPartOf\":{\"@id\":\"https:\\\/\\\/karineparras.com\\\/et\\\/#website\"},\"primaryImageOfPage\":{\"@id\":\"https:\\\/\\\/karineparras.com\\\/et\\\/product\\\/kover-diamond-line-titaan\\\/#primaryimage\"},\"image\":{\"@id\":\"https:\\\/\\\/karineparras.com\\\/et\\\/product\\\/kover-diamond-line-titaan\\\/#primaryimage\"},\"thumbnailUrl\":\"https:\\\/\\\/karineparras.com\\\/wp-content\\\/uploads\\\/2026\\\/04\\\/KPweb-KoveR-Ring-Titanium-white-gold-diamonds-wg.jpg\",\"datePublished\":\"2026-04-06T15:54:53+00:00\",\"dateModified\":\"2026-04-10T11:26:52+00:00\",\"description\":\"Luksuslik nutis\u00f5rmuse kuldne kate - KoveR kinnitub teie Oura Ringi k\u00fclge segamatult. Peagi saadaval: Samsung Galaxy Ring, RingConn ja rohkem nutis\u00f5rmusekatteid.\",\"breadcrumb\":{\"@id\":\"https:\\\/\\\/karineparras.com\\\/et\\\/product\\\/kover-diamond-line-titaan\\\/#breadcrumb\"},\"inLanguage\":\"et\",\"potentialAction\":[{\"@type\":\"ReadAction\",\"target\":[\"https:\\\/\\\/karineparras.com\\\/et\\\/product\\\/kover-diamond-line-titaan\\\/\"]}]},{\"@type\":\"ImageObject\",\"inLanguage\":\"et\",\"@id\":\"https:\\\/\\\/karineparras.com\\\/et\\\/product\\\/kover-diamond-line-titaan\\\/#primaryimage\",\"url\":\"https:\\\/\\\/karineparras.com\\\/wp-content\\\/uploads\\\/2026\\\/04\\\/KPweb-KoveR-Ring-Titanium-white-gold-diamonds-wg.jpg\",\"contentUrl\":\"https:\\\/\\\/karineparras.com\\\/wp-content\\\/uploads\\\/2026\\\/04\\\/KPweb-KoveR-Ring-Titanium-white-gold-diamonds-wg.jpg\",\"width\":1152,\"height\":1536},{\"@type\":\"BreadcrumbList\",\"@id\":\"https:\\\/\\\/karineparras.com\\\/et\\\/product\\\/kover-diamond-line-titaan\\\/#breadcrumb\",\"itemListElement\":[{\"@type\":\"ListItem\",\"position\":1,\"name\":\"Home\",\"item\":\"https:\\\/\\\/karineparras.com\\\/et\\\/karine-parras\\\/\"},{\"@type\":\"ListItem\",\"position\":2,\"name\":\"Pood\",\"item\":\"https:\\\/\\\/karineparras.com\\\/et\\\/pood\\\/\"},{\"@type\":\"ListItem\",\"position\":3,\"name\":\"KoveR &#8220;Diamond Line&#8221; Titaan\"}]},{\"@type\":\"WebSite\",\"@id\":\"https:\\\/\\\/karineparras.com\\\/et\\\/#website\",\"url\":\"https:\\\/\\\/karineparras.com\\\/et\\\/\",\"name\":\"KARINE PARRAS\",\"description\":\"\",\"publisher\":{\"@id\":\"https:\\\/\\\/karineparras.com\\\/et\\\/#organization\"},\"potentialAction\":[{\"@type\":\"SearchAction\",\"target\":{\"@type\":\"EntryPoint\",\"urlTemplate\":\"https:\\\/\\\/karineparras.com\\\/et\\\/?s={search_term_string}\"},\"query-input\":{\"@type\":\"PropertyValueSpecification\",\"valueRequired\":true,\"valueName\":\"search_term_string\"}}],\"inLanguage\":\"et\"},{\"@type\":\"Organization\",\"@id\":\"https:\\\/\\\/karineparras.com\\\/et\\\/#organization\",\"name\":\"KARINE PARRAS\",\"url\":\"https:\\\/\\\/karineparras.com\\\/et\\\/\",\"logo\":{\"@type\":\"ImageObject\",\"inLanguage\":\"et\",\"@id\":\"https:\\\/\\\/karineparras.com\\\/et\\\/#\\\/schema\\\/logo\\\/image\\\/\",\"url\":\"https:\\\/\\\/karineparras.com\\\/wp-content\\\/uploads\\\/2023\\\/12\\\/logo-header.png\",\"contentUrl\":\"https:\\\/\\\/karineparras.com\\\/wp-content\\\/uploads\\\/2023\\\/12\\\/logo-header.png\",\"width\":1000,\"height\":60,\"caption\":\"KARINE PARRAS\"},\"image\":{\"@id\":\"https:\\\/\\\/karineparras.com\\\/et\\\/#\\\/schema\\\/logo\\\/image\\\/\"},\"sameAs\":[\"https:\\\/\\\/www.facebook.com\\\/karineparras\",\"https:\\\/\\\/www.instagram.com\\\/karineparras\\\/\"]}]}<\/script>\n<!-- \/ Yoast SEO plugin. -->","yoast_head_json":{"title":"KoveR \"Diamond Line\" Titaan - KARINE PARRAS","description":"Luksuslik nutis\u00f5rmuse kuldne kate - KoveR kinnitub teie Oura Ringi k\u00fclge segamatult. Peagi saadaval: Samsung Galaxy Ring, RingConn ja rohkem nutis\u00f5rmusekatteid.","robots":{"index":"index","follow":"follow","max-snippet":"max-snippet:-1","max-image-preview":"max-image-preview:large","max-video-preview":"max-video-preview:-1"},"canonical":"https:\/\/karineparras.com\/et\/product\/kover-diamond-line-titaan\/","og_locale":"et_EE","og_type":"article","og_title":"KoveR \"Diamond Line\" Titaan - KARINE PARRAS","og_description":"Luksuslik nutis\u00f5rmuse kuldne kate - KoveR kinnitub teie Oura Ringi k\u00fclge segamatult. Peagi saadaval: Samsung Galaxy Ring, RingConn ja rohkem nutis\u00f5rmusekatteid.","og_url":"https:\/\/karineparras.com\/et\/product\/kover-diamond-line-titaan\/","og_site_name":"KARINE PARRAS","article_publisher":"https:\/\/www.facebook.com\/karineparras","article_modified_time":"2026-04-10T11:26:52+00:00","og_image":[{"width":1152,"height":1536,"url":"https:\/\/karineparras.com\/wp-content\/uploads\/2026\/04\/KPweb-KoveR-Ring-Titanium-white-gold-diamonds-wg.jpg","type":"image\/jpeg"}],"twitter_card":"summary_large_image","twitter_misc":{"Est. reading time":"1 minut"},"schema":{"@context":"https:\/\/schema.org","@graph":[{"@type":"WebPage","@id":"https:\/\/karineparras.com\/et\/product\/kover-diamond-line-titaan\/","url":"https:\/\/karineparras.com\/et\/product\/kover-diamond-line-titaan\/","name":"KoveR \"Diamond Line\" Titaan - KARINE PARRAS","isPartOf":{"@id":"https:\/\/karineparras.com\/et\/#website"},"primaryImageOfPage":{"@id":"https:\/\/karineparras.com\/et\/product\/kover-diamond-line-titaan\/#primaryimage"},"image":{"@id":"https:\/\/karineparras.com\/et\/product\/kover-diamond-line-titaan\/#primaryimage"},"thumbnailUrl":"https:\/\/karineparras.com\/wp-content\/uploads\/2026\/04\/KPweb-KoveR-Ring-Titanium-white-gold-diamonds-wg.jpg","datePublished":"2026-04-06T15:54:53+00:00","dateModified":"2026-04-10T11:26:52+00:00","description":"Luksuslik nutis\u00f5rmuse kuldne kate - KoveR kinnitub teie Oura Ringi k\u00fclge segamatult. Peagi saadaval: Samsung Galaxy Ring, RingConn ja rohkem nutis\u00f5rmusekatteid.","breadcrumb":{"@id":"https:\/\/karineparras.com\/et\/product\/kover-diamond-line-titaan\/#breadcrumb"},"inLanguage":"et","potentialAction":[{"@type":"ReadAction","target":["https:\/\/karineparras.com\/et\/product\/kover-diamond-line-titaan\/"]}]},{"@type":"ImageObject","inLanguage":"et","@id":"https:\/\/karineparras.com\/et\/product\/kover-diamond-line-titaan\/#primaryimage","url":"https:\/\/karineparras.com\/wp-content\/uploads\/2026\/04\/KPweb-KoveR-Ring-Titanium-white-gold-diamonds-wg.jpg","contentUrl":"https:\/\/karineparras.com\/wp-content\/uploads\/2026\/04\/KPweb-KoveR-Ring-Titanium-white-gold-diamonds-wg.jpg","width":1152,"height":1536},{"@type":"BreadcrumbList","@id":"https:\/\/karineparras.com\/et\/product\/kover-diamond-line-titaan\/#breadcrumb","itemListElement":[{"@type":"ListItem","position":1,"name":"Home","item":"https:\/\/karineparras.com\/et\/karine-parras\/"},{"@type":"ListItem","position":2,"name":"Pood","item":"https:\/\/karineparras.com\/et\/pood\/"},{"@type":"ListItem","position":3,"name":"KoveR &#8220;Diamond Line&#8221; Titaan"}]},{"@type":"WebSite","@id":"https:\/\/karineparras.com\/et\/#website","url":"https:\/\/karineparras.com\/et\/","name":"KARINE PARRAS","description":"","publisher":{"@id":"https:\/\/karineparras.com\/et\/#organization"},"potentialAction":[{"@type":"SearchAction","target":{"@type":"EntryPoint","urlTemplate":"https:\/\/karineparras.com\/et\/?s={search_term_string}"},"query-input":{"@type":"PropertyValueSpecification","valueRequired":true,"valueName":"search_term_string"}}],"inLanguage":"et"},{"@type":"Organization","@id":"https:\/\/karineparras.com\/et\/#organization","name":"KARINE PARRAS","url":"https:\/\/karineparras.com\/et\/","logo":{"@type":"ImageObject","inLanguage":"et","@id":"https:\/\/karineparras.com\/et\/#\/schema\/logo\/image\/","url":"https:\/\/karineparras.com\/wp-content\/uploads\/2023\/12\/logo-header.png","contentUrl":"https:\/\/karineparras.com\/wp-content\/uploads\/2023\/12\/logo-header.png","width":1000,"height":60,"caption":"KARINE PARRAS"},"image":{"@id":"https:\/\/karineparras.com\/et\/#\/schema\/logo\/image\/"},"sameAs":["https:\/\/www.facebook.com\/karineparras","https:\/\/www.instagram.com\/karineparras\/"]}]}},"_links":{"self":[{"href":"https:\/\/karineparras.com\/et\/wp-json\/wp\/v2\/product\/30185","targetHints":{"allow":["GET"]}}],"collection":[{"href":"https:\/\/karineparras.com\/et\/wp-json\/wp\/v2\/product"}],"about":[{"href":"https:\/\/karineparras.com\/et\/wp-json\/wp\/v2\/types\/product"}],"wp:featuredmedia":[{"embeddable":true,"href":"https:\/\/karineparras.com\/et\/wp-json\/wp\/v2\/media\/30200"}],"wp:attachment":[{"href":"https:\/\/karineparras.com\/et\/wp-json\/wp\/v2\/media?parent=30185"}],"wp:term":[{"taxonomy":"product_brand","embeddable":true,"href":"https:\/\/karineparras.com\/et\/wp-json\/wp\/v2\/product_brand?post=30185"},{"taxonomy":"product_cat","embeddable":true,"href":"https:\/\/karineparras.com\/et\/wp-json\/wp\/v2\/product_cat?post=30185"},{"taxonomy":"product_tag","embeddable":true,"href":"https:\/\/karineparras.com\/et\/wp-json\/wp\/v2\/product_tag?post=30185"}],"curies":[{"name":"wp","href":"https:\/\/api.w.org\/{rel}","templated":true}]}}