{"id":30023,"date":"2026-02-09T15:02:33","date_gmt":"2026-02-09T13:02:33","guid":{"rendered":"https:\/\/karineparras.com\/product\/kover-perfect-heartbeat-valge-kuld\/"},"modified":"2026-02-09T15:02:33","modified_gmt":"2026-02-09T13:02:33","slug":"kover-perfect-heartbeat-valge-kuld","status":"publish","type":"product","link":"https:\/\/karineparras.com\/et\/product\/kover-perfect-heartbeat-valge-kuld\/","title":{"rendered":"KoveR &#8220;Perfect Heartbeat&#8221; Valge Kuld"},"content":{"rendered":"","protected":false},"excerpt":{"rendered":"<p><a href=\"https:\/\/karineparras.com\/et\/tootekategooria\/fine-jewellery-liinid\/kover-et\/\">KoveR<\/a><\/p>\n<p>Tervis ja luksus \u00fcheskoos &#8211; KoveR.<br \/>\nMaailma esimene luksuslik nutis\u00f5rmuse kate.<\/p>\n<p>M\u00f5eldud neile, kes hoolivad oma tervisest ja stiilist: tahtlikult, t\u00e4pselt ja p\u00fcsiva iluga.<br \/>\nIga KoveR on k\u00e4sitsi valmistatud 18K kullast ja teemantidega kaunistatud. KoveR on minimalistlike kinnitustega, mis \u00fchilduvad Oura s\u00f5rmusega kergelt ja ei sega teie Oura s\u00f5rmusel j\u00e4lgimist. Nende kahe s\u00f5rmuse tulemuseks on kaunis kokteils\u00f5rmus, mis s\u00e4ilitab samal ajal nutis\u00f5rmuse funktsioone.  <\/p>\n<p>Iga KoveR valmistatakse eritellimusel.<br \/>\nTootmisaeg on umbes 4 n\u00e4dalat.<\/p>\n<p>(Praegu saadaval Oura Ringi jaoks. Peagi saadaval: Samsung Galaxy Ring, RingConn ja rohkem nutis\u00f5rmuste katteid).<\/p>\n<ul>\n<li>18K valge kuld<\/li>\n<li>Teemandid<\/li>\n<\/ul>\n","protected":false},"featured_media":30020,"template":"","meta":{"_themeisle_gutenberg_block_has_review":false},"product_brand":[],"product_cat":[440,840],"product_tag":[],"class_list":{"0":"post-30023","1":"product","2":"type-product","3":"status-publish","4":"has-post-thumbnail","6":"product_cat-fine-jewellery-liinid","7":"product_cat-kover-et","9":"first","10":"instock","11":"shipping-taxable","12":"purchasable","13":"product-type-variable"},"yoast_head":"<!-- This site is optimized with the Yoast SEO plugin v27.3 - https:\/\/yoast.com\/product\/yoast-seo-wordpress\/ -->\n<title>KoveR &quot;Perfect Heartbeat&quot; Valge Kuld - KARINE PARRAS<\/title>\n<meta name=\"robots\" content=\"index, follow, max-snippet:-1, max-image-preview:large, max-video-preview:-1\" \/>\n<link rel=\"canonical\" href=\"https:\/\/karineparras.com\/et\/product\/kover-perfect-heartbeat-valge-kuld\/\" \/>\n<meta property=\"og:locale\" content=\"et_EE\" \/>\n<meta property=\"og:type\" content=\"article\" \/>\n<meta property=\"og:title\" content=\"KoveR &quot;Perfect Heartbeat&quot; Valge Kuld - KARINE PARRAS\" \/>\n<meta property=\"og:description\" content=\"KoveR Tervis ja luksus \u00fcheskoos - KoveR. Maailma esimene luksuslik nutis\u00f5rmuse kate. M\u00f5eldud neile, kes hoolivad oma tervisest ja stiilist: tahtlikult, t\u00e4pselt ja p\u00fcsiva iluga. Iga KoveR on k\u00e4sitsi valmistatud 18K kullast ja teemantidega kaunistatud. KoveR on minimalistlike kinnitustega, mis \u00fchilduvad Oura s\u00f5rmusega kergelt ja ei sega teie Oura s\u00f5rmusel j\u00e4lgimist. Nende kahe s\u00f5rmuse tulemuseks on kaunis kokteils\u00f5rmus, mis s\u00e4ilitab samal ajal nutis\u00f5rmuse funktsioone.  Iga KoveR valmistatakse eritellimusel. Tootmisaeg on umbes 4 n\u00e4dalat. (Praegu saadaval Oura Ringi jaoks. Peagi saadaval: Samsung Galaxy Ring, RingConn ja rohkem nutis\u00f5rmuste katteid).  18K valge kuld  Teemandid\" \/>\n<meta property=\"og:url\" content=\"https:\/\/karineparras.com\/et\/product\/kover-perfect-heartbeat-valge-kuld\/\" \/>\n<meta property=\"og:site_name\" content=\"KARINE PARRAS\" \/>\n<meta property=\"article:publisher\" content=\"https:\/\/www.facebook.com\/karineparras\" \/>\n<meta property=\"og:image\" content=\"https:\/\/karineparras.com\/wp-content\/uploads\/2026\/02\/KoveR-Karine-Parras-KPweb-Perfect-Heartbeat-white-gold-diamonds.jpg\" \/>\n\t<meta property=\"og:image:width\" content=\"1152\" \/>\n\t<meta property=\"og:image:height\" content=\"1536\" \/>\n\t<meta property=\"og:image:type\" content=\"image\/jpeg\" \/>\n<meta name=\"twitter:card\" content=\"summary_large_image\" \/>\n<script type=\"application\/ld+json\" class=\"yoast-schema-graph\">{\"@context\":\"https:\\\/\\\/schema.org\",\"@graph\":[{\"@type\":\"WebPage\",\"@id\":\"https:\\\/\\\/karineparras.com\\\/et\\\/product\\\/kover-perfect-heartbeat-valge-kuld\\\/\",\"url\":\"https:\\\/\\\/karineparras.com\\\/et\\\/product\\\/kover-perfect-heartbeat-valge-kuld\\\/\",\"name\":\"KoveR \\\"Perfect Heartbeat\\\" Valge Kuld - KARINE PARRAS\",\"isPartOf\":{\"@id\":\"https:\\\/\\\/karineparras.com\\\/et\\\/#website\"},\"primaryImageOfPage\":{\"@id\":\"https:\\\/\\\/karineparras.com\\\/et\\\/product\\\/kover-perfect-heartbeat-valge-kuld\\\/#primaryimage\"},\"image\":{\"@id\":\"https:\\\/\\\/karineparras.com\\\/et\\\/product\\\/kover-perfect-heartbeat-valge-kuld\\\/#primaryimage\"},\"thumbnailUrl\":\"https:\\\/\\\/karineparras.com\\\/wp-content\\\/uploads\\\/2026\\\/02\\\/KoveR-Karine-Parras-KPweb-Perfect-Heartbeat-white-gold-diamonds.jpg\",\"datePublished\":\"2026-02-09T13:02:33+00:00\",\"breadcrumb\":{\"@id\":\"https:\\\/\\\/karineparras.com\\\/et\\\/product\\\/kover-perfect-heartbeat-valge-kuld\\\/#breadcrumb\"},\"inLanguage\":\"et\",\"potentialAction\":[{\"@type\":\"ReadAction\",\"target\":[\"https:\\\/\\\/karineparras.com\\\/et\\\/product\\\/kover-perfect-heartbeat-valge-kuld\\\/\"]}]},{\"@type\":\"ImageObject\",\"inLanguage\":\"et\",\"@id\":\"https:\\\/\\\/karineparras.com\\\/et\\\/product\\\/kover-perfect-heartbeat-valge-kuld\\\/#primaryimage\",\"url\":\"https:\\\/\\\/karineparras.com\\\/wp-content\\\/uploads\\\/2026\\\/02\\\/KoveR-Karine-Parras-KPweb-Perfect-Heartbeat-white-gold-diamonds.jpg\",\"contentUrl\":\"https:\\\/\\\/karineparras.com\\\/wp-content\\\/uploads\\\/2026\\\/02\\\/KoveR-Karine-Parras-KPweb-Perfect-Heartbeat-white-gold-diamonds.jpg\",\"width\":1152,\"height\":1536},{\"@type\":\"BreadcrumbList\",\"@id\":\"https:\\\/\\\/karineparras.com\\\/et\\\/product\\\/kover-perfect-heartbeat-valge-kuld\\\/#breadcrumb\",\"itemListElement\":[{\"@type\":\"ListItem\",\"position\":1,\"name\":\"Home\",\"item\":\"https:\\\/\\\/karineparras.com\\\/et\\\/karine-parras\\\/\"},{\"@type\":\"ListItem\",\"position\":2,\"name\":\"Pood\",\"item\":\"https:\\\/\\\/karineparras.com\\\/et\\\/pood\\\/\"},{\"@type\":\"ListItem\",\"position\":3,\"name\":\"KoveR &#8220;Perfect Heartbeat&#8221; Valge Kuld\"}]},{\"@type\":\"WebSite\",\"@id\":\"https:\\\/\\\/karineparras.com\\\/et\\\/#website\",\"url\":\"https:\\\/\\\/karineparras.com\\\/et\\\/\",\"name\":\"KARINE PARRAS\",\"description\":\"\",\"publisher\":{\"@id\":\"https:\\\/\\\/karineparras.com\\\/et\\\/#organization\"},\"potentialAction\":[{\"@type\":\"SearchAction\",\"target\":{\"@type\":\"EntryPoint\",\"urlTemplate\":\"https:\\\/\\\/karineparras.com\\\/et\\\/?s={search_term_string}\"},\"query-input\":{\"@type\":\"PropertyValueSpecification\",\"valueRequired\":true,\"valueName\":\"search_term_string\"}}],\"inLanguage\":\"et\"},{\"@type\":\"Organization\",\"@id\":\"https:\\\/\\\/karineparras.com\\\/et\\\/#organization\",\"name\":\"KARINE PARRAS\",\"url\":\"https:\\\/\\\/karineparras.com\\\/et\\\/\",\"logo\":{\"@type\":\"ImageObject\",\"inLanguage\":\"et\",\"@id\":\"https:\\\/\\\/karineparras.com\\\/et\\\/#\\\/schema\\\/logo\\\/image\\\/\",\"url\":\"https:\\\/\\\/karineparras.com\\\/wp-content\\\/uploads\\\/2023\\\/12\\\/logo-header.png\",\"contentUrl\":\"https:\\\/\\\/karineparras.com\\\/wp-content\\\/uploads\\\/2023\\\/12\\\/logo-header.png\",\"width\":1000,\"height\":60,\"caption\":\"KARINE PARRAS\"},\"image\":{\"@id\":\"https:\\\/\\\/karineparras.com\\\/et\\\/#\\\/schema\\\/logo\\\/image\\\/\"},\"sameAs\":[\"https:\\\/\\\/www.facebook.com\\\/karineparras\",\"https:\\\/\\\/www.instagram.com\\\/karineparras\\\/\"]}]}<\/script>\n<!-- \/ Yoast SEO plugin. -->","yoast_head_json":{"title":"KoveR \"Perfect Heartbeat\" Valge Kuld - KARINE PARRAS","robots":{"index":"index","follow":"follow","max-snippet":"max-snippet:-1","max-image-preview":"max-image-preview:large","max-video-preview":"max-video-preview:-1"},"canonical":"https:\/\/karineparras.com\/et\/product\/kover-perfect-heartbeat-valge-kuld\/","og_locale":"et_EE","og_type":"article","og_title":"KoveR \"Perfect Heartbeat\" Valge Kuld - KARINE PARRAS","og_description":"KoveR Tervis ja luksus \u00fcheskoos - KoveR. Maailma esimene luksuslik nutis\u00f5rmuse kate. M\u00f5eldud neile, kes hoolivad oma tervisest ja stiilist: tahtlikult, t\u00e4pselt ja p\u00fcsiva iluga. Iga KoveR on k\u00e4sitsi valmistatud 18K kullast ja teemantidega kaunistatud. KoveR on minimalistlike kinnitustega, mis \u00fchilduvad Oura s\u00f5rmusega kergelt ja ei sega teie Oura s\u00f5rmusel j\u00e4lgimist. Nende kahe s\u00f5rmuse tulemuseks on kaunis kokteils\u00f5rmus, mis s\u00e4ilitab samal ajal nutis\u00f5rmuse funktsioone.  Iga KoveR valmistatakse eritellimusel. Tootmisaeg on umbes 4 n\u00e4dalat. (Praegu saadaval Oura Ringi jaoks. Peagi saadaval: Samsung Galaxy Ring, RingConn ja rohkem nutis\u00f5rmuste katteid).  18K valge kuld  Teemandid","og_url":"https:\/\/karineparras.com\/et\/product\/kover-perfect-heartbeat-valge-kuld\/","og_site_name":"KARINE PARRAS","article_publisher":"https:\/\/www.facebook.com\/karineparras","og_image":[{"width":1152,"height":1536,"url":"https:\/\/karineparras.com\/wp-content\/uploads\/2026\/02\/KoveR-Karine-Parras-KPweb-Perfect-Heartbeat-white-gold-diamonds.jpg","type":"image\/jpeg"}],"twitter_card":"summary_large_image","schema":{"@context":"https:\/\/schema.org","@graph":[{"@type":"WebPage","@id":"https:\/\/karineparras.com\/et\/product\/kover-perfect-heartbeat-valge-kuld\/","url":"https:\/\/karineparras.com\/et\/product\/kover-perfect-heartbeat-valge-kuld\/","name":"KoveR \"Perfect Heartbeat\" Valge Kuld - KARINE PARRAS","isPartOf":{"@id":"https:\/\/karineparras.com\/et\/#website"},"primaryImageOfPage":{"@id":"https:\/\/karineparras.com\/et\/product\/kover-perfect-heartbeat-valge-kuld\/#primaryimage"},"image":{"@id":"https:\/\/karineparras.com\/et\/product\/kover-perfect-heartbeat-valge-kuld\/#primaryimage"},"thumbnailUrl":"https:\/\/karineparras.com\/wp-content\/uploads\/2026\/02\/KoveR-Karine-Parras-KPweb-Perfect-Heartbeat-white-gold-diamonds.jpg","datePublished":"2026-02-09T13:02:33+00:00","breadcrumb":{"@id":"https:\/\/karineparras.com\/et\/product\/kover-perfect-heartbeat-valge-kuld\/#breadcrumb"},"inLanguage":"et","potentialAction":[{"@type":"ReadAction","target":["https:\/\/karineparras.com\/et\/product\/kover-perfect-heartbeat-valge-kuld\/"]}]},{"@type":"ImageObject","inLanguage":"et","@id":"https:\/\/karineparras.com\/et\/product\/kover-perfect-heartbeat-valge-kuld\/#primaryimage","url":"https:\/\/karineparras.com\/wp-content\/uploads\/2026\/02\/KoveR-Karine-Parras-KPweb-Perfect-Heartbeat-white-gold-diamonds.jpg","contentUrl":"https:\/\/karineparras.com\/wp-content\/uploads\/2026\/02\/KoveR-Karine-Parras-KPweb-Perfect-Heartbeat-white-gold-diamonds.jpg","width":1152,"height":1536},{"@type":"BreadcrumbList","@id":"https:\/\/karineparras.com\/et\/product\/kover-perfect-heartbeat-valge-kuld\/#breadcrumb","itemListElement":[{"@type":"ListItem","position":1,"name":"Home","item":"https:\/\/karineparras.com\/et\/karine-parras\/"},{"@type":"ListItem","position":2,"name":"Pood","item":"https:\/\/karineparras.com\/et\/pood\/"},{"@type":"ListItem","position":3,"name":"KoveR &#8220;Perfect Heartbeat&#8221; Valge Kuld"}]},{"@type":"WebSite","@id":"https:\/\/karineparras.com\/et\/#website","url":"https:\/\/karineparras.com\/et\/","name":"KARINE PARRAS","description":"","publisher":{"@id":"https:\/\/karineparras.com\/et\/#organization"},"potentialAction":[{"@type":"SearchAction","target":{"@type":"EntryPoint","urlTemplate":"https:\/\/karineparras.com\/et\/?s={search_term_string}"},"query-input":{"@type":"PropertyValueSpecification","valueRequired":true,"valueName":"search_term_string"}}],"inLanguage":"et"},{"@type":"Organization","@id":"https:\/\/karineparras.com\/et\/#organization","name":"KARINE PARRAS","url":"https:\/\/karineparras.com\/et\/","logo":{"@type":"ImageObject","inLanguage":"et","@id":"https:\/\/karineparras.com\/et\/#\/schema\/logo\/image\/","url":"https:\/\/karineparras.com\/wp-content\/uploads\/2023\/12\/logo-header.png","contentUrl":"https:\/\/karineparras.com\/wp-content\/uploads\/2023\/12\/logo-header.png","width":1000,"height":60,"caption":"KARINE PARRAS"},"image":{"@id":"https:\/\/karineparras.com\/et\/#\/schema\/logo\/image\/"},"sameAs":["https:\/\/www.facebook.com\/karineparras","https:\/\/www.instagram.com\/karineparras\/"]}]}},"_links":{"self":[{"href":"https:\/\/karineparras.com\/et\/wp-json\/wp\/v2\/product\/30023","targetHints":{"allow":["GET"]}}],"collection":[{"href":"https:\/\/karineparras.com\/et\/wp-json\/wp\/v2\/product"}],"about":[{"href":"https:\/\/karineparras.com\/et\/wp-json\/wp\/v2\/types\/product"}],"wp:featuredmedia":[{"embeddable":true,"href":"https:\/\/karineparras.com\/et\/wp-json\/wp\/v2\/media\/30020"}],"wp:attachment":[{"href":"https:\/\/karineparras.com\/et\/wp-json\/wp\/v2\/media?parent=30023"}],"wp:term":[{"taxonomy":"product_brand","embeddable":true,"href":"https:\/\/karineparras.com\/et\/wp-json\/wp\/v2\/product_brand?post=30023"},{"taxonomy":"product_cat","embeddable":true,"href":"https:\/\/karineparras.com\/et\/wp-json\/wp\/v2\/product_cat?post=30023"},{"taxonomy":"product_tag","embeddable":true,"href":"https:\/\/karineparras.com\/et\/wp-json\/wp\/v2\/product_tag?post=30023"}],"curies":[{"name":"wp","href":"https:\/\/api.w.org\/{rel}","templated":true}]}}