{"id":29775,"date":"2025-11-18T19:34:30","date_gmt":"2025-11-18T17:34:30","guid":{"rendered":"https:\/\/karineparras.com\/product\/titaan-parlid-kaelakee-reguleeritav\/"},"modified":"2026-02-12T17:27:09","modified_gmt":"2026-02-12T15:27:09","slug":"titaan-parlid-kaelakee-reguleeritav","status":"publish","type":"product","link":"https:\/\/karineparras.com\/et\/product\/titaan-parlid-kaelakee-reguleeritav\/","title":{"rendered":"Titaan &amp; P\u00e4rlid Kaelakee &#8211; Reguleeritav"},"content":{"rendered":"","protected":false},"excerpt":{"rendered":"<p>See elegantne mageveep\u00e4rlite kaelakee \u00fchendab loodusliku s\u00e4ra ja moodsad detailid. Reguleeritavad titaanist klambrid v\u00f5imaldavad kanda seda nii \u0161iki choker\u2019ina kui ka vabalt langeva ketina. N\u00e4ita ketti esile v\u00f5i hoia tagasihoidlikult minimalistlikus stiilis.<\/p>\n<ul>\n<li>18 valget mageveep\u00e4rlit<\/li>\n<li>Must niit<\/li>\n<li>Titaanist klambrid\/kinnitusdetailid<\/li>\n<\/ul>\n","protected":false},"featured_media":29777,"template":"","meta":{"_themeisle_gutenberg_block_has_review":false},"product_brand":[],"product_cat":[440,443,472,834],"product_tag":[],"class_list":{"0":"post-29775","1":"product","2":"type-product","3":"status-publish","4":"has-post-thumbnail","6":"product_cat-fine-jewellery-liinid","7":"product_cat-kaelakeed","8":"product_cat-parlid","9":"product_cat-titaan","11":"first","12":"instock","13":"shipping-taxable","14":"purchasable","15":"product-type-simple"},"yoast_head":"<!-- This site is optimized with the Yoast SEO plugin v27.3 - https:\/\/yoast.com\/product\/yoast-seo-wordpress\/ -->\n<title>Titaan &amp; P\u00e4rlid Kaelakee - Reguleeritav - KARINE PARRAS<\/title>\n<meta name=\"description\" content=\"See elegantne mageveep\u00e4rlite kaelakee \u00fchendab loodusliku s\u00e4ra ja moodsad detailid. Titaan ja p\u00e4rlite segu annab isikup\u00e4rase kaelakee - ehe igap\u00e4evaseks.\" \/>\n<meta name=\"robots\" content=\"index, follow, max-snippet:-1, max-image-preview:large, max-video-preview:-1\" \/>\n<link rel=\"canonical\" href=\"https:\/\/karineparras.com\/et\/product\/titaan-parlid-kaelakee-reguleeritav\/\" \/>\n<meta property=\"og:locale\" content=\"et_EE\" \/>\n<meta property=\"og:type\" content=\"article\" \/>\n<meta property=\"og:title\" content=\"Titaan &amp; P\u00e4rlid Kaelakee - Reguleeritav - KARINE PARRAS\" \/>\n<meta property=\"og:description\" content=\"See elegantne mageveep\u00e4rlite kaelakee \u00fchendab loodusliku s\u00e4ra ja moodsad detailid. Titaan ja p\u00e4rlite segu annab isikup\u00e4rase kaelakee - ehe igap\u00e4evaseks.\" \/>\n<meta property=\"og:url\" content=\"https:\/\/karineparras.com\/et\/product\/titaan-parlid-kaelakee-reguleeritav\/\" \/>\n<meta property=\"og:site_name\" content=\"KARINE PARRAS\" \/>\n<meta property=\"article:publisher\" content=\"https:\/\/www.facebook.com\/karineparras\" \/>\n<meta property=\"article:modified_time\" content=\"2026-02-12T15:27:09+00:00\" \/>\n<meta property=\"og:image\" content=\"https:\/\/karineparras.com\/wp-content\/uploads\/2025\/11\/KPweb-Karine-Parras-freshwater-pearl-necklace-choker-titaium-adjustable-1.jpg\" \/>\n\t<meta property=\"og:image:width\" content=\"1152\" \/>\n\t<meta property=\"og:image:height\" content=\"1536\" \/>\n\t<meta property=\"og:image:type\" content=\"image\/jpeg\" \/>\n<meta name=\"twitter:card\" content=\"summary_large_image\" \/>\n<meta name=\"twitter:label1\" content=\"Est. reading time\" \/>\n\t<meta name=\"twitter:data1\" content=\"1 minut\" \/>\n<script type=\"application\/ld+json\" class=\"yoast-schema-graph\">{\"@context\":\"https:\\\/\\\/schema.org\",\"@graph\":[{\"@type\":\"WebPage\",\"@id\":\"https:\\\/\\\/karineparras.com\\\/et\\\/product\\\/titaan-parlid-kaelakee-reguleeritav\\\/\",\"url\":\"https:\\\/\\\/karineparras.com\\\/et\\\/product\\\/titaan-parlid-kaelakee-reguleeritav\\\/\",\"name\":\"Titaan &amp; P\u00e4rlid Kaelakee - Reguleeritav - KARINE PARRAS\",\"isPartOf\":{\"@id\":\"https:\\\/\\\/karineparras.com\\\/et\\\/#website\"},\"primaryImageOfPage\":{\"@id\":\"https:\\\/\\\/karineparras.com\\\/et\\\/product\\\/titaan-parlid-kaelakee-reguleeritav\\\/#primaryimage\"},\"image\":{\"@id\":\"https:\\\/\\\/karineparras.com\\\/et\\\/product\\\/titaan-parlid-kaelakee-reguleeritav\\\/#primaryimage\"},\"thumbnailUrl\":\"https:\\\/\\\/karineparras.com\\\/wp-content\\\/uploads\\\/2025\\\/11\\\/KPweb-Karine-Parras-freshwater-pearl-necklace-choker-titaium-adjustable-1.jpg\",\"datePublished\":\"2025-11-18T17:34:30+00:00\",\"dateModified\":\"2026-02-12T15:27:09+00:00\",\"description\":\"See elegantne mageveep\u00e4rlite kaelakee \u00fchendab loodusliku s\u00e4ra ja moodsad detailid. Titaan ja p\u00e4rlite segu annab isikup\u00e4rase kaelakee - ehe igap\u00e4evaseks.\",\"breadcrumb\":{\"@id\":\"https:\\\/\\\/karineparras.com\\\/et\\\/product\\\/titaan-parlid-kaelakee-reguleeritav\\\/#breadcrumb\"},\"inLanguage\":\"et\",\"potentialAction\":[{\"@type\":\"ReadAction\",\"target\":[\"https:\\\/\\\/karineparras.com\\\/et\\\/product\\\/titaan-parlid-kaelakee-reguleeritav\\\/\"]}]},{\"@type\":\"ImageObject\",\"inLanguage\":\"et\",\"@id\":\"https:\\\/\\\/karineparras.com\\\/et\\\/product\\\/titaan-parlid-kaelakee-reguleeritav\\\/#primaryimage\",\"url\":\"https:\\\/\\\/karineparras.com\\\/wp-content\\\/uploads\\\/2025\\\/11\\\/KPweb-Karine-Parras-freshwater-pearl-necklace-choker-titaium-adjustable-1.jpg\",\"contentUrl\":\"https:\\\/\\\/karineparras.com\\\/wp-content\\\/uploads\\\/2025\\\/11\\\/KPweb-Karine-Parras-freshwater-pearl-necklace-choker-titaium-adjustable-1.jpg\",\"width\":1152,\"height\":1536},{\"@type\":\"BreadcrumbList\",\"@id\":\"https:\\\/\\\/karineparras.com\\\/et\\\/product\\\/titaan-parlid-kaelakee-reguleeritav\\\/#breadcrumb\",\"itemListElement\":[{\"@type\":\"ListItem\",\"position\":1,\"name\":\"Home\",\"item\":\"https:\\\/\\\/karineparras.com\\\/et\\\/karine-parras\\\/\"},{\"@type\":\"ListItem\",\"position\":2,\"name\":\"Pood\",\"item\":\"https:\\\/\\\/karineparras.com\\\/et\\\/pood\\\/\"},{\"@type\":\"ListItem\",\"position\":3,\"name\":\"Titaan &amp; P\u00e4rlid Kaelakee &#8211; Reguleeritav\"}]},{\"@type\":\"WebSite\",\"@id\":\"https:\\\/\\\/karineparras.com\\\/et\\\/#website\",\"url\":\"https:\\\/\\\/karineparras.com\\\/et\\\/\",\"name\":\"KARINE PARRAS\",\"description\":\"\",\"publisher\":{\"@id\":\"https:\\\/\\\/karineparras.com\\\/et\\\/#organization\"},\"potentialAction\":[{\"@type\":\"SearchAction\",\"target\":{\"@type\":\"EntryPoint\",\"urlTemplate\":\"https:\\\/\\\/karineparras.com\\\/et\\\/?s={search_term_string}\"},\"query-input\":{\"@type\":\"PropertyValueSpecification\",\"valueRequired\":true,\"valueName\":\"search_term_string\"}}],\"inLanguage\":\"et\"},{\"@type\":\"Organization\",\"@id\":\"https:\\\/\\\/karineparras.com\\\/et\\\/#organization\",\"name\":\"KARINE PARRAS\",\"url\":\"https:\\\/\\\/karineparras.com\\\/et\\\/\",\"logo\":{\"@type\":\"ImageObject\",\"inLanguage\":\"et\",\"@id\":\"https:\\\/\\\/karineparras.com\\\/et\\\/#\\\/schema\\\/logo\\\/image\\\/\",\"url\":\"https:\\\/\\\/karineparras.com\\\/wp-content\\\/uploads\\\/2023\\\/12\\\/logo-header.png\",\"contentUrl\":\"https:\\\/\\\/karineparras.com\\\/wp-content\\\/uploads\\\/2023\\\/12\\\/logo-header.png\",\"width\":1000,\"height\":60,\"caption\":\"KARINE PARRAS\"},\"image\":{\"@id\":\"https:\\\/\\\/karineparras.com\\\/et\\\/#\\\/schema\\\/logo\\\/image\\\/\"},\"sameAs\":[\"https:\\\/\\\/www.facebook.com\\\/karineparras\",\"https:\\\/\\\/www.instagram.com\\\/karineparras\\\/\"]}]}<\/script>\n<!-- \/ Yoast SEO plugin. -->","yoast_head_json":{"title":"Titaan &amp; P\u00e4rlid Kaelakee - Reguleeritav - KARINE PARRAS","description":"See elegantne mageveep\u00e4rlite kaelakee \u00fchendab loodusliku s\u00e4ra ja moodsad detailid. Titaan ja p\u00e4rlite segu annab isikup\u00e4rase kaelakee - ehe igap\u00e4evaseks.","robots":{"index":"index","follow":"follow","max-snippet":"max-snippet:-1","max-image-preview":"max-image-preview:large","max-video-preview":"max-video-preview:-1"},"canonical":"https:\/\/karineparras.com\/et\/product\/titaan-parlid-kaelakee-reguleeritav\/","og_locale":"et_EE","og_type":"article","og_title":"Titaan &amp; P\u00e4rlid Kaelakee - Reguleeritav - KARINE PARRAS","og_description":"See elegantne mageveep\u00e4rlite kaelakee \u00fchendab loodusliku s\u00e4ra ja moodsad detailid. Titaan ja p\u00e4rlite segu annab isikup\u00e4rase kaelakee - ehe igap\u00e4evaseks.","og_url":"https:\/\/karineparras.com\/et\/product\/titaan-parlid-kaelakee-reguleeritav\/","og_site_name":"KARINE PARRAS","article_publisher":"https:\/\/www.facebook.com\/karineparras","article_modified_time":"2026-02-12T15:27:09+00:00","og_image":[{"width":1152,"height":1536,"url":"https:\/\/karineparras.com\/wp-content\/uploads\/2025\/11\/KPweb-Karine-Parras-freshwater-pearl-necklace-choker-titaium-adjustable-1.jpg","type":"image\/jpeg"}],"twitter_card":"summary_large_image","twitter_misc":{"Est. reading time":"1 minut"},"schema":{"@context":"https:\/\/schema.org","@graph":[{"@type":"WebPage","@id":"https:\/\/karineparras.com\/et\/product\/titaan-parlid-kaelakee-reguleeritav\/","url":"https:\/\/karineparras.com\/et\/product\/titaan-parlid-kaelakee-reguleeritav\/","name":"Titaan &amp; P\u00e4rlid Kaelakee - Reguleeritav - KARINE PARRAS","isPartOf":{"@id":"https:\/\/karineparras.com\/et\/#website"},"primaryImageOfPage":{"@id":"https:\/\/karineparras.com\/et\/product\/titaan-parlid-kaelakee-reguleeritav\/#primaryimage"},"image":{"@id":"https:\/\/karineparras.com\/et\/product\/titaan-parlid-kaelakee-reguleeritav\/#primaryimage"},"thumbnailUrl":"https:\/\/karineparras.com\/wp-content\/uploads\/2025\/11\/KPweb-Karine-Parras-freshwater-pearl-necklace-choker-titaium-adjustable-1.jpg","datePublished":"2025-11-18T17:34:30+00:00","dateModified":"2026-02-12T15:27:09+00:00","description":"See elegantne mageveep\u00e4rlite kaelakee \u00fchendab loodusliku s\u00e4ra ja moodsad detailid. Titaan ja p\u00e4rlite segu annab isikup\u00e4rase kaelakee - ehe igap\u00e4evaseks.","breadcrumb":{"@id":"https:\/\/karineparras.com\/et\/product\/titaan-parlid-kaelakee-reguleeritav\/#breadcrumb"},"inLanguage":"et","potentialAction":[{"@type":"ReadAction","target":["https:\/\/karineparras.com\/et\/product\/titaan-parlid-kaelakee-reguleeritav\/"]}]},{"@type":"ImageObject","inLanguage":"et","@id":"https:\/\/karineparras.com\/et\/product\/titaan-parlid-kaelakee-reguleeritav\/#primaryimage","url":"https:\/\/karineparras.com\/wp-content\/uploads\/2025\/11\/KPweb-Karine-Parras-freshwater-pearl-necklace-choker-titaium-adjustable-1.jpg","contentUrl":"https:\/\/karineparras.com\/wp-content\/uploads\/2025\/11\/KPweb-Karine-Parras-freshwater-pearl-necklace-choker-titaium-adjustable-1.jpg","width":1152,"height":1536},{"@type":"BreadcrumbList","@id":"https:\/\/karineparras.com\/et\/product\/titaan-parlid-kaelakee-reguleeritav\/#breadcrumb","itemListElement":[{"@type":"ListItem","position":1,"name":"Home","item":"https:\/\/karineparras.com\/et\/karine-parras\/"},{"@type":"ListItem","position":2,"name":"Pood","item":"https:\/\/karineparras.com\/et\/pood\/"},{"@type":"ListItem","position":3,"name":"Titaan &amp; P\u00e4rlid Kaelakee &#8211; Reguleeritav"}]},{"@type":"WebSite","@id":"https:\/\/karineparras.com\/et\/#website","url":"https:\/\/karineparras.com\/et\/","name":"KARINE PARRAS","description":"","publisher":{"@id":"https:\/\/karineparras.com\/et\/#organization"},"potentialAction":[{"@type":"SearchAction","target":{"@type":"EntryPoint","urlTemplate":"https:\/\/karineparras.com\/et\/?s={search_term_string}"},"query-input":{"@type":"PropertyValueSpecification","valueRequired":true,"valueName":"search_term_string"}}],"inLanguage":"et"},{"@type":"Organization","@id":"https:\/\/karineparras.com\/et\/#organization","name":"KARINE PARRAS","url":"https:\/\/karineparras.com\/et\/","logo":{"@type":"ImageObject","inLanguage":"et","@id":"https:\/\/karineparras.com\/et\/#\/schema\/logo\/image\/","url":"https:\/\/karineparras.com\/wp-content\/uploads\/2023\/12\/logo-header.png","contentUrl":"https:\/\/karineparras.com\/wp-content\/uploads\/2023\/12\/logo-header.png","width":1000,"height":60,"caption":"KARINE PARRAS"},"image":{"@id":"https:\/\/karineparras.com\/et\/#\/schema\/logo\/image\/"},"sameAs":["https:\/\/www.facebook.com\/karineparras","https:\/\/www.instagram.com\/karineparras\/"]}]}},"_links":{"self":[{"href":"https:\/\/karineparras.com\/et\/wp-json\/wp\/v2\/product\/29775","targetHints":{"allow":["GET"]}}],"collection":[{"href":"https:\/\/karineparras.com\/et\/wp-json\/wp\/v2\/product"}],"about":[{"href":"https:\/\/karineparras.com\/et\/wp-json\/wp\/v2\/types\/product"}],"wp:featuredmedia":[{"embeddable":true,"href":"https:\/\/karineparras.com\/et\/wp-json\/wp\/v2\/media\/29777"}],"wp:attachment":[{"href":"https:\/\/karineparras.com\/et\/wp-json\/wp\/v2\/media?parent=29775"}],"wp:term":[{"taxonomy":"product_brand","embeddable":true,"href":"https:\/\/karineparras.com\/et\/wp-json\/wp\/v2\/product_brand?post=29775"},{"taxonomy":"product_cat","embeddable":true,"href":"https:\/\/karineparras.com\/et\/wp-json\/wp\/v2\/product_cat?post=29775"},{"taxonomy":"product_tag","embeddable":true,"href":"https:\/\/karineparras.com\/et\/wp-json\/wp\/v2\/product_tag?post=29775"}],"curies":[{"name":"wp","href":"https:\/\/api.w.org\/{rel}","templated":true}]}}