{"id":29189,"date":"2025-03-05T13:06:35","date_gmt":"2025-03-05T11:06:35","guid":{"rendered":"https:\/\/karineparras.com\/?post_type=product&#038;p=29189"},"modified":"2025-03-28T12:52:09","modified_gmt":"2025-03-28T10:52:09","slug":"smiley-kaelakee-kollane-kuld","status":"publish","type":"product","link":"https:\/\/karineparras.com\/et\/product\/smiley-kaelakee-kollane-kuld\/","title":{"rendered":"&#8220;Smiley&#8221; Kaelakee Kollane Kuld"},"content":{"rendered":"","protected":false},"excerpt":{"rendered":"<p data-start=\"44\" data-end=\"227\">Safiiride ja \u00f5nne koosolek. Erksad kollased safiirid kollases kuldses settingus kiirgavad soojust, energiat ja \u00f5nne.<\/p>\n<p data-start=\"229\" data-end=\"408\" data-is-last-node=\"\" data-is-only-node=\"\">Eelistad jahedamat s\u00e4ra? <strong><a href=\"\/?p=29190\">Valgest kullast versioon<\/a><\/strong> s\u00e4rab EF VS teemantidega, lisades iga sinu naeratusele erilise s\u00e4ra ja elegantsi. M\u00e4nguline ja stiilne \u2013 justkui loodud sinu s\u00e4ramiseks!<\/p>\n<ul>\n<li data-start=\"229\" data-end=\"408\">18K kollane kuld<\/li>\n<li data-start=\"229\" data-end=\"408\">Kollased safiirid<\/li>\n<\/ul>\n","protected":false},"featured_media":29177,"template":"","meta":{"_themeisle_gutenberg_block_has_review":false},"product_brand":[],"product_cat":[443],"product_tag":[],"class_list":{"0":"post-29189","1":"product","2":"type-product","3":"status-publish","4":"has-post-thumbnail","6":"product_cat-kaelakeed","8":"first","9":"instock","10":"shipping-taxable","11":"purchasable","12":"product-type-simple"},"yoast_head":"<!-- This site is optimized with the Yoast SEO plugin v27.3 - https:\/\/yoast.com\/product\/yoast-seo-wordpress\/ -->\n<title>&quot;Smiley&quot; Kaelakee Kollane Kuld - KARINE PARRAS<\/title>\n<meta name=\"description\" content=\"Safiirid k\u00e4sik\u00e4es \u00f5nnega. H\u00f5\u00f5guvad kollased safiirid, mis on asetatud kollasesse kulda. Kaelakee, mis lausa kiirgab energiat, soojust ja r\u00f5\u00f5mu.\" \/>\n<meta name=\"robots\" content=\"index, follow, max-snippet:-1, max-image-preview:large, max-video-preview:-1\" \/>\n<link rel=\"canonical\" href=\"https:\/\/karineparras.com\/et\/product\/smiley-kaelakee-kollane-kuld\/\" \/>\n<meta property=\"og:locale\" content=\"et_EE\" \/>\n<meta property=\"og:type\" content=\"article\" \/>\n<meta property=\"og:title\" content=\"&quot;Smiley&quot; Kaelakee Kollane Kuld - KARINE PARRAS\" \/>\n<meta property=\"og:description\" content=\"Safiirid k\u00e4sik\u00e4es \u00f5nnega. H\u00f5\u00f5guvad kollased safiirid, mis on asetatud kollasesse kulda. Kaelakee, mis lausa kiirgab energiat, soojust ja r\u00f5\u00f5mu.\" \/>\n<meta property=\"og:url\" content=\"https:\/\/karineparras.com\/et\/product\/smiley-kaelakee-kollane-kuld\/\" \/>\n<meta property=\"og:site_name\" content=\"KARINE PARRAS\" \/>\n<meta property=\"article:publisher\" content=\"https:\/\/www.facebook.com\/karineparras\" \/>\n<meta property=\"article:modified_time\" content=\"2025-03-28T10:52:09+00:00\" \/>\n<meta property=\"og:image\" content=\"https:\/\/karineparras.com\/wp-content\/uploads\/2025\/03\/KPweb_smiley-face-necklace-yellow-gold-yg.jpg\" \/>\n\t<meta property=\"og:image:width\" content=\"1152\" \/>\n\t<meta property=\"og:image:height\" content=\"1536\" \/>\n\t<meta property=\"og:image:type\" content=\"image\/jpeg\" \/>\n<meta name=\"twitter:card\" content=\"summary_large_image\" \/>\n<meta name=\"twitter:label1\" content=\"Est. reading time\" \/>\n\t<meta name=\"twitter:data1\" content=\"1 minut\" \/>\n<script type=\"application\/ld+json\" class=\"yoast-schema-graph\">{\"@context\":\"https:\\\/\\\/schema.org\",\"@graph\":[{\"@type\":\"WebPage\",\"@id\":\"https:\\\/\\\/karineparras.com\\\/et\\\/product\\\/smiley-kaelakee-kollane-kuld\\\/\",\"url\":\"https:\\\/\\\/karineparras.com\\\/et\\\/product\\\/smiley-kaelakee-kollane-kuld\\\/\",\"name\":\"\\\"Smiley\\\" Kaelakee Kollane Kuld - KARINE PARRAS\",\"isPartOf\":{\"@id\":\"https:\\\/\\\/karineparras.com\\\/et\\\/#website\"},\"primaryImageOfPage\":{\"@id\":\"https:\\\/\\\/karineparras.com\\\/et\\\/product\\\/smiley-kaelakee-kollane-kuld\\\/#primaryimage\"},\"image\":{\"@id\":\"https:\\\/\\\/karineparras.com\\\/et\\\/product\\\/smiley-kaelakee-kollane-kuld\\\/#primaryimage\"},\"thumbnailUrl\":\"https:\\\/\\\/karineparras.com\\\/wp-content\\\/uploads\\\/2025\\\/03\\\/KPweb_smiley-face-necklace-yellow-gold-yg.jpg\",\"datePublished\":\"2025-03-05T11:06:35+00:00\",\"dateModified\":\"2025-03-28T10:52:09+00:00\",\"description\":\"Safiirid k\u00e4sik\u00e4es \u00f5nnega. H\u00f5\u00f5guvad kollased safiirid, mis on asetatud kollasesse kulda. Kaelakee, mis lausa kiirgab energiat, soojust ja r\u00f5\u00f5mu.\",\"breadcrumb\":{\"@id\":\"https:\\\/\\\/karineparras.com\\\/et\\\/product\\\/smiley-kaelakee-kollane-kuld\\\/#breadcrumb\"},\"inLanguage\":\"et\",\"potentialAction\":[{\"@type\":\"ReadAction\",\"target\":[\"https:\\\/\\\/karineparras.com\\\/et\\\/product\\\/smiley-kaelakee-kollane-kuld\\\/\"]}]},{\"@type\":\"ImageObject\",\"inLanguage\":\"et\",\"@id\":\"https:\\\/\\\/karineparras.com\\\/et\\\/product\\\/smiley-kaelakee-kollane-kuld\\\/#primaryimage\",\"url\":\"https:\\\/\\\/karineparras.com\\\/wp-content\\\/uploads\\\/2025\\\/03\\\/KPweb_smiley-face-necklace-yellow-gold-yg.jpg\",\"contentUrl\":\"https:\\\/\\\/karineparras.com\\\/wp-content\\\/uploads\\\/2025\\\/03\\\/KPweb_smiley-face-necklace-yellow-gold-yg.jpg\",\"width\":1152,\"height\":1536,\"caption\":\"Smiley Necklace in Yellow Gold\"},{\"@type\":\"BreadcrumbList\",\"@id\":\"https:\\\/\\\/karineparras.com\\\/et\\\/product\\\/smiley-kaelakee-kollane-kuld\\\/#breadcrumb\",\"itemListElement\":[{\"@type\":\"ListItem\",\"position\":1,\"name\":\"Home\",\"item\":\"https:\\\/\\\/karineparras.com\\\/et\\\/karine-parras\\\/\"},{\"@type\":\"ListItem\",\"position\":2,\"name\":\"Pood\",\"item\":\"https:\\\/\\\/karineparras.com\\\/et\\\/pood\\\/\"},{\"@type\":\"ListItem\",\"position\":3,\"name\":\"&#8220;Smiley&#8221; Kaelakee Kollane Kuld\"}]},{\"@type\":\"WebSite\",\"@id\":\"https:\\\/\\\/karineparras.com\\\/et\\\/#website\",\"url\":\"https:\\\/\\\/karineparras.com\\\/et\\\/\",\"name\":\"KARINE PARRAS\",\"description\":\"\",\"publisher\":{\"@id\":\"https:\\\/\\\/karineparras.com\\\/et\\\/#organization\"},\"potentialAction\":[{\"@type\":\"SearchAction\",\"target\":{\"@type\":\"EntryPoint\",\"urlTemplate\":\"https:\\\/\\\/karineparras.com\\\/et\\\/?s={search_term_string}\"},\"query-input\":{\"@type\":\"PropertyValueSpecification\",\"valueRequired\":true,\"valueName\":\"search_term_string\"}}],\"inLanguage\":\"et\"},{\"@type\":\"Organization\",\"@id\":\"https:\\\/\\\/karineparras.com\\\/et\\\/#organization\",\"name\":\"KARINE PARRAS\",\"url\":\"https:\\\/\\\/karineparras.com\\\/et\\\/\",\"logo\":{\"@type\":\"ImageObject\",\"inLanguage\":\"et\",\"@id\":\"https:\\\/\\\/karineparras.com\\\/et\\\/#\\\/schema\\\/logo\\\/image\\\/\",\"url\":\"https:\\\/\\\/karineparras.com\\\/wp-content\\\/uploads\\\/2023\\\/12\\\/logo-header.png\",\"contentUrl\":\"https:\\\/\\\/karineparras.com\\\/wp-content\\\/uploads\\\/2023\\\/12\\\/logo-header.png\",\"width\":1000,\"height\":60,\"caption\":\"KARINE PARRAS\"},\"image\":{\"@id\":\"https:\\\/\\\/karineparras.com\\\/et\\\/#\\\/schema\\\/logo\\\/image\\\/\"},\"sameAs\":[\"https:\\\/\\\/www.facebook.com\\\/karineparras\",\"https:\\\/\\\/www.instagram.com\\\/karineparras\\\/\"]}]}<\/script>\n<!-- \/ Yoast SEO plugin. -->","yoast_head_json":{"title":"\"Smiley\" Kaelakee Kollane Kuld - KARINE PARRAS","description":"Safiirid k\u00e4sik\u00e4es \u00f5nnega. H\u00f5\u00f5guvad kollased safiirid, mis on asetatud kollasesse kulda. Kaelakee, mis lausa kiirgab energiat, soojust ja r\u00f5\u00f5mu.","robots":{"index":"index","follow":"follow","max-snippet":"max-snippet:-1","max-image-preview":"max-image-preview:large","max-video-preview":"max-video-preview:-1"},"canonical":"https:\/\/karineparras.com\/et\/product\/smiley-kaelakee-kollane-kuld\/","og_locale":"et_EE","og_type":"article","og_title":"\"Smiley\" Kaelakee Kollane Kuld - KARINE PARRAS","og_description":"Safiirid k\u00e4sik\u00e4es \u00f5nnega. H\u00f5\u00f5guvad kollased safiirid, mis on asetatud kollasesse kulda. Kaelakee, mis lausa kiirgab energiat, soojust ja r\u00f5\u00f5mu.","og_url":"https:\/\/karineparras.com\/et\/product\/smiley-kaelakee-kollane-kuld\/","og_site_name":"KARINE PARRAS","article_publisher":"https:\/\/www.facebook.com\/karineparras","article_modified_time":"2025-03-28T10:52:09+00:00","og_image":[{"width":1152,"height":1536,"url":"https:\/\/karineparras.com\/wp-content\/uploads\/2025\/03\/KPweb_smiley-face-necklace-yellow-gold-yg.jpg","type":"image\/jpeg"}],"twitter_card":"summary_large_image","twitter_misc":{"Est. reading time":"1 minut"},"schema":{"@context":"https:\/\/schema.org","@graph":[{"@type":"WebPage","@id":"https:\/\/karineparras.com\/et\/product\/smiley-kaelakee-kollane-kuld\/","url":"https:\/\/karineparras.com\/et\/product\/smiley-kaelakee-kollane-kuld\/","name":"\"Smiley\" Kaelakee Kollane Kuld - KARINE PARRAS","isPartOf":{"@id":"https:\/\/karineparras.com\/et\/#website"},"primaryImageOfPage":{"@id":"https:\/\/karineparras.com\/et\/product\/smiley-kaelakee-kollane-kuld\/#primaryimage"},"image":{"@id":"https:\/\/karineparras.com\/et\/product\/smiley-kaelakee-kollane-kuld\/#primaryimage"},"thumbnailUrl":"https:\/\/karineparras.com\/wp-content\/uploads\/2025\/03\/KPweb_smiley-face-necklace-yellow-gold-yg.jpg","datePublished":"2025-03-05T11:06:35+00:00","dateModified":"2025-03-28T10:52:09+00:00","description":"Safiirid k\u00e4sik\u00e4es \u00f5nnega. H\u00f5\u00f5guvad kollased safiirid, mis on asetatud kollasesse kulda. Kaelakee, mis lausa kiirgab energiat, soojust ja r\u00f5\u00f5mu.","breadcrumb":{"@id":"https:\/\/karineparras.com\/et\/product\/smiley-kaelakee-kollane-kuld\/#breadcrumb"},"inLanguage":"et","potentialAction":[{"@type":"ReadAction","target":["https:\/\/karineparras.com\/et\/product\/smiley-kaelakee-kollane-kuld\/"]}]},{"@type":"ImageObject","inLanguage":"et","@id":"https:\/\/karineparras.com\/et\/product\/smiley-kaelakee-kollane-kuld\/#primaryimage","url":"https:\/\/karineparras.com\/wp-content\/uploads\/2025\/03\/KPweb_smiley-face-necklace-yellow-gold-yg.jpg","contentUrl":"https:\/\/karineparras.com\/wp-content\/uploads\/2025\/03\/KPweb_smiley-face-necklace-yellow-gold-yg.jpg","width":1152,"height":1536,"caption":"Smiley Necklace in Yellow Gold"},{"@type":"BreadcrumbList","@id":"https:\/\/karineparras.com\/et\/product\/smiley-kaelakee-kollane-kuld\/#breadcrumb","itemListElement":[{"@type":"ListItem","position":1,"name":"Home","item":"https:\/\/karineparras.com\/et\/karine-parras\/"},{"@type":"ListItem","position":2,"name":"Pood","item":"https:\/\/karineparras.com\/et\/pood\/"},{"@type":"ListItem","position":3,"name":"&#8220;Smiley&#8221; Kaelakee Kollane Kuld"}]},{"@type":"WebSite","@id":"https:\/\/karineparras.com\/et\/#website","url":"https:\/\/karineparras.com\/et\/","name":"KARINE PARRAS","description":"","publisher":{"@id":"https:\/\/karineparras.com\/et\/#organization"},"potentialAction":[{"@type":"SearchAction","target":{"@type":"EntryPoint","urlTemplate":"https:\/\/karineparras.com\/et\/?s={search_term_string}"},"query-input":{"@type":"PropertyValueSpecification","valueRequired":true,"valueName":"search_term_string"}}],"inLanguage":"et"},{"@type":"Organization","@id":"https:\/\/karineparras.com\/et\/#organization","name":"KARINE PARRAS","url":"https:\/\/karineparras.com\/et\/","logo":{"@type":"ImageObject","inLanguage":"et","@id":"https:\/\/karineparras.com\/et\/#\/schema\/logo\/image\/","url":"https:\/\/karineparras.com\/wp-content\/uploads\/2023\/12\/logo-header.png","contentUrl":"https:\/\/karineparras.com\/wp-content\/uploads\/2023\/12\/logo-header.png","width":1000,"height":60,"caption":"KARINE PARRAS"},"image":{"@id":"https:\/\/karineparras.com\/et\/#\/schema\/logo\/image\/"},"sameAs":["https:\/\/www.facebook.com\/karineparras","https:\/\/www.instagram.com\/karineparras\/"]}]}},"_links":{"self":[{"href":"https:\/\/karineparras.com\/et\/wp-json\/wp\/v2\/product\/29189","targetHints":{"allow":["GET"]}}],"collection":[{"href":"https:\/\/karineparras.com\/et\/wp-json\/wp\/v2\/product"}],"about":[{"href":"https:\/\/karineparras.com\/et\/wp-json\/wp\/v2\/types\/product"}],"wp:featuredmedia":[{"embeddable":true,"href":"https:\/\/karineparras.com\/et\/wp-json\/wp\/v2\/media\/29177"}],"wp:attachment":[{"href":"https:\/\/karineparras.com\/et\/wp-json\/wp\/v2\/media?parent=29189"}],"wp:term":[{"taxonomy":"product_brand","embeddable":true,"href":"https:\/\/karineparras.com\/et\/wp-json\/wp\/v2\/product_brand?post=29189"},{"taxonomy":"product_cat","embeddable":true,"href":"https:\/\/karineparras.com\/et\/wp-json\/wp\/v2\/product_cat?post=29189"},{"taxonomy":"product_tag","embeddable":true,"href":"https:\/\/karineparras.com\/et\/wp-json\/wp\/v2\/product_tag?post=29189"}],"curies":[{"name":"wp","href":"https:\/\/api.w.org\/{rel}","templated":true}]}}