{"id":29080,"date":"2024-12-18T13:55:23","date_gmt":"2024-12-18T11:55:23","guid":{"rendered":"https:\/\/karineparras.com\/?post_type=product&#038;p=29080"},"modified":"2025-03-28T12:42:03","modified_gmt":"2025-03-28T10:42:03","slug":"paperclip-suur-teemantitega-valge-kuld","status":"publish","type":"product","link":"https:\/\/karineparras.com\/et\/product\/paperclip-suur-teemantitega-valge-kuld\/","title":{"rendered":"\u201cPaperclip\u201d Teemandid Valge Kuld \u2013 Suur"},"content":{"rendered":"","protected":false},"excerpt":{"rendered":"<p><a href=\"https:\/\/karineparras.com\/product-category\/fine-jewellery-lines\/paperclip\/\">PAPERCLIP<\/a><\/p>\n<p>Teemantidega kaunistatud pool ja klaar valgest kullast viimistlus teisel pool muudavad selle kirjaklambri stiilseks ja mitmek\u00fclgseks aksessuaariks. Seda saab kanda \u00fcksinda, kinnitada kaelakeele v\u00f5i segada meie titaanist kirjaklambritega isikup\u00e4rase v\u00e4limuse loomiseks. <\/p>\n<ul>\n<li>18K valge kuld<\/li>\n<li>0.90 ctw EF VS teemandid<\/li>\n<li>8&#215;40 mm<\/li>\n<\/ul>\n","protected":false},"featured_media":29046,"template":"","meta":{"_themeisle_gutenberg_block_has_review":false},"product_brand":[],"product_cat":[440,830],"product_tag":[],"class_list":{"0":"post-29080","1":"product","2":"type-product","3":"status-publish","4":"has-post-thumbnail","6":"product_cat-fine-jewellery-liinid","7":"product_cat-paperclip-et","9":"first","10":"instock","11":"shipping-taxable","12":"purchasable","13":"product-type-simple"},"yoast_head":"<!-- This site is optimized with the Yoast SEO plugin v27.3 - https:\/\/yoast.com\/product\/yoast-seo-wordpress\/ -->\n<title>\u201cPaperclip\u201d Teemandid Valge Kuld \u2013 Suur - KARINE PARRAS<\/title>\n<meta name=\"robots\" content=\"index, follow, max-snippet:-1, max-image-preview:large, max-video-preview:-1\" \/>\n<link rel=\"canonical\" href=\"https:\/\/karineparras.com\/et\/product\/paperclip-suur-teemantitega-valge-kuld\/\" \/>\n<meta property=\"og:locale\" content=\"et_EE\" \/>\n<meta property=\"og:type\" content=\"article\" \/>\n<meta property=\"og:title\" content=\"\u201cPaperclip\u201d Teemandid Valge Kuld \u2013 Suur - KARINE PARRAS\" \/>\n<meta property=\"og:description\" content=\"PAPERCLIP Teemantidega kaunistatud pool ja klaar valgest kullast viimistlus teisel pool muudavad selle kirjaklambri stiilseks ja mitmek\u00fclgseks aksessuaariks. Seda saab kanda \u00fcksinda, kinnitada kaelakeele v\u00f5i segada meie titaanist kirjaklambritega isikup\u00e4rase v\u00e4limuse loomiseks.   18K valge kuld  0.90 ctw EF VS teemandid  8x40 mm\" \/>\n<meta property=\"og:url\" content=\"https:\/\/karineparras.com\/et\/product\/paperclip-suur-teemantitega-valge-kuld\/\" \/>\n<meta property=\"og:site_name\" content=\"KARINE PARRAS\" \/>\n<meta property=\"article:publisher\" content=\"https:\/\/www.facebook.com\/karineparras\" \/>\n<meta property=\"article:modified_time\" content=\"2025-03-28T10:42:03+00:00\" \/>\n<meta property=\"og:image\" content=\"https:\/\/karineparras.com\/wp-content\/uploads\/2024\/12\/KPweb-paperclip-in-white-gold-single-diamond-wg-L.jpg\" \/>\n\t<meta property=\"og:image:width\" content=\"1152\" \/>\n\t<meta property=\"og:image:height\" content=\"1536\" \/>\n\t<meta property=\"og:image:type\" content=\"image\/jpeg\" \/>\n<meta name=\"twitter:card\" content=\"summary_large_image\" \/>\n<script type=\"application\/ld+json\" class=\"yoast-schema-graph\">{\"@context\":\"https:\\\/\\\/schema.org\",\"@graph\":[{\"@type\":\"WebPage\",\"@id\":\"https:\\\/\\\/karineparras.com\\\/et\\\/product\\\/paperclip-suur-teemantitega-valge-kuld\\\/\",\"url\":\"https:\\\/\\\/karineparras.com\\\/et\\\/product\\\/paperclip-suur-teemantitega-valge-kuld\\\/\",\"name\":\"\u201cPaperclip\u201d Teemandid Valge Kuld \u2013 Suur - KARINE PARRAS\",\"isPartOf\":{\"@id\":\"https:\\\/\\\/karineparras.com\\\/et\\\/#website\"},\"primaryImageOfPage\":{\"@id\":\"https:\\\/\\\/karineparras.com\\\/et\\\/product\\\/paperclip-suur-teemantitega-valge-kuld\\\/#primaryimage\"},\"image\":{\"@id\":\"https:\\\/\\\/karineparras.com\\\/et\\\/product\\\/paperclip-suur-teemantitega-valge-kuld\\\/#primaryimage\"},\"thumbnailUrl\":\"https:\\\/\\\/karineparras.com\\\/wp-content\\\/uploads\\\/2024\\\/12\\\/KPweb-paperclip-in-white-gold-single-diamond-wg-L.jpg\",\"datePublished\":\"2024-12-18T11:55:23+00:00\",\"dateModified\":\"2025-03-28T10:42:03+00:00\",\"breadcrumb\":{\"@id\":\"https:\\\/\\\/karineparras.com\\\/et\\\/product\\\/paperclip-suur-teemantitega-valge-kuld\\\/#breadcrumb\"},\"inLanguage\":\"et\",\"potentialAction\":[{\"@type\":\"ReadAction\",\"target\":[\"https:\\\/\\\/karineparras.com\\\/et\\\/product\\\/paperclip-suur-teemantitega-valge-kuld\\\/\"]}]},{\"@type\":\"ImageObject\",\"inLanguage\":\"et\",\"@id\":\"https:\\\/\\\/karineparras.com\\\/et\\\/product\\\/paperclip-suur-teemantitega-valge-kuld\\\/#primaryimage\",\"url\":\"https:\\\/\\\/karineparras.com\\\/wp-content\\\/uploads\\\/2024\\\/12\\\/KPweb-paperclip-in-white-gold-single-diamond-wg-L.jpg\",\"contentUrl\":\"https:\\\/\\\/karineparras.com\\\/wp-content\\\/uploads\\\/2024\\\/12\\\/KPweb-paperclip-in-white-gold-single-diamond-wg-L.jpg\",\"width\":1152,\"height\":1536},{\"@type\":\"BreadcrumbList\",\"@id\":\"https:\\\/\\\/karineparras.com\\\/et\\\/product\\\/paperclip-suur-teemantitega-valge-kuld\\\/#breadcrumb\",\"itemListElement\":[{\"@type\":\"ListItem\",\"position\":1,\"name\":\"Home\",\"item\":\"https:\\\/\\\/karineparras.com\\\/et\\\/karine-parras\\\/\"},{\"@type\":\"ListItem\",\"position\":2,\"name\":\"Pood\",\"item\":\"https:\\\/\\\/karineparras.com\\\/et\\\/pood\\\/\"},{\"@type\":\"ListItem\",\"position\":3,\"name\":\"\u201cPaperclip\u201d Teemandid Valge Kuld \u2013 Suur\"}]},{\"@type\":\"WebSite\",\"@id\":\"https:\\\/\\\/karineparras.com\\\/et\\\/#website\",\"url\":\"https:\\\/\\\/karineparras.com\\\/et\\\/\",\"name\":\"KARINE PARRAS\",\"description\":\"\",\"publisher\":{\"@id\":\"https:\\\/\\\/karineparras.com\\\/et\\\/#organization\"},\"potentialAction\":[{\"@type\":\"SearchAction\",\"target\":{\"@type\":\"EntryPoint\",\"urlTemplate\":\"https:\\\/\\\/karineparras.com\\\/et\\\/?s={search_term_string}\"},\"query-input\":{\"@type\":\"PropertyValueSpecification\",\"valueRequired\":true,\"valueName\":\"search_term_string\"}}],\"inLanguage\":\"et\"},{\"@type\":\"Organization\",\"@id\":\"https:\\\/\\\/karineparras.com\\\/et\\\/#organization\",\"name\":\"KARINE PARRAS\",\"url\":\"https:\\\/\\\/karineparras.com\\\/et\\\/\",\"logo\":{\"@type\":\"ImageObject\",\"inLanguage\":\"et\",\"@id\":\"https:\\\/\\\/karineparras.com\\\/et\\\/#\\\/schema\\\/logo\\\/image\\\/\",\"url\":\"https:\\\/\\\/karineparras.com\\\/wp-content\\\/uploads\\\/2023\\\/12\\\/logo-header.png\",\"contentUrl\":\"https:\\\/\\\/karineparras.com\\\/wp-content\\\/uploads\\\/2023\\\/12\\\/logo-header.png\",\"width\":1000,\"height\":60,\"caption\":\"KARINE PARRAS\"},\"image\":{\"@id\":\"https:\\\/\\\/karineparras.com\\\/et\\\/#\\\/schema\\\/logo\\\/image\\\/\"},\"sameAs\":[\"https:\\\/\\\/www.facebook.com\\\/karineparras\",\"https:\\\/\\\/www.instagram.com\\\/karineparras\\\/\"]}]}<\/script>\n<!-- \/ Yoast SEO plugin. -->","yoast_head_json":{"title":"\u201cPaperclip\u201d Teemandid Valge Kuld \u2013 Suur - KARINE PARRAS","robots":{"index":"index","follow":"follow","max-snippet":"max-snippet:-1","max-image-preview":"max-image-preview:large","max-video-preview":"max-video-preview:-1"},"canonical":"https:\/\/karineparras.com\/et\/product\/paperclip-suur-teemantitega-valge-kuld\/","og_locale":"et_EE","og_type":"article","og_title":"\u201cPaperclip\u201d Teemandid Valge Kuld \u2013 Suur - KARINE PARRAS","og_description":"PAPERCLIP Teemantidega kaunistatud pool ja klaar valgest kullast viimistlus teisel pool muudavad selle kirjaklambri stiilseks ja mitmek\u00fclgseks aksessuaariks. Seda saab kanda \u00fcksinda, kinnitada kaelakeele v\u00f5i segada meie titaanist kirjaklambritega isikup\u00e4rase v\u00e4limuse loomiseks.   18K valge kuld  0.90 ctw EF VS teemandid  8x40 mm","og_url":"https:\/\/karineparras.com\/et\/product\/paperclip-suur-teemantitega-valge-kuld\/","og_site_name":"KARINE PARRAS","article_publisher":"https:\/\/www.facebook.com\/karineparras","article_modified_time":"2025-03-28T10:42:03+00:00","og_image":[{"width":1152,"height":1536,"url":"https:\/\/karineparras.com\/wp-content\/uploads\/2024\/12\/KPweb-paperclip-in-white-gold-single-diamond-wg-L.jpg","type":"image\/jpeg"}],"twitter_card":"summary_large_image","schema":{"@context":"https:\/\/schema.org","@graph":[{"@type":"WebPage","@id":"https:\/\/karineparras.com\/et\/product\/paperclip-suur-teemantitega-valge-kuld\/","url":"https:\/\/karineparras.com\/et\/product\/paperclip-suur-teemantitega-valge-kuld\/","name":"\u201cPaperclip\u201d Teemandid Valge Kuld \u2013 Suur - KARINE PARRAS","isPartOf":{"@id":"https:\/\/karineparras.com\/et\/#website"},"primaryImageOfPage":{"@id":"https:\/\/karineparras.com\/et\/product\/paperclip-suur-teemantitega-valge-kuld\/#primaryimage"},"image":{"@id":"https:\/\/karineparras.com\/et\/product\/paperclip-suur-teemantitega-valge-kuld\/#primaryimage"},"thumbnailUrl":"https:\/\/karineparras.com\/wp-content\/uploads\/2024\/12\/KPweb-paperclip-in-white-gold-single-diamond-wg-L.jpg","datePublished":"2024-12-18T11:55:23+00:00","dateModified":"2025-03-28T10:42:03+00:00","breadcrumb":{"@id":"https:\/\/karineparras.com\/et\/product\/paperclip-suur-teemantitega-valge-kuld\/#breadcrumb"},"inLanguage":"et","potentialAction":[{"@type":"ReadAction","target":["https:\/\/karineparras.com\/et\/product\/paperclip-suur-teemantitega-valge-kuld\/"]}]},{"@type":"ImageObject","inLanguage":"et","@id":"https:\/\/karineparras.com\/et\/product\/paperclip-suur-teemantitega-valge-kuld\/#primaryimage","url":"https:\/\/karineparras.com\/wp-content\/uploads\/2024\/12\/KPweb-paperclip-in-white-gold-single-diamond-wg-L.jpg","contentUrl":"https:\/\/karineparras.com\/wp-content\/uploads\/2024\/12\/KPweb-paperclip-in-white-gold-single-diamond-wg-L.jpg","width":1152,"height":1536},{"@type":"BreadcrumbList","@id":"https:\/\/karineparras.com\/et\/product\/paperclip-suur-teemantitega-valge-kuld\/#breadcrumb","itemListElement":[{"@type":"ListItem","position":1,"name":"Home","item":"https:\/\/karineparras.com\/et\/karine-parras\/"},{"@type":"ListItem","position":2,"name":"Pood","item":"https:\/\/karineparras.com\/et\/pood\/"},{"@type":"ListItem","position":3,"name":"\u201cPaperclip\u201d Teemandid Valge Kuld \u2013 Suur"}]},{"@type":"WebSite","@id":"https:\/\/karineparras.com\/et\/#website","url":"https:\/\/karineparras.com\/et\/","name":"KARINE PARRAS","description":"","publisher":{"@id":"https:\/\/karineparras.com\/et\/#organization"},"potentialAction":[{"@type":"SearchAction","target":{"@type":"EntryPoint","urlTemplate":"https:\/\/karineparras.com\/et\/?s={search_term_string}"},"query-input":{"@type":"PropertyValueSpecification","valueRequired":true,"valueName":"search_term_string"}}],"inLanguage":"et"},{"@type":"Organization","@id":"https:\/\/karineparras.com\/et\/#organization","name":"KARINE PARRAS","url":"https:\/\/karineparras.com\/et\/","logo":{"@type":"ImageObject","inLanguage":"et","@id":"https:\/\/karineparras.com\/et\/#\/schema\/logo\/image\/","url":"https:\/\/karineparras.com\/wp-content\/uploads\/2023\/12\/logo-header.png","contentUrl":"https:\/\/karineparras.com\/wp-content\/uploads\/2023\/12\/logo-header.png","width":1000,"height":60,"caption":"KARINE PARRAS"},"image":{"@id":"https:\/\/karineparras.com\/et\/#\/schema\/logo\/image\/"},"sameAs":["https:\/\/www.facebook.com\/karineparras","https:\/\/www.instagram.com\/karineparras\/"]}]}},"_links":{"self":[{"href":"https:\/\/karineparras.com\/et\/wp-json\/wp\/v2\/product\/29080","targetHints":{"allow":["GET"]}}],"collection":[{"href":"https:\/\/karineparras.com\/et\/wp-json\/wp\/v2\/product"}],"about":[{"href":"https:\/\/karineparras.com\/et\/wp-json\/wp\/v2\/types\/product"}],"wp:featuredmedia":[{"embeddable":true,"href":"https:\/\/karineparras.com\/et\/wp-json\/wp\/v2\/media\/29046"}],"wp:attachment":[{"href":"https:\/\/karineparras.com\/et\/wp-json\/wp\/v2\/media?parent=29080"}],"wp:term":[{"taxonomy":"product_brand","embeddable":true,"href":"https:\/\/karineparras.com\/et\/wp-json\/wp\/v2\/product_brand?post=29080"},{"taxonomy":"product_cat","embeddable":true,"href":"https:\/\/karineparras.com\/et\/wp-json\/wp\/v2\/product_cat?post=29080"},{"taxonomy":"product_tag","embeddable":true,"href":"https:\/\/karineparras.com\/et\/wp-json\/wp\/v2\/product_tag?post=29080"}],"curies":[{"name":"wp","href":"https:\/\/api.w.org\/{rel}","templated":true}]}}