{"id":29040,"date":"2024-12-18T16:03:06","date_gmt":"2024-12-18T14:03:06","guid":{"rendered":"https:\/\/karineparras.com\/?post_type=product&#038;p=29040"},"modified":"2025-03-28T12:40:50","modified_gmt":"2025-03-28T10:40:50","slug":"paperclip-kaelakee-teemant-kirjaklamber-valge-kuld","status":"publish","type":"product","link":"https:\/\/karineparras.com\/et\/product\/paperclip-kaelakee-teemant-kirjaklamber-valge-kuld\/","title":{"rendered":"&#8220;Paperclip&#8221; Combo Kaelakee Titaan &amp; Teemandid Valge Kuld"},"content":{"rendered":"","protected":false},"excerpt":{"rendered":"<p><a href=\"https:\/\/karineparras.com\/product-category\/fine-jewellery-lines\/paperclip\/\">PAPERCLIP<\/a><\/p>\n<p>See stiilne ja reguleeritav kaelakee kombinatsioon koosneb titaan kirjaklambritest ja valgest kullast kirjaklambrist. Kullast kirjaklambril on teemandid \u00fchel k\u00fcljel. Kirjaklamber stiilis lingid pakuvad v\u00f5imalust pikkust reguleerida v\u00f5i kaelakee \u00fcmber k\u00e4e kanda k\u00e4ev\u00f5runa. Mitmek\u00fclgne ja kaasaegne ehe, mis \u00fcllatavalt sobib iga stiiliga.  <\/p>\n<ul>\n<li>18K valge kuld<\/li>\n<li>0.90 ctw teemandid<\/li>\n<li>Titaan<\/li>\n<\/ul>\n<p>*Hind sisaldab 18 titaanist kirjaklambrit ja valgest kullast suurt teemantkirjaklambrit.<\/p>\n","protected":false},"featured_media":29002,"template":"","meta":{"_themeisle_gutenberg_block_has_review":false},"product_brand":[],"product_cat":[440,443,830],"product_tag":[],"class_list":{"0":"post-29040","1":"product","2":"type-product","3":"status-publish","4":"has-post-thumbnail","6":"product_cat-fine-jewellery-liinid","7":"product_cat-kaelakeed","8":"product_cat-paperclip-et","10":"first","11":"instock","12":"shipping-taxable","13":"purchasable","14":"product-type-simple"},"yoast_head":"<!-- This site is optimized with the Yoast SEO plugin v27.3 - https:\/\/yoast.com\/product\/yoast-seo-wordpress\/ -->\n<title>&quot;Paperclip&quot; Combo Kaelakee Titaan &amp; Teemandid Valge Kuld - KARINE PARRAS<\/title>\n<meta name=\"description\" content=\"Elegantne, reguleeritav kaelakee koos titaan kirjaklambritega. Millest \u00fcks on 18-karaadisest valgest kullast kirjaklamber, mida kaunistavad teemandid.\" \/>\n<meta name=\"robots\" content=\"index, follow, max-snippet:-1, max-image-preview:large, max-video-preview:-1\" \/>\n<link rel=\"canonical\" href=\"https:\/\/karineparras.com\/et\/product\/paperclip-kaelakee-teemant-kirjaklamber-valge-kuld\/\" \/>\n<meta property=\"og:locale\" content=\"et_EE\" \/>\n<meta property=\"og:type\" content=\"article\" \/>\n<meta property=\"og:title\" content=\"&quot;Paperclip&quot; Combo Kaelakee Titaan &amp; Teemandid Valge Kuld - KARINE PARRAS\" \/>\n<meta property=\"og:description\" content=\"Elegantne, reguleeritav kaelakee koos titaan kirjaklambritega. Millest \u00fcks on 18-karaadisest valgest kullast kirjaklamber, mida kaunistavad teemandid.\" \/>\n<meta property=\"og:url\" content=\"https:\/\/karineparras.com\/et\/product\/paperclip-kaelakee-teemant-kirjaklamber-valge-kuld\/\" \/>\n<meta property=\"og:site_name\" content=\"KARINE PARRAS\" \/>\n<meta property=\"article:publisher\" content=\"https:\/\/www.facebook.com\/karineparras\" \/>\n<meta property=\"article:modified_time\" content=\"2025-03-28T10:40:50+00:00\" \/>\n<meta property=\"og:image\" content=\"https:\/\/karineparras.com\/wp-content\/uploads\/2024\/12\/KPweb-paperclip-necklace-pendant-diamond-wg-white-gold.jpg\" \/>\n\t<meta property=\"og:image:width\" content=\"1152\" \/>\n\t<meta property=\"og:image:height\" content=\"1536\" \/>\n\t<meta property=\"og:image:type\" content=\"image\/jpeg\" \/>\n<meta name=\"twitter:card\" content=\"summary_large_image\" \/>\n<script type=\"application\/ld+json\" class=\"yoast-schema-graph\">{\"@context\":\"https:\\\/\\\/schema.org\",\"@graph\":[{\"@type\":\"WebPage\",\"@id\":\"https:\\\/\\\/karineparras.com\\\/et\\\/product\\\/paperclip-kaelakee-teemant-kirjaklamber-valge-kuld\\\/\",\"url\":\"https:\\\/\\\/karineparras.com\\\/et\\\/product\\\/paperclip-kaelakee-teemant-kirjaklamber-valge-kuld\\\/\",\"name\":\"\\\"Paperclip\\\" Combo Kaelakee Titaan &amp; Teemandid Valge Kuld - KARINE PARRAS\",\"isPartOf\":{\"@id\":\"https:\\\/\\\/karineparras.com\\\/et\\\/#website\"},\"primaryImageOfPage\":{\"@id\":\"https:\\\/\\\/karineparras.com\\\/et\\\/product\\\/paperclip-kaelakee-teemant-kirjaklamber-valge-kuld\\\/#primaryimage\"},\"image\":{\"@id\":\"https:\\\/\\\/karineparras.com\\\/et\\\/product\\\/paperclip-kaelakee-teemant-kirjaklamber-valge-kuld\\\/#primaryimage\"},\"thumbnailUrl\":\"https:\\\/\\\/karineparras.com\\\/wp-content\\\/uploads\\\/2024\\\/12\\\/KPweb-paperclip-necklace-pendant-diamond-wg-white-gold.jpg\",\"datePublished\":\"2024-12-18T14:03:06+00:00\",\"dateModified\":\"2025-03-28T10:40:50+00:00\",\"description\":\"Elegantne, reguleeritav kaelakee koos titaan kirjaklambritega. Millest \u00fcks on 18-karaadisest valgest kullast kirjaklamber, mida kaunistavad teemandid.\",\"breadcrumb\":{\"@id\":\"https:\\\/\\\/karineparras.com\\\/et\\\/product\\\/paperclip-kaelakee-teemant-kirjaklamber-valge-kuld\\\/#breadcrumb\"},\"inLanguage\":\"et\",\"potentialAction\":[{\"@type\":\"ReadAction\",\"target\":[\"https:\\\/\\\/karineparras.com\\\/et\\\/product\\\/paperclip-kaelakee-teemant-kirjaklamber-valge-kuld\\\/\"]}]},{\"@type\":\"ImageObject\",\"inLanguage\":\"et\",\"@id\":\"https:\\\/\\\/karineparras.com\\\/et\\\/product\\\/paperclip-kaelakee-teemant-kirjaklamber-valge-kuld\\\/#primaryimage\",\"url\":\"https:\\\/\\\/karineparras.com\\\/wp-content\\\/uploads\\\/2024\\\/12\\\/KPweb-paperclip-necklace-pendant-diamond-wg-white-gold.jpg\",\"contentUrl\":\"https:\\\/\\\/karineparras.com\\\/wp-content\\\/uploads\\\/2024\\\/12\\\/KPweb-paperclip-necklace-pendant-diamond-wg-white-gold.jpg\",\"width\":1152,\"height\":1536,\"caption\":\"Paperclip Necklace with Diamond Paperclip in White Gold\"},{\"@type\":\"BreadcrumbList\",\"@id\":\"https:\\\/\\\/karineparras.com\\\/et\\\/product\\\/paperclip-kaelakee-teemant-kirjaklamber-valge-kuld\\\/#breadcrumb\",\"itemListElement\":[{\"@type\":\"ListItem\",\"position\":1,\"name\":\"Home\",\"item\":\"https:\\\/\\\/karineparras.com\\\/et\\\/karine-parras\\\/\"},{\"@type\":\"ListItem\",\"position\":2,\"name\":\"Pood\",\"item\":\"https:\\\/\\\/karineparras.com\\\/et\\\/pood\\\/\"},{\"@type\":\"ListItem\",\"position\":3,\"name\":\"&#8220;Paperclip&#8221; Combo Kaelakee Titaan &amp; Teemandid Valge Kuld\"}]},{\"@type\":\"WebSite\",\"@id\":\"https:\\\/\\\/karineparras.com\\\/et\\\/#website\",\"url\":\"https:\\\/\\\/karineparras.com\\\/et\\\/\",\"name\":\"KARINE PARRAS\",\"description\":\"\",\"publisher\":{\"@id\":\"https:\\\/\\\/karineparras.com\\\/et\\\/#organization\"},\"potentialAction\":[{\"@type\":\"SearchAction\",\"target\":{\"@type\":\"EntryPoint\",\"urlTemplate\":\"https:\\\/\\\/karineparras.com\\\/et\\\/?s={search_term_string}\"},\"query-input\":{\"@type\":\"PropertyValueSpecification\",\"valueRequired\":true,\"valueName\":\"search_term_string\"}}],\"inLanguage\":\"et\"},{\"@type\":\"Organization\",\"@id\":\"https:\\\/\\\/karineparras.com\\\/et\\\/#organization\",\"name\":\"KARINE PARRAS\",\"url\":\"https:\\\/\\\/karineparras.com\\\/et\\\/\",\"logo\":{\"@type\":\"ImageObject\",\"inLanguage\":\"et\",\"@id\":\"https:\\\/\\\/karineparras.com\\\/et\\\/#\\\/schema\\\/logo\\\/image\\\/\",\"url\":\"https:\\\/\\\/karineparras.com\\\/wp-content\\\/uploads\\\/2023\\\/12\\\/logo-header.png\",\"contentUrl\":\"https:\\\/\\\/karineparras.com\\\/wp-content\\\/uploads\\\/2023\\\/12\\\/logo-header.png\",\"width\":1000,\"height\":60,\"caption\":\"KARINE PARRAS\"},\"image\":{\"@id\":\"https:\\\/\\\/karineparras.com\\\/et\\\/#\\\/schema\\\/logo\\\/image\\\/\"},\"sameAs\":[\"https:\\\/\\\/www.facebook.com\\\/karineparras\",\"https:\\\/\\\/www.instagram.com\\\/karineparras\\\/\"]}]}<\/script>\n<!-- \/ Yoast SEO plugin. -->","yoast_head_json":{"title":"\"Paperclip\" Combo Kaelakee Titaan &amp; Teemandid Valge Kuld - KARINE PARRAS","description":"Elegantne, reguleeritav kaelakee koos titaan kirjaklambritega. Millest \u00fcks on 18-karaadisest valgest kullast kirjaklamber, mida kaunistavad teemandid.","robots":{"index":"index","follow":"follow","max-snippet":"max-snippet:-1","max-image-preview":"max-image-preview:large","max-video-preview":"max-video-preview:-1"},"canonical":"https:\/\/karineparras.com\/et\/product\/paperclip-kaelakee-teemant-kirjaklamber-valge-kuld\/","og_locale":"et_EE","og_type":"article","og_title":"\"Paperclip\" Combo Kaelakee Titaan &amp; Teemandid Valge Kuld - KARINE PARRAS","og_description":"Elegantne, reguleeritav kaelakee koos titaan kirjaklambritega. Millest \u00fcks on 18-karaadisest valgest kullast kirjaklamber, mida kaunistavad teemandid.","og_url":"https:\/\/karineparras.com\/et\/product\/paperclip-kaelakee-teemant-kirjaklamber-valge-kuld\/","og_site_name":"KARINE PARRAS","article_publisher":"https:\/\/www.facebook.com\/karineparras","article_modified_time":"2025-03-28T10:40:50+00:00","og_image":[{"width":1152,"height":1536,"url":"https:\/\/karineparras.com\/wp-content\/uploads\/2024\/12\/KPweb-paperclip-necklace-pendant-diamond-wg-white-gold.jpg","type":"image\/jpeg"}],"twitter_card":"summary_large_image","schema":{"@context":"https:\/\/schema.org","@graph":[{"@type":"WebPage","@id":"https:\/\/karineparras.com\/et\/product\/paperclip-kaelakee-teemant-kirjaklamber-valge-kuld\/","url":"https:\/\/karineparras.com\/et\/product\/paperclip-kaelakee-teemant-kirjaklamber-valge-kuld\/","name":"\"Paperclip\" Combo Kaelakee Titaan &amp; Teemandid Valge Kuld - KARINE PARRAS","isPartOf":{"@id":"https:\/\/karineparras.com\/et\/#website"},"primaryImageOfPage":{"@id":"https:\/\/karineparras.com\/et\/product\/paperclip-kaelakee-teemant-kirjaklamber-valge-kuld\/#primaryimage"},"image":{"@id":"https:\/\/karineparras.com\/et\/product\/paperclip-kaelakee-teemant-kirjaklamber-valge-kuld\/#primaryimage"},"thumbnailUrl":"https:\/\/karineparras.com\/wp-content\/uploads\/2024\/12\/KPweb-paperclip-necklace-pendant-diamond-wg-white-gold.jpg","datePublished":"2024-12-18T14:03:06+00:00","dateModified":"2025-03-28T10:40:50+00:00","description":"Elegantne, reguleeritav kaelakee koos titaan kirjaklambritega. Millest \u00fcks on 18-karaadisest valgest kullast kirjaklamber, mida kaunistavad teemandid.","breadcrumb":{"@id":"https:\/\/karineparras.com\/et\/product\/paperclip-kaelakee-teemant-kirjaklamber-valge-kuld\/#breadcrumb"},"inLanguage":"et","potentialAction":[{"@type":"ReadAction","target":["https:\/\/karineparras.com\/et\/product\/paperclip-kaelakee-teemant-kirjaklamber-valge-kuld\/"]}]},{"@type":"ImageObject","inLanguage":"et","@id":"https:\/\/karineparras.com\/et\/product\/paperclip-kaelakee-teemant-kirjaklamber-valge-kuld\/#primaryimage","url":"https:\/\/karineparras.com\/wp-content\/uploads\/2024\/12\/KPweb-paperclip-necklace-pendant-diamond-wg-white-gold.jpg","contentUrl":"https:\/\/karineparras.com\/wp-content\/uploads\/2024\/12\/KPweb-paperclip-necklace-pendant-diamond-wg-white-gold.jpg","width":1152,"height":1536,"caption":"Paperclip Necklace with Diamond Paperclip in White Gold"},{"@type":"BreadcrumbList","@id":"https:\/\/karineparras.com\/et\/product\/paperclip-kaelakee-teemant-kirjaklamber-valge-kuld\/#breadcrumb","itemListElement":[{"@type":"ListItem","position":1,"name":"Home","item":"https:\/\/karineparras.com\/et\/karine-parras\/"},{"@type":"ListItem","position":2,"name":"Pood","item":"https:\/\/karineparras.com\/et\/pood\/"},{"@type":"ListItem","position":3,"name":"&#8220;Paperclip&#8221; Combo Kaelakee Titaan &amp; Teemandid Valge Kuld"}]},{"@type":"WebSite","@id":"https:\/\/karineparras.com\/et\/#website","url":"https:\/\/karineparras.com\/et\/","name":"KARINE PARRAS","description":"","publisher":{"@id":"https:\/\/karineparras.com\/et\/#organization"},"potentialAction":[{"@type":"SearchAction","target":{"@type":"EntryPoint","urlTemplate":"https:\/\/karineparras.com\/et\/?s={search_term_string}"},"query-input":{"@type":"PropertyValueSpecification","valueRequired":true,"valueName":"search_term_string"}}],"inLanguage":"et"},{"@type":"Organization","@id":"https:\/\/karineparras.com\/et\/#organization","name":"KARINE PARRAS","url":"https:\/\/karineparras.com\/et\/","logo":{"@type":"ImageObject","inLanguage":"et","@id":"https:\/\/karineparras.com\/et\/#\/schema\/logo\/image\/","url":"https:\/\/karineparras.com\/wp-content\/uploads\/2023\/12\/logo-header.png","contentUrl":"https:\/\/karineparras.com\/wp-content\/uploads\/2023\/12\/logo-header.png","width":1000,"height":60,"caption":"KARINE PARRAS"},"image":{"@id":"https:\/\/karineparras.com\/et\/#\/schema\/logo\/image\/"},"sameAs":["https:\/\/www.facebook.com\/karineparras","https:\/\/www.instagram.com\/karineparras\/"]}]}},"_links":{"self":[{"href":"https:\/\/karineparras.com\/et\/wp-json\/wp\/v2\/product\/29040","targetHints":{"allow":["GET"]}}],"collection":[{"href":"https:\/\/karineparras.com\/et\/wp-json\/wp\/v2\/product"}],"about":[{"href":"https:\/\/karineparras.com\/et\/wp-json\/wp\/v2\/types\/product"}],"wp:featuredmedia":[{"embeddable":true,"href":"https:\/\/karineparras.com\/et\/wp-json\/wp\/v2\/media\/29002"}],"wp:attachment":[{"href":"https:\/\/karineparras.com\/et\/wp-json\/wp\/v2\/media?parent=29040"}],"wp:term":[{"taxonomy":"product_brand","embeddable":true,"href":"https:\/\/karineparras.com\/et\/wp-json\/wp\/v2\/product_brand?post=29040"},{"taxonomy":"product_cat","embeddable":true,"href":"https:\/\/karineparras.com\/et\/wp-json\/wp\/v2\/product_cat?post=29040"},{"taxonomy":"product_tag","embeddable":true,"href":"https:\/\/karineparras.com\/et\/wp-json\/wp\/v2\/product_tag?post=29040"}],"curies":[{"name":"wp","href":"https:\/\/api.w.org\/{rel}","templated":true}]}}