{"id":26866,"date":"2024-06-05T14:38:16","date_gmt":"2024-06-05T11:38:16","guid":{"rendered":"https:\/\/karineparras.com\/product\/sudamekujuline-teemant-kaelakee-roosa-kuld\/"},"modified":"2025-03-27T13:15:35","modified_gmt":"2025-03-27T11:15:35","slug":"sudamekujuline-teemant-kaelakee-roosa-kuld","status":"publish","type":"product","link":"https:\/\/karineparras.com\/et\/product\/sudamekujuline-teemant-kaelakee-roosa-kuld\/","title":{"rendered":"S\u00fcdamekujuline Teemant Kaelakee Roosa Kuld"},"content":{"rendered":"","protected":false},"excerpt":{"rendered":"<p>1-karaadise s\u00fcdamekujulise teemantiga kaelakee on ideaalne viis, kuidas t\u00e4histada armastust ja hoolivust. Ehe on valmistatud 18-karaadisest roosakullast, mille s\u00e4rav toon t\u00e4iendab teemandi puhast ilu. Reguleeritav kett ja detailid muudavad selle ajatuks ja mitmek\u00fclgseks ehteks, mida v\u00f5ib kanda nii erilistel kui ka argistel p\u00e4evadel, r\u00f5hutades igat hetke oma puhta ja \u00f5rna elegantsiga.  <\/p>\n<ul>\n<li>18K roosa kuld<\/li>\n<li>1.00 ct FG VS s\u00fcdamekujuline laboriteemant<\/li>\n<\/ul>\n","protected":false},"featured_media":26857,"template":"","meta":{"_themeisle_gutenberg_block_has_review":false},"product_brand":[],"product_cat":[440,443],"product_tag":[],"class_list":{"0":"post-26866","1":"product","2":"type-product","3":"status-publish","4":"has-post-thumbnail","6":"product_cat-fine-jewellery-liinid","7":"product_cat-kaelakeed","9":"first","10":"instock","11":"shipping-taxable","12":"purchasable","13":"product-type-simple"},"yoast_head":"<!-- This site is optimized with the Yoast SEO plugin v27.3 - https:\/\/yoast.com\/product\/yoast-seo-wordpress\/ -->\n<title>S\u00fcdamekujuline Teemant Kaelakee Roosa Kuld - KARINE PARRAS<\/title>\n<meta name=\"robots\" content=\"index, follow, max-snippet:-1, max-image-preview:large, max-video-preview:-1\" \/>\n<link rel=\"canonical\" href=\"https:\/\/karineparras.com\/et\/product\/sudamekujuline-teemant-kaelakee-roosa-kuld\/\" \/>\n<meta property=\"og:locale\" content=\"et_EE\" \/>\n<meta property=\"og:type\" content=\"article\" \/>\n<meta property=\"og:title\" content=\"S\u00fcdamekujuline Teemant Kaelakee Roosa Kuld - KARINE PARRAS\" \/>\n<meta property=\"og:description\" content=\"1-karaadise s\u00fcdamekujulise teemantiga kaelakee on ideaalne viis, kuidas t\u00e4histada armastust ja hoolivust. Ehe on valmistatud 18-karaadisest roosakullast, mille s\u00e4rav toon t\u00e4iendab teemandi puhast ilu. Reguleeritav kett ja detailid muudavad selle ajatuks ja mitmek\u00fclgseks ehteks, mida v\u00f5ib kanda nii erilistel kui ka argistel p\u00e4evadel, r\u00f5hutades igat hetke oma puhta ja \u00f5rna elegantsiga.   18K roosa kuld  1.00 ct FG VS s\u00fcdamekujuline laboriteemant\" \/>\n<meta property=\"og:url\" content=\"https:\/\/karineparras.com\/et\/product\/sudamekujuline-teemant-kaelakee-roosa-kuld\/\" \/>\n<meta property=\"og:site_name\" content=\"KARINE PARRAS\" \/>\n<meta property=\"article:publisher\" content=\"https:\/\/www.facebook.com\/karineparras\" \/>\n<meta property=\"article:modified_time\" content=\"2025-03-27T11:15:35+00:00\" \/>\n<meta property=\"og:image\" content=\"https:\/\/karineparras.com\/wp-content\/uploads\/2024\/06\/KPweb-heart-shaped-disamond-heartshaped-rg-rose-gold-necklace.jpg\" \/>\n\t<meta property=\"og:image:width\" content=\"1152\" \/>\n\t<meta property=\"og:image:height\" content=\"1536\" \/>\n\t<meta property=\"og:image:type\" content=\"image\/jpeg\" \/>\n<meta name=\"twitter:card\" content=\"summary_large_image\" \/>\n<script type=\"application\/ld+json\" class=\"yoast-schema-graph\">{\"@context\":\"https:\\\/\\\/schema.org\",\"@graph\":[{\"@type\":\"WebPage\",\"@id\":\"https:\\\/\\\/karineparras.com\\\/et\\\/product\\\/sudamekujuline-teemant-kaelakee-roosa-kuld\\\/\",\"url\":\"https:\\\/\\\/karineparras.com\\\/et\\\/product\\\/sudamekujuline-teemant-kaelakee-roosa-kuld\\\/\",\"name\":\"S\u00fcdamekujuline Teemant Kaelakee Roosa Kuld - KARINE PARRAS\",\"isPartOf\":{\"@id\":\"https:\\\/\\\/karineparras.com\\\/et\\\/#website\"},\"primaryImageOfPage\":{\"@id\":\"https:\\\/\\\/karineparras.com\\\/et\\\/product\\\/sudamekujuline-teemant-kaelakee-roosa-kuld\\\/#primaryimage\"},\"image\":{\"@id\":\"https:\\\/\\\/karineparras.com\\\/et\\\/product\\\/sudamekujuline-teemant-kaelakee-roosa-kuld\\\/#primaryimage\"},\"thumbnailUrl\":\"https:\\\/\\\/karineparras.com\\\/wp-content\\\/uploads\\\/2024\\\/06\\\/KPweb-heart-shaped-disamond-heartshaped-rg-rose-gold-necklace.jpg\",\"datePublished\":\"2024-06-05T11:38:16+00:00\",\"dateModified\":\"2025-03-27T11:15:35+00:00\",\"breadcrumb\":{\"@id\":\"https:\\\/\\\/karineparras.com\\\/et\\\/product\\\/sudamekujuline-teemant-kaelakee-roosa-kuld\\\/#breadcrumb\"},\"inLanguage\":\"et\",\"potentialAction\":[{\"@type\":\"ReadAction\",\"target\":[\"https:\\\/\\\/karineparras.com\\\/et\\\/product\\\/sudamekujuline-teemant-kaelakee-roosa-kuld\\\/\"]}]},{\"@type\":\"ImageObject\",\"inLanguage\":\"et\",\"@id\":\"https:\\\/\\\/karineparras.com\\\/et\\\/product\\\/sudamekujuline-teemant-kaelakee-roosa-kuld\\\/#primaryimage\",\"url\":\"https:\\\/\\\/karineparras.com\\\/wp-content\\\/uploads\\\/2024\\\/06\\\/KPweb-heart-shaped-disamond-heartshaped-rg-rose-gold-necklace.jpg\",\"contentUrl\":\"https:\\\/\\\/karineparras.com\\\/wp-content\\\/uploads\\\/2024\\\/06\\\/KPweb-heart-shaped-disamond-heartshaped-rg-rose-gold-necklace.jpg\",\"width\":1152,\"height\":1536},{\"@type\":\"BreadcrumbList\",\"@id\":\"https:\\\/\\\/karineparras.com\\\/et\\\/product\\\/sudamekujuline-teemant-kaelakee-roosa-kuld\\\/#breadcrumb\",\"itemListElement\":[{\"@type\":\"ListItem\",\"position\":1,\"name\":\"Home\",\"item\":\"https:\\\/\\\/karineparras.com\\\/et\\\/karine-parras\\\/\"},{\"@type\":\"ListItem\",\"position\":2,\"name\":\"Pood\",\"item\":\"https:\\\/\\\/karineparras.com\\\/et\\\/pood\\\/\"},{\"@type\":\"ListItem\",\"position\":3,\"name\":\"S\u00fcdamekujuline Teemant Kaelakee Roosa Kuld\"}]},{\"@type\":\"WebSite\",\"@id\":\"https:\\\/\\\/karineparras.com\\\/et\\\/#website\",\"url\":\"https:\\\/\\\/karineparras.com\\\/et\\\/\",\"name\":\"KARINE PARRAS\",\"description\":\"\",\"publisher\":{\"@id\":\"https:\\\/\\\/karineparras.com\\\/et\\\/#organization\"},\"potentialAction\":[{\"@type\":\"SearchAction\",\"target\":{\"@type\":\"EntryPoint\",\"urlTemplate\":\"https:\\\/\\\/karineparras.com\\\/et\\\/?s={search_term_string}\"},\"query-input\":{\"@type\":\"PropertyValueSpecification\",\"valueRequired\":true,\"valueName\":\"search_term_string\"}}],\"inLanguage\":\"et\"},{\"@type\":\"Organization\",\"@id\":\"https:\\\/\\\/karineparras.com\\\/et\\\/#organization\",\"name\":\"KARINE PARRAS\",\"url\":\"https:\\\/\\\/karineparras.com\\\/et\\\/\",\"logo\":{\"@type\":\"ImageObject\",\"inLanguage\":\"et\",\"@id\":\"https:\\\/\\\/karineparras.com\\\/et\\\/#\\\/schema\\\/logo\\\/image\\\/\",\"url\":\"https:\\\/\\\/karineparras.com\\\/wp-content\\\/uploads\\\/2023\\\/12\\\/logo-header.png\",\"contentUrl\":\"https:\\\/\\\/karineparras.com\\\/wp-content\\\/uploads\\\/2023\\\/12\\\/logo-header.png\",\"width\":1000,\"height\":60,\"caption\":\"KARINE PARRAS\"},\"image\":{\"@id\":\"https:\\\/\\\/karineparras.com\\\/et\\\/#\\\/schema\\\/logo\\\/image\\\/\"},\"sameAs\":[\"https:\\\/\\\/www.facebook.com\\\/karineparras\",\"https:\\\/\\\/www.instagram.com\\\/karineparras\\\/\"]}]}<\/script>\n<!-- \/ Yoast SEO plugin. -->","yoast_head_json":{"title":"S\u00fcdamekujuline Teemant Kaelakee Roosa Kuld - KARINE PARRAS","robots":{"index":"index","follow":"follow","max-snippet":"max-snippet:-1","max-image-preview":"max-image-preview:large","max-video-preview":"max-video-preview:-1"},"canonical":"https:\/\/karineparras.com\/et\/product\/sudamekujuline-teemant-kaelakee-roosa-kuld\/","og_locale":"et_EE","og_type":"article","og_title":"S\u00fcdamekujuline Teemant Kaelakee Roosa Kuld - KARINE PARRAS","og_description":"1-karaadise s\u00fcdamekujulise teemantiga kaelakee on ideaalne viis, kuidas t\u00e4histada armastust ja hoolivust. Ehe on valmistatud 18-karaadisest roosakullast, mille s\u00e4rav toon t\u00e4iendab teemandi puhast ilu. Reguleeritav kett ja detailid muudavad selle ajatuks ja mitmek\u00fclgseks ehteks, mida v\u00f5ib kanda nii erilistel kui ka argistel p\u00e4evadel, r\u00f5hutades igat hetke oma puhta ja \u00f5rna elegantsiga.   18K roosa kuld  1.00 ct FG VS s\u00fcdamekujuline laboriteemant","og_url":"https:\/\/karineparras.com\/et\/product\/sudamekujuline-teemant-kaelakee-roosa-kuld\/","og_site_name":"KARINE PARRAS","article_publisher":"https:\/\/www.facebook.com\/karineparras","article_modified_time":"2025-03-27T11:15:35+00:00","og_image":[{"width":1152,"height":1536,"url":"https:\/\/karineparras.com\/wp-content\/uploads\/2024\/06\/KPweb-heart-shaped-disamond-heartshaped-rg-rose-gold-necklace.jpg","type":"image\/jpeg"}],"twitter_card":"summary_large_image","schema":{"@context":"https:\/\/schema.org","@graph":[{"@type":"WebPage","@id":"https:\/\/karineparras.com\/et\/product\/sudamekujuline-teemant-kaelakee-roosa-kuld\/","url":"https:\/\/karineparras.com\/et\/product\/sudamekujuline-teemant-kaelakee-roosa-kuld\/","name":"S\u00fcdamekujuline Teemant Kaelakee Roosa Kuld - KARINE PARRAS","isPartOf":{"@id":"https:\/\/karineparras.com\/et\/#website"},"primaryImageOfPage":{"@id":"https:\/\/karineparras.com\/et\/product\/sudamekujuline-teemant-kaelakee-roosa-kuld\/#primaryimage"},"image":{"@id":"https:\/\/karineparras.com\/et\/product\/sudamekujuline-teemant-kaelakee-roosa-kuld\/#primaryimage"},"thumbnailUrl":"https:\/\/karineparras.com\/wp-content\/uploads\/2024\/06\/KPweb-heart-shaped-disamond-heartshaped-rg-rose-gold-necklace.jpg","datePublished":"2024-06-05T11:38:16+00:00","dateModified":"2025-03-27T11:15:35+00:00","breadcrumb":{"@id":"https:\/\/karineparras.com\/et\/product\/sudamekujuline-teemant-kaelakee-roosa-kuld\/#breadcrumb"},"inLanguage":"et","potentialAction":[{"@type":"ReadAction","target":["https:\/\/karineparras.com\/et\/product\/sudamekujuline-teemant-kaelakee-roosa-kuld\/"]}]},{"@type":"ImageObject","inLanguage":"et","@id":"https:\/\/karineparras.com\/et\/product\/sudamekujuline-teemant-kaelakee-roosa-kuld\/#primaryimage","url":"https:\/\/karineparras.com\/wp-content\/uploads\/2024\/06\/KPweb-heart-shaped-disamond-heartshaped-rg-rose-gold-necklace.jpg","contentUrl":"https:\/\/karineparras.com\/wp-content\/uploads\/2024\/06\/KPweb-heart-shaped-disamond-heartshaped-rg-rose-gold-necklace.jpg","width":1152,"height":1536},{"@type":"BreadcrumbList","@id":"https:\/\/karineparras.com\/et\/product\/sudamekujuline-teemant-kaelakee-roosa-kuld\/#breadcrumb","itemListElement":[{"@type":"ListItem","position":1,"name":"Home","item":"https:\/\/karineparras.com\/et\/karine-parras\/"},{"@type":"ListItem","position":2,"name":"Pood","item":"https:\/\/karineparras.com\/et\/pood\/"},{"@type":"ListItem","position":3,"name":"S\u00fcdamekujuline Teemant Kaelakee Roosa Kuld"}]},{"@type":"WebSite","@id":"https:\/\/karineparras.com\/et\/#website","url":"https:\/\/karineparras.com\/et\/","name":"KARINE PARRAS","description":"","publisher":{"@id":"https:\/\/karineparras.com\/et\/#organization"},"potentialAction":[{"@type":"SearchAction","target":{"@type":"EntryPoint","urlTemplate":"https:\/\/karineparras.com\/et\/?s={search_term_string}"},"query-input":{"@type":"PropertyValueSpecification","valueRequired":true,"valueName":"search_term_string"}}],"inLanguage":"et"},{"@type":"Organization","@id":"https:\/\/karineparras.com\/et\/#organization","name":"KARINE PARRAS","url":"https:\/\/karineparras.com\/et\/","logo":{"@type":"ImageObject","inLanguage":"et","@id":"https:\/\/karineparras.com\/et\/#\/schema\/logo\/image\/","url":"https:\/\/karineparras.com\/wp-content\/uploads\/2023\/12\/logo-header.png","contentUrl":"https:\/\/karineparras.com\/wp-content\/uploads\/2023\/12\/logo-header.png","width":1000,"height":60,"caption":"KARINE PARRAS"},"image":{"@id":"https:\/\/karineparras.com\/et\/#\/schema\/logo\/image\/"},"sameAs":["https:\/\/www.facebook.com\/karineparras","https:\/\/www.instagram.com\/karineparras\/"]}]}},"_links":{"self":[{"href":"https:\/\/karineparras.com\/et\/wp-json\/wp\/v2\/product\/26866","targetHints":{"allow":["GET"]}}],"collection":[{"href":"https:\/\/karineparras.com\/et\/wp-json\/wp\/v2\/product"}],"about":[{"href":"https:\/\/karineparras.com\/et\/wp-json\/wp\/v2\/types\/product"}],"wp:featuredmedia":[{"embeddable":true,"href":"https:\/\/karineparras.com\/et\/wp-json\/wp\/v2\/media\/26857"}],"wp:attachment":[{"href":"https:\/\/karineparras.com\/et\/wp-json\/wp\/v2\/media?parent=26866"}],"wp:term":[{"taxonomy":"product_brand","embeddable":true,"href":"https:\/\/karineparras.com\/et\/wp-json\/wp\/v2\/product_brand?post=26866"},{"taxonomy":"product_cat","embeddable":true,"href":"https:\/\/karineparras.com\/et\/wp-json\/wp\/v2\/product_cat?post=26866"},{"taxonomy":"product_tag","embeddable":true,"href":"https:\/\/karineparras.com\/et\/wp-json\/wp\/v2\/product_tag?post=26866"}],"curies":[{"name":"wp","href":"https:\/\/api.w.org\/{rel}","templated":true}]}}