{"id":26738,"date":"2024-03-21T16:26:13","date_gmt":"2024-03-21T14:26:13","guid":{"rendered":"https:\/\/karineparras.com\/product\/carbon-on-carbon-berull-kokteilsormus\/"},"modified":"2025-03-27T13:30:32","modified_gmt":"2025-03-27T11:30:32","slug":"carbon-on-carbon-berull-kokteilsormus","status":"publish","type":"product","link":"https:\/\/karineparras.com\/et\/product\/carbon-on-carbon-berull-kokteilsormus\/","title":{"rendered":"&#8220;Carbon on Carbon&#8221; S\u00f5rmus Ber\u00fcll"},"content":{"rendered":"","protected":false},"excerpt":{"rendered":"<p><a href=\"https:\/\/karineparras.com\/product-category\/fine-jewellery-lines\/carbon-on-carbon\/\">CARBON ON CARBON<\/a><\/p>\n<p>Gemmoloogina leiab Karin oma peamise inspiratsiooni kalliskividest. Kalliskivi esmakordne n\u00e4gemine annab Karini disainidele elu.<\/p>\n<p>S\u00fcsinik on ideaalne valik, et t\u00e4iendada selliseid silmapaistvaid kalliskive nagu 14&#215;14 mm kollane ber\u00fcll. Suurep\u00e4rane tasakaal ja v\u00e4rske innovatsioon, mida s\u00fcsinik pakub suurtele kalliskividele.<\/p>\n<p>Tugev ja silmapaistev Carbon on Carbon kokteils\u00f5rmus on parim t\u00e4iendus igasse ehete kollektsiooni.<\/p>\n<ul>\n<li>18K roosa kuld<\/li>\n<li>14 x 14 mm ber\u00fcll<\/li>\n<li>S\u00fcsinik<\/li>\n<\/ul>\n","protected":false},"featured_media":26720,"template":"","meta":{"_themeisle_gutenberg_block_has_review":false},"product_brand":[],"product_cat":[444,440,441],"product_tag":[],"class_list":{"0":"post-26738","1":"product","2":"type-product","3":"status-publish","4":"has-post-thumbnail","6":"product_cat-carbon-on-carbon-et","7":"product_cat-fine-jewellery-liinid","8":"product_cat-sormused","10":"first","11":"outofstock","12":"shipping-taxable","13":"purchasable","14":"product-type-simple"},"yoast_head":"<!-- This site is optimized with the Yoast SEO plugin v27.3 - https:\/\/yoast.com\/product\/yoast-seo-wordpress\/ -->\n<title>&quot;Carbon on Carbon&quot; S\u00f5rmus Ber\u00fcll - KARINE PARRAS<\/title>\n<meta name=\"robots\" content=\"index, follow, max-snippet:-1, max-image-preview:large, max-video-preview:-1\" \/>\n<link rel=\"canonical\" href=\"https:\/\/karineparras.com\/et\/product\/carbon-on-carbon-berull-kokteilsormus\/\" \/>\n<meta property=\"og:locale\" content=\"et_EE\" \/>\n<meta property=\"og:type\" content=\"article\" \/>\n<meta property=\"og:title\" content=\"&quot;Carbon on Carbon&quot; S\u00f5rmus Ber\u00fcll - KARINE PARRAS\" \/>\n<meta property=\"og:description\" content=\"CARBON ON CARBON Gemmoloogina leiab Karin oma peamise inspiratsiooni kalliskividest. Kalliskivi esmakordne n\u00e4gemine annab Karini disainidele elu. S\u00fcsinik on ideaalne valik, et t\u00e4iendada selliseid silmapaistvaid kalliskive nagu 14x14 mm kollane ber\u00fcll. Suurep\u00e4rane tasakaal ja v\u00e4rske innovatsioon, mida s\u00fcsinik pakub suurtele kalliskividele. Tugev ja silmapaistev Carbon on Carbon kokteils\u00f5rmus on parim t\u00e4iendus igasse ehete kollektsiooni.  18K roosa kuld  14 x 14 mm ber\u00fcll  S\u00fcsinik\" \/>\n<meta property=\"og:url\" content=\"https:\/\/karineparras.com\/et\/product\/carbon-on-carbon-berull-kokteilsormus\/\" \/>\n<meta property=\"og:site_name\" content=\"KARINE PARRAS\" \/>\n<meta property=\"article:publisher\" content=\"https:\/\/www.facebook.com\/karineparras\" \/>\n<meta property=\"article:modified_time\" content=\"2025-03-27T11:30:32+00:00\" \/>\n<meta property=\"og:image\" content=\"https:\/\/karineparras.com\/wp-content\/uploads\/2024\/03\/KPweb-carbon-on-carbon-ring-beryl-yellow-stone-yg-yellow-gold-2.jpg\" \/>\n\t<meta property=\"og:image:width\" content=\"1152\" \/>\n\t<meta property=\"og:image:height\" content=\"1536\" \/>\n\t<meta property=\"og:image:type\" content=\"image\/jpeg\" \/>\n<meta name=\"twitter:card\" content=\"summary_large_image\" \/>\n<script type=\"application\/ld+json\" class=\"yoast-schema-graph\">{\"@context\":\"https:\\\/\\\/schema.org\",\"@graph\":[{\"@type\":\"WebPage\",\"@id\":\"https:\\\/\\\/karineparras.com\\\/et\\\/product\\\/carbon-on-carbon-berull-kokteilsormus\\\/\",\"url\":\"https:\\\/\\\/karineparras.com\\\/et\\\/product\\\/carbon-on-carbon-berull-kokteilsormus\\\/\",\"name\":\"\\\"Carbon on Carbon\\\" S\u00f5rmus Ber\u00fcll - KARINE PARRAS\",\"isPartOf\":{\"@id\":\"https:\\\/\\\/karineparras.com\\\/et\\\/#website\"},\"primaryImageOfPage\":{\"@id\":\"https:\\\/\\\/karineparras.com\\\/et\\\/product\\\/carbon-on-carbon-berull-kokteilsormus\\\/#primaryimage\"},\"image\":{\"@id\":\"https:\\\/\\\/karineparras.com\\\/et\\\/product\\\/carbon-on-carbon-berull-kokteilsormus\\\/#primaryimage\"},\"thumbnailUrl\":\"https:\\\/\\\/karineparras.com\\\/wp-content\\\/uploads\\\/2024\\\/03\\\/KPweb-carbon-on-carbon-ring-beryl-yellow-stone-yg-yellow-gold-2.jpg\",\"datePublished\":\"2024-03-21T14:26:13+00:00\",\"dateModified\":\"2025-03-27T11:30:32+00:00\",\"breadcrumb\":{\"@id\":\"https:\\\/\\\/karineparras.com\\\/et\\\/product\\\/carbon-on-carbon-berull-kokteilsormus\\\/#breadcrumb\"},\"inLanguage\":\"et\",\"potentialAction\":[{\"@type\":\"ReadAction\",\"target\":[\"https:\\\/\\\/karineparras.com\\\/et\\\/product\\\/carbon-on-carbon-berull-kokteilsormus\\\/\"]}]},{\"@type\":\"ImageObject\",\"inLanguage\":\"et\",\"@id\":\"https:\\\/\\\/karineparras.com\\\/et\\\/product\\\/carbon-on-carbon-berull-kokteilsormus\\\/#primaryimage\",\"url\":\"https:\\\/\\\/karineparras.com\\\/wp-content\\\/uploads\\\/2024\\\/03\\\/KPweb-carbon-on-carbon-ring-beryl-yellow-stone-yg-yellow-gold-2.jpg\",\"contentUrl\":\"https:\\\/\\\/karineparras.com\\\/wp-content\\\/uploads\\\/2024\\\/03\\\/KPweb-carbon-on-carbon-ring-beryl-yellow-stone-yg-yellow-gold-2.jpg\",\"width\":1152,\"height\":1536},{\"@type\":\"BreadcrumbList\",\"@id\":\"https:\\\/\\\/karineparras.com\\\/et\\\/product\\\/carbon-on-carbon-berull-kokteilsormus\\\/#breadcrumb\",\"itemListElement\":[{\"@type\":\"ListItem\",\"position\":1,\"name\":\"Home\",\"item\":\"https:\\\/\\\/karineparras.com\\\/et\\\/karine-parras\\\/\"},{\"@type\":\"ListItem\",\"position\":2,\"name\":\"Pood\",\"item\":\"https:\\\/\\\/karineparras.com\\\/et\\\/pood\\\/\"},{\"@type\":\"ListItem\",\"position\":3,\"name\":\"&#8220;Carbon on Carbon&#8221; S\u00f5rmus Ber\u00fcll\"}]},{\"@type\":\"WebSite\",\"@id\":\"https:\\\/\\\/karineparras.com\\\/et\\\/#website\",\"url\":\"https:\\\/\\\/karineparras.com\\\/et\\\/\",\"name\":\"KARINE PARRAS\",\"description\":\"\",\"publisher\":{\"@id\":\"https:\\\/\\\/karineparras.com\\\/et\\\/#organization\"},\"potentialAction\":[{\"@type\":\"SearchAction\",\"target\":{\"@type\":\"EntryPoint\",\"urlTemplate\":\"https:\\\/\\\/karineparras.com\\\/et\\\/?s={search_term_string}\"},\"query-input\":{\"@type\":\"PropertyValueSpecification\",\"valueRequired\":true,\"valueName\":\"search_term_string\"}}],\"inLanguage\":\"et\"},{\"@type\":\"Organization\",\"@id\":\"https:\\\/\\\/karineparras.com\\\/et\\\/#organization\",\"name\":\"KARINE PARRAS\",\"url\":\"https:\\\/\\\/karineparras.com\\\/et\\\/\",\"logo\":{\"@type\":\"ImageObject\",\"inLanguage\":\"et\",\"@id\":\"https:\\\/\\\/karineparras.com\\\/et\\\/#\\\/schema\\\/logo\\\/image\\\/\",\"url\":\"https:\\\/\\\/karineparras.com\\\/wp-content\\\/uploads\\\/2023\\\/12\\\/logo-header.png\",\"contentUrl\":\"https:\\\/\\\/karineparras.com\\\/wp-content\\\/uploads\\\/2023\\\/12\\\/logo-header.png\",\"width\":1000,\"height\":60,\"caption\":\"KARINE PARRAS\"},\"image\":{\"@id\":\"https:\\\/\\\/karineparras.com\\\/et\\\/#\\\/schema\\\/logo\\\/image\\\/\"},\"sameAs\":[\"https:\\\/\\\/www.facebook.com\\\/karineparras\",\"https:\\\/\\\/www.instagram.com\\\/karineparras\\\/\"]}]}<\/script>\n<!-- \/ Yoast SEO plugin. -->","yoast_head_json":{"title":"\"Carbon on Carbon\" S\u00f5rmus Ber\u00fcll - KARINE PARRAS","robots":{"index":"index","follow":"follow","max-snippet":"max-snippet:-1","max-image-preview":"max-image-preview:large","max-video-preview":"max-video-preview:-1"},"canonical":"https:\/\/karineparras.com\/et\/product\/carbon-on-carbon-berull-kokteilsormus\/","og_locale":"et_EE","og_type":"article","og_title":"\"Carbon on Carbon\" S\u00f5rmus Ber\u00fcll - KARINE PARRAS","og_description":"CARBON ON CARBON Gemmoloogina leiab Karin oma peamise inspiratsiooni kalliskividest. Kalliskivi esmakordne n\u00e4gemine annab Karini disainidele elu. S\u00fcsinik on ideaalne valik, et t\u00e4iendada selliseid silmapaistvaid kalliskive nagu 14x14 mm kollane ber\u00fcll. Suurep\u00e4rane tasakaal ja v\u00e4rske innovatsioon, mida s\u00fcsinik pakub suurtele kalliskividele. Tugev ja silmapaistev Carbon on Carbon kokteils\u00f5rmus on parim t\u00e4iendus igasse ehete kollektsiooni.  18K roosa kuld  14 x 14 mm ber\u00fcll  S\u00fcsinik","og_url":"https:\/\/karineparras.com\/et\/product\/carbon-on-carbon-berull-kokteilsormus\/","og_site_name":"KARINE PARRAS","article_publisher":"https:\/\/www.facebook.com\/karineparras","article_modified_time":"2025-03-27T11:30:32+00:00","og_image":[{"width":1152,"height":1536,"url":"https:\/\/karineparras.com\/wp-content\/uploads\/2024\/03\/KPweb-carbon-on-carbon-ring-beryl-yellow-stone-yg-yellow-gold-2.jpg","type":"image\/jpeg"}],"twitter_card":"summary_large_image","schema":{"@context":"https:\/\/schema.org","@graph":[{"@type":"WebPage","@id":"https:\/\/karineparras.com\/et\/product\/carbon-on-carbon-berull-kokteilsormus\/","url":"https:\/\/karineparras.com\/et\/product\/carbon-on-carbon-berull-kokteilsormus\/","name":"\"Carbon on Carbon\" S\u00f5rmus Ber\u00fcll - KARINE PARRAS","isPartOf":{"@id":"https:\/\/karineparras.com\/et\/#website"},"primaryImageOfPage":{"@id":"https:\/\/karineparras.com\/et\/product\/carbon-on-carbon-berull-kokteilsormus\/#primaryimage"},"image":{"@id":"https:\/\/karineparras.com\/et\/product\/carbon-on-carbon-berull-kokteilsormus\/#primaryimage"},"thumbnailUrl":"https:\/\/karineparras.com\/wp-content\/uploads\/2024\/03\/KPweb-carbon-on-carbon-ring-beryl-yellow-stone-yg-yellow-gold-2.jpg","datePublished":"2024-03-21T14:26:13+00:00","dateModified":"2025-03-27T11:30:32+00:00","breadcrumb":{"@id":"https:\/\/karineparras.com\/et\/product\/carbon-on-carbon-berull-kokteilsormus\/#breadcrumb"},"inLanguage":"et","potentialAction":[{"@type":"ReadAction","target":["https:\/\/karineparras.com\/et\/product\/carbon-on-carbon-berull-kokteilsormus\/"]}]},{"@type":"ImageObject","inLanguage":"et","@id":"https:\/\/karineparras.com\/et\/product\/carbon-on-carbon-berull-kokteilsormus\/#primaryimage","url":"https:\/\/karineparras.com\/wp-content\/uploads\/2024\/03\/KPweb-carbon-on-carbon-ring-beryl-yellow-stone-yg-yellow-gold-2.jpg","contentUrl":"https:\/\/karineparras.com\/wp-content\/uploads\/2024\/03\/KPweb-carbon-on-carbon-ring-beryl-yellow-stone-yg-yellow-gold-2.jpg","width":1152,"height":1536},{"@type":"BreadcrumbList","@id":"https:\/\/karineparras.com\/et\/product\/carbon-on-carbon-berull-kokteilsormus\/#breadcrumb","itemListElement":[{"@type":"ListItem","position":1,"name":"Home","item":"https:\/\/karineparras.com\/et\/karine-parras\/"},{"@type":"ListItem","position":2,"name":"Pood","item":"https:\/\/karineparras.com\/et\/pood\/"},{"@type":"ListItem","position":3,"name":"&#8220;Carbon on Carbon&#8221; S\u00f5rmus Ber\u00fcll"}]},{"@type":"WebSite","@id":"https:\/\/karineparras.com\/et\/#website","url":"https:\/\/karineparras.com\/et\/","name":"KARINE PARRAS","description":"","publisher":{"@id":"https:\/\/karineparras.com\/et\/#organization"},"potentialAction":[{"@type":"SearchAction","target":{"@type":"EntryPoint","urlTemplate":"https:\/\/karineparras.com\/et\/?s={search_term_string}"},"query-input":{"@type":"PropertyValueSpecification","valueRequired":true,"valueName":"search_term_string"}}],"inLanguage":"et"},{"@type":"Organization","@id":"https:\/\/karineparras.com\/et\/#organization","name":"KARINE PARRAS","url":"https:\/\/karineparras.com\/et\/","logo":{"@type":"ImageObject","inLanguage":"et","@id":"https:\/\/karineparras.com\/et\/#\/schema\/logo\/image\/","url":"https:\/\/karineparras.com\/wp-content\/uploads\/2023\/12\/logo-header.png","contentUrl":"https:\/\/karineparras.com\/wp-content\/uploads\/2023\/12\/logo-header.png","width":1000,"height":60,"caption":"KARINE PARRAS"},"image":{"@id":"https:\/\/karineparras.com\/et\/#\/schema\/logo\/image\/"},"sameAs":["https:\/\/www.facebook.com\/karineparras","https:\/\/www.instagram.com\/karineparras\/"]}]}},"_links":{"self":[{"href":"https:\/\/karineparras.com\/et\/wp-json\/wp\/v2\/product\/26738","targetHints":{"allow":["GET"]}}],"collection":[{"href":"https:\/\/karineparras.com\/et\/wp-json\/wp\/v2\/product"}],"about":[{"href":"https:\/\/karineparras.com\/et\/wp-json\/wp\/v2\/types\/product"}],"wp:featuredmedia":[{"embeddable":true,"href":"https:\/\/karineparras.com\/et\/wp-json\/wp\/v2\/media\/26720"}],"wp:attachment":[{"href":"https:\/\/karineparras.com\/et\/wp-json\/wp\/v2\/media?parent=26738"}],"wp:term":[{"taxonomy":"product_brand","embeddable":true,"href":"https:\/\/karineparras.com\/et\/wp-json\/wp\/v2\/product_brand?post=26738"},{"taxonomy":"product_cat","embeddable":true,"href":"https:\/\/karineparras.com\/et\/wp-json\/wp\/v2\/product_cat?post=26738"},{"taxonomy":"product_tag","embeddable":true,"href":"https:\/\/karineparras.com\/et\/wp-json\/wp\/v2\/product_tag?post=26738"}],"curies":[{"name":"wp","href":"https:\/\/api.w.org\/{rel}","templated":true}]}}