{"id":26731,"date":"2023-01-12T15:38:39","date_gmt":"2023-01-12T13:38:39","guid":{"rendered":"https:\/\/karineparras.com\/product\/carbon-on-carbon-kaelakee-valge-kuld\/"},"modified":"2025-03-19T14:51:31","modified_gmt":"2025-03-19T12:51:31","slug":"carbon-on-carbon-kaelakee-valge-kuld","status":"publish","type":"product","link":"https:\/\/karineparras.com\/et\/product\/carbon-on-carbon-kaelakee-valge-kuld\/","title":{"rendered":"&#8220;Carbon on Carbon&#8221; Kaelakee Valge Kuld"},"content":{"rendered":"","protected":false},"excerpt":{"rendered":"<p><a href=\"https:\/\/karineparras.com\/product-category\/fine-jewellery-lines\/carbon-on-carbon\/\" target=\"_blank\" rel=\"noopener\">CARBON ON CARBON<\/a><\/p>\n<p>As\u00fcmmeetriline kaelakee, kus s\u00fcsinik, valge kuld ja laboriteemandid on meisterlikult kombineeritud. S\u00fcsiniku kaar on seest kaunistatud valge kullaga ja teemantidega, mis on paigutatud kerge nurga all, et lisada tugevale kontrastile s\u00e4ra. <\/p>\n<ul>\n<li>18K valge kuld<\/li>\n<li>3 x 0.10 ct (kokku 0.30 ctw) EF VS laboriteemandid<\/li>\n<li>S\u00fcsinik<\/li>\n<\/ul>\n","protected":false},"featured_media":26690,"template":"","meta":{"_themeisle_gutenberg_block_has_review":false},"product_brand":[],"product_cat":[444,440,443],"product_tag":[],"class_list":{"0":"post-26731","1":"product","2":"type-product","3":"status-publish","4":"has-post-thumbnail","6":"product_cat-carbon-on-carbon-et","7":"product_cat-fine-jewellery-liinid","8":"product_cat-kaelakeed","10":"first","11":"instock","12":"shipping-taxable","13":"purchasable","14":"product-type-simple"},"yoast_head":"<!-- This site is optimized with the Yoast SEO plugin v27.3 - https:\/\/yoast.com\/product\/yoast-seo-wordpress\/ -->\n<title>&quot;Carbon on Carbon&quot; Kaelakee Valge Kuld - KARINE PARRAS<\/title>\n<meta name=\"description\" content=\"S\u00fcsiniku ringi sisek\u00fcljed on kaunistatud valge kullaga. Kaelakee kaarel jooksevad kolm teemanti.\" \/>\n<meta name=\"robots\" content=\"index, follow, max-snippet:-1, max-image-preview:large, max-video-preview:-1\" \/>\n<link rel=\"canonical\" href=\"https:\/\/karineparras.com\/et\/product\/carbon-on-carbon-kaelakee-valge-kuld\/\" \/>\n<meta property=\"og:locale\" content=\"et_EE\" \/>\n<meta property=\"og:type\" content=\"article\" \/>\n<meta property=\"og:title\" content=\"&quot;Carbon on Carbon&quot; Kaelakee Valge Kuld - KARINE PARRAS\" \/>\n<meta property=\"og:description\" content=\"S\u00fcsiniku ringi sisek\u00fcljed on kaunistatud valge kullaga. Kaelakee kaarel jooksevad kolm teemanti.\" \/>\n<meta property=\"og:url\" content=\"https:\/\/karineparras.com\/et\/product\/carbon-on-carbon-kaelakee-valge-kuld\/\" \/>\n<meta property=\"og:site_name\" content=\"KARINE PARRAS\" \/>\n<meta property=\"article:publisher\" content=\"https:\/\/www.facebook.com\/karineparras\" \/>\n<meta property=\"article:modified_time\" content=\"2025-03-19T12:51:31+00:00\" \/>\n<meta property=\"og:image\" content=\"https:\/\/karineparras.com\/wp-content\/uploads\/2024\/03\/KPweb_carbon_on_carbon_necklace_small_wg_white-gold-1.jpg\" \/>\n\t<meta property=\"og:image:width\" content=\"1152\" \/>\n\t<meta property=\"og:image:height\" content=\"1536\" \/>\n\t<meta property=\"og:image:type\" content=\"image\/jpeg\" \/>\n<meta name=\"twitter:card\" content=\"summary_large_image\" \/>\n<script type=\"application\/ld+json\" class=\"yoast-schema-graph\">{\"@context\":\"https:\\\/\\\/schema.org\",\"@graph\":[{\"@type\":\"WebPage\",\"@id\":\"https:\\\/\\\/karineparras.com\\\/et\\\/product\\\/carbon-on-carbon-kaelakee-valge-kuld\\\/\",\"url\":\"https:\\\/\\\/karineparras.com\\\/et\\\/product\\\/carbon-on-carbon-kaelakee-valge-kuld\\\/\",\"name\":\"\\\"Carbon on Carbon\\\" Kaelakee Valge Kuld - KARINE PARRAS\",\"isPartOf\":{\"@id\":\"https:\\\/\\\/karineparras.com\\\/et\\\/#website\"},\"primaryImageOfPage\":{\"@id\":\"https:\\\/\\\/karineparras.com\\\/et\\\/product\\\/carbon-on-carbon-kaelakee-valge-kuld\\\/#primaryimage\"},\"image\":{\"@id\":\"https:\\\/\\\/karineparras.com\\\/et\\\/product\\\/carbon-on-carbon-kaelakee-valge-kuld\\\/#primaryimage\"},\"thumbnailUrl\":\"https:\\\/\\\/karineparras.com\\\/wp-content\\\/uploads\\\/2024\\\/03\\\/KPweb_carbon_on_carbon_necklace_small_wg_white-gold-1.jpg\",\"datePublished\":\"2023-01-12T13:38:39+00:00\",\"dateModified\":\"2025-03-19T12:51:31+00:00\",\"description\":\"S\u00fcsiniku ringi sisek\u00fcljed on kaunistatud valge kullaga. Kaelakee kaarel jooksevad kolm teemanti.\",\"breadcrumb\":{\"@id\":\"https:\\\/\\\/karineparras.com\\\/et\\\/product\\\/carbon-on-carbon-kaelakee-valge-kuld\\\/#breadcrumb\"},\"inLanguage\":\"et\",\"potentialAction\":[{\"@type\":\"ReadAction\",\"target\":[\"https:\\\/\\\/karineparras.com\\\/et\\\/product\\\/carbon-on-carbon-kaelakee-valge-kuld\\\/\"]}]},{\"@type\":\"ImageObject\",\"inLanguage\":\"et\",\"@id\":\"https:\\\/\\\/karineparras.com\\\/et\\\/product\\\/carbon-on-carbon-kaelakee-valge-kuld\\\/#primaryimage\",\"url\":\"https:\\\/\\\/karineparras.com\\\/wp-content\\\/uploads\\\/2024\\\/03\\\/KPweb_carbon_on_carbon_necklace_small_wg_white-gold-1.jpg\",\"contentUrl\":\"https:\\\/\\\/karineparras.com\\\/wp-content\\\/uploads\\\/2024\\\/03\\\/KPweb_carbon_on_carbon_necklace_small_wg_white-gold-1.jpg\",\"width\":1152,\"height\":1536},{\"@type\":\"BreadcrumbList\",\"@id\":\"https:\\\/\\\/karineparras.com\\\/et\\\/product\\\/carbon-on-carbon-kaelakee-valge-kuld\\\/#breadcrumb\",\"itemListElement\":[{\"@type\":\"ListItem\",\"position\":1,\"name\":\"Home\",\"item\":\"https:\\\/\\\/karineparras.com\\\/et\\\/karine-parras\\\/\"},{\"@type\":\"ListItem\",\"position\":2,\"name\":\"Pood\",\"item\":\"https:\\\/\\\/karineparras.com\\\/et\\\/pood\\\/\"},{\"@type\":\"ListItem\",\"position\":3,\"name\":\"&#8220;Carbon on Carbon&#8221; Kaelakee Valge Kuld\"}]},{\"@type\":\"WebSite\",\"@id\":\"https:\\\/\\\/karineparras.com\\\/et\\\/#website\",\"url\":\"https:\\\/\\\/karineparras.com\\\/et\\\/\",\"name\":\"KARINE PARRAS\",\"description\":\"\",\"publisher\":{\"@id\":\"https:\\\/\\\/karineparras.com\\\/et\\\/#organization\"},\"potentialAction\":[{\"@type\":\"SearchAction\",\"target\":{\"@type\":\"EntryPoint\",\"urlTemplate\":\"https:\\\/\\\/karineparras.com\\\/et\\\/?s={search_term_string}\"},\"query-input\":{\"@type\":\"PropertyValueSpecification\",\"valueRequired\":true,\"valueName\":\"search_term_string\"}}],\"inLanguage\":\"et\"},{\"@type\":\"Organization\",\"@id\":\"https:\\\/\\\/karineparras.com\\\/et\\\/#organization\",\"name\":\"KARINE PARRAS\",\"url\":\"https:\\\/\\\/karineparras.com\\\/et\\\/\",\"logo\":{\"@type\":\"ImageObject\",\"inLanguage\":\"et\",\"@id\":\"https:\\\/\\\/karineparras.com\\\/et\\\/#\\\/schema\\\/logo\\\/image\\\/\",\"url\":\"https:\\\/\\\/karineparras.com\\\/wp-content\\\/uploads\\\/2023\\\/12\\\/logo-header.png\",\"contentUrl\":\"https:\\\/\\\/karineparras.com\\\/wp-content\\\/uploads\\\/2023\\\/12\\\/logo-header.png\",\"width\":1000,\"height\":60,\"caption\":\"KARINE PARRAS\"},\"image\":{\"@id\":\"https:\\\/\\\/karineparras.com\\\/et\\\/#\\\/schema\\\/logo\\\/image\\\/\"},\"sameAs\":[\"https:\\\/\\\/www.facebook.com\\\/karineparras\",\"https:\\\/\\\/www.instagram.com\\\/karineparras\\\/\"]}]}<\/script>\n<!-- \/ Yoast SEO plugin. -->","yoast_head_json":{"title":"\"Carbon on Carbon\" Kaelakee Valge Kuld - KARINE PARRAS","description":"S\u00fcsiniku ringi sisek\u00fcljed on kaunistatud valge kullaga. Kaelakee kaarel jooksevad kolm teemanti.","robots":{"index":"index","follow":"follow","max-snippet":"max-snippet:-1","max-image-preview":"max-image-preview:large","max-video-preview":"max-video-preview:-1"},"canonical":"https:\/\/karineparras.com\/et\/product\/carbon-on-carbon-kaelakee-valge-kuld\/","og_locale":"et_EE","og_type":"article","og_title":"\"Carbon on Carbon\" Kaelakee Valge Kuld - KARINE PARRAS","og_description":"S\u00fcsiniku ringi sisek\u00fcljed on kaunistatud valge kullaga. Kaelakee kaarel jooksevad kolm teemanti.","og_url":"https:\/\/karineparras.com\/et\/product\/carbon-on-carbon-kaelakee-valge-kuld\/","og_site_name":"KARINE PARRAS","article_publisher":"https:\/\/www.facebook.com\/karineparras","article_modified_time":"2025-03-19T12:51:31+00:00","og_image":[{"width":1152,"height":1536,"url":"https:\/\/karineparras.com\/wp-content\/uploads\/2024\/03\/KPweb_carbon_on_carbon_necklace_small_wg_white-gold-1.jpg","type":"image\/jpeg"}],"twitter_card":"summary_large_image","schema":{"@context":"https:\/\/schema.org","@graph":[{"@type":"WebPage","@id":"https:\/\/karineparras.com\/et\/product\/carbon-on-carbon-kaelakee-valge-kuld\/","url":"https:\/\/karineparras.com\/et\/product\/carbon-on-carbon-kaelakee-valge-kuld\/","name":"\"Carbon on Carbon\" Kaelakee Valge Kuld - KARINE PARRAS","isPartOf":{"@id":"https:\/\/karineparras.com\/et\/#website"},"primaryImageOfPage":{"@id":"https:\/\/karineparras.com\/et\/product\/carbon-on-carbon-kaelakee-valge-kuld\/#primaryimage"},"image":{"@id":"https:\/\/karineparras.com\/et\/product\/carbon-on-carbon-kaelakee-valge-kuld\/#primaryimage"},"thumbnailUrl":"https:\/\/karineparras.com\/wp-content\/uploads\/2024\/03\/KPweb_carbon_on_carbon_necklace_small_wg_white-gold-1.jpg","datePublished":"2023-01-12T13:38:39+00:00","dateModified":"2025-03-19T12:51:31+00:00","description":"S\u00fcsiniku ringi sisek\u00fcljed on kaunistatud valge kullaga. Kaelakee kaarel jooksevad kolm teemanti.","breadcrumb":{"@id":"https:\/\/karineparras.com\/et\/product\/carbon-on-carbon-kaelakee-valge-kuld\/#breadcrumb"},"inLanguage":"et","potentialAction":[{"@type":"ReadAction","target":["https:\/\/karineparras.com\/et\/product\/carbon-on-carbon-kaelakee-valge-kuld\/"]}]},{"@type":"ImageObject","inLanguage":"et","@id":"https:\/\/karineparras.com\/et\/product\/carbon-on-carbon-kaelakee-valge-kuld\/#primaryimage","url":"https:\/\/karineparras.com\/wp-content\/uploads\/2024\/03\/KPweb_carbon_on_carbon_necklace_small_wg_white-gold-1.jpg","contentUrl":"https:\/\/karineparras.com\/wp-content\/uploads\/2024\/03\/KPweb_carbon_on_carbon_necklace_small_wg_white-gold-1.jpg","width":1152,"height":1536},{"@type":"BreadcrumbList","@id":"https:\/\/karineparras.com\/et\/product\/carbon-on-carbon-kaelakee-valge-kuld\/#breadcrumb","itemListElement":[{"@type":"ListItem","position":1,"name":"Home","item":"https:\/\/karineparras.com\/et\/karine-parras\/"},{"@type":"ListItem","position":2,"name":"Pood","item":"https:\/\/karineparras.com\/et\/pood\/"},{"@type":"ListItem","position":3,"name":"&#8220;Carbon on Carbon&#8221; Kaelakee Valge Kuld"}]},{"@type":"WebSite","@id":"https:\/\/karineparras.com\/et\/#website","url":"https:\/\/karineparras.com\/et\/","name":"KARINE PARRAS","description":"","publisher":{"@id":"https:\/\/karineparras.com\/et\/#organization"},"potentialAction":[{"@type":"SearchAction","target":{"@type":"EntryPoint","urlTemplate":"https:\/\/karineparras.com\/et\/?s={search_term_string}"},"query-input":{"@type":"PropertyValueSpecification","valueRequired":true,"valueName":"search_term_string"}}],"inLanguage":"et"},{"@type":"Organization","@id":"https:\/\/karineparras.com\/et\/#organization","name":"KARINE PARRAS","url":"https:\/\/karineparras.com\/et\/","logo":{"@type":"ImageObject","inLanguage":"et","@id":"https:\/\/karineparras.com\/et\/#\/schema\/logo\/image\/","url":"https:\/\/karineparras.com\/wp-content\/uploads\/2023\/12\/logo-header.png","contentUrl":"https:\/\/karineparras.com\/wp-content\/uploads\/2023\/12\/logo-header.png","width":1000,"height":60,"caption":"KARINE PARRAS"},"image":{"@id":"https:\/\/karineparras.com\/et\/#\/schema\/logo\/image\/"},"sameAs":["https:\/\/www.facebook.com\/karineparras","https:\/\/www.instagram.com\/karineparras\/"]}]}},"_links":{"self":[{"href":"https:\/\/karineparras.com\/et\/wp-json\/wp\/v2\/product\/26731","targetHints":{"allow":["GET"]}}],"collection":[{"href":"https:\/\/karineparras.com\/et\/wp-json\/wp\/v2\/product"}],"about":[{"href":"https:\/\/karineparras.com\/et\/wp-json\/wp\/v2\/types\/product"}],"wp:featuredmedia":[{"embeddable":true,"href":"https:\/\/karineparras.com\/et\/wp-json\/wp\/v2\/media\/26690"}],"wp:attachment":[{"href":"https:\/\/karineparras.com\/et\/wp-json\/wp\/v2\/media?parent=26731"}],"wp:term":[{"taxonomy":"product_brand","embeddable":true,"href":"https:\/\/karineparras.com\/et\/wp-json\/wp\/v2\/product_brand?post=26731"},{"taxonomy":"product_cat","embeddable":true,"href":"https:\/\/karineparras.com\/et\/wp-json\/wp\/v2\/product_cat?post=26731"},{"taxonomy":"product_tag","embeddable":true,"href":"https:\/\/karineparras.com\/et\/wp-json\/wp\/v2\/product_tag?post=26731"}],"curies":[{"name":"wp","href":"https:\/\/api.w.org\/{rel}","templated":true}]}}