{"id":26424,"date":"2022-10-21T04:28:49","date_gmt":"2022-10-21T01:28:49","guid":{"rendered":"https:\/\/karineparras.com\/product\/lihtne-sormus-valge-lounamere-parliga\/"},"modified":"2025-03-14T16:27:36","modified_gmt":"2025-03-14T14:27:36","slug":"lihtne-sormus-valge-lounamere-parliga","status":"publish","type":"product","link":"https:\/\/karineparras.com\/et\/product\/lihtne-sormus-valge-lounamere-parliga\/","title":{"rendered":"&#8220;Simple Ring&#8221; Valge L\u00f5unamere P\u00e4rl"},"content":{"rendered":"","protected":false},"excerpt":{"rendered":"<p><a href=\"https:\/\/karineparras.com\/product-category\/fine-jewellery-lines\/simple-ring\/\" target=\"_blank\" rel=\"noopener\">SIMPLE RING<\/a><\/p>\n<p>Silmapaistev L\u00f5una-Mere p\u00e4rl, mille \u00f5rn toon ja t\u00e4iuslikult sile pind loovad ajatu luksuselemendi. Disaini lihtsus toob esile p\u00e4rli loomuliku ilu. <\/p>\n<p>S\u00f5rmus sobib suurep\u00e4raselt kokku meie keraamiliste s\u00f5rmuste valikuga. Keraamiliste s\u00f5rmuste vahetamisega saad luua t\u00e4iesti uue v\u00e4limuse. Anna oma kollektsioonile mitmek\u00fclgsust. <\/p>\n<ul>\n<li>18K valge kuld<\/li>\n<li>15 mm valge L\u00f5unamere p\u00e4rl<\/li>\n<\/ul>\n","protected":false},"featured_media":25466,"template":"","meta":{"_themeisle_gutenberg_block_has_review":false},"product_brand":[],"product_cat":[440,472,466,441],"product_tag":[456,473,478,459,609],"class_list":{"0":"post-26424","1":"product","2":"type-product","3":"status-publish","4":"has-post-thumbnail","6":"product_cat-fine-jewellery-liinid","7":"product_cat-parlid","8":"product_cat-simple-ring-et","9":"product_cat-sormused","10":"product_tag-18k-et","11":"product_tag-ehted","12":"product_tag-kuld-et","13":"product_tag-sormus-et","14":"product_tag-valge-lounamere-parl","16":"first","17":"outofstock","18":"shipping-taxable","19":"purchasable","20":"product-type-simple"},"yoast_head":"<!-- This site is optimized with the Yoast SEO plugin v27.3 - https:\/\/yoast.com\/product\/yoast-seo-wordpress\/ -->\n<title>&quot;Simple Ring&quot; Valge L\u00f5unamere P\u00e4rl - KARINE PARRAS<\/title>\n<meta name=\"description\" content=\"Kaunis kreemjasvalge L\u00f5unamere p\u00e4rl. Klassikaline s\u00f5rmus puhtal ja lihtsal kujul. S\u00f5rmus sobib ideaalselt meie keraamiliste s\u00f5rmuste valikuga.\" \/>\n<meta name=\"robots\" content=\"index, follow, max-snippet:-1, max-image-preview:large, max-video-preview:-1\" \/>\n<link rel=\"canonical\" href=\"https:\/\/karineparras.com\/et\/product\/lihtne-sormus-valge-lounamere-parliga\/\" \/>\n<meta property=\"og:locale\" content=\"et_EE\" \/>\n<meta property=\"og:type\" content=\"article\" \/>\n<meta property=\"og:title\" content=\"&quot;Simple Ring&quot; Valge L\u00f5unamere P\u00e4rl - KARINE PARRAS\" \/>\n<meta property=\"og:description\" content=\"Kaunis kreemjasvalge L\u00f5unamere p\u00e4rl. Klassikaline s\u00f5rmus puhtal ja lihtsal kujul. S\u00f5rmus sobib ideaalselt meie keraamiliste s\u00f5rmuste valikuga.\" \/>\n<meta property=\"og:url\" content=\"https:\/\/karineparras.com\/et\/product\/lihtne-sormus-valge-lounamere-parliga\/\" \/>\n<meta property=\"og:site_name\" content=\"KARINE PARRAS\" \/>\n<meta property=\"article:publisher\" content=\"https:\/\/www.facebook.com\/karineparras\" \/>\n<meta property=\"article:modified_time\" content=\"2025-03-14T14:27:36+00:00\" \/>\n<meta property=\"og:image\" content=\"https:\/\/karineparras.com\/wp-content\/uploads\/2022\/10\/FullSizeRender.jpg\" \/>\n\t<meta property=\"og:image:width\" content=\"3024\" \/>\n\t<meta property=\"og:image:height\" content=\"3780\" \/>\n\t<meta property=\"og:image:type\" content=\"image\/jpeg\" \/>\n<meta name=\"twitter:card\" content=\"summary_large_image\" \/>\n<script type=\"application\/ld+json\" class=\"yoast-schema-graph\">{\"@context\":\"https:\\\/\\\/schema.org\",\"@graph\":[{\"@type\":\"WebPage\",\"@id\":\"https:\\\/\\\/karineparras.com\\\/et\\\/product\\\/lihtne-sormus-valge-lounamere-parliga\\\/\",\"url\":\"https:\\\/\\\/karineparras.com\\\/et\\\/product\\\/lihtne-sormus-valge-lounamere-parliga\\\/\",\"name\":\"\\\"Simple Ring\\\" Valge L\u00f5unamere P\u00e4rl - KARINE PARRAS\",\"isPartOf\":{\"@id\":\"https:\\\/\\\/karineparras.com\\\/et\\\/#website\"},\"primaryImageOfPage\":{\"@id\":\"https:\\\/\\\/karineparras.com\\\/et\\\/product\\\/lihtne-sormus-valge-lounamere-parliga\\\/#primaryimage\"},\"image\":{\"@id\":\"https:\\\/\\\/karineparras.com\\\/et\\\/product\\\/lihtne-sormus-valge-lounamere-parliga\\\/#primaryimage\"},\"thumbnailUrl\":\"https:\\\/\\\/karineparras.com\\\/wp-content\\\/uploads\\\/2022\\\/10\\\/FullSizeRender.jpg\",\"datePublished\":\"2022-10-21T01:28:49+00:00\",\"dateModified\":\"2025-03-14T14:27:36+00:00\",\"description\":\"Kaunis kreemjasvalge L\u00f5unamere p\u00e4rl. Klassikaline s\u00f5rmus puhtal ja lihtsal kujul. S\u00f5rmus sobib ideaalselt meie keraamiliste s\u00f5rmuste valikuga.\",\"breadcrumb\":{\"@id\":\"https:\\\/\\\/karineparras.com\\\/et\\\/product\\\/lihtne-sormus-valge-lounamere-parliga\\\/#breadcrumb\"},\"inLanguage\":\"et\",\"potentialAction\":[{\"@type\":\"ReadAction\",\"target\":[\"https:\\\/\\\/karineparras.com\\\/et\\\/product\\\/lihtne-sormus-valge-lounamere-parliga\\\/\"]}]},{\"@type\":\"ImageObject\",\"inLanguage\":\"et\",\"@id\":\"https:\\\/\\\/karineparras.com\\\/et\\\/product\\\/lihtne-sormus-valge-lounamere-parliga\\\/#primaryimage\",\"url\":\"https:\\\/\\\/karineparras.com\\\/wp-content\\\/uploads\\\/2022\\\/10\\\/FullSizeRender.jpg\",\"contentUrl\":\"https:\\\/\\\/karineparras.com\\\/wp-content\\\/uploads\\\/2022\\\/10\\\/FullSizeRender.jpg\",\"width\":3024,\"height\":3780},{\"@type\":\"BreadcrumbList\",\"@id\":\"https:\\\/\\\/karineparras.com\\\/et\\\/product\\\/lihtne-sormus-valge-lounamere-parliga\\\/#breadcrumb\",\"itemListElement\":[{\"@type\":\"ListItem\",\"position\":1,\"name\":\"Home\",\"item\":\"https:\\\/\\\/karineparras.com\\\/et\\\/karine-parras\\\/\"},{\"@type\":\"ListItem\",\"position\":2,\"name\":\"Pood\",\"item\":\"https:\\\/\\\/karineparras.com\\\/et\\\/pood\\\/\"},{\"@type\":\"ListItem\",\"position\":3,\"name\":\"&#8220;Simple Ring&#8221; Valge L\u00f5unamere P\u00e4rl\"}]},{\"@type\":\"WebSite\",\"@id\":\"https:\\\/\\\/karineparras.com\\\/et\\\/#website\",\"url\":\"https:\\\/\\\/karineparras.com\\\/et\\\/\",\"name\":\"KARINE PARRAS\",\"description\":\"\",\"publisher\":{\"@id\":\"https:\\\/\\\/karineparras.com\\\/et\\\/#organization\"},\"potentialAction\":[{\"@type\":\"SearchAction\",\"target\":{\"@type\":\"EntryPoint\",\"urlTemplate\":\"https:\\\/\\\/karineparras.com\\\/et\\\/?s={search_term_string}\"},\"query-input\":{\"@type\":\"PropertyValueSpecification\",\"valueRequired\":true,\"valueName\":\"search_term_string\"}}],\"inLanguage\":\"et\"},{\"@type\":\"Organization\",\"@id\":\"https:\\\/\\\/karineparras.com\\\/et\\\/#organization\",\"name\":\"KARINE PARRAS\",\"url\":\"https:\\\/\\\/karineparras.com\\\/et\\\/\",\"logo\":{\"@type\":\"ImageObject\",\"inLanguage\":\"et\",\"@id\":\"https:\\\/\\\/karineparras.com\\\/et\\\/#\\\/schema\\\/logo\\\/image\\\/\",\"url\":\"https:\\\/\\\/karineparras.com\\\/wp-content\\\/uploads\\\/2023\\\/12\\\/logo-header.png\",\"contentUrl\":\"https:\\\/\\\/karineparras.com\\\/wp-content\\\/uploads\\\/2023\\\/12\\\/logo-header.png\",\"width\":1000,\"height\":60,\"caption\":\"KARINE PARRAS\"},\"image\":{\"@id\":\"https:\\\/\\\/karineparras.com\\\/et\\\/#\\\/schema\\\/logo\\\/image\\\/\"},\"sameAs\":[\"https:\\\/\\\/www.facebook.com\\\/karineparras\",\"https:\\\/\\\/www.instagram.com\\\/karineparras\\\/\"]}]}<\/script>\n<!-- \/ Yoast SEO plugin. -->","yoast_head_json":{"title":"\"Simple Ring\" Valge L\u00f5unamere P\u00e4rl - KARINE PARRAS","description":"Kaunis kreemjasvalge L\u00f5unamere p\u00e4rl. Klassikaline s\u00f5rmus puhtal ja lihtsal kujul. S\u00f5rmus sobib ideaalselt meie keraamiliste s\u00f5rmuste valikuga.","robots":{"index":"index","follow":"follow","max-snippet":"max-snippet:-1","max-image-preview":"max-image-preview:large","max-video-preview":"max-video-preview:-1"},"canonical":"https:\/\/karineparras.com\/et\/product\/lihtne-sormus-valge-lounamere-parliga\/","og_locale":"et_EE","og_type":"article","og_title":"\"Simple Ring\" Valge L\u00f5unamere P\u00e4rl - KARINE PARRAS","og_description":"Kaunis kreemjasvalge L\u00f5unamere p\u00e4rl. Klassikaline s\u00f5rmus puhtal ja lihtsal kujul. S\u00f5rmus sobib ideaalselt meie keraamiliste s\u00f5rmuste valikuga.","og_url":"https:\/\/karineparras.com\/et\/product\/lihtne-sormus-valge-lounamere-parliga\/","og_site_name":"KARINE PARRAS","article_publisher":"https:\/\/www.facebook.com\/karineparras","article_modified_time":"2025-03-14T14:27:36+00:00","og_image":[{"width":3024,"height":3780,"url":"https:\/\/karineparras.com\/wp-content\/uploads\/2022\/10\/FullSizeRender.jpg","type":"image\/jpeg"}],"twitter_card":"summary_large_image","schema":{"@context":"https:\/\/schema.org","@graph":[{"@type":"WebPage","@id":"https:\/\/karineparras.com\/et\/product\/lihtne-sormus-valge-lounamere-parliga\/","url":"https:\/\/karineparras.com\/et\/product\/lihtne-sormus-valge-lounamere-parliga\/","name":"\"Simple Ring\" Valge L\u00f5unamere P\u00e4rl - KARINE PARRAS","isPartOf":{"@id":"https:\/\/karineparras.com\/et\/#website"},"primaryImageOfPage":{"@id":"https:\/\/karineparras.com\/et\/product\/lihtne-sormus-valge-lounamere-parliga\/#primaryimage"},"image":{"@id":"https:\/\/karineparras.com\/et\/product\/lihtne-sormus-valge-lounamere-parliga\/#primaryimage"},"thumbnailUrl":"https:\/\/karineparras.com\/wp-content\/uploads\/2022\/10\/FullSizeRender.jpg","datePublished":"2022-10-21T01:28:49+00:00","dateModified":"2025-03-14T14:27:36+00:00","description":"Kaunis kreemjasvalge L\u00f5unamere p\u00e4rl. Klassikaline s\u00f5rmus puhtal ja lihtsal kujul. S\u00f5rmus sobib ideaalselt meie keraamiliste s\u00f5rmuste valikuga.","breadcrumb":{"@id":"https:\/\/karineparras.com\/et\/product\/lihtne-sormus-valge-lounamere-parliga\/#breadcrumb"},"inLanguage":"et","potentialAction":[{"@type":"ReadAction","target":["https:\/\/karineparras.com\/et\/product\/lihtne-sormus-valge-lounamere-parliga\/"]}]},{"@type":"ImageObject","inLanguage":"et","@id":"https:\/\/karineparras.com\/et\/product\/lihtne-sormus-valge-lounamere-parliga\/#primaryimage","url":"https:\/\/karineparras.com\/wp-content\/uploads\/2022\/10\/FullSizeRender.jpg","contentUrl":"https:\/\/karineparras.com\/wp-content\/uploads\/2022\/10\/FullSizeRender.jpg","width":3024,"height":3780},{"@type":"BreadcrumbList","@id":"https:\/\/karineparras.com\/et\/product\/lihtne-sormus-valge-lounamere-parliga\/#breadcrumb","itemListElement":[{"@type":"ListItem","position":1,"name":"Home","item":"https:\/\/karineparras.com\/et\/karine-parras\/"},{"@type":"ListItem","position":2,"name":"Pood","item":"https:\/\/karineparras.com\/et\/pood\/"},{"@type":"ListItem","position":3,"name":"&#8220;Simple Ring&#8221; Valge L\u00f5unamere P\u00e4rl"}]},{"@type":"WebSite","@id":"https:\/\/karineparras.com\/et\/#website","url":"https:\/\/karineparras.com\/et\/","name":"KARINE PARRAS","description":"","publisher":{"@id":"https:\/\/karineparras.com\/et\/#organization"},"potentialAction":[{"@type":"SearchAction","target":{"@type":"EntryPoint","urlTemplate":"https:\/\/karineparras.com\/et\/?s={search_term_string}"},"query-input":{"@type":"PropertyValueSpecification","valueRequired":true,"valueName":"search_term_string"}}],"inLanguage":"et"},{"@type":"Organization","@id":"https:\/\/karineparras.com\/et\/#organization","name":"KARINE PARRAS","url":"https:\/\/karineparras.com\/et\/","logo":{"@type":"ImageObject","inLanguage":"et","@id":"https:\/\/karineparras.com\/et\/#\/schema\/logo\/image\/","url":"https:\/\/karineparras.com\/wp-content\/uploads\/2023\/12\/logo-header.png","contentUrl":"https:\/\/karineparras.com\/wp-content\/uploads\/2023\/12\/logo-header.png","width":1000,"height":60,"caption":"KARINE PARRAS"},"image":{"@id":"https:\/\/karineparras.com\/et\/#\/schema\/logo\/image\/"},"sameAs":["https:\/\/www.facebook.com\/karineparras","https:\/\/www.instagram.com\/karineparras\/"]}]}},"_links":{"self":[{"href":"https:\/\/karineparras.com\/et\/wp-json\/wp\/v2\/product\/26424","targetHints":{"allow":["GET"]}}],"collection":[{"href":"https:\/\/karineparras.com\/et\/wp-json\/wp\/v2\/product"}],"about":[{"href":"https:\/\/karineparras.com\/et\/wp-json\/wp\/v2\/types\/product"}],"wp:featuredmedia":[{"embeddable":true,"href":"https:\/\/karineparras.com\/et\/wp-json\/wp\/v2\/media\/25466"}],"wp:attachment":[{"href":"https:\/\/karineparras.com\/et\/wp-json\/wp\/v2\/media?parent=26424"}],"wp:term":[{"taxonomy":"product_brand","embeddable":true,"href":"https:\/\/karineparras.com\/et\/wp-json\/wp\/v2\/product_brand?post=26424"},{"taxonomy":"product_cat","embeddable":true,"href":"https:\/\/karineparras.com\/et\/wp-json\/wp\/v2\/product_cat?post=26424"},{"taxonomy":"product_tag","embeddable":true,"href":"https:\/\/karineparras.com\/et\/wp-json\/wp\/v2\/product_tag?post=26424"}],"curies":[{"name":"wp","href":"https:\/\/api.w.org\/{rel}","templated":true}]}}