{"id":26418,"date":"2022-10-21T04:28:51","date_gmt":"2022-10-21T01:28:51","guid":{"rendered":"https:\/\/karineparras.com\/product\/lihtne-traat-kaevoru-roosakuldne\/"},"modified":"2025-03-14T17:15:30","modified_gmt":"2025-03-14T15:15:30","slug":"lihtne-traat-kaevoru-roosakuldne","status":"publish","type":"product","link":"https:\/\/karineparras.com\/et\/product\/lihtne-traat-kaevoru-roosakuldne\/","title":{"rendered":"&#8220;Simple Wire&#8221; K\u00e4ev\u00f5ru Roosa Kuld"},"content":{"rendered":"","protected":false},"excerpt":{"rendered":"<p><span data-sheets-value=\"{\"1\":2,\"2\":\"Simple Wire CollectionnnJust as the name suggests, this collection is meant to be easy-going. The gentle look of the Simple Wire Collection will compliment any outfit you are going for, be it a elegant event or a trip to the beach with your friends. To really make it sparkle this collection is suited with diamonds on both ends.nn - 18K Rose goldn -0,40ctw F VS LG diamonds\"}\" data-sheets-userformat=\"{\"2\":829,\"3\":{\"1\":0},\"5\":{\"1\":[{\"1\":2,\"2\":0,\"5\":{\"1\":2,\"2\":0}},{\"1\":0,\"2\":0,\"3\":3},{\"1\":1,\"2\":0,\"4\":1}]},\"6\":{\"1\":[{\"1\":2,\"2\":0,\"5\":{\"1\":2,\"2\":0}},{\"1\":0,\"2\":0,\"3\":3},{\"1\":1,\"2\":0,\"4\":1}]},\"7\":{\"1\":[{\"1\":2,\"2\":0,\"5\":{\"1\":2,\"2\":0}},{\"1\":0,\"2\":0,\"3\":3},{\"1\":1,\"2\":0,\"4\":1}]},\"8\":{\"1\":[{\"1\":2,\"2\":0,\"5\":{\"1\":2,\"2\":0}},{\"1\":0,\"2\":0,\"3\":3},{\"1\":1,\"2\":0,\"4\":1}]},\"11\":4,\"12\":0}\"><a href=\"https:\/\/karineparras.com\/product-category\/fine-jewellery-lines\/simple-wire\/\" target=\"_blank\" rel=\"noopener\">SIMPLE WIRE<\/a><\/span><\/p>\n<p class=\"p1\">Nagu nimi vihjab, on Simple Wire kollektsioon loodud lihtsaks ja mugavaks igap\u00e4evaseks kandmiseks. Kollektsioonis on m\u00f5lemas k\u00e4ev\u00f5ru otsas teemandid, mis t\u00f5stavad esile selle loomulikku s\u00e4ra, andes sellele elegantse ilme. <\/p>\n<ul>\n<li><span data-sheets-value=\"{\"1\":2,\"2\":\"Simple Wire CollectionnnJust as the name suggests, this collection is meant to be easy-going. The gentle look of the Simple Wire Collection will compliment any outfit you are going for, be it a elegant event or a trip to the beach with your friends. To really make it sparkle this collection is suited with diamonds on both ends.nn - 18K Rose goldn -0,40ctw F VS LG diamonds\"}\" data-sheets-userformat=\"{\"2\":829,\"3\":{\"1\":0},\"5\":{\"1\":[{\"1\":2,\"2\":0,\"5\":{\"1\":2,\"2\":0}},{\"1\":0,\"2\":0,\"3\":3},{\"1\":1,\"2\":0,\"4\":1}]},\"6\":{\"1\":[{\"1\":2,\"2\":0,\"5\":{\"1\":2,\"2\":0}},{\"1\":0,\"2\":0,\"3\":3},{\"1\":1,\"2\":0,\"4\":1}]},\"7\":{\"1\":[{\"1\":2,\"2\":0,\"5\":{\"1\":2,\"2\":0}},{\"1\":0,\"2\":0,\"3\":3},{\"1\":1,\"2\":0,\"4\":1}]},\"8\":{\"1\":[{\"1\":2,\"2\":0,\"5\":{\"1\":2,\"2\":0}},{\"1\":0,\"2\":0,\"3\":3},{\"1\":1,\"2\":0,\"4\":1}]},\"11\":4,\"12\":0}\">18K roosa kuld<\/span><\/li>\n<li>0.40 ctw F VS laborteemandid<\/li>\n<\/ul>\n","protected":false},"featured_media":25472,"template":"","meta":{"_themeisle_gutenberg_block_has_review":false},"product_brand":[],"product_cat":[440,455,580],"product_tag":[],"class_list":{"0":"post-26418","1":"product","2":"type-product","3":"status-publish","4":"has-post-thumbnail","6":"product_cat-fine-jewellery-liinid","7":"product_cat-kaevorud","8":"product_cat-simple-wire-et","10":"first","11":"outofstock","12":"shipping-taxable","13":"purchasable","14":"product-type-simple"},"yoast_head":"<!-- This site is optimized with the Yoast SEO plugin v27.3 - https:\/\/yoast.com\/product\/yoast-seo-wordpress\/ -->\n<title>&quot;Simple Wire&quot; K\u00e4ev\u00f5ru Roosa Kuld - KARINE PARRAS<\/title>\n<meta name=\"description\" content=\"Simple Wire kollektsiooni \u00f5rn disain t\u00e4iustab iga riietust, olgu selleks elegantne s\u00fcndmus v\u00f5i l\u00f5\u00f5gastav p\u00e4ev rannas s\u00f5pradega.\" \/>\n<meta name=\"robots\" content=\"index, follow, max-snippet:-1, max-image-preview:large, max-video-preview:-1\" \/>\n<link rel=\"canonical\" href=\"https:\/\/karineparras.com\/et\/product\/lihtne-traat-kaevoru-roosakuldne\/\" \/>\n<meta property=\"og:locale\" content=\"et_EE\" \/>\n<meta property=\"og:type\" content=\"article\" \/>\n<meta property=\"og:title\" content=\"&quot;Simple Wire&quot; K\u00e4ev\u00f5ru Roosa Kuld - KARINE PARRAS\" \/>\n<meta property=\"og:description\" content=\"Simple Wire kollektsiooni \u00f5rn disain t\u00e4iustab iga riietust, olgu selleks elegantne s\u00fcndmus v\u00f5i l\u00f5\u00f5gastav p\u00e4ev rannas s\u00f5pradega.\" \/>\n<meta property=\"og:url\" content=\"https:\/\/karineparras.com\/et\/product\/lihtne-traat-kaevoru-roosakuldne\/\" \/>\n<meta property=\"og:site_name\" content=\"KARINE PARRAS\" \/>\n<meta property=\"article:publisher\" content=\"https:\/\/www.facebook.com\/karineparras\" \/>\n<meta property=\"article:modified_time\" content=\"2025-03-14T15:15:30+00:00\" \/>\n<meta property=\"og:image\" content=\"https:\/\/karineparras.com\/wp-content\/uploads\/2022\/10\/KPweb_simple_wire_bracelet_rg.jpg\" \/>\n\t<meta property=\"og:image:width\" content=\"1152\" \/>\n\t<meta property=\"og:image:height\" content=\"1536\" \/>\n\t<meta property=\"og:image:type\" content=\"image\/jpeg\" \/>\n<meta name=\"twitter:card\" content=\"summary_large_image\" \/>\n<script type=\"application\/ld+json\" class=\"yoast-schema-graph\">{\"@context\":\"https:\\\/\\\/schema.org\",\"@graph\":[{\"@type\":\"WebPage\",\"@id\":\"https:\\\/\\\/karineparras.com\\\/et\\\/product\\\/lihtne-traat-kaevoru-roosakuldne\\\/\",\"url\":\"https:\\\/\\\/karineparras.com\\\/et\\\/product\\\/lihtne-traat-kaevoru-roosakuldne\\\/\",\"name\":\"\\\"Simple Wire\\\" K\u00e4ev\u00f5ru Roosa Kuld - KARINE PARRAS\",\"isPartOf\":{\"@id\":\"https:\\\/\\\/karineparras.com\\\/et\\\/#website\"},\"primaryImageOfPage\":{\"@id\":\"https:\\\/\\\/karineparras.com\\\/et\\\/product\\\/lihtne-traat-kaevoru-roosakuldne\\\/#primaryimage\"},\"image\":{\"@id\":\"https:\\\/\\\/karineparras.com\\\/et\\\/product\\\/lihtne-traat-kaevoru-roosakuldne\\\/#primaryimage\"},\"thumbnailUrl\":\"https:\\\/\\\/karineparras.com\\\/wp-content\\\/uploads\\\/2022\\\/10\\\/KPweb_simple_wire_bracelet_rg.jpg\",\"datePublished\":\"2022-10-21T01:28:51+00:00\",\"dateModified\":\"2025-03-14T15:15:30+00:00\",\"description\":\"Simple Wire kollektsiooni \u00f5rn disain t\u00e4iustab iga riietust, olgu selleks elegantne s\u00fcndmus v\u00f5i l\u00f5\u00f5gastav p\u00e4ev rannas s\u00f5pradega.\",\"breadcrumb\":{\"@id\":\"https:\\\/\\\/karineparras.com\\\/et\\\/product\\\/lihtne-traat-kaevoru-roosakuldne\\\/#breadcrumb\"},\"inLanguage\":\"et\",\"potentialAction\":[{\"@type\":\"ReadAction\",\"target\":[\"https:\\\/\\\/karineparras.com\\\/et\\\/product\\\/lihtne-traat-kaevoru-roosakuldne\\\/\"]}]},{\"@type\":\"ImageObject\",\"inLanguage\":\"et\",\"@id\":\"https:\\\/\\\/karineparras.com\\\/et\\\/product\\\/lihtne-traat-kaevoru-roosakuldne\\\/#primaryimage\",\"url\":\"https:\\\/\\\/karineparras.com\\\/wp-content\\\/uploads\\\/2022\\\/10\\\/KPweb_simple_wire_bracelet_rg.jpg\",\"contentUrl\":\"https:\\\/\\\/karineparras.com\\\/wp-content\\\/uploads\\\/2022\\\/10\\\/KPweb_simple_wire_bracelet_rg.jpg\",\"width\":1152,\"height\":1536},{\"@type\":\"BreadcrumbList\",\"@id\":\"https:\\\/\\\/karineparras.com\\\/et\\\/product\\\/lihtne-traat-kaevoru-roosakuldne\\\/#breadcrumb\",\"itemListElement\":[{\"@type\":\"ListItem\",\"position\":1,\"name\":\"Home\",\"item\":\"https:\\\/\\\/karineparras.com\\\/et\\\/karine-parras\\\/\"},{\"@type\":\"ListItem\",\"position\":2,\"name\":\"Pood\",\"item\":\"https:\\\/\\\/karineparras.com\\\/et\\\/pood\\\/\"},{\"@type\":\"ListItem\",\"position\":3,\"name\":\"&#8220;Simple Wire&#8221; K\u00e4ev\u00f5ru Roosa Kuld\"}]},{\"@type\":\"WebSite\",\"@id\":\"https:\\\/\\\/karineparras.com\\\/et\\\/#website\",\"url\":\"https:\\\/\\\/karineparras.com\\\/et\\\/\",\"name\":\"KARINE PARRAS\",\"description\":\"\",\"publisher\":{\"@id\":\"https:\\\/\\\/karineparras.com\\\/et\\\/#organization\"},\"potentialAction\":[{\"@type\":\"SearchAction\",\"target\":{\"@type\":\"EntryPoint\",\"urlTemplate\":\"https:\\\/\\\/karineparras.com\\\/et\\\/?s={search_term_string}\"},\"query-input\":{\"@type\":\"PropertyValueSpecification\",\"valueRequired\":true,\"valueName\":\"search_term_string\"}}],\"inLanguage\":\"et\"},{\"@type\":\"Organization\",\"@id\":\"https:\\\/\\\/karineparras.com\\\/et\\\/#organization\",\"name\":\"KARINE PARRAS\",\"url\":\"https:\\\/\\\/karineparras.com\\\/et\\\/\",\"logo\":{\"@type\":\"ImageObject\",\"inLanguage\":\"et\",\"@id\":\"https:\\\/\\\/karineparras.com\\\/et\\\/#\\\/schema\\\/logo\\\/image\\\/\",\"url\":\"https:\\\/\\\/karineparras.com\\\/wp-content\\\/uploads\\\/2023\\\/12\\\/logo-header.png\",\"contentUrl\":\"https:\\\/\\\/karineparras.com\\\/wp-content\\\/uploads\\\/2023\\\/12\\\/logo-header.png\",\"width\":1000,\"height\":60,\"caption\":\"KARINE PARRAS\"},\"image\":{\"@id\":\"https:\\\/\\\/karineparras.com\\\/et\\\/#\\\/schema\\\/logo\\\/image\\\/\"},\"sameAs\":[\"https:\\\/\\\/www.facebook.com\\\/karineparras\",\"https:\\\/\\\/www.instagram.com\\\/karineparras\\\/\"]}]}<\/script>\n<!-- \/ Yoast SEO plugin. -->","yoast_head_json":{"title":"\"Simple Wire\" K\u00e4ev\u00f5ru Roosa Kuld - KARINE PARRAS","description":"Simple Wire kollektsiooni \u00f5rn disain t\u00e4iustab iga riietust, olgu selleks elegantne s\u00fcndmus v\u00f5i l\u00f5\u00f5gastav p\u00e4ev rannas s\u00f5pradega.","robots":{"index":"index","follow":"follow","max-snippet":"max-snippet:-1","max-image-preview":"max-image-preview:large","max-video-preview":"max-video-preview:-1"},"canonical":"https:\/\/karineparras.com\/et\/product\/lihtne-traat-kaevoru-roosakuldne\/","og_locale":"et_EE","og_type":"article","og_title":"\"Simple Wire\" K\u00e4ev\u00f5ru Roosa Kuld - KARINE PARRAS","og_description":"Simple Wire kollektsiooni \u00f5rn disain t\u00e4iustab iga riietust, olgu selleks elegantne s\u00fcndmus v\u00f5i l\u00f5\u00f5gastav p\u00e4ev rannas s\u00f5pradega.","og_url":"https:\/\/karineparras.com\/et\/product\/lihtne-traat-kaevoru-roosakuldne\/","og_site_name":"KARINE PARRAS","article_publisher":"https:\/\/www.facebook.com\/karineparras","article_modified_time":"2025-03-14T15:15:30+00:00","og_image":[{"width":1152,"height":1536,"url":"https:\/\/karineparras.com\/wp-content\/uploads\/2022\/10\/KPweb_simple_wire_bracelet_rg.jpg","type":"image\/jpeg"}],"twitter_card":"summary_large_image","schema":{"@context":"https:\/\/schema.org","@graph":[{"@type":"WebPage","@id":"https:\/\/karineparras.com\/et\/product\/lihtne-traat-kaevoru-roosakuldne\/","url":"https:\/\/karineparras.com\/et\/product\/lihtne-traat-kaevoru-roosakuldne\/","name":"\"Simple Wire\" K\u00e4ev\u00f5ru Roosa Kuld - KARINE PARRAS","isPartOf":{"@id":"https:\/\/karineparras.com\/et\/#website"},"primaryImageOfPage":{"@id":"https:\/\/karineparras.com\/et\/product\/lihtne-traat-kaevoru-roosakuldne\/#primaryimage"},"image":{"@id":"https:\/\/karineparras.com\/et\/product\/lihtne-traat-kaevoru-roosakuldne\/#primaryimage"},"thumbnailUrl":"https:\/\/karineparras.com\/wp-content\/uploads\/2022\/10\/KPweb_simple_wire_bracelet_rg.jpg","datePublished":"2022-10-21T01:28:51+00:00","dateModified":"2025-03-14T15:15:30+00:00","description":"Simple Wire kollektsiooni \u00f5rn disain t\u00e4iustab iga riietust, olgu selleks elegantne s\u00fcndmus v\u00f5i l\u00f5\u00f5gastav p\u00e4ev rannas s\u00f5pradega.","breadcrumb":{"@id":"https:\/\/karineparras.com\/et\/product\/lihtne-traat-kaevoru-roosakuldne\/#breadcrumb"},"inLanguage":"et","potentialAction":[{"@type":"ReadAction","target":["https:\/\/karineparras.com\/et\/product\/lihtne-traat-kaevoru-roosakuldne\/"]}]},{"@type":"ImageObject","inLanguage":"et","@id":"https:\/\/karineparras.com\/et\/product\/lihtne-traat-kaevoru-roosakuldne\/#primaryimage","url":"https:\/\/karineparras.com\/wp-content\/uploads\/2022\/10\/KPweb_simple_wire_bracelet_rg.jpg","contentUrl":"https:\/\/karineparras.com\/wp-content\/uploads\/2022\/10\/KPweb_simple_wire_bracelet_rg.jpg","width":1152,"height":1536},{"@type":"BreadcrumbList","@id":"https:\/\/karineparras.com\/et\/product\/lihtne-traat-kaevoru-roosakuldne\/#breadcrumb","itemListElement":[{"@type":"ListItem","position":1,"name":"Home","item":"https:\/\/karineparras.com\/et\/karine-parras\/"},{"@type":"ListItem","position":2,"name":"Pood","item":"https:\/\/karineparras.com\/et\/pood\/"},{"@type":"ListItem","position":3,"name":"&#8220;Simple Wire&#8221; K\u00e4ev\u00f5ru Roosa Kuld"}]},{"@type":"WebSite","@id":"https:\/\/karineparras.com\/et\/#website","url":"https:\/\/karineparras.com\/et\/","name":"KARINE PARRAS","description":"","publisher":{"@id":"https:\/\/karineparras.com\/et\/#organization"},"potentialAction":[{"@type":"SearchAction","target":{"@type":"EntryPoint","urlTemplate":"https:\/\/karineparras.com\/et\/?s={search_term_string}"},"query-input":{"@type":"PropertyValueSpecification","valueRequired":true,"valueName":"search_term_string"}}],"inLanguage":"et"},{"@type":"Organization","@id":"https:\/\/karineparras.com\/et\/#organization","name":"KARINE PARRAS","url":"https:\/\/karineparras.com\/et\/","logo":{"@type":"ImageObject","inLanguage":"et","@id":"https:\/\/karineparras.com\/et\/#\/schema\/logo\/image\/","url":"https:\/\/karineparras.com\/wp-content\/uploads\/2023\/12\/logo-header.png","contentUrl":"https:\/\/karineparras.com\/wp-content\/uploads\/2023\/12\/logo-header.png","width":1000,"height":60,"caption":"KARINE PARRAS"},"image":{"@id":"https:\/\/karineparras.com\/et\/#\/schema\/logo\/image\/"},"sameAs":["https:\/\/www.facebook.com\/karineparras","https:\/\/www.instagram.com\/karineparras\/"]}]}},"_links":{"self":[{"href":"https:\/\/karineparras.com\/et\/wp-json\/wp\/v2\/product\/26418","targetHints":{"allow":["GET"]}}],"collection":[{"href":"https:\/\/karineparras.com\/et\/wp-json\/wp\/v2\/product"}],"about":[{"href":"https:\/\/karineparras.com\/et\/wp-json\/wp\/v2\/types\/product"}],"wp:featuredmedia":[{"embeddable":true,"href":"https:\/\/karineparras.com\/et\/wp-json\/wp\/v2\/media\/25472"}],"wp:attachment":[{"href":"https:\/\/karineparras.com\/et\/wp-json\/wp\/v2\/media?parent=26418"}],"wp:term":[{"taxonomy":"product_brand","embeddable":true,"href":"https:\/\/karineparras.com\/et\/wp-json\/wp\/v2\/product_brand?post=26418"},{"taxonomy":"product_cat","embeddable":true,"href":"https:\/\/karineparras.com\/et\/wp-json\/wp\/v2\/product_cat?post=26418"},{"taxonomy":"product_tag","embeddable":true,"href":"https:\/\/karineparras.com\/et\/wp-json\/wp\/v2\/product_tag?post=26418"}],"curies":[{"name":"wp","href":"https:\/\/api.w.org\/{rel}","templated":true}]}}