{"id":26409,"date":"2022-10-21T04:26:23","date_gmt":"2022-10-21T01:26:23","guid":{"rendered":"https:\/\/karineparras.com\/product\/akoya-pearls-hoop-korvarongad\/"},"modified":"2025-03-11T13:28:00","modified_gmt":"2025-03-11T11:28:00","slug":"akoya-pearls-hoop-korvarongad","status":"publish","type":"product","link":"https:\/\/karineparras.com\/et\/product\/akoya-pearls-hoop-korvarongad\/","title":{"rendered":"Akoya P\u00e4rlitega R\u00f5ngask\u00f5rvar\u00f5ngad"},"content":{"rendered":"","protected":false},"excerpt":{"rendered":"<p>Kaunid r\u00f5ngask\u00f5rvar\u00f5ngad Akoya p\u00e4rlitega &#8211; kuninglik minevik toodud olevikku kaasaegse disainiga.<\/p>\n<p>K\u00f5rvar\u00f5ngaste kerguse tagab p\u00e4rlite kaudu kulgev titaantraat. P\u00e4rlite vahele paigutatud 18 karaadised kollase kulla r\u00f5ngad r\u00f5hutavad ehte rikkust ja luksust.<\/p>\n<p>Juukseid \u00fclesse t\u00f5mmates saavad k\u00f5rvar\u00f5ngad erilise fookuse.<\/p>\n<ul>\n<li>18K roosa kuld<\/li>\n<li>19 x 2 Akoya p\u00e4rlit<\/li>\n<\/ul>\n","protected":false},"featured_media":25075,"template":"","meta":{"_themeisle_gutenberg_block_has_review":false},"product_brand":[],"product_cat":[454,472],"product_tag":[],"class_list":{"0":"post-26409","1":"product","2":"type-product","3":"status-publish","4":"has-post-thumbnail","6":"product_cat-korvarongad","7":"product_cat-parlid","9":"first","10":"outofstock","11":"shipping-taxable","12":"purchasable","13":"product-type-simple"},"yoast_head":"<!-- This site is optimized with the Yoast SEO plugin v27.3 - https:\/\/yoast.com\/product\/yoast-seo-wordpress\/ -->\n<title>Akoya P\u00e4rlitega R\u00f5ngask\u00f5rvar\u00f5ngad - KARINE PARRAS<\/title>\n<meta name=\"robots\" content=\"index, follow, max-snippet:-1, max-image-preview:large, max-video-preview:-1\" \/>\n<link rel=\"canonical\" href=\"https:\/\/karineparras.com\/et\/product\/akoya-pearls-hoop-korvarongad\/\" \/>\n<meta property=\"og:locale\" content=\"et_EE\" \/>\n<meta property=\"og:type\" content=\"article\" \/>\n<meta property=\"og:title\" content=\"Akoya P\u00e4rlitega R\u00f5ngask\u00f5rvar\u00f5ngad - KARINE PARRAS\" \/>\n<meta property=\"og:description\" content=\"Kaunid r\u00f5ngask\u00f5rvar\u00f5ngad Akoya p\u00e4rlitega - kuninglik minevik toodud olevikku kaasaegse disainiga.  K\u00f5rvar\u00f5ngaste kerguse tagab p\u00e4rlite kaudu kulgev titaantraat. P\u00e4rlite vahele paigutatud 18 karaadised kollase kulla r\u00f5ngad r\u00f5hutavad ehte rikkust ja luksust.  Juukseid \u00fclesse t\u00f5mmates saavad k\u00f5rvar\u00f5ngad erilise fookuse.   18K roosa kuld  19 x 2 Akoya p\u00e4rlit\" \/>\n<meta property=\"og:url\" content=\"https:\/\/karineparras.com\/et\/product\/akoya-pearls-hoop-korvarongad\/\" \/>\n<meta property=\"og:site_name\" content=\"KARINE PARRAS\" \/>\n<meta property=\"article:publisher\" content=\"https:\/\/www.facebook.com\/karineparras\" \/>\n<meta property=\"article:modified_time\" content=\"2025-03-11T11:28:00+00:00\" \/>\n<meta property=\"og:image\" content=\"https:\/\/karineparras.com\/wp-content\/uploads\/2022\/10\/KPweb_akoya_pearl_earrings_hoops.jpg\" \/>\n\t<meta property=\"og:image:width\" content=\"1152\" \/>\n\t<meta property=\"og:image:height\" content=\"1536\" \/>\n\t<meta property=\"og:image:type\" content=\"image\/jpeg\" \/>\n<meta name=\"twitter:card\" content=\"summary_large_image\" \/>\n<meta name=\"twitter:label1\" content=\"Est. reading time\" \/>\n\t<meta name=\"twitter:data1\" content=\"1 minut\" \/>\n<script type=\"application\/ld+json\" class=\"yoast-schema-graph\">{\"@context\":\"https:\\\/\\\/schema.org\",\"@graph\":[{\"@type\":\"WebPage\",\"@id\":\"https:\\\/\\\/karineparras.com\\\/et\\\/product\\\/akoya-pearls-hoop-korvarongad\\\/\",\"url\":\"https:\\\/\\\/karineparras.com\\\/et\\\/product\\\/akoya-pearls-hoop-korvarongad\\\/\",\"name\":\"Akoya P\u00e4rlitega R\u00f5ngask\u00f5rvar\u00f5ngad - KARINE PARRAS\",\"isPartOf\":{\"@id\":\"https:\\\/\\\/karineparras.com\\\/et\\\/#website\"},\"primaryImageOfPage\":{\"@id\":\"https:\\\/\\\/karineparras.com\\\/et\\\/product\\\/akoya-pearls-hoop-korvarongad\\\/#primaryimage\"},\"image\":{\"@id\":\"https:\\\/\\\/karineparras.com\\\/et\\\/product\\\/akoya-pearls-hoop-korvarongad\\\/#primaryimage\"},\"thumbnailUrl\":\"https:\\\/\\\/karineparras.com\\\/wp-content\\\/uploads\\\/2022\\\/10\\\/KPweb_akoya_pearl_earrings_hoops.jpg\",\"datePublished\":\"2022-10-21T01:26:23+00:00\",\"dateModified\":\"2025-03-11T11:28:00+00:00\",\"breadcrumb\":{\"@id\":\"https:\\\/\\\/karineparras.com\\\/et\\\/product\\\/akoya-pearls-hoop-korvarongad\\\/#breadcrumb\"},\"inLanguage\":\"et\",\"potentialAction\":[{\"@type\":\"ReadAction\",\"target\":[\"https:\\\/\\\/karineparras.com\\\/et\\\/product\\\/akoya-pearls-hoop-korvarongad\\\/\"]}]},{\"@type\":\"ImageObject\",\"inLanguage\":\"et\",\"@id\":\"https:\\\/\\\/karineparras.com\\\/et\\\/product\\\/akoya-pearls-hoop-korvarongad\\\/#primaryimage\",\"url\":\"https:\\\/\\\/karineparras.com\\\/wp-content\\\/uploads\\\/2022\\\/10\\\/KPweb_akoya_pearl_earrings_hoops.jpg\",\"contentUrl\":\"https:\\\/\\\/karineparras.com\\\/wp-content\\\/uploads\\\/2022\\\/10\\\/KPweb_akoya_pearl_earrings_hoops.jpg\",\"width\":1152,\"height\":1536},{\"@type\":\"BreadcrumbList\",\"@id\":\"https:\\\/\\\/karineparras.com\\\/et\\\/product\\\/akoya-pearls-hoop-korvarongad\\\/#breadcrumb\",\"itemListElement\":[{\"@type\":\"ListItem\",\"position\":1,\"name\":\"Home\",\"item\":\"https:\\\/\\\/karineparras.com\\\/et\\\/karine-parras\\\/\"},{\"@type\":\"ListItem\",\"position\":2,\"name\":\"Pood\",\"item\":\"https:\\\/\\\/karineparras.com\\\/et\\\/pood\\\/\"},{\"@type\":\"ListItem\",\"position\":3,\"name\":\"Akoya P\u00e4rlitega R\u00f5ngask\u00f5rvar\u00f5ngad\"}]},{\"@type\":\"WebSite\",\"@id\":\"https:\\\/\\\/karineparras.com\\\/et\\\/#website\",\"url\":\"https:\\\/\\\/karineparras.com\\\/et\\\/\",\"name\":\"KARINE PARRAS\",\"description\":\"\",\"publisher\":{\"@id\":\"https:\\\/\\\/karineparras.com\\\/et\\\/#organization\"},\"potentialAction\":[{\"@type\":\"SearchAction\",\"target\":{\"@type\":\"EntryPoint\",\"urlTemplate\":\"https:\\\/\\\/karineparras.com\\\/et\\\/?s={search_term_string}\"},\"query-input\":{\"@type\":\"PropertyValueSpecification\",\"valueRequired\":true,\"valueName\":\"search_term_string\"}}],\"inLanguage\":\"et\"},{\"@type\":\"Organization\",\"@id\":\"https:\\\/\\\/karineparras.com\\\/et\\\/#organization\",\"name\":\"KARINE PARRAS\",\"url\":\"https:\\\/\\\/karineparras.com\\\/et\\\/\",\"logo\":{\"@type\":\"ImageObject\",\"inLanguage\":\"et\",\"@id\":\"https:\\\/\\\/karineparras.com\\\/et\\\/#\\\/schema\\\/logo\\\/image\\\/\",\"url\":\"https:\\\/\\\/karineparras.com\\\/wp-content\\\/uploads\\\/2023\\\/12\\\/logo-header.png\",\"contentUrl\":\"https:\\\/\\\/karineparras.com\\\/wp-content\\\/uploads\\\/2023\\\/12\\\/logo-header.png\",\"width\":1000,\"height\":60,\"caption\":\"KARINE PARRAS\"},\"image\":{\"@id\":\"https:\\\/\\\/karineparras.com\\\/et\\\/#\\\/schema\\\/logo\\\/image\\\/\"},\"sameAs\":[\"https:\\\/\\\/www.facebook.com\\\/karineparras\",\"https:\\\/\\\/www.instagram.com\\\/karineparras\\\/\"]}]}<\/script>\n<!-- \/ Yoast SEO plugin. -->","yoast_head_json":{"title":"Akoya P\u00e4rlitega R\u00f5ngask\u00f5rvar\u00f5ngad - KARINE PARRAS","robots":{"index":"index","follow":"follow","max-snippet":"max-snippet:-1","max-image-preview":"max-image-preview:large","max-video-preview":"max-video-preview:-1"},"canonical":"https:\/\/karineparras.com\/et\/product\/akoya-pearls-hoop-korvarongad\/","og_locale":"et_EE","og_type":"article","og_title":"Akoya P\u00e4rlitega R\u00f5ngask\u00f5rvar\u00f5ngad - KARINE PARRAS","og_description":"Kaunid r\u00f5ngask\u00f5rvar\u00f5ngad Akoya p\u00e4rlitega - kuninglik minevik toodud olevikku kaasaegse disainiga.  K\u00f5rvar\u00f5ngaste kerguse tagab p\u00e4rlite kaudu kulgev titaantraat. P\u00e4rlite vahele paigutatud 18 karaadised kollase kulla r\u00f5ngad r\u00f5hutavad ehte rikkust ja luksust.  Juukseid \u00fclesse t\u00f5mmates saavad k\u00f5rvar\u00f5ngad erilise fookuse.   18K roosa kuld  19 x 2 Akoya p\u00e4rlit","og_url":"https:\/\/karineparras.com\/et\/product\/akoya-pearls-hoop-korvarongad\/","og_site_name":"KARINE PARRAS","article_publisher":"https:\/\/www.facebook.com\/karineparras","article_modified_time":"2025-03-11T11:28:00+00:00","og_image":[{"width":1152,"height":1536,"url":"https:\/\/karineparras.com\/wp-content\/uploads\/2022\/10\/KPweb_akoya_pearl_earrings_hoops.jpg","type":"image\/jpeg"}],"twitter_card":"summary_large_image","twitter_misc":{"Est. reading time":"1 minut"},"schema":{"@context":"https:\/\/schema.org","@graph":[{"@type":"WebPage","@id":"https:\/\/karineparras.com\/et\/product\/akoya-pearls-hoop-korvarongad\/","url":"https:\/\/karineparras.com\/et\/product\/akoya-pearls-hoop-korvarongad\/","name":"Akoya P\u00e4rlitega R\u00f5ngask\u00f5rvar\u00f5ngad - KARINE PARRAS","isPartOf":{"@id":"https:\/\/karineparras.com\/et\/#website"},"primaryImageOfPage":{"@id":"https:\/\/karineparras.com\/et\/product\/akoya-pearls-hoop-korvarongad\/#primaryimage"},"image":{"@id":"https:\/\/karineparras.com\/et\/product\/akoya-pearls-hoop-korvarongad\/#primaryimage"},"thumbnailUrl":"https:\/\/karineparras.com\/wp-content\/uploads\/2022\/10\/KPweb_akoya_pearl_earrings_hoops.jpg","datePublished":"2022-10-21T01:26:23+00:00","dateModified":"2025-03-11T11:28:00+00:00","breadcrumb":{"@id":"https:\/\/karineparras.com\/et\/product\/akoya-pearls-hoop-korvarongad\/#breadcrumb"},"inLanguage":"et","potentialAction":[{"@type":"ReadAction","target":["https:\/\/karineparras.com\/et\/product\/akoya-pearls-hoop-korvarongad\/"]}]},{"@type":"ImageObject","inLanguage":"et","@id":"https:\/\/karineparras.com\/et\/product\/akoya-pearls-hoop-korvarongad\/#primaryimage","url":"https:\/\/karineparras.com\/wp-content\/uploads\/2022\/10\/KPweb_akoya_pearl_earrings_hoops.jpg","contentUrl":"https:\/\/karineparras.com\/wp-content\/uploads\/2022\/10\/KPweb_akoya_pearl_earrings_hoops.jpg","width":1152,"height":1536},{"@type":"BreadcrumbList","@id":"https:\/\/karineparras.com\/et\/product\/akoya-pearls-hoop-korvarongad\/#breadcrumb","itemListElement":[{"@type":"ListItem","position":1,"name":"Home","item":"https:\/\/karineparras.com\/et\/karine-parras\/"},{"@type":"ListItem","position":2,"name":"Pood","item":"https:\/\/karineparras.com\/et\/pood\/"},{"@type":"ListItem","position":3,"name":"Akoya P\u00e4rlitega R\u00f5ngask\u00f5rvar\u00f5ngad"}]},{"@type":"WebSite","@id":"https:\/\/karineparras.com\/et\/#website","url":"https:\/\/karineparras.com\/et\/","name":"KARINE PARRAS","description":"","publisher":{"@id":"https:\/\/karineparras.com\/et\/#organization"},"potentialAction":[{"@type":"SearchAction","target":{"@type":"EntryPoint","urlTemplate":"https:\/\/karineparras.com\/et\/?s={search_term_string}"},"query-input":{"@type":"PropertyValueSpecification","valueRequired":true,"valueName":"search_term_string"}}],"inLanguage":"et"},{"@type":"Organization","@id":"https:\/\/karineparras.com\/et\/#organization","name":"KARINE PARRAS","url":"https:\/\/karineparras.com\/et\/","logo":{"@type":"ImageObject","inLanguage":"et","@id":"https:\/\/karineparras.com\/et\/#\/schema\/logo\/image\/","url":"https:\/\/karineparras.com\/wp-content\/uploads\/2023\/12\/logo-header.png","contentUrl":"https:\/\/karineparras.com\/wp-content\/uploads\/2023\/12\/logo-header.png","width":1000,"height":60,"caption":"KARINE PARRAS"},"image":{"@id":"https:\/\/karineparras.com\/et\/#\/schema\/logo\/image\/"},"sameAs":["https:\/\/www.facebook.com\/karineparras","https:\/\/www.instagram.com\/karineparras\/"]}]}},"_links":{"self":[{"href":"https:\/\/karineparras.com\/et\/wp-json\/wp\/v2\/product\/26409","targetHints":{"allow":["GET"]}}],"collection":[{"href":"https:\/\/karineparras.com\/et\/wp-json\/wp\/v2\/product"}],"about":[{"href":"https:\/\/karineparras.com\/et\/wp-json\/wp\/v2\/types\/product"}],"wp:featuredmedia":[{"embeddable":true,"href":"https:\/\/karineparras.com\/et\/wp-json\/wp\/v2\/media\/25075"}],"wp:attachment":[{"href":"https:\/\/karineparras.com\/et\/wp-json\/wp\/v2\/media?parent=26409"}],"wp:term":[{"taxonomy":"product_brand","embeddable":true,"href":"https:\/\/karineparras.com\/et\/wp-json\/wp\/v2\/product_brand?post=26409"},{"taxonomy":"product_cat","embeddable":true,"href":"https:\/\/karineparras.com\/et\/wp-json\/wp\/v2\/product_cat?post=26409"},{"taxonomy":"product_tag","embeddable":true,"href":"https:\/\/karineparras.com\/et\/wp-json\/wp\/v2\/product_tag?post=26409"}],"curies":[{"name":"wp","href":"https:\/\/api.w.org\/{rel}","templated":true}]}}