{"id":26399,"date":"2022-10-21T04:28:45","date_gmt":"2022-10-21T01:28:45","guid":{"rendered":"https:\/\/karineparras.com\/product\/lihtne-sormus-tansaniidiga\/"},"modified":"2025-03-13T17:41:38","modified_gmt":"2025-03-13T15:41:38","slug":"lihtne-sormus-tansaniidiga","status":"publish","type":"product","link":"https:\/\/karineparras.com\/et\/product\/lihtne-sormus-tansaniidiga\/","title":{"rendered":"&#8220;Simple Ring&#8221; Tansaniit"},"content":{"rendered":"","protected":false},"excerpt":{"rendered":"<p><a href=\"https:\/\/karineparras.com\/product-category\/fine-jewellery-lines\/simple-ring\/\" target=\"_blank\" rel=\"noopener\">SIMPLE RING<\/a><\/p>\n<p>Selge ja s\u00fcgavsinine tanzaniit istub sooja kollase kulla s\u00f5rmuse peal ja kiirgab j\u00f5udu. Kalliskivi rikkalik v\u00e4rvus ja t\u00e4helepanuv\u00e4\u00e4rne selgus loovad kollase kulla vastu lummava kontrasti, mis tagab, et see j\u00e4\u00e4b k\u00f5igile, kes seda n\u00e4evad, silma. See elavate toonide h\u00e4mmastav kombinatsioon on julge ja ajatu ehe.<\/p>\n<p>See s\u00f5rmus sobib suurep\u00e4raselt kokku meie keraamiliste s\u00f5rmuste valikuga. Keraamiliste s\u00f5rmuste vahetamisega saad luua t\u00e4iesti uue v\u00e4limuse, lisades oma kollektsioonile mitmek\u00fclgsust ja stiili.<\/p>\n<ul>\n<li>18K kollane kuld<\/li>\n<li>7 ct tansaniit<\/li>\n<\/ul>\n","protected":false},"featured_media":25463,"template":"","meta":{"_themeisle_gutenberg_block_has_review":false},"product_brand":[],"product_cat":[440,466,441],"product_tag":[],"class_list":{"0":"post-26399","1":"product","2":"type-product","3":"status-publish","4":"has-post-thumbnail","6":"product_cat-fine-jewellery-liinid","7":"product_cat-simple-ring-et","8":"product_cat-sormused","10":"first","11":"outofstock","12":"shipping-taxable","13":"purchasable","14":"product-type-simple"},"yoast_head":"<!-- This site is optimized with the Yoast SEO plugin v27.3 - https:\/\/yoast.com\/product\/yoast-seo-wordpress\/ -->\n<title>&quot;Simple Ring&quot; Tansaniit - KARINE PARRAS<\/title>\n<meta name=\"description\" content=\"Ilusalt selge ja s\u00fcgavalt sinine tanzaniit, mis on asetatud kollase kulla s\u00f5rmuse peale. Ainulaadse v\u00e4limusega v\u00e4\u00e4riskivi \u00e4ratab k\u00f5igis t\u00e4helepanu, kes seda n\u00e4evad.\" \/>\n<meta name=\"robots\" content=\"index, follow, max-snippet:-1, max-image-preview:large, max-video-preview:-1\" \/>\n<link rel=\"canonical\" href=\"https:\/\/karineparras.com\/et\/product\/lihtne-sormus-tansaniidiga\/\" \/>\n<meta property=\"og:locale\" content=\"et_EE\" \/>\n<meta property=\"og:type\" content=\"article\" \/>\n<meta property=\"og:title\" content=\"&quot;Simple Ring&quot; Tansaniit - KARINE PARRAS\" \/>\n<meta property=\"og:description\" content=\"Ilusalt selge ja s\u00fcgavalt sinine tanzaniit, mis on asetatud kollase kulla s\u00f5rmuse peale. Ainulaadse v\u00e4limusega v\u00e4\u00e4riskivi \u00e4ratab k\u00f5igis t\u00e4helepanu, kes seda n\u00e4evad.\" \/>\n<meta property=\"og:url\" content=\"https:\/\/karineparras.com\/et\/product\/lihtne-sormus-tansaniidiga\/\" \/>\n<meta property=\"og:site_name\" content=\"KARINE PARRAS\" \/>\n<meta property=\"article:publisher\" content=\"https:\/\/www.facebook.com\/karineparras\" \/>\n<meta property=\"article:modified_time\" content=\"2025-03-13T15:41:38+00:00\" \/>\n<meta property=\"og:image\" content=\"https:\/\/karineparras.com\/wp-content\/uploads\/2022\/10\/simple_ring_tanzanite_square_yg_6659536a-45ea-4321-ad91-88687f1d819a.jpg\" \/>\n\t<meta property=\"og:image:width\" content=\"1152\" \/>\n\t<meta property=\"og:image:height\" content=\"1536\" \/>\n\t<meta property=\"og:image:type\" content=\"image\/jpeg\" \/>\n<meta name=\"twitter:card\" content=\"summary_large_image\" \/>\n<script type=\"application\/ld+json\" class=\"yoast-schema-graph\">{\"@context\":\"https:\\\/\\\/schema.org\",\"@graph\":[{\"@type\":\"WebPage\",\"@id\":\"https:\\\/\\\/karineparras.com\\\/et\\\/product\\\/lihtne-sormus-tansaniidiga\\\/\",\"url\":\"https:\\\/\\\/karineparras.com\\\/et\\\/product\\\/lihtne-sormus-tansaniidiga\\\/\",\"name\":\"\\\"Simple Ring\\\" Tansaniit - KARINE PARRAS\",\"isPartOf\":{\"@id\":\"https:\\\/\\\/karineparras.com\\\/et\\\/#website\"},\"primaryImageOfPage\":{\"@id\":\"https:\\\/\\\/karineparras.com\\\/et\\\/product\\\/lihtne-sormus-tansaniidiga\\\/#primaryimage\"},\"image\":{\"@id\":\"https:\\\/\\\/karineparras.com\\\/et\\\/product\\\/lihtne-sormus-tansaniidiga\\\/#primaryimage\"},\"thumbnailUrl\":\"https:\\\/\\\/karineparras.com\\\/wp-content\\\/uploads\\\/2022\\\/10\\\/simple_ring_tanzanite_square_yg_6659536a-45ea-4321-ad91-88687f1d819a.jpg\",\"datePublished\":\"2022-10-21T01:28:45+00:00\",\"dateModified\":\"2025-03-13T15:41:38+00:00\",\"description\":\"Ilusalt selge ja s\u00fcgavalt sinine tanzaniit, mis on asetatud kollase kulla s\u00f5rmuse peale. Ainulaadse v\u00e4limusega v\u00e4\u00e4riskivi \u00e4ratab k\u00f5igis t\u00e4helepanu, kes seda n\u00e4evad.\",\"breadcrumb\":{\"@id\":\"https:\\\/\\\/karineparras.com\\\/et\\\/product\\\/lihtne-sormus-tansaniidiga\\\/#breadcrumb\"},\"inLanguage\":\"et\",\"potentialAction\":[{\"@type\":\"ReadAction\",\"target\":[\"https:\\\/\\\/karineparras.com\\\/et\\\/product\\\/lihtne-sormus-tansaniidiga\\\/\"]}]},{\"@type\":\"ImageObject\",\"inLanguage\":\"et\",\"@id\":\"https:\\\/\\\/karineparras.com\\\/et\\\/product\\\/lihtne-sormus-tansaniidiga\\\/#primaryimage\",\"url\":\"https:\\\/\\\/karineparras.com\\\/wp-content\\\/uploads\\\/2022\\\/10\\\/simple_ring_tanzanite_square_yg_6659536a-45ea-4321-ad91-88687f1d819a.jpg\",\"contentUrl\":\"https:\\\/\\\/karineparras.com\\\/wp-content\\\/uploads\\\/2022\\\/10\\\/simple_ring_tanzanite_square_yg_6659536a-45ea-4321-ad91-88687f1d819a.jpg\",\"width\":1152,\"height\":1536},{\"@type\":\"BreadcrumbList\",\"@id\":\"https:\\\/\\\/karineparras.com\\\/et\\\/product\\\/lihtne-sormus-tansaniidiga\\\/#breadcrumb\",\"itemListElement\":[{\"@type\":\"ListItem\",\"position\":1,\"name\":\"Home\",\"item\":\"https:\\\/\\\/karineparras.com\\\/et\\\/karine-parras\\\/\"},{\"@type\":\"ListItem\",\"position\":2,\"name\":\"Pood\",\"item\":\"https:\\\/\\\/karineparras.com\\\/et\\\/pood\\\/\"},{\"@type\":\"ListItem\",\"position\":3,\"name\":\"&#8220;Simple Ring&#8221; Tansaniit\"}]},{\"@type\":\"WebSite\",\"@id\":\"https:\\\/\\\/karineparras.com\\\/et\\\/#website\",\"url\":\"https:\\\/\\\/karineparras.com\\\/et\\\/\",\"name\":\"KARINE PARRAS\",\"description\":\"\",\"publisher\":{\"@id\":\"https:\\\/\\\/karineparras.com\\\/et\\\/#organization\"},\"potentialAction\":[{\"@type\":\"SearchAction\",\"target\":{\"@type\":\"EntryPoint\",\"urlTemplate\":\"https:\\\/\\\/karineparras.com\\\/et\\\/?s={search_term_string}\"},\"query-input\":{\"@type\":\"PropertyValueSpecification\",\"valueRequired\":true,\"valueName\":\"search_term_string\"}}],\"inLanguage\":\"et\"},{\"@type\":\"Organization\",\"@id\":\"https:\\\/\\\/karineparras.com\\\/et\\\/#organization\",\"name\":\"KARINE PARRAS\",\"url\":\"https:\\\/\\\/karineparras.com\\\/et\\\/\",\"logo\":{\"@type\":\"ImageObject\",\"inLanguage\":\"et\",\"@id\":\"https:\\\/\\\/karineparras.com\\\/et\\\/#\\\/schema\\\/logo\\\/image\\\/\",\"url\":\"https:\\\/\\\/karineparras.com\\\/wp-content\\\/uploads\\\/2023\\\/12\\\/logo-header.png\",\"contentUrl\":\"https:\\\/\\\/karineparras.com\\\/wp-content\\\/uploads\\\/2023\\\/12\\\/logo-header.png\",\"width\":1000,\"height\":60,\"caption\":\"KARINE PARRAS\"},\"image\":{\"@id\":\"https:\\\/\\\/karineparras.com\\\/et\\\/#\\\/schema\\\/logo\\\/image\\\/\"},\"sameAs\":[\"https:\\\/\\\/www.facebook.com\\\/karineparras\",\"https:\\\/\\\/www.instagram.com\\\/karineparras\\\/\"]}]}<\/script>\n<!-- \/ Yoast SEO plugin. -->","yoast_head_json":{"title":"\"Simple Ring\" Tansaniit - KARINE PARRAS","description":"Ilusalt selge ja s\u00fcgavalt sinine tanzaniit, mis on asetatud kollase kulla s\u00f5rmuse peale. Ainulaadse v\u00e4limusega v\u00e4\u00e4riskivi \u00e4ratab k\u00f5igis t\u00e4helepanu, kes seda n\u00e4evad.","robots":{"index":"index","follow":"follow","max-snippet":"max-snippet:-1","max-image-preview":"max-image-preview:large","max-video-preview":"max-video-preview:-1"},"canonical":"https:\/\/karineparras.com\/et\/product\/lihtne-sormus-tansaniidiga\/","og_locale":"et_EE","og_type":"article","og_title":"\"Simple Ring\" Tansaniit - KARINE PARRAS","og_description":"Ilusalt selge ja s\u00fcgavalt sinine tanzaniit, mis on asetatud kollase kulla s\u00f5rmuse peale. Ainulaadse v\u00e4limusega v\u00e4\u00e4riskivi \u00e4ratab k\u00f5igis t\u00e4helepanu, kes seda n\u00e4evad.","og_url":"https:\/\/karineparras.com\/et\/product\/lihtne-sormus-tansaniidiga\/","og_site_name":"KARINE PARRAS","article_publisher":"https:\/\/www.facebook.com\/karineparras","article_modified_time":"2025-03-13T15:41:38+00:00","og_image":[{"width":1152,"height":1536,"url":"https:\/\/karineparras.com\/wp-content\/uploads\/2022\/10\/simple_ring_tanzanite_square_yg_6659536a-45ea-4321-ad91-88687f1d819a.jpg","type":"image\/jpeg"}],"twitter_card":"summary_large_image","schema":{"@context":"https:\/\/schema.org","@graph":[{"@type":"WebPage","@id":"https:\/\/karineparras.com\/et\/product\/lihtne-sormus-tansaniidiga\/","url":"https:\/\/karineparras.com\/et\/product\/lihtne-sormus-tansaniidiga\/","name":"\"Simple Ring\" Tansaniit - KARINE PARRAS","isPartOf":{"@id":"https:\/\/karineparras.com\/et\/#website"},"primaryImageOfPage":{"@id":"https:\/\/karineparras.com\/et\/product\/lihtne-sormus-tansaniidiga\/#primaryimage"},"image":{"@id":"https:\/\/karineparras.com\/et\/product\/lihtne-sormus-tansaniidiga\/#primaryimage"},"thumbnailUrl":"https:\/\/karineparras.com\/wp-content\/uploads\/2022\/10\/simple_ring_tanzanite_square_yg_6659536a-45ea-4321-ad91-88687f1d819a.jpg","datePublished":"2022-10-21T01:28:45+00:00","dateModified":"2025-03-13T15:41:38+00:00","description":"Ilusalt selge ja s\u00fcgavalt sinine tanzaniit, mis on asetatud kollase kulla s\u00f5rmuse peale. Ainulaadse v\u00e4limusega v\u00e4\u00e4riskivi \u00e4ratab k\u00f5igis t\u00e4helepanu, kes seda n\u00e4evad.","breadcrumb":{"@id":"https:\/\/karineparras.com\/et\/product\/lihtne-sormus-tansaniidiga\/#breadcrumb"},"inLanguage":"et","potentialAction":[{"@type":"ReadAction","target":["https:\/\/karineparras.com\/et\/product\/lihtne-sormus-tansaniidiga\/"]}]},{"@type":"ImageObject","inLanguage":"et","@id":"https:\/\/karineparras.com\/et\/product\/lihtne-sormus-tansaniidiga\/#primaryimage","url":"https:\/\/karineparras.com\/wp-content\/uploads\/2022\/10\/simple_ring_tanzanite_square_yg_6659536a-45ea-4321-ad91-88687f1d819a.jpg","contentUrl":"https:\/\/karineparras.com\/wp-content\/uploads\/2022\/10\/simple_ring_tanzanite_square_yg_6659536a-45ea-4321-ad91-88687f1d819a.jpg","width":1152,"height":1536},{"@type":"BreadcrumbList","@id":"https:\/\/karineparras.com\/et\/product\/lihtne-sormus-tansaniidiga\/#breadcrumb","itemListElement":[{"@type":"ListItem","position":1,"name":"Home","item":"https:\/\/karineparras.com\/et\/karine-parras\/"},{"@type":"ListItem","position":2,"name":"Pood","item":"https:\/\/karineparras.com\/et\/pood\/"},{"@type":"ListItem","position":3,"name":"&#8220;Simple Ring&#8221; Tansaniit"}]},{"@type":"WebSite","@id":"https:\/\/karineparras.com\/et\/#website","url":"https:\/\/karineparras.com\/et\/","name":"KARINE PARRAS","description":"","publisher":{"@id":"https:\/\/karineparras.com\/et\/#organization"},"potentialAction":[{"@type":"SearchAction","target":{"@type":"EntryPoint","urlTemplate":"https:\/\/karineparras.com\/et\/?s={search_term_string}"},"query-input":{"@type":"PropertyValueSpecification","valueRequired":true,"valueName":"search_term_string"}}],"inLanguage":"et"},{"@type":"Organization","@id":"https:\/\/karineparras.com\/et\/#organization","name":"KARINE PARRAS","url":"https:\/\/karineparras.com\/et\/","logo":{"@type":"ImageObject","inLanguage":"et","@id":"https:\/\/karineparras.com\/et\/#\/schema\/logo\/image\/","url":"https:\/\/karineparras.com\/wp-content\/uploads\/2023\/12\/logo-header.png","contentUrl":"https:\/\/karineparras.com\/wp-content\/uploads\/2023\/12\/logo-header.png","width":1000,"height":60,"caption":"KARINE PARRAS"},"image":{"@id":"https:\/\/karineparras.com\/et\/#\/schema\/logo\/image\/"},"sameAs":["https:\/\/www.facebook.com\/karineparras","https:\/\/www.instagram.com\/karineparras\/"]}]}},"_links":{"self":[{"href":"https:\/\/karineparras.com\/et\/wp-json\/wp\/v2\/product\/26399","targetHints":{"allow":["GET"]}}],"collection":[{"href":"https:\/\/karineparras.com\/et\/wp-json\/wp\/v2\/product"}],"about":[{"href":"https:\/\/karineparras.com\/et\/wp-json\/wp\/v2\/types\/product"}],"wp:featuredmedia":[{"embeddable":true,"href":"https:\/\/karineparras.com\/et\/wp-json\/wp\/v2\/media\/25463"}],"wp:attachment":[{"href":"https:\/\/karineparras.com\/et\/wp-json\/wp\/v2\/media?parent=26399"}],"wp:term":[{"taxonomy":"product_brand","embeddable":true,"href":"https:\/\/karineparras.com\/et\/wp-json\/wp\/v2\/product_brand?post=26399"},{"taxonomy":"product_cat","embeddable":true,"href":"https:\/\/karineparras.com\/et\/wp-json\/wp\/v2\/product_cat?post=26399"},{"taxonomy":"product_tag","embeddable":true,"href":"https:\/\/karineparras.com\/et\/wp-json\/wp\/v2\/product_tag?post=26399"}],"curies":[{"name":"wp","href":"https:\/\/api.w.org\/{rel}","templated":true}]}}