{"id":26366,"date":"2022-10-21T04:28:07","date_gmt":"2022-10-21T01:28:07","guid":{"rendered":"https:\/\/karineparras.com\/product\/london-blue-topaz-snake-ring\/"},"modified":"2025-03-12T16:44:24","modified_gmt":"2025-03-12T14:44:24","slug":"london-blue-topaz-snake-ring","status":"publish","type":"product","link":"https:\/\/karineparras.com\/et\/product\/london-blue-topaz-snake-ring\/","title":{"rendered":"&#8220;Snake Ring&#8221; Londoni Sinise Topaasiga"},"content":{"rendered":"","protected":false},"excerpt":{"rendered":"<p>V\u00e4rviline, l\u00f5bus ja kerge s\u00f5rmus.<\/p>\n<p>S\u00f5rmusele eluj\u00f5udu annab sinine topaas ja 18-karaadine kollane kuld kaetud Karine Parras sinise signatuurv\u00e4rvkattega. Sobib igap\u00e4evaseks kandmiseks. M\u00e4nguline valik kanda kahte erinevat v\u00e4rvi Snake Rings\u2019i koos. S\u00f5rmus ahvatlev kui komm.  <\/p>\n<ul>\n<li>18K kollane kuld sinise Karine Parras signatuurv\u00e4rvkattega<\/li>\n<li>3 ct Londoni sinine topaas<\/li>\n<\/ul>\n","protected":false},"featured_media":25331,"template":"","meta":{"_themeisle_gutenberg_block_has_review":false},"product_brand":[],"product_cat":[441],"product_tag":[],"class_list":{"0":"post-26366","1":"product","2":"type-product","3":"status-publish","4":"has-post-thumbnail","6":"product_cat-sormused","8":"first","9":"instock","10":"shipping-taxable","11":"purchasable","12":"product-type-variable"},"yoast_head":"<!-- This site is optimized with the Yoast SEO plugin v27.3 - https:\/\/yoast.com\/product\/yoast-seo-wordpress\/ -->\n<title>&quot;Snake Ring&quot; Londoni Sinise Topaasiga - KARINE PARRAS<\/title>\n<meta name=\"robots\" content=\"index, follow, max-snippet:-1, max-image-preview:large, max-video-preview:-1\" \/>\n<link rel=\"canonical\" href=\"https:\/\/karineparras.com\/et\/product\/london-blue-topaz-snake-ring\/\" \/>\n<meta property=\"og:locale\" content=\"et_EE\" \/>\n<meta property=\"og:type\" content=\"article\" \/>\n<meta property=\"og:title\" content=\"&quot;Snake Ring&quot; Londoni Sinise Topaasiga - KARINE PARRAS\" \/>\n<meta property=\"og:description\" content=\"V\u00e4rviline, l\u00f5bus ja kerge s\u00f5rmus. S\u00f5rmusele eluj\u00f5udu annab sinine topaas ja 18-karaadine kollane kuld kaetud Karine Parras sinise signatuurv\u00e4rvkattega. Sobib igap\u00e4evaseks kandmiseks. M\u00e4nguline valik kanda kahte erinevat v\u00e4rvi Snake Rings\u2019i koos. S\u00f5rmus ahvatlev kui komm.   18K kollane kuld sinise Karine Parras signatuurv\u00e4rvkattega  3 ct Londoni sinine topaas\" \/>\n<meta property=\"og:url\" content=\"https:\/\/karineparras.com\/et\/product\/london-blue-topaz-snake-ring\/\" \/>\n<meta property=\"og:site_name\" content=\"KARINE PARRAS\" \/>\n<meta property=\"article:publisher\" content=\"https:\/\/www.facebook.com\/karineparras\" \/>\n<meta property=\"article:modified_time\" content=\"2025-03-12T14:44:24+00:00\" \/>\n<meta property=\"og:image\" content=\"https:\/\/karineparras.com\/wp-content\/uploads\/2022\/10\/pietra_snake_blue_c4173d34-4c6f-4082-829d-7d6fbbf7a587.jpg\" \/>\n\t<meta property=\"og:image:width\" content=\"1152\" \/>\n\t<meta property=\"og:image:height\" content=\"1536\" \/>\n\t<meta property=\"og:image:type\" content=\"image\/jpeg\" \/>\n<meta name=\"twitter:card\" content=\"summary_large_image\" \/>\n<script type=\"application\/ld+json\" class=\"yoast-schema-graph\">{\"@context\":\"https:\\\/\\\/schema.org\",\"@graph\":[{\"@type\":\"WebPage\",\"@id\":\"https:\\\/\\\/karineparras.com\\\/et\\\/product\\\/london-blue-topaz-snake-ring\\\/\",\"url\":\"https:\\\/\\\/karineparras.com\\\/et\\\/product\\\/london-blue-topaz-snake-ring\\\/\",\"name\":\"\\\"Snake Ring\\\" Londoni Sinise Topaasiga - KARINE PARRAS\",\"isPartOf\":{\"@id\":\"https:\\\/\\\/karineparras.com\\\/et\\\/#website\"},\"primaryImageOfPage\":{\"@id\":\"https:\\\/\\\/karineparras.com\\\/et\\\/product\\\/london-blue-topaz-snake-ring\\\/#primaryimage\"},\"image\":{\"@id\":\"https:\\\/\\\/karineparras.com\\\/et\\\/product\\\/london-blue-topaz-snake-ring\\\/#primaryimage\"},\"thumbnailUrl\":\"https:\\\/\\\/karineparras.com\\\/wp-content\\\/uploads\\\/2022\\\/10\\\/pietra_snake_blue_c4173d34-4c6f-4082-829d-7d6fbbf7a587.jpg\",\"datePublished\":\"2022-10-21T01:28:07+00:00\",\"dateModified\":\"2025-03-12T14:44:24+00:00\",\"breadcrumb\":{\"@id\":\"https:\\\/\\\/karineparras.com\\\/et\\\/product\\\/london-blue-topaz-snake-ring\\\/#breadcrumb\"},\"inLanguage\":\"et\",\"potentialAction\":[{\"@type\":\"ReadAction\",\"target\":[\"https:\\\/\\\/karineparras.com\\\/et\\\/product\\\/london-blue-topaz-snake-ring\\\/\"]}]},{\"@type\":\"ImageObject\",\"inLanguage\":\"et\",\"@id\":\"https:\\\/\\\/karineparras.com\\\/et\\\/product\\\/london-blue-topaz-snake-ring\\\/#primaryimage\",\"url\":\"https:\\\/\\\/karineparras.com\\\/wp-content\\\/uploads\\\/2022\\\/10\\\/pietra_snake_blue_c4173d34-4c6f-4082-829d-7d6fbbf7a587.jpg\",\"contentUrl\":\"https:\\\/\\\/karineparras.com\\\/wp-content\\\/uploads\\\/2022\\\/10\\\/pietra_snake_blue_c4173d34-4c6f-4082-829d-7d6fbbf7a587.jpg\",\"width\":1152,\"height\":1536},{\"@type\":\"BreadcrumbList\",\"@id\":\"https:\\\/\\\/karineparras.com\\\/et\\\/product\\\/london-blue-topaz-snake-ring\\\/#breadcrumb\",\"itemListElement\":[{\"@type\":\"ListItem\",\"position\":1,\"name\":\"Home\",\"item\":\"https:\\\/\\\/karineparras.com\\\/et\\\/karine-parras\\\/\"},{\"@type\":\"ListItem\",\"position\":2,\"name\":\"Pood\",\"item\":\"https:\\\/\\\/karineparras.com\\\/et\\\/pood\\\/\"},{\"@type\":\"ListItem\",\"position\":3,\"name\":\"&#8220;Snake Ring&#8221; Londoni Sinise Topaasiga\"}]},{\"@type\":\"WebSite\",\"@id\":\"https:\\\/\\\/karineparras.com\\\/et\\\/#website\",\"url\":\"https:\\\/\\\/karineparras.com\\\/et\\\/\",\"name\":\"KARINE PARRAS\",\"description\":\"\",\"publisher\":{\"@id\":\"https:\\\/\\\/karineparras.com\\\/et\\\/#organization\"},\"potentialAction\":[{\"@type\":\"SearchAction\",\"target\":{\"@type\":\"EntryPoint\",\"urlTemplate\":\"https:\\\/\\\/karineparras.com\\\/et\\\/?s={search_term_string}\"},\"query-input\":{\"@type\":\"PropertyValueSpecification\",\"valueRequired\":true,\"valueName\":\"search_term_string\"}}],\"inLanguage\":\"et\"},{\"@type\":\"Organization\",\"@id\":\"https:\\\/\\\/karineparras.com\\\/et\\\/#organization\",\"name\":\"KARINE PARRAS\",\"url\":\"https:\\\/\\\/karineparras.com\\\/et\\\/\",\"logo\":{\"@type\":\"ImageObject\",\"inLanguage\":\"et\",\"@id\":\"https:\\\/\\\/karineparras.com\\\/et\\\/#\\\/schema\\\/logo\\\/image\\\/\",\"url\":\"https:\\\/\\\/karineparras.com\\\/wp-content\\\/uploads\\\/2023\\\/12\\\/logo-header.png\",\"contentUrl\":\"https:\\\/\\\/karineparras.com\\\/wp-content\\\/uploads\\\/2023\\\/12\\\/logo-header.png\",\"width\":1000,\"height\":60,\"caption\":\"KARINE PARRAS\"},\"image\":{\"@id\":\"https:\\\/\\\/karineparras.com\\\/et\\\/#\\\/schema\\\/logo\\\/image\\\/\"},\"sameAs\":[\"https:\\\/\\\/www.facebook.com\\\/karineparras\",\"https:\\\/\\\/www.instagram.com\\\/karineparras\\\/\"]}]}<\/script>\n<!-- \/ Yoast SEO plugin. -->","yoast_head_json":{"title":"\"Snake Ring\" Londoni Sinise Topaasiga - KARINE PARRAS","robots":{"index":"index","follow":"follow","max-snippet":"max-snippet:-1","max-image-preview":"max-image-preview:large","max-video-preview":"max-video-preview:-1"},"canonical":"https:\/\/karineparras.com\/et\/product\/london-blue-topaz-snake-ring\/","og_locale":"et_EE","og_type":"article","og_title":"\"Snake Ring\" Londoni Sinise Topaasiga - KARINE PARRAS","og_description":"V\u00e4rviline, l\u00f5bus ja kerge s\u00f5rmus. S\u00f5rmusele eluj\u00f5udu annab sinine topaas ja 18-karaadine kollane kuld kaetud Karine Parras sinise signatuurv\u00e4rvkattega. Sobib igap\u00e4evaseks kandmiseks. M\u00e4nguline valik kanda kahte erinevat v\u00e4rvi Snake Rings\u2019i koos. S\u00f5rmus ahvatlev kui komm.   18K kollane kuld sinise Karine Parras signatuurv\u00e4rvkattega  3 ct Londoni sinine topaas","og_url":"https:\/\/karineparras.com\/et\/product\/london-blue-topaz-snake-ring\/","og_site_name":"KARINE PARRAS","article_publisher":"https:\/\/www.facebook.com\/karineparras","article_modified_time":"2025-03-12T14:44:24+00:00","og_image":[{"width":1152,"height":1536,"url":"https:\/\/karineparras.com\/wp-content\/uploads\/2022\/10\/pietra_snake_blue_c4173d34-4c6f-4082-829d-7d6fbbf7a587.jpg","type":"image\/jpeg"}],"twitter_card":"summary_large_image","schema":{"@context":"https:\/\/schema.org","@graph":[{"@type":"WebPage","@id":"https:\/\/karineparras.com\/et\/product\/london-blue-topaz-snake-ring\/","url":"https:\/\/karineparras.com\/et\/product\/london-blue-topaz-snake-ring\/","name":"\"Snake Ring\" Londoni Sinise Topaasiga - KARINE PARRAS","isPartOf":{"@id":"https:\/\/karineparras.com\/et\/#website"},"primaryImageOfPage":{"@id":"https:\/\/karineparras.com\/et\/product\/london-blue-topaz-snake-ring\/#primaryimage"},"image":{"@id":"https:\/\/karineparras.com\/et\/product\/london-blue-topaz-snake-ring\/#primaryimage"},"thumbnailUrl":"https:\/\/karineparras.com\/wp-content\/uploads\/2022\/10\/pietra_snake_blue_c4173d34-4c6f-4082-829d-7d6fbbf7a587.jpg","datePublished":"2022-10-21T01:28:07+00:00","dateModified":"2025-03-12T14:44:24+00:00","breadcrumb":{"@id":"https:\/\/karineparras.com\/et\/product\/london-blue-topaz-snake-ring\/#breadcrumb"},"inLanguage":"et","potentialAction":[{"@type":"ReadAction","target":["https:\/\/karineparras.com\/et\/product\/london-blue-topaz-snake-ring\/"]}]},{"@type":"ImageObject","inLanguage":"et","@id":"https:\/\/karineparras.com\/et\/product\/london-blue-topaz-snake-ring\/#primaryimage","url":"https:\/\/karineparras.com\/wp-content\/uploads\/2022\/10\/pietra_snake_blue_c4173d34-4c6f-4082-829d-7d6fbbf7a587.jpg","contentUrl":"https:\/\/karineparras.com\/wp-content\/uploads\/2022\/10\/pietra_snake_blue_c4173d34-4c6f-4082-829d-7d6fbbf7a587.jpg","width":1152,"height":1536},{"@type":"BreadcrumbList","@id":"https:\/\/karineparras.com\/et\/product\/london-blue-topaz-snake-ring\/#breadcrumb","itemListElement":[{"@type":"ListItem","position":1,"name":"Home","item":"https:\/\/karineparras.com\/et\/karine-parras\/"},{"@type":"ListItem","position":2,"name":"Pood","item":"https:\/\/karineparras.com\/et\/pood\/"},{"@type":"ListItem","position":3,"name":"&#8220;Snake Ring&#8221; Londoni Sinise Topaasiga"}]},{"@type":"WebSite","@id":"https:\/\/karineparras.com\/et\/#website","url":"https:\/\/karineparras.com\/et\/","name":"KARINE PARRAS","description":"","publisher":{"@id":"https:\/\/karineparras.com\/et\/#organization"},"potentialAction":[{"@type":"SearchAction","target":{"@type":"EntryPoint","urlTemplate":"https:\/\/karineparras.com\/et\/?s={search_term_string}"},"query-input":{"@type":"PropertyValueSpecification","valueRequired":true,"valueName":"search_term_string"}}],"inLanguage":"et"},{"@type":"Organization","@id":"https:\/\/karineparras.com\/et\/#organization","name":"KARINE PARRAS","url":"https:\/\/karineparras.com\/et\/","logo":{"@type":"ImageObject","inLanguage":"et","@id":"https:\/\/karineparras.com\/et\/#\/schema\/logo\/image\/","url":"https:\/\/karineparras.com\/wp-content\/uploads\/2023\/12\/logo-header.png","contentUrl":"https:\/\/karineparras.com\/wp-content\/uploads\/2023\/12\/logo-header.png","width":1000,"height":60,"caption":"KARINE PARRAS"},"image":{"@id":"https:\/\/karineparras.com\/et\/#\/schema\/logo\/image\/"},"sameAs":["https:\/\/www.facebook.com\/karineparras","https:\/\/www.instagram.com\/karineparras\/"]}]}},"_links":{"self":[{"href":"https:\/\/karineparras.com\/et\/wp-json\/wp\/v2\/product\/26366","targetHints":{"allow":["GET"]}}],"collection":[{"href":"https:\/\/karineparras.com\/et\/wp-json\/wp\/v2\/product"}],"about":[{"href":"https:\/\/karineparras.com\/et\/wp-json\/wp\/v2\/types\/product"}],"wp:featuredmedia":[{"embeddable":true,"href":"https:\/\/karineparras.com\/et\/wp-json\/wp\/v2\/media\/25331"}],"wp:attachment":[{"href":"https:\/\/karineparras.com\/et\/wp-json\/wp\/v2\/media?parent=26366"}],"wp:term":[{"taxonomy":"product_brand","embeddable":true,"href":"https:\/\/karineparras.com\/et\/wp-json\/wp\/v2\/product_brand?post=26366"},{"taxonomy":"product_cat","embeddable":true,"href":"https:\/\/karineparras.com\/et\/wp-json\/wp\/v2\/product_cat?post=26366"},{"taxonomy":"product_tag","embeddable":true,"href":"https:\/\/karineparras.com\/et\/wp-json\/wp\/v2\/product_tag?post=26366"}],"curies":[{"name":"wp","href":"https:\/\/api.w.org\/{rel}","templated":true}]}}