{"id":26337,"date":"2024-06-06T04:26:21","date_gmt":"2024-06-06T01:26:21","guid":{"rendered":"https:\/\/karineparras.com\/product\/reguleeritav-teemantidega-sormus-roosakullast\/"},"modified":"2025-03-27T16:29:01","modified_gmt":"2025-03-27T14:29:01","slug":"reguleeritav-teemantidega-sormus-roosakullast","status":"publish","type":"product","link":"https:\/\/karineparras.com\/et\/product\/reguleeritav-teemantidega-sormus-roosakullast\/","title":{"rendered":"&#8220;Adjustable&#8221; Teemants\u00f5rmus Roosa Kuld"},"content":{"rendered":"","protected":false},"excerpt":{"rendered":"<div>S\u00f5rmus, mis l\u00e4heb igale s\u00f5rmele.<\/div>\n<div><\/div>\n<div>Sobib kandmiseks igal s\u00f5rmel, p\u00f6idlast v\u00e4ikse s\u00f5rmeni. S\u00f5rmuse veniv mehhanism tagab paindliku ja mugava sobivuse.<\/div>\n<div>\n<p>Kaunid teemandid on kinnitatud valgest kullast kesta peale, lisades s\u00e4ra kogu ehtet\u00fckile.<\/p>\n<p>&nbsp;<\/p>\n<\/div>\n<ul>\n<li>18K roosa kuld<\/li>\n<li>0.72 ctw EF VS laboriteemandid<\/li>\n<\/ul>\n","protected":false},"featured_media":25751,"template":"","meta":{"_themeisle_gutenberg_block_has_review":false},"product_brand":[],"product_cat":[440,441],"product_tag":[456,458,460,461,459,457,462],"class_list":{"0":"post-26337","1":"product","2":"type-product","3":"status-publish","4":"has-post-thumbnail","6":"product_cat-fine-jewellery-liinid","7":"product_cat-sormused","8":"product_tag-18k-et","9":"product_tag-laboris-kasvatatud-teemandid","10":"product_tag-rongad","11":"product_tag-sormus-et-2","12":"product_tag-sormus-et","13":"product_tag-teemandid","14":"product_tag-valge-kuld","16":"first","17":"instock","18":"shipping-taxable","19":"purchasable","20":"product-type-variable"},"yoast_head":"<!-- This site is optimized with the Yoast SEO plugin v27.3 - https:\/\/yoast.com\/product\/yoast-seo-wordpress\/ -->\n<title>&quot;Adjustable&quot; Teemants\u00f5rmus Roosa Kuld - KARINE PARRAS<\/title>\n<meta name=\"robots\" content=\"index, follow, max-snippet:-1, max-image-preview:large, max-video-preview:-1\" \/>\n<link rel=\"canonical\" href=\"https:\/\/karineparras.com\/et\/product\/reguleeritav-teemantidega-sormus-roosakullast\/\" \/>\n<meta property=\"og:locale\" content=\"et_EE\" \/>\n<meta property=\"og:type\" content=\"article\" \/>\n<meta property=\"og:title\" content=\"&quot;Adjustable&quot; Teemants\u00f5rmus Roosa Kuld - KARINE PARRAS\" \/>\n<meta property=\"og:description\" content=\"S\u00f5rmus, mis l\u00e4heb igale s\u00f5rmele.  Sobib kandmiseks igal s\u00f5rmel, p\u00f6idlast v\u00e4ikse s\u00f5rmeni. S\u00f5rmuse veniv mehhanism tagab paindliku ja mugava sobivuse.   Kaunid teemandid on kinnitatud valgest kullast kesta peale, lisades s\u00e4ra kogu ehtet\u00fckile.  &nbsp;     18K roosa kuld  0.72 ctw EF VS laboriteemandid\" \/>\n<meta property=\"og:url\" content=\"https:\/\/karineparras.com\/et\/product\/reguleeritav-teemantidega-sormus-roosakullast\/\" \/>\n<meta property=\"og:site_name\" content=\"KARINE PARRAS\" \/>\n<meta property=\"article:publisher\" content=\"https:\/\/www.facebook.com\/karineparras\" \/>\n<meta property=\"article:modified_time\" content=\"2025-03-27T14:29:01+00:00\" \/>\n<meta property=\"og:image\" content=\"https:\/\/karineparras.com\/wp-content\/uploads\/2023\/03\/KPweb-adjustable-ring-rg-diamonds-rg-rose-gold.jpg\" \/>\n\t<meta property=\"og:image:width\" content=\"1152\" \/>\n\t<meta property=\"og:image:height\" content=\"1536\" \/>\n\t<meta property=\"og:image:type\" content=\"image\/jpeg\" \/>\n<meta name=\"twitter:card\" content=\"summary_large_image\" \/>\n<meta name=\"twitter:label1\" content=\"Est. reading time\" \/>\n\t<meta name=\"twitter:data1\" content=\"1 minut\" \/>\n<script type=\"application\/ld+json\" class=\"yoast-schema-graph\">{\"@context\":\"https:\\\/\\\/schema.org\",\"@graph\":[{\"@type\":\"WebPage\",\"@id\":\"https:\\\/\\\/karineparras.com\\\/et\\\/product\\\/reguleeritav-teemantidega-sormus-roosakullast\\\/\",\"url\":\"https:\\\/\\\/karineparras.com\\\/et\\\/product\\\/reguleeritav-teemantidega-sormus-roosakullast\\\/\",\"name\":\"\\\"Adjustable\\\" Teemants\u00f5rmus Roosa Kuld - KARINE PARRAS\",\"isPartOf\":{\"@id\":\"https:\\\/\\\/karineparras.com\\\/et\\\/#website\"},\"primaryImageOfPage\":{\"@id\":\"https:\\\/\\\/karineparras.com\\\/et\\\/product\\\/reguleeritav-teemantidega-sormus-roosakullast\\\/#primaryimage\"},\"image\":{\"@id\":\"https:\\\/\\\/karineparras.com\\\/et\\\/product\\\/reguleeritav-teemantidega-sormus-roosakullast\\\/#primaryimage\"},\"thumbnailUrl\":\"https:\\\/\\\/karineparras.com\\\/wp-content\\\/uploads\\\/2023\\\/03\\\/KPweb-adjustable-ring-rg-diamonds-rg-rose-gold.jpg\",\"datePublished\":\"2024-06-06T01:26:21+00:00\",\"dateModified\":\"2025-03-27T14:29:01+00:00\",\"breadcrumb\":{\"@id\":\"https:\\\/\\\/karineparras.com\\\/et\\\/product\\\/reguleeritav-teemantidega-sormus-roosakullast\\\/#breadcrumb\"},\"inLanguage\":\"et\",\"potentialAction\":[{\"@type\":\"ReadAction\",\"target\":[\"https:\\\/\\\/karineparras.com\\\/et\\\/product\\\/reguleeritav-teemantidega-sormus-roosakullast\\\/\"]}]},{\"@type\":\"ImageObject\",\"inLanguage\":\"et\",\"@id\":\"https:\\\/\\\/karineparras.com\\\/et\\\/product\\\/reguleeritav-teemantidega-sormus-roosakullast\\\/#primaryimage\",\"url\":\"https:\\\/\\\/karineparras.com\\\/wp-content\\\/uploads\\\/2023\\\/03\\\/KPweb-adjustable-ring-rg-diamonds-rg-rose-gold.jpg\",\"contentUrl\":\"https:\\\/\\\/karineparras.com\\\/wp-content\\\/uploads\\\/2023\\\/03\\\/KPweb-adjustable-ring-rg-diamonds-rg-rose-gold.jpg\",\"width\":1152,\"height\":1536},{\"@type\":\"BreadcrumbList\",\"@id\":\"https:\\\/\\\/karineparras.com\\\/et\\\/product\\\/reguleeritav-teemantidega-sormus-roosakullast\\\/#breadcrumb\",\"itemListElement\":[{\"@type\":\"ListItem\",\"position\":1,\"name\":\"Home\",\"item\":\"https:\\\/\\\/karineparras.com\\\/et\\\/karine-parras\\\/\"},{\"@type\":\"ListItem\",\"position\":2,\"name\":\"Pood\",\"item\":\"https:\\\/\\\/karineparras.com\\\/et\\\/pood\\\/\"},{\"@type\":\"ListItem\",\"position\":3,\"name\":\"&#8220;Adjustable&#8221; Teemants\u00f5rmus Roosa Kuld\"}]},{\"@type\":\"WebSite\",\"@id\":\"https:\\\/\\\/karineparras.com\\\/et\\\/#website\",\"url\":\"https:\\\/\\\/karineparras.com\\\/et\\\/\",\"name\":\"KARINE PARRAS\",\"description\":\"\",\"publisher\":{\"@id\":\"https:\\\/\\\/karineparras.com\\\/et\\\/#organization\"},\"potentialAction\":[{\"@type\":\"SearchAction\",\"target\":{\"@type\":\"EntryPoint\",\"urlTemplate\":\"https:\\\/\\\/karineparras.com\\\/et\\\/?s={search_term_string}\"},\"query-input\":{\"@type\":\"PropertyValueSpecification\",\"valueRequired\":true,\"valueName\":\"search_term_string\"}}],\"inLanguage\":\"et\"},{\"@type\":\"Organization\",\"@id\":\"https:\\\/\\\/karineparras.com\\\/et\\\/#organization\",\"name\":\"KARINE PARRAS\",\"url\":\"https:\\\/\\\/karineparras.com\\\/et\\\/\",\"logo\":{\"@type\":\"ImageObject\",\"inLanguage\":\"et\",\"@id\":\"https:\\\/\\\/karineparras.com\\\/et\\\/#\\\/schema\\\/logo\\\/image\\\/\",\"url\":\"https:\\\/\\\/karineparras.com\\\/wp-content\\\/uploads\\\/2023\\\/12\\\/logo-header.png\",\"contentUrl\":\"https:\\\/\\\/karineparras.com\\\/wp-content\\\/uploads\\\/2023\\\/12\\\/logo-header.png\",\"width\":1000,\"height\":60,\"caption\":\"KARINE PARRAS\"},\"image\":{\"@id\":\"https:\\\/\\\/karineparras.com\\\/et\\\/#\\\/schema\\\/logo\\\/image\\\/\"},\"sameAs\":[\"https:\\\/\\\/www.facebook.com\\\/karineparras\",\"https:\\\/\\\/www.instagram.com\\\/karineparras\\\/\"]}]}<\/script>\n<!-- \/ Yoast SEO plugin. -->","yoast_head_json":{"title":"\"Adjustable\" Teemants\u00f5rmus Roosa Kuld - KARINE PARRAS","robots":{"index":"index","follow":"follow","max-snippet":"max-snippet:-1","max-image-preview":"max-image-preview:large","max-video-preview":"max-video-preview:-1"},"canonical":"https:\/\/karineparras.com\/et\/product\/reguleeritav-teemantidega-sormus-roosakullast\/","og_locale":"et_EE","og_type":"article","og_title":"\"Adjustable\" Teemants\u00f5rmus Roosa Kuld - KARINE PARRAS","og_description":"S\u00f5rmus, mis l\u00e4heb igale s\u00f5rmele.  Sobib kandmiseks igal s\u00f5rmel, p\u00f6idlast v\u00e4ikse s\u00f5rmeni. S\u00f5rmuse veniv mehhanism tagab paindliku ja mugava sobivuse.   Kaunid teemandid on kinnitatud valgest kullast kesta peale, lisades s\u00e4ra kogu ehtet\u00fckile.  &nbsp;     18K roosa kuld  0.72 ctw EF VS laboriteemandid","og_url":"https:\/\/karineparras.com\/et\/product\/reguleeritav-teemantidega-sormus-roosakullast\/","og_site_name":"KARINE PARRAS","article_publisher":"https:\/\/www.facebook.com\/karineparras","article_modified_time":"2025-03-27T14:29:01+00:00","og_image":[{"width":1152,"height":1536,"url":"https:\/\/karineparras.com\/wp-content\/uploads\/2023\/03\/KPweb-adjustable-ring-rg-diamonds-rg-rose-gold.jpg","type":"image\/jpeg"}],"twitter_card":"summary_large_image","twitter_misc":{"Est. reading time":"1 minut"},"schema":{"@context":"https:\/\/schema.org","@graph":[{"@type":"WebPage","@id":"https:\/\/karineparras.com\/et\/product\/reguleeritav-teemantidega-sormus-roosakullast\/","url":"https:\/\/karineparras.com\/et\/product\/reguleeritav-teemantidega-sormus-roosakullast\/","name":"\"Adjustable\" Teemants\u00f5rmus Roosa Kuld - KARINE PARRAS","isPartOf":{"@id":"https:\/\/karineparras.com\/et\/#website"},"primaryImageOfPage":{"@id":"https:\/\/karineparras.com\/et\/product\/reguleeritav-teemantidega-sormus-roosakullast\/#primaryimage"},"image":{"@id":"https:\/\/karineparras.com\/et\/product\/reguleeritav-teemantidega-sormus-roosakullast\/#primaryimage"},"thumbnailUrl":"https:\/\/karineparras.com\/wp-content\/uploads\/2023\/03\/KPweb-adjustable-ring-rg-diamonds-rg-rose-gold.jpg","datePublished":"2024-06-06T01:26:21+00:00","dateModified":"2025-03-27T14:29:01+00:00","breadcrumb":{"@id":"https:\/\/karineparras.com\/et\/product\/reguleeritav-teemantidega-sormus-roosakullast\/#breadcrumb"},"inLanguage":"et","potentialAction":[{"@type":"ReadAction","target":["https:\/\/karineparras.com\/et\/product\/reguleeritav-teemantidega-sormus-roosakullast\/"]}]},{"@type":"ImageObject","inLanguage":"et","@id":"https:\/\/karineparras.com\/et\/product\/reguleeritav-teemantidega-sormus-roosakullast\/#primaryimage","url":"https:\/\/karineparras.com\/wp-content\/uploads\/2023\/03\/KPweb-adjustable-ring-rg-diamonds-rg-rose-gold.jpg","contentUrl":"https:\/\/karineparras.com\/wp-content\/uploads\/2023\/03\/KPweb-adjustable-ring-rg-diamonds-rg-rose-gold.jpg","width":1152,"height":1536},{"@type":"BreadcrumbList","@id":"https:\/\/karineparras.com\/et\/product\/reguleeritav-teemantidega-sormus-roosakullast\/#breadcrumb","itemListElement":[{"@type":"ListItem","position":1,"name":"Home","item":"https:\/\/karineparras.com\/et\/karine-parras\/"},{"@type":"ListItem","position":2,"name":"Pood","item":"https:\/\/karineparras.com\/et\/pood\/"},{"@type":"ListItem","position":3,"name":"&#8220;Adjustable&#8221; Teemants\u00f5rmus Roosa Kuld"}]},{"@type":"WebSite","@id":"https:\/\/karineparras.com\/et\/#website","url":"https:\/\/karineparras.com\/et\/","name":"KARINE PARRAS","description":"","publisher":{"@id":"https:\/\/karineparras.com\/et\/#organization"},"potentialAction":[{"@type":"SearchAction","target":{"@type":"EntryPoint","urlTemplate":"https:\/\/karineparras.com\/et\/?s={search_term_string}"},"query-input":{"@type":"PropertyValueSpecification","valueRequired":true,"valueName":"search_term_string"}}],"inLanguage":"et"},{"@type":"Organization","@id":"https:\/\/karineparras.com\/et\/#organization","name":"KARINE PARRAS","url":"https:\/\/karineparras.com\/et\/","logo":{"@type":"ImageObject","inLanguage":"et","@id":"https:\/\/karineparras.com\/et\/#\/schema\/logo\/image\/","url":"https:\/\/karineparras.com\/wp-content\/uploads\/2023\/12\/logo-header.png","contentUrl":"https:\/\/karineparras.com\/wp-content\/uploads\/2023\/12\/logo-header.png","width":1000,"height":60,"caption":"KARINE PARRAS"},"image":{"@id":"https:\/\/karineparras.com\/et\/#\/schema\/logo\/image\/"},"sameAs":["https:\/\/www.facebook.com\/karineparras","https:\/\/www.instagram.com\/karineparras\/"]}]}},"_links":{"self":[{"href":"https:\/\/karineparras.com\/et\/wp-json\/wp\/v2\/product\/26337","targetHints":{"allow":["GET"]}}],"collection":[{"href":"https:\/\/karineparras.com\/et\/wp-json\/wp\/v2\/product"}],"about":[{"href":"https:\/\/karineparras.com\/et\/wp-json\/wp\/v2\/types\/product"}],"wp:featuredmedia":[{"embeddable":true,"href":"https:\/\/karineparras.com\/et\/wp-json\/wp\/v2\/media\/25751"}],"wp:attachment":[{"href":"https:\/\/karineparras.com\/et\/wp-json\/wp\/v2\/media?parent=26337"}],"wp:term":[{"taxonomy":"product_brand","embeddable":true,"href":"https:\/\/karineparras.com\/et\/wp-json\/wp\/v2\/product_brand?post=26337"},{"taxonomy":"product_cat","embeddable":true,"href":"https:\/\/karineparras.com\/et\/wp-json\/wp\/v2\/product_cat?post=26337"},{"taxonomy":"product_tag","embeddable":true,"href":"https:\/\/karineparras.com\/et\/wp-json\/wp\/v2\/product_tag?post=26337"}],"curies":[{"name":"wp","href":"https:\/\/api.w.org\/{rel}","templated":true}]}}