{"id":26334,"date":"2022-10-21T04:28:19","date_gmt":"2022-10-21T01:28:19","guid":{"rendered":"https:\/\/karineparras.com\/product\/onyx-mustast-terasest-korvarongad\/"},"modified":"2024-04-03T16:46:06","modified_gmt":"2024-04-03T13:46:06","slug":"onyx-mustast-terasest-korvarongad","status":"publish","type":"product","link":"https:\/\/karineparras.com\/et\/product\/onyx-mustast-terasest-korvarongad\/","title":{"rendered":"&#8220;Black Onyx&#8221; terasest k\u00f5rvar\u00f5ngad"},"content":{"rendered":"","protected":false},"excerpt":{"rendered":"<p><span data-sheets-value=\"{\"1\":2,\"2\":\"These teardrop shaped black onyxes are made with 18 karat white gold loops which makes them able to link to stainless steel hoops and many others.n n- 18K white gold loopsn - Black onyxn - Stainless steel\"}\" data-sheets-userformat=\"{\"2\":831,\"3\":{\"1\":0},\"4\":{\"1\":2,\"2\":16777215},\"5\":{\"1\":[{\"1\":2,\"2\":0,\"5\":{\"1\":2,\"2\":0}},{\"1\":0,\"2\":0,\"3\":3},{\"1\":1,\"2\":0,\"4\":1}]},\"6\":{\"1\":[{\"1\":2,\"2\":0,\"5\":{\"1\":2,\"2\":0}},{\"1\":0,\"2\":0,\"3\":3},{\"1\":1,\"2\":0,\"4\":1}]},\"7\":{\"1\":[{\"1\":2,\"2\":0,\"5\":{\"1\":2,\"2\":0}},{\"1\":0,\"2\":0,\"3\":3},{\"1\":1,\"2\":0,\"4\":1}]},\"8\":{\"1\":[{\"1\":2,\"2\":0,\"5\":{\"1\":2,\"2\":0}},{\"1\":0,\"2\":0,\"3\":3},{\"1\":1,\"2\":0,\"4\":1}]},\"11\":4,\"12\":0}\">Tilgakujulised mustad oon\u00fc\u00fcksid on valmistatud 18 karaadisest valgest kullast aasadega, mis v\u00f5imaldab neid \u00fchendada terasest hoopidega ja paljude teistega k\u00f5rvar\u00f5ngastega.<\/span><\/p>\n<p><span data-sheets-value=\"{\"1\":2,\"2\":\"These earrings have a mixture of simplicity and elegance. They have a essence of purity to them, which helps to complete any look you might be going for. The diamonds are encricled by 18 karat gold rings, that has been coated in black. These rings are able to link to stainless steel hoops and many others.nn - 0.49ctw F VS LG diamondsn - 18K gold in black Signature coatingn - Stainless steel hoop earrings\"}\" data-sheets-userformat=\"{\"2\":831,\"3\":{\"1\":0},\"4\":{\"1\":2,\"2\":16777215},\"5\":{\"1\":[{\"1\":2,\"2\":0,\"5\":{\"1\":2,\"2\":0}},{\"1\":0,\"2\":0,\"3\":3},{\"1\":1,\"2\":0,\"4\":1}]},\"6\":{\"1\":[{\"1\":2,\"2\":0,\"5\":{\"1\":2,\"2\":0}},{\"1\":0,\"2\":0,\"3\":3},{\"1\":1,\"2\":0,\"4\":1}]},\"7\":{\"1\":[{\"1\":2,\"2\":0,\"5\":{\"1\":2,\"2\":0}},{\"1\":0,\"2\":0,\"3\":3},{\"1\":1,\"2\":0,\"4\":1}]},\"8\":{\"1\":[{\"1\":2,\"2\":0,\"5\":{\"1\":2,\"2\":0}},{\"1\":0,\"2\":0,\"3\":3},{\"1\":1,\"2\":0,\"4\":1}]},\"11\":4,\"12\":0}\">Meie terasest hoopide kolm suurust, l\u00e4bim\u00f5\u00f5dud:<\/span><\/p>\n<p><span data-sheets-value=\"{\"1\":2,\"2\":\"These earrings have a mixture of simplicity and elegance. They have a essence of purity to them, which helps to complete any look you might be going for. The diamonds are encricled by 18 karat gold rings, that has been coated in black. These rings are able to link to stainless steel hoops and many others.nn - 0.49ctw F VS LG diamondsn - 18K gold in black Signature coatingn - Stainless steel hoop earrings\"}\" data-sheets-userformat=\"{\"2\":831,\"3\":{\"1\":0},\"4\":{\"1\":2,\"2\":16777215},\"5\":{\"1\":[{\"1\":2,\"2\":0,\"5\":{\"1\":2,\"2\":0}},{\"1\":0,\"2\":0,\"3\":3},{\"1\":1,\"2\":0,\"4\":1}]},\"6\":{\"1\":[{\"1\":2,\"2\":0,\"5\":{\"1\":2,\"2\":0}},{\"1\":0,\"2\":0,\"3\":3},{\"1\":1,\"2\":0,\"4\":1}]},\"7\":{\"1\":[{\"1\":2,\"2\":0,\"5\":{\"1\":2,\"2\":0}},{\"1\":0,\"2\":0,\"3\":3},{\"1\":1,\"2\":0,\"4\":1}]},\"8\":{\"1\":[{\"1\":2,\"2\":0,\"5\":{\"1\":2,\"2\":0}},{\"1\":0,\"2\":0,\"3\":3},{\"1\":1,\"2\":0,\"4\":1}]},\"11\":4,\"12\":0}\">V\u00e4ike: 12.20mm<br \/>\nKeskmine: 17.25mm<br \/>\nSuur: 36.50mm<\/span><span data-sheets-value=\"{\"1\":2,\"2\":\"These teardrop shaped black onyxes are made with 18 karat white gold loops which makes them able to link to stainless steel hoops and many others.n n- 18K white gold loopsn - Black onyxn - Stainless steel\"}\" data-sheets-userformat=\"{\"2\":831,\"3\":{\"1\":0},\"4\":{\"1\":2,\"2\":16777215},\"5\":{\"1\":[{\"1\":2,\"2\":0,\"5\":{\"1\":2,\"2\":0}},{\"1\":0,\"2\":0,\"3\":3},{\"1\":1,\"2\":0,\"4\":1}]},\"6\":{\"1\":[{\"1\":2,\"2\":0,\"5\":{\"1\":2,\"2\":0}},{\"1\":0,\"2\":0,\"3\":3},{\"1\":1,\"2\":0,\"4\":1}]},\"7\":{\"1\":[{\"1\":2,\"2\":0,\"5\":{\"1\":2,\"2\":0}},{\"1\":0,\"2\":0,\"3\":3},{\"1\":1,\"2\":0,\"4\":1}]},\"8\":{\"1\":[{\"1\":2,\"2\":0,\"5\":{\"1\":2,\"2\":0}},{\"1\":0,\"2\":0,\"3\":3},{\"1\":1,\"2\":0,\"4\":1}]},\"11\":4,\"12\":0}\"><\/p>\n<p><\/span><\/p>\n<ul>\n<li><span data-sheets-value=\"{\"1\":2,\"2\":\"These teardrop shaped black onyxes are made with 18 karat white gold loops which makes them able to link to stainless steel hoops and many others.n n- 18K white gold loopsn - Black onyxn - Stainless steel\"}\" data-sheets-userformat=\"{\"2\":831,\"3\":{\"1\":0},\"4\":{\"1\":2,\"2\":16777215},\"5\":{\"1\":[{\"1\":2,\"2\":0,\"5\":{\"1\":2,\"2\":0}},{\"1\":0,\"2\":0,\"3\":3},{\"1\":1,\"2\":0,\"4\":1}]},\"6\":{\"1\":[{\"1\":2,\"2\":0,\"5\":{\"1\":2,\"2\":0}},{\"1\":0,\"2\":0,\"3\":3},{\"1\":1,\"2\":0,\"4\":1}]},\"7\":{\"1\":[{\"1\":2,\"2\":0,\"5\":{\"1\":2,\"2\":0}},{\"1\":0,\"2\":0,\"3\":3},{\"1\":1,\"2\":0,\"4\":1}]},\"8\":{\"1\":[{\"1\":2,\"2\":0,\"5\":{\"1\":2,\"2\":0}},{\"1\":0,\"2\":0,\"3\":3},{\"1\":1,\"2\":0,\"4\":1}]},\"11\":4,\"12\":0}\">18K valge kuld<\/span><\/li>\n<li>Must oon\u00fc\u00fcks<\/li>\n<li>Teras<\/li>\n<\/ul>\n","protected":false},"featured_media":25376,"template":"","meta":{"_themeisle_gutenberg_block_has_review":false},"product_brand":[],"product_cat":[454],"product_tag":[],"class_list":{"0":"post-26334","1":"product","2":"type-product","3":"status-publish","4":"has-post-thumbnail","6":"product_cat-korvarongad","8":"first","9":"outofstock","10":"shipping-taxable","11":"purchasable","12":"product-type-simple"},"yoast_head":"<!-- This site is optimized with the Yoast SEO plugin v27.3 - https:\/\/yoast.com\/product\/yoast-seo-wordpress\/ -->\n<title>&quot;Black Onyx&quot; terasest k\u00f5rvar\u00f5ngad - KARINE PARRAS<\/title>\n<meta name=\"robots\" content=\"index, follow, max-snippet:-1, max-image-preview:large, max-video-preview:-1\" \/>\n<link rel=\"canonical\" href=\"https:\/\/karineparras.com\/et\/product\/onyx-mustast-terasest-korvarongad\/\" \/>\n<meta property=\"og:locale\" content=\"et_EE\" \/>\n<meta property=\"og:type\" content=\"article\" \/>\n<meta property=\"og:title\" content=\"&quot;Black Onyx&quot; terasest k\u00f5rvar\u00f5ngad - KARINE PARRAS\" \/>\n<meta property=\"og:description\" content=\"Tilgakujulised mustad oon\u00fc\u00fcksid on valmistatud 18 karaadisest valgest kullast aasadega, mis v\u00f5imaldab neid \u00fchendada terasest hoopidega ja paljude teistega k\u00f5rvar\u00f5ngastega. Meie terasest hoopide kolm suurust, l\u00e4bim\u00f5\u00f5dud: V\u00e4ike: 12.20mm Keskmine: 17.25mm Suur: 36.50mm   18K valge kuld  Must oon\u00fc\u00fcks  Teras\" \/>\n<meta property=\"og:url\" content=\"https:\/\/karineparras.com\/et\/product\/onyx-mustast-terasest-korvarongad\/\" \/>\n<meta property=\"og:site_name\" content=\"KARINE PARRAS\" \/>\n<meta property=\"article:publisher\" content=\"https:\/\/www.facebook.com\/karineparras\" \/>\n<meta property=\"article:modified_time\" content=\"2024-04-03T13:46:06+00:00\" \/>\n<meta property=\"og:image\" content=\"https:\/\/karineparras.com\/wp-content\/uploads\/2022\/10\/KPweb_stainless_steel_black_drop_wg.jpg\" \/>\n\t<meta property=\"og:image:width\" content=\"1152\" \/>\n\t<meta property=\"og:image:height\" content=\"1536\" \/>\n\t<meta property=\"og:image:type\" content=\"image\/jpeg\" \/>\n<meta name=\"twitter:card\" content=\"summary_large_image\" \/>\n<script type=\"application\/ld+json\" class=\"yoast-schema-graph\">{\"@context\":\"https:\\\/\\\/schema.org\",\"@graph\":[{\"@type\":\"WebPage\",\"@id\":\"https:\\\/\\\/karineparras.com\\\/et\\\/product\\\/onyx-mustast-terasest-korvarongad\\\/\",\"url\":\"https:\\\/\\\/karineparras.com\\\/et\\\/product\\\/onyx-mustast-terasest-korvarongad\\\/\",\"name\":\"\\\"Black Onyx\\\" terasest k\u00f5rvar\u00f5ngad - KARINE PARRAS\",\"isPartOf\":{\"@id\":\"https:\\\/\\\/karineparras.com\\\/et\\\/#website\"},\"primaryImageOfPage\":{\"@id\":\"https:\\\/\\\/karineparras.com\\\/et\\\/product\\\/onyx-mustast-terasest-korvarongad\\\/#primaryimage\"},\"image\":{\"@id\":\"https:\\\/\\\/karineparras.com\\\/et\\\/product\\\/onyx-mustast-terasest-korvarongad\\\/#primaryimage\"},\"thumbnailUrl\":\"https:\\\/\\\/karineparras.com\\\/wp-content\\\/uploads\\\/2022\\\/10\\\/KPweb_stainless_steel_black_drop_wg.jpg\",\"datePublished\":\"2022-10-21T01:28:19+00:00\",\"dateModified\":\"2024-04-03T13:46:06+00:00\",\"breadcrumb\":{\"@id\":\"https:\\\/\\\/karineparras.com\\\/et\\\/product\\\/onyx-mustast-terasest-korvarongad\\\/#breadcrumb\"},\"inLanguage\":\"et\",\"potentialAction\":[{\"@type\":\"ReadAction\",\"target\":[\"https:\\\/\\\/karineparras.com\\\/et\\\/product\\\/onyx-mustast-terasest-korvarongad\\\/\"]}]},{\"@type\":\"ImageObject\",\"inLanguage\":\"et\",\"@id\":\"https:\\\/\\\/karineparras.com\\\/et\\\/product\\\/onyx-mustast-terasest-korvarongad\\\/#primaryimage\",\"url\":\"https:\\\/\\\/karineparras.com\\\/wp-content\\\/uploads\\\/2022\\\/10\\\/KPweb_stainless_steel_black_drop_wg.jpg\",\"contentUrl\":\"https:\\\/\\\/karineparras.com\\\/wp-content\\\/uploads\\\/2022\\\/10\\\/KPweb_stainless_steel_black_drop_wg.jpg\",\"width\":1152,\"height\":1536},{\"@type\":\"BreadcrumbList\",\"@id\":\"https:\\\/\\\/karineparras.com\\\/et\\\/product\\\/onyx-mustast-terasest-korvarongad\\\/#breadcrumb\",\"itemListElement\":[{\"@type\":\"ListItem\",\"position\":1,\"name\":\"Home\",\"item\":\"https:\\\/\\\/karineparras.com\\\/et\\\/karine-parras\\\/\"},{\"@type\":\"ListItem\",\"position\":2,\"name\":\"Pood\",\"item\":\"https:\\\/\\\/karineparras.com\\\/et\\\/pood\\\/\"},{\"@type\":\"ListItem\",\"position\":3,\"name\":\"&#8220;Black Onyx&#8221; terasest k\u00f5rvar\u00f5ngad\"}]},{\"@type\":\"WebSite\",\"@id\":\"https:\\\/\\\/karineparras.com\\\/et\\\/#website\",\"url\":\"https:\\\/\\\/karineparras.com\\\/et\\\/\",\"name\":\"KARINE PARRAS\",\"description\":\"\",\"publisher\":{\"@id\":\"https:\\\/\\\/karineparras.com\\\/et\\\/#organization\"},\"potentialAction\":[{\"@type\":\"SearchAction\",\"target\":{\"@type\":\"EntryPoint\",\"urlTemplate\":\"https:\\\/\\\/karineparras.com\\\/et\\\/?s={search_term_string}\"},\"query-input\":{\"@type\":\"PropertyValueSpecification\",\"valueRequired\":true,\"valueName\":\"search_term_string\"}}],\"inLanguage\":\"et\"},{\"@type\":\"Organization\",\"@id\":\"https:\\\/\\\/karineparras.com\\\/et\\\/#organization\",\"name\":\"KARINE PARRAS\",\"url\":\"https:\\\/\\\/karineparras.com\\\/et\\\/\",\"logo\":{\"@type\":\"ImageObject\",\"inLanguage\":\"et\",\"@id\":\"https:\\\/\\\/karineparras.com\\\/et\\\/#\\\/schema\\\/logo\\\/image\\\/\",\"url\":\"https:\\\/\\\/karineparras.com\\\/wp-content\\\/uploads\\\/2023\\\/12\\\/logo-header.png\",\"contentUrl\":\"https:\\\/\\\/karineparras.com\\\/wp-content\\\/uploads\\\/2023\\\/12\\\/logo-header.png\",\"width\":1000,\"height\":60,\"caption\":\"KARINE PARRAS\"},\"image\":{\"@id\":\"https:\\\/\\\/karineparras.com\\\/et\\\/#\\\/schema\\\/logo\\\/image\\\/\"},\"sameAs\":[\"https:\\\/\\\/www.facebook.com\\\/karineparras\",\"https:\\\/\\\/www.instagram.com\\\/karineparras\\\/\"]}]}<\/script>\n<!-- \/ Yoast SEO plugin. -->","yoast_head_json":{"title":"\"Black Onyx\" terasest k\u00f5rvar\u00f5ngad - KARINE PARRAS","robots":{"index":"index","follow":"follow","max-snippet":"max-snippet:-1","max-image-preview":"max-image-preview:large","max-video-preview":"max-video-preview:-1"},"canonical":"https:\/\/karineparras.com\/et\/product\/onyx-mustast-terasest-korvarongad\/","og_locale":"et_EE","og_type":"article","og_title":"\"Black Onyx\" terasest k\u00f5rvar\u00f5ngad - KARINE PARRAS","og_description":"Tilgakujulised mustad oon\u00fc\u00fcksid on valmistatud 18 karaadisest valgest kullast aasadega, mis v\u00f5imaldab neid \u00fchendada terasest hoopidega ja paljude teistega k\u00f5rvar\u00f5ngastega. Meie terasest hoopide kolm suurust, l\u00e4bim\u00f5\u00f5dud: V\u00e4ike: 12.20mm Keskmine: 17.25mm Suur: 36.50mm   18K valge kuld  Must oon\u00fc\u00fcks  Teras","og_url":"https:\/\/karineparras.com\/et\/product\/onyx-mustast-terasest-korvarongad\/","og_site_name":"KARINE PARRAS","article_publisher":"https:\/\/www.facebook.com\/karineparras","article_modified_time":"2024-04-03T13:46:06+00:00","og_image":[{"width":1152,"height":1536,"url":"https:\/\/karineparras.com\/wp-content\/uploads\/2022\/10\/KPweb_stainless_steel_black_drop_wg.jpg","type":"image\/jpeg"}],"twitter_card":"summary_large_image","schema":{"@context":"https:\/\/schema.org","@graph":[{"@type":"WebPage","@id":"https:\/\/karineparras.com\/et\/product\/onyx-mustast-terasest-korvarongad\/","url":"https:\/\/karineparras.com\/et\/product\/onyx-mustast-terasest-korvarongad\/","name":"\"Black Onyx\" terasest k\u00f5rvar\u00f5ngad - KARINE PARRAS","isPartOf":{"@id":"https:\/\/karineparras.com\/et\/#website"},"primaryImageOfPage":{"@id":"https:\/\/karineparras.com\/et\/product\/onyx-mustast-terasest-korvarongad\/#primaryimage"},"image":{"@id":"https:\/\/karineparras.com\/et\/product\/onyx-mustast-terasest-korvarongad\/#primaryimage"},"thumbnailUrl":"https:\/\/karineparras.com\/wp-content\/uploads\/2022\/10\/KPweb_stainless_steel_black_drop_wg.jpg","datePublished":"2022-10-21T01:28:19+00:00","dateModified":"2024-04-03T13:46:06+00:00","breadcrumb":{"@id":"https:\/\/karineparras.com\/et\/product\/onyx-mustast-terasest-korvarongad\/#breadcrumb"},"inLanguage":"et","potentialAction":[{"@type":"ReadAction","target":["https:\/\/karineparras.com\/et\/product\/onyx-mustast-terasest-korvarongad\/"]}]},{"@type":"ImageObject","inLanguage":"et","@id":"https:\/\/karineparras.com\/et\/product\/onyx-mustast-terasest-korvarongad\/#primaryimage","url":"https:\/\/karineparras.com\/wp-content\/uploads\/2022\/10\/KPweb_stainless_steel_black_drop_wg.jpg","contentUrl":"https:\/\/karineparras.com\/wp-content\/uploads\/2022\/10\/KPweb_stainless_steel_black_drop_wg.jpg","width":1152,"height":1536},{"@type":"BreadcrumbList","@id":"https:\/\/karineparras.com\/et\/product\/onyx-mustast-terasest-korvarongad\/#breadcrumb","itemListElement":[{"@type":"ListItem","position":1,"name":"Home","item":"https:\/\/karineparras.com\/et\/karine-parras\/"},{"@type":"ListItem","position":2,"name":"Pood","item":"https:\/\/karineparras.com\/et\/pood\/"},{"@type":"ListItem","position":3,"name":"&#8220;Black Onyx&#8221; terasest k\u00f5rvar\u00f5ngad"}]},{"@type":"WebSite","@id":"https:\/\/karineparras.com\/et\/#website","url":"https:\/\/karineparras.com\/et\/","name":"KARINE PARRAS","description":"","publisher":{"@id":"https:\/\/karineparras.com\/et\/#organization"},"potentialAction":[{"@type":"SearchAction","target":{"@type":"EntryPoint","urlTemplate":"https:\/\/karineparras.com\/et\/?s={search_term_string}"},"query-input":{"@type":"PropertyValueSpecification","valueRequired":true,"valueName":"search_term_string"}}],"inLanguage":"et"},{"@type":"Organization","@id":"https:\/\/karineparras.com\/et\/#organization","name":"KARINE PARRAS","url":"https:\/\/karineparras.com\/et\/","logo":{"@type":"ImageObject","inLanguage":"et","@id":"https:\/\/karineparras.com\/et\/#\/schema\/logo\/image\/","url":"https:\/\/karineparras.com\/wp-content\/uploads\/2023\/12\/logo-header.png","contentUrl":"https:\/\/karineparras.com\/wp-content\/uploads\/2023\/12\/logo-header.png","width":1000,"height":60,"caption":"KARINE PARRAS"},"image":{"@id":"https:\/\/karineparras.com\/et\/#\/schema\/logo\/image\/"},"sameAs":["https:\/\/www.facebook.com\/karineparras","https:\/\/www.instagram.com\/karineparras\/"]}]}},"_links":{"self":[{"href":"https:\/\/karineparras.com\/et\/wp-json\/wp\/v2\/product\/26334","targetHints":{"allow":["GET"]}}],"collection":[{"href":"https:\/\/karineparras.com\/et\/wp-json\/wp\/v2\/product"}],"about":[{"href":"https:\/\/karineparras.com\/et\/wp-json\/wp\/v2\/types\/product"}],"wp:featuredmedia":[{"embeddable":true,"href":"https:\/\/karineparras.com\/et\/wp-json\/wp\/v2\/media\/25376"}],"wp:attachment":[{"href":"https:\/\/karineparras.com\/et\/wp-json\/wp\/v2\/media?parent=26334"}],"wp:term":[{"taxonomy":"product_brand","embeddable":true,"href":"https:\/\/karineparras.com\/et\/wp-json\/wp\/v2\/product_brand?post=26334"},{"taxonomy":"product_cat","embeddable":true,"href":"https:\/\/karineparras.com\/et\/wp-json\/wp\/v2\/product_cat?post=26334"},{"taxonomy":"product_tag","embeddable":true,"href":"https:\/\/karineparras.com\/et\/wp-json\/wp\/v2\/product_tag?post=26334"}],"curies":[{"name":"wp","href":"https:\/\/api.w.org\/{rel}","templated":true}]}}