{"id":26327,"date":"2022-10-21T04:26:32","date_gmt":"2022-10-21T01:26:32","guid":{"rendered":"https:\/\/karineparras.com\/product\/must-onyx-lihtne-sormus\/"},"modified":"2025-03-11T15:07:40","modified_gmt":"2025-03-11T13:07:40","slug":"must-onyx-lihtne-sormus","status":"publish","type":"product","link":"https:\/\/karineparras.com\/et\/product\/must-onyx-lihtne-sormus\/","title":{"rendered":"&#8220;Simple Ring&#8221; Must Oon\u00fcks"},"content":{"rendered":"","protected":false},"excerpt":{"rendered":"<p><span data-sheets-userformat=\"{\"2\":831,\"3\":{\"1\":0},\"4\":{\"1\":2,\"2\":16777215},\"5\":{\"1\":[{\"1\":2,\"2\":0,\"5\":{\"1\":2,\"2\":0}},{\"1\":0,\"2\":0,\"3\":3},{\"1\":1,\"2\":0,\"4\":1}]},\"6\":{\"1\":[{\"1\":2,\"2\":0,\"5\":{\"1\":2,\"2\":0}},{\"1\":0,\"2\":0,\"3\":3},{\"1\":1,\"2\":0,\"4\":1}]},\"7\":{\"1\":[{\"1\":2,\"2\":0,\"5\":{\"1\":2,\"2\":0}},{\"1\":0,\"2\":0,\"3\":3},{\"1\":1,\"2\":0,\"4\":1}]},\"8\":{\"1\":[{\"1\":2,\"2\":0,\"5\":{\"1\":2,\"2\":0}},{\"1\":0,\"2\":0,\"3\":3},{\"1\":1,\"2\":0,\"4\":1}]},\"11\":4,\"12\":0}\" data-sheets-value=\"{\"1\":2,\"2\":\"Simple ringnnBlack onyx - a gem that has been used in jewellery since Ancient Egypt - is the centerpiece of this ring. Placed on top of 18K white gold ring, which is coated with black Signature Coating.nn - 18K white gold in black Signature Coatingn - Black onyx\"}\"><a href=\"https:\/\/karineparras.com\/product-category\/fine-jewellery-lines\/simple-ring\/\" target=\"_blank\" rel=\"noopener\">SIMPLE RING<\/a><\/span><\/p>\n<p>Must oon\u00fcks &#8211; s\u00f5rmuse tsentraalkivi &#8211; <span data-sheets-userformat=\"{\"2\":831,\"3\":{\"1\":0},\"4\":{\"1\":2,\"2\":16777215},\"5\":{\"1\":[{\"1\":2,\"2\":0,\"5\":{\"1\":2,\"2\":0}},{\"1\":0,\"2\":0,\"3\":3},{\"1\":1,\"2\":0,\"4\":1}]},\"6\":{\"1\":[{\"1\":2,\"2\":0,\"5\":{\"1\":2,\"2\":0}},{\"1\":0,\"2\":0,\"3\":3},{\"1\":1,\"2\":0,\"4\":1}]},\"7\":{\"1\":[{\"1\":2,\"2\":0,\"5\":{\"1\":2,\"2\":0}},{\"1\":0,\"2\":0,\"3\":3},{\"1\":1,\"2\":0,\"4\":1}]},\"8\":{\"1\":[{\"1\":2,\"2\":0,\"5\":{\"1\":2,\"2\":0}},{\"1\":0,\"2\":0,\"3\":3},{\"1\":1,\"2\":0,\"4\":1}]},\"11\":4,\"12\":0}\" data-sheets-value=\"{\"1\":2,\"2\":\"Simple ringnnBlack onyx - a gem that has been used in jewellery since Ancient Egypt - is the centerpiece of this ring. Placed on top of 18K white gold ring, which is coated with black Signature Coating.nn - 18K white gold in black Signature Coatingn - Black onyx\"}\">kalliskivi, mida on kasutatud ehetes juba Vana-Egiptusest saadik. Kinnitatud 18 karaadise valge kulla peale. S\u00f5rmus on v\u00e4rvitud mustaks <em>Karine Parras<\/em> signatuurv\u00e4rvkattega. Must v\u00e4rv lisab s\u00f5rmusele salap\u00e4ra. See s\u00f5rmus ei oota ainult t\u00e4htp\u00e4evi, vaid sobib igap\u00e4evaseks kandmiseks.<\/span><\/p>\n<p><span data-sheets-userformat=\"{\"2\":831,\"3\":{\"1\":0},\"4\":{\"1\":2,\"2\":16777215},\"5\":{\"1\":[{\"1\":2,\"2\":0,\"5\":{\"1\":2,\"2\":0}},{\"1\":0,\"2\":0,\"3\":3},{\"1\":1,\"2\":0,\"4\":1}]},\"6\":{\"1\":[{\"1\":2,\"2\":0,\"5\":{\"1\":2,\"2\":0}},{\"1\":0,\"2\":0,\"3\":3},{\"1\":1,\"2\":0,\"4\":1}]},\"7\":{\"1\":[{\"1\":2,\"2\":0,\"5\":{\"1\":2,\"2\":0}},{\"1\":0,\"2\":0,\"3\":3},{\"1\":1,\"2\":0,\"4\":1}]},\"8\":{\"1\":[{\"1\":2,\"2\":0,\"5\":{\"1\":2,\"2\":0}},{\"1\":0,\"2\":0,\"3\":3},{\"1\":1,\"2\":0,\"4\":1}]},\"11\":4,\"12\":0}\" data-sheets-value=\"{\"1\":2,\"2\":\"Simple ringnnBlack onyx - a gem that has been used in jewellery since Ancient Egypt - is the centerpiece of this ring. Placed on top of 18K white gold ring, which is coated with black Signature Coating.nn - 18K white gold in black Signature Coatingn - Black onyx\"}\">Suurep\u00e4rane kanda ka keraamiliste s\u00f5rmustega, et lisada mustale midagi uut. <\/span><\/p>\n<ul>\n<li><span data-sheets-userformat=\"{\"2\":831,\"3\":{\"1\":0},\"4\":{\"1\":2,\"2\":16777215},\"5\":{\"1\":[{\"1\":2,\"2\":0,\"5\":{\"1\":2,\"2\":0}},{\"1\":0,\"2\":0,\"3\":3},{\"1\":1,\"2\":0,\"4\":1}]},\"6\":{\"1\":[{\"1\":2,\"2\":0,\"5\":{\"1\":2,\"2\":0}},{\"1\":0,\"2\":0,\"3\":3},{\"1\":1,\"2\":0,\"4\":1}]},\"7\":{\"1\":[{\"1\":2,\"2\":0,\"5\":{\"1\":2,\"2\":0}},{\"1\":0,\"2\":0,\"3\":3},{\"1\":1,\"2\":0,\"4\":1}]},\"8\":{\"1\":[{\"1\":2,\"2\":0,\"5\":{\"1\":2,\"2\":0}},{\"1\":0,\"2\":0,\"3\":3},{\"1\":1,\"2\":0,\"4\":1}]},\"11\":4,\"12\":0}\" data-sheets-value=\"{\"1\":2,\"2\":\"Simple ringnnBlack onyx - a gem that has been used in jewellery since Ancient Egypt - is the centerpiece of this ring. Placed on top of 18K white gold ring, which is coated with black Signature Coating.nn - 18K white gold in black Signature Coatingn - Black onyx\"}\">18K valge kuld Karine Parras musta signatuurkattega<\/span><\/li>\n<li>Must oon\u00fcks<\/li>\n<\/ul>\n","protected":false},"featured_media":25095,"template":"","meta":{"_themeisle_gutenberg_block_has_review":false},"product_brand":[],"product_cat":[440,466,441],"product_tag":[],"class_list":{"0":"post-26327","1":"product","2":"type-product","3":"status-publish","4":"has-post-thumbnail","6":"product_cat-fine-jewellery-liinid","7":"product_cat-simple-ring-et","8":"product_cat-sormused","10":"first","11":"outofstock","12":"shipping-taxable","13":"purchasable","14":"product-type-simple"},"yoast_head":"<!-- This site is optimized with the Yoast SEO plugin v27.3 - https:\/\/yoast.com\/product\/yoast-seo-wordpress\/ -->\n<title>&quot;Simple Ring&quot; Must Oon\u00fcks - KARINE PARRAS<\/title>\n<meta name=\"robots\" content=\"index, follow, max-snippet:-1, max-image-preview:large, max-video-preview:-1\" \/>\n<link rel=\"canonical\" href=\"https:\/\/karineparras.com\/et\/product\/must-onyx-lihtne-sormus\/\" \/>\n<meta property=\"og:locale\" content=\"et_EE\" \/>\n<meta property=\"og:type\" content=\"article\" \/>\n<meta property=\"og:title\" content=\"&quot;Simple Ring&quot; Must Oon\u00fcks - KARINE PARRAS\" \/>\n<meta property=\"og:description\" content=\"SIMPLE RING Must oon\u00fcks - s\u00f5rmuse tsentraalkivi - kalliskivi, mida on kasutatud ehetes juba Vana-Egiptusest saadik. Kinnitatud 18 karaadise valge kulla peale. S\u00f5rmus on v\u00e4rvitud mustaks Karine Parras signatuurv\u00e4rvkattega. Must v\u00e4rv lisab s\u00f5rmusele salap\u00e4ra. See s\u00f5rmus ei oota ainult t\u00e4htp\u00e4evi, vaid sobib igap\u00e4evaseks kandmiseks. Suurep\u00e4rane kanda ka keraamiliste s\u00f5rmustega, et lisada mustale midagi uut.   18K valge kuld Karine Parras musta signatuurkattega  Must oon\u00fcks\" \/>\n<meta property=\"og:url\" content=\"https:\/\/karineparras.com\/et\/product\/must-onyx-lihtne-sormus\/\" \/>\n<meta property=\"og:site_name\" content=\"KARINE PARRAS\" \/>\n<meta property=\"article:publisher\" content=\"https:\/\/www.facebook.com\/karineparras\" \/>\n<meta property=\"article:modified_time\" content=\"2025-03-11T13:07:40+00:00\" \/>\n<meta property=\"og:image\" content=\"https:\/\/karineparras.com\/wp-content\/uploads\/2022\/10\/KPweb_black_simple_wire_black_signature_coating.jpg\" \/>\n\t<meta property=\"og:image:width\" content=\"1152\" \/>\n\t<meta property=\"og:image:height\" content=\"1536\" \/>\n\t<meta property=\"og:image:type\" content=\"image\/jpeg\" \/>\n<meta name=\"twitter:card\" content=\"summary_large_image\" \/>\n<script type=\"application\/ld+json\" class=\"yoast-schema-graph\">{\"@context\":\"https:\\\/\\\/schema.org\",\"@graph\":[{\"@type\":\"WebPage\",\"@id\":\"https:\\\/\\\/karineparras.com\\\/et\\\/product\\\/must-onyx-lihtne-sormus\\\/\",\"url\":\"https:\\\/\\\/karineparras.com\\\/et\\\/product\\\/must-onyx-lihtne-sormus\\\/\",\"name\":\"\\\"Simple Ring\\\" Must Oon\u00fcks - KARINE PARRAS\",\"isPartOf\":{\"@id\":\"https:\\\/\\\/karineparras.com\\\/et\\\/#website\"},\"primaryImageOfPage\":{\"@id\":\"https:\\\/\\\/karineparras.com\\\/et\\\/product\\\/must-onyx-lihtne-sormus\\\/#primaryimage\"},\"image\":{\"@id\":\"https:\\\/\\\/karineparras.com\\\/et\\\/product\\\/must-onyx-lihtne-sormus\\\/#primaryimage\"},\"thumbnailUrl\":\"https:\\\/\\\/karineparras.com\\\/wp-content\\\/uploads\\\/2022\\\/10\\\/KPweb_black_simple_wire_black_signature_coating.jpg\",\"datePublished\":\"2022-10-21T01:26:32+00:00\",\"dateModified\":\"2025-03-11T13:07:40+00:00\",\"breadcrumb\":{\"@id\":\"https:\\\/\\\/karineparras.com\\\/et\\\/product\\\/must-onyx-lihtne-sormus\\\/#breadcrumb\"},\"inLanguage\":\"et\",\"potentialAction\":[{\"@type\":\"ReadAction\",\"target\":[\"https:\\\/\\\/karineparras.com\\\/et\\\/product\\\/must-onyx-lihtne-sormus\\\/\"]}]},{\"@type\":\"ImageObject\",\"inLanguage\":\"et\",\"@id\":\"https:\\\/\\\/karineparras.com\\\/et\\\/product\\\/must-onyx-lihtne-sormus\\\/#primaryimage\",\"url\":\"https:\\\/\\\/karineparras.com\\\/wp-content\\\/uploads\\\/2022\\\/10\\\/KPweb_black_simple_wire_black_signature_coating.jpg\",\"contentUrl\":\"https:\\\/\\\/karineparras.com\\\/wp-content\\\/uploads\\\/2022\\\/10\\\/KPweb_black_simple_wire_black_signature_coating.jpg\",\"width\":1152,\"height\":1536},{\"@type\":\"BreadcrumbList\",\"@id\":\"https:\\\/\\\/karineparras.com\\\/et\\\/product\\\/must-onyx-lihtne-sormus\\\/#breadcrumb\",\"itemListElement\":[{\"@type\":\"ListItem\",\"position\":1,\"name\":\"Home\",\"item\":\"https:\\\/\\\/karineparras.com\\\/et\\\/karine-parras\\\/\"},{\"@type\":\"ListItem\",\"position\":2,\"name\":\"Pood\",\"item\":\"https:\\\/\\\/karineparras.com\\\/et\\\/pood\\\/\"},{\"@type\":\"ListItem\",\"position\":3,\"name\":\"&#8220;Simple Ring&#8221; Must Oon\u00fcks\"}]},{\"@type\":\"WebSite\",\"@id\":\"https:\\\/\\\/karineparras.com\\\/et\\\/#website\",\"url\":\"https:\\\/\\\/karineparras.com\\\/et\\\/\",\"name\":\"KARINE PARRAS\",\"description\":\"\",\"publisher\":{\"@id\":\"https:\\\/\\\/karineparras.com\\\/et\\\/#organization\"},\"potentialAction\":[{\"@type\":\"SearchAction\",\"target\":{\"@type\":\"EntryPoint\",\"urlTemplate\":\"https:\\\/\\\/karineparras.com\\\/et\\\/?s={search_term_string}\"},\"query-input\":{\"@type\":\"PropertyValueSpecification\",\"valueRequired\":true,\"valueName\":\"search_term_string\"}}],\"inLanguage\":\"et\"},{\"@type\":\"Organization\",\"@id\":\"https:\\\/\\\/karineparras.com\\\/et\\\/#organization\",\"name\":\"KARINE PARRAS\",\"url\":\"https:\\\/\\\/karineparras.com\\\/et\\\/\",\"logo\":{\"@type\":\"ImageObject\",\"inLanguage\":\"et\",\"@id\":\"https:\\\/\\\/karineparras.com\\\/et\\\/#\\\/schema\\\/logo\\\/image\\\/\",\"url\":\"https:\\\/\\\/karineparras.com\\\/wp-content\\\/uploads\\\/2023\\\/12\\\/logo-header.png\",\"contentUrl\":\"https:\\\/\\\/karineparras.com\\\/wp-content\\\/uploads\\\/2023\\\/12\\\/logo-header.png\",\"width\":1000,\"height\":60,\"caption\":\"KARINE PARRAS\"},\"image\":{\"@id\":\"https:\\\/\\\/karineparras.com\\\/et\\\/#\\\/schema\\\/logo\\\/image\\\/\"},\"sameAs\":[\"https:\\\/\\\/www.facebook.com\\\/karineparras\",\"https:\\\/\\\/www.instagram.com\\\/karineparras\\\/\"]}]}<\/script>\n<!-- \/ Yoast SEO plugin. -->","yoast_head_json":{"title":"\"Simple Ring\" Must Oon\u00fcks - KARINE PARRAS","robots":{"index":"index","follow":"follow","max-snippet":"max-snippet:-1","max-image-preview":"max-image-preview:large","max-video-preview":"max-video-preview:-1"},"canonical":"https:\/\/karineparras.com\/et\/product\/must-onyx-lihtne-sormus\/","og_locale":"et_EE","og_type":"article","og_title":"\"Simple Ring\" Must Oon\u00fcks - KARINE PARRAS","og_description":"SIMPLE RING Must oon\u00fcks - s\u00f5rmuse tsentraalkivi - kalliskivi, mida on kasutatud ehetes juba Vana-Egiptusest saadik. Kinnitatud 18 karaadise valge kulla peale. S\u00f5rmus on v\u00e4rvitud mustaks Karine Parras signatuurv\u00e4rvkattega. Must v\u00e4rv lisab s\u00f5rmusele salap\u00e4ra. See s\u00f5rmus ei oota ainult t\u00e4htp\u00e4evi, vaid sobib igap\u00e4evaseks kandmiseks. Suurep\u00e4rane kanda ka keraamiliste s\u00f5rmustega, et lisada mustale midagi uut.   18K valge kuld Karine Parras musta signatuurkattega  Must oon\u00fcks","og_url":"https:\/\/karineparras.com\/et\/product\/must-onyx-lihtne-sormus\/","og_site_name":"KARINE PARRAS","article_publisher":"https:\/\/www.facebook.com\/karineparras","article_modified_time":"2025-03-11T13:07:40+00:00","og_image":[{"width":1152,"height":1536,"url":"https:\/\/karineparras.com\/wp-content\/uploads\/2022\/10\/KPweb_black_simple_wire_black_signature_coating.jpg","type":"image\/jpeg"}],"twitter_card":"summary_large_image","schema":{"@context":"https:\/\/schema.org","@graph":[{"@type":"WebPage","@id":"https:\/\/karineparras.com\/et\/product\/must-onyx-lihtne-sormus\/","url":"https:\/\/karineparras.com\/et\/product\/must-onyx-lihtne-sormus\/","name":"\"Simple Ring\" Must Oon\u00fcks - KARINE PARRAS","isPartOf":{"@id":"https:\/\/karineparras.com\/et\/#website"},"primaryImageOfPage":{"@id":"https:\/\/karineparras.com\/et\/product\/must-onyx-lihtne-sormus\/#primaryimage"},"image":{"@id":"https:\/\/karineparras.com\/et\/product\/must-onyx-lihtne-sormus\/#primaryimage"},"thumbnailUrl":"https:\/\/karineparras.com\/wp-content\/uploads\/2022\/10\/KPweb_black_simple_wire_black_signature_coating.jpg","datePublished":"2022-10-21T01:26:32+00:00","dateModified":"2025-03-11T13:07:40+00:00","breadcrumb":{"@id":"https:\/\/karineparras.com\/et\/product\/must-onyx-lihtne-sormus\/#breadcrumb"},"inLanguage":"et","potentialAction":[{"@type":"ReadAction","target":["https:\/\/karineparras.com\/et\/product\/must-onyx-lihtne-sormus\/"]}]},{"@type":"ImageObject","inLanguage":"et","@id":"https:\/\/karineparras.com\/et\/product\/must-onyx-lihtne-sormus\/#primaryimage","url":"https:\/\/karineparras.com\/wp-content\/uploads\/2022\/10\/KPweb_black_simple_wire_black_signature_coating.jpg","contentUrl":"https:\/\/karineparras.com\/wp-content\/uploads\/2022\/10\/KPweb_black_simple_wire_black_signature_coating.jpg","width":1152,"height":1536},{"@type":"BreadcrumbList","@id":"https:\/\/karineparras.com\/et\/product\/must-onyx-lihtne-sormus\/#breadcrumb","itemListElement":[{"@type":"ListItem","position":1,"name":"Home","item":"https:\/\/karineparras.com\/et\/karine-parras\/"},{"@type":"ListItem","position":2,"name":"Pood","item":"https:\/\/karineparras.com\/et\/pood\/"},{"@type":"ListItem","position":3,"name":"&#8220;Simple Ring&#8221; Must Oon\u00fcks"}]},{"@type":"WebSite","@id":"https:\/\/karineparras.com\/et\/#website","url":"https:\/\/karineparras.com\/et\/","name":"KARINE PARRAS","description":"","publisher":{"@id":"https:\/\/karineparras.com\/et\/#organization"},"potentialAction":[{"@type":"SearchAction","target":{"@type":"EntryPoint","urlTemplate":"https:\/\/karineparras.com\/et\/?s={search_term_string}"},"query-input":{"@type":"PropertyValueSpecification","valueRequired":true,"valueName":"search_term_string"}}],"inLanguage":"et"},{"@type":"Organization","@id":"https:\/\/karineparras.com\/et\/#organization","name":"KARINE PARRAS","url":"https:\/\/karineparras.com\/et\/","logo":{"@type":"ImageObject","inLanguage":"et","@id":"https:\/\/karineparras.com\/et\/#\/schema\/logo\/image\/","url":"https:\/\/karineparras.com\/wp-content\/uploads\/2023\/12\/logo-header.png","contentUrl":"https:\/\/karineparras.com\/wp-content\/uploads\/2023\/12\/logo-header.png","width":1000,"height":60,"caption":"KARINE PARRAS"},"image":{"@id":"https:\/\/karineparras.com\/et\/#\/schema\/logo\/image\/"},"sameAs":["https:\/\/www.facebook.com\/karineparras","https:\/\/www.instagram.com\/karineparras\/"]}]}},"_links":{"self":[{"href":"https:\/\/karineparras.com\/et\/wp-json\/wp\/v2\/product\/26327","targetHints":{"allow":["GET"]}}],"collection":[{"href":"https:\/\/karineparras.com\/et\/wp-json\/wp\/v2\/product"}],"about":[{"href":"https:\/\/karineparras.com\/et\/wp-json\/wp\/v2\/types\/product"}],"wp:featuredmedia":[{"embeddable":true,"href":"https:\/\/karineparras.com\/et\/wp-json\/wp\/v2\/media\/25095"}],"wp:attachment":[{"href":"https:\/\/karineparras.com\/et\/wp-json\/wp\/v2\/media?parent=26327"}],"wp:term":[{"taxonomy":"product_brand","embeddable":true,"href":"https:\/\/karineparras.com\/et\/wp-json\/wp\/v2\/product_brand?post=26327"},{"taxonomy":"product_cat","embeddable":true,"href":"https:\/\/karineparras.com\/et\/wp-json\/wp\/v2\/product_cat?post=26327"},{"taxonomy":"product_tag","embeddable":true,"href":"https:\/\/karineparras.com\/et\/wp-json\/wp\/v2\/product_tag?post=26327"}],"curies":[{"name":"wp","href":"https:\/\/api.w.org\/{rel}","templated":true}]}}