{"id":26322,"date":"2023-01-21T04:26:47","date_gmt":"2023-01-21T02:26:47","guid":{"rendered":"https:\/\/karineparras.com\/product\/carbon-south-sea-pearl-sormus\/"},"modified":"2025-03-19T14:59:02","modified_gmt":"2025-03-19T12:59:02","slug":"carbon-south-sea-pearl-sormus","status":"publish","type":"product","link":"https:\/\/karineparras.com\/et\/product\/carbon-south-sea-pearl-sormus\/","title":{"rendered":"&#8220;Carbon on Carbon&#8221; S\u00f5rmus Valge L\u00f5unamere P\u00e4rl"},"content":{"rendered":"","protected":false},"excerpt":{"rendered":"<p><span data-sheets-value=\"{\"1\":2,\"2\":\"Carbon on carbonnnThe creamy white South Sea pearl is embraced by a smooth carbon ring. Inside of the ring features 18 karat rose gold.nn - 18K rose goldn - 17mm diameter of SS pearln - Carbon\"}\" data-sheets-userformat=\"{\"2\":829,\"3\":{\"1\":0},\"5\":{\"1\":[{\"1\":2,\"2\":0,\"5\":{\"1\":2,\"2\":0}},{\"1\":0,\"2\":0,\"3\":3},{\"1\":1,\"2\":0,\"4\":1}]},\"6\":{\"1\":[{\"1\":2,\"2\":0,\"5\":{\"1\":2,\"2\":0}},{\"1\":0,\"2\":0,\"3\":3},{\"1\":1,\"2\":0,\"4\":1}]},\"7\":{\"1\":[{\"1\":2,\"2\":0,\"5\":{\"1\":2,\"2\":0}},{\"1\":0,\"2\":0,\"3\":3},{\"1\":1,\"2\":0,\"4\":1}]},\"8\":{\"1\":[{\"1\":2,\"2\":0,\"5\":{\"1\":2,\"2\":0}},{\"1\":0,\"2\":0,\"3\":3},{\"1\":1,\"2\":0,\"4\":1}]},\"11\":4,\"12\":0}\"><a href=\"https:\/\/karineparras.com\/product-category\/fine-jewellery-lines\/carbon-on-carbon\/\">CARBON ON CARBON<\/a><\/span><\/p>\n<p>Kreemjas valge L\u00f5unamere p\u00e4rl, mida hoiab paigal sile s\u00fcsinikust s\u00f5rmus. S\u00f5rmuse sisek\u00fcljel on 18-karaadine roosa kuld, andes disainile sooja ja pehme s\u00e4ra. S\u00f5rmuse v\u00e4rvide ja vormi lihtsus muudab selle kergesti kantavaks igal puhul, olgu see siis vabaaja riided v\u00f5i \u00f5htuseks s\u00fcndmuseks m\u00f5eldud kleit. Sile disain lisab v\u00e4limusele pehmuse ja harmooniat.<\/p>\n<ul>\n<li><span data-sheets-value=\"{\"1\":2,\"2\":\"Carbon on carbonnnThe creamy white South Sea pearl is embraced by a smooth carbon ring. Inside of the ring features 18 karat rose gold.nn - 18K rose goldn - 17mm diameter of SS pearln - Carbon\"}\" data-sheets-userformat=\"{\"2\":829,\"3\":{\"1\":0},\"5\":{\"1\":[{\"1\":2,\"2\":0,\"5\":{\"1\":2,\"2\":0}},{\"1\":0,\"2\":0,\"3\":3},{\"1\":1,\"2\":0,\"4\":1}]},\"6\":{\"1\":[{\"1\":2,\"2\":0,\"5\":{\"1\":2,\"2\":0}},{\"1\":0,\"2\":0,\"3\":3},{\"1\":1,\"2\":0,\"4\":1}]},\"7\":{\"1\":[{\"1\":2,\"2\":0,\"5\":{\"1\":2,\"2\":0}},{\"1\":0,\"2\":0,\"3\":3},{\"1\":1,\"2\":0,\"4\":1}]},\"8\":{\"1\":[{\"1\":2,\"2\":0,\"5\":{\"1\":2,\"2\":0}},{\"1\":0,\"2\":0,\"3\":3},{\"1\":1,\"2\":0,\"4\":1}]},\"11\":4,\"12\":0}\">18K roosa kuld<\/span><\/li>\n<li>13.7 \/ 17 mm l\u00e4bim\u00f5\u00f5duga L\u00f5unamere p\u00e4rl<\/li>\n<li>S\u00fcsinik<\/li>\n<\/ul>\n","protected":false},"featured_media":25123,"template":"","meta":{"_themeisle_gutenberg_block_has_review":false},"product_brand":[],"product_cat":[444,440,472,441],"product_tag":[480,456,483,532,484,553,490,491,476,554,474,473,497,475,520,493,519,496,494,495,498,486,499,512,513,485,479,477,500,501,487,502,489,488,503,504,505,547,478,506,482,531,509,508,507,510,511,529,545,514,515,546,492,516,522,523,518,521,460,526,525,528,530,527,459,461,537,534,535,533,601,540,542,543,481,555,517,524,548,467,544],"class_list":{"0":"post-26322","1":"product","2":"type-product","3":"status-publish","4":"has-post-thumbnail","6":"product_cat-carbon-on-carbon-et","7":"product_cat-fine-jewellery-liinid","8":"product_cat-parlid","9":"product_cat-sormused","10":"product_tag-18-et","11":"product_tag-18k-et","12":"product_tag-aksessuaarid-et","13":"product_tag-avaldus","14":"product_tag-brandi","15":"product_tag-bykarine-et","16":"product_tag-disain","17":"product_tag-eesti-et-2","18":"product_tag-eesti-et","19":"product_tag-eestimaa-et","20":"product_tag-ehe-et","21":"product_tag-ehted","22":"product_tag-ehted-et","23":"product_tag-estonia-et","24":"product_tag-ettepanek","25":"product_tag-idee","26":"product_tag-isiklik","27":"product_tag-itaalia-et-3","28":"product_tag-itaalia-et","29":"product_tag-itaalia-et-2","30":"product_tag-joulud-et-2","31":"product_tag-joulud-et","32":"product_tag-joulukingitus-et","33":"product_tag-kaasaegne","34":"product_tag-kaasaegne-et","35":"product_tag-karaat","36":"product_tag-kingiidee-et","37":"product_tag-kingitus-et","38":"product_tag-kingitus-et-2","39":"product_tag-klassika-et","40":"product_tag-klassikaline-et","41":"product_tag-klassikaline-et-2","42":"product_tag-kohandatud","43":"product_tag-kokteil-et","44":"product_tag-kokteil-et-2","45":"product_tag-kokteilisormus-et","46":"product_tag-kollane-et","47":"product_tag-kollane-et-2","48":"product_tag-kuld-et","49":"product_tag-kuld-et-2","50":"product_tag-lisaseadmed","51":"product_tag-louna","52":"product_tag-lounameri-et","53":"product_tag-luksus","54":"product_tag-luksuslik-et","55":"product_tag-magevee-et","56":"product_tag-magevesi-et","57":"product_tag-meri","58":"product_tag-naine-et-2","59":"product_tag-naine-et","60":"product_tag-naise-et","61":"product_tag-naised","62":"product_tag-naissoost","63":"product_tag-naisteehted-et","64":"product_tag-parl-et","65":"product_tag-parlid-et-2","66":"product_tag-parlid-et","67":"product_tag-puhas-et","68":"product_tag-rongad","69":"product_tag-roos","70":"product_tag-roosa-et","71":"product_tag-skandinaavia-et-2","72":"product_tag-skandinaavia-et-3","73":"product_tag-skandinaavia-et","74":"product_tag-sormus-et","75":"product_tag-sormus-et-2","76":"product_tag-sormused-et","77":"product_tag-stiil","78":"product_tag-stiilne","79":"product_tag-stuudio","80":"product_tag-susinik","81":"product_tag-tahiti-et","82":"product_tag-tahiti-et-2","83":"product_tag-tallinn-et","84":"product_tag-tarvikud","85":"product_tag-tehtud-et","86":"product_tag-tellimus","87":"product_tag-toeline","88":"product_tag-ulekullatud-et","89":"product_tag-valge-et","90":"product_tag-valge-et-2","92":"first","93":"instock","94":"shipping-taxable","95":"purchasable","96":"product-type-variable"},"yoast_head":"<!-- This site is optimized with the Yoast SEO plugin v27.3 - https:\/\/yoast.com\/product\/yoast-seo-wordpress\/ -->\n<title>&quot;Carbon on Carbon&quot; S\u00f5rmus Valge L\u00f5unamere P\u00e4rl - KARINE PARRAS<\/title>\n<meta name=\"robots\" content=\"index, follow, max-snippet:-1, max-image-preview:large, max-video-preview:-1\" \/>\n<link rel=\"canonical\" href=\"https:\/\/karineparras.com\/et\/product\/carbon-south-sea-pearl-sormus\/\" \/>\n<meta property=\"og:locale\" content=\"et_EE\" \/>\n<meta property=\"og:type\" content=\"article\" \/>\n<meta property=\"og:title\" content=\"&quot;Carbon on Carbon&quot; S\u00f5rmus Valge L\u00f5unamere P\u00e4rl - KARINE PARRAS\" \/>\n<meta property=\"og:description\" content=\"CARBON ON CARBON Kreemjas valge L\u00f5unamere p\u00e4rl, mida hoiab paigal sile s\u00fcsinikust s\u00f5rmus. S\u00f5rmuse sisek\u00fcljel on 18-karaadine roosa kuld, andes disainile sooja ja pehme s\u00e4ra. S\u00f5rmuse v\u00e4rvide ja vormi lihtsus muudab selle kergesti kantavaks igal puhul, olgu see siis vabaaja riided v\u00f5i \u00f5htuseks s\u00fcndmuseks m\u00f5eldud kleit. Sile disain lisab v\u00e4limusele pehmuse ja harmooniat.  18K roosa kuld  13.7 \/ 17 mm l\u00e4bim\u00f5\u00f5duga L\u00f5unamere p\u00e4rl  S\u00fcsinik\" \/>\n<meta property=\"og:url\" content=\"https:\/\/karineparras.com\/et\/product\/carbon-south-sea-pearl-sormus\/\" \/>\n<meta property=\"og:site_name\" content=\"KARINE PARRAS\" \/>\n<meta property=\"article:publisher\" content=\"https:\/\/www.facebook.com\/karineparras\" \/>\n<meta property=\"article:modified_time\" content=\"2025-03-19T12:59:02+00:00\" \/>\n<meta property=\"og:image\" content=\"https:\/\/karineparras.com\/wp-content\/uploads\/2022\/10\/pietra_jet_line_carbon_pearl_2.jpg\" \/>\n\t<meta property=\"og:image:width\" content=\"1152\" \/>\n\t<meta property=\"og:image:height\" content=\"1536\" \/>\n\t<meta property=\"og:image:type\" content=\"image\/jpeg\" \/>\n<meta name=\"twitter:card\" content=\"summary_large_image\" \/>\n<script type=\"application\/ld+json\" class=\"yoast-schema-graph\">{\"@context\":\"https:\\\/\\\/schema.org\",\"@graph\":[{\"@type\":\"WebPage\",\"@id\":\"https:\\\/\\\/karineparras.com\\\/et\\\/product\\\/carbon-south-sea-pearl-sormus\\\/\",\"url\":\"https:\\\/\\\/karineparras.com\\\/et\\\/product\\\/carbon-south-sea-pearl-sormus\\\/\",\"name\":\"\\\"Carbon on Carbon\\\" S\u00f5rmus Valge L\u00f5unamere P\u00e4rl - KARINE PARRAS\",\"isPartOf\":{\"@id\":\"https:\\\/\\\/karineparras.com\\\/et\\\/#website\"},\"primaryImageOfPage\":{\"@id\":\"https:\\\/\\\/karineparras.com\\\/et\\\/product\\\/carbon-south-sea-pearl-sormus\\\/#primaryimage\"},\"image\":{\"@id\":\"https:\\\/\\\/karineparras.com\\\/et\\\/product\\\/carbon-south-sea-pearl-sormus\\\/#primaryimage\"},\"thumbnailUrl\":\"https:\\\/\\\/karineparras.com\\\/wp-content\\\/uploads\\\/2022\\\/10\\\/pietra_jet_line_carbon_pearl_2.jpg\",\"datePublished\":\"2023-01-21T02:26:47+00:00\",\"dateModified\":\"2025-03-19T12:59:02+00:00\",\"breadcrumb\":{\"@id\":\"https:\\\/\\\/karineparras.com\\\/et\\\/product\\\/carbon-south-sea-pearl-sormus\\\/#breadcrumb\"},\"inLanguage\":\"et\",\"potentialAction\":[{\"@type\":\"ReadAction\",\"target\":[\"https:\\\/\\\/karineparras.com\\\/et\\\/product\\\/carbon-south-sea-pearl-sormus\\\/\"]}]},{\"@type\":\"ImageObject\",\"inLanguage\":\"et\",\"@id\":\"https:\\\/\\\/karineparras.com\\\/et\\\/product\\\/carbon-south-sea-pearl-sormus\\\/#primaryimage\",\"url\":\"https:\\\/\\\/karineparras.com\\\/wp-content\\\/uploads\\\/2022\\\/10\\\/pietra_jet_line_carbon_pearl_2.jpg\",\"contentUrl\":\"https:\\\/\\\/karineparras.com\\\/wp-content\\\/uploads\\\/2022\\\/10\\\/pietra_jet_line_carbon_pearl_2.jpg\",\"width\":1152,\"height\":1536},{\"@type\":\"BreadcrumbList\",\"@id\":\"https:\\\/\\\/karineparras.com\\\/et\\\/product\\\/carbon-south-sea-pearl-sormus\\\/#breadcrumb\",\"itemListElement\":[{\"@type\":\"ListItem\",\"position\":1,\"name\":\"Home\",\"item\":\"https:\\\/\\\/karineparras.com\\\/et\\\/karine-parras\\\/\"},{\"@type\":\"ListItem\",\"position\":2,\"name\":\"Pood\",\"item\":\"https:\\\/\\\/karineparras.com\\\/et\\\/pood\\\/\"},{\"@type\":\"ListItem\",\"position\":3,\"name\":\"&#8220;Carbon on Carbon&#8221; S\u00f5rmus Valge L\u00f5unamere P\u00e4rl\"}]},{\"@type\":\"WebSite\",\"@id\":\"https:\\\/\\\/karineparras.com\\\/et\\\/#website\",\"url\":\"https:\\\/\\\/karineparras.com\\\/et\\\/\",\"name\":\"KARINE PARRAS\",\"description\":\"\",\"publisher\":{\"@id\":\"https:\\\/\\\/karineparras.com\\\/et\\\/#organization\"},\"potentialAction\":[{\"@type\":\"SearchAction\",\"target\":{\"@type\":\"EntryPoint\",\"urlTemplate\":\"https:\\\/\\\/karineparras.com\\\/et\\\/?s={search_term_string}\"},\"query-input\":{\"@type\":\"PropertyValueSpecification\",\"valueRequired\":true,\"valueName\":\"search_term_string\"}}],\"inLanguage\":\"et\"},{\"@type\":\"Organization\",\"@id\":\"https:\\\/\\\/karineparras.com\\\/et\\\/#organization\",\"name\":\"KARINE PARRAS\",\"url\":\"https:\\\/\\\/karineparras.com\\\/et\\\/\",\"logo\":{\"@type\":\"ImageObject\",\"inLanguage\":\"et\",\"@id\":\"https:\\\/\\\/karineparras.com\\\/et\\\/#\\\/schema\\\/logo\\\/image\\\/\",\"url\":\"https:\\\/\\\/karineparras.com\\\/wp-content\\\/uploads\\\/2023\\\/12\\\/logo-header.png\",\"contentUrl\":\"https:\\\/\\\/karineparras.com\\\/wp-content\\\/uploads\\\/2023\\\/12\\\/logo-header.png\",\"width\":1000,\"height\":60,\"caption\":\"KARINE PARRAS\"},\"image\":{\"@id\":\"https:\\\/\\\/karineparras.com\\\/et\\\/#\\\/schema\\\/logo\\\/image\\\/\"},\"sameAs\":[\"https:\\\/\\\/www.facebook.com\\\/karineparras\",\"https:\\\/\\\/www.instagram.com\\\/karineparras\\\/\"]}]}<\/script>\n<!-- \/ Yoast SEO plugin. -->","yoast_head_json":{"title":"\"Carbon on Carbon\" S\u00f5rmus Valge L\u00f5unamere P\u00e4rl - KARINE PARRAS","robots":{"index":"index","follow":"follow","max-snippet":"max-snippet:-1","max-image-preview":"max-image-preview:large","max-video-preview":"max-video-preview:-1"},"canonical":"https:\/\/karineparras.com\/et\/product\/carbon-south-sea-pearl-sormus\/","og_locale":"et_EE","og_type":"article","og_title":"\"Carbon on Carbon\" S\u00f5rmus Valge L\u00f5unamere P\u00e4rl - KARINE PARRAS","og_description":"CARBON ON CARBON Kreemjas valge L\u00f5unamere p\u00e4rl, mida hoiab paigal sile s\u00fcsinikust s\u00f5rmus. S\u00f5rmuse sisek\u00fcljel on 18-karaadine roosa kuld, andes disainile sooja ja pehme s\u00e4ra. S\u00f5rmuse v\u00e4rvide ja vormi lihtsus muudab selle kergesti kantavaks igal puhul, olgu see siis vabaaja riided v\u00f5i \u00f5htuseks s\u00fcndmuseks m\u00f5eldud kleit. Sile disain lisab v\u00e4limusele pehmuse ja harmooniat.  18K roosa kuld  13.7 \/ 17 mm l\u00e4bim\u00f5\u00f5duga L\u00f5unamere p\u00e4rl  S\u00fcsinik","og_url":"https:\/\/karineparras.com\/et\/product\/carbon-south-sea-pearl-sormus\/","og_site_name":"KARINE PARRAS","article_publisher":"https:\/\/www.facebook.com\/karineparras","article_modified_time":"2025-03-19T12:59:02+00:00","og_image":[{"width":1152,"height":1536,"url":"https:\/\/karineparras.com\/wp-content\/uploads\/2022\/10\/pietra_jet_line_carbon_pearl_2.jpg","type":"image\/jpeg"}],"twitter_card":"summary_large_image","schema":{"@context":"https:\/\/schema.org","@graph":[{"@type":"WebPage","@id":"https:\/\/karineparras.com\/et\/product\/carbon-south-sea-pearl-sormus\/","url":"https:\/\/karineparras.com\/et\/product\/carbon-south-sea-pearl-sormus\/","name":"\"Carbon on Carbon\" S\u00f5rmus Valge L\u00f5unamere P\u00e4rl - KARINE PARRAS","isPartOf":{"@id":"https:\/\/karineparras.com\/et\/#website"},"primaryImageOfPage":{"@id":"https:\/\/karineparras.com\/et\/product\/carbon-south-sea-pearl-sormus\/#primaryimage"},"image":{"@id":"https:\/\/karineparras.com\/et\/product\/carbon-south-sea-pearl-sormus\/#primaryimage"},"thumbnailUrl":"https:\/\/karineparras.com\/wp-content\/uploads\/2022\/10\/pietra_jet_line_carbon_pearl_2.jpg","datePublished":"2023-01-21T02:26:47+00:00","dateModified":"2025-03-19T12:59:02+00:00","breadcrumb":{"@id":"https:\/\/karineparras.com\/et\/product\/carbon-south-sea-pearl-sormus\/#breadcrumb"},"inLanguage":"et","potentialAction":[{"@type":"ReadAction","target":["https:\/\/karineparras.com\/et\/product\/carbon-south-sea-pearl-sormus\/"]}]},{"@type":"ImageObject","inLanguage":"et","@id":"https:\/\/karineparras.com\/et\/product\/carbon-south-sea-pearl-sormus\/#primaryimage","url":"https:\/\/karineparras.com\/wp-content\/uploads\/2022\/10\/pietra_jet_line_carbon_pearl_2.jpg","contentUrl":"https:\/\/karineparras.com\/wp-content\/uploads\/2022\/10\/pietra_jet_line_carbon_pearl_2.jpg","width":1152,"height":1536},{"@type":"BreadcrumbList","@id":"https:\/\/karineparras.com\/et\/product\/carbon-south-sea-pearl-sormus\/#breadcrumb","itemListElement":[{"@type":"ListItem","position":1,"name":"Home","item":"https:\/\/karineparras.com\/et\/karine-parras\/"},{"@type":"ListItem","position":2,"name":"Pood","item":"https:\/\/karineparras.com\/et\/pood\/"},{"@type":"ListItem","position":3,"name":"&#8220;Carbon on Carbon&#8221; S\u00f5rmus Valge L\u00f5unamere P\u00e4rl"}]},{"@type":"WebSite","@id":"https:\/\/karineparras.com\/et\/#website","url":"https:\/\/karineparras.com\/et\/","name":"KARINE PARRAS","description":"","publisher":{"@id":"https:\/\/karineparras.com\/et\/#organization"},"potentialAction":[{"@type":"SearchAction","target":{"@type":"EntryPoint","urlTemplate":"https:\/\/karineparras.com\/et\/?s={search_term_string}"},"query-input":{"@type":"PropertyValueSpecification","valueRequired":true,"valueName":"search_term_string"}}],"inLanguage":"et"},{"@type":"Organization","@id":"https:\/\/karineparras.com\/et\/#organization","name":"KARINE PARRAS","url":"https:\/\/karineparras.com\/et\/","logo":{"@type":"ImageObject","inLanguage":"et","@id":"https:\/\/karineparras.com\/et\/#\/schema\/logo\/image\/","url":"https:\/\/karineparras.com\/wp-content\/uploads\/2023\/12\/logo-header.png","contentUrl":"https:\/\/karineparras.com\/wp-content\/uploads\/2023\/12\/logo-header.png","width":1000,"height":60,"caption":"KARINE PARRAS"},"image":{"@id":"https:\/\/karineparras.com\/et\/#\/schema\/logo\/image\/"},"sameAs":["https:\/\/www.facebook.com\/karineparras","https:\/\/www.instagram.com\/karineparras\/"]}]}},"_links":{"self":[{"href":"https:\/\/karineparras.com\/et\/wp-json\/wp\/v2\/product\/26322","targetHints":{"allow":["GET"]}}],"collection":[{"href":"https:\/\/karineparras.com\/et\/wp-json\/wp\/v2\/product"}],"about":[{"href":"https:\/\/karineparras.com\/et\/wp-json\/wp\/v2\/types\/product"}],"wp:featuredmedia":[{"embeddable":true,"href":"https:\/\/karineparras.com\/et\/wp-json\/wp\/v2\/media\/25123"}],"wp:attachment":[{"href":"https:\/\/karineparras.com\/et\/wp-json\/wp\/v2\/media?parent=26322"}],"wp:term":[{"taxonomy":"product_brand","embeddable":true,"href":"https:\/\/karineparras.com\/et\/wp-json\/wp\/v2\/product_brand?post=26322"},{"taxonomy":"product_cat","embeddable":true,"href":"https:\/\/karineparras.com\/et\/wp-json\/wp\/v2\/product_cat?post=26322"},{"taxonomy":"product_tag","embeddable":true,"href":"https:\/\/karineparras.com\/et\/wp-json\/wp\/v2\/product_tag?post=26322"}],"curies":[{"name":"wp","href":"https:\/\/api.w.org\/{rel}","templated":true}]}}