{"id":26310,"date":"2022-10-21T04:28:41","date_gmt":"2022-10-21T01:28:41","guid":{"rendered":"https:\/\/karineparras.com\/product\/lihtne-sormus-ovaalse-ametustiga\/"},"modified":"2025-03-13T17:10:35","modified_gmt":"2025-03-13T15:10:35","slug":"lihtne-sormus-ovaalse-ametustiga","status":"publish","type":"product","link":"https:\/\/karineparras.com\/et\/product\/lihtne-sormus-ovaalse-ametustiga\/","title":{"rendered":"&#8220;Simple Ring&#8221; Amet\u00fcst"},"content":{"rendered":"","protected":false},"excerpt":{"rendered":"<p><a href=\"https:\/\/karineparras.com\/product-category\/fine-jewellery-lines\/simple-ring\/\" target=\"_blank\" rel=\"noopener\">SIMPLE RING<\/a><\/p>\n<p>S\u00f5rmusel on silmapaistev ovaalne amet\u00fcst, mille s\u00fcgav lillakas v\u00e4rv ja kristallselgus t\u00f5mbavad t\u00e4helepanu. Kivi on kinnitatud nelja haruga toestusse, mille harud on t\u00e4iustatud Karine Parras lilla signatuurv\u00e4rvkattega. <\/p>\n<p>S\u00f5rmus sobib suurep\u00e4raselt kokku meie keraamiliste s\u00f5rmuste valikuga. Keraamiliste s\u00f5rmuste vahetamisega saad luua t\u00e4iesti uue v\u00e4limuse, lisades oma kollektsioonile mitmek\u00fclgsust ja stiili. <\/p>\n<ul>\n<li>18K roosa kuld Karine Parras lilla signatuurv\u00e4rvkattega<\/li>\n<li>20 x 15 mm amet\u00fcst<\/li>\n<\/ul>\n","protected":false},"featured_media":25443,"template":"","meta":{"_themeisle_gutenberg_block_has_review":false},"product_brand":[],"product_cat":[440,466,441],"product_tag":[],"class_list":{"0":"post-26310","1":"product","2":"type-product","3":"status-publish","4":"has-post-thumbnail","6":"product_cat-fine-jewellery-liinid","7":"product_cat-simple-ring-et","8":"product_cat-sormused","10":"first","11":"outofstock","12":"shipping-taxable","13":"purchasable","14":"product-type-simple"},"yoast_head":"<!-- This site is optimized with the Yoast SEO plugin v27.4 - https:\/\/yoast.com\/product\/yoast-seo-wordpress\/ -->\n<title>&quot;Simple Ring&quot; Amet\u00fcst - KARINE PARRAS<\/title>\n<meta name=\"robots\" content=\"index, follow, max-snippet:-1, max-image-preview:large, max-video-preview:-1\" \/>\n<link rel=\"canonical\" href=\"https:\/\/karineparras.com\/et\/product\/lihtne-sormus-ovaalse-ametustiga\/\" \/>\n<meta property=\"og:locale\" content=\"et_EE\" \/>\n<meta property=\"og:type\" content=\"article\" \/>\n<meta property=\"og:title\" content=\"&quot;Simple Ring&quot; Amet\u00fcst - KARINE PARRAS\" \/>\n<meta property=\"og:description\" content=\"SIMPLE RING S\u00f5rmusel on silmapaistev ovaalne amet\u00fcst, mille s\u00fcgav lillakas v\u00e4rv ja kristallselgus t\u00f5mbavad t\u00e4helepanu. Kivi on kinnitatud nelja haruga toestusse, mille harud on t\u00e4iustatud Karine Parras lilla signatuurv\u00e4rvkattega.  S\u00f5rmus sobib suurep\u00e4raselt kokku meie keraamiliste s\u00f5rmuste valikuga. Keraamiliste s\u00f5rmuste vahetamisega saad luua t\u00e4iesti uue v\u00e4limuse, lisades oma kollektsioonile mitmek\u00fclgsust ja stiili.   18K roosa kuld Karine Parras lilla signatuurv\u00e4rvkattega  20 x 15 mm amet\u00fcst\" \/>\n<meta property=\"og:url\" content=\"https:\/\/karineparras.com\/et\/product\/lihtne-sormus-ovaalse-ametustiga\/\" \/>\n<meta property=\"og:site_name\" content=\"KARINE PARRAS\" \/>\n<meta property=\"article:publisher\" content=\"https:\/\/www.facebook.com\/karineparras\" \/>\n<meta property=\"article:modified_time\" content=\"2025-03-13T15:10:35+00:00\" \/>\n<meta property=\"og:image\" content=\"https:\/\/karineparras.com\/wp-content\/uploads\/2022\/10\/KPweb_amethyst_oval_purple_simple_ring_rg_f40be161-827d-4e69-bd24-22699d77f944.jpg\" \/>\n\t<meta property=\"og:image:width\" content=\"1152\" \/>\n\t<meta property=\"og:image:height\" content=\"1536\" \/>\n\t<meta property=\"og:image:type\" content=\"image\/jpeg\" \/>\n<meta name=\"twitter:card\" content=\"summary_large_image\" \/>\n<script type=\"application\/ld+json\" class=\"yoast-schema-graph\">{\"@context\":\"https:\\\/\\\/schema.org\",\"@graph\":[{\"@type\":\"WebPage\",\"@id\":\"https:\\\/\\\/karineparras.com\\\/et\\\/product\\\/lihtne-sormus-ovaalse-ametustiga\\\/\",\"url\":\"https:\\\/\\\/karineparras.com\\\/et\\\/product\\\/lihtne-sormus-ovaalse-ametustiga\\\/\",\"name\":\"\\\"Simple Ring\\\" Amet\u00fcst - KARINE PARRAS\",\"isPartOf\":{\"@id\":\"https:\\\/\\\/karineparras.com\\\/et\\\/#website\"},\"primaryImageOfPage\":{\"@id\":\"https:\\\/\\\/karineparras.com\\\/et\\\/product\\\/lihtne-sormus-ovaalse-ametustiga\\\/#primaryimage\"},\"image\":{\"@id\":\"https:\\\/\\\/karineparras.com\\\/et\\\/product\\\/lihtne-sormus-ovaalse-ametustiga\\\/#primaryimage\"},\"thumbnailUrl\":\"https:\\\/\\\/karineparras.com\\\/wp-content\\\/uploads\\\/2022\\\/10\\\/KPweb_amethyst_oval_purple_simple_ring_rg_f40be161-827d-4e69-bd24-22699d77f944.jpg\",\"datePublished\":\"2022-10-21T01:28:41+00:00\",\"dateModified\":\"2025-03-13T15:10:35+00:00\",\"breadcrumb\":{\"@id\":\"https:\\\/\\\/karineparras.com\\\/et\\\/product\\\/lihtne-sormus-ovaalse-ametustiga\\\/#breadcrumb\"},\"inLanguage\":\"et\",\"potentialAction\":[{\"@type\":\"ReadAction\",\"target\":[\"https:\\\/\\\/karineparras.com\\\/et\\\/product\\\/lihtne-sormus-ovaalse-ametustiga\\\/\"]}]},{\"@type\":\"ImageObject\",\"inLanguage\":\"et\",\"@id\":\"https:\\\/\\\/karineparras.com\\\/et\\\/product\\\/lihtne-sormus-ovaalse-ametustiga\\\/#primaryimage\",\"url\":\"https:\\\/\\\/karineparras.com\\\/wp-content\\\/uploads\\\/2022\\\/10\\\/KPweb_amethyst_oval_purple_simple_ring_rg_f40be161-827d-4e69-bd24-22699d77f944.jpg\",\"contentUrl\":\"https:\\\/\\\/karineparras.com\\\/wp-content\\\/uploads\\\/2022\\\/10\\\/KPweb_amethyst_oval_purple_simple_ring_rg_f40be161-827d-4e69-bd24-22699d77f944.jpg\",\"width\":1152,\"height\":1536},{\"@type\":\"BreadcrumbList\",\"@id\":\"https:\\\/\\\/karineparras.com\\\/et\\\/product\\\/lihtne-sormus-ovaalse-ametustiga\\\/#breadcrumb\",\"itemListElement\":[{\"@type\":\"ListItem\",\"position\":1,\"name\":\"Home\",\"item\":\"https:\\\/\\\/karineparras.com\\\/et\\\/karine-parras\\\/\"},{\"@type\":\"ListItem\",\"position\":2,\"name\":\"Pood\",\"item\":\"https:\\\/\\\/karineparras.com\\\/et\\\/pood\\\/\"},{\"@type\":\"ListItem\",\"position\":3,\"name\":\"&#8220;Simple Ring&#8221; Amet\u00fcst\"}]},{\"@type\":\"WebSite\",\"@id\":\"https:\\\/\\\/karineparras.com\\\/et\\\/#website\",\"url\":\"https:\\\/\\\/karineparras.com\\\/et\\\/\",\"name\":\"KARINE PARRAS\",\"description\":\"\",\"publisher\":{\"@id\":\"https:\\\/\\\/karineparras.com\\\/et\\\/#organization\"},\"potentialAction\":[{\"@type\":\"SearchAction\",\"target\":{\"@type\":\"EntryPoint\",\"urlTemplate\":\"https:\\\/\\\/karineparras.com\\\/et\\\/?s={search_term_string}\"},\"query-input\":{\"@type\":\"PropertyValueSpecification\",\"valueRequired\":true,\"valueName\":\"search_term_string\"}}],\"inLanguage\":\"et\"},{\"@type\":\"Organization\",\"@id\":\"https:\\\/\\\/karineparras.com\\\/et\\\/#organization\",\"name\":\"KARINE PARRAS\",\"url\":\"https:\\\/\\\/karineparras.com\\\/et\\\/\",\"logo\":{\"@type\":\"ImageObject\",\"inLanguage\":\"et\",\"@id\":\"https:\\\/\\\/karineparras.com\\\/et\\\/#\\\/schema\\\/logo\\\/image\\\/\",\"url\":\"https:\\\/\\\/karineparras.com\\\/wp-content\\\/uploads\\\/2023\\\/12\\\/logo-header.png\",\"contentUrl\":\"https:\\\/\\\/karineparras.com\\\/wp-content\\\/uploads\\\/2023\\\/12\\\/logo-header.png\",\"width\":1000,\"height\":60,\"caption\":\"KARINE PARRAS\"},\"image\":{\"@id\":\"https:\\\/\\\/karineparras.com\\\/et\\\/#\\\/schema\\\/logo\\\/image\\\/\"},\"sameAs\":[\"https:\\\/\\\/www.facebook.com\\\/karineparras\",\"https:\\\/\\\/www.instagram.com\\\/karineparras\\\/\"]}]}<\/script>\n<!-- \/ Yoast SEO plugin. -->","yoast_head_json":{"title":"\"Simple Ring\" Amet\u00fcst - KARINE PARRAS","robots":{"index":"index","follow":"follow","max-snippet":"max-snippet:-1","max-image-preview":"max-image-preview:large","max-video-preview":"max-video-preview:-1"},"canonical":"https:\/\/karineparras.com\/et\/product\/lihtne-sormus-ovaalse-ametustiga\/","og_locale":"et_EE","og_type":"article","og_title":"\"Simple Ring\" Amet\u00fcst - KARINE PARRAS","og_description":"SIMPLE RING S\u00f5rmusel on silmapaistev ovaalne amet\u00fcst, mille s\u00fcgav lillakas v\u00e4rv ja kristallselgus t\u00f5mbavad t\u00e4helepanu. Kivi on kinnitatud nelja haruga toestusse, mille harud on t\u00e4iustatud Karine Parras lilla signatuurv\u00e4rvkattega.  S\u00f5rmus sobib suurep\u00e4raselt kokku meie keraamiliste s\u00f5rmuste valikuga. Keraamiliste s\u00f5rmuste vahetamisega saad luua t\u00e4iesti uue v\u00e4limuse, lisades oma kollektsioonile mitmek\u00fclgsust ja stiili.   18K roosa kuld Karine Parras lilla signatuurv\u00e4rvkattega  20 x 15 mm amet\u00fcst","og_url":"https:\/\/karineparras.com\/et\/product\/lihtne-sormus-ovaalse-ametustiga\/","og_site_name":"KARINE PARRAS","article_publisher":"https:\/\/www.facebook.com\/karineparras","article_modified_time":"2025-03-13T15:10:35+00:00","og_image":[{"width":1152,"height":1536,"url":"https:\/\/karineparras.com\/wp-content\/uploads\/2022\/10\/KPweb_amethyst_oval_purple_simple_ring_rg_f40be161-827d-4e69-bd24-22699d77f944.jpg","type":"image\/jpeg"}],"twitter_card":"summary_large_image","schema":{"@context":"https:\/\/schema.org","@graph":[{"@type":"WebPage","@id":"https:\/\/karineparras.com\/et\/product\/lihtne-sormus-ovaalse-ametustiga\/","url":"https:\/\/karineparras.com\/et\/product\/lihtne-sormus-ovaalse-ametustiga\/","name":"\"Simple Ring\" Amet\u00fcst - KARINE PARRAS","isPartOf":{"@id":"https:\/\/karineparras.com\/et\/#website"},"primaryImageOfPage":{"@id":"https:\/\/karineparras.com\/et\/product\/lihtne-sormus-ovaalse-ametustiga\/#primaryimage"},"image":{"@id":"https:\/\/karineparras.com\/et\/product\/lihtne-sormus-ovaalse-ametustiga\/#primaryimage"},"thumbnailUrl":"https:\/\/karineparras.com\/wp-content\/uploads\/2022\/10\/KPweb_amethyst_oval_purple_simple_ring_rg_f40be161-827d-4e69-bd24-22699d77f944.jpg","datePublished":"2022-10-21T01:28:41+00:00","dateModified":"2025-03-13T15:10:35+00:00","breadcrumb":{"@id":"https:\/\/karineparras.com\/et\/product\/lihtne-sormus-ovaalse-ametustiga\/#breadcrumb"},"inLanguage":"et","potentialAction":[{"@type":"ReadAction","target":["https:\/\/karineparras.com\/et\/product\/lihtne-sormus-ovaalse-ametustiga\/"]}]},{"@type":"ImageObject","inLanguage":"et","@id":"https:\/\/karineparras.com\/et\/product\/lihtne-sormus-ovaalse-ametustiga\/#primaryimage","url":"https:\/\/karineparras.com\/wp-content\/uploads\/2022\/10\/KPweb_amethyst_oval_purple_simple_ring_rg_f40be161-827d-4e69-bd24-22699d77f944.jpg","contentUrl":"https:\/\/karineparras.com\/wp-content\/uploads\/2022\/10\/KPweb_amethyst_oval_purple_simple_ring_rg_f40be161-827d-4e69-bd24-22699d77f944.jpg","width":1152,"height":1536},{"@type":"BreadcrumbList","@id":"https:\/\/karineparras.com\/et\/product\/lihtne-sormus-ovaalse-ametustiga\/#breadcrumb","itemListElement":[{"@type":"ListItem","position":1,"name":"Home","item":"https:\/\/karineparras.com\/et\/karine-parras\/"},{"@type":"ListItem","position":2,"name":"Pood","item":"https:\/\/karineparras.com\/et\/pood\/"},{"@type":"ListItem","position":3,"name":"&#8220;Simple Ring&#8221; Amet\u00fcst"}]},{"@type":"WebSite","@id":"https:\/\/karineparras.com\/et\/#website","url":"https:\/\/karineparras.com\/et\/","name":"KARINE PARRAS","description":"","publisher":{"@id":"https:\/\/karineparras.com\/et\/#organization"},"potentialAction":[{"@type":"SearchAction","target":{"@type":"EntryPoint","urlTemplate":"https:\/\/karineparras.com\/et\/?s={search_term_string}"},"query-input":{"@type":"PropertyValueSpecification","valueRequired":true,"valueName":"search_term_string"}}],"inLanguage":"et"},{"@type":"Organization","@id":"https:\/\/karineparras.com\/et\/#organization","name":"KARINE PARRAS","url":"https:\/\/karineparras.com\/et\/","logo":{"@type":"ImageObject","inLanguage":"et","@id":"https:\/\/karineparras.com\/et\/#\/schema\/logo\/image\/","url":"https:\/\/karineparras.com\/wp-content\/uploads\/2023\/12\/logo-header.png","contentUrl":"https:\/\/karineparras.com\/wp-content\/uploads\/2023\/12\/logo-header.png","width":1000,"height":60,"caption":"KARINE PARRAS"},"image":{"@id":"https:\/\/karineparras.com\/et\/#\/schema\/logo\/image\/"},"sameAs":["https:\/\/www.facebook.com\/karineparras","https:\/\/www.instagram.com\/karineparras\/"]}]}},"_links":{"self":[{"href":"https:\/\/karineparras.com\/et\/wp-json\/wp\/v2\/product\/26310","targetHints":{"allow":["GET"]}}],"collection":[{"href":"https:\/\/karineparras.com\/et\/wp-json\/wp\/v2\/product"}],"about":[{"href":"https:\/\/karineparras.com\/et\/wp-json\/wp\/v2\/types\/product"}],"wp:featuredmedia":[{"embeddable":true,"href":"https:\/\/karineparras.com\/et\/wp-json\/wp\/v2\/media\/25443"}],"wp:attachment":[{"href":"https:\/\/karineparras.com\/et\/wp-json\/wp\/v2\/media?parent=26310"}],"wp:term":[{"taxonomy":"product_brand","embeddable":true,"href":"https:\/\/karineparras.com\/et\/wp-json\/wp\/v2\/product_brand?post=26310"},{"taxonomy":"product_cat","embeddable":true,"href":"https:\/\/karineparras.com\/et\/wp-json\/wp\/v2\/product_cat?post=26310"},{"taxonomy":"product_tag","embeddable":true,"href":"https:\/\/karineparras.com\/et\/wp-json\/wp\/v2\/product_tag?post=26310"}],"curies":[{"name":"wp","href":"https:\/\/api.w.org\/{rel}","templated":true}]}}