{"id":26299,"date":"2022-10-21T04:28:37","date_gmt":"2022-10-21T01:28:37","guid":{"rendered":"https:\/\/karineparras.com\/product\/lihtne-akoya-parlite-sormus-valgest-kullast\/"},"modified":"2025-03-13T14:29:20","modified_gmt":"2025-03-13T12:29:20","slug":"lihtne-akoya-parlite-sormus-valgest-kullast","status":"publish","type":"product","link":"https:\/\/karineparras.com\/et\/product\/lihtne-akoya-parlite-sormus-valgest-kullast\/","title":{"rendered":"&#8220;Simple Ring&#8221; Akoya P\u00e4rlid"},"content":{"rendered":"","protected":false},"excerpt":{"rendered":"<p class=\"p1\"><a href=\"https:\/\/karineparras.com\/product-category\/fine-jewellery-lines\/simple-ring\/\" target=\"_blank\" rel=\"noopener\">SIMPLE RING<\/a><\/p>\n<p class=\"p1\">Igap\u00e4evane m\u00e4ngulisus, funktsionaalsus ja lihtne kandmine on m\u00e4rks\u00f5nad, millega kirjeldada &#8220;Simple Rings&#8221; liini.<\/p>\n<p class=\"p1\">Julge disain, mis r\u00f5hutab funktsionaalsust, v\u00f5imaldades erinevaid kombinatsioone t\u00e4nu l\u00f5busale kombineerimisele.<\/p>\n<p class=\"p1\">Keskmised s\u00f5rmused on saadaval erinevate teemantide, v\u00e4\u00e4riskivide ja p\u00e4rlitega. Erinevate v\u00e4rviliste keraamiliste kolmnurkade lisamine muudab iga s\u00f5rmuse julgeks, kuid samas keerukaks.<\/p>\n<p class=\"p1\">Tuleb koos valitud keraamilise s\u00f5rmusega.<\/p>\n<ul>\n<li>18K valge kuld<\/li>\n<li>\u00dcks 5 mm Akoya p\u00e4rl<\/li>\n<li>Kuus 3 mm Akoya p\u00e4rlit<\/li>\n<\/ul>\n","protected":false},"featured_media":25419,"template":"","meta":{"_themeisle_gutenberg_block_has_review":false},"product_brand":[],"product_cat":[440,472,466,441],"product_tag":[],"class_list":{"0":"post-26299","1":"product","2":"type-product","3":"status-publish","4":"has-post-thumbnail","6":"product_cat-fine-jewellery-liinid","7":"product_cat-parlid","8":"product_cat-simple-ring-et","9":"product_cat-sormused","11":"first","12":"outofstock","13":"shipping-taxable","14":"purchasable","15":"product-type-simple"},"yoast_head":"<!-- This site is optimized with the Yoast SEO plugin v27.3 - https:\/\/yoast.com\/product\/yoast-seo-wordpress\/ -->\n<title>&quot;Simple Ring&quot; Akoya P\u00e4rlid - KARINE PARRAS<\/title>\n<meta name=\"robots\" content=\"index, follow, max-snippet:-1, max-image-preview:large, max-video-preview:-1\" \/>\n<link rel=\"canonical\" href=\"https:\/\/karineparras.com\/et\/product\/lihtne-akoya-parlite-sormus-valgest-kullast\/\" \/>\n<meta property=\"og:locale\" content=\"et_EE\" \/>\n<meta property=\"og:type\" content=\"article\" \/>\n<meta property=\"og:title\" content=\"&quot;Simple Ring&quot; Akoya P\u00e4rlid - KARINE PARRAS\" \/>\n<meta property=\"og:description\" content=\"SIMPLE RING Igap\u00e4evane m\u00e4ngulisus, funktsionaalsus ja lihtne kandmine on m\u00e4rks\u00f5nad, millega kirjeldada &quot;Simple Rings&quot; liini. Julge disain, mis r\u00f5hutab funktsionaalsust, v\u00f5imaldades erinevaid kombinatsioone t\u00e4nu l\u00f5busale kombineerimisele. Keskmised s\u00f5rmused on saadaval erinevate teemantide, v\u00e4\u00e4riskivide ja p\u00e4rlitega. Erinevate v\u00e4rviliste keraamiliste kolmnurkade lisamine muudab iga s\u00f5rmuse julgeks, kuid samas keerukaks. Tuleb koos valitud keraamilise s\u00f5rmusega.   18K valge kuld  \u00dcks 5 mm Akoya p\u00e4rl  Kuus 3 mm Akoya p\u00e4rlit\" \/>\n<meta property=\"og:url\" content=\"https:\/\/karineparras.com\/et\/product\/lihtne-akoya-parlite-sormus-valgest-kullast\/\" \/>\n<meta property=\"og:site_name\" content=\"KARINE PARRAS\" \/>\n<meta property=\"article:publisher\" content=\"https:\/\/www.facebook.com\/karineparras\" \/>\n<meta property=\"article:modified_time\" content=\"2025-03-13T12:29:20+00:00\" \/>\n<meta property=\"og:image\" content=\"https:\/\/karineparras.com\/wp-content\/uploads\/2022\/10\/KPweb_simple_ring_akoya.jpg\" \/>\n\t<meta property=\"og:image:width\" content=\"1152\" \/>\n\t<meta property=\"og:image:height\" content=\"1536\" \/>\n\t<meta property=\"og:image:type\" content=\"image\/jpeg\" \/>\n<meta name=\"twitter:card\" content=\"summary_large_image\" \/>\n<script type=\"application\/ld+json\" class=\"yoast-schema-graph\">{\"@context\":\"https:\\\/\\\/schema.org\",\"@graph\":[{\"@type\":\"WebPage\",\"@id\":\"https:\\\/\\\/karineparras.com\\\/et\\\/product\\\/lihtne-akoya-parlite-sormus-valgest-kullast\\\/\",\"url\":\"https:\\\/\\\/karineparras.com\\\/et\\\/product\\\/lihtne-akoya-parlite-sormus-valgest-kullast\\\/\",\"name\":\"\\\"Simple Ring\\\" Akoya P\u00e4rlid - KARINE PARRAS\",\"isPartOf\":{\"@id\":\"https:\\\/\\\/karineparras.com\\\/et\\\/#website\"},\"primaryImageOfPage\":{\"@id\":\"https:\\\/\\\/karineparras.com\\\/et\\\/product\\\/lihtne-akoya-parlite-sormus-valgest-kullast\\\/#primaryimage\"},\"image\":{\"@id\":\"https:\\\/\\\/karineparras.com\\\/et\\\/product\\\/lihtne-akoya-parlite-sormus-valgest-kullast\\\/#primaryimage\"},\"thumbnailUrl\":\"https:\\\/\\\/karineparras.com\\\/wp-content\\\/uploads\\\/2022\\\/10\\\/KPweb_simple_ring_akoya.jpg\",\"datePublished\":\"2022-10-21T01:28:37+00:00\",\"dateModified\":\"2025-03-13T12:29:20+00:00\",\"breadcrumb\":{\"@id\":\"https:\\\/\\\/karineparras.com\\\/et\\\/product\\\/lihtne-akoya-parlite-sormus-valgest-kullast\\\/#breadcrumb\"},\"inLanguage\":\"et\",\"potentialAction\":[{\"@type\":\"ReadAction\",\"target\":[\"https:\\\/\\\/karineparras.com\\\/et\\\/product\\\/lihtne-akoya-parlite-sormus-valgest-kullast\\\/\"]}]},{\"@type\":\"ImageObject\",\"inLanguage\":\"et\",\"@id\":\"https:\\\/\\\/karineparras.com\\\/et\\\/product\\\/lihtne-akoya-parlite-sormus-valgest-kullast\\\/#primaryimage\",\"url\":\"https:\\\/\\\/karineparras.com\\\/wp-content\\\/uploads\\\/2022\\\/10\\\/KPweb_simple_ring_akoya.jpg\",\"contentUrl\":\"https:\\\/\\\/karineparras.com\\\/wp-content\\\/uploads\\\/2022\\\/10\\\/KPweb_simple_ring_akoya.jpg\",\"width\":1152,\"height\":1536},{\"@type\":\"BreadcrumbList\",\"@id\":\"https:\\\/\\\/karineparras.com\\\/et\\\/product\\\/lihtne-akoya-parlite-sormus-valgest-kullast\\\/#breadcrumb\",\"itemListElement\":[{\"@type\":\"ListItem\",\"position\":1,\"name\":\"Home\",\"item\":\"https:\\\/\\\/karineparras.com\\\/et\\\/karine-parras\\\/\"},{\"@type\":\"ListItem\",\"position\":2,\"name\":\"Pood\",\"item\":\"https:\\\/\\\/karineparras.com\\\/et\\\/pood\\\/\"},{\"@type\":\"ListItem\",\"position\":3,\"name\":\"&#8220;Simple Ring&#8221; Akoya P\u00e4rlid\"}]},{\"@type\":\"WebSite\",\"@id\":\"https:\\\/\\\/karineparras.com\\\/et\\\/#website\",\"url\":\"https:\\\/\\\/karineparras.com\\\/et\\\/\",\"name\":\"KARINE PARRAS\",\"description\":\"\",\"publisher\":{\"@id\":\"https:\\\/\\\/karineparras.com\\\/et\\\/#organization\"},\"potentialAction\":[{\"@type\":\"SearchAction\",\"target\":{\"@type\":\"EntryPoint\",\"urlTemplate\":\"https:\\\/\\\/karineparras.com\\\/et\\\/?s={search_term_string}\"},\"query-input\":{\"@type\":\"PropertyValueSpecification\",\"valueRequired\":true,\"valueName\":\"search_term_string\"}}],\"inLanguage\":\"et\"},{\"@type\":\"Organization\",\"@id\":\"https:\\\/\\\/karineparras.com\\\/et\\\/#organization\",\"name\":\"KARINE PARRAS\",\"url\":\"https:\\\/\\\/karineparras.com\\\/et\\\/\",\"logo\":{\"@type\":\"ImageObject\",\"inLanguage\":\"et\",\"@id\":\"https:\\\/\\\/karineparras.com\\\/et\\\/#\\\/schema\\\/logo\\\/image\\\/\",\"url\":\"https:\\\/\\\/karineparras.com\\\/wp-content\\\/uploads\\\/2023\\\/12\\\/logo-header.png\",\"contentUrl\":\"https:\\\/\\\/karineparras.com\\\/wp-content\\\/uploads\\\/2023\\\/12\\\/logo-header.png\",\"width\":1000,\"height\":60,\"caption\":\"KARINE PARRAS\"},\"image\":{\"@id\":\"https:\\\/\\\/karineparras.com\\\/et\\\/#\\\/schema\\\/logo\\\/image\\\/\"},\"sameAs\":[\"https:\\\/\\\/www.facebook.com\\\/karineparras\",\"https:\\\/\\\/www.instagram.com\\\/karineparras\\\/\"]}]}<\/script>\n<!-- \/ Yoast SEO plugin. -->","yoast_head_json":{"title":"\"Simple Ring\" Akoya P\u00e4rlid - KARINE PARRAS","robots":{"index":"index","follow":"follow","max-snippet":"max-snippet:-1","max-image-preview":"max-image-preview:large","max-video-preview":"max-video-preview:-1"},"canonical":"https:\/\/karineparras.com\/et\/product\/lihtne-akoya-parlite-sormus-valgest-kullast\/","og_locale":"et_EE","og_type":"article","og_title":"\"Simple Ring\" Akoya P\u00e4rlid - KARINE PARRAS","og_description":"SIMPLE RING Igap\u00e4evane m\u00e4ngulisus, funktsionaalsus ja lihtne kandmine on m\u00e4rks\u00f5nad, millega kirjeldada \"Simple Rings\" liini. Julge disain, mis r\u00f5hutab funktsionaalsust, v\u00f5imaldades erinevaid kombinatsioone t\u00e4nu l\u00f5busale kombineerimisele. Keskmised s\u00f5rmused on saadaval erinevate teemantide, v\u00e4\u00e4riskivide ja p\u00e4rlitega. Erinevate v\u00e4rviliste keraamiliste kolmnurkade lisamine muudab iga s\u00f5rmuse julgeks, kuid samas keerukaks. Tuleb koos valitud keraamilise s\u00f5rmusega.   18K valge kuld  \u00dcks 5 mm Akoya p\u00e4rl  Kuus 3 mm Akoya p\u00e4rlit","og_url":"https:\/\/karineparras.com\/et\/product\/lihtne-akoya-parlite-sormus-valgest-kullast\/","og_site_name":"KARINE PARRAS","article_publisher":"https:\/\/www.facebook.com\/karineparras","article_modified_time":"2025-03-13T12:29:20+00:00","og_image":[{"width":1152,"height":1536,"url":"https:\/\/karineparras.com\/wp-content\/uploads\/2022\/10\/KPweb_simple_ring_akoya.jpg","type":"image\/jpeg"}],"twitter_card":"summary_large_image","schema":{"@context":"https:\/\/schema.org","@graph":[{"@type":"WebPage","@id":"https:\/\/karineparras.com\/et\/product\/lihtne-akoya-parlite-sormus-valgest-kullast\/","url":"https:\/\/karineparras.com\/et\/product\/lihtne-akoya-parlite-sormus-valgest-kullast\/","name":"\"Simple Ring\" Akoya P\u00e4rlid - KARINE PARRAS","isPartOf":{"@id":"https:\/\/karineparras.com\/et\/#website"},"primaryImageOfPage":{"@id":"https:\/\/karineparras.com\/et\/product\/lihtne-akoya-parlite-sormus-valgest-kullast\/#primaryimage"},"image":{"@id":"https:\/\/karineparras.com\/et\/product\/lihtne-akoya-parlite-sormus-valgest-kullast\/#primaryimage"},"thumbnailUrl":"https:\/\/karineparras.com\/wp-content\/uploads\/2022\/10\/KPweb_simple_ring_akoya.jpg","datePublished":"2022-10-21T01:28:37+00:00","dateModified":"2025-03-13T12:29:20+00:00","breadcrumb":{"@id":"https:\/\/karineparras.com\/et\/product\/lihtne-akoya-parlite-sormus-valgest-kullast\/#breadcrumb"},"inLanguage":"et","potentialAction":[{"@type":"ReadAction","target":["https:\/\/karineparras.com\/et\/product\/lihtne-akoya-parlite-sormus-valgest-kullast\/"]}]},{"@type":"ImageObject","inLanguage":"et","@id":"https:\/\/karineparras.com\/et\/product\/lihtne-akoya-parlite-sormus-valgest-kullast\/#primaryimage","url":"https:\/\/karineparras.com\/wp-content\/uploads\/2022\/10\/KPweb_simple_ring_akoya.jpg","contentUrl":"https:\/\/karineparras.com\/wp-content\/uploads\/2022\/10\/KPweb_simple_ring_akoya.jpg","width":1152,"height":1536},{"@type":"BreadcrumbList","@id":"https:\/\/karineparras.com\/et\/product\/lihtne-akoya-parlite-sormus-valgest-kullast\/#breadcrumb","itemListElement":[{"@type":"ListItem","position":1,"name":"Home","item":"https:\/\/karineparras.com\/et\/karine-parras\/"},{"@type":"ListItem","position":2,"name":"Pood","item":"https:\/\/karineparras.com\/et\/pood\/"},{"@type":"ListItem","position":3,"name":"&#8220;Simple Ring&#8221; Akoya P\u00e4rlid"}]},{"@type":"WebSite","@id":"https:\/\/karineparras.com\/et\/#website","url":"https:\/\/karineparras.com\/et\/","name":"KARINE PARRAS","description":"","publisher":{"@id":"https:\/\/karineparras.com\/et\/#organization"},"potentialAction":[{"@type":"SearchAction","target":{"@type":"EntryPoint","urlTemplate":"https:\/\/karineparras.com\/et\/?s={search_term_string}"},"query-input":{"@type":"PropertyValueSpecification","valueRequired":true,"valueName":"search_term_string"}}],"inLanguage":"et"},{"@type":"Organization","@id":"https:\/\/karineparras.com\/et\/#organization","name":"KARINE PARRAS","url":"https:\/\/karineparras.com\/et\/","logo":{"@type":"ImageObject","inLanguage":"et","@id":"https:\/\/karineparras.com\/et\/#\/schema\/logo\/image\/","url":"https:\/\/karineparras.com\/wp-content\/uploads\/2023\/12\/logo-header.png","contentUrl":"https:\/\/karineparras.com\/wp-content\/uploads\/2023\/12\/logo-header.png","width":1000,"height":60,"caption":"KARINE PARRAS"},"image":{"@id":"https:\/\/karineparras.com\/et\/#\/schema\/logo\/image\/"},"sameAs":["https:\/\/www.facebook.com\/karineparras","https:\/\/www.instagram.com\/karineparras\/"]}]}},"_links":{"self":[{"href":"https:\/\/karineparras.com\/et\/wp-json\/wp\/v2\/product\/26299","targetHints":{"allow":["GET"]}}],"collection":[{"href":"https:\/\/karineparras.com\/et\/wp-json\/wp\/v2\/product"}],"about":[{"href":"https:\/\/karineparras.com\/et\/wp-json\/wp\/v2\/types\/product"}],"wp:featuredmedia":[{"embeddable":true,"href":"https:\/\/karineparras.com\/et\/wp-json\/wp\/v2\/media\/25419"}],"wp:attachment":[{"href":"https:\/\/karineparras.com\/et\/wp-json\/wp\/v2\/media?parent=26299"}],"wp:term":[{"taxonomy":"product_brand","embeddable":true,"href":"https:\/\/karineparras.com\/et\/wp-json\/wp\/v2\/product_brand?post=26299"},{"taxonomy":"product_cat","embeddable":true,"href":"https:\/\/karineparras.com\/et\/wp-json\/wp\/v2\/product_cat?post=26299"},{"taxonomy":"product_tag","embeddable":true,"href":"https:\/\/karineparras.com\/et\/wp-json\/wp\/v2\/product_tag?post=26299"}],"curies":[{"name":"wp","href":"https:\/\/api.w.org\/{rel}","templated":true}]}}