{"id":26282,"date":"2022-10-21T04:28:40","date_gmt":"2022-10-21T01:28:40","guid":{"rendered":"https:\/\/karineparras.com\/product\/lihtne-rongas-koos-kunzite-ja-carbon-rings-combo\/"},"modified":"2025-03-13T15:26:36","modified_gmt":"2025-03-13T13:26:36","slug":"lihtne-rongas-koos-kunzite-ja-carbon-rings-combo","status":"publish","type":"product","link":"https:\/\/karineparras.com\/et\/product\/lihtne-rongas-koos-kunzite-ja-carbon-rings-combo\/","title":{"rendered":"\u201cCarbon on Carbon\u201d Combo &#8211; &#8220;Simple Ring&#8221; Kutsiit &amp; Carbon S\u00f5rmus"},"content":{"rendered":"","protected":false},"excerpt":{"rendered":"<p><a href=\"https:\/\/karineparras.com\/product-category\/fine-jewellery-lines\/simple-ring\/\" target=\"_blank\" rel=\"noopener\">&#8220;Simple Ring&#8221;<\/a> &amp; <a href=\"https:\/\/karineparras.com\/product-category\/fine-jewellery-lines\/carbon-on-carbon\/\" target=\"_blank\" rel=\"noopener\">&#8220;Carbon on Carbon&#8221;<\/a><\/p>\n<p>See trios\u00f5rmuste komplekt v\u00f5imaldab teil v\u00e4ljendada oma stiili mitmel viisil. Kandke k\u00f5iki kolme s\u00f5rmust koos, kahte korraga v\u00f5i ainult \u00fchte, kui soovite peenemat v\u00e4ljan\u00e4gemist. Saate hetkega muuta disaini uimastavaks kokteilis\u00f5rmuseks.  <\/p>\n<p>Kombo sisaldab &#8220;Simple Ring&#8221;i kunsiidiga ja kahte &#8220;Carbon&#8221; s\u00f5rmust.<\/p>\n<ul>\n<li>18K roosa kuld<\/li>\n<li>Kuntsiit<\/li>\n<li>S\u00fcsiniks\u00f5rmused<\/li>\n<\/ul>\n","protected":false},"featured_media":25441,"template":"","meta":{"_themeisle_gutenberg_block_has_review":false},"product_brand":[],"product_cat":[440,466,441],"product_tag":[],"class_list":{"0":"post-26282","1":"product","2":"type-product","3":"status-publish","4":"has-post-thumbnail","6":"product_cat-fine-jewellery-liinid","7":"product_cat-simple-ring-et","8":"product_cat-sormused","10":"first","11":"outofstock","12":"shipping-taxable","13":"purchasable","14":"product-type-simple"},"yoast_head":"<!-- This site is optimized with the Yoast SEO plugin v27.3 - https:\/\/yoast.com\/product\/yoast-seo-wordpress\/ -->\n<title>\u201cCarbon on Carbon\u201d Combo - &quot;Simple Ring&quot; Kutsiit &amp; Carbon S\u00f5rmus - KARINE PARRAS<\/title>\n<meta name=\"robots\" content=\"index, follow, max-snippet:-1, max-image-preview:large, max-video-preview:-1\" \/>\n<link rel=\"canonical\" href=\"https:\/\/karineparras.com\/et\/product\/lihtne-rongas-koos-kunzite-ja-carbon-rings-combo\/\" \/>\n<meta property=\"og:locale\" content=\"et_EE\" \/>\n<meta property=\"og:type\" content=\"article\" \/>\n<meta property=\"og:title\" content=\"\u201cCarbon on Carbon\u201d Combo - &quot;Simple Ring&quot; Kutsiit &amp; Carbon S\u00f5rmus - KARINE PARRAS\" \/>\n<meta property=\"og:description\" content=\"&quot;Simple Ring&quot; &amp; &quot;Carbon on Carbon&quot; See trios\u00f5rmuste komplekt v\u00f5imaldab teil v\u00e4ljendada oma stiili mitmel viisil. Kandke k\u00f5iki kolme s\u00f5rmust koos, kahte korraga v\u00f5i ainult \u00fchte, kui soovite peenemat v\u00e4ljan\u00e4gemist. Saate hetkega muuta disaini uimastavaks kokteilis\u00f5rmuseks.  Kombo sisaldab &quot;Simple Ring&quot;i kunsiidiga ja kahte &quot;Carbon&quot; s\u00f5rmust.  18K roosa kuld  Kuntsiit  S\u00fcsiniks\u00f5rmused\" \/>\n<meta property=\"og:url\" content=\"https:\/\/karineparras.com\/et\/product\/lihtne-rongas-koos-kunzite-ja-carbon-rings-combo\/\" \/>\n<meta property=\"og:site_name\" content=\"KARINE PARRAS\" \/>\n<meta property=\"article:publisher\" content=\"https:\/\/www.facebook.com\/karineparras\" \/>\n<meta property=\"article:modified_time\" content=\"2025-03-13T13:26:36+00:00\" \/>\n<meta property=\"og:image\" content=\"https:\/\/karineparras.com\/wp-content\/uploads\/2022\/10\/KPweb_kunzite_ring_with_carbon.jpg\" \/>\n\t<meta property=\"og:image:width\" content=\"1152\" \/>\n\t<meta property=\"og:image:height\" content=\"1536\" \/>\n\t<meta property=\"og:image:type\" content=\"image\/jpeg\" \/>\n<meta name=\"twitter:card\" content=\"summary_large_image\" \/>\n<script type=\"application\/ld+json\" class=\"yoast-schema-graph\">{\"@context\":\"https:\\\/\\\/schema.org\",\"@graph\":[{\"@type\":\"WebPage\",\"@id\":\"https:\\\/\\\/karineparras.com\\\/et\\\/product\\\/lihtne-rongas-koos-kunzite-ja-carbon-rings-combo\\\/\",\"url\":\"https:\\\/\\\/karineparras.com\\\/et\\\/product\\\/lihtne-rongas-koos-kunzite-ja-carbon-rings-combo\\\/\",\"name\":\"\u201cCarbon on Carbon\u201d Combo - \\\"Simple Ring\\\" Kutsiit &amp; Carbon S\u00f5rmus - KARINE PARRAS\",\"isPartOf\":{\"@id\":\"https:\\\/\\\/karineparras.com\\\/et\\\/#website\"},\"primaryImageOfPage\":{\"@id\":\"https:\\\/\\\/karineparras.com\\\/et\\\/product\\\/lihtne-rongas-koos-kunzite-ja-carbon-rings-combo\\\/#primaryimage\"},\"image\":{\"@id\":\"https:\\\/\\\/karineparras.com\\\/et\\\/product\\\/lihtne-rongas-koos-kunzite-ja-carbon-rings-combo\\\/#primaryimage\"},\"thumbnailUrl\":\"https:\\\/\\\/karineparras.com\\\/wp-content\\\/uploads\\\/2022\\\/10\\\/KPweb_kunzite_ring_with_carbon.jpg\",\"datePublished\":\"2022-10-21T01:28:40+00:00\",\"dateModified\":\"2025-03-13T13:26:36+00:00\",\"breadcrumb\":{\"@id\":\"https:\\\/\\\/karineparras.com\\\/et\\\/product\\\/lihtne-rongas-koos-kunzite-ja-carbon-rings-combo\\\/#breadcrumb\"},\"inLanguage\":\"et\",\"potentialAction\":[{\"@type\":\"ReadAction\",\"target\":[\"https:\\\/\\\/karineparras.com\\\/et\\\/product\\\/lihtne-rongas-koos-kunzite-ja-carbon-rings-combo\\\/\"]}]},{\"@type\":\"ImageObject\",\"inLanguage\":\"et\",\"@id\":\"https:\\\/\\\/karineparras.com\\\/et\\\/product\\\/lihtne-rongas-koos-kunzite-ja-carbon-rings-combo\\\/#primaryimage\",\"url\":\"https:\\\/\\\/karineparras.com\\\/wp-content\\\/uploads\\\/2022\\\/10\\\/KPweb_kunzite_ring_with_carbon.jpg\",\"contentUrl\":\"https:\\\/\\\/karineparras.com\\\/wp-content\\\/uploads\\\/2022\\\/10\\\/KPweb_kunzite_ring_with_carbon.jpg\",\"width\":1152,\"height\":1536},{\"@type\":\"BreadcrumbList\",\"@id\":\"https:\\\/\\\/karineparras.com\\\/et\\\/product\\\/lihtne-rongas-koos-kunzite-ja-carbon-rings-combo\\\/#breadcrumb\",\"itemListElement\":[{\"@type\":\"ListItem\",\"position\":1,\"name\":\"Home\",\"item\":\"https:\\\/\\\/karineparras.com\\\/et\\\/karine-parras\\\/\"},{\"@type\":\"ListItem\",\"position\":2,\"name\":\"Pood\",\"item\":\"https:\\\/\\\/karineparras.com\\\/et\\\/pood\\\/\"},{\"@type\":\"ListItem\",\"position\":3,\"name\":\"\u201cCarbon on Carbon\u201d Combo &#8211; &#8220;Simple Ring&#8221; Kutsiit &amp; Carbon S\u00f5rmus\"}]},{\"@type\":\"WebSite\",\"@id\":\"https:\\\/\\\/karineparras.com\\\/et\\\/#website\",\"url\":\"https:\\\/\\\/karineparras.com\\\/et\\\/\",\"name\":\"KARINE PARRAS\",\"description\":\"\",\"publisher\":{\"@id\":\"https:\\\/\\\/karineparras.com\\\/et\\\/#organization\"},\"potentialAction\":[{\"@type\":\"SearchAction\",\"target\":{\"@type\":\"EntryPoint\",\"urlTemplate\":\"https:\\\/\\\/karineparras.com\\\/et\\\/?s={search_term_string}\"},\"query-input\":{\"@type\":\"PropertyValueSpecification\",\"valueRequired\":true,\"valueName\":\"search_term_string\"}}],\"inLanguage\":\"et\"},{\"@type\":\"Organization\",\"@id\":\"https:\\\/\\\/karineparras.com\\\/et\\\/#organization\",\"name\":\"KARINE PARRAS\",\"url\":\"https:\\\/\\\/karineparras.com\\\/et\\\/\",\"logo\":{\"@type\":\"ImageObject\",\"inLanguage\":\"et\",\"@id\":\"https:\\\/\\\/karineparras.com\\\/et\\\/#\\\/schema\\\/logo\\\/image\\\/\",\"url\":\"https:\\\/\\\/karineparras.com\\\/wp-content\\\/uploads\\\/2023\\\/12\\\/logo-header.png\",\"contentUrl\":\"https:\\\/\\\/karineparras.com\\\/wp-content\\\/uploads\\\/2023\\\/12\\\/logo-header.png\",\"width\":1000,\"height\":60,\"caption\":\"KARINE PARRAS\"},\"image\":{\"@id\":\"https:\\\/\\\/karineparras.com\\\/et\\\/#\\\/schema\\\/logo\\\/image\\\/\"},\"sameAs\":[\"https:\\\/\\\/www.facebook.com\\\/karineparras\",\"https:\\\/\\\/www.instagram.com\\\/karineparras\\\/\"]}]}<\/script>\n<!-- \/ Yoast SEO plugin. -->","yoast_head_json":{"title":"\u201cCarbon on Carbon\u201d Combo - \"Simple Ring\" Kutsiit &amp; Carbon S\u00f5rmus - KARINE PARRAS","robots":{"index":"index","follow":"follow","max-snippet":"max-snippet:-1","max-image-preview":"max-image-preview:large","max-video-preview":"max-video-preview:-1"},"canonical":"https:\/\/karineparras.com\/et\/product\/lihtne-rongas-koos-kunzite-ja-carbon-rings-combo\/","og_locale":"et_EE","og_type":"article","og_title":"\u201cCarbon on Carbon\u201d Combo - \"Simple Ring\" Kutsiit &amp; Carbon S\u00f5rmus - KARINE PARRAS","og_description":"\"Simple Ring\" &amp; \"Carbon on Carbon\" See trios\u00f5rmuste komplekt v\u00f5imaldab teil v\u00e4ljendada oma stiili mitmel viisil. Kandke k\u00f5iki kolme s\u00f5rmust koos, kahte korraga v\u00f5i ainult \u00fchte, kui soovite peenemat v\u00e4ljan\u00e4gemist. Saate hetkega muuta disaini uimastavaks kokteilis\u00f5rmuseks.  Kombo sisaldab \"Simple Ring\"i kunsiidiga ja kahte \"Carbon\" s\u00f5rmust.  18K roosa kuld  Kuntsiit  S\u00fcsiniks\u00f5rmused","og_url":"https:\/\/karineparras.com\/et\/product\/lihtne-rongas-koos-kunzite-ja-carbon-rings-combo\/","og_site_name":"KARINE PARRAS","article_publisher":"https:\/\/www.facebook.com\/karineparras","article_modified_time":"2025-03-13T13:26:36+00:00","og_image":[{"width":1152,"height":1536,"url":"https:\/\/karineparras.com\/wp-content\/uploads\/2022\/10\/KPweb_kunzite_ring_with_carbon.jpg","type":"image\/jpeg"}],"twitter_card":"summary_large_image","schema":{"@context":"https:\/\/schema.org","@graph":[{"@type":"WebPage","@id":"https:\/\/karineparras.com\/et\/product\/lihtne-rongas-koos-kunzite-ja-carbon-rings-combo\/","url":"https:\/\/karineparras.com\/et\/product\/lihtne-rongas-koos-kunzite-ja-carbon-rings-combo\/","name":"\u201cCarbon on Carbon\u201d Combo - \"Simple Ring\" Kutsiit &amp; Carbon S\u00f5rmus - KARINE PARRAS","isPartOf":{"@id":"https:\/\/karineparras.com\/et\/#website"},"primaryImageOfPage":{"@id":"https:\/\/karineparras.com\/et\/product\/lihtne-rongas-koos-kunzite-ja-carbon-rings-combo\/#primaryimage"},"image":{"@id":"https:\/\/karineparras.com\/et\/product\/lihtne-rongas-koos-kunzite-ja-carbon-rings-combo\/#primaryimage"},"thumbnailUrl":"https:\/\/karineparras.com\/wp-content\/uploads\/2022\/10\/KPweb_kunzite_ring_with_carbon.jpg","datePublished":"2022-10-21T01:28:40+00:00","dateModified":"2025-03-13T13:26:36+00:00","breadcrumb":{"@id":"https:\/\/karineparras.com\/et\/product\/lihtne-rongas-koos-kunzite-ja-carbon-rings-combo\/#breadcrumb"},"inLanguage":"et","potentialAction":[{"@type":"ReadAction","target":["https:\/\/karineparras.com\/et\/product\/lihtne-rongas-koos-kunzite-ja-carbon-rings-combo\/"]}]},{"@type":"ImageObject","inLanguage":"et","@id":"https:\/\/karineparras.com\/et\/product\/lihtne-rongas-koos-kunzite-ja-carbon-rings-combo\/#primaryimage","url":"https:\/\/karineparras.com\/wp-content\/uploads\/2022\/10\/KPweb_kunzite_ring_with_carbon.jpg","contentUrl":"https:\/\/karineparras.com\/wp-content\/uploads\/2022\/10\/KPweb_kunzite_ring_with_carbon.jpg","width":1152,"height":1536},{"@type":"BreadcrumbList","@id":"https:\/\/karineparras.com\/et\/product\/lihtne-rongas-koos-kunzite-ja-carbon-rings-combo\/#breadcrumb","itemListElement":[{"@type":"ListItem","position":1,"name":"Home","item":"https:\/\/karineparras.com\/et\/karine-parras\/"},{"@type":"ListItem","position":2,"name":"Pood","item":"https:\/\/karineparras.com\/et\/pood\/"},{"@type":"ListItem","position":3,"name":"\u201cCarbon on Carbon\u201d Combo &#8211; &#8220;Simple Ring&#8221; Kutsiit &amp; Carbon S\u00f5rmus"}]},{"@type":"WebSite","@id":"https:\/\/karineparras.com\/et\/#website","url":"https:\/\/karineparras.com\/et\/","name":"KARINE PARRAS","description":"","publisher":{"@id":"https:\/\/karineparras.com\/et\/#organization"},"potentialAction":[{"@type":"SearchAction","target":{"@type":"EntryPoint","urlTemplate":"https:\/\/karineparras.com\/et\/?s={search_term_string}"},"query-input":{"@type":"PropertyValueSpecification","valueRequired":true,"valueName":"search_term_string"}}],"inLanguage":"et"},{"@type":"Organization","@id":"https:\/\/karineparras.com\/et\/#organization","name":"KARINE PARRAS","url":"https:\/\/karineparras.com\/et\/","logo":{"@type":"ImageObject","inLanguage":"et","@id":"https:\/\/karineparras.com\/et\/#\/schema\/logo\/image\/","url":"https:\/\/karineparras.com\/wp-content\/uploads\/2023\/12\/logo-header.png","contentUrl":"https:\/\/karineparras.com\/wp-content\/uploads\/2023\/12\/logo-header.png","width":1000,"height":60,"caption":"KARINE PARRAS"},"image":{"@id":"https:\/\/karineparras.com\/et\/#\/schema\/logo\/image\/"},"sameAs":["https:\/\/www.facebook.com\/karineparras","https:\/\/www.instagram.com\/karineparras\/"]}]}},"_links":{"self":[{"href":"https:\/\/karineparras.com\/et\/wp-json\/wp\/v2\/product\/26282","targetHints":{"allow":["GET"]}}],"collection":[{"href":"https:\/\/karineparras.com\/et\/wp-json\/wp\/v2\/product"}],"about":[{"href":"https:\/\/karineparras.com\/et\/wp-json\/wp\/v2\/types\/product"}],"wp:featuredmedia":[{"embeddable":true,"href":"https:\/\/karineparras.com\/et\/wp-json\/wp\/v2\/media\/25441"}],"wp:attachment":[{"href":"https:\/\/karineparras.com\/et\/wp-json\/wp\/v2\/media?parent=26282"}],"wp:term":[{"taxonomy":"product_brand","embeddable":true,"href":"https:\/\/karineparras.com\/et\/wp-json\/wp\/v2\/product_brand?post=26282"},{"taxonomy":"product_cat","embeddable":true,"href":"https:\/\/karineparras.com\/et\/wp-json\/wp\/v2\/product_cat?post=26282"},{"taxonomy":"product_tag","embeddable":true,"href":"https:\/\/karineparras.com\/et\/wp-json\/wp\/v2\/product_tag?post=26282"}],"curies":[{"name":"wp","href":"https:\/\/api.w.org\/{rel}","templated":true}]}}