{"id":26280,"date":"2022-10-21T04:27:12","date_gmt":"2022-10-21T01:27:12","guid":{"rendered":"https:\/\/karineparras.com\/product\/taielikud-teemantkorvarongad\/"},"modified":"2025-03-11T17:49:03","modified_gmt":"2025-03-11T15:49:03","slug":"taielikud-teemantkorvarongad","status":"publish","type":"product","link":"https:\/\/karineparras.com\/et\/product\/taielikud-teemantkorvarongad\/","title":{"rendered":"T\u00e4isring Teemantk\u00f5rvar\u00f5ngad Valge Kuld"},"content":{"rendered":"","protected":false},"excerpt":{"rendered":"<p><a href=\"https:\/\/karineparras.com\/product-category\/fine-jewellery-lines\/lab-grown\/\" target=\"_blank\" rel=\"noopener\"><span data-sheets-userformat=\"{\"2\":829,\"3\":{\"1\":0},\"5\":{\"1\":[{\"1\":2,\"2\":0,\"5\":{\"1\":2,\"2\":0}},{\"1\":0,\"2\":0,\"3\":3},{\"1\":1,\"2\":0,\"4\":1}]},\"6\":{\"1\":[{\"1\":2,\"2\":0,\"5\":{\"1\":2,\"2\":0}},{\"1\":0,\"2\":0,\"3\":3},{\"1\":1,\"2\":0,\"4\":1}]},\"7\":{\"1\":[{\"1\":2,\"2\":0,\"5\":{\"1\":2,\"2\":0}},{\"1\":0,\"2\":0,\"3\":3},{\"1\":1,\"2\":0,\"4\":1}]},\"8\":{\"1\":[{\"1\":2,\"2\":0,\"5\":{\"1\":2,\"2\":0}},{\"1\":0,\"2\":0,\"3\":3},{\"1\":1,\"2\":0,\"4\":1}]},\"11\":4,\"12\":0}\" data-sheets-value=\"{\"1\":2,\"2\":\"These earrings are crafted with elegance and luxury in mind. The diamonds are prong set, that elevate the beauty of the diamonds even further. One earring consists of 14 diamonds, which are embraced by 18 karat white gold rings.nn - 18k white goldn - FG VS LG diamonds\"}\">LAB DIAMONDS<\/span><\/a><\/p>\n<p><span data-sheets-userformat=\"{\"2\":829,\"3\":{\"1\":0},\"5\":{\"1\":[{\"1\":2,\"2\":0,\"5\":{\"1\":2,\"2\":0}},{\"1\":0,\"2\":0,\"3\":3},{\"1\":1,\"2\":0,\"4\":1}]},\"6\":{\"1\":[{\"1\":2,\"2\":0,\"5\":{\"1\":2,\"2\":0}},{\"1\":0,\"2\":0,\"3\":3},{\"1\":1,\"2\":0,\"4\":1}]},\"7\":{\"1\":[{\"1\":2,\"2\":0,\"5\":{\"1\":2,\"2\":0}},{\"1\":0,\"2\":0,\"3\":3},{\"1\":1,\"2\":0,\"4\":1}]},\"8\":{\"1\":[{\"1\":2,\"2\":0,\"5\":{\"1\":2,\"2\":0}},{\"1\":0,\"2\":0,\"3\":3},{\"1\":1,\"2\":0,\"4\":1}]},\"11\":4,\"12\":0}\" data-sheets-value=\"{\"1\":2,\"2\":\"These earrings are crafted with elegance and luxury in mind. The diamonds are prong set, that elevate the beauty of the diamonds even further. One earring consists of 14 diamonds, which are embraced by 18 karat white gold rings.nn - 18k white goldn - FG VS LG diamonds\"}\">K\u00f5rvar\u00f5ngad, mis annavad edasi t\u00e4iuslikku elegantsi ja luksust. Teemandid on kinnitatud prongide abil, t\u00f5stes nende ilu veelgi n\u00e4htavamaks. \u00dchel k\u00f5rvar\u00f5ngal on 14 teemanti ja \u00fcmbritsetud 18-karaadise valge kullaga.<br \/>\n<\/span><\/p>\n<ul>\n<li>18K valge kuld<\/li>\n<li>FG VS laborteemandid<\/li>\n<\/ul>\n","protected":false},"featured_media":25193,"template":"","meta":{"_themeisle_gutenberg_block_has_review":false},"product_brand":[],"product_cat":[440,454],"product_tag":[],"class_list":{"0":"post-26280","1":"product","2":"type-product","3":"status-publish","4":"has-post-thumbnail","6":"product_cat-fine-jewellery-liinid","7":"product_cat-korvarongad","9":"first","10":"outofstock","11":"shipping-taxable","12":"product-type-simple"},"yoast_head":"<!-- This site is optimized with the Yoast SEO plugin v27.3 - https:\/\/yoast.com\/product\/yoast-seo-wordpress\/ -->\n<title>T\u00e4isring Teemantk\u00f5rvar\u00f5ngad Valge Kuld - KARINE PARRAS<\/title>\n<meta name=\"robots\" content=\"index, follow, max-snippet:-1, max-image-preview:large, max-video-preview:-1\" \/>\n<link rel=\"canonical\" href=\"https:\/\/karineparras.com\/et\/product\/taielikud-teemantkorvarongad\/\" \/>\n<meta property=\"og:locale\" content=\"et_EE\" \/>\n<meta property=\"og:type\" content=\"article\" \/>\n<meta property=\"og:title\" content=\"T\u00e4isring Teemantk\u00f5rvar\u00f5ngad Valge Kuld - KARINE PARRAS\" \/>\n<meta property=\"og:description\" content=\"LAB DIAMONDS K\u00f5rvar\u00f5ngad, mis annavad edasi t\u00e4iuslikku elegantsi ja luksust. Teemandid on kinnitatud prongide abil, t\u00f5stes nende ilu veelgi n\u00e4htavamaks. \u00dchel k\u00f5rvar\u00f5ngal on 14 teemanti ja \u00fcmbritsetud 18-karaadise valge kullaga.   18K valge kuld  FG VS laborteemandid\" \/>\n<meta property=\"og:url\" content=\"https:\/\/karineparras.com\/et\/product\/taielikud-teemantkorvarongad\/\" \/>\n<meta property=\"og:site_name\" content=\"KARINE PARRAS\" \/>\n<meta property=\"article:publisher\" content=\"https:\/\/www.facebook.com\/karineparras\" \/>\n<meta property=\"article:modified_time\" content=\"2025-03-11T15:49:03+00:00\" \/>\n<meta property=\"og:image\" content=\"https:\/\/karineparras.com\/wp-content\/uploads\/2022\/10\/pietra_full_diamond_earrings.jpg\" \/>\n\t<meta property=\"og:image:width\" content=\"1152\" \/>\n\t<meta property=\"og:image:height\" content=\"1536\" \/>\n\t<meta property=\"og:image:type\" content=\"image\/jpeg\" \/>\n<meta name=\"twitter:card\" content=\"summary_large_image\" \/>\n<script type=\"application\/ld+json\" class=\"yoast-schema-graph\">{\"@context\":\"https:\\\/\\\/schema.org\",\"@graph\":[{\"@type\":\"WebPage\",\"@id\":\"https:\\\/\\\/karineparras.com\\\/et\\\/product\\\/taielikud-teemantkorvarongad\\\/\",\"url\":\"https:\\\/\\\/karineparras.com\\\/et\\\/product\\\/taielikud-teemantkorvarongad\\\/\",\"name\":\"T\u00e4isring Teemantk\u00f5rvar\u00f5ngad Valge Kuld - KARINE PARRAS\",\"isPartOf\":{\"@id\":\"https:\\\/\\\/karineparras.com\\\/et\\\/#website\"},\"primaryImageOfPage\":{\"@id\":\"https:\\\/\\\/karineparras.com\\\/et\\\/product\\\/taielikud-teemantkorvarongad\\\/#primaryimage\"},\"image\":{\"@id\":\"https:\\\/\\\/karineparras.com\\\/et\\\/product\\\/taielikud-teemantkorvarongad\\\/#primaryimage\"},\"thumbnailUrl\":\"https:\\\/\\\/karineparras.com\\\/wp-content\\\/uploads\\\/2022\\\/10\\\/pietra_full_diamond_earrings.jpg\",\"datePublished\":\"2022-10-21T01:27:12+00:00\",\"dateModified\":\"2025-03-11T15:49:03+00:00\",\"breadcrumb\":{\"@id\":\"https:\\\/\\\/karineparras.com\\\/et\\\/product\\\/taielikud-teemantkorvarongad\\\/#breadcrumb\"},\"inLanguage\":\"et\",\"potentialAction\":[{\"@type\":\"ReadAction\",\"target\":[\"https:\\\/\\\/karineparras.com\\\/et\\\/product\\\/taielikud-teemantkorvarongad\\\/\"]}]},{\"@type\":\"ImageObject\",\"inLanguage\":\"et\",\"@id\":\"https:\\\/\\\/karineparras.com\\\/et\\\/product\\\/taielikud-teemantkorvarongad\\\/#primaryimage\",\"url\":\"https:\\\/\\\/karineparras.com\\\/wp-content\\\/uploads\\\/2022\\\/10\\\/pietra_full_diamond_earrings.jpg\",\"contentUrl\":\"https:\\\/\\\/karineparras.com\\\/wp-content\\\/uploads\\\/2022\\\/10\\\/pietra_full_diamond_earrings.jpg\",\"width\":1152,\"height\":1536},{\"@type\":\"BreadcrumbList\",\"@id\":\"https:\\\/\\\/karineparras.com\\\/et\\\/product\\\/taielikud-teemantkorvarongad\\\/#breadcrumb\",\"itemListElement\":[{\"@type\":\"ListItem\",\"position\":1,\"name\":\"Home\",\"item\":\"https:\\\/\\\/karineparras.com\\\/et\\\/karine-parras\\\/\"},{\"@type\":\"ListItem\",\"position\":2,\"name\":\"Pood\",\"item\":\"https:\\\/\\\/karineparras.com\\\/et\\\/pood\\\/\"},{\"@type\":\"ListItem\",\"position\":3,\"name\":\"T\u00e4isring Teemantk\u00f5rvar\u00f5ngad Valge Kuld\"}]},{\"@type\":\"WebSite\",\"@id\":\"https:\\\/\\\/karineparras.com\\\/et\\\/#website\",\"url\":\"https:\\\/\\\/karineparras.com\\\/et\\\/\",\"name\":\"KARINE PARRAS\",\"description\":\"\",\"publisher\":{\"@id\":\"https:\\\/\\\/karineparras.com\\\/et\\\/#organization\"},\"potentialAction\":[{\"@type\":\"SearchAction\",\"target\":{\"@type\":\"EntryPoint\",\"urlTemplate\":\"https:\\\/\\\/karineparras.com\\\/et\\\/?s={search_term_string}\"},\"query-input\":{\"@type\":\"PropertyValueSpecification\",\"valueRequired\":true,\"valueName\":\"search_term_string\"}}],\"inLanguage\":\"et\"},{\"@type\":\"Organization\",\"@id\":\"https:\\\/\\\/karineparras.com\\\/et\\\/#organization\",\"name\":\"KARINE PARRAS\",\"url\":\"https:\\\/\\\/karineparras.com\\\/et\\\/\",\"logo\":{\"@type\":\"ImageObject\",\"inLanguage\":\"et\",\"@id\":\"https:\\\/\\\/karineparras.com\\\/et\\\/#\\\/schema\\\/logo\\\/image\\\/\",\"url\":\"https:\\\/\\\/karineparras.com\\\/wp-content\\\/uploads\\\/2023\\\/12\\\/logo-header.png\",\"contentUrl\":\"https:\\\/\\\/karineparras.com\\\/wp-content\\\/uploads\\\/2023\\\/12\\\/logo-header.png\",\"width\":1000,\"height\":60,\"caption\":\"KARINE PARRAS\"},\"image\":{\"@id\":\"https:\\\/\\\/karineparras.com\\\/et\\\/#\\\/schema\\\/logo\\\/image\\\/\"},\"sameAs\":[\"https:\\\/\\\/www.facebook.com\\\/karineparras\",\"https:\\\/\\\/www.instagram.com\\\/karineparras\\\/\"]}]}<\/script>\n<!-- \/ Yoast SEO plugin. -->","yoast_head_json":{"title":"T\u00e4isring Teemantk\u00f5rvar\u00f5ngad Valge Kuld - KARINE PARRAS","robots":{"index":"index","follow":"follow","max-snippet":"max-snippet:-1","max-image-preview":"max-image-preview:large","max-video-preview":"max-video-preview:-1"},"canonical":"https:\/\/karineparras.com\/et\/product\/taielikud-teemantkorvarongad\/","og_locale":"et_EE","og_type":"article","og_title":"T\u00e4isring Teemantk\u00f5rvar\u00f5ngad Valge Kuld - KARINE PARRAS","og_description":"LAB DIAMONDS K\u00f5rvar\u00f5ngad, mis annavad edasi t\u00e4iuslikku elegantsi ja luksust. Teemandid on kinnitatud prongide abil, t\u00f5stes nende ilu veelgi n\u00e4htavamaks. \u00dchel k\u00f5rvar\u00f5ngal on 14 teemanti ja \u00fcmbritsetud 18-karaadise valge kullaga.   18K valge kuld  FG VS laborteemandid","og_url":"https:\/\/karineparras.com\/et\/product\/taielikud-teemantkorvarongad\/","og_site_name":"KARINE PARRAS","article_publisher":"https:\/\/www.facebook.com\/karineparras","article_modified_time":"2025-03-11T15:49:03+00:00","og_image":[{"width":1152,"height":1536,"url":"https:\/\/karineparras.com\/wp-content\/uploads\/2022\/10\/pietra_full_diamond_earrings.jpg","type":"image\/jpeg"}],"twitter_card":"summary_large_image","schema":{"@context":"https:\/\/schema.org","@graph":[{"@type":"WebPage","@id":"https:\/\/karineparras.com\/et\/product\/taielikud-teemantkorvarongad\/","url":"https:\/\/karineparras.com\/et\/product\/taielikud-teemantkorvarongad\/","name":"T\u00e4isring Teemantk\u00f5rvar\u00f5ngad Valge Kuld - KARINE PARRAS","isPartOf":{"@id":"https:\/\/karineparras.com\/et\/#website"},"primaryImageOfPage":{"@id":"https:\/\/karineparras.com\/et\/product\/taielikud-teemantkorvarongad\/#primaryimage"},"image":{"@id":"https:\/\/karineparras.com\/et\/product\/taielikud-teemantkorvarongad\/#primaryimage"},"thumbnailUrl":"https:\/\/karineparras.com\/wp-content\/uploads\/2022\/10\/pietra_full_diamond_earrings.jpg","datePublished":"2022-10-21T01:27:12+00:00","dateModified":"2025-03-11T15:49:03+00:00","breadcrumb":{"@id":"https:\/\/karineparras.com\/et\/product\/taielikud-teemantkorvarongad\/#breadcrumb"},"inLanguage":"et","potentialAction":[{"@type":"ReadAction","target":["https:\/\/karineparras.com\/et\/product\/taielikud-teemantkorvarongad\/"]}]},{"@type":"ImageObject","inLanguage":"et","@id":"https:\/\/karineparras.com\/et\/product\/taielikud-teemantkorvarongad\/#primaryimage","url":"https:\/\/karineparras.com\/wp-content\/uploads\/2022\/10\/pietra_full_diamond_earrings.jpg","contentUrl":"https:\/\/karineparras.com\/wp-content\/uploads\/2022\/10\/pietra_full_diamond_earrings.jpg","width":1152,"height":1536},{"@type":"BreadcrumbList","@id":"https:\/\/karineparras.com\/et\/product\/taielikud-teemantkorvarongad\/#breadcrumb","itemListElement":[{"@type":"ListItem","position":1,"name":"Home","item":"https:\/\/karineparras.com\/et\/karine-parras\/"},{"@type":"ListItem","position":2,"name":"Pood","item":"https:\/\/karineparras.com\/et\/pood\/"},{"@type":"ListItem","position":3,"name":"T\u00e4isring Teemantk\u00f5rvar\u00f5ngad Valge Kuld"}]},{"@type":"WebSite","@id":"https:\/\/karineparras.com\/et\/#website","url":"https:\/\/karineparras.com\/et\/","name":"KARINE PARRAS","description":"","publisher":{"@id":"https:\/\/karineparras.com\/et\/#organization"},"potentialAction":[{"@type":"SearchAction","target":{"@type":"EntryPoint","urlTemplate":"https:\/\/karineparras.com\/et\/?s={search_term_string}"},"query-input":{"@type":"PropertyValueSpecification","valueRequired":true,"valueName":"search_term_string"}}],"inLanguage":"et"},{"@type":"Organization","@id":"https:\/\/karineparras.com\/et\/#organization","name":"KARINE PARRAS","url":"https:\/\/karineparras.com\/et\/","logo":{"@type":"ImageObject","inLanguage":"et","@id":"https:\/\/karineparras.com\/et\/#\/schema\/logo\/image\/","url":"https:\/\/karineparras.com\/wp-content\/uploads\/2023\/12\/logo-header.png","contentUrl":"https:\/\/karineparras.com\/wp-content\/uploads\/2023\/12\/logo-header.png","width":1000,"height":60,"caption":"KARINE PARRAS"},"image":{"@id":"https:\/\/karineparras.com\/et\/#\/schema\/logo\/image\/"},"sameAs":["https:\/\/www.facebook.com\/karineparras","https:\/\/www.instagram.com\/karineparras\/"]}]}},"_links":{"self":[{"href":"https:\/\/karineparras.com\/et\/wp-json\/wp\/v2\/product\/26280","targetHints":{"allow":["GET"]}}],"collection":[{"href":"https:\/\/karineparras.com\/et\/wp-json\/wp\/v2\/product"}],"about":[{"href":"https:\/\/karineparras.com\/et\/wp-json\/wp\/v2\/types\/product"}],"wp:featuredmedia":[{"embeddable":true,"href":"https:\/\/karineparras.com\/et\/wp-json\/wp\/v2\/media\/25193"}],"wp:attachment":[{"href":"https:\/\/karineparras.com\/et\/wp-json\/wp\/v2\/media?parent=26280"}],"wp:term":[{"taxonomy":"product_brand","embeddable":true,"href":"https:\/\/karineparras.com\/et\/wp-json\/wp\/v2\/product_brand?post=26280"},{"taxonomy":"product_cat","embeddable":true,"href":"https:\/\/karineparras.com\/et\/wp-json\/wp\/v2\/product_cat?post=26280"},{"taxonomy":"product_tag","embeddable":true,"href":"https:\/\/karineparras.com\/et\/wp-json\/wp\/v2\/product_tag?post=26280"}],"curies":[{"name":"wp","href":"https:\/\/api.w.org\/{rel}","templated":true}]}}