{"id":26274,"date":"2022-10-21T04:27:04","date_gmt":"2022-10-21T01:27:04","guid":{"rendered":"https:\/\/karineparras.com\/product\/teemantpisarad-musta-roostevabast-terasest-korvarongastega\/"},"modified":"2025-03-11T16:42:39","modified_gmt":"2025-03-11T14:42:39","slug":"teemantpisarad-musta-roostevabast-terasest-korvarongastega","status":"publish","type":"product","link":"https:\/\/karineparras.com\/et\/product\/teemantpisarad-musta-roostevabast-terasest-korvarongastega\/","title":{"rendered":"Teemanttilgad Mustad Teras K\u00f5rvar\u00f5ngad"},"content":{"rendered":"","protected":false},"excerpt":{"rendered":"<p><span data-sheets-userformat=\"{\"2\":831,\"3\":{\"1\":0},\"4\":{\"1\":2,\"2\":16777215},\"5\":{\"1\":[{\"1\":2,\"2\":0,\"5\":{\"1\":2,\"2\":0}},{\"1\":0,\"2\":0,\"3\":3},{\"1\":1,\"2\":0,\"4\":1}]},\"6\":{\"1\":[{\"1\":2,\"2\":0,\"5\":{\"1\":2,\"2\":0}},{\"1\":0,\"2\":0,\"3\":3},{\"1\":1,\"2\":0,\"4\":1}]},\"7\":{\"1\":[{\"1\":2,\"2\":0,\"5\":{\"1\":2,\"2\":0}},{\"1\":0,\"2\":0,\"3\":3},{\"1\":1,\"2\":0,\"4\":1}]},\"8\":{\"1\":[{\"1\":2,\"2\":0,\"5\":{\"1\":2,\"2\":0}},{\"1\":0,\"2\":0,\"3\":3},{\"1\":1,\"2\":0,\"4\":1}]},\"11\":4,\"12\":0}\" data-sheets-value=\"{\"1\":2,\"2\":\"These earrings have a mixture of simplicity and elegance. They have a essence of purity to them, which helps to complete any look you might be going for. The diamonds are encricled by 18 karat gold rings, that has been coated in black. These rings are able to link to stainless steel hoops and many others.nn - 0.49ctw F VS LG diamondsn - 18K gold in black Signature coatingn - Stainless steel hoop earrings\"}\">K\u00f5rvar\u00f5ngad, mis pakuvad m\u00f5nusat tasakaalu lihtsuse ja elegantsi vahel. Puhtalt lihtsuse kehastus, mis sobib iga stiiliga. Teemandid on \u00fcmbritsetud 18-karaadsete kullaringidega, mis on kaetud Karine Parras musta signatuurkattega. Teemanttilgad saab panna terasest k\u00f5rvar\u00f5ngaste k\u00fclge rippuma.<\/span><\/p>\n<p><span data-sheets-userformat=\"{\"2\":831,\"3\":{\"1\":0},\"4\":{\"1\":2,\"2\":16777215},\"5\":{\"1\":[{\"1\":2,\"2\":0,\"5\":{\"1\":2,\"2\":0}},{\"1\":0,\"2\":0,\"3\":3},{\"1\":1,\"2\":0,\"4\":1}]},\"6\":{\"1\":[{\"1\":2,\"2\":0,\"5\":{\"1\":2,\"2\":0}},{\"1\":0,\"2\":0,\"3\":3},{\"1\":1,\"2\":0,\"4\":1}]},\"7\":{\"1\":[{\"1\":2,\"2\":0,\"5\":{\"1\":2,\"2\":0}},{\"1\":0,\"2\":0,\"3\":3},{\"1\":1,\"2\":0,\"4\":1}]},\"8\":{\"1\":[{\"1\":2,\"2\":0,\"5\":{\"1\":2,\"2\":0}},{\"1\":0,\"2\":0,\"3\":3},{\"1\":1,\"2\":0,\"4\":1}]},\"11\":4,\"12\":0}\" data-sheets-value=\"{\"1\":2,\"2\":\"These earrings have a mixture of simplicity and elegance. They have a essence of purity to them, which helps to complete any look you might be going for. The diamonds are encricled by 18 karat gold rings, that has been coated in black. These rings are able to link to stainless steel hoops and many others.nn - 0.49ctw F VS LG diamondsn - 18K gold in black Signature coatingn - Stainless steel hoop earrings\"}\">Meie terasest k\u00f5rvar\u00f5ngastel on kolm suurust, l\u00e4bim\u00f5\u00f5tudega:<\/span><\/p>\n<p><span data-sheets-userformat=\"{\"2\":831,\"3\":{\"1\":0},\"4\":{\"1\":2,\"2\":16777215},\"5\":{\"1\":[{\"1\":2,\"2\":0,\"5\":{\"1\":2,\"2\":0}},{\"1\":0,\"2\":0,\"3\":3},{\"1\":1,\"2\":0,\"4\":1}]},\"6\":{\"1\":[{\"1\":2,\"2\":0,\"5\":{\"1\":2,\"2\":0}},{\"1\":0,\"2\":0,\"3\":3},{\"1\":1,\"2\":0,\"4\":1}]},\"7\":{\"1\":[{\"1\":2,\"2\":0,\"5\":{\"1\":2,\"2\":0}},{\"1\":0,\"2\":0,\"3\":3},{\"1\":1,\"2\":0,\"4\":1}]},\"8\":{\"1\":[{\"1\":2,\"2\":0,\"5\":{\"1\":2,\"2\":0}},{\"1\":0,\"2\":0,\"3\":3},{\"1\":1,\"2\":0,\"4\":1}]},\"11\":4,\"12\":0}\" data-sheets-value=\"{\"1\":2,\"2\":\"These earrings have a mixture of simplicity and elegance. They have a essence of purity to them, which helps to complete any look you might be going for. The diamonds are encricled by 18 karat gold rings, that has been coated in black. These rings are able to link to stainless steel hoops and many others.nn - 0.49ctw F VS LG diamondsn - 18K gold in black Signature coatingn - Stainless steel hoop earrings\"}\">V\u00e4ike: 12.20mm<br \/>\nKeskmine: 17.25mm<br \/>\nSuur: 36.50mm<br \/>\n<\/span><\/p>\n<ul>\n<li><span data-sheets-userformat=\"{\"2\":831,\"3\":{\"1\":0},\"4\":{\"1\":2,\"2\":16777215},\"5\":{\"1\":[{\"1\":2,\"2\":0,\"5\":{\"1\":2,\"2\":0}},{\"1\":0,\"2\":0,\"3\":3},{\"1\":1,\"2\":0,\"4\":1}]},\"6\":{\"1\":[{\"1\":2,\"2\":0,\"5\":{\"1\":2,\"2\":0}},{\"1\":0,\"2\":0,\"3\":3},{\"1\":1,\"2\":0,\"4\":1}]},\"7\":{\"1\":[{\"1\":2,\"2\":0,\"5\":{\"1\":2,\"2\":0}},{\"1\":0,\"2\":0,\"3\":3},{\"1\":1,\"2\":0,\"4\":1}]},\"8\":{\"1\":[{\"1\":2,\"2\":0,\"5\":{\"1\":2,\"2\":0}},{\"1\":0,\"2\":0,\"3\":3},{\"1\":1,\"2\":0,\"4\":1}]},\"11\":4,\"12\":0}\" data-sheets-value=\"{\"1\":2,\"2\":\"These earrings have a mixture of simplicity and elegance. They have a essence of purity to them, which helps to complete any look you might be going for. The diamonds are encricled by 18 karat gold rings, that has been coated in black. These rings are able to link to stainless steel hoops and many others.nn - 0.49ctw F VS LG diamondsn - 18K gold in black Signature coatingn - Stainless steel hoop earrings\"}\">0.49 ctw FS VS teemandid<\/span><\/li>\n<li>18K valge kuld Karine Parras musta signatuurkattega<\/li>\n<li>Terasest k\u00f5rvar\u00f5ngad<\/li>\n<\/ul>\n","protected":false},"featured_media":25173,"template":"","meta":{"_themeisle_gutenberg_block_has_review":false},"product_brand":[],"product_cat":[454],"product_tag":[],"class_list":{"0":"post-26274","1":"product","2":"type-product","3":"status-publish","4":"has-post-thumbnail","6":"product_cat-korvarongad","8":"first","9":"outofstock","10":"shipping-taxable","11":"purchasable","12":"product-type-simple"},"yoast_head":"<!-- This site is optimized with the Yoast SEO plugin v27.3 - https:\/\/yoast.com\/product\/yoast-seo-wordpress\/ -->\n<title>Teemanttilgad Mustad Teras K\u00f5rvar\u00f5ngad - KARINE PARRAS<\/title>\n<meta name=\"robots\" content=\"index, follow, max-snippet:-1, max-image-preview:large, max-video-preview:-1\" \/>\n<link rel=\"canonical\" href=\"https:\/\/karineparras.com\/et\/product\/teemantpisarad-musta-roostevabast-terasest-korvarongastega\/\" \/>\n<meta property=\"og:locale\" content=\"et_EE\" \/>\n<meta property=\"og:type\" content=\"article\" \/>\n<meta property=\"og:title\" content=\"Teemanttilgad Mustad Teras K\u00f5rvar\u00f5ngad - KARINE PARRAS\" \/>\n<meta property=\"og:description\" content=\"K\u00f5rvar\u00f5ngad, mis pakuvad m\u00f5nusat tasakaalu lihtsuse ja elegantsi vahel. Puhtalt lihtsuse kehastus, mis sobib iga stiiliga. Teemandid on \u00fcmbritsetud 18-karaadsete kullaringidega, mis on kaetud Karine Parras musta signatuurkattega. Teemanttilgad saab panna terasest k\u00f5rvar\u00f5ngaste k\u00fclge rippuma. Meie terasest k\u00f5rvar\u00f5ngastel on kolm suurust, l\u00e4bim\u00f5\u00f5tudega: V\u00e4ike: 12.20mm Keskmine: 17.25mm Suur: 36.50mm   0.49 ctw FS VS teemandid  18K valge kuld Karine Parras musta signatuurkattega  Terasest k\u00f5rvar\u00f5ngad\" \/>\n<meta property=\"og:url\" content=\"https:\/\/karineparras.com\/et\/product\/teemantpisarad-musta-roostevabast-terasest-korvarongastega\/\" \/>\n<meta property=\"og:site_name\" content=\"KARINE PARRAS\" \/>\n<meta property=\"article:publisher\" content=\"https:\/\/www.facebook.com\/karineparras\" \/>\n<meta property=\"article:modified_time\" content=\"2025-03-11T14:42:39+00:00\" \/>\n<meta property=\"og:image\" content=\"https:\/\/karineparras.com\/wp-content\/uploads\/2022\/10\/KPweb_stainless_steel_earring_hoops_diamond_black.jpg\" \/>\n\t<meta property=\"og:image:width\" content=\"1152\" \/>\n\t<meta property=\"og:image:height\" content=\"1536\" \/>\n\t<meta property=\"og:image:type\" content=\"image\/jpeg\" \/>\n<meta name=\"twitter:card\" content=\"summary_large_image\" \/>\n<script type=\"application\/ld+json\" class=\"yoast-schema-graph\">{\"@context\":\"https:\\\/\\\/schema.org\",\"@graph\":[{\"@type\":\"WebPage\",\"@id\":\"https:\\\/\\\/karineparras.com\\\/et\\\/product\\\/teemantpisarad-musta-roostevabast-terasest-korvarongastega\\\/\",\"url\":\"https:\\\/\\\/karineparras.com\\\/et\\\/product\\\/teemantpisarad-musta-roostevabast-terasest-korvarongastega\\\/\",\"name\":\"Teemanttilgad Mustad Teras K\u00f5rvar\u00f5ngad - KARINE PARRAS\",\"isPartOf\":{\"@id\":\"https:\\\/\\\/karineparras.com\\\/et\\\/#website\"},\"primaryImageOfPage\":{\"@id\":\"https:\\\/\\\/karineparras.com\\\/et\\\/product\\\/teemantpisarad-musta-roostevabast-terasest-korvarongastega\\\/#primaryimage\"},\"image\":{\"@id\":\"https:\\\/\\\/karineparras.com\\\/et\\\/product\\\/teemantpisarad-musta-roostevabast-terasest-korvarongastega\\\/#primaryimage\"},\"thumbnailUrl\":\"https:\\\/\\\/karineparras.com\\\/wp-content\\\/uploads\\\/2022\\\/10\\\/KPweb_stainless_steel_earring_hoops_diamond_black.jpg\",\"datePublished\":\"2022-10-21T01:27:04+00:00\",\"dateModified\":\"2025-03-11T14:42:39+00:00\",\"breadcrumb\":{\"@id\":\"https:\\\/\\\/karineparras.com\\\/et\\\/product\\\/teemantpisarad-musta-roostevabast-terasest-korvarongastega\\\/#breadcrumb\"},\"inLanguage\":\"et\",\"potentialAction\":[{\"@type\":\"ReadAction\",\"target\":[\"https:\\\/\\\/karineparras.com\\\/et\\\/product\\\/teemantpisarad-musta-roostevabast-terasest-korvarongastega\\\/\"]}]},{\"@type\":\"ImageObject\",\"inLanguage\":\"et\",\"@id\":\"https:\\\/\\\/karineparras.com\\\/et\\\/product\\\/teemantpisarad-musta-roostevabast-terasest-korvarongastega\\\/#primaryimage\",\"url\":\"https:\\\/\\\/karineparras.com\\\/wp-content\\\/uploads\\\/2022\\\/10\\\/KPweb_stainless_steel_earring_hoops_diamond_black.jpg\",\"contentUrl\":\"https:\\\/\\\/karineparras.com\\\/wp-content\\\/uploads\\\/2022\\\/10\\\/KPweb_stainless_steel_earring_hoops_diamond_black.jpg\",\"width\":1152,\"height\":1536},{\"@type\":\"BreadcrumbList\",\"@id\":\"https:\\\/\\\/karineparras.com\\\/et\\\/product\\\/teemantpisarad-musta-roostevabast-terasest-korvarongastega\\\/#breadcrumb\",\"itemListElement\":[{\"@type\":\"ListItem\",\"position\":1,\"name\":\"Home\",\"item\":\"https:\\\/\\\/karineparras.com\\\/et\\\/karine-parras\\\/\"},{\"@type\":\"ListItem\",\"position\":2,\"name\":\"Pood\",\"item\":\"https:\\\/\\\/karineparras.com\\\/et\\\/pood\\\/\"},{\"@type\":\"ListItem\",\"position\":3,\"name\":\"Teemanttilgad Mustad Teras K\u00f5rvar\u00f5ngad\"}]},{\"@type\":\"WebSite\",\"@id\":\"https:\\\/\\\/karineparras.com\\\/et\\\/#website\",\"url\":\"https:\\\/\\\/karineparras.com\\\/et\\\/\",\"name\":\"KARINE PARRAS\",\"description\":\"\",\"publisher\":{\"@id\":\"https:\\\/\\\/karineparras.com\\\/et\\\/#organization\"},\"potentialAction\":[{\"@type\":\"SearchAction\",\"target\":{\"@type\":\"EntryPoint\",\"urlTemplate\":\"https:\\\/\\\/karineparras.com\\\/et\\\/?s={search_term_string}\"},\"query-input\":{\"@type\":\"PropertyValueSpecification\",\"valueRequired\":true,\"valueName\":\"search_term_string\"}}],\"inLanguage\":\"et\"},{\"@type\":\"Organization\",\"@id\":\"https:\\\/\\\/karineparras.com\\\/et\\\/#organization\",\"name\":\"KARINE PARRAS\",\"url\":\"https:\\\/\\\/karineparras.com\\\/et\\\/\",\"logo\":{\"@type\":\"ImageObject\",\"inLanguage\":\"et\",\"@id\":\"https:\\\/\\\/karineparras.com\\\/et\\\/#\\\/schema\\\/logo\\\/image\\\/\",\"url\":\"https:\\\/\\\/karineparras.com\\\/wp-content\\\/uploads\\\/2023\\\/12\\\/logo-header.png\",\"contentUrl\":\"https:\\\/\\\/karineparras.com\\\/wp-content\\\/uploads\\\/2023\\\/12\\\/logo-header.png\",\"width\":1000,\"height\":60,\"caption\":\"KARINE PARRAS\"},\"image\":{\"@id\":\"https:\\\/\\\/karineparras.com\\\/et\\\/#\\\/schema\\\/logo\\\/image\\\/\"},\"sameAs\":[\"https:\\\/\\\/www.facebook.com\\\/karineparras\",\"https:\\\/\\\/www.instagram.com\\\/karineparras\\\/\"]}]}<\/script>\n<!-- \/ Yoast SEO plugin. -->","yoast_head_json":{"title":"Teemanttilgad Mustad Teras K\u00f5rvar\u00f5ngad - KARINE PARRAS","robots":{"index":"index","follow":"follow","max-snippet":"max-snippet:-1","max-image-preview":"max-image-preview:large","max-video-preview":"max-video-preview:-1"},"canonical":"https:\/\/karineparras.com\/et\/product\/teemantpisarad-musta-roostevabast-terasest-korvarongastega\/","og_locale":"et_EE","og_type":"article","og_title":"Teemanttilgad Mustad Teras K\u00f5rvar\u00f5ngad - KARINE PARRAS","og_description":"K\u00f5rvar\u00f5ngad, mis pakuvad m\u00f5nusat tasakaalu lihtsuse ja elegantsi vahel. Puhtalt lihtsuse kehastus, mis sobib iga stiiliga. Teemandid on \u00fcmbritsetud 18-karaadsete kullaringidega, mis on kaetud Karine Parras musta signatuurkattega. Teemanttilgad saab panna terasest k\u00f5rvar\u00f5ngaste k\u00fclge rippuma. Meie terasest k\u00f5rvar\u00f5ngastel on kolm suurust, l\u00e4bim\u00f5\u00f5tudega: V\u00e4ike: 12.20mm Keskmine: 17.25mm Suur: 36.50mm   0.49 ctw FS VS teemandid  18K valge kuld Karine Parras musta signatuurkattega  Terasest k\u00f5rvar\u00f5ngad","og_url":"https:\/\/karineparras.com\/et\/product\/teemantpisarad-musta-roostevabast-terasest-korvarongastega\/","og_site_name":"KARINE PARRAS","article_publisher":"https:\/\/www.facebook.com\/karineparras","article_modified_time":"2025-03-11T14:42:39+00:00","og_image":[{"width":1152,"height":1536,"url":"https:\/\/karineparras.com\/wp-content\/uploads\/2022\/10\/KPweb_stainless_steel_earring_hoops_diamond_black.jpg","type":"image\/jpeg"}],"twitter_card":"summary_large_image","schema":{"@context":"https:\/\/schema.org","@graph":[{"@type":"WebPage","@id":"https:\/\/karineparras.com\/et\/product\/teemantpisarad-musta-roostevabast-terasest-korvarongastega\/","url":"https:\/\/karineparras.com\/et\/product\/teemantpisarad-musta-roostevabast-terasest-korvarongastega\/","name":"Teemanttilgad Mustad Teras K\u00f5rvar\u00f5ngad - KARINE PARRAS","isPartOf":{"@id":"https:\/\/karineparras.com\/et\/#website"},"primaryImageOfPage":{"@id":"https:\/\/karineparras.com\/et\/product\/teemantpisarad-musta-roostevabast-terasest-korvarongastega\/#primaryimage"},"image":{"@id":"https:\/\/karineparras.com\/et\/product\/teemantpisarad-musta-roostevabast-terasest-korvarongastega\/#primaryimage"},"thumbnailUrl":"https:\/\/karineparras.com\/wp-content\/uploads\/2022\/10\/KPweb_stainless_steel_earring_hoops_diamond_black.jpg","datePublished":"2022-10-21T01:27:04+00:00","dateModified":"2025-03-11T14:42:39+00:00","breadcrumb":{"@id":"https:\/\/karineparras.com\/et\/product\/teemantpisarad-musta-roostevabast-terasest-korvarongastega\/#breadcrumb"},"inLanguage":"et","potentialAction":[{"@type":"ReadAction","target":["https:\/\/karineparras.com\/et\/product\/teemantpisarad-musta-roostevabast-terasest-korvarongastega\/"]}]},{"@type":"ImageObject","inLanguage":"et","@id":"https:\/\/karineparras.com\/et\/product\/teemantpisarad-musta-roostevabast-terasest-korvarongastega\/#primaryimage","url":"https:\/\/karineparras.com\/wp-content\/uploads\/2022\/10\/KPweb_stainless_steel_earring_hoops_diamond_black.jpg","contentUrl":"https:\/\/karineparras.com\/wp-content\/uploads\/2022\/10\/KPweb_stainless_steel_earring_hoops_diamond_black.jpg","width":1152,"height":1536},{"@type":"BreadcrumbList","@id":"https:\/\/karineparras.com\/et\/product\/teemantpisarad-musta-roostevabast-terasest-korvarongastega\/#breadcrumb","itemListElement":[{"@type":"ListItem","position":1,"name":"Home","item":"https:\/\/karineparras.com\/et\/karine-parras\/"},{"@type":"ListItem","position":2,"name":"Pood","item":"https:\/\/karineparras.com\/et\/pood\/"},{"@type":"ListItem","position":3,"name":"Teemanttilgad Mustad Teras K\u00f5rvar\u00f5ngad"}]},{"@type":"WebSite","@id":"https:\/\/karineparras.com\/et\/#website","url":"https:\/\/karineparras.com\/et\/","name":"KARINE PARRAS","description":"","publisher":{"@id":"https:\/\/karineparras.com\/et\/#organization"},"potentialAction":[{"@type":"SearchAction","target":{"@type":"EntryPoint","urlTemplate":"https:\/\/karineparras.com\/et\/?s={search_term_string}"},"query-input":{"@type":"PropertyValueSpecification","valueRequired":true,"valueName":"search_term_string"}}],"inLanguage":"et"},{"@type":"Organization","@id":"https:\/\/karineparras.com\/et\/#organization","name":"KARINE PARRAS","url":"https:\/\/karineparras.com\/et\/","logo":{"@type":"ImageObject","inLanguage":"et","@id":"https:\/\/karineparras.com\/et\/#\/schema\/logo\/image\/","url":"https:\/\/karineparras.com\/wp-content\/uploads\/2023\/12\/logo-header.png","contentUrl":"https:\/\/karineparras.com\/wp-content\/uploads\/2023\/12\/logo-header.png","width":1000,"height":60,"caption":"KARINE PARRAS"},"image":{"@id":"https:\/\/karineparras.com\/et\/#\/schema\/logo\/image\/"},"sameAs":["https:\/\/www.facebook.com\/karineparras","https:\/\/www.instagram.com\/karineparras\/"]}]}},"_links":{"self":[{"href":"https:\/\/karineparras.com\/et\/wp-json\/wp\/v2\/product\/26274","targetHints":{"allow":["GET"]}}],"collection":[{"href":"https:\/\/karineparras.com\/et\/wp-json\/wp\/v2\/product"}],"about":[{"href":"https:\/\/karineparras.com\/et\/wp-json\/wp\/v2\/types\/product"}],"wp:featuredmedia":[{"embeddable":true,"href":"https:\/\/karineparras.com\/et\/wp-json\/wp\/v2\/media\/25173"}],"wp:attachment":[{"href":"https:\/\/karineparras.com\/et\/wp-json\/wp\/v2\/media?parent=26274"}],"wp:term":[{"taxonomy":"product_brand","embeddable":true,"href":"https:\/\/karineparras.com\/et\/wp-json\/wp\/v2\/product_brand?post=26274"},{"taxonomy":"product_cat","embeddable":true,"href":"https:\/\/karineparras.com\/et\/wp-json\/wp\/v2\/product_cat?post=26274"},{"taxonomy":"product_tag","embeddable":true,"href":"https:\/\/karineparras.com\/et\/wp-json\/wp\/v2\/product_tag?post=26274"}],"curies":[{"name":"wp","href":"https:\/\/api.w.org\/{rel}","templated":true}]}}