{"id":26273,"date":"2022-10-21T04:27:00","date_gmt":"2022-10-21T01:27:00","guid":{"rendered":"https:\/\/karineparras.com\/product\/roosakuldne-ripats-kaelakee-dagger\/"},"modified":"2025-03-11T16:10:25","modified_gmt":"2025-03-11T14:10:25","slug":"roosakuldne-ripats-kaelakee-dagger","status":"publish","type":"product","link":"https:\/\/karineparras.com\/et\/product\/roosakuldne-ripats-kaelakee-dagger\/","title":{"rendered":"&#8220;Dagger&#8221; Statement Ripats Roosa Kuld"},"content":{"rendered":"","protected":false},"excerpt":{"rendered":"<p><a href=\"https:\/\/karineparras.com\/product-category\/fine-jewellery-lines\/dagger\/\" target=\"_blank\" rel=\"noopener\">DAGGER<\/a><\/p>\n<p>Reaalne pilgup\u00fc\u00fcdja ja t\u00e4helepanu keskpunkt. See 18-karaadine roosakuldne silmapaistev statement kaelakee, kaunistatud 0,98-karaatsete teemantidega, varastab k\u00f5igi pilgud. Ripats, mis j\u00e4\u00e4b naiselikuks, isegi kui see kannab tugevat mehelikku h\u00f5ngu. Kaelakee, millele pole sarnast. Kandav igap\u00e4evaselt isegi lihtsaimate riietustega.<\/p>\n<ul>\n<li>18K roosa kuld<\/li>\n<li>0.98 ctw FG VS teemandid<\/li>\n<\/ul>\n","protected":false},"featured_media":25156,"template":"","meta":{"_themeisle_gutenberg_block_has_review":false},"product_brand":[],"product_cat":[465,440,443],"product_tag":[],"class_list":{"0":"post-26273","1":"product","2":"type-product","3":"status-publish","4":"has-post-thumbnail","6":"product_cat-dagger-et","7":"product_cat-fine-jewellery-liinid","8":"product_cat-kaelakeed","10":"first","11":"outofstock","12":"shipping-taxable","13":"product-type-simple"},"yoast_head":"<!-- This site is optimized with the Yoast SEO plugin v27.3 - https:\/\/yoast.com\/product\/yoast-seo-wordpress\/ -->\n<title>&quot;Dagger&quot; Statement Ripats Roosa Kuld - KARINE PARRAS<\/title>\n<meta name=\"robots\" content=\"index, follow, max-snippet:-1, max-image-preview:large, max-video-preview:-1\" \/>\n<link rel=\"canonical\" href=\"https:\/\/karineparras.com\/et\/product\/roosakuldne-ripats-kaelakee-dagger\/\" \/>\n<meta property=\"og:locale\" content=\"et_EE\" \/>\n<meta property=\"og:type\" content=\"article\" \/>\n<meta property=\"og:title\" content=\"&quot;Dagger&quot; Statement Ripats Roosa Kuld - KARINE PARRAS\" \/>\n<meta property=\"og:description\" content=\"DAGGER Reaalne pilgup\u00fc\u00fcdja ja t\u00e4helepanu keskpunkt. See 18-karaadine roosakuldne silmapaistev statement kaelakee, kaunistatud 0,98-karaatsete teemantidega, varastab k\u00f5igi pilgud. Ripats, mis j\u00e4\u00e4b naiselikuks, isegi kui see kannab tugevat mehelikku h\u00f5ngu. Kaelakee, millele pole sarnast. Kandav igap\u00e4evaselt isegi lihtsaimate riietustega.  18K roosa kuld  0.98 ctw FG VS teemandid\" \/>\n<meta property=\"og:url\" content=\"https:\/\/karineparras.com\/et\/product\/roosakuldne-ripats-kaelakee-dagger\/\" \/>\n<meta property=\"og:site_name\" content=\"KARINE PARRAS\" \/>\n<meta property=\"article:publisher\" content=\"https:\/\/www.facebook.com\/karineparras\" \/>\n<meta property=\"article:modified_time\" content=\"2025-03-11T14:10:25+00:00\" \/>\n<meta property=\"og:image\" content=\"https:\/\/karineparras.com\/wp-content\/uploads\/2022\/10\/tff_odagger_pendant.jpg\" \/>\n\t<meta property=\"og:image:width\" content=\"1152\" \/>\n\t<meta property=\"og:image:height\" content=\"1536\" \/>\n\t<meta property=\"og:image:type\" content=\"image\/jpeg\" \/>\n<meta name=\"twitter:card\" content=\"summary_large_image\" \/>\n<script type=\"application\/ld+json\" class=\"yoast-schema-graph\">{\"@context\":\"https:\\\/\\\/schema.org\",\"@graph\":[{\"@type\":\"WebPage\",\"@id\":\"https:\\\/\\\/karineparras.com\\\/et\\\/product\\\/roosakuldne-ripats-kaelakee-dagger\\\/\",\"url\":\"https:\\\/\\\/karineparras.com\\\/et\\\/product\\\/roosakuldne-ripats-kaelakee-dagger\\\/\",\"name\":\"\\\"Dagger\\\" Statement Ripats Roosa Kuld - KARINE PARRAS\",\"isPartOf\":{\"@id\":\"https:\\\/\\\/karineparras.com\\\/et\\\/#website\"},\"primaryImageOfPage\":{\"@id\":\"https:\\\/\\\/karineparras.com\\\/et\\\/product\\\/roosakuldne-ripats-kaelakee-dagger\\\/#primaryimage\"},\"image\":{\"@id\":\"https:\\\/\\\/karineparras.com\\\/et\\\/product\\\/roosakuldne-ripats-kaelakee-dagger\\\/#primaryimage\"},\"thumbnailUrl\":\"https:\\\/\\\/karineparras.com\\\/wp-content\\\/uploads\\\/2022\\\/10\\\/tff_odagger_pendant.jpg\",\"datePublished\":\"2022-10-21T01:27:00+00:00\",\"dateModified\":\"2025-03-11T14:10:25+00:00\",\"breadcrumb\":{\"@id\":\"https:\\\/\\\/karineparras.com\\\/et\\\/product\\\/roosakuldne-ripats-kaelakee-dagger\\\/#breadcrumb\"},\"inLanguage\":\"et\",\"potentialAction\":[{\"@type\":\"ReadAction\",\"target\":[\"https:\\\/\\\/karineparras.com\\\/et\\\/product\\\/roosakuldne-ripats-kaelakee-dagger\\\/\"]}]},{\"@type\":\"ImageObject\",\"inLanguage\":\"et\",\"@id\":\"https:\\\/\\\/karineparras.com\\\/et\\\/product\\\/roosakuldne-ripats-kaelakee-dagger\\\/#primaryimage\",\"url\":\"https:\\\/\\\/karineparras.com\\\/wp-content\\\/uploads\\\/2022\\\/10\\\/tff_odagger_pendant.jpg\",\"contentUrl\":\"https:\\\/\\\/karineparras.com\\\/wp-content\\\/uploads\\\/2022\\\/10\\\/tff_odagger_pendant.jpg\",\"width\":1152,\"height\":1536},{\"@type\":\"BreadcrumbList\",\"@id\":\"https:\\\/\\\/karineparras.com\\\/et\\\/product\\\/roosakuldne-ripats-kaelakee-dagger\\\/#breadcrumb\",\"itemListElement\":[{\"@type\":\"ListItem\",\"position\":1,\"name\":\"Home\",\"item\":\"https:\\\/\\\/karineparras.com\\\/et\\\/karine-parras\\\/\"},{\"@type\":\"ListItem\",\"position\":2,\"name\":\"Pood\",\"item\":\"https:\\\/\\\/karineparras.com\\\/et\\\/pood\\\/\"},{\"@type\":\"ListItem\",\"position\":3,\"name\":\"&#8220;Dagger&#8221; Statement Ripats Roosa Kuld\"}]},{\"@type\":\"WebSite\",\"@id\":\"https:\\\/\\\/karineparras.com\\\/et\\\/#website\",\"url\":\"https:\\\/\\\/karineparras.com\\\/et\\\/\",\"name\":\"KARINE PARRAS\",\"description\":\"\",\"publisher\":{\"@id\":\"https:\\\/\\\/karineparras.com\\\/et\\\/#organization\"},\"potentialAction\":[{\"@type\":\"SearchAction\",\"target\":{\"@type\":\"EntryPoint\",\"urlTemplate\":\"https:\\\/\\\/karineparras.com\\\/et\\\/?s={search_term_string}\"},\"query-input\":{\"@type\":\"PropertyValueSpecification\",\"valueRequired\":true,\"valueName\":\"search_term_string\"}}],\"inLanguage\":\"et\"},{\"@type\":\"Organization\",\"@id\":\"https:\\\/\\\/karineparras.com\\\/et\\\/#organization\",\"name\":\"KARINE PARRAS\",\"url\":\"https:\\\/\\\/karineparras.com\\\/et\\\/\",\"logo\":{\"@type\":\"ImageObject\",\"inLanguage\":\"et\",\"@id\":\"https:\\\/\\\/karineparras.com\\\/et\\\/#\\\/schema\\\/logo\\\/image\\\/\",\"url\":\"https:\\\/\\\/karineparras.com\\\/wp-content\\\/uploads\\\/2023\\\/12\\\/logo-header.png\",\"contentUrl\":\"https:\\\/\\\/karineparras.com\\\/wp-content\\\/uploads\\\/2023\\\/12\\\/logo-header.png\",\"width\":1000,\"height\":60,\"caption\":\"KARINE PARRAS\"},\"image\":{\"@id\":\"https:\\\/\\\/karineparras.com\\\/et\\\/#\\\/schema\\\/logo\\\/image\\\/\"},\"sameAs\":[\"https:\\\/\\\/www.facebook.com\\\/karineparras\",\"https:\\\/\\\/www.instagram.com\\\/karineparras\\\/\"]}]}<\/script>\n<!-- \/ Yoast SEO plugin. -->","yoast_head_json":{"title":"\"Dagger\" Statement Ripats Roosa Kuld - KARINE PARRAS","robots":{"index":"index","follow":"follow","max-snippet":"max-snippet:-1","max-image-preview":"max-image-preview:large","max-video-preview":"max-video-preview:-1"},"canonical":"https:\/\/karineparras.com\/et\/product\/roosakuldne-ripats-kaelakee-dagger\/","og_locale":"et_EE","og_type":"article","og_title":"\"Dagger\" Statement Ripats Roosa Kuld - KARINE PARRAS","og_description":"DAGGER Reaalne pilgup\u00fc\u00fcdja ja t\u00e4helepanu keskpunkt. See 18-karaadine roosakuldne silmapaistev statement kaelakee, kaunistatud 0,98-karaatsete teemantidega, varastab k\u00f5igi pilgud. Ripats, mis j\u00e4\u00e4b naiselikuks, isegi kui see kannab tugevat mehelikku h\u00f5ngu. Kaelakee, millele pole sarnast. Kandav igap\u00e4evaselt isegi lihtsaimate riietustega.  18K roosa kuld  0.98 ctw FG VS teemandid","og_url":"https:\/\/karineparras.com\/et\/product\/roosakuldne-ripats-kaelakee-dagger\/","og_site_name":"KARINE PARRAS","article_publisher":"https:\/\/www.facebook.com\/karineparras","article_modified_time":"2025-03-11T14:10:25+00:00","og_image":[{"width":1152,"height":1536,"url":"https:\/\/karineparras.com\/wp-content\/uploads\/2022\/10\/tff_odagger_pendant.jpg","type":"image\/jpeg"}],"twitter_card":"summary_large_image","schema":{"@context":"https:\/\/schema.org","@graph":[{"@type":"WebPage","@id":"https:\/\/karineparras.com\/et\/product\/roosakuldne-ripats-kaelakee-dagger\/","url":"https:\/\/karineparras.com\/et\/product\/roosakuldne-ripats-kaelakee-dagger\/","name":"\"Dagger\" Statement Ripats Roosa Kuld - KARINE PARRAS","isPartOf":{"@id":"https:\/\/karineparras.com\/et\/#website"},"primaryImageOfPage":{"@id":"https:\/\/karineparras.com\/et\/product\/roosakuldne-ripats-kaelakee-dagger\/#primaryimage"},"image":{"@id":"https:\/\/karineparras.com\/et\/product\/roosakuldne-ripats-kaelakee-dagger\/#primaryimage"},"thumbnailUrl":"https:\/\/karineparras.com\/wp-content\/uploads\/2022\/10\/tff_odagger_pendant.jpg","datePublished":"2022-10-21T01:27:00+00:00","dateModified":"2025-03-11T14:10:25+00:00","breadcrumb":{"@id":"https:\/\/karineparras.com\/et\/product\/roosakuldne-ripats-kaelakee-dagger\/#breadcrumb"},"inLanguage":"et","potentialAction":[{"@type":"ReadAction","target":["https:\/\/karineparras.com\/et\/product\/roosakuldne-ripats-kaelakee-dagger\/"]}]},{"@type":"ImageObject","inLanguage":"et","@id":"https:\/\/karineparras.com\/et\/product\/roosakuldne-ripats-kaelakee-dagger\/#primaryimage","url":"https:\/\/karineparras.com\/wp-content\/uploads\/2022\/10\/tff_odagger_pendant.jpg","contentUrl":"https:\/\/karineparras.com\/wp-content\/uploads\/2022\/10\/tff_odagger_pendant.jpg","width":1152,"height":1536},{"@type":"BreadcrumbList","@id":"https:\/\/karineparras.com\/et\/product\/roosakuldne-ripats-kaelakee-dagger\/#breadcrumb","itemListElement":[{"@type":"ListItem","position":1,"name":"Home","item":"https:\/\/karineparras.com\/et\/karine-parras\/"},{"@type":"ListItem","position":2,"name":"Pood","item":"https:\/\/karineparras.com\/et\/pood\/"},{"@type":"ListItem","position":3,"name":"&#8220;Dagger&#8221; Statement Ripats Roosa Kuld"}]},{"@type":"WebSite","@id":"https:\/\/karineparras.com\/et\/#website","url":"https:\/\/karineparras.com\/et\/","name":"KARINE PARRAS","description":"","publisher":{"@id":"https:\/\/karineparras.com\/et\/#organization"},"potentialAction":[{"@type":"SearchAction","target":{"@type":"EntryPoint","urlTemplate":"https:\/\/karineparras.com\/et\/?s={search_term_string}"},"query-input":{"@type":"PropertyValueSpecification","valueRequired":true,"valueName":"search_term_string"}}],"inLanguage":"et"},{"@type":"Organization","@id":"https:\/\/karineparras.com\/et\/#organization","name":"KARINE PARRAS","url":"https:\/\/karineparras.com\/et\/","logo":{"@type":"ImageObject","inLanguage":"et","@id":"https:\/\/karineparras.com\/et\/#\/schema\/logo\/image\/","url":"https:\/\/karineparras.com\/wp-content\/uploads\/2023\/12\/logo-header.png","contentUrl":"https:\/\/karineparras.com\/wp-content\/uploads\/2023\/12\/logo-header.png","width":1000,"height":60,"caption":"KARINE PARRAS"},"image":{"@id":"https:\/\/karineparras.com\/et\/#\/schema\/logo\/image\/"},"sameAs":["https:\/\/www.facebook.com\/karineparras","https:\/\/www.instagram.com\/karineparras\/"]}]}},"_links":{"self":[{"href":"https:\/\/karineparras.com\/et\/wp-json\/wp\/v2\/product\/26273","targetHints":{"allow":["GET"]}}],"collection":[{"href":"https:\/\/karineparras.com\/et\/wp-json\/wp\/v2\/product"}],"about":[{"href":"https:\/\/karineparras.com\/et\/wp-json\/wp\/v2\/types\/product"}],"wp:featuredmedia":[{"embeddable":true,"href":"https:\/\/karineparras.com\/et\/wp-json\/wp\/v2\/media\/25156"}],"wp:attachment":[{"href":"https:\/\/karineparras.com\/et\/wp-json\/wp\/v2\/media?parent=26273"}],"wp:term":[{"taxonomy":"product_brand","embeddable":true,"href":"https:\/\/karineparras.com\/et\/wp-json\/wp\/v2\/product_brand?post=26273"},{"taxonomy":"product_cat","embeddable":true,"href":"https:\/\/karineparras.com\/et\/wp-json\/wp\/v2\/product_cat?post=26273"},{"taxonomy":"product_tag","embeddable":true,"href":"https:\/\/karineparras.com\/et\/wp-json\/wp\/v2\/product_tag?post=26273"}],"curies":[{"name":"wp","href":"https:\/\/api.w.org\/{rel}","templated":true}]}}