{"id":26268,"date":"2022-10-21T04:27:25","date_gmt":"2022-10-21T01:27:25","guid":{"rendered":"https:\/\/karineparras.com\/product\/sudamemurdja-kollasest-kullast\/"},"modified":"2025-03-12T13:21:44","modified_gmt":"2025-03-12T11:21:44","slug":"sudamemurdja-kollasest-kullast","status":"publish","type":"product","link":"https:\/\/karineparras.com\/et\/product\/sudamemurdja-kollasest-kullast\/","title":{"rendered":"&#8220;Heartbreaker&#8221; Kollane Kuld"},"content":{"rendered":"","protected":false},"excerpt":{"rendered":"<p><a href=\"https:\/\/karineparras.com\/product-category\/fine-jewellery-lines\/heartbreaker\/\">HEARTBREAKER<\/a><\/p>\n<p>S\u00f5rmus, mis on nii ilus, et murrab su s\u00fcdame.<\/p>\n<p>Heartbreaker on Karine Parras kollektsioonide suurim statement-toode. P\u00fc\u00fcab iga\u00fche t\u00e4helepanu, kes sind \u00fcmbritseb. M\u00f5eldud kandmiseks iga p\u00e4ev, julgelt ja enesekindlalt. Elu on liiga l\u00fchike, et olla tagasihoidlik. <\/p>\n<ul>\n<li>18K kollane kuld<\/li>\n<li>22 mm barokne L\u00f5unamere p\u00e4rl<\/li>\n<li>1.17 ctw kollased safiirid<\/li>\n<li>0.57 ctw FG VS teemandid<\/li>\n<\/ul>\n","protected":false},"featured_media":25229,"template":"","meta":{"_themeisle_gutenberg_block_has_review":false},"product_brand":[],"product_cat":[440,596,472,441],"product_tag":[],"class_list":{"0":"post-26268","1":"product","2":"type-product","3":"status-publish","4":"has-post-thumbnail","6":"product_cat-fine-jewellery-liinid","7":"product_cat-heartbreaker-et","8":"product_cat-parlid","9":"product_cat-sormused","11":"first","12":"outofstock","13":"shipping-taxable","14":"product-type-simple"},"yoast_head":"<!-- This site is optimized with the Yoast SEO plugin v27.3 - https:\/\/yoast.com\/product\/yoast-seo-wordpress\/ -->\n<title>&quot;Heartbreaker&quot; Kollane Kuld - KARINE PARRAS<\/title>\n<meta name=\"robots\" content=\"index, follow, max-snippet:-1, max-image-preview:large, max-video-preview:-1\" \/>\n<link rel=\"canonical\" href=\"https:\/\/karineparras.com\/et\/product\/sudamemurdja-kollasest-kullast\/\" \/>\n<meta property=\"og:locale\" content=\"et_EE\" \/>\n<meta property=\"og:type\" content=\"article\" \/>\n<meta property=\"og:title\" content=\"&quot;Heartbreaker&quot; Kollane Kuld - KARINE PARRAS\" \/>\n<meta property=\"og:description\" content=\"HEARTBREAKER S\u00f5rmus, mis on nii ilus, et murrab su s\u00fcdame. Heartbreaker on Karine Parras kollektsioonide suurim statement-toode. P\u00fc\u00fcab iga\u00fche t\u00e4helepanu, kes sind \u00fcmbritseb. M\u00f5eldud kandmiseks iga p\u00e4ev, julgelt ja enesekindlalt. Elu on liiga l\u00fchike, et olla tagasihoidlik.   18K kollane kuld  22 mm barokne L\u00f5unamere p\u00e4rl  1.17 ctw kollased safiirid  0.57 ctw FG VS teemandid\" \/>\n<meta property=\"og:url\" content=\"https:\/\/karineparras.com\/et\/product\/sudamemurdja-kollasest-kullast\/\" \/>\n<meta property=\"og:site_name\" content=\"KARINE PARRAS\" \/>\n<meta property=\"article:publisher\" content=\"https:\/\/www.facebook.com\/karineparras\" \/>\n<meta property=\"article:modified_time\" content=\"2025-03-12T11:21:44+00:00\" \/>\n<meta property=\"og:image\" content=\"https:\/\/karineparras.com\/wp-content\/uploads\/2022\/10\/KPweb_heartbreaker_yellow_gold_yg_sapphires_diamonds.jpg\" \/>\n\t<meta property=\"og:image:width\" content=\"1152\" \/>\n\t<meta property=\"og:image:height\" content=\"1536\" \/>\n\t<meta property=\"og:image:type\" content=\"image\/jpeg\" \/>\n<meta name=\"twitter:card\" content=\"summary_large_image\" \/>\n<script type=\"application\/ld+json\" class=\"yoast-schema-graph\">{\"@context\":\"https:\\\/\\\/schema.org\",\"@graph\":[{\"@type\":\"WebPage\",\"@id\":\"https:\\\/\\\/karineparras.com\\\/et\\\/product\\\/sudamemurdja-kollasest-kullast\\\/\",\"url\":\"https:\\\/\\\/karineparras.com\\\/et\\\/product\\\/sudamemurdja-kollasest-kullast\\\/\",\"name\":\"\\\"Heartbreaker\\\" Kollane Kuld - KARINE PARRAS\",\"isPartOf\":{\"@id\":\"https:\\\/\\\/karineparras.com\\\/et\\\/#website\"},\"primaryImageOfPage\":{\"@id\":\"https:\\\/\\\/karineparras.com\\\/et\\\/product\\\/sudamemurdja-kollasest-kullast\\\/#primaryimage\"},\"image\":{\"@id\":\"https:\\\/\\\/karineparras.com\\\/et\\\/product\\\/sudamemurdja-kollasest-kullast\\\/#primaryimage\"},\"thumbnailUrl\":\"https:\\\/\\\/karineparras.com\\\/wp-content\\\/uploads\\\/2022\\\/10\\\/KPweb_heartbreaker_yellow_gold_yg_sapphires_diamonds.jpg\",\"datePublished\":\"2022-10-21T01:27:25+00:00\",\"dateModified\":\"2025-03-12T11:21:44+00:00\",\"breadcrumb\":{\"@id\":\"https:\\\/\\\/karineparras.com\\\/et\\\/product\\\/sudamemurdja-kollasest-kullast\\\/#breadcrumb\"},\"inLanguage\":\"et\",\"potentialAction\":[{\"@type\":\"ReadAction\",\"target\":[\"https:\\\/\\\/karineparras.com\\\/et\\\/product\\\/sudamemurdja-kollasest-kullast\\\/\"]}]},{\"@type\":\"ImageObject\",\"inLanguage\":\"et\",\"@id\":\"https:\\\/\\\/karineparras.com\\\/et\\\/product\\\/sudamemurdja-kollasest-kullast\\\/#primaryimage\",\"url\":\"https:\\\/\\\/karineparras.com\\\/wp-content\\\/uploads\\\/2022\\\/10\\\/KPweb_heartbreaker_yellow_gold_yg_sapphires_diamonds.jpg\",\"contentUrl\":\"https:\\\/\\\/karineparras.com\\\/wp-content\\\/uploads\\\/2022\\\/10\\\/KPweb_heartbreaker_yellow_gold_yg_sapphires_diamonds.jpg\",\"width\":1152,\"height\":1536},{\"@type\":\"BreadcrumbList\",\"@id\":\"https:\\\/\\\/karineparras.com\\\/et\\\/product\\\/sudamemurdja-kollasest-kullast\\\/#breadcrumb\",\"itemListElement\":[{\"@type\":\"ListItem\",\"position\":1,\"name\":\"Home\",\"item\":\"https:\\\/\\\/karineparras.com\\\/et\\\/karine-parras\\\/\"},{\"@type\":\"ListItem\",\"position\":2,\"name\":\"Pood\",\"item\":\"https:\\\/\\\/karineparras.com\\\/et\\\/pood\\\/\"},{\"@type\":\"ListItem\",\"position\":3,\"name\":\"&#8220;Heartbreaker&#8221; Kollane Kuld\"}]},{\"@type\":\"WebSite\",\"@id\":\"https:\\\/\\\/karineparras.com\\\/et\\\/#website\",\"url\":\"https:\\\/\\\/karineparras.com\\\/et\\\/\",\"name\":\"KARINE PARRAS\",\"description\":\"\",\"publisher\":{\"@id\":\"https:\\\/\\\/karineparras.com\\\/et\\\/#organization\"},\"potentialAction\":[{\"@type\":\"SearchAction\",\"target\":{\"@type\":\"EntryPoint\",\"urlTemplate\":\"https:\\\/\\\/karineparras.com\\\/et\\\/?s={search_term_string}\"},\"query-input\":{\"@type\":\"PropertyValueSpecification\",\"valueRequired\":true,\"valueName\":\"search_term_string\"}}],\"inLanguage\":\"et\"},{\"@type\":\"Organization\",\"@id\":\"https:\\\/\\\/karineparras.com\\\/et\\\/#organization\",\"name\":\"KARINE PARRAS\",\"url\":\"https:\\\/\\\/karineparras.com\\\/et\\\/\",\"logo\":{\"@type\":\"ImageObject\",\"inLanguage\":\"et\",\"@id\":\"https:\\\/\\\/karineparras.com\\\/et\\\/#\\\/schema\\\/logo\\\/image\\\/\",\"url\":\"https:\\\/\\\/karineparras.com\\\/wp-content\\\/uploads\\\/2023\\\/12\\\/logo-header.png\",\"contentUrl\":\"https:\\\/\\\/karineparras.com\\\/wp-content\\\/uploads\\\/2023\\\/12\\\/logo-header.png\",\"width\":1000,\"height\":60,\"caption\":\"KARINE PARRAS\"},\"image\":{\"@id\":\"https:\\\/\\\/karineparras.com\\\/et\\\/#\\\/schema\\\/logo\\\/image\\\/\"},\"sameAs\":[\"https:\\\/\\\/www.facebook.com\\\/karineparras\",\"https:\\\/\\\/www.instagram.com\\\/karineparras\\\/\"]}]}<\/script>\n<!-- \/ Yoast SEO plugin. -->","yoast_head_json":{"title":"\"Heartbreaker\" Kollane Kuld - KARINE PARRAS","robots":{"index":"index","follow":"follow","max-snippet":"max-snippet:-1","max-image-preview":"max-image-preview:large","max-video-preview":"max-video-preview:-1"},"canonical":"https:\/\/karineparras.com\/et\/product\/sudamemurdja-kollasest-kullast\/","og_locale":"et_EE","og_type":"article","og_title":"\"Heartbreaker\" Kollane Kuld - KARINE PARRAS","og_description":"HEARTBREAKER S\u00f5rmus, mis on nii ilus, et murrab su s\u00fcdame. Heartbreaker on Karine Parras kollektsioonide suurim statement-toode. P\u00fc\u00fcab iga\u00fche t\u00e4helepanu, kes sind \u00fcmbritseb. M\u00f5eldud kandmiseks iga p\u00e4ev, julgelt ja enesekindlalt. Elu on liiga l\u00fchike, et olla tagasihoidlik.   18K kollane kuld  22 mm barokne L\u00f5unamere p\u00e4rl  1.17 ctw kollased safiirid  0.57 ctw FG VS teemandid","og_url":"https:\/\/karineparras.com\/et\/product\/sudamemurdja-kollasest-kullast\/","og_site_name":"KARINE PARRAS","article_publisher":"https:\/\/www.facebook.com\/karineparras","article_modified_time":"2025-03-12T11:21:44+00:00","og_image":[{"width":1152,"height":1536,"url":"https:\/\/karineparras.com\/wp-content\/uploads\/2022\/10\/KPweb_heartbreaker_yellow_gold_yg_sapphires_diamonds.jpg","type":"image\/jpeg"}],"twitter_card":"summary_large_image","schema":{"@context":"https:\/\/schema.org","@graph":[{"@type":"WebPage","@id":"https:\/\/karineparras.com\/et\/product\/sudamemurdja-kollasest-kullast\/","url":"https:\/\/karineparras.com\/et\/product\/sudamemurdja-kollasest-kullast\/","name":"\"Heartbreaker\" Kollane Kuld - KARINE PARRAS","isPartOf":{"@id":"https:\/\/karineparras.com\/et\/#website"},"primaryImageOfPage":{"@id":"https:\/\/karineparras.com\/et\/product\/sudamemurdja-kollasest-kullast\/#primaryimage"},"image":{"@id":"https:\/\/karineparras.com\/et\/product\/sudamemurdja-kollasest-kullast\/#primaryimage"},"thumbnailUrl":"https:\/\/karineparras.com\/wp-content\/uploads\/2022\/10\/KPweb_heartbreaker_yellow_gold_yg_sapphires_diamonds.jpg","datePublished":"2022-10-21T01:27:25+00:00","dateModified":"2025-03-12T11:21:44+00:00","breadcrumb":{"@id":"https:\/\/karineparras.com\/et\/product\/sudamemurdja-kollasest-kullast\/#breadcrumb"},"inLanguage":"et","potentialAction":[{"@type":"ReadAction","target":["https:\/\/karineparras.com\/et\/product\/sudamemurdja-kollasest-kullast\/"]}]},{"@type":"ImageObject","inLanguage":"et","@id":"https:\/\/karineparras.com\/et\/product\/sudamemurdja-kollasest-kullast\/#primaryimage","url":"https:\/\/karineparras.com\/wp-content\/uploads\/2022\/10\/KPweb_heartbreaker_yellow_gold_yg_sapphires_diamonds.jpg","contentUrl":"https:\/\/karineparras.com\/wp-content\/uploads\/2022\/10\/KPweb_heartbreaker_yellow_gold_yg_sapphires_diamonds.jpg","width":1152,"height":1536},{"@type":"BreadcrumbList","@id":"https:\/\/karineparras.com\/et\/product\/sudamemurdja-kollasest-kullast\/#breadcrumb","itemListElement":[{"@type":"ListItem","position":1,"name":"Home","item":"https:\/\/karineparras.com\/et\/karine-parras\/"},{"@type":"ListItem","position":2,"name":"Pood","item":"https:\/\/karineparras.com\/et\/pood\/"},{"@type":"ListItem","position":3,"name":"&#8220;Heartbreaker&#8221; Kollane Kuld"}]},{"@type":"WebSite","@id":"https:\/\/karineparras.com\/et\/#website","url":"https:\/\/karineparras.com\/et\/","name":"KARINE PARRAS","description":"","publisher":{"@id":"https:\/\/karineparras.com\/et\/#organization"},"potentialAction":[{"@type":"SearchAction","target":{"@type":"EntryPoint","urlTemplate":"https:\/\/karineparras.com\/et\/?s={search_term_string}"},"query-input":{"@type":"PropertyValueSpecification","valueRequired":true,"valueName":"search_term_string"}}],"inLanguage":"et"},{"@type":"Organization","@id":"https:\/\/karineparras.com\/et\/#organization","name":"KARINE PARRAS","url":"https:\/\/karineparras.com\/et\/","logo":{"@type":"ImageObject","inLanguage":"et","@id":"https:\/\/karineparras.com\/et\/#\/schema\/logo\/image\/","url":"https:\/\/karineparras.com\/wp-content\/uploads\/2023\/12\/logo-header.png","contentUrl":"https:\/\/karineparras.com\/wp-content\/uploads\/2023\/12\/logo-header.png","width":1000,"height":60,"caption":"KARINE PARRAS"},"image":{"@id":"https:\/\/karineparras.com\/et\/#\/schema\/logo\/image\/"},"sameAs":["https:\/\/www.facebook.com\/karineparras","https:\/\/www.instagram.com\/karineparras\/"]}]}},"_links":{"self":[{"href":"https:\/\/karineparras.com\/et\/wp-json\/wp\/v2\/product\/26268","targetHints":{"allow":["GET"]}}],"collection":[{"href":"https:\/\/karineparras.com\/et\/wp-json\/wp\/v2\/product"}],"about":[{"href":"https:\/\/karineparras.com\/et\/wp-json\/wp\/v2\/types\/product"}],"wp:featuredmedia":[{"embeddable":true,"href":"https:\/\/karineparras.com\/et\/wp-json\/wp\/v2\/media\/25229"}],"wp:attachment":[{"href":"https:\/\/karineparras.com\/et\/wp-json\/wp\/v2\/media?parent=26268"}],"wp:term":[{"taxonomy":"product_brand","embeddable":true,"href":"https:\/\/karineparras.com\/et\/wp-json\/wp\/v2\/product_brand?post=26268"},{"taxonomy":"product_cat","embeddable":true,"href":"https:\/\/karineparras.com\/et\/wp-json\/wp\/v2\/product_cat?post=26268"},{"taxonomy":"product_tag","embeddable":true,"href":"https:\/\/karineparras.com\/et\/wp-json\/wp\/v2\/product_tag?post=26268"}],"curies":[{"name":"wp","href":"https:\/\/api.w.org\/{rel}","templated":true}]}}