{"id":26262,"date":"2022-10-21T04:27:23","date_gmt":"2022-10-21T01:27:23","guid":{"rendered":"https:\/\/karineparras.com\/product\/kuldsed-lounamere-parlid-roostevabast-terasest-kaelakee\/"},"modified":"2025-03-12T13:31:09","modified_gmt":"2025-03-12T11:31:09","slug":"kuldsed-lounamere-parlid-roostevabast-terasest-kaelakee","status":"publish","type":"product","link":"https:\/\/karineparras.com\/et\/product\/kuldsed-lounamere-parlid-roostevabast-terasest-kaelakee\/","title":{"rendered":"Kuldsete L\u00f5unamere P\u00e4rlitega Kaelakee Terasest"},"content":{"rendered":"","protected":false},"excerpt":{"rendered":"<p>Must terasest kaelakee, mida kaunistavad kuldsed L\u00f5unamere p\u00e4rlid. Kaelaketi maskuliinsus ja p\u00e4rlite naiselik ilu loovad koos ainulaadse koosluse. Kaelakee pikkus on reguleeritav &#8211; klassikalisest pikkusest kuni chokerini. Kui robustsus ja elegantsus loovad t\u00e4iusliku kombinatsiooni.<\/p>\n<ul>\n<li>Teras kaetud roodiumiga<\/li>\n<li>18K kollane kuld<\/li>\n<li>5 x 10 mm kuldsed L\u00f5unamere p\u00e4rlid<\/li>\n<\/ul>\n","protected":false},"featured_media":25225,"template":"","meta":{"_themeisle_gutenberg_block_has_review":false},"product_brand":[],"product_cat":[443,472],"product_tag":[480,456,483,532,484,553,490,476,554,474,473,497,475,520,493,519,494,495,496,486,498,499,513,512,557,558,485,479,477,500,501,502,487,489,505,547,478,506,482,531,509,508,507,510,511,529,514,545,515,546,492,516,522,518,523,521,526,525,527,528,530,534,535,533,540,542,543,481,559,555,517,524,548,544,467],"class_list":{"0":"post-26262","1":"product","2":"type-product","3":"status-publish","4":"has-post-thumbnail","6":"product_cat-kaelakeed","7":"product_cat-parlid","8":"product_tag-18-et","9":"product_tag-18k-et","10":"product_tag-aksessuaarid-et","11":"product_tag-avaldus","12":"product_tag-brandi","13":"product_tag-bykarine-et","14":"product_tag-disain","15":"product_tag-eesti-et","16":"product_tag-eestimaa-et","17":"product_tag-ehe-et","18":"product_tag-ehted","19":"product_tag-ehted-et","20":"product_tag-estonia-et","21":"product_tag-ettepanek","22":"product_tag-idee","23":"product_tag-isiklik","24":"product_tag-itaalia-et","25":"product_tag-itaalia-et-2","26":"product_tag-itaalia-et-3","27":"product_tag-joulud-et","28":"product_tag-joulud-et-2","29":"product_tag-joulukingitus-et","30":"product_tag-kaasaegne-et","31":"product_tag-kaasaegne","32":"product_tag-kaelakee-et","33":"product_tag-kaelakee-et-2","34":"product_tag-karaat","35":"product_tag-kingiidee-et","36":"product_tag-kingitus-et","37":"product_tag-kingitus-et-2","38":"product_tag-klassika-et","39":"product_tag-klassikaline-et-2","40":"product_tag-klassikaline-et","41":"product_tag-kohandatud","42":"product_tag-kollane-et","43":"product_tag-kollane-et-2","44":"product_tag-kuld-et","45":"product_tag-kuld-et-2","46":"product_tag-lisaseadmed","47":"product_tag-louna","48":"product_tag-lounameri-et","49":"product_tag-luksus","50":"product_tag-luksuslik-et","51":"product_tag-magevee-et","52":"product_tag-magevesi-et","53":"product_tag-meri","54":"product_tag-naine-et","55":"product_tag-naine-et-2","56":"product_tag-naise-et","57":"product_tag-naised","58":"product_tag-naissoost","59":"product_tag-naisteehted-et","60":"product_tag-parl-et","61":"product_tag-parlid-et","62":"product_tag-parlid-et-2","63":"product_tag-puhas-et","64":"product_tag-roos","65":"product_tag-roosa-et","66":"product_tag-skandinaavia-et","67":"product_tag-skandinaavia-et-2","68":"product_tag-skandinaavia-et-3","69":"product_tag-stiil","70":"product_tag-stiilne","71":"product_tag-stuudio","72":"product_tag-tahiti-et","73":"product_tag-tahiti-et-2","74":"product_tag-tallinn-et","75":"product_tag-tarvikud","76":"product_tag-teemantid-et","77":"product_tag-tehtud-et","78":"product_tag-tellimus","79":"product_tag-toeline","80":"product_tag-ulekullatud-et","81":"product_tag-valge-et-2","82":"product_tag-valge-et","84":"first","85":"instock","86":"shipping-taxable","87":"purchasable","88":"product-type-simple"},"yoast_head":"<!-- This site is optimized with the Yoast SEO plugin v27.3 - https:\/\/yoast.com\/product\/yoast-seo-wordpress\/ -->\n<title>Kuldsete L\u00f5unamere P\u00e4rlitega Kaelakee Terasest - KARINE PARRAS<\/title>\n<meta name=\"robots\" content=\"index, follow, max-snippet:-1, max-image-preview:large, max-video-preview:-1\" \/>\n<link rel=\"canonical\" href=\"https:\/\/karineparras.com\/et\/product\/kuldsed-lounamere-parlid-roostevabast-terasest-kaelakee\/\" \/>\n<meta property=\"og:locale\" content=\"et_EE\" \/>\n<meta property=\"og:type\" content=\"article\" \/>\n<meta property=\"og:title\" content=\"Kuldsete L\u00f5unamere P\u00e4rlitega Kaelakee Terasest - KARINE PARRAS\" \/>\n<meta property=\"og:description\" content=\"Must terasest kaelakee, mida kaunistavad kuldsed L\u00f5unamere p\u00e4rlid. Kaelaketi maskuliinsus ja p\u00e4rlite naiselik ilu loovad koos ainulaadse koosluse. Kaelakee pikkus on reguleeritav - klassikalisest pikkusest kuni chokerini. Kui robustsus ja elegantsus loovad t\u00e4iusliku kombinatsiooni.  Teras kaetud roodiumiga  18K kollane kuld  5 x 10 mm kuldsed L\u00f5unamere p\u00e4rlid\" \/>\n<meta property=\"og:url\" content=\"https:\/\/karineparras.com\/et\/product\/kuldsed-lounamere-parlid-roostevabast-terasest-kaelakee\/\" \/>\n<meta property=\"og:site_name\" content=\"KARINE PARRAS\" \/>\n<meta property=\"article:publisher\" content=\"https:\/\/www.facebook.com\/karineparras\" \/>\n<meta property=\"article:modified_time\" content=\"2025-03-12T11:31:09+00:00\" \/>\n<meta property=\"og:image\" content=\"https:\/\/karineparras.com\/wp-content\/uploads\/2022\/10\/KPweb_golden_ssp_stainless_steel_necklace.jpg\" \/>\n\t<meta property=\"og:image:width\" content=\"1152\" \/>\n\t<meta property=\"og:image:height\" content=\"1536\" \/>\n\t<meta property=\"og:image:type\" content=\"image\/jpeg\" \/>\n<meta name=\"twitter:card\" content=\"summary_large_image\" \/>\n<script type=\"application\/ld+json\" class=\"yoast-schema-graph\">{\"@context\":\"https:\\\/\\\/schema.org\",\"@graph\":[{\"@type\":\"WebPage\",\"@id\":\"https:\\\/\\\/karineparras.com\\\/et\\\/product\\\/kuldsed-lounamere-parlid-roostevabast-terasest-kaelakee\\\/\",\"url\":\"https:\\\/\\\/karineparras.com\\\/et\\\/product\\\/kuldsed-lounamere-parlid-roostevabast-terasest-kaelakee\\\/\",\"name\":\"Kuldsete L\u00f5unamere P\u00e4rlitega Kaelakee Terasest - KARINE PARRAS\",\"isPartOf\":{\"@id\":\"https:\\\/\\\/karineparras.com\\\/et\\\/#website\"},\"primaryImageOfPage\":{\"@id\":\"https:\\\/\\\/karineparras.com\\\/et\\\/product\\\/kuldsed-lounamere-parlid-roostevabast-terasest-kaelakee\\\/#primaryimage\"},\"image\":{\"@id\":\"https:\\\/\\\/karineparras.com\\\/et\\\/product\\\/kuldsed-lounamere-parlid-roostevabast-terasest-kaelakee\\\/#primaryimage\"},\"thumbnailUrl\":\"https:\\\/\\\/karineparras.com\\\/wp-content\\\/uploads\\\/2022\\\/10\\\/KPweb_golden_ssp_stainless_steel_necklace.jpg\",\"datePublished\":\"2022-10-21T01:27:23+00:00\",\"dateModified\":\"2025-03-12T11:31:09+00:00\",\"breadcrumb\":{\"@id\":\"https:\\\/\\\/karineparras.com\\\/et\\\/product\\\/kuldsed-lounamere-parlid-roostevabast-terasest-kaelakee\\\/#breadcrumb\"},\"inLanguage\":\"et\",\"potentialAction\":[{\"@type\":\"ReadAction\",\"target\":[\"https:\\\/\\\/karineparras.com\\\/et\\\/product\\\/kuldsed-lounamere-parlid-roostevabast-terasest-kaelakee\\\/\"]}]},{\"@type\":\"ImageObject\",\"inLanguage\":\"et\",\"@id\":\"https:\\\/\\\/karineparras.com\\\/et\\\/product\\\/kuldsed-lounamere-parlid-roostevabast-terasest-kaelakee\\\/#primaryimage\",\"url\":\"https:\\\/\\\/karineparras.com\\\/wp-content\\\/uploads\\\/2022\\\/10\\\/KPweb_golden_ssp_stainless_steel_necklace.jpg\",\"contentUrl\":\"https:\\\/\\\/karineparras.com\\\/wp-content\\\/uploads\\\/2022\\\/10\\\/KPweb_golden_ssp_stainless_steel_necklace.jpg\",\"width\":1152,\"height\":1536},{\"@type\":\"BreadcrumbList\",\"@id\":\"https:\\\/\\\/karineparras.com\\\/et\\\/product\\\/kuldsed-lounamere-parlid-roostevabast-terasest-kaelakee\\\/#breadcrumb\",\"itemListElement\":[{\"@type\":\"ListItem\",\"position\":1,\"name\":\"Home\",\"item\":\"https:\\\/\\\/karineparras.com\\\/et\\\/karine-parras\\\/\"},{\"@type\":\"ListItem\",\"position\":2,\"name\":\"Pood\",\"item\":\"https:\\\/\\\/karineparras.com\\\/et\\\/pood\\\/\"},{\"@type\":\"ListItem\",\"position\":3,\"name\":\"Kuldsete L\u00f5unamere P\u00e4rlitega Kaelakee Terasest\"}]},{\"@type\":\"WebSite\",\"@id\":\"https:\\\/\\\/karineparras.com\\\/et\\\/#website\",\"url\":\"https:\\\/\\\/karineparras.com\\\/et\\\/\",\"name\":\"KARINE PARRAS\",\"description\":\"\",\"publisher\":{\"@id\":\"https:\\\/\\\/karineparras.com\\\/et\\\/#organization\"},\"potentialAction\":[{\"@type\":\"SearchAction\",\"target\":{\"@type\":\"EntryPoint\",\"urlTemplate\":\"https:\\\/\\\/karineparras.com\\\/et\\\/?s={search_term_string}\"},\"query-input\":{\"@type\":\"PropertyValueSpecification\",\"valueRequired\":true,\"valueName\":\"search_term_string\"}}],\"inLanguage\":\"et\"},{\"@type\":\"Organization\",\"@id\":\"https:\\\/\\\/karineparras.com\\\/et\\\/#organization\",\"name\":\"KARINE PARRAS\",\"url\":\"https:\\\/\\\/karineparras.com\\\/et\\\/\",\"logo\":{\"@type\":\"ImageObject\",\"inLanguage\":\"et\",\"@id\":\"https:\\\/\\\/karineparras.com\\\/et\\\/#\\\/schema\\\/logo\\\/image\\\/\",\"url\":\"https:\\\/\\\/karineparras.com\\\/wp-content\\\/uploads\\\/2023\\\/12\\\/logo-header.png\",\"contentUrl\":\"https:\\\/\\\/karineparras.com\\\/wp-content\\\/uploads\\\/2023\\\/12\\\/logo-header.png\",\"width\":1000,\"height\":60,\"caption\":\"KARINE PARRAS\"},\"image\":{\"@id\":\"https:\\\/\\\/karineparras.com\\\/et\\\/#\\\/schema\\\/logo\\\/image\\\/\"},\"sameAs\":[\"https:\\\/\\\/www.facebook.com\\\/karineparras\",\"https:\\\/\\\/www.instagram.com\\\/karineparras\\\/\"]}]}<\/script>\n<!-- \/ Yoast SEO plugin. -->","yoast_head_json":{"title":"Kuldsete L\u00f5unamere P\u00e4rlitega Kaelakee Terasest - KARINE PARRAS","robots":{"index":"index","follow":"follow","max-snippet":"max-snippet:-1","max-image-preview":"max-image-preview:large","max-video-preview":"max-video-preview:-1"},"canonical":"https:\/\/karineparras.com\/et\/product\/kuldsed-lounamere-parlid-roostevabast-terasest-kaelakee\/","og_locale":"et_EE","og_type":"article","og_title":"Kuldsete L\u00f5unamere P\u00e4rlitega Kaelakee Terasest - KARINE PARRAS","og_description":"Must terasest kaelakee, mida kaunistavad kuldsed L\u00f5unamere p\u00e4rlid. Kaelaketi maskuliinsus ja p\u00e4rlite naiselik ilu loovad koos ainulaadse koosluse. Kaelakee pikkus on reguleeritav - klassikalisest pikkusest kuni chokerini. Kui robustsus ja elegantsus loovad t\u00e4iusliku kombinatsiooni.  Teras kaetud roodiumiga  18K kollane kuld  5 x 10 mm kuldsed L\u00f5unamere p\u00e4rlid","og_url":"https:\/\/karineparras.com\/et\/product\/kuldsed-lounamere-parlid-roostevabast-terasest-kaelakee\/","og_site_name":"KARINE PARRAS","article_publisher":"https:\/\/www.facebook.com\/karineparras","article_modified_time":"2025-03-12T11:31:09+00:00","og_image":[{"width":1152,"height":1536,"url":"https:\/\/karineparras.com\/wp-content\/uploads\/2022\/10\/KPweb_golden_ssp_stainless_steel_necklace.jpg","type":"image\/jpeg"}],"twitter_card":"summary_large_image","schema":{"@context":"https:\/\/schema.org","@graph":[{"@type":"WebPage","@id":"https:\/\/karineparras.com\/et\/product\/kuldsed-lounamere-parlid-roostevabast-terasest-kaelakee\/","url":"https:\/\/karineparras.com\/et\/product\/kuldsed-lounamere-parlid-roostevabast-terasest-kaelakee\/","name":"Kuldsete L\u00f5unamere P\u00e4rlitega Kaelakee Terasest - KARINE PARRAS","isPartOf":{"@id":"https:\/\/karineparras.com\/et\/#website"},"primaryImageOfPage":{"@id":"https:\/\/karineparras.com\/et\/product\/kuldsed-lounamere-parlid-roostevabast-terasest-kaelakee\/#primaryimage"},"image":{"@id":"https:\/\/karineparras.com\/et\/product\/kuldsed-lounamere-parlid-roostevabast-terasest-kaelakee\/#primaryimage"},"thumbnailUrl":"https:\/\/karineparras.com\/wp-content\/uploads\/2022\/10\/KPweb_golden_ssp_stainless_steel_necklace.jpg","datePublished":"2022-10-21T01:27:23+00:00","dateModified":"2025-03-12T11:31:09+00:00","breadcrumb":{"@id":"https:\/\/karineparras.com\/et\/product\/kuldsed-lounamere-parlid-roostevabast-terasest-kaelakee\/#breadcrumb"},"inLanguage":"et","potentialAction":[{"@type":"ReadAction","target":["https:\/\/karineparras.com\/et\/product\/kuldsed-lounamere-parlid-roostevabast-terasest-kaelakee\/"]}]},{"@type":"ImageObject","inLanguage":"et","@id":"https:\/\/karineparras.com\/et\/product\/kuldsed-lounamere-parlid-roostevabast-terasest-kaelakee\/#primaryimage","url":"https:\/\/karineparras.com\/wp-content\/uploads\/2022\/10\/KPweb_golden_ssp_stainless_steel_necklace.jpg","contentUrl":"https:\/\/karineparras.com\/wp-content\/uploads\/2022\/10\/KPweb_golden_ssp_stainless_steel_necklace.jpg","width":1152,"height":1536},{"@type":"BreadcrumbList","@id":"https:\/\/karineparras.com\/et\/product\/kuldsed-lounamere-parlid-roostevabast-terasest-kaelakee\/#breadcrumb","itemListElement":[{"@type":"ListItem","position":1,"name":"Home","item":"https:\/\/karineparras.com\/et\/karine-parras\/"},{"@type":"ListItem","position":2,"name":"Pood","item":"https:\/\/karineparras.com\/et\/pood\/"},{"@type":"ListItem","position":3,"name":"Kuldsete L\u00f5unamere P\u00e4rlitega Kaelakee Terasest"}]},{"@type":"WebSite","@id":"https:\/\/karineparras.com\/et\/#website","url":"https:\/\/karineparras.com\/et\/","name":"KARINE PARRAS","description":"","publisher":{"@id":"https:\/\/karineparras.com\/et\/#organization"},"potentialAction":[{"@type":"SearchAction","target":{"@type":"EntryPoint","urlTemplate":"https:\/\/karineparras.com\/et\/?s={search_term_string}"},"query-input":{"@type":"PropertyValueSpecification","valueRequired":true,"valueName":"search_term_string"}}],"inLanguage":"et"},{"@type":"Organization","@id":"https:\/\/karineparras.com\/et\/#organization","name":"KARINE PARRAS","url":"https:\/\/karineparras.com\/et\/","logo":{"@type":"ImageObject","inLanguage":"et","@id":"https:\/\/karineparras.com\/et\/#\/schema\/logo\/image\/","url":"https:\/\/karineparras.com\/wp-content\/uploads\/2023\/12\/logo-header.png","contentUrl":"https:\/\/karineparras.com\/wp-content\/uploads\/2023\/12\/logo-header.png","width":1000,"height":60,"caption":"KARINE PARRAS"},"image":{"@id":"https:\/\/karineparras.com\/et\/#\/schema\/logo\/image\/"},"sameAs":["https:\/\/www.facebook.com\/karineparras","https:\/\/www.instagram.com\/karineparras\/"]}]}},"_links":{"self":[{"href":"https:\/\/karineparras.com\/et\/wp-json\/wp\/v2\/product\/26262","targetHints":{"allow":["GET"]}}],"collection":[{"href":"https:\/\/karineparras.com\/et\/wp-json\/wp\/v2\/product"}],"about":[{"href":"https:\/\/karineparras.com\/et\/wp-json\/wp\/v2\/types\/product"}],"wp:featuredmedia":[{"embeddable":true,"href":"https:\/\/karineparras.com\/et\/wp-json\/wp\/v2\/media\/25225"}],"wp:attachment":[{"href":"https:\/\/karineparras.com\/et\/wp-json\/wp\/v2\/media?parent=26262"}],"wp:term":[{"taxonomy":"product_brand","embeddable":true,"href":"https:\/\/karineparras.com\/et\/wp-json\/wp\/v2\/product_brand?post=26262"},{"taxonomy":"product_cat","embeddable":true,"href":"https:\/\/karineparras.com\/et\/wp-json\/wp\/v2\/product_cat?post=26262"},{"taxonomy":"product_tag","embeddable":true,"href":"https:\/\/karineparras.com\/et\/wp-json\/wp\/v2\/product_tag?post=26262"}],"curies":[{"name":"wp","href":"https:\/\/api.w.org\/{rel}","templated":true}]}}