{"id":26260,"date":"2022-10-21T04:27:18","date_gmt":"2022-10-21T01:27:18","guid":{"rendered":"https:\/\/karineparras.com\/product\/kuldne-barokne-lounamereparli-kokteilisormus-safiiridega-kollasest-kullast\/"},"modified":"2025-03-12T12:58:57","modified_gmt":"2025-03-12T10:58:57","slug":"kuldne-barokne-lounamereparli-kokteilisormus-safiiridega-kollasest-kullast","status":"publish","type":"product","link":"https:\/\/karineparras.com\/et\/product\/kuldne-barokne-lounamereparli-kokteilisormus-safiiridega-kollasest-kullast\/","title":{"rendered":"Kuldne L\u00f5unamere P\u00e4rl Kokteilis\u00f5rmus Kollane Kuld"},"content":{"rendered":"","protected":false},"excerpt":{"rendered":"<p><!-- td {border: 1px solid #ccc;}br {mso-data-placement:same-cell;} --><\/p>\n<p><span data-sheets-userformat=\"{\"2\":831,\"3\":{\"1\":0},\"4\":{\"1\":2,\"2\":16777215},\"5\":{\"1\":[{\"1\":2,\"2\":0,\"5\":{\"1\":2,\"2\":0}},{\"1\":0,\"2\":0,\"3\":3},{\"1\":1,\"2\":0,\"4\":1}]},\"6\":{\"1\":[{\"1\":2,\"2\":0,\"5\":{\"1\":2,\"2\":0}},{\"1\":0,\"2\":0,\"3\":3},{\"1\":1,\"2\":0,\"4\":1}]},\"7\":{\"1\":[{\"1\":2,\"2\":0,\"5\":{\"1\":2,\"2\":0}},{\"1\":0,\"2\":0,\"3\":3},{\"1\":1,\"2\":0,\"4\":1}]},\"8\":{\"1\":[{\"1\":2,\"2\":0,\"5\":{\"1\":2,\"2\":0}},{\"1\":0,\"2\":0,\"3\":3},{\"1\":1,\"2\":0,\"4\":1}]},\"11\":4,\"12\":0}\" data-sheets-value=\"{\"1\":2,\"2\":\"The ring is customizable to your preference \u2014 from the size of the pearl to the type of pearl, diamonds and gold used. n - 18K rose goldn - 16mm Tahitian pearln - 5 carat total Champagne diamonds\"}\">S\u00f5rmus, mis s\u00fcmboliseerib kuninglikku aaret. Teos on loodud selleks, et saada osaks teie isiksusest. <\/span><\/p>\n<p>Vaatamata oma suurusele on see kerge.<\/p>\n<ul>\n<li><span data-sheets-userformat=\"{\"2\":831,\"3\":{\"1\":0},\"4\":{\"1\":2,\"2\":16777215},\"5\":{\"1\":[{\"1\":2,\"2\":0,\"5\":{\"1\":2,\"2\":0}},{\"1\":0,\"2\":0,\"3\":3},{\"1\":1,\"2\":0,\"4\":1}]},\"6\":{\"1\":[{\"1\":2,\"2\":0,\"5\":{\"1\":2,\"2\":0}},{\"1\":0,\"2\":0,\"3\":3},{\"1\":1,\"2\":0,\"4\":1}]},\"7\":{\"1\":[{\"1\":2,\"2\":0,\"5\":{\"1\":2,\"2\":0}},{\"1\":0,\"2\":0,\"3\":3},{\"1\":1,\"2\":0,\"4\":1}]},\"8\":{\"1\":[{\"1\":2,\"2\":0,\"5\":{\"1\":2,\"2\":0}},{\"1\":0,\"2\":0,\"3\":3},{\"1\":1,\"2\":0,\"4\":1}]},\"11\":4,\"12\":0}\" data-sheets-value=\"{\"1\":2,\"2\":\"The ring is customizable to your preference \u2014 from the size of the pearl to the type of pearl, diamonds and gold used. n - 18K rose goldn - 16mm Tahitian pearln - 5 carat total Champagne diamonds\"}\">18K kollane kuld<\/span><\/li>\n<li><span data-sheets-userformat=\"{\"2\":831,\"3\":{\"1\":0},\"4\":{\"1\":2,\"2\":16777215},\"5\":{\"1\":[{\"1\":2,\"2\":0,\"5\":{\"1\":2,\"2\":0}},{\"1\":0,\"2\":0,\"3\":3},{\"1\":1,\"2\":0,\"4\":1}]},\"6\":{\"1\":[{\"1\":2,\"2\":0,\"5\":{\"1\":2,\"2\":0}},{\"1\":0,\"2\":0,\"3\":3},{\"1\":1,\"2\":0,\"4\":1}]},\"7\":{\"1\":[{\"1\":2,\"2\":0,\"5\":{\"1\":2,\"2\":0}},{\"1\":0,\"2\":0,\"3\":3},{\"1\":1,\"2\":0,\"4\":1}]},\"8\":{\"1\":[{\"1\":2,\"2\":0,\"5\":{\"1\":2,\"2\":0}},{\"1\":0,\"2\":0,\"3\":3},{\"1\":1,\"2\":0,\"4\":1}]},\"11\":4,\"12\":0}\" data-sheets-value=\"{\"1\":2,\"2\":\"The ring is customizable to your preference \u2014 from the size of the pearl to the type of pearl, diamonds and gold used. n - 18K rose goldn - 16mm Tahitian pearln - 5 carat total Champagne diamonds\"}\">17.5 x 21 mm kuldne L\u00f5unamere p\u00e4rl<\/span><\/li>\n<li><span data-sheets-userformat=\"{\"2\":831,\"3\":{\"1\":0},\"4\":{\"1\":2,\"2\":16777215},\"5\":{\"1\":[{\"1\":2,\"2\":0,\"5\":{\"1\":2,\"2\":0}},{\"1\":0,\"2\":0,\"3\":3},{\"1\":1,\"2\":0,\"4\":1}]},\"6\":{\"1\":[{\"1\":2,\"2\":0,\"5\":{\"1\":2,\"2\":0}},{\"1\":0,\"2\":0,\"3\":3},{\"1\":1,\"2\":0,\"4\":1}]},\"7\":{\"1\":[{\"1\":2,\"2\":0,\"5\":{\"1\":2,\"2\":0}},{\"1\":0,\"2\":0,\"3\":3},{\"1\":1,\"2\":0,\"4\":1}]},\"8\":{\"1\":[{\"1\":2,\"2\":0,\"5\":{\"1\":2,\"2\":0}},{\"1\":0,\"2\":0,\"3\":3},{\"1\":1,\"2\":0,\"4\":1}]},\"11\":4,\"12\":0}\" data-sheets-value=\"{\"1\":2,\"2\":\"The ring is customizable to your preference \u2014 from the size of the pearl to the type of pearl, diamonds and gold used. n - 18K rose goldn - 16mm Tahitian pearln - 5 carat total Champagne diamonds\"}\">5 ctw kollased safiirid<\/span><\/li>\n<\/ul>\n","protected":false},"featured_media":25213,"template":"","meta":{"_themeisle_gutenberg_block_has_review":false},"product_brand":[],"product_cat":[472,441],"product_tag":[480,456,483,532,484,490,476,491,474,473,497,475,520,493,519,496,494,495,498,486,499,512,513,485,479,477,500,501,487,502,489,488,503,504,505,547,478,506,482,531,509,508,507,510,511,529,514,545,515,546,492,516,523,518,521,460,526,525,582,581,530,527,528,461,459,534,535,533,540,542,543,481,517,524,548,544,467],"class_list":{"0":"post-26260","1":"product","2":"type-product","3":"status-publish","4":"has-post-thumbnail","6":"product_cat-parlid","7":"product_cat-sormused","8":"product_tag-18-et","9":"product_tag-18k-et","10":"product_tag-aksessuaarid-et","11":"product_tag-avaldus","12":"product_tag-brandi","13":"product_tag-disain","14":"product_tag-eesti-et","15":"product_tag-eesti-et-2","16":"product_tag-ehe-et","17":"product_tag-ehted","18":"product_tag-ehted-et","19":"product_tag-estonia-et","20":"product_tag-ettepanek","21":"product_tag-idee","22":"product_tag-isiklik","23":"product_tag-itaalia-et-3","24":"product_tag-itaalia-et","25":"product_tag-itaalia-et-2","26":"product_tag-joulud-et-2","27":"product_tag-joulud-et","28":"product_tag-joulukingitus-et","29":"product_tag-kaasaegne","30":"product_tag-kaasaegne-et","31":"product_tag-karaat","32":"product_tag-kingiidee-et","33":"product_tag-kingitus-et","34":"product_tag-kingitus-et-2","35":"product_tag-klassika-et","36":"product_tag-klassikaline-et","37":"product_tag-klassikaline-et-2","38":"product_tag-kohandatud","39":"product_tag-kokteil-et","40":"product_tag-kokteil-et-2","41":"product_tag-kokteilisormus-et","42":"product_tag-kollane-et","43":"product_tag-kollane-et-2","44":"product_tag-kuld-et","45":"product_tag-kuld-et-2","46":"product_tag-lisaseadmed","47":"product_tag-louna","48":"product_tag-lounameri-et","49":"product_tag-luksus","50":"product_tag-luksuslik-et","51":"product_tag-magevee-et","52":"product_tag-magevesi-et","53":"product_tag-meri","54":"product_tag-naine-et","55":"product_tag-naine-et-2","56":"product_tag-naise-et","57":"product_tag-naised","58":"product_tag-naissoost","59":"product_tag-naisteehted-et","60":"product_tag-parlid-et-2","61":"product_tag-parlid-et","62":"product_tag-puhas-et","63":"product_tag-rongad","64":"product_tag-roos","65":"product_tag-roosa-et","66":"product_tag-safiir","67":"product_tag-safiirid","68":"product_tag-skandinaavia-et-3","69":"product_tag-skandinaavia-et","70":"product_tag-skandinaavia-et-2","71":"product_tag-sormus-et-2","72":"product_tag-sormus-et","73":"product_tag-stiil","74":"product_tag-stiilne","75":"product_tag-stuudio","76":"product_tag-tahiti-et","77":"product_tag-tahiti-et-2","78":"product_tag-tallinn-et","79":"product_tag-tarvikud","80":"product_tag-tellimus","81":"product_tag-toeline","82":"product_tag-ulekullatud-et","83":"product_tag-valge-et-2","84":"product_tag-valge-et","86":"first","87":"outofstock","88":"shipping-taxable","89":"product-type-simple"},"yoast_head":"<!-- This site is optimized with the Yoast SEO plugin v27.3 - https:\/\/yoast.com\/product\/yoast-seo-wordpress\/ -->\n<title>Kuldne L\u00f5unamere P\u00e4rl Kokteilis\u00f5rmus Kollane Kuld - KARINE PARRAS<\/title>\n<meta name=\"robots\" content=\"index, follow, max-snippet:-1, max-image-preview:large, max-video-preview:-1\" \/>\n<link rel=\"canonical\" href=\"https:\/\/karineparras.com\/et\/product\/kuldne-barokne-lounamereparli-kokteilisormus-safiiridega-kollasest-kullast\/\" \/>\n<meta property=\"og:locale\" content=\"et_EE\" \/>\n<meta property=\"og:type\" content=\"article\" \/>\n<meta property=\"og:title\" content=\"Kuldne L\u00f5unamere P\u00e4rl Kokteilis\u00f5rmus Kollane Kuld - KARINE PARRAS\" \/>\n<meta property=\"og:description\" content=\"S\u00f5rmus, mis s\u00fcmboliseerib kuninglikku aaret. Teos on loodud selleks, et saada osaks teie isiksusest.  Vaatamata oma suurusele on see kerge.  18K kollane kuld  17.5 x 21 mm kuldne L\u00f5unamere p\u00e4rl  5 ctw kollased safiirid\" \/>\n<meta property=\"og:url\" content=\"https:\/\/karineparras.com\/et\/product\/kuldne-barokne-lounamereparli-kokteilisormus-safiiridega-kollasest-kullast\/\" \/>\n<meta property=\"og:site_name\" content=\"KARINE PARRAS\" \/>\n<meta property=\"article:publisher\" content=\"https:\/\/www.facebook.com\/karineparras\" \/>\n<meta property=\"article:modified_time\" content=\"2025-03-12T10:58:57+00:00\" \/>\n<meta property=\"og:image\" content=\"https:\/\/karineparras.com\/wp-content\/uploads\/2022\/10\/KPweb_golden_SS_pearl_ring-yellow-sapphires.jpg\" \/>\n\t<meta property=\"og:image:width\" content=\"1152\" \/>\n\t<meta property=\"og:image:height\" content=\"1536\" \/>\n\t<meta property=\"og:image:type\" content=\"image\/jpeg\" \/>\n<meta name=\"twitter:card\" content=\"summary_large_image\" \/>\n<script type=\"application\/ld+json\" class=\"yoast-schema-graph\">{\"@context\":\"https:\\\/\\\/schema.org\",\"@graph\":[{\"@type\":\"WebPage\",\"@id\":\"https:\\\/\\\/karineparras.com\\\/et\\\/product\\\/kuldne-barokne-lounamereparli-kokteilisormus-safiiridega-kollasest-kullast\\\/\",\"url\":\"https:\\\/\\\/karineparras.com\\\/et\\\/product\\\/kuldne-barokne-lounamereparli-kokteilisormus-safiiridega-kollasest-kullast\\\/\",\"name\":\"Kuldne L\u00f5unamere P\u00e4rl Kokteilis\u00f5rmus Kollane Kuld - KARINE PARRAS\",\"isPartOf\":{\"@id\":\"https:\\\/\\\/karineparras.com\\\/et\\\/#website\"},\"primaryImageOfPage\":{\"@id\":\"https:\\\/\\\/karineparras.com\\\/et\\\/product\\\/kuldne-barokne-lounamereparli-kokteilisormus-safiiridega-kollasest-kullast\\\/#primaryimage\"},\"image\":{\"@id\":\"https:\\\/\\\/karineparras.com\\\/et\\\/product\\\/kuldne-barokne-lounamereparli-kokteilisormus-safiiridega-kollasest-kullast\\\/#primaryimage\"},\"thumbnailUrl\":\"https:\\\/\\\/karineparras.com\\\/wp-content\\\/uploads\\\/2022\\\/10\\\/KPweb_golden_SS_pearl_ring-yellow-sapphires.jpg\",\"datePublished\":\"2022-10-21T01:27:18+00:00\",\"dateModified\":\"2025-03-12T10:58:57+00:00\",\"breadcrumb\":{\"@id\":\"https:\\\/\\\/karineparras.com\\\/et\\\/product\\\/kuldne-barokne-lounamereparli-kokteilisormus-safiiridega-kollasest-kullast\\\/#breadcrumb\"},\"inLanguage\":\"et\",\"potentialAction\":[{\"@type\":\"ReadAction\",\"target\":[\"https:\\\/\\\/karineparras.com\\\/et\\\/product\\\/kuldne-barokne-lounamereparli-kokteilisormus-safiiridega-kollasest-kullast\\\/\"]}]},{\"@type\":\"ImageObject\",\"inLanguage\":\"et\",\"@id\":\"https:\\\/\\\/karineparras.com\\\/et\\\/product\\\/kuldne-barokne-lounamereparli-kokteilisormus-safiiridega-kollasest-kullast\\\/#primaryimage\",\"url\":\"https:\\\/\\\/karineparras.com\\\/wp-content\\\/uploads\\\/2022\\\/10\\\/KPweb_golden_SS_pearl_ring-yellow-sapphires.jpg\",\"contentUrl\":\"https:\\\/\\\/karineparras.com\\\/wp-content\\\/uploads\\\/2022\\\/10\\\/KPweb_golden_SS_pearl_ring-yellow-sapphires.jpg\",\"width\":1152,\"height\":1536},{\"@type\":\"BreadcrumbList\",\"@id\":\"https:\\\/\\\/karineparras.com\\\/et\\\/product\\\/kuldne-barokne-lounamereparli-kokteilisormus-safiiridega-kollasest-kullast\\\/#breadcrumb\",\"itemListElement\":[{\"@type\":\"ListItem\",\"position\":1,\"name\":\"Home\",\"item\":\"https:\\\/\\\/karineparras.com\\\/et\\\/karine-parras\\\/\"},{\"@type\":\"ListItem\",\"position\":2,\"name\":\"Pood\",\"item\":\"https:\\\/\\\/karineparras.com\\\/et\\\/pood\\\/\"},{\"@type\":\"ListItem\",\"position\":3,\"name\":\"Kuldne L\u00f5unamere P\u00e4rl Kokteilis\u00f5rmus Kollane Kuld\"}]},{\"@type\":\"WebSite\",\"@id\":\"https:\\\/\\\/karineparras.com\\\/et\\\/#website\",\"url\":\"https:\\\/\\\/karineparras.com\\\/et\\\/\",\"name\":\"KARINE PARRAS\",\"description\":\"\",\"publisher\":{\"@id\":\"https:\\\/\\\/karineparras.com\\\/et\\\/#organization\"},\"potentialAction\":[{\"@type\":\"SearchAction\",\"target\":{\"@type\":\"EntryPoint\",\"urlTemplate\":\"https:\\\/\\\/karineparras.com\\\/et\\\/?s={search_term_string}\"},\"query-input\":{\"@type\":\"PropertyValueSpecification\",\"valueRequired\":true,\"valueName\":\"search_term_string\"}}],\"inLanguage\":\"et\"},{\"@type\":\"Organization\",\"@id\":\"https:\\\/\\\/karineparras.com\\\/et\\\/#organization\",\"name\":\"KARINE PARRAS\",\"url\":\"https:\\\/\\\/karineparras.com\\\/et\\\/\",\"logo\":{\"@type\":\"ImageObject\",\"inLanguage\":\"et\",\"@id\":\"https:\\\/\\\/karineparras.com\\\/et\\\/#\\\/schema\\\/logo\\\/image\\\/\",\"url\":\"https:\\\/\\\/karineparras.com\\\/wp-content\\\/uploads\\\/2023\\\/12\\\/logo-header.png\",\"contentUrl\":\"https:\\\/\\\/karineparras.com\\\/wp-content\\\/uploads\\\/2023\\\/12\\\/logo-header.png\",\"width\":1000,\"height\":60,\"caption\":\"KARINE PARRAS\"},\"image\":{\"@id\":\"https:\\\/\\\/karineparras.com\\\/et\\\/#\\\/schema\\\/logo\\\/image\\\/\"},\"sameAs\":[\"https:\\\/\\\/www.facebook.com\\\/karineparras\",\"https:\\\/\\\/www.instagram.com\\\/karineparras\\\/\"]}]}<\/script>\n<!-- \/ Yoast SEO plugin. -->","yoast_head_json":{"title":"Kuldne L\u00f5unamere P\u00e4rl Kokteilis\u00f5rmus Kollane Kuld - KARINE PARRAS","robots":{"index":"index","follow":"follow","max-snippet":"max-snippet:-1","max-image-preview":"max-image-preview:large","max-video-preview":"max-video-preview:-1"},"canonical":"https:\/\/karineparras.com\/et\/product\/kuldne-barokne-lounamereparli-kokteilisormus-safiiridega-kollasest-kullast\/","og_locale":"et_EE","og_type":"article","og_title":"Kuldne L\u00f5unamere P\u00e4rl Kokteilis\u00f5rmus Kollane Kuld - KARINE PARRAS","og_description":"S\u00f5rmus, mis s\u00fcmboliseerib kuninglikku aaret. Teos on loodud selleks, et saada osaks teie isiksusest.  Vaatamata oma suurusele on see kerge.  18K kollane kuld  17.5 x 21 mm kuldne L\u00f5unamere p\u00e4rl  5 ctw kollased safiirid","og_url":"https:\/\/karineparras.com\/et\/product\/kuldne-barokne-lounamereparli-kokteilisormus-safiiridega-kollasest-kullast\/","og_site_name":"KARINE PARRAS","article_publisher":"https:\/\/www.facebook.com\/karineparras","article_modified_time":"2025-03-12T10:58:57+00:00","og_image":[{"width":1152,"height":1536,"url":"https:\/\/karineparras.com\/wp-content\/uploads\/2022\/10\/KPweb_golden_SS_pearl_ring-yellow-sapphires.jpg","type":"image\/jpeg"}],"twitter_card":"summary_large_image","schema":{"@context":"https:\/\/schema.org","@graph":[{"@type":"WebPage","@id":"https:\/\/karineparras.com\/et\/product\/kuldne-barokne-lounamereparli-kokteilisormus-safiiridega-kollasest-kullast\/","url":"https:\/\/karineparras.com\/et\/product\/kuldne-barokne-lounamereparli-kokteilisormus-safiiridega-kollasest-kullast\/","name":"Kuldne L\u00f5unamere P\u00e4rl Kokteilis\u00f5rmus Kollane Kuld - KARINE PARRAS","isPartOf":{"@id":"https:\/\/karineparras.com\/et\/#website"},"primaryImageOfPage":{"@id":"https:\/\/karineparras.com\/et\/product\/kuldne-barokne-lounamereparli-kokteilisormus-safiiridega-kollasest-kullast\/#primaryimage"},"image":{"@id":"https:\/\/karineparras.com\/et\/product\/kuldne-barokne-lounamereparli-kokteilisormus-safiiridega-kollasest-kullast\/#primaryimage"},"thumbnailUrl":"https:\/\/karineparras.com\/wp-content\/uploads\/2022\/10\/KPweb_golden_SS_pearl_ring-yellow-sapphires.jpg","datePublished":"2022-10-21T01:27:18+00:00","dateModified":"2025-03-12T10:58:57+00:00","breadcrumb":{"@id":"https:\/\/karineparras.com\/et\/product\/kuldne-barokne-lounamereparli-kokteilisormus-safiiridega-kollasest-kullast\/#breadcrumb"},"inLanguage":"et","potentialAction":[{"@type":"ReadAction","target":["https:\/\/karineparras.com\/et\/product\/kuldne-barokne-lounamereparli-kokteilisormus-safiiridega-kollasest-kullast\/"]}]},{"@type":"ImageObject","inLanguage":"et","@id":"https:\/\/karineparras.com\/et\/product\/kuldne-barokne-lounamereparli-kokteilisormus-safiiridega-kollasest-kullast\/#primaryimage","url":"https:\/\/karineparras.com\/wp-content\/uploads\/2022\/10\/KPweb_golden_SS_pearl_ring-yellow-sapphires.jpg","contentUrl":"https:\/\/karineparras.com\/wp-content\/uploads\/2022\/10\/KPweb_golden_SS_pearl_ring-yellow-sapphires.jpg","width":1152,"height":1536},{"@type":"BreadcrumbList","@id":"https:\/\/karineparras.com\/et\/product\/kuldne-barokne-lounamereparli-kokteilisormus-safiiridega-kollasest-kullast\/#breadcrumb","itemListElement":[{"@type":"ListItem","position":1,"name":"Home","item":"https:\/\/karineparras.com\/et\/karine-parras\/"},{"@type":"ListItem","position":2,"name":"Pood","item":"https:\/\/karineparras.com\/et\/pood\/"},{"@type":"ListItem","position":3,"name":"Kuldne L\u00f5unamere P\u00e4rl Kokteilis\u00f5rmus Kollane Kuld"}]},{"@type":"WebSite","@id":"https:\/\/karineparras.com\/et\/#website","url":"https:\/\/karineparras.com\/et\/","name":"KARINE PARRAS","description":"","publisher":{"@id":"https:\/\/karineparras.com\/et\/#organization"},"potentialAction":[{"@type":"SearchAction","target":{"@type":"EntryPoint","urlTemplate":"https:\/\/karineparras.com\/et\/?s={search_term_string}"},"query-input":{"@type":"PropertyValueSpecification","valueRequired":true,"valueName":"search_term_string"}}],"inLanguage":"et"},{"@type":"Organization","@id":"https:\/\/karineparras.com\/et\/#organization","name":"KARINE PARRAS","url":"https:\/\/karineparras.com\/et\/","logo":{"@type":"ImageObject","inLanguage":"et","@id":"https:\/\/karineparras.com\/et\/#\/schema\/logo\/image\/","url":"https:\/\/karineparras.com\/wp-content\/uploads\/2023\/12\/logo-header.png","contentUrl":"https:\/\/karineparras.com\/wp-content\/uploads\/2023\/12\/logo-header.png","width":1000,"height":60,"caption":"KARINE PARRAS"},"image":{"@id":"https:\/\/karineparras.com\/et\/#\/schema\/logo\/image\/"},"sameAs":["https:\/\/www.facebook.com\/karineparras","https:\/\/www.instagram.com\/karineparras\/"]}]}},"_links":{"self":[{"href":"https:\/\/karineparras.com\/et\/wp-json\/wp\/v2\/product\/26260","targetHints":{"allow":["GET"]}}],"collection":[{"href":"https:\/\/karineparras.com\/et\/wp-json\/wp\/v2\/product"}],"about":[{"href":"https:\/\/karineparras.com\/et\/wp-json\/wp\/v2\/types\/product"}],"wp:featuredmedia":[{"embeddable":true,"href":"https:\/\/karineparras.com\/et\/wp-json\/wp\/v2\/media\/25213"}],"wp:attachment":[{"href":"https:\/\/karineparras.com\/et\/wp-json\/wp\/v2\/media?parent=26260"}],"wp:term":[{"taxonomy":"product_brand","embeddable":true,"href":"https:\/\/karineparras.com\/et\/wp-json\/wp\/v2\/product_brand?post=26260"},{"taxonomy":"product_cat","embeddable":true,"href":"https:\/\/karineparras.com\/et\/wp-json\/wp\/v2\/product_cat?post=26260"},{"taxonomy":"product_tag","embeddable":true,"href":"https:\/\/karineparras.com\/et\/wp-json\/wp\/v2\/product_tag?post=26260"}],"curies":[{"name":"wp","href":"https:\/\/api.w.org\/{rel}","templated":true}]}}