{"id":26256,"date":"2022-10-21T04:27:29","date_gmt":"2022-10-21T01:27:29","guid":{"rendered":"https:\/\/karineparras.com\/product\/la-femme-sormus-roodiumist\/"},"modified":"2025-03-12T14:25:11","modified_gmt":"2025-03-12T12:25:11","slug":"la-femme-sormus-roodiumist","status":"publish","type":"product","link":"https:\/\/karineparras.com\/et\/product\/la-femme-sormus-roodiumist\/","title":{"rendered":"&#8220;La Femme&#8221; S\u00f5rmus Roodium"},"content":{"rendered":"","protected":false},"excerpt":{"rendered":"<p><a href=\"https:\/\/karineparras.com\/product-category\/fine-jewellery-lines\/la-femme\/\">LA FEMME<\/a><\/p>\n<p>La Femme kollektsioon on inspireeritud naise keha kurvidest. S\u00f5rmus r\u00f5hutab kandja peent ja naiselikku olemust.<\/p>\n<p>S\u00f5rmuse kuldne osa on rodeeritud, mis annab sellele l\u00e4ikiva tumehalli tooni. Hallide teemantide lisamine aitab roodiumi v\u00e4rvi t\u00e4iendada ja luua elegantse hall-hallil s\u00f5rmuse.<\/p>\n<ul>\n<li>18K valge kuld roodiumiga<\/li>\n<li>Hallid teemandid<\/li>\n<\/ul>\n","protected":false},"featured_media":25247,"template":"","meta":{"_themeisle_gutenberg_block_has_review":false},"product_brand":[],"product_cat":[440,595,441],"product_tag":[],"class_list":{"0":"post-26256","1":"product","2":"type-product","3":"status-publish","4":"has-post-thumbnail","6":"product_cat-fine-jewellery-liinid","7":"product_cat-la-femme-et","8":"product_cat-sormused","10":"first","11":"instock","12":"shipping-taxable","13":"purchasable","14":"product-type-variable"},"yoast_head":"<!-- This site is optimized with the Yoast SEO plugin v27.3 - https:\/\/yoast.com\/product\/yoast-seo-wordpress\/ -->\n<title>&quot;La Femme&quot; S\u00f5rmus Roodium - KARINE PARRAS<\/title>\n<meta name=\"robots\" content=\"index, follow, max-snippet:-1, max-image-preview:large, max-video-preview:-1\" \/>\n<link rel=\"canonical\" href=\"https:\/\/karineparras.com\/et\/product\/la-femme-sormus-roodiumist\/\" \/>\n<meta property=\"og:locale\" content=\"et_EE\" \/>\n<meta property=\"og:type\" content=\"article\" \/>\n<meta property=\"og:title\" content=\"&quot;La Femme&quot; S\u00f5rmus Roodium - KARINE PARRAS\" \/>\n<meta property=\"og:description\" content=\"LA FEMME La Femme kollektsioon on inspireeritud naise keha kurvidest. S\u00f5rmus r\u00f5hutab kandja peent ja naiselikku olemust. S\u00f5rmuse kuldne osa on rodeeritud, mis annab sellele l\u00e4ikiva tumehalli tooni. Hallide teemantide lisamine aitab roodiumi v\u00e4rvi t\u00e4iendada ja luua elegantse hall-hallil s\u00f5rmuse.  18K valge kuld roodiumiga  Hallid teemandid\" \/>\n<meta property=\"og:url\" content=\"https:\/\/karineparras.com\/et\/product\/la-femme-sormus-roodiumist\/\" \/>\n<meta property=\"og:site_name\" content=\"KARINE PARRAS\" \/>\n<meta property=\"article:publisher\" content=\"https:\/\/www.facebook.com\/karineparras\" \/>\n<meta property=\"article:modified_time\" content=\"2025-03-12T12:25:11+00:00\" \/>\n<meta property=\"og:image\" content=\"https:\/\/karineparras.com\/wp-content\/uploads\/2022\/10\/Untitled-1.jpg\" \/>\n\t<meta property=\"og:image:width\" content=\"1080\" \/>\n\t<meta property=\"og:image:height\" content=\"1350\" \/>\n\t<meta property=\"og:image:type\" content=\"image\/jpeg\" \/>\n<meta name=\"twitter:card\" content=\"summary_large_image\" \/>\n<script type=\"application\/ld+json\" class=\"yoast-schema-graph\">{\"@context\":\"https:\\\/\\\/schema.org\",\"@graph\":[{\"@type\":\"WebPage\",\"@id\":\"https:\\\/\\\/karineparras.com\\\/et\\\/product\\\/la-femme-sormus-roodiumist\\\/\",\"url\":\"https:\\\/\\\/karineparras.com\\\/et\\\/product\\\/la-femme-sormus-roodiumist\\\/\",\"name\":\"\\\"La Femme\\\" S\u00f5rmus Roodium - KARINE PARRAS\",\"isPartOf\":{\"@id\":\"https:\\\/\\\/karineparras.com\\\/et\\\/#website\"},\"primaryImageOfPage\":{\"@id\":\"https:\\\/\\\/karineparras.com\\\/et\\\/product\\\/la-femme-sormus-roodiumist\\\/#primaryimage\"},\"image\":{\"@id\":\"https:\\\/\\\/karineparras.com\\\/et\\\/product\\\/la-femme-sormus-roodiumist\\\/#primaryimage\"},\"thumbnailUrl\":\"https:\\\/\\\/karineparras.com\\\/wp-content\\\/uploads\\\/2022\\\/10\\\/Untitled-1.jpg\",\"datePublished\":\"2022-10-21T01:27:29+00:00\",\"dateModified\":\"2025-03-12T12:25:11+00:00\",\"breadcrumb\":{\"@id\":\"https:\\\/\\\/karineparras.com\\\/et\\\/product\\\/la-femme-sormus-roodiumist\\\/#breadcrumb\"},\"inLanguage\":\"et\",\"potentialAction\":[{\"@type\":\"ReadAction\",\"target\":[\"https:\\\/\\\/karineparras.com\\\/et\\\/product\\\/la-femme-sormus-roodiumist\\\/\"]}]},{\"@type\":\"ImageObject\",\"inLanguage\":\"et\",\"@id\":\"https:\\\/\\\/karineparras.com\\\/et\\\/product\\\/la-femme-sormus-roodiumist\\\/#primaryimage\",\"url\":\"https:\\\/\\\/karineparras.com\\\/wp-content\\\/uploads\\\/2022\\\/10\\\/Untitled-1.jpg\",\"contentUrl\":\"https:\\\/\\\/karineparras.com\\\/wp-content\\\/uploads\\\/2022\\\/10\\\/Untitled-1.jpg\",\"width\":1080,\"height\":1350},{\"@type\":\"BreadcrumbList\",\"@id\":\"https:\\\/\\\/karineparras.com\\\/et\\\/product\\\/la-femme-sormus-roodiumist\\\/#breadcrumb\",\"itemListElement\":[{\"@type\":\"ListItem\",\"position\":1,\"name\":\"Home\",\"item\":\"https:\\\/\\\/karineparras.com\\\/et\\\/karine-parras\\\/\"},{\"@type\":\"ListItem\",\"position\":2,\"name\":\"Pood\",\"item\":\"https:\\\/\\\/karineparras.com\\\/et\\\/pood\\\/\"},{\"@type\":\"ListItem\",\"position\":3,\"name\":\"&#8220;La Femme&#8221; S\u00f5rmus Roodium\"}]},{\"@type\":\"WebSite\",\"@id\":\"https:\\\/\\\/karineparras.com\\\/et\\\/#website\",\"url\":\"https:\\\/\\\/karineparras.com\\\/et\\\/\",\"name\":\"KARINE PARRAS\",\"description\":\"\",\"publisher\":{\"@id\":\"https:\\\/\\\/karineparras.com\\\/et\\\/#organization\"},\"potentialAction\":[{\"@type\":\"SearchAction\",\"target\":{\"@type\":\"EntryPoint\",\"urlTemplate\":\"https:\\\/\\\/karineparras.com\\\/et\\\/?s={search_term_string}\"},\"query-input\":{\"@type\":\"PropertyValueSpecification\",\"valueRequired\":true,\"valueName\":\"search_term_string\"}}],\"inLanguage\":\"et\"},{\"@type\":\"Organization\",\"@id\":\"https:\\\/\\\/karineparras.com\\\/et\\\/#organization\",\"name\":\"KARINE PARRAS\",\"url\":\"https:\\\/\\\/karineparras.com\\\/et\\\/\",\"logo\":{\"@type\":\"ImageObject\",\"inLanguage\":\"et\",\"@id\":\"https:\\\/\\\/karineparras.com\\\/et\\\/#\\\/schema\\\/logo\\\/image\\\/\",\"url\":\"https:\\\/\\\/karineparras.com\\\/wp-content\\\/uploads\\\/2023\\\/12\\\/logo-header.png\",\"contentUrl\":\"https:\\\/\\\/karineparras.com\\\/wp-content\\\/uploads\\\/2023\\\/12\\\/logo-header.png\",\"width\":1000,\"height\":60,\"caption\":\"KARINE PARRAS\"},\"image\":{\"@id\":\"https:\\\/\\\/karineparras.com\\\/et\\\/#\\\/schema\\\/logo\\\/image\\\/\"},\"sameAs\":[\"https:\\\/\\\/www.facebook.com\\\/karineparras\",\"https:\\\/\\\/www.instagram.com\\\/karineparras\\\/\"]}]}<\/script>\n<!-- \/ Yoast SEO plugin. -->","yoast_head_json":{"title":"\"La Femme\" S\u00f5rmus Roodium - KARINE PARRAS","robots":{"index":"index","follow":"follow","max-snippet":"max-snippet:-1","max-image-preview":"max-image-preview:large","max-video-preview":"max-video-preview:-1"},"canonical":"https:\/\/karineparras.com\/et\/product\/la-femme-sormus-roodiumist\/","og_locale":"et_EE","og_type":"article","og_title":"\"La Femme\" S\u00f5rmus Roodium - KARINE PARRAS","og_description":"LA FEMME La Femme kollektsioon on inspireeritud naise keha kurvidest. S\u00f5rmus r\u00f5hutab kandja peent ja naiselikku olemust. S\u00f5rmuse kuldne osa on rodeeritud, mis annab sellele l\u00e4ikiva tumehalli tooni. Hallide teemantide lisamine aitab roodiumi v\u00e4rvi t\u00e4iendada ja luua elegantse hall-hallil s\u00f5rmuse.  18K valge kuld roodiumiga  Hallid teemandid","og_url":"https:\/\/karineparras.com\/et\/product\/la-femme-sormus-roodiumist\/","og_site_name":"KARINE PARRAS","article_publisher":"https:\/\/www.facebook.com\/karineparras","article_modified_time":"2025-03-12T12:25:11+00:00","og_image":[{"width":1080,"height":1350,"url":"https:\/\/karineparras.com\/wp-content\/uploads\/2022\/10\/Untitled-1.jpg","type":"image\/jpeg"}],"twitter_card":"summary_large_image","schema":{"@context":"https:\/\/schema.org","@graph":[{"@type":"WebPage","@id":"https:\/\/karineparras.com\/et\/product\/la-femme-sormus-roodiumist\/","url":"https:\/\/karineparras.com\/et\/product\/la-femme-sormus-roodiumist\/","name":"\"La Femme\" S\u00f5rmus Roodium - KARINE PARRAS","isPartOf":{"@id":"https:\/\/karineparras.com\/et\/#website"},"primaryImageOfPage":{"@id":"https:\/\/karineparras.com\/et\/product\/la-femme-sormus-roodiumist\/#primaryimage"},"image":{"@id":"https:\/\/karineparras.com\/et\/product\/la-femme-sormus-roodiumist\/#primaryimage"},"thumbnailUrl":"https:\/\/karineparras.com\/wp-content\/uploads\/2022\/10\/Untitled-1.jpg","datePublished":"2022-10-21T01:27:29+00:00","dateModified":"2025-03-12T12:25:11+00:00","breadcrumb":{"@id":"https:\/\/karineparras.com\/et\/product\/la-femme-sormus-roodiumist\/#breadcrumb"},"inLanguage":"et","potentialAction":[{"@type":"ReadAction","target":["https:\/\/karineparras.com\/et\/product\/la-femme-sormus-roodiumist\/"]}]},{"@type":"ImageObject","inLanguage":"et","@id":"https:\/\/karineparras.com\/et\/product\/la-femme-sormus-roodiumist\/#primaryimage","url":"https:\/\/karineparras.com\/wp-content\/uploads\/2022\/10\/Untitled-1.jpg","contentUrl":"https:\/\/karineparras.com\/wp-content\/uploads\/2022\/10\/Untitled-1.jpg","width":1080,"height":1350},{"@type":"BreadcrumbList","@id":"https:\/\/karineparras.com\/et\/product\/la-femme-sormus-roodiumist\/#breadcrumb","itemListElement":[{"@type":"ListItem","position":1,"name":"Home","item":"https:\/\/karineparras.com\/et\/karine-parras\/"},{"@type":"ListItem","position":2,"name":"Pood","item":"https:\/\/karineparras.com\/et\/pood\/"},{"@type":"ListItem","position":3,"name":"&#8220;La Femme&#8221; S\u00f5rmus Roodium"}]},{"@type":"WebSite","@id":"https:\/\/karineparras.com\/et\/#website","url":"https:\/\/karineparras.com\/et\/","name":"KARINE PARRAS","description":"","publisher":{"@id":"https:\/\/karineparras.com\/et\/#organization"},"potentialAction":[{"@type":"SearchAction","target":{"@type":"EntryPoint","urlTemplate":"https:\/\/karineparras.com\/et\/?s={search_term_string}"},"query-input":{"@type":"PropertyValueSpecification","valueRequired":true,"valueName":"search_term_string"}}],"inLanguage":"et"},{"@type":"Organization","@id":"https:\/\/karineparras.com\/et\/#organization","name":"KARINE PARRAS","url":"https:\/\/karineparras.com\/et\/","logo":{"@type":"ImageObject","inLanguage":"et","@id":"https:\/\/karineparras.com\/et\/#\/schema\/logo\/image\/","url":"https:\/\/karineparras.com\/wp-content\/uploads\/2023\/12\/logo-header.png","contentUrl":"https:\/\/karineparras.com\/wp-content\/uploads\/2023\/12\/logo-header.png","width":1000,"height":60,"caption":"KARINE PARRAS"},"image":{"@id":"https:\/\/karineparras.com\/et\/#\/schema\/logo\/image\/"},"sameAs":["https:\/\/www.facebook.com\/karineparras","https:\/\/www.instagram.com\/karineparras\/"]}]}},"_links":{"self":[{"href":"https:\/\/karineparras.com\/et\/wp-json\/wp\/v2\/product\/26256","targetHints":{"allow":["GET"]}}],"collection":[{"href":"https:\/\/karineparras.com\/et\/wp-json\/wp\/v2\/product"}],"about":[{"href":"https:\/\/karineparras.com\/et\/wp-json\/wp\/v2\/types\/product"}],"wp:featuredmedia":[{"embeddable":true,"href":"https:\/\/karineparras.com\/et\/wp-json\/wp\/v2\/media\/25247"}],"wp:attachment":[{"href":"https:\/\/karineparras.com\/et\/wp-json\/wp\/v2\/media?parent=26256"}],"wp:term":[{"taxonomy":"product_brand","embeddable":true,"href":"https:\/\/karineparras.com\/et\/wp-json\/wp\/v2\/product_brand?post=26256"},{"taxonomy":"product_cat","embeddable":true,"href":"https:\/\/karineparras.com\/et\/wp-json\/wp\/v2\/product_cat?post=26256"},{"taxonomy":"product_tag","embeddable":true,"href":"https:\/\/karineparras.com\/et\/wp-json\/wp\/v2\/product_tag?post=26256"}],"curies":[{"name":"wp","href":"https:\/\/api.w.org\/{rel}","templated":true}]}}