{"id":26253,"date":"2022-10-21T04:27:31","date_gmt":"2022-10-21T01:27:31","guid":{"rendered":"https:\/\/karineparras.com\/product\/laboris-kasvatatud-teemantidega-korvarongad-roosakullast\/"},"modified":"2025-03-12T16:10:34","modified_gmt":"2025-03-12T14:10:34","slug":"laboris-kasvatatud-teemantidega-korvarongad-roosakullast","status":"publish","type":"product","link":"https:\/\/karineparras.com\/et\/product\/laboris-kasvatatud-teemantidega-korvarongad-roosakullast\/","title":{"rendered":"\u201cCarbon on Carbon\u201d Suured K\u00f5rvar\u00f5ngad Roosa Kuld"},"content":{"rendered":"","protected":false},"excerpt":{"rendered":"<p><a href=\"https:\/\/karineparras.com\/product-category\/fine-jewellery-lines\/carbon-on-carbon\/\" target=\"_blank\" rel=\"noopener\">CARBON ON CARBON<\/a><\/p>\n<p>Koosneb s\u00fcsinikust nagu teemant.<\/p>\n<p>Kerged s\u00fcsinikust k\u00f5rvar\u00f5ngad, mis on m\u00f5lemal poolel kaetud teemantitega. Lihtne kombineerida erinevate stiilidega. V\u00e4ikesed roosa kulla detailid muudavad k\u00f5rvar\u00f5ngaste v\u00e4limuse pehmemaks.<\/p>\n<p>Saadaval ka <a href=\"https:\/\/karineparras.com\/product\/lab-grown-diamond-carbon-earrings-in-white-gold\/\" target=\"_blank\" rel=\"noopener\">valgest kullast<\/a> ja <a href=\"\/?p=25894\" target=\"_blank\" rel=\"noopener\">v\u00e4iksemas versioonis<\/a>.<\/p>\n<ul>\n<li>18K roosa kuld<\/li>\n<li>0.80 ctw EF VVS teemandid<\/li>\n<\/ul>\n","protected":false},"featured_media":25252,"template":"","meta":{"_themeisle_gutenberg_block_has_review":false},"product_brand":[],"product_cat":[444,440,454],"product_tag":[],"class_list":{"0":"post-26253","1":"product","2":"type-product","3":"status-publish","4":"has-post-thumbnail","6":"product_cat-carbon-on-carbon-et","7":"product_cat-fine-jewellery-liinid","8":"product_cat-korvarongad","10":"first","11":"outofstock","12":"shipping-taxable","13":"purchasable","14":"product-type-simple"},"yoast_head":"<!-- This site is optimized with the Yoast SEO plugin v27.3 - https:\/\/yoast.com\/product\/yoast-seo-wordpress\/ -->\n<title>\u201cCarbon on Carbon\u201d Suured K\u00f5rvar\u00f5ngad Roosa Kuld - KARINE PARRAS<\/title>\n<meta name=\"robots\" content=\"index, follow, max-snippet:-1, max-image-preview:large, max-video-preview:-1\" \/>\n<link rel=\"canonical\" href=\"https:\/\/karineparras.com\/et\/product\/laboris-kasvatatud-teemantidega-korvarongad-roosakullast\/\" \/>\n<meta property=\"og:locale\" content=\"et_EE\" \/>\n<meta property=\"og:type\" content=\"article\" \/>\n<meta property=\"og:title\" content=\"\u201cCarbon on Carbon\u201d Suured K\u00f5rvar\u00f5ngad Roosa Kuld - KARINE PARRAS\" \/>\n<meta property=\"og:description\" content=\"CARBON ON CARBON  Koosneb s\u00fcsinikust nagu teemant.  Kerged s\u00fcsinikust k\u00f5rvar\u00f5ngad, mis on m\u00f5lemal poolel kaetud teemantitega. Lihtne kombineerida erinevate stiilidega. V\u00e4ikesed roosa kulla detailid muudavad k\u00f5rvar\u00f5ngaste v\u00e4limuse pehmemaks.  Saadaval ka valgest kullast ja v\u00e4iksemas versioonis.   18K roosa kuld  0.80 ctw EF VVS teemandid\" \/>\n<meta property=\"og:url\" content=\"https:\/\/karineparras.com\/et\/product\/laboris-kasvatatud-teemantidega-korvarongad-roosakullast\/\" \/>\n<meta property=\"og:site_name\" content=\"KARINE PARRAS\" \/>\n<meta property=\"article:publisher\" content=\"https:\/\/www.facebook.com\/karineparras\" \/>\n<meta property=\"article:modified_time\" content=\"2025-03-12T14:10:34+00:00\" \/>\n<meta property=\"og:image\" content=\"https:\/\/karineparras.com\/wp-content\/uploads\/2022\/10\/KPweb_carbon_diamond_earrings_rg.jpg\" \/>\n\t<meta property=\"og:image:width\" content=\"1152\" \/>\n\t<meta property=\"og:image:height\" content=\"1536\" \/>\n\t<meta property=\"og:image:type\" content=\"image\/jpeg\" \/>\n<meta name=\"twitter:card\" content=\"summary_large_image\" \/>\n<meta name=\"twitter:label1\" content=\"Est. reading time\" \/>\n\t<meta name=\"twitter:data1\" content=\"1 minut\" \/>\n<script type=\"application\/ld+json\" class=\"yoast-schema-graph\">{\"@context\":\"https:\\\/\\\/schema.org\",\"@graph\":[{\"@type\":\"WebPage\",\"@id\":\"https:\\\/\\\/karineparras.com\\\/et\\\/product\\\/laboris-kasvatatud-teemantidega-korvarongad-roosakullast\\\/\",\"url\":\"https:\\\/\\\/karineparras.com\\\/et\\\/product\\\/laboris-kasvatatud-teemantidega-korvarongad-roosakullast\\\/\",\"name\":\"\u201cCarbon on Carbon\u201d Suured K\u00f5rvar\u00f5ngad Roosa Kuld - KARINE PARRAS\",\"isPartOf\":{\"@id\":\"https:\\\/\\\/karineparras.com\\\/et\\\/#website\"},\"primaryImageOfPage\":{\"@id\":\"https:\\\/\\\/karineparras.com\\\/et\\\/product\\\/laboris-kasvatatud-teemantidega-korvarongad-roosakullast\\\/#primaryimage\"},\"image\":{\"@id\":\"https:\\\/\\\/karineparras.com\\\/et\\\/product\\\/laboris-kasvatatud-teemantidega-korvarongad-roosakullast\\\/#primaryimage\"},\"thumbnailUrl\":\"https:\\\/\\\/karineparras.com\\\/wp-content\\\/uploads\\\/2022\\\/10\\\/KPweb_carbon_diamond_earrings_rg.jpg\",\"datePublished\":\"2022-10-21T01:27:31+00:00\",\"dateModified\":\"2025-03-12T14:10:34+00:00\",\"breadcrumb\":{\"@id\":\"https:\\\/\\\/karineparras.com\\\/et\\\/product\\\/laboris-kasvatatud-teemantidega-korvarongad-roosakullast\\\/#breadcrumb\"},\"inLanguage\":\"et\",\"potentialAction\":[{\"@type\":\"ReadAction\",\"target\":[\"https:\\\/\\\/karineparras.com\\\/et\\\/product\\\/laboris-kasvatatud-teemantidega-korvarongad-roosakullast\\\/\"]}]},{\"@type\":\"ImageObject\",\"inLanguage\":\"et\",\"@id\":\"https:\\\/\\\/karineparras.com\\\/et\\\/product\\\/laboris-kasvatatud-teemantidega-korvarongad-roosakullast\\\/#primaryimage\",\"url\":\"https:\\\/\\\/karineparras.com\\\/wp-content\\\/uploads\\\/2022\\\/10\\\/KPweb_carbon_diamond_earrings_rg.jpg\",\"contentUrl\":\"https:\\\/\\\/karineparras.com\\\/wp-content\\\/uploads\\\/2022\\\/10\\\/KPweb_carbon_diamond_earrings_rg.jpg\",\"width\":1152,\"height\":1536},{\"@type\":\"BreadcrumbList\",\"@id\":\"https:\\\/\\\/karineparras.com\\\/et\\\/product\\\/laboris-kasvatatud-teemantidega-korvarongad-roosakullast\\\/#breadcrumb\",\"itemListElement\":[{\"@type\":\"ListItem\",\"position\":1,\"name\":\"Home\",\"item\":\"https:\\\/\\\/karineparras.com\\\/et\\\/karine-parras\\\/\"},{\"@type\":\"ListItem\",\"position\":2,\"name\":\"Pood\",\"item\":\"https:\\\/\\\/karineparras.com\\\/et\\\/pood\\\/\"},{\"@type\":\"ListItem\",\"position\":3,\"name\":\"\u201cCarbon on Carbon\u201d Suured K\u00f5rvar\u00f5ngad Roosa Kuld\"}]},{\"@type\":\"WebSite\",\"@id\":\"https:\\\/\\\/karineparras.com\\\/et\\\/#website\",\"url\":\"https:\\\/\\\/karineparras.com\\\/et\\\/\",\"name\":\"KARINE PARRAS\",\"description\":\"\",\"publisher\":{\"@id\":\"https:\\\/\\\/karineparras.com\\\/et\\\/#organization\"},\"potentialAction\":[{\"@type\":\"SearchAction\",\"target\":{\"@type\":\"EntryPoint\",\"urlTemplate\":\"https:\\\/\\\/karineparras.com\\\/et\\\/?s={search_term_string}\"},\"query-input\":{\"@type\":\"PropertyValueSpecification\",\"valueRequired\":true,\"valueName\":\"search_term_string\"}}],\"inLanguage\":\"et\"},{\"@type\":\"Organization\",\"@id\":\"https:\\\/\\\/karineparras.com\\\/et\\\/#organization\",\"name\":\"KARINE PARRAS\",\"url\":\"https:\\\/\\\/karineparras.com\\\/et\\\/\",\"logo\":{\"@type\":\"ImageObject\",\"inLanguage\":\"et\",\"@id\":\"https:\\\/\\\/karineparras.com\\\/et\\\/#\\\/schema\\\/logo\\\/image\\\/\",\"url\":\"https:\\\/\\\/karineparras.com\\\/wp-content\\\/uploads\\\/2023\\\/12\\\/logo-header.png\",\"contentUrl\":\"https:\\\/\\\/karineparras.com\\\/wp-content\\\/uploads\\\/2023\\\/12\\\/logo-header.png\",\"width\":1000,\"height\":60,\"caption\":\"KARINE PARRAS\"},\"image\":{\"@id\":\"https:\\\/\\\/karineparras.com\\\/et\\\/#\\\/schema\\\/logo\\\/image\\\/\"},\"sameAs\":[\"https:\\\/\\\/www.facebook.com\\\/karineparras\",\"https:\\\/\\\/www.instagram.com\\\/karineparras\\\/\"]}]}<\/script>\n<!-- \/ Yoast SEO plugin. -->","yoast_head_json":{"title":"\u201cCarbon on Carbon\u201d Suured K\u00f5rvar\u00f5ngad Roosa Kuld - KARINE PARRAS","robots":{"index":"index","follow":"follow","max-snippet":"max-snippet:-1","max-image-preview":"max-image-preview:large","max-video-preview":"max-video-preview:-1"},"canonical":"https:\/\/karineparras.com\/et\/product\/laboris-kasvatatud-teemantidega-korvarongad-roosakullast\/","og_locale":"et_EE","og_type":"article","og_title":"\u201cCarbon on Carbon\u201d Suured K\u00f5rvar\u00f5ngad Roosa Kuld - KARINE PARRAS","og_description":"CARBON ON CARBON  Koosneb s\u00fcsinikust nagu teemant.  Kerged s\u00fcsinikust k\u00f5rvar\u00f5ngad, mis on m\u00f5lemal poolel kaetud teemantitega. Lihtne kombineerida erinevate stiilidega. V\u00e4ikesed roosa kulla detailid muudavad k\u00f5rvar\u00f5ngaste v\u00e4limuse pehmemaks.  Saadaval ka valgest kullast ja v\u00e4iksemas versioonis.   18K roosa kuld  0.80 ctw EF VVS teemandid","og_url":"https:\/\/karineparras.com\/et\/product\/laboris-kasvatatud-teemantidega-korvarongad-roosakullast\/","og_site_name":"KARINE PARRAS","article_publisher":"https:\/\/www.facebook.com\/karineparras","article_modified_time":"2025-03-12T14:10:34+00:00","og_image":[{"width":1152,"height":1536,"url":"https:\/\/karineparras.com\/wp-content\/uploads\/2022\/10\/KPweb_carbon_diamond_earrings_rg.jpg","type":"image\/jpeg"}],"twitter_card":"summary_large_image","twitter_misc":{"Est. reading time":"1 minut"},"schema":{"@context":"https:\/\/schema.org","@graph":[{"@type":"WebPage","@id":"https:\/\/karineparras.com\/et\/product\/laboris-kasvatatud-teemantidega-korvarongad-roosakullast\/","url":"https:\/\/karineparras.com\/et\/product\/laboris-kasvatatud-teemantidega-korvarongad-roosakullast\/","name":"\u201cCarbon on Carbon\u201d Suured K\u00f5rvar\u00f5ngad Roosa Kuld - KARINE PARRAS","isPartOf":{"@id":"https:\/\/karineparras.com\/et\/#website"},"primaryImageOfPage":{"@id":"https:\/\/karineparras.com\/et\/product\/laboris-kasvatatud-teemantidega-korvarongad-roosakullast\/#primaryimage"},"image":{"@id":"https:\/\/karineparras.com\/et\/product\/laboris-kasvatatud-teemantidega-korvarongad-roosakullast\/#primaryimage"},"thumbnailUrl":"https:\/\/karineparras.com\/wp-content\/uploads\/2022\/10\/KPweb_carbon_diamond_earrings_rg.jpg","datePublished":"2022-10-21T01:27:31+00:00","dateModified":"2025-03-12T14:10:34+00:00","breadcrumb":{"@id":"https:\/\/karineparras.com\/et\/product\/laboris-kasvatatud-teemantidega-korvarongad-roosakullast\/#breadcrumb"},"inLanguage":"et","potentialAction":[{"@type":"ReadAction","target":["https:\/\/karineparras.com\/et\/product\/laboris-kasvatatud-teemantidega-korvarongad-roosakullast\/"]}]},{"@type":"ImageObject","inLanguage":"et","@id":"https:\/\/karineparras.com\/et\/product\/laboris-kasvatatud-teemantidega-korvarongad-roosakullast\/#primaryimage","url":"https:\/\/karineparras.com\/wp-content\/uploads\/2022\/10\/KPweb_carbon_diamond_earrings_rg.jpg","contentUrl":"https:\/\/karineparras.com\/wp-content\/uploads\/2022\/10\/KPweb_carbon_diamond_earrings_rg.jpg","width":1152,"height":1536},{"@type":"BreadcrumbList","@id":"https:\/\/karineparras.com\/et\/product\/laboris-kasvatatud-teemantidega-korvarongad-roosakullast\/#breadcrumb","itemListElement":[{"@type":"ListItem","position":1,"name":"Home","item":"https:\/\/karineparras.com\/et\/karine-parras\/"},{"@type":"ListItem","position":2,"name":"Pood","item":"https:\/\/karineparras.com\/et\/pood\/"},{"@type":"ListItem","position":3,"name":"\u201cCarbon on Carbon\u201d Suured K\u00f5rvar\u00f5ngad Roosa Kuld"}]},{"@type":"WebSite","@id":"https:\/\/karineparras.com\/et\/#website","url":"https:\/\/karineparras.com\/et\/","name":"KARINE PARRAS","description":"","publisher":{"@id":"https:\/\/karineparras.com\/et\/#organization"},"potentialAction":[{"@type":"SearchAction","target":{"@type":"EntryPoint","urlTemplate":"https:\/\/karineparras.com\/et\/?s={search_term_string}"},"query-input":{"@type":"PropertyValueSpecification","valueRequired":true,"valueName":"search_term_string"}}],"inLanguage":"et"},{"@type":"Organization","@id":"https:\/\/karineparras.com\/et\/#organization","name":"KARINE PARRAS","url":"https:\/\/karineparras.com\/et\/","logo":{"@type":"ImageObject","inLanguage":"et","@id":"https:\/\/karineparras.com\/et\/#\/schema\/logo\/image\/","url":"https:\/\/karineparras.com\/wp-content\/uploads\/2023\/12\/logo-header.png","contentUrl":"https:\/\/karineparras.com\/wp-content\/uploads\/2023\/12\/logo-header.png","width":1000,"height":60,"caption":"KARINE PARRAS"},"image":{"@id":"https:\/\/karineparras.com\/et\/#\/schema\/logo\/image\/"},"sameAs":["https:\/\/www.facebook.com\/karineparras","https:\/\/www.instagram.com\/karineparras\/"]}]}},"_links":{"self":[{"href":"https:\/\/karineparras.com\/et\/wp-json\/wp\/v2\/product\/26253","targetHints":{"allow":["GET"]}}],"collection":[{"href":"https:\/\/karineparras.com\/et\/wp-json\/wp\/v2\/product"}],"about":[{"href":"https:\/\/karineparras.com\/et\/wp-json\/wp\/v2\/types\/product"}],"wp:featuredmedia":[{"embeddable":true,"href":"https:\/\/karineparras.com\/et\/wp-json\/wp\/v2\/media\/25252"}],"wp:attachment":[{"href":"https:\/\/karineparras.com\/et\/wp-json\/wp\/v2\/media?parent=26253"}],"wp:term":[{"taxonomy":"product_brand","embeddable":true,"href":"https:\/\/karineparras.com\/et\/wp-json\/wp\/v2\/product_brand?post=26253"},{"taxonomy":"product_cat","embeddable":true,"href":"https:\/\/karineparras.com\/et\/wp-json\/wp\/v2\/product_cat?post=26253"},{"taxonomy":"product_tag","embeddable":true,"href":"https:\/\/karineparras.com\/et\/wp-json\/wp\/v2\/product_tag?post=26253"}],"curies":[{"name":"wp","href":"https:\/\/api.w.org\/{rel}","templated":true}]}}