{"id":26112,"date":"2022-10-21T04:28:09","date_gmt":"2022-10-21T01:28:09","guid":{"rendered":"https:\/\/karineparras.com\/product\/lucky-hand-korvarongad-sudamed\/"},"modified":"2025-03-13T13:38:51","modified_gmt":"2025-03-13T11:38:51","slug":"lucky-hand-korvarongad-sudamed","status":"publish","type":"product","link":"https:\/\/karineparras.com\/et\/product\/lucky-hand-korvarongad-sudamed\/","title":{"rendered":"&#8220;Lucky Hand&#8221; K\u00f5rvar\u00f5ngad &#8211; \u00c4rtud"},"content":{"rendered":"","protected":false},"excerpt":{"rendered":"<p><a href=\"https:\/\/karineparras.com\/product-category\/fine-jewellery-lines\/lucky-hand\/\" target=\"_blank\" rel=\"noopener\">LUCKY HAND<\/a><\/p>\n<div class=\"public-DraftStyleDefault-block public-DraftStyleDefault-ltr\" data-offset-key=\"13o0d-0-0\">\n<p class=\"p1\">Riski ja \u00f5nne tasakaal. Lucky Hand kollektsioon s\u00fcmboliseerib seiklusi, \u00f5nne ja rasket t\u00f6\u00f6d.<\/p>\n<p class=\"p1\">Kuldsed kaardis\u00fcmbolid, mida kaunistavad \u0161ampanja teemandid, on lihtsad ja elegantsed ning t\u00f5stavad kandja stiili esile.<\/p>\n<ul>\n<li>18K roosa kuld<\/li>\n<li>0.30 ctw EF VS \u0161ampanja teemandid<\/li>\n<li>Punane email<\/li>\n<\/ul>\n<\/div>\n","protected":false},"featured_media":25337,"template":"","meta":{"_themeisle_gutenberg_block_has_review":false},"product_brand":[],"product_cat":[440,454,566],"product_tag":[569,549,478,568,526,593,457,556],"class_list":{"0":"post-26112","1":"product","2":"type-product","3":"status-publish","4":"has-post-thumbnail","6":"product_cat-fine-jewellery-liinid","7":"product_cat-korvarongad","8":"product_cat-lucky-hand-et","9":"product_tag-kasi","10":"product_tag-korvarongad-et","11":"product_tag-kuld-et","12":"product_tag-lucky-et","13":"product_tag-roos","14":"product_tag-sampanja","15":"product_tag-teemandid","16":"product_tag-teemant-et","18":"first","19":"outofstock","20":"shipping-taxable","21":"purchasable","22":"product-type-simple"},"yoast_head":"<!-- This site is optimized with the Yoast SEO plugin v27.3 - https:\/\/yoast.com\/product\/yoast-seo-wordpress\/ -->\n<title>&quot;Lucky Hand&quot; K\u00f5rvar\u00f5ngad - \u00c4rtud - KARINE PARRAS<\/title>\n<meta name=\"robots\" content=\"index, follow, max-snippet:-1, max-image-preview:large, max-video-preview:-1\" \/>\n<link rel=\"canonical\" href=\"https:\/\/karineparras.com\/et\/product\/lucky-hand-korvarongad-sudamed\/\" \/>\n<meta property=\"og:locale\" content=\"et_EE\" \/>\n<meta property=\"og:type\" content=\"article\" \/>\n<meta property=\"og:title\" content=\"&quot;Lucky Hand&quot; K\u00f5rvar\u00f5ngad - \u00c4rtud - KARINE PARRAS\" \/>\n<meta property=\"og:description\" content=\"LUCKY HAND Riski ja \u00f5nne tasakaal. Lucky Hand kollektsioon s\u00fcmboliseerib seiklusi, \u00f5nne ja rasket t\u00f6\u00f6d. Kuldsed kaardis\u00fcmbolid, mida kaunistavad \u0161ampanja teemandid, on lihtsad ja elegantsed ning t\u00f5stavad kandja stiili esile.   18K roosa kuld  0.30 ctw EF VS \u0161ampanja teemandid  Punane email\" \/>\n<meta property=\"og:url\" content=\"https:\/\/karineparras.com\/et\/product\/lucky-hand-korvarongad-sudamed\/\" \/>\n<meta property=\"og:site_name\" content=\"KARINE PARRAS\" \/>\n<meta property=\"article:publisher\" content=\"https:\/\/www.facebook.com\/karineparras\" \/>\n<meta property=\"article:modified_time\" content=\"2025-03-13T11:38:51+00:00\" \/>\n<meta property=\"og:image\" content=\"https:\/\/karineparras.com\/wp-content\/uploads\/2022\/10\/pietra_lucky_hand_earrings-hearts.jpg\" \/>\n\t<meta property=\"og:image:width\" content=\"1152\" \/>\n\t<meta property=\"og:image:height\" content=\"1536\" \/>\n\t<meta property=\"og:image:type\" content=\"image\/jpeg\" \/>\n<meta name=\"twitter:card\" content=\"summary_large_image\" \/>\n<script type=\"application\/ld+json\" class=\"yoast-schema-graph\">{\"@context\":\"https:\\\/\\\/schema.org\",\"@graph\":[{\"@type\":\"WebPage\",\"@id\":\"https:\\\/\\\/karineparras.com\\\/et\\\/product\\\/lucky-hand-korvarongad-sudamed\\\/\",\"url\":\"https:\\\/\\\/karineparras.com\\\/et\\\/product\\\/lucky-hand-korvarongad-sudamed\\\/\",\"name\":\"\\\"Lucky Hand\\\" K\u00f5rvar\u00f5ngad - \u00c4rtud - KARINE PARRAS\",\"isPartOf\":{\"@id\":\"https:\\\/\\\/karineparras.com\\\/et\\\/#website\"},\"primaryImageOfPage\":{\"@id\":\"https:\\\/\\\/karineparras.com\\\/et\\\/product\\\/lucky-hand-korvarongad-sudamed\\\/#primaryimage\"},\"image\":{\"@id\":\"https:\\\/\\\/karineparras.com\\\/et\\\/product\\\/lucky-hand-korvarongad-sudamed\\\/#primaryimage\"},\"thumbnailUrl\":\"https:\\\/\\\/karineparras.com\\\/wp-content\\\/uploads\\\/2022\\\/10\\\/pietra_lucky_hand_earrings-hearts.jpg\",\"datePublished\":\"2022-10-21T01:28:09+00:00\",\"dateModified\":\"2025-03-13T11:38:51+00:00\",\"breadcrumb\":{\"@id\":\"https:\\\/\\\/karineparras.com\\\/et\\\/product\\\/lucky-hand-korvarongad-sudamed\\\/#breadcrumb\"},\"inLanguage\":\"et\",\"potentialAction\":[{\"@type\":\"ReadAction\",\"target\":[\"https:\\\/\\\/karineparras.com\\\/et\\\/product\\\/lucky-hand-korvarongad-sudamed\\\/\"]}]},{\"@type\":\"ImageObject\",\"inLanguage\":\"et\",\"@id\":\"https:\\\/\\\/karineparras.com\\\/et\\\/product\\\/lucky-hand-korvarongad-sudamed\\\/#primaryimage\",\"url\":\"https:\\\/\\\/karineparras.com\\\/wp-content\\\/uploads\\\/2022\\\/10\\\/pietra_lucky_hand_earrings-hearts.jpg\",\"contentUrl\":\"https:\\\/\\\/karineparras.com\\\/wp-content\\\/uploads\\\/2022\\\/10\\\/pietra_lucky_hand_earrings-hearts.jpg\",\"width\":1152,\"height\":1536},{\"@type\":\"BreadcrumbList\",\"@id\":\"https:\\\/\\\/karineparras.com\\\/et\\\/product\\\/lucky-hand-korvarongad-sudamed\\\/#breadcrumb\",\"itemListElement\":[{\"@type\":\"ListItem\",\"position\":1,\"name\":\"Home\",\"item\":\"https:\\\/\\\/karineparras.com\\\/et\\\/karine-parras\\\/\"},{\"@type\":\"ListItem\",\"position\":2,\"name\":\"Pood\",\"item\":\"https:\\\/\\\/karineparras.com\\\/et\\\/pood\\\/\"},{\"@type\":\"ListItem\",\"position\":3,\"name\":\"&#8220;Lucky Hand&#8221; K\u00f5rvar\u00f5ngad &#8211; \u00c4rtud\"}]},{\"@type\":\"WebSite\",\"@id\":\"https:\\\/\\\/karineparras.com\\\/et\\\/#website\",\"url\":\"https:\\\/\\\/karineparras.com\\\/et\\\/\",\"name\":\"KARINE PARRAS\",\"description\":\"\",\"publisher\":{\"@id\":\"https:\\\/\\\/karineparras.com\\\/et\\\/#organization\"},\"potentialAction\":[{\"@type\":\"SearchAction\",\"target\":{\"@type\":\"EntryPoint\",\"urlTemplate\":\"https:\\\/\\\/karineparras.com\\\/et\\\/?s={search_term_string}\"},\"query-input\":{\"@type\":\"PropertyValueSpecification\",\"valueRequired\":true,\"valueName\":\"search_term_string\"}}],\"inLanguage\":\"et\"},{\"@type\":\"Organization\",\"@id\":\"https:\\\/\\\/karineparras.com\\\/et\\\/#organization\",\"name\":\"KARINE PARRAS\",\"url\":\"https:\\\/\\\/karineparras.com\\\/et\\\/\",\"logo\":{\"@type\":\"ImageObject\",\"inLanguage\":\"et\",\"@id\":\"https:\\\/\\\/karineparras.com\\\/et\\\/#\\\/schema\\\/logo\\\/image\\\/\",\"url\":\"https:\\\/\\\/karineparras.com\\\/wp-content\\\/uploads\\\/2023\\\/12\\\/logo-header.png\",\"contentUrl\":\"https:\\\/\\\/karineparras.com\\\/wp-content\\\/uploads\\\/2023\\\/12\\\/logo-header.png\",\"width\":1000,\"height\":60,\"caption\":\"KARINE PARRAS\"},\"image\":{\"@id\":\"https:\\\/\\\/karineparras.com\\\/et\\\/#\\\/schema\\\/logo\\\/image\\\/\"},\"sameAs\":[\"https:\\\/\\\/www.facebook.com\\\/karineparras\",\"https:\\\/\\\/www.instagram.com\\\/karineparras\\\/\"]}]}<\/script>\n<!-- \/ Yoast SEO plugin. -->","yoast_head_json":{"title":"\"Lucky Hand\" K\u00f5rvar\u00f5ngad - \u00c4rtud - KARINE PARRAS","robots":{"index":"index","follow":"follow","max-snippet":"max-snippet:-1","max-image-preview":"max-image-preview:large","max-video-preview":"max-video-preview:-1"},"canonical":"https:\/\/karineparras.com\/et\/product\/lucky-hand-korvarongad-sudamed\/","og_locale":"et_EE","og_type":"article","og_title":"\"Lucky Hand\" K\u00f5rvar\u00f5ngad - \u00c4rtud - KARINE PARRAS","og_description":"LUCKY HAND Riski ja \u00f5nne tasakaal. Lucky Hand kollektsioon s\u00fcmboliseerib seiklusi, \u00f5nne ja rasket t\u00f6\u00f6d. Kuldsed kaardis\u00fcmbolid, mida kaunistavad \u0161ampanja teemandid, on lihtsad ja elegantsed ning t\u00f5stavad kandja stiili esile.   18K roosa kuld  0.30 ctw EF VS \u0161ampanja teemandid  Punane email","og_url":"https:\/\/karineparras.com\/et\/product\/lucky-hand-korvarongad-sudamed\/","og_site_name":"KARINE PARRAS","article_publisher":"https:\/\/www.facebook.com\/karineparras","article_modified_time":"2025-03-13T11:38:51+00:00","og_image":[{"width":1152,"height":1536,"url":"https:\/\/karineparras.com\/wp-content\/uploads\/2022\/10\/pietra_lucky_hand_earrings-hearts.jpg","type":"image\/jpeg"}],"twitter_card":"summary_large_image","schema":{"@context":"https:\/\/schema.org","@graph":[{"@type":"WebPage","@id":"https:\/\/karineparras.com\/et\/product\/lucky-hand-korvarongad-sudamed\/","url":"https:\/\/karineparras.com\/et\/product\/lucky-hand-korvarongad-sudamed\/","name":"\"Lucky Hand\" K\u00f5rvar\u00f5ngad - \u00c4rtud - KARINE PARRAS","isPartOf":{"@id":"https:\/\/karineparras.com\/et\/#website"},"primaryImageOfPage":{"@id":"https:\/\/karineparras.com\/et\/product\/lucky-hand-korvarongad-sudamed\/#primaryimage"},"image":{"@id":"https:\/\/karineparras.com\/et\/product\/lucky-hand-korvarongad-sudamed\/#primaryimage"},"thumbnailUrl":"https:\/\/karineparras.com\/wp-content\/uploads\/2022\/10\/pietra_lucky_hand_earrings-hearts.jpg","datePublished":"2022-10-21T01:28:09+00:00","dateModified":"2025-03-13T11:38:51+00:00","breadcrumb":{"@id":"https:\/\/karineparras.com\/et\/product\/lucky-hand-korvarongad-sudamed\/#breadcrumb"},"inLanguage":"et","potentialAction":[{"@type":"ReadAction","target":["https:\/\/karineparras.com\/et\/product\/lucky-hand-korvarongad-sudamed\/"]}]},{"@type":"ImageObject","inLanguage":"et","@id":"https:\/\/karineparras.com\/et\/product\/lucky-hand-korvarongad-sudamed\/#primaryimage","url":"https:\/\/karineparras.com\/wp-content\/uploads\/2022\/10\/pietra_lucky_hand_earrings-hearts.jpg","contentUrl":"https:\/\/karineparras.com\/wp-content\/uploads\/2022\/10\/pietra_lucky_hand_earrings-hearts.jpg","width":1152,"height":1536},{"@type":"BreadcrumbList","@id":"https:\/\/karineparras.com\/et\/product\/lucky-hand-korvarongad-sudamed\/#breadcrumb","itemListElement":[{"@type":"ListItem","position":1,"name":"Home","item":"https:\/\/karineparras.com\/et\/karine-parras\/"},{"@type":"ListItem","position":2,"name":"Pood","item":"https:\/\/karineparras.com\/et\/pood\/"},{"@type":"ListItem","position":3,"name":"&#8220;Lucky Hand&#8221; K\u00f5rvar\u00f5ngad &#8211; \u00c4rtud"}]},{"@type":"WebSite","@id":"https:\/\/karineparras.com\/et\/#website","url":"https:\/\/karineparras.com\/et\/","name":"KARINE PARRAS","description":"","publisher":{"@id":"https:\/\/karineparras.com\/et\/#organization"},"potentialAction":[{"@type":"SearchAction","target":{"@type":"EntryPoint","urlTemplate":"https:\/\/karineparras.com\/et\/?s={search_term_string}"},"query-input":{"@type":"PropertyValueSpecification","valueRequired":true,"valueName":"search_term_string"}}],"inLanguage":"et"},{"@type":"Organization","@id":"https:\/\/karineparras.com\/et\/#organization","name":"KARINE PARRAS","url":"https:\/\/karineparras.com\/et\/","logo":{"@type":"ImageObject","inLanguage":"et","@id":"https:\/\/karineparras.com\/et\/#\/schema\/logo\/image\/","url":"https:\/\/karineparras.com\/wp-content\/uploads\/2023\/12\/logo-header.png","contentUrl":"https:\/\/karineparras.com\/wp-content\/uploads\/2023\/12\/logo-header.png","width":1000,"height":60,"caption":"KARINE PARRAS"},"image":{"@id":"https:\/\/karineparras.com\/et\/#\/schema\/logo\/image\/"},"sameAs":["https:\/\/www.facebook.com\/karineparras","https:\/\/www.instagram.com\/karineparras\/"]}]}},"_links":{"self":[{"href":"https:\/\/karineparras.com\/et\/wp-json\/wp\/v2\/product\/26112","targetHints":{"allow":["GET"]}}],"collection":[{"href":"https:\/\/karineparras.com\/et\/wp-json\/wp\/v2\/product"}],"about":[{"href":"https:\/\/karineparras.com\/et\/wp-json\/wp\/v2\/types\/product"}],"wp:featuredmedia":[{"embeddable":true,"href":"https:\/\/karineparras.com\/et\/wp-json\/wp\/v2\/media\/25337"}],"wp:attachment":[{"href":"https:\/\/karineparras.com\/et\/wp-json\/wp\/v2\/media?parent=26112"}],"wp:term":[{"taxonomy":"product_brand","embeddable":true,"href":"https:\/\/karineparras.com\/et\/wp-json\/wp\/v2\/product_brand?post=26112"},{"taxonomy":"product_cat","embeddable":true,"href":"https:\/\/karineparras.com\/et\/wp-json\/wp\/v2\/product_cat?post=26112"},{"taxonomy":"product_tag","embeddable":true,"href":"https:\/\/karineparras.com\/et\/wp-json\/wp\/v2\/product_tag?post=26112"}],"curies":[{"name":"wp","href":"https:\/\/api.w.org\/{rel}","templated":true}]}}