{"id":26107,"date":"2022-10-21T04:28:21","date_gmt":"2022-10-21T01:28:21","guid":{"rendered":"https:\/\/karineparras.com\/product\/ovaalsed-valged-akaadi-ja-ametustiga-korvarongad\/"},"modified":"2025-03-13T14:09:57","modified_gmt":"2025-03-13T12:09:57","slug":"ovaalsed-valged-akaadi-ja-ametustiga-korvarongad","status":"publish","type":"product","link":"https:\/\/karineparras.com\/et\/product\/ovaalsed-valged-akaadi-ja-ametustiga-korvarongad\/","title":{"rendered":"Valged Ahhaat Ja Amet\u00fcstiga K\u00f5rvar\u00f5ngad"},"content":{"rendered":"","protected":false},"excerpt":{"rendered":"<p>Nende k\u00f5rvar\u00f5ngaste keskmes on amet\u00fcst, mis on Vana-Kreeka poolt oma rahustavaid omadusi austav v\u00e4\u00e4riskivi. Kive \u00fcmbritseb 18-karaadine roosa kuld ja valge ahhaat, mis on tuntud oma pehme, l\u00e4bipaistmatu s\u00e4ra ja maandava energia poolest.<\/p>\n<ul>\n<li><span data-sheets-value=\"{\"1\":2,\"2\":\"These earrings use amethyst - a gem that was used by Ancient Greeks and believed to have calming properties - which is encircled with 18 karat rose gold and white agate.nn - 18K rose goldn - White agaten - Amethyst stones\"}\" data-sheets-userformat=\"{\"2\":829,\"3\":{\"1\":0},\"5\":{\"1\":[{\"1\":2,\"2\":0,\"5\":{\"1\":2,\"2\":0}},{\"1\":0,\"2\":0,\"3\":3},{\"1\":1,\"2\":0,\"4\":1}]},\"6\":{\"1\":[{\"1\":2,\"2\":0,\"5\":{\"1\":2,\"2\":0}},{\"1\":0,\"2\":0,\"3\":3},{\"1\":1,\"2\":0,\"4\":1}]},\"7\":{\"1\":[{\"1\":2,\"2\":0,\"5\":{\"1\":2,\"2\":0}},{\"1\":0,\"2\":0,\"3\":3},{\"1\":1,\"2\":0,\"4\":1}]},\"8\":{\"1\":[{\"1\":2,\"2\":0,\"5\":{\"1\":2,\"2\":0}},{\"1\":0,\"2\":0,\"3\":3},{\"1\":1,\"2\":0,\"4\":1}]},\"11\":4,\"12\":0}\">18K roosa kuld<\/span><\/li>\n<li><span data-sheets-value=\"{\"1\":2,\"2\":\"These earrings use amethyst - a gem that was used by Ancient Greeks and believed to have calming properties - which is encircled with 18 karat rose gold and white agate.nn - 18K rose goldn - White agaten - Amethyst stones\"}\" data-sheets-userformat=\"{\"2\":829,\"3\":{\"1\":0},\"5\":{\"1\":[{\"1\":2,\"2\":0,\"5\":{\"1\":2,\"2\":0}},{\"1\":0,\"2\":0,\"3\":3},{\"1\":1,\"2\":0,\"4\":1}]},\"6\":{\"1\":[{\"1\":2,\"2\":0,\"5\":{\"1\":2,\"2\":0}},{\"1\":0,\"2\":0,\"3\":3},{\"1\":1,\"2\":0,\"4\":1}]},\"7\":{\"1\":[{\"1\":2,\"2\":0,\"5\":{\"1\":2,\"2\":0}},{\"1\":0,\"2\":0,\"3\":3},{\"1\":1,\"2\":0,\"4\":1}]},\"8\":{\"1\":[{\"1\":2,\"2\":0,\"5\":{\"1\":2,\"2\":0}},{\"1\":0,\"2\":0,\"3\":3},{\"1\":1,\"2\":0,\"4\":1}]},\"11\":4,\"12\":0}\">Valge ahhaat<\/span><\/li>\n<li><span data-sheets-value=\"{\"1\":2,\"2\":\"These earrings use amethyst - a gem that was used by Ancient Greeks and believed to have calming properties - which is encircled with 18 karat rose gold and white agate.nn - 18K rose goldn - White agaten - Amethyst stones\"}\" data-sheets-userformat=\"{\"2\":829,\"3\":{\"1\":0},\"5\":{\"1\":[{\"1\":2,\"2\":0,\"5\":{\"1\":2,\"2\":0}},{\"1\":0,\"2\":0,\"3\":3},{\"1\":1,\"2\":0,\"4\":1}]},\"6\":{\"1\":[{\"1\":2,\"2\":0,\"5\":{\"1\":2,\"2\":0}},{\"1\":0,\"2\":0,\"3\":3},{\"1\":1,\"2\":0,\"4\":1}]},\"7\":{\"1\":[{\"1\":2,\"2\":0,\"5\":{\"1\":2,\"2\":0}},{\"1\":0,\"2\":0,\"3\":3},{\"1\":1,\"2\":0,\"4\":1}]},\"8\":{\"1\":[{\"1\":2,\"2\":0,\"5\":{\"1\":2,\"2\":0}},{\"1\":0,\"2\":0,\"3\":3},{\"1\":1,\"2\":0,\"4\":1}]},\"11\":4,\"12\":0}\">Amet\u00fcst<\/span><\/li>\n<\/ul>\n","protected":false},"featured_media":25381,"template":"","meta":{"_themeisle_gutenberg_block_has_review":false},"product_brand":[],"product_cat":[454],"product_tag":[],"class_list":{"0":"post-26107","1":"product","2":"type-product","3":"status-publish","4":"has-post-thumbnail","6":"product_cat-korvarongad","8":"first","9":"outofstock","10":"shipping-taxable","11":"purchasable","12":"product-type-simple"},"yoast_head":"<!-- This site is optimized with the Yoast SEO plugin v27.3 - https:\/\/yoast.com\/product\/yoast-seo-wordpress\/ -->\n<title>Valged Ahhaat Ja Amet\u00fcstiga K\u00f5rvar\u00f5ngad - KARINE PARRAS<\/title>\n<meta name=\"robots\" content=\"index, follow, max-snippet:-1, max-image-preview:large, max-video-preview:-1\" \/>\n<link rel=\"canonical\" href=\"https:\/\/karineparras.com\/et\/product\/ovaalsed-valged-akaadi-ja-ametustiga-korvarongad\/\" \/>\n<meta property=\"og:locale\" content=\"et_EE\" \/>\n<meta property=\"og:type\" content=\"article\" \/>\n<meta property=\"og:title\" content=\"Valged Ahhaat Ja Amet\u00fcstiga K\u00f5rvar\u00f5ngad - KARINE PARRAS\" \/>\n<meta property=\"og:description\" content=\"Nende k\u00f5rvar\u00f5ngaste keskmes on amet\u00fcst, mis on Vana-Kreeka poolt oma rahustavaid omadusi austav v\u00e4\u00e4riskivi. Kive \u00fcmbritseb 18-karaadine roosa kuld ja valge ahhaat, mis on tuntud oma pehme, l\u00e4bipaistmatu s\u00e4ra ja maandava energia poolest.  18K roosa kuld  Valge ahhaat  Amet\u00fcst\" \/>\n<meta property=\"og:url\" content=\"https:\/\/karineparras.com\/et\/product\/ovaalsed-valged-akaadi-ja-ametustiga-korvarongad\/\" \/>\n<meta property=\"og:site_name\" content=\"KARINE PARRAS\" \/>\n<meta property=\"article:publisher\" content=\"https:\/\/www.facebook.com\/karineparras\" \/>\n<meta property=\"article:modified_time\" content=\"2025-03-13T12:09:57+00:00\" \/>\n<meta property=\"og:image\" content=\"https:\/\/karineparras.com\/wp-content\/uploads\/2022\/10\/pietra_white_agate_amethyst_earrings.jpg\" \/>\n\t<meta property=\"og:image:width\" content=\"1152\" \/>\n\t<meta property=\"og:image:height\" content=\"1536\" \/>\n\t<meta property=\"og:image:type\" content=\"image\/jpeg\" \/>\n<meta name=\"twitter:card\" content=\"summary_large_image\" \/>\n<script type=\"application\/ld+json\" class=\"yoast-schema-graph\">{\"@context\":\"https:\\\/\\\/schema.org\",\"@graph\":[{\"@type\":\"WebPage\",\"@id\":\"https:\\\/\\\/karineparras.com\\\/et\\\/product\\\/ovaalsed-valged-akaadi-ja-ametustiga-korvarongad\\\/\",\"url\":\"https:\\\/\\\/karineparras.com\\\/et\\\/product\\\/ovaalsed-valged-akaadi-ja-ametustiga-korvarongad\\\/\",\"name\":\"Valged Ahhaat Ja Amet\u00fcstiga K\u00f5rvar\u00f5ngad - KARINE PARRAS\",\"isPartOf\":{\"@id\":\"https:\\\/\\\/karineparras.com\\\/et\\\/#website\"},\"primaryImageOfPage\":{\"@id\":\"https:\\\/\\\/karineparras.com\\\/et\\\/product\\\/ovaalsed-valged-akaadi-ja-ametustiga-korvarongad\\\/#primaryimage\"},\"image\":{\"@id\":\"https:\\\/\\\/karineparras.com\\\/et\\\/product\\\/ovaalsed-valged-akaadi-ja-ametustiga-korvarongad\\\/#primaryimage\"},\"thumbnailUrl\":\"https:\\\/\\\/karineparras.com\\\/wp-content\\\/uploads\\\/2022\\\/10\\\/pietra_white_agate_amethyst_earrings.jpg\",\"datePublished\":\"2022-10-21T01:28:21+00:00\",\"dateModified\":\"2025-03-13T12:09:57+00:00\",\"breadcrumb\":{\"@id\":\"https:\\\/\\\/karineparras.com\\\/et\\\/product\\\/ovaalsed-valged-akaadi-ja-ametustiga-korvarongad\\\/#breadcrumb\"},\"inLanguage\":\"et\",\"potentialAction\":[{\"@type\":\"ReadAction\",\"target\":[\"https:\\\/\\\/karineparras.com\\\/et\\\/product\\\/ovaalsed-valged-akaadi-ja-ametustiga-korvarongad\\\/\"]}]},{\"@type\":\"ImageObject\",\"inLanguage\":\"et\",\"@id\":\"https:\\\/\\\/karineparras.com\\\/et\\\/product\\\/ovaalsed-valged-akaadi-ja-ametustiga-korvarongad\\\/#primaryimage\",\"url\":\"https:\\\/\\\/karineparras.com\\\/wp-content\\\/uploads\\\/2022\\\/10\\\/pietra_white_agate_amethyst_earrings.jpg\",\"contentUrl\":\"https:\\\/\\\/karineparras.com\\\/wp-content\\\/uploads\\\/2022\\\/10\\\/pietra_white_agate_amethyst_earrings.jpg\",\"width\":1152,\"height\":1536},{\"@type\":\"BreadcrumbList\",\"@id\":\"https:\\\/\\\/karineparras.com\\\/et\\\/product\\\/ovaalsed-valged-akaadi-ja-ametustiga-korvarongad\\\/#breadcrumb\",\"itemListElement\":[{\"@type\":\"ListItem\",\"position\":1,\"name\":\"Home\",\"item\":\"https:\\\/\\\/karineparras.com\\\/et\\\/karine-parras\\\/\"},{\"@type\":\"ListItem\",\"position\":2,\"name\":\"Pood\",\"item\":\"https:\\\/\\\/karineparras.com\\\/et\\\/pood\\\/\"},{\"@type\":\"ListItem\",\"position\":3,\"name\":\"Valged Ahhaat Ja Amet\u00fcstiga K\u00f5rvar\u00f5ngad\"}]},{\"@type\":\"WebSite\",\"@id\":\"https:\\\/\\\/karineparras.com\\\/et\\\/#website\",\"url\":\"https:\\\/\\\/karineparras.com\\\/et\\\/\",\"name\":\"KARINE PARRAS\",\"description\":\"\",\"publisher\":{\"@id\":\"https:\\\/\\\/karineparras.com\\\/et\\\/#organization\"},\"potentialAction\":[{\"@type\":\"SearchAction\",\"target\":{\"@type\":\"EntryPoint\",\"urlTemplate\":\"https:\\\/\\\/karineparras.com\\\/et\\\/?s={search_term_string}\"},\"query-input\":{\"@type\":\"PropertyValueSpecification\",\"valueRequired\":true,\"valueName\":\"search_term_string\"}}],\"inLanguage\":\"et\"},{\"@type\":\"Organization\",\"@id\":\"https:\\\/\\\/karineparras.com\\\/et\\\/#organization\",\"name\":\"KARINE PARRAS\",\"url\":\"https:\\\/\\\/karineparras.com\\\/et\\\/\",\"logo\":{\"@type\":\"ImageObject\",\"inLanguage\":\"et\",\"@id\":\"https:\\\/\\\/karineparras.com\\\/et\\\/#\\\/schema\\\/logo\\\/image\\\/\",\"url\":\"https:\\\/\\\/karineparras.com\\\/wp-content\\\/uploads\\\/2023\\\/12\\\/logo-header.png\",\"contentUrl\":\"https:\\\/\\\/karineparras.com\\\/wp-content\\\/uploads\\\/2023\\\/12\\\/logo-header.png\",\"width\":1000,\"height\":60,\"caption\":\"KARINE PARRAS\"},\"image\":{\"@id\":\"https:\\\/\\\/karineparras.com\\\/et\\\/#\\\/schema\\\/logo\\\/image\\\/\"},\"sameAs\":[\"https:\\\/\\\/www.facebook.com\\\/karineparras\",\"https:\\\/\\\/www.instagram.com\\\/karineparras\\\/\"]}]}<\/script>\n<!-- \/ Yoast SEO plugin. -->","yoast_head_json":{"title":"Valged Ahhaat Ja Amet\u00fcstiga K\u00f5rvar\u00f5ngad - KARINE PARRAS","robots":{"index":"index","follow":"follow","max-snippet":"max-snippet:-1","max-image-preview":"max-image-preview:large","max-video-preview":"max-video-preview:-1"},"canonical":"https:\/\/karineparras.com\/et\/product\/ovaalsed-valged-akaadi-ja-ametustiga-korvarongad\/","og_locale":"et_EE","og_type":"article","og_title":"Valged Ahhaat Ja Amet\u00fcstiga K\u00f5rvar\u00f5ngad - KARINE PARRAS","og_description":"Nende k\u00f5rvar\u00f5ngaste keskmes on amet\u00fcst, mis on Vana-Kreeka poolt oma rahustavaid omadusi austav v\u00e4\u00e4riskivi. Kive \u00fcmbritseb 18-karaadine roosa kuld ja valge ahhaat, mis on tuntud oma pehme, l\u00e4bipaistmatu s\u00e4ra ja maandava energia poolest.  18K roosa kuld  Valge ahhaat  Amet\u00fcst","og_url":"https:\/\/karineparras.com\/et\/product\/ovaalsed-valged-akaadi-ja-ametustiga-korvarongad\/","og_site_name":"KARINE PARRAS","article_publisher":"https:\/\/www.facebook.com\/karineparras","article_modified_time":"2025-03-13T12:09:57+00:00","og_image":[{"width":1152,"height":1536,"url":"https:\/\/karineparras.com\/wp-content\/uploads\/2022\/10\/pietra_white_agate_amethyst_earrings.jpg","type":"image\/jpeg"}],"twitter_card":"summary_large_image","schema":{"@context":"https:\/\/schema.org","@graph":[{"@type":"WebPage","@id":"https:\/\/karineparras.com\/et\/product\/ovaalsed-valged-akaadi-ja-ametustiga-korvarongad\/","url":"https:\/\/karineparras.com\/et\/product\/ovaalsed-valged-akaadi-ja-ametustiga-korvarongad\/","name":"Valged Ahhaat Ja Amet\u00fcstiga K\u00f5rvar\u00f5ngad - KARINE PARRAS","isPartOf":{"@id":"https:\/\/karineparras.com\/et\/#website"},"primaryImageOfPage":{"@id":"https:\/\/karineparras.com\/et\/product\/ovaalsed-valged-akaadi-ja-ametustiga-korvarongad\/#primaryimage"},"image":{"@id":"https:\/\/karineparras.com\/et\/product\/ovaalsed-valged-akaadi-ja-ametustiga-korvarongad\/#primaryimage"},"thumbnailUrl":"https:\/\/karineparras.com\/wp-content\/uploads\/2022\/10\/pietra_white_agate_amethyst_earrings.jpg","datePublished":"2022-10-21T01:28:21+00:00","dateModified":"2025-03-13T12:09:57+00:00","breadcrumb":{"@id":"https:\/\/karineparras.com\/et\/product\/ovaalsed-valged-akaadi-ja-ametustiga-korvarongad\/#breadcrumb"},"inLanguage":"et","potentialAction":[{"@type":"ReadAction","target":["https:\/\/karineparras.com\/et\/product\/ovaalsed-valged-akaadi-ja-ametustiga-korvarongad\/"]}]},{"@type":"ImageObject","inLanguage":"et","@id":"https:\/\/karineparras.com\/et\/product\/ovaalsed-valged-akaadi-ja-ametustiga-korvarongad\/#primaryimage","url":"https:\/\/karineparras.com\/wp-content\/uploads\/2022\/10\/pietra_white_agate_amethyst_earrings.jpg","contentUrl":"https:\/\/karineparras.com\/wp-content\/uploads\/2022\/10\/pietra_white_agate_amethyst_earrings.jpg","width":1152,"height":1536},{"@type":"BreadcrumbList","@id":"https:\/\/karineparras.com\/et\/product\/ovaalsed-valged-akaadi-ja-ametustiga-korvarongad\/#breadcrumb","itemListElement":[{"@type":"ListItem","position":1,"name":"Home","item":"https:\/\/karineparras.com\/et\/karine-parras\/"},{"@type":"ListItem","position":2,"name":"Pood","item":"https:\/\/karineparras.com\/et\/pood\/"},{"@type":"ListItem","position":3,"name":"Valged Ahhaat Ja Amet\u00fcstiga K\u00f5rvar\u00f5ngad"}]},{"@type":"WebSite","@id":"https:\/\/karineparras.com\/et\/#website","url":"https:\/\/karineparras.com\/et\/","name":"KARINE PARRAS","description":"","publisher":{"@id":"https:\/\/karineparras.com\/et\/#organization"},"potentialAction":[{"@type":"SearchAction","target":{"@type":"EntryPoint","urlTemplate":"https:\/\/karineparras.com\/et\/?s={search_term_string}"},"query-input":{"@type":"PropertyValueSpecification","valueRequired":true,"valueName":"search_term_string"}}],"inLanguage":"et"},{"@type":"Organization","@id":"https:\/\/karineparras.com\/et\/#organization","name":"KARINE PARRAS","url":"https:\/\/karineparras.com\/et\/","logo":{"@type":"ImageObject","inLanguage":"et","@id":"https:\/\/karineparras.com\/et\/#\/schema\/logo\/image\/","url":"https:\/\/karineparras.com\/wp-content\/uploads\/2023\/12\/logo-header.png","contentUrl":"https:\/\/karineparras.com\/wp-content\/uploads\/2023\/12\/logo-header.png","width":1000,"height":60,"caption":"KARINE PARRAS"},"image":{"@id":"https:\/\/karineparras.com\/et\/#\/schema\/logo\/image\/"},"sameAs":["https:\/\/www.facebook.com\/karineparras","https:\/\/www.instagram.com\/karineparras\/"]}]}},"_links":{"self":[{"href":"https:\/\/karineparras.com\/et\/wp-json\/wp\/v2\/product\/26107","targetHints":{"allow":["GET"]}}],"collection":[{"href":"https:\/\/karineparras.com\/et\/wp-json\/wp\/v2\/product"}],"about":[{"href":"https:\/\/karineparras.com\/et\/wp-json\/wp\/v2\/types\/product"}],"wp:featuredmedia":[{"embeddable":true,"href":"https:\/\/karineparras.com\/et\/wp-json\/wp\/v2\/media\/25381"}],"wp:attachment":[{"href":"https:\/\/karineparras.com\/et\/wp-json\/wp\/v2\/media?parent=26107"}],"wp:term":[{"taxonomy":"product_brand","embeddable":true,"href":"https:\/\/karineparras.com\/et\/wp-json\/wp\/v2\/product_brand?post=26107"},{"taxonomy":"product_cat","embeddable":true,"href":"https:\/\/karineparras.com\/et\/wp-json\/wp\/v2\/product_cat?post=26107"},{"taxonomy":"product_tag","embeddable":true,"href":"https:\/\/karineparras.com\/et\/wp-json\/wp\/v2\/product_tag?post=26107"}],"curies":[{"name":"wp","href":"https:\/\/api.w.org\/{rel}","templated":true}]}}