{"id":26105,"date":"2022-10-21T04:28:31","date_gmt":"2022-10-21T01:28:31","guid":{"rendered":"https:\/\/karineparras.com\/product\/sapphire-ring-pair-koos-laia-susiniku-sormuse-kombinatsiooniga\/"},"modified":"2025-03-13T14:25:22","modified_gmt":"2025-03-13T12:25:22","slug":"carbon-on-carbon-combo-safiirid-carbon-sormus","status":"publish","type":"product","link":"https:\/\/karineparras.com\/et\/product\/carbon-on-carbon-combo-safiirid-carbon-sormus\/","title":{"rendered":"&#8220;Carbon on Carbon&#8221; Combo &#8211; Safiirid &amp; &#8220;Carbon&#8221; S\u00f5rmus"},"content":{"rendered":"","protected":false},"excerpt":{"rendered":"<p><a href=\"https:\/\/karineparras.com\/product-category\/fine-jewellery-lines\/carbon-on-carbon\/\" target=\"_blank\" rel=\"noopener\">CARBON ON CARBON<\/a><\/p>\n<p>Selles kolmest osast koosnevas s\u00f5rmuste komplektis on kaks identset kollasest kullast safiiris\u00f5rmust ja meie lai s\u00fcsiniks\u00f5rmus keskel. Meeldiv s\u00fcmmetria.<\/p>\n<p>Trios\u00f5rmuse komplektiga saad kanda k\u00f5iki kolme korraga v\u00f5i kahte korraga v\u00f5i isegi \u00fcksinda, valik on sinu.<\/p>\n<ul>\n<li>18K kollane kuld<\/li>\n<li>Kollased safiirid<\/li>\n<li><a href=\"https:\/\/bykarine.com\/collections\/carbon-rings\" target=\"_blank\" rel=\"noopener\">S\u00fcsinikr\u00f5ngas<\/a><\/li>\n<\/ul>\n","protected":false},"featured_media":25401,"template":"","meta":{"_themeisle_gutenberg_block_has_review":false},"product_brand":[],"product_cat":[444,440,441],"product_tag":[],"class_list":{"0":"post-26105","1":"product","2":"type-product","3":"status-publish","4":"has-post-thumbnail","6":"product_cat-carbon-on-carbon-et","7":"product_cat-fine-jewellery-liinid","8":"product_cat-sormused","10":"first","11":"outofstock","12":"shipping-taxable","13":"purchasable","14":"product-type-simple"},"yoast_head":"<!-- This site is optimized with the Yoast SEO plugin v27.3 - https:\/\/yoast.com\/product\/yoast-seo-wordpress\/ -->\n<title>&quot;Carbon on Carbon&quot; Combo - Safiirid &amp; &quot;Carbon&quot; S\u00f5rmus - KARINE PARRAS<\/title>\n<meta name=\"robots\" content=\"index, follow, max-snippet:-1, max-image-preview:large, max-video-preview:-1\" \/>\n<link rel=\"canonical\" href=\"https:\/\/karineparras.com\/et\/product\/carbon-on-carbon-combo-safiirid-carbon-sormus\/\" \/>\n<meta property=\"og:locale\" content=\"et_EE\" \/>\n<meta property=\"og:type\" content=\"article\" \/>\n<meta property=\"og:title\" content=\"&quot;Carbon on Carbon&quot; Combo - Safiirid &amp; &quot;Carbon&quot; S\u00f5rmus - KARINE PARRAS\" \/>\n<meta property=\"og:description\" content=\"CARBON ON CARBON  Selles kolmest osast koosnevas s\u00f5rmuste komplektis on kaks identset kollasest kullast safiiris\u00f5rmust ja meie lai s\u00fcsiniks\u00f5rmus keskel. Meeldiv s\u00fcmmetria.  Trios\u00f5rmuse komplektiga saad kanda k\u00f5iki kolme korraga v\u00f5i kahte korraga v\u00f5i isegi \u00fcksinda, valik on sinu.   18K kollane kuld  Kollased safiirid  S\u00fcsinikr\u00f5ngas\" \/>\n<meta property=\"og:url\" content=\"https:\/\/karineparras.com\/et\/product\/carbon-on-carbon-combo-safiirid-carbon-sormus\/\" \/>\n<meta property=\"og:site_name\" content=\"KARINE PARRAS\" \/>\n<meta property=\"article:publisher\" content=\"https:\/\/www.facebook.com\/karineparras\" \/>\n<meta property=\"article:modified_time\" content=\"2025-03-13T12:25:22+00:00\" \/>\n<meta property=\"og:image\" content=\"https:\/\/karineparras.com\/wp-content\/uploads\/2022\/10\/KPweb_yellow_sapphires_carbon_combo_rg.jpg\" \/>\n\t<meta property=\"og:image:width\" content=\"1152\" \/>\n\t<meta property=\"og:image:height\" content=\"1536\" \/>\n\t<meta property=\"og:image:type\" content=\"image\/jpeg\" \/>\n<meta name=\"twitter:card\" content=\"summary_large_image\" \/>\n<meta name=\"twitter:label1\" content=\"Est. reading time\" \/>\n\t<meta name=\"twitter:data1\" content=\"1 minut\" \/>\n<script type=\"application\/ld+json\" class=\"yoast-schema-graph\">{\"@context\":\"https:\\\/\\\/schema.org\",\"@graph\":[{\"@type\":\"WebPage\",\"@id\":\"https:\\\/\\\/karineparras.com\\\/et\\\/product\\\/carbon-on-carbon-combo-safiirid-carbon-sormus\\\/\",\"url\":\"https:\\\/\\\/karineparras.com\\\/et\\\/product\\\/carbon-on-carbon-combo-safiirid-carbon-sormus\\\/\",\"name\":\"\\\"Carbon on Carbon\\\" Combo - Safiirid &amp; \\\"Carbon\\\" S\u00f5rmus - KARINE PARRAS\",\"isPartOf\":{\"@id\":\"https:\\\/\\\/karineparras.com\\\/et\\\/#website\"},\"primaryImageOfPage\":{\"@id\":\"https:\\\/\\\/karineparras.com\\\/et\\\/product\\\/carbon-on-carbon-combo-safiirid-carbon-sormus\\\/#primaryimage\"},\"image\":{\"@id\":\"https:\\\/\\\/karineparras.com\\\/et\\\/product\\\/carbon-on-carbon-combo-safiirid-carbon-sormus\\\/#primaryimage\"},\"thumbnailUrl\":\"https:\\\/\\\/karineparras.com\\\/wp-content\\\/uploads\\\/2022\\\/10\\\/KPweb_yellow_sapphires_carbon_combo_rg.jpg\",\"datePublished\":\"2022-10-21T01:28:31+00:00\",\"dateModified\":\"2025-03-13T12:25:22+00:00\",\"breadcrumb\":{\"@id\":\"https:\\\/\\\/karineparras.com\\\/et\\\/product\\\/carbon-on-carbon-combo-safiirid-carbon-sormus\\\/#breadcrumb\"},\"inLanguage\":\"et\",\"potentialAction\":[{\"@type\":\"ReadAction\",\"target\":[\"https:\\\/\\\/karineparras.com\\\/et\\\/product\\\/carbon-on-carbon-combo-safiirid-carbon-sormus\\\/\"]}]},{\"@type\":\"ImageObject\",\"inLanguage\":\"et\",\"@id\":\"https:\\\/\\\/karineparras.com\\\/et\\\/product\\\/carbon-on-carbon-combo-safiirid-carbon-sormus\\\/#primaryimage\",\"url\":\"https:\\\/\\\/karineparras.com\\\/wp-content\\\/uploads\\\/2022\\\/10\\\/KPweb_yellow_sapphires_carbon_combo_rg.jpg\",\"contentUrl\":\"https:\\\/\\\/karineparras.com\\\/wp-content\\\/uploads\\\/2022\\\/10\\\/KPweb_yellow_sapphires_carbon_combo_rg.jpg\",\"width\":1152,\"height\":1536},{\"@type\":\"BreadcrumbList\",\"@id\":\"https:\\\/\\\/karineparras.com\\\/et\\\/product\\\/carbon-on-carbon-combo-safiirid-carbon-sormus\\\/#breadcrumb\",\"itemListElement\":[{\"@type\":\"ListItem\",\"position\":1,\"name\":\"Home\",\"item\":\"https:\\\/\\\/karineparras.com\\\/et\\\/karine-parras\\\/\"},{\"@type\":\"ListItem\",\"position\":2,\"name\":\"Pood\",\"item\":\"https:\\\/\\\/karineparras.com\\\/et\\\/pood\\\/\"},{\"@type\":\"ListItem\",\"position\":3,\"name\":\"&#8220;Carbon on Carbon&#8221; Combo &#8211; Safiirid &amp; &#8220;Carbon&#8221; S\u00f5rmus\"}]},{\"@type\":\"WebSite\",\"@id\":\"https:\\\/\\\/karineparras.com\\\/et\\\/#website\",\"url\":\"https:\\\/\\\/karineparras.com\\\/et\\\/\",\"name\":\"KARINE PARRAS\",\"description\":\"\",\"publisher\":{\"@id\":\"https:\\\/\\\/karineparras.com\\\/et\\\/#organization\"},\"potentialAction\":[{\"@type\":\"SearchAction\",\"target\":{\"@type\":\"EntryPoint\",\"urlTemplate\":\"https:\\\/\\\/karineparras.com\\\/et\\\/?s={search_term_string}\"},\"query-input\":{\"@type\":\"PropertyValueSpecification\",\"valueRequired\":true,\"valueName\":\"search_term_string\"}}],\"inLanguage\":\"et\"},{\"@type\":\"Organization\",\"@id\":\"https:\\\/\\\/karineparras.com\\\/et\\\/#organization\",\"name\":\"KARINE PARRAS\",\"url\":\"https:\\\/\\\/karineparras.com\\\/et\\\/\",\"logo\":{\"@type\":\"ImageObject\",\"inLanguage\":\"et\",\"@id\":\"https:\\\/\\\/karineparras.com\\\/et\\\/#\\\/schema\\\/logo\\\/image\\\/\",\"url\":\"https:\\\/\\\/karineparras.com\\\/wp-content\\\/uploads\\\/2023\\\/12\\\/logo-header.png\",\"contentUrl\":\"https:\\\/\\\/karineparras.com\\\/wp-content\\\/uploads\\\/2023\\\/12\\\/logo-header.png\",\"width\":1000,\"height\":60,\"caption\":\"KARINE PARRAS\"},\"image\":{\"@id\":\"https:\\\/\\\/karineparras.com\\\/et\\\/#\\\/schema\\\/logo\\\/image\\\/\"},\"sameAs\":[\"https:\\\/\\\/www.facebook.com\\\/karineparras\",\"https:\\\/\\\/www.instagram.com\\\/karineparras\\\/\"]}]}<\/script>\n<!-- \/ Yoast SEO plugin. -->","yoast_head_json":{"title":"\"Carbon on Carbon\" Combo - Safiirid &amp; \"Carbon\" S\u00f5rmus - KARINE PARRAS","robots":{"index":"index","follow":"follow","max-snippet":"max-snippet:-1","max-image-preview":"max-image-preview:large","max-video-preview":"max-video-preview:-1"},"canonical":"https:\/\/karineparras.com\/et\/product\/carbon-on-carbon-combo-safiirid-carbon-sormus\/","og_locale":"et_EE","og_type":"article","og_title":"\"Carbon on Carbon\" Combo - Safiirid &amp; \"Carbon\" S\u00f5rmus - KARINE PARRAS","og_description":"CARBON ON CARBON  Selles kolmest osast koosnevas s\u00f5rmuste komplektis on kaks identset kollasest kullast safiiris\u00f5rmust ja meie lai s\u00fcsiniks\u00f5rmus keskel. Meeldiv s\u00fcmmetria.  Trios\u00f5rmuse komplektiga saad kanda k\u00f5iki kolme korraga v\u00f5i kahte korraga v\u00f5i isegi \u00fcksinda, valik on sinu.   18K kollane kuld  Kollased safiirid  S\u00fcsinikr\u00f5ngas","og_url":"https:\/\/karineparras.com\/et\/product\/carbon-on-carbon-combo-safiirid-carbon-sormus\/","og_site_name":"KARINE PARRAS","article_publisher":"https:\/\/www.facebook.com\/karineparras","article_modified_time":"2025-03-13T12:25:22+00:00","og_image":[{"width":1152,"height":1536,"url":"https:\/\/karineparras.com\/wp-content\/uploads\/2022\/10\/KPweb_yellow_sapphires_carbon_combo_rg.jpg","type":"image\/jpeg"}],"twitter_card":"summary_large_image","twitter_misc":{"Est. reading time":"1 minut"},"schema":{"@context":"https:\/\/schema.org","@graph":[{"@type":"WebPage","@id":"https:\/\/karineparras.com\/et\/product\/carbon-on-carbon-combo-safiirid-carbon-sormus\/","url":"https:\/\/karineparras.com\/et\/product\/carbon-on-carbon-combo-safiirid-carbon-sormus\/","name":"\"Carbon on Carbon\" Combo - Safiirid &amp; \"Carbon\" S\u00f5rmus - KARINE PARRAS","isPartOf":{"@id":"https:\/\/karineparras.com\/et\/#website"},"primaryImageOfPage":{"@id":"https:\/\/karineparras.com\/et\/product\/carbon-on-carbon-combo-safiirid-carbon-sormus\/#primaryimage"},"image":{"@id":"https:\/\/karineparras.com\/et\/product\/carbon-on-carbon-combo-safiirid-carbon-sormus\/#primaryimage"},"thumbnailUrl":"https:\/\/karineparras.com\/wp-content\/uploads\/2022\/10\/KPweb_yellow_sapphires_carbon_combo_rg.jpg","datePublished":"2022-10-21T01:28:31+00:00","dateModified":"2025-03-13T12:25:22+00:00","breadcrumb":{"@id":"https:\/\/karineparras.com\/et\/product\/carbon-on-carbon-combo-safiirid-carbon-sormus\/#breadcrumb"},"inLanguage":"et","potentialAction":[{"@type":"ReadAction","target":["https:\/\/karineparras.com\/et\/product\/carbon-on-carbon-combo-safiirid-carbon-sormus\/"]}]},{"@type":"ImageObject","inLanguage":"et","@id":"https:\/\/karineparras.com\/et\/product\/carbon-on-carbon-combo-safiirid-carbon-sormus\/#primaryimage","url":"https:\/\/karineparras.com\/wp-content\/uploads\/2022\/10\/KPweb_yellow_sapphires_carbon_combo_rg.jpg","contentUrl":"https:\/\/karineparras.com\/wp-content\/uploads\/2022\/10\/KPweb_yellow_sapphires_carbon_combo_rg.jpg","width":1152,"height":1536},{"@type":"BreadcrumbList","@id":"https:\/\/karineparras.com\/et\/product\/carbon-on-carbon-combo-safiirid-carbon-sormus\/#breadcrumb","itemListElement":[{"@type":"ListItem","position":1,"name":"Home","item":"https:\/\/karineparras.com\/et\/karine-parras\/"},{"@type":"ListItem","position":2,"name":"Pood","item":"https:\/\/karineparras.com\/et\/pood\/"},{"@type":"ListItem","position":3,"name":"&#8220;Carbon on Carbon&#8221; Combo &#8211; Safiirid &amp; &#8220;Carbon&#8221; S\u00f5rmus"}]},{"@type":"WebSite","@id":"https:\/\/karineparras.com\/et\/#website","url":"https:\/\/karineparras.com\/et\/","name":"KARINE PARRAS","description":"","publisher":{"@id":"https:\/\/karineparras.com\/et\/#organization"},"potentialAction":[{"@type":"SearchAction","target":{"@type":"EntryPoint","urlTemplate":"https:\/\/karineparras.com\/et\/?s={search_term_string}"},"query-input":{"@type":"PropertyValueSpecification","valueRequired":true,"valueName":"search_term_string"}}],"inLanguage":"et"},{"@type":"Organization","@id":"https:\/\/karineparras.com\/et\/#organization","name":"KARINE PARRAS","url":"https:\/\/karineparras.com\/et\/","logo":{"@type":"ImageObject","inLanguage":"et","@id":"https:\/\/karineparras.com\/et\/#\/schema\/logo\/image\/","url":"https:\/\/karineparras.com\/wp-content\/uploads\/2023\/12\/logo-header.png","contentUrl":"https:\/\/karineparras.com\/wp-content\/uploads\/2023\/12\/logo-header.png","width":1000,"height":60,"caption":"KARINE PARRAS"},"image":{"@id":"https:\/\/karineparras.com\/et\/#\/schema\/logo\/image\/"},"sameAs":["https:\/\/www.facebook.com\/karineparras","https:\/\/www.instagram.com\/karineparras\/"]}]}},"_links":{"self":[{"href":"https:\/\/karineparras.com\/et\/wp-json\/wp\/v2\/product\/26105","targetHints":{"allow":["GET"]}}],"collection":[{"href":"https:\/\/karineparras.com\/et\/wp-json\/wp\/v2\/product"}],"about":[{"href":"https:\/\/karineparras.com\/et\/wp-json\/wp\/v2\/types\/product"}],"wp:featuredmedia":[{"embeddable":true,"href":"https:\/\/karineparras.com\/et\/wp-json\/wp\/v2\/media\/25401"}],"wp:attachment":[{"href":"https:\/\/karineparras.com\/et\/wp-json\/wp\/v2\/media?parent=26105"}],"wp:term":[{"taxonomy":"product_brand","embeddable":true,"href":"https:\/\/karineparras.com\/et\/wp-json\/wp\/v2\/product_brand?post=26105"},{"taxonomy":"product_cat","embeddable":true,"href":"https:\/\/karineparras.com\/et\/wp-json\/wp\/v2\/product_cat?post=26105"},{"taxonomy":"product_tag","embeddable":true,"href":"https:\/\/karineparras.com\/et\/wp-json\/wp\/v2\/product_tag?post=26105"}],"curies":[{"name":"wp","href":"https:\/\/api.w.org\/{rel}","templated":true}]}}