{"id":26077,"date":"2022-10-21T04:28:40","date_gmt":"2022-10-21T01:28:40","guid":{"rendered":"https:\/\/karineparras.com\/product\/lihtne-sormus-londoni-sinise-topaasi-ja-liblikaga\/"},"modified":"2025-03-13T15:30:22","modified_gmt":"2025-03-13T13:30:22","slug":"lihtne-sormus-londoni-sinise-topaasi-ja-liblikaga","status":"publish","type":"product","link":"https:\/\/karineparras.com\/et\/product\/lihtne-sormus-londoni-sinise-topaasi-ja-liblikaga\/","title":{"rendered":"&#8220;Simple Ring&#8221; Sinine Topaas &amp; Liblikas"},"content":{"rendered":"","protected":false},"excerpt":{"rendered":"<p><a href=\"https:\/\/karineparras.com\/product-category\/fine-jewellery-lines\/simple-ring\/\" target=\"_blank\" rel=\"noopener\">SIMPLE RING<\/a><\/p>\n<p>Kergelt sinine ja erksav\u00e4rviline ristk\u00fclikukujuline topaas on kinnitatud nelja haruga valgest kullast s\u00f5rmusele. 18K kollasest kullast liblikas \u00fches nurgas toob ehtele m\u00e4ngulise ja armsa \u00f5hkkonna. <\/p>\n<p>See s\u00f5rmus t\u00e4iendab ideaalselt meie keraamiliste s\u00f5rmuste valikut. T\u00e4nu keraamiliste s\u00f5rmuste vahetamisele saate lihtsalt kohandada oma v\u00e4limust vastavalt meeleolule v\u00f5i s\u00fcndmusele. <\/p>\n<ul>\n<li>18K valge kuld<\/li>\n<li>18K kollane kuld<\/li>\n<li>London sinine topaas<\/li>\n<\/ul>\n","protected":false},"featured_media":25442,"template":"","meta":{"_themeisle_gutenberg_block_has_review":false},"product_brand":[],"product_cat":[440,466,441],"product_tag":[],"class_list":{"0":"post-26077","1":"product","2":"type-product","3":"status-publish","4":"has-post-thumbnail","6":"product_cat-fine-jewellery-liinid","7":"product_cat-simple-ring-et","8":"product_cat-sormused","10":"first","11":"outofstock","12":"shipping-taxable","13":"purchasable","14":"product-type-simple"},"yoast_head":"<!-- This site is optimized with the Yoast SEO plugin v27.3 - https:\/\/yoast.com\/product\/yoast-seo-wordpress\/ -->\n<title>&quot;Simple Ring&quot; Sinine Topaas &amp; Liblikas - KARINE PARRAS<\/title>\n<meta name=\"robots\" content=\"index, follow, max-snippet:-1, max-image-preview:large, max-video-preview:-1\" \/>\n<link rel=\"canonical\" href=\"https:\/\/karineparras.com\/et\/product\/lihtne-sormus-londoni-sinise-topaasi-ja-liblikaga\/\" \/>\n<meta property=\"og:locale\" content=\"et_EE\" \/>\n<meta property=\"og:type\" content=\"article\" \/>\n<meta property=\"og:title\" content=\"&quot;Simple Ring&quot; Sinine Topaas &amp; Liblikas - KARINE PARRAS\" \/>\n<meta property=\"og:description\" content=\"SIMPLE RING Kergelt sinine ja erksav\u00e4rviline ristk\u00fclikukujuline topaas on kinnitatud nelja haruga valgest kullast s\u00f5rmusele. 18K kollasest kullast liblikas \u00fches nurgas toob ehtele m\u00e4ngulise ja armsa \u00f5hkkonna.  See s\u00f5rmus t\u00e4iendab ideaalselt meie keraamiliste s\u00f5rmuste valikut. T\u00e4nu keraamiliste s\u00f5rmuste vahetamisele saate lihtsalt kohandada oma v\u00e4limust vastavalt meeleolule v\u00f5i s\u00fcndmusele.   18K valge kuld  18K kollane kuld  London sinine topaas\" \/>\n<meta property=\"og:url\" content=\"https:\/\/karineparras.com\/et\/product\/lihtne-sormus-londoni-sinise-topaasi-ja-liblikaga\/\" \/>\n<meta property=\"og:site_name\" content=\"KARINE PARRAS\" \/>\n<meta property=\"article:publisher\" content=\"https:\/\/www.facebook.com\/karineparras\" \/>\n<meta property=\"article:modified_time\" content=\"2025-03-13T13:30:22+00:00\" \/>\n<meta property=\"og:image\" content=\"https:\/\/karineparras.com\/wp-content\/uploads\/2022\/10\/KPwev_simple_ring_london_blue_topaz_emerald_cut_butterfly_wg.jpg\" \/>\n\t<meta property=\"og:image:width\" content=\"1152\" \/>\n\t<meta property=\"og:image:height\" content=\"1536\" \/>\n\t<meta property=\"og:image:type\" content=\"image\/jpeg\" \/>\n<meta name=\"twitter:card\" content=\"summary_large_image\" \/>\n<script type=\"application\/ld+json\" class=\"yoast-schema-graph\">{\"@context\":\"https:\\\/\\\/schema.org\",\"@graph\":[{\"@type\":\"WebPage\",\"@id\":\"https:\\\/\\\/karineparras.com\\\/et\\\/product\\\/lihtne-sormus-londoni-sinise-topaasi-ja-liblikaga\\\/\",\"url\":\"https:\\\/\\\/karineparras.com\\\/et\\\/product\\\/lihtne-sormus-londoni-sinise-topaasi-ja-liblikaga\\\/\",\"name\":\"\\\"Simple Ring\\\" Sinine Topaas &amp; Liblikas - KARINE PARRAS\",\"isPartOf\":{\"@id\":\"https:\\\/\\\/karineparras.com\\\/et\\\/#website\"},\"primaryImageOfPage\":{\"@id\":\"https:\\\/\\\/karineparras.com\\\/et\\\/product\\\/lihtne-sormus-londoni-sinise-topaasi-ja-liblikaga\\\/#primaryimage\"},\"image\":{\"@id\":\"https:\\\/\\\/karineparras.com\\\/et\\\/product\\\/lihtne-sormus-londoni-sinise-topaasi-ja-liblikaga\\\/#primaryimage\"},\"thumbnailUrl\":\"https:\\\/\\\/karineparras.com\\\/wp-content\\\/uploads\\\/2022\\\/10\\\/KPwev_simple_ring_london_blue_topaz_emerald_cut_butterfly_wg.jpg\",\"datePublished\":\"2022-10-21T01:28:40+00:00\",\"dateModified\":\"2025-03-13T13:30:22+00:00\",\"breadcrumb\":{\"@id\":\"https:\\\/\\\/karineparras.com\\\/et\\\/product\\\/lihtne-sormus-londoni-sinise-topaasi-ja-liblikaga\\\/#breadcrumb\"},\"inLanguage\":\"et\",\"potentialAction\":[{\"@type\":\"ReadAction\",\"target\":[\"https:\\\/\\\/karineparras.com\\\/et\\\/product\\\/lihtne-sormus-londoni-sinise-topaasi-ja-liblikaga\\\/\"]}]},{\"@type\":\"ImageObject\",\"inLanguage\":\"et\",\"@id\":\"https:\\\/\\\/karineparras.com\\\/et\\\/product\\\/lihtne-sormus-londoni-sinise-topaasi-ja-liblikaga\\\/#primaryimage\",\"url\":\"https:\\\/\\\/karineparras.com\\\/wp-content\\\/uploads\\\/2022\\\/10\\\/KPwev_simple_ring_london_blue_topaz_emerald_cut_butterfly_wg.jpg\",\"contentUrl\":\"https:\\\/\\\/karineparras.com\\\/wp-content\\\/uploads\\\/2022\\\/10\\\/KPwev_simple_ring_london_blue_topaz_emerald_cut_butterfly_wg.jpg\",\"width\":1152,\"height\":1536},{\"@type\":\"BreadcrumbList\",\"@id\":\"https:\\\/\\\/karineparras.com\\\/et\\\/product\\\/lihtne-sormus-londoni-sinise-topaasi-ja-liblikaga\\\/#breadcrumb\",\"itemListElement\":[{\"@type\":\"ListItem\",\"position\":1,\"name\":\"Home\",\"item\":\"https:\\\/\\\/karineparras.com\\\/et\\\/karine-parras\\\/\"},{\"@type\":\"ListItem\",\"position\":2,\"name\":\"Pood\",\"item\":\"https:\\\/\\\/karineparras.com\\\/et\\\/pood\\\/\"},{\"@type\":\"ListItem\",\"position\":3,\"name\":\"&#8220;Simple Ring&#8221; Sinine Topaas &amp; Liblikas\"}]},{\"@type\":\"WebSite\",\"@id\":\"https:\\\/\\\/karineparras.com\\\/et\\\/#website\",\"url\":\"https:\\\/\\\/karineparras.com\\\/et\\\/\",\"name\":\"KARINE PARRAS\",\"description\":\"\",\"publisher\":{\"@id\":\"https:\\\/\\\/karineparras.com\\\/et\\\/#organization\"},\"potentialAction\":[{\"@type\":\"SearchAction\",\"target\":{\"@type\":\"EntryPoint\",\"urlTemplate\":\"https:\\\/\\\/karineparras.com\\\/et\\\/?s={search_term_string}\"},\"query-input\":{\"@type\":\"PropertyValueSpecification\",\"valueRequired\":true,\"valueName\":\"search_term_string\"}}],\"inLanguage\":\"et\"},{\"@type\":\"Organization\",\"@id\":\"https:\\\/\\\/karineparras.com\\\/et\\\/#organization\",\"name\":\"KARINE PARRAS\",\"url\":\"https:\\\/\\\/karineparras.com\\\/et\\\/\",\"logo\":{\"@type\":\"ImageObject\",\"inLanguage\":\"et\",\"@id\":\"https:\\\/\\\/karineparras.com\\\/et\\\/#\\\/schema\\\/logo\\\/image\\\/\",\"url\":\"https:\\\/\\\/karineparras.com\\\/wp-content\\\/uploads\\\/2023\\\/12\\\/logo-header.png\",\"contentUrl\":\"https:\\\/\\\/karineparras.com\\\/wp-content\\\/uploads\\\/2023\\\/12\\\/logo-header.png\",\"width\":1000,\"height\":60,\"caption\":\"KARINE PARRAS\"},\"image\":{\"@id\":\"https:\\\/\\\/karineparras.com\\\/et\\\/#\\\/schema\\\/logo\\\/image\\\/\"},\"sameAs\":[\"https:\\\/\\\/www.facebook.com\\\/karineparras\",\"https:\\\/\\\/www.instagram.com\\\/karineparras\\\/\"]}]}<\/script>\n<!-- \/ Yoast SEO plugin. -->","yoast_head_json":{"title":"\"Simple Ring\" Sinine Topaas &amp; Liblikas - KARINE PARRAS","robots":{"index":"index","follow":"follow","max-snippet":"max-snippet:-1","max-image-preview":"max-image-preview:large","max-video-preview":"max-video-preview:-1"},"canonical":"https:\/\/karineparras.com\/et\/product\/lihtne-sormus-londoni-sinise-topaasi-ja-liblikaga\/","og_locale":"et_EE","og_type":"article","og_title":"\"Simple Ring\" Sinine Topaas &amp; Liblikas - KARINE PARRAS","og_description":"SIMPLE RING Kergelt sinine ja erksav\u00e4rviline ristk\u00fclikukujuline topaas on kinnitatud nelja haruga valgest kullast s\u00f5rmusele. 18K kollasest kullast liblikas \u00fches nurgas toob ehtele m\u00e4ngulise ja armsa \u00f5hkkonna.  See s\u00f5rmus t\u00e4iendab ideaalselt meie keraamiliste s\u00f5rmuste valikut. T\u00e4nu keraamiliste s\u00f5rmuste vahetamisele saate lihtsalt kohandada oma v\u00e4limust vastavalt meeleolule v\u00f5i s\u00fcndmusele.   18K valge kuld  18K kollane kuld  London sinine topaas","og_url":"https:\/\/karineparras.com\/et\/product\/lihtne-sormus-londoni-sinise-topaasi-ja-liblikaga\/","og_site_name":"KARINE PARRAS","article_publisher":"https:\/\/www.facebook.com\/karineparras","article_modified_time":"2025-03-13T13:30:22+00:00","og_image":[{"width":1152,"height":1536,"url":"https:\/\/karineparras.com\/wp-content\/uploads\/2022\/10\/KPwev_simple_ring_london_blue_topaz_emerald_cut_butterfly_wg.jpg","type":"image\/jpeg"}],"twitter_card":"summary_large_image","schema":{"@context":"https:\/\/schema.org","@graph":[{"@type":"WebPage","@id":"https:\/\/karineparras.com\/et\/product\/lihtne-sormus-londoni-sinise-topaasi-ja-liblikaga\/","url":"https:\/\/karineparras.com\/et\/product\/lihtne-sormus-londoni-sinise-topaasi-ja-liblikaga\/","name":"\"Simple Ring\" Sinine Topaas &amp; Liblikas - KARINE PARRAS","isPartOf":{"@id":"https:\/\/karineparras.com\/et\/#website"},"primaryImageOfPage":{"@id":"https:\/\/karineparras.com\/et\/product\/lihtne-sormus-londoni-sinise-topaasi-ja-liblikaga\/#primaryimage"},"image":{"@id":"https:\/\/karineparras.com\/et\/product\/lihtne-sormus-londoni-sinise-topaasi-ja-liblikaga\/#primaryimage"},"thumbnailUrl":"https:\/\/karineparras.com\/wp-content\/uploads\/2022\/10\/KPwev_simple_ring_london_blue_topaz_emerald_cut_butterfly_wg.jpg","datePublished":"2022-10-21T01:28:40+00:00","dateModified":"2025-03-13T13:30:22+00:00","breadcrumb":{"@id":"https:\/\/karineparras.com\/et\/product\/lihtne-sormus-londoni-sinise-topaasi-ja-liblikaga\/#breadcrumb"},"inLanguage":"et","potentialAction":[{"@type":"ReadAction","target":["https:\/\/karineparras.com\/et\/product\/lihtne-sormus-londoni-sinise-topaasi-ja-liblikaga\/"]}]},{"@type":"ImageObject","inLanguage":"et","@id":"https:\/\/karineparras.com\/et\/product\/lihtne-sormus-londoni-sinise-topaasi-ja-liblikaga\/#primaryimage","url":"https:\/\/karineparras.com\/wp-content\/uploads\/2022\/10\/KPwev_simple_ring_london_blue_topaz_emerald_cut_butterfly_wg.jpg","contentUrl":"https:\/\/karineparras.com\/wp-content\/uploads\/2022\/10\/KPwev_simple_ring_london_blue_topaz_emerald_cut_butterfly_wg.jpg","width":1152,"height":1536},{"@type":"BreadcrumbList","@id":"https:\/\/karineparras.com\/et\/product\/lihtne-sormus-londoni-sinise-topaasi-ja-liblikaga\/#breadcrumb","itemListElement":[{"@type":"ListItem","position":1,"name":"Home","item":"https:\/\/karineparras.com\/et\/karine-parras\/"},{"@type":"ListItem","position":2,"name":"Pood","item":"https:\/\/karineparras.com\/et\/pood\/"},{"@type":"ListItem","position":3,"name":"&#8220;Simple Ring&#8221; Sinine Topaas &amp; Liblikas"}]},{"@type":"WebSite","@id":"https:\/\/karineparras.com\/et\/#website","url":"https:\/\/karineparras.com\/et\/","name":"KARINE PARRAS","description":"","publisher":{"@id":"https:\/\/karineparras.com\/et\/#organization"},"potentialAction":[{"@type":"SearchAction","target":{"@type":"EntryPoint","urlTemplate":"https:\/\/karineparras.com\/et\/?s={search_term_string}"},"query-input":{"@type":"PropertyValueSpecification","valueRequired":true,"valueName":"search_term_string"}}],"inLanguage":"et"},{"@type":"Organization","@id":"https:\/\/karineparras.com\/et\/#organization","name":"KARINE PARRAS","url":"https:\/\/karineparras.com\/et\/","logo":{"@type":"ImageObject","inLanguage":"et","@id":"https:\/\/karineparras.com\/et\/#\/schema\/logo\/image\/","url":"https:\/\/karineparras.com\/wp-content\/uploads\/2023\/12\/logo-header.png","contentUrl":"https:\/\/karineparras.com\/wp-content\/uploads\/2023\/12\/logo-header.png","width":1000,"height":60,"caption":"KARINE PARRAS"},"image":{"@id":"https:\/\/karineparras.com\/et\/#\/schema\/logo\/image\/"},"sameAs":["https:\/\/www.facebook.com\/karineparras","https:\/\/www.instagram.com\/karineparras\/"]}]}},"_links":{"self":[{"href":"https:\/\/karineparras.com\/et\/wp-json\/wp\/v2\/product\/26077","targetHints":{"allow":["GET"]}}],"collection":[{"href":"https:\/\/karineparras.com\/et\/wp-json\/wp\/v2\/product"}],"about":[{"href":"https:\/\/karineparras.com\/et\/wp-json\/wp\/v2\/types\/product"}],"wp:featuredmedia":[{"embeddable":true,"href":"https:\/\/karineparras.com\/et\/wp-json\/wp\/v2\/media\/25442"}],"wp:attachment":[{"href":"https:\/\/karineparras.com\/et\/wp-json\/wp\/v2\/media?parent=26077"}],"wp:term":[{"taxonomy":"product_brand","embeddable":true,"href":"https:\/\/karineparras.com\/et\/wp-json\/wp\/v2\/product_brand?post=26077"},{"taxonomy":"product_cat","embeddable":true,"href":"https:\/\/karineparras.com\/et\/wp-json\/wp\/v2\/product_cat?post=26077"},{"taxonomy":"product_tag","embeddable":true,"href":"https:\/\/karineparras.com\/et\/wp-json\/wp\/v2\/product_tag?post=26077"}],"curies":[{"name":"wp","href":"https:\/\/api.w.org\/{rel}","templated":true}]}}