{"id":26055,"date":"2022-10-21T04:28:53","date_gmt":"2022-10-21T01:28:53","guid":{"rendered":"https:\/\/karineparras.com\/product\/lihtne-traat-kaevoru-valge-lounamere-parliga\/"},"modified":"2025-03-17T18:25:20","modified_gmt":"2025-03-17T16:25:20","slug":"simple-wire-kaevoru-valge-lounamere-parl","status":"publish","type":"product","link":"https:\/\/karineparras.com\/et\/product\/simple-wire-kaevoru-valge-lounamere-parl\/","title":{"rendered":"&#8220;Simple Wire&#8221; K\u00e4ev\u00f5ru Valge L\u00f5unamere P\u00e4rl"},"content":{"rendered":"","protected":false},"excerpt":{"rendered":"<p><span data-sheets-value=\"{\" data-sheets-userformat=\"{\"><a href=\"https:\/\/karineparras.com\/product-category\/fine-jewellery-lines\/simple-wire\/\" target=\"_blank\" rel=\"noopener\">SIMPLE WIRE <\/a><\/span><\/p>\n<p>Traditsioonilise p\u00e4rli ja minimalistliku vormi kombinatsioon loob harmoonilise tasakaalu \u2013 18-karaadine valgest kullast traat p\u00f5imub \u00fcmber randme, kinnitudes diskreetselt L\u00f5una-Mere p\u00e4rli taha. Kerge ja \u00f5huline disain annab ehtedetailidele erilise pehmuse ja naiselikkuse.<\/p>\n<ul>\n<li>18K valge kuld<\/li>\n<li>13 mm valge L\u00f5unamere p\u00e4rl<\/li>\n<\/ul>\n","protected":false},"featured_media":25477,"template":"","meta":{"_themeisle_gutenberg_block_has_review":false},"product_brand":[],"product_cat":[440,455,472,580],"product_tag":[480,456,483,532,484,553,490,476,554,474,497,473,475,520,493,519,494,495,496,486,498,499,513,512,567,560,573,561,485,479,477,500,501,502,487,489,505,547,478,506,482,531,509,508,507,510,511,529,545,514,515,546,492,516,522,518,523,521,526,525,527,528,530,534,535,533,540,542,543,481,555,517,524,548,544,467],"class_list":{"0":"post-26055","1":"product","2":"type-product","3":"status-publish","4":"has-post-thumbnail","6":"product_cat-fine-jewellery-liinid","7":"product_cat-kaevorud","8":"product_cat-parlid","9":"product_cat-simple-wire-et","10":"product_tag-18-et","11":"product_tag-18k-et","12":"product_tag-aksessuaarid-et","13":"product_tag-avaldus","14":"product_tag-brandi","15":"product_tag-bykarine-et","16":"product_tag-disain","17":"product_tag-eesti-et","18":"product_tag-eestimaa-et","19":"product_tag-ehe-et","20":"product_tag-ehted-et","21":"product_tag-ehted","22":"product_tag-estonia-et","23":"product_tag-ettepanek","24":"product_tag-idee","25":"product_tag-isiklik","26":"product_tag-itaalia-et","27":"product_tag-itaalia-et-2","28":"product_tag-itaalia-et-3","29":"product_tag-joulud-et","30":"product_tag-joulud-et-2","31":"product_tag-joulukingitus-et","32":"product_tag-kaasaegne-et","33":"product_tag-kaasaegne","34":"product_tag-kaevoru-et-2","35":"product_tag-kaevoru-et","36":"product_tag-kaevorud-et-2","37":"product_tag-kaevorud-et","38":"product_tag-karaat","39":"product_tag-kingiidee-et","40":"product_tag-kingitus-et","41":"product_tag-kingitus-et-2","42":"product_tag-klassika-et","43":"product_tag-klassikaline-et-2","44":"product_tag-klassikaline-et","45":"product_tag-kohandatud","46":"product_tag-kollane-et","47":"product_tag-kollane-et-2","48":"product_tag-kuld-et","49":"product_tag-kuld-et-2","50":"product_tag-lisaseadmed","51":"product_tag-louna","52":"product_tag-lounameri-et","53":"product_tag-luksus","54":"product_tag-luksuslik-et","55":"product_tag-magevee-et","56":"product_tag-magevesi-et","57":"product_tag-meri","58":"product_tag-naine-et-2","59":"product_tag-naine-et","60":"product_tag-naise-et","61":"product_tag-naised","62":"product_tag-naissoost","63":"product_tag-naisteehted-et","64":"product_tag-parl-et","65":"product_tag-parlid-et","66":"product_tag-parlid-et-2","67":"product_tag-puhas-et","68":"product_tag-roos","69":"product_tag-roosa-et","70":"product_tag-skandinaavia-et","71":"product_tag-skandinaavia-et-2","72":"product_tag-skandinaavia-et-3","73":"product_tag-stiil","74":"product_tag-stiilne","75":"product_tag-stuudio","76":"product_tag-tahiti-et","77":"product_tag-tahiti-et-2","78":"product_tag-tallinn-et","79":"product_tag-tarvikud","80":"product_tag-tehtud-et","81":"product_tag-tellimus","82":"product_tag-toeline","83":"product_tag-ulekullatud-et","84":"product_tag-valge-et-2","85":"product_tag-valge-et","87":"first","88":"outofstock","89":"shipping-taxable","90":"purchasable","91":"product-type-simple"},"yoast_head":"<!-- This site is optimized with the Yoast SEO plugin v27.3 - https:\/\/yoast.com\/product\/yoast-seo-wordpress\/ -->\n<title>&quot;Simple Wire&quot; K\u00e4ev\u00f5ru Valge L\u00f5unamere P\u00e4rl - KARINE PARRAS<\/title>\n<meta name=\"description\" content=\"K\u00e4ev\u00f5ru kinnitus on valge L\u00f5unamere p\u00e4rli taga. K\u00e4ev\u00f5ru on valmistatud 18-karaadisest valgest kullast. K\u00e4ev\u00f5ru on kerge ja minimalistlik.\" \/>\n<meta name=\"robots\" content=\"index, follow, max-snippet:-1, max-image-preview:large, max-video-preview:-1\" \/>\n<link rel=\"canonical\" href=\"https:\/\/karineparras.com\/et\/product\/simple-wire-kaevoru-valge-lounamere-parl\/\" \/>\n<meta property=\"og:locale\" content=\"et_EE\" \/>\n<meta property=\"og:type\" content=\"article\" \/>\n<meta property=\"og:title\" content=\"&quot;Simple Wire&quot; K\u00e4ev\u00f5ru Valge L\u00f5unamere P\u00e4rl - KARINE PARRAS\" \/>\n<meta property=\"og:description\" content=\"K\u00e4ev\u00f5ru kinnitus on valge L\u00f5unamere p\u00e4rli taga. K\u00e4ev\u00f5ru on valmistatud 18-karaadisest valgest kullast. K\u00e4ev\u00f5ru on kerge ja minimalistlik.\" \/>\n<meta property=\"og:url\" content=\"https:\/\/karineparras.com\/et\/product\/simple-wire-kaevoru-valge-lounamere-parl\/\" \/>\n<meta property=\"og:site_name\" content=\"KARINE PARRAS\" \/>\n<meta property=\"article:publisher\" content=\"https:\/\/www.facebook.com\/karineparras\" \/>\n<meta property=\"article:modified_time\" content=\"2025-03-17T16:25:20+00:00\" \/>\n<meta property=\"og:image\" content=\"https:\/\/karineparras.com\/wp-content\/uploads\/2022\/10\/KPweb_simple_wire_bracelete_white_south_sea_pearl.jpg\" \/>\n\t<meta property=\"og:image:width\" content=\"1152\" \/>\n\t<meta property=\"og:image:height\" content=\"1536\" \/>\n\t<meta property=\"og:image:type\" content=\"image\/jpeg\" \/>\n<meta name=\"twitter:card\" content=\"summary_large_image\" \/>\n<meta name=\"twitter:label1\" content=\"Est. reading time\" \/>\n\t<meta name=\"twitter:data1\" content=\"1 minut\" \/>\n<script type=\"application\/ld+json\" class=\"yoast-schema-graph\">{\"@context\":\"https:\\\/\\\/schema.org\",\"@graph\":[{\"@type\":\"WebPage\",\"@id\":\"https:\\\/\\\/karineparras.com\\\/et\\\/product\\\/simple-wire-kaevoru-valge-lounamere-parl\\\/\",\"url\":\"https:\\\/\\\/karineparras.com\\\/et\\\/product\\\/simple-wire-kaevoru-valge-lounamere-parl\\\/\",\"name\":\"\\\"Simple Wire\\\" K\u00e4ev\u00f5ru Valge L\u00f5unamere P\u00e4rl - KARINE PARRAS\",\"isPartOf\":{\"@id\":\"https:\\\/\\\/karineparras.com\\\/et\\\/#website\"},\"primaryImageOfPage\":{\"@id\":\"https:\\\/\\\/karineparras.com\\\/et\\\/product\\\/simple-wire-kaevoru-valge-lounamere-parl\\\/#primaryimage\"},\"image\":{\"@id\":\"https:\\\/\\\/karineparras.com\\\/et\\\/product\\\/simple-wire-kaevoru-valge-lounamere-parl\\\/#primaryimage\"},\"thumbnailUrl\":\"https:\\\/\\\/karineparras.com\\\/wp-content\\\/uploads\\\/2022\\\/10\\\/KPweb_simple_wire_bracelete_white_south_sea_pearl.jpg\",\"datePublished\":\"2022-10-21T01:28:53+00:00\",\"dateModified\":\"2025-03-17T16:25:20+00:00\",\"description\":\"K\u00e4ev\u00f5ru kinnitus on valge L\u00f5unamere p\u00e4rli taga. K\u00e4ev\u00f5ru on valmistatud 18-karaadisest valgest kullast. K\u00e4ev\u00f5ru on kerge ja minimalistlik.\",\"breadcrumb\":{\"@id\":\"https:\\\/\\\/karineparras.com\\\/et\\\/product\\\/simple-wire-kaevoru-valge-lounamere-parl\\\/#breadcrumb\"},\"inLanguage\":\"et\",\"potentialAction\":[{\"@type\":\"ReadAction\",\"target\":[\"https:\\\/\\\/karineparras.com\\\/et\\\/product\\\/simple-wire-kaevoru-valge-lounamere-parl\\\/\"]}]},{\"@type\":\"ImageObject\",\"inLanguage\":\"et\",\"@id\":\"https:\\\/\\\/karineparras.com\\\/et\\\/product\\\/simple-wire-kaevoru-valge-lounamere-parl\\\/#primaryimage\",\"url\":\"https:\\\/\\\/karineparras.com\\\/wp-content\\\/uploads\\\/2022\\\/10\\\/KPweb_simple_wire_bracelete_white_south_sea_pearl.jpg\",\"contentUrl\":\"https:\\\/\\\/karineparras.com\\\/wp-content\\\/uploads\\\/2022\\\/10\\\/KPweb_simple_wire_bracelete_white_south_sea_pearl.jpg\",\"width\":1152,\"height\":1536},{\"@type\":\"BreadcrumbList\",\"@id\":\"https:\\\/\\\/karineparras.com\\\/et\\\/product\\\/simple-wire-kaevoru-valge-lounamere-parl\\\/#breadcrumb\",\"itemListElement\":[{\"@type\":\"ListItem\",\"position\":1,\"name\":\"Home\",\"item\":\"https:\\\/\\\/karineparras.com\\\/et\\\/karine-parras\\\/\"},{\"@type\":\"ListItem\",\"position\":2,\"name\":\"Pood\",\"item\":\"https:\\\/\\\/karineparras.com\\\/et\\\/pood\\\/\"},{\"@type\":\"ListItem\",\"position\":3,\"name\":\"&#8220;Simple Wire&#8221; K\u00e4ev\u00f5ru Valge L\u00f5unamere P\u00e4rl\"}]},{\"@type\":\"WebSite\",\"@id\":\"https:\\\/\\\/karineparras.com\\\/et\\\/#website\",\"url\":\"https:\\\/\\\/karineparras.com\\\/et\\\/\",\"name\":\"KARINE PARRAS\",\"description\":\"\",\"publisher\":{\"@id\":\"https:\\\/\\\/karineparras.com\\\/et\\\/#organization\"},\"potentialAction\":[{\"@type\":\"SearchAction\",\"target\":{\"@type\":\"EntryPoint\",\"urlTemplate\":\"https:\\\/\\\/karineparras.com\\\/et\\\/?s={search_term_string}\"},\"query-input\":{\"@type\":\"PropertyValueSpecification\",\"valueRequired\":true,\"valueName\":\"search_term_string\"}}],\"inLanguage\":\"et\"},{\"@type\":\"Organization\",\"@id\":\"https:\\\/\\\/karineparras.com\\\/et\\\/#organization\",\"name\":\"KARINE PARRAS\",\"url\":\"https:\\\/\\\/karineparras.com\\\/et\\\/\",\"logo\":{\"@type\":\"ImageObject\",\"inLanguage\":\"et\",\"@id\":\"https:\\\/\\\/karineparras.com\\\/et\\\/#\\\/schema\\\/logo\\\/image\\\/\",\"url\":\"https:\\\/\\\/karineparras.com\\\/wp-content\\\/uploads\\\/2023\\\/12\\\/logo-header.png\",\"contentUrl\":\"https:\\\/\\\/karineparras.com\\\/wp-content\\\/uploads\\\/2023\\\/12\\\/logo-header.png\",\"width\":1000,\"height\":60,\"caption\":\"KARINE PARRAS\"},\"image\":{\"@id\":\"https:\\\/\\\/karineparras.com\\\/et\\\/#\\\/schema\\\/logo\\\/image\\\/\"},\"sameAs\":[\"https:\\\/\\\/www.facebook.com\\\/karineparras\",\"https:\\\/\\\/www.instagram.com\\\/karineparras\\\/\"]}]}<\/script>\n<!-- \/ Yoast SEO plugin. -->","yoast_head_json":{"title":"\"Simple Wire\" K\u00e4ev\u00f5ru Valge L\u00f5unamere P\u00e4rl - KARINE PARRAS","description":"K\u00e4ev\u00f5ru kinnitus on valge L\u00f5unamere p\u00e4rli taga. K\u00e4ev\u00f5ru on valmistatud 18-karaadisest valgest kullast. K\u00e4ev\u00f5ru on kerge ja minimalistlik.","robots":{"index":"index","follow":"follow","max-snippet":"max-snippet:-1","max-image-preview":"max-image-preview:large","max-video-preview":"max-video-preview:-1"},"canonical":"https:\/\/karineparras.com\/et\/product\/simple-wire-kaevoru-valge-lounamere-parl\/","og_locale":"et_EE","og_type":"article","og_title":"\"Simple Wire\" K\u00e4ev\u00f5ru Valge L\u00f5unamere P\u00e4rl - KARINE PARRAS","og_description":"K\u00e4ev\u00f5ru kinnitus on valge L\u00f5unamere p\u00e4rli taga. K\u00e4ev\u00f5ru on valmistatud 18-karaadisest valgest kullast. K\u00e4ev\u00f5ru on kerge ja minimalistlik.","og_url":"https:\/\/karineparras.com\/et\/product\/simple-wire-kaevoru-valge-lounamere-parl\/","og_site_name":"KARINE PARRAS","article_publisher":"https:\/\/www.facebook.com\/karineparras","article_modified_time":"2025-03-17T16:25:20+00:00","og_image":[{"width":1152,"height":1536,"url":"https:\/\/karineparras.com\/wp-content\/uploads\/2022\/10\/KPweb_simple_wire_bracelete_white_south_sea_pearl.jpg","type":"image\/jpeg"}],"twitter_card":"summary_large_image","twitter_misc":{"Est. reading time":"1 minut"},"schema":{"@context":"https:\/\/schema.org","@graph":[{"@type":"WebPage","@id":"https:\/\/karineparras.com\/et\/product\/simple-wire-kaevoru-valge-lounamere-parl\/","url":"https:\/\/karineparras.com\/et\/product\/simple-wire-kaevoru-valge-lounamere-parl\/","name":"\"Simple Wire\" K\u00e4ev\u00f5ru Valge L\u00f5unamere P\u00e4rl - KARINE PARRAS","isPartOf":{"@id":"https:\/\/karineparras.com\/et\/#website"},"primaryImageOfPage":{"@id":"https:\/\/karineparras.com\/et\/product\/simple-wire-kaevoru-valge-lounamere-parl\/#primaryimage"},"image":{"@id":"https:\/\/karineparras.com\/et\/product\/simple-wire-kaevoru-valge-lounamere-parl\/#primaryimage"},"thumbnailUrl":"https:\/\/karineparras.com\/wp-content\/uploads\/2022\/10\/KPweb_simple_wire_bracelete_white_south_sea_pearl.jpg","datePublished":"2022-10-21T01:28:53+00:00","dateModified":"2025-03-17T16:25:20+00:00","description":"K\u00e4ev\u00f5ru kinnitus on valge L\u00f5unamere p\u00e4rli taga. K\u00e4ev\u00f5ru on valmistatud 18-karaadisest valgest kullast. K\u00e4ev\u00f5ru on kerge ja minimalistlik.","breadcrumb":{"@id":"https:\/\/karineparras.com\/et\/product\/simple-wire-kaevoru-valge-lounamere-parl\/#breadcrumb"},"inLanguage":"et","potentialAction":[{"@type":"ReadAction","target":["https:\/\/karineparras.com\/et\/product\/simple-wire-kaevoru-valge-lounamere-parl\/"]}]},{"@type":"ImageObject","inLanguage":"et","@id":"https:\/\/karineparras.com\/et\/product\/simple-wire-kaevoru-valge-lounamere-parl\/#primaryimage","url":"https:\/\/karineparras.com\/wp-content\/uploads\/2022\/10\/KPweb_simple_wire_bracelete_white_south_sea_pearl.jpg","contentUrl":"https:\/\/karineparras.com\/wp-content\/uploads\/2022\/10\/KPweb_simple_wire_bracelete_white_south_sea_pearl.jpg","width":1152,"height":1536},{"@type":"BreadcrumbList","@id":"https:\/\/karineparras.com\/et\/product\/simple-wire-kaevoru-valge-lounamere-parl\/#breadcrumb","itemListElement":[{"@type":"ListItem","position":1,"name":"Home","item":"https:\/\/karineparras.com\/et\/karine-parras\/"},{"@type":"ListItem","position":2,"name":"Pood","item":"https:\/\/karineparras.com\/et\/pood\/"},{"@type":"ListItem","position":3,"name":"&#8220;Simple Wire&#8221; K\u00e4ev\u00f5ru Valge L\u00f5unamere P\u00e4rl"}]},{"@type":"WebSite","@id":"https:\/\/karineparras.com\/et\/#website","url":"https:\/\/karineparras.com\/et\/","name":"KARINE PARRAS","description":"","publisher":{"@id":"https:\/\/karineparras.com\/et\/#organization"},"potentialAction":[{"@type":"SearchAction","target":{"@type":"EntryPoint","urlTemplate":"https:\/\/karineparras.com\/et\/?s={search_term_string}"},"query-input":{"@type":"PropertyValueSpecification","valueRequired":true,"valueName":"search_term_string"}}],"inLanguage":"et"},{"@type":"Organization","@id":"https:\/\/karineparras.com\/et\/#organization","name":"KARINE PARRAS","url":"https:\/\/karineparras.com\/et\/","logo":{"@type":"ImageObject","inLanguage":"et","@id":"https:\/\/karineparras.com\/et\/#\/schema\/logo\/image\/","url":"https:\/\/karineparras.com\/wp-content\/uploads\/2023\/12\/logo-header.png","contentUrl":"https:\/\/karineparras.com\/wp-content\/uploads\/2023\/12\/logo-header.png","width":1000,"height":60,"caption":"KARINE PARRAS"},"image":{"@id":"https:\/\/karineparras.com\/et\/#\/schema\/logo\/image\/"},"sameAs":["https:\/\/www.facebook.com\/karineparras","https:\/\/www.instagram.com\/karineparras\/"]}]}},"_links":{"self":[{"href":"https:\/\/karineparras.com\/et\/wp-json\/wp\/v2\/product\/26055","targetHints":{"allow":["GET"]}}],"collection":[{"href":"https:\/\/karineparras.com\/et\/wp-json\/wp\/v2\/product"}],"about":[{"href":"https:\/\/karineparras.com\/et\/wp-json\/wp\/v2\/types\/product"}],"wp:featuredmedia":[{"embeddable":true,"href":"https:\/\/karineparras.com\/et\/wp-json\/wp\/v2\/media\/25477"}],"wp:attachment":[{"href":"https:\/\/karineparras.com\/et\/wp-json\/wp\/v2\/media?parent=26055"}],"wp:term":[{"taxonomy":"product_brand","embeddable":true,"href":"https:\/\/karineparras.com\/et\/wp-json\/wp\/v2\/product_brand?post=26055"},{"taxonomy":"product_cat","embeddable":true,"href":"https:\/\/karineparras.com\/et\/wp-json\/wp\/v2\/product_cat?post=26055"},{"taxonomy":"product_tag","embeddable":true,"href":"https:\/\/karineparras.com\/et\/wp-json\/wp\/v2\/product_tag?post=26055"}],"curies":[{"name":"wp","href":"https:\/\/api.w.org\/{rel}","templated":true}]}}