{"id":26054,"date":"2022-10-21T04:29:16","date_gmt":"2022-10-21T01:29:16","guid":{"rendered":"https:\/\/karineparras.com\/product\/trepikoja-kokteili-sormus\/"},"modified":"2025-03-18T13:44:47","modified_gmt":"2025-03-18T11:44:47","slug":"trepikoja-kokteili-sormus","status":"publish","type":"product","link":"https:\/\/karineparras.com\/et\/product\/trepikoja-kokteili-sormus\/","title":{"rendered":"&#8220;Staircase&#8221; Kokteils\u00f5rmus"},"content":{"rendered":"","protected":false},"excerpt":{"rendered":"<p>Kokteils\u00f5rmus, mis on omaette klass.<\/p>\n<p>Imeline s\u00f5rmus, mis sarnaneb kuldse treppiga, justkui unen\u00e4ost v\u00e4lja astunud. Kollased safiirid t\u00e4idavad k\u00f5ik tasandid ja teemandid kaunistavad k\u00fclgi. Kogu ilu tipust leiab kuldse L\u00f5unamere p\u00e4rli.<\/p>\n<ul>\n<li>18K kollane kuld<\/li>\n<li>13 mm kuldne L\u00f5unamere p\u00e4rl<\/li>\n<li>FG VS Diamonds<\/li>\n<li>Kollased safiirid<\/li>\n<\/ul>\n","protected":false},"featured_media":25516,"template":"","meta":{"_themeisle_gutenberg_block_has_review":false},"product_brand":[],"product_cat":[440,472,441],"product_tag":[480,456,483,532,484,490,491,476,474,473,497,475,520,493,519,495,496,494,486,498,499,513,512,485,479,477,500,501,487,502,489,488,503,504,547,505,478,506,482,531,509,508,507,510,511,529,514,545,515,546,492,516,522,518,460,526,525,530,527,528,459,461,537,534,535,533,542,540,543,481,562,556,559,517,524,548,544],"class_list":{"0":"post-26054","1":"product","2":"type-product","3":"status-publish","4":"has-post-thumbnail","6":"product_cat-fine-jewellery-liinid","7":"product_cat-parlid","8":"product_cat-sormused","9":"product_tag-18-et","10":"product_tag-18k-et","11":"product_tag-aksessuaarid-et","12":"product_tag-avaldus","13":"product_tag-brandi","14":"product_tag-disain","15":"product_tag-eesti-et-2","16":"product_tag-eesti-et","17":"product_tag-ehe-et","18":"product_tag-ehted","19":"product_tag-ehted-et","20":"product_tag-estonia-et","21":"product_tag-ettepanek","22":"product_tag-idee","23":"product_tag-isiklik","24":"product_tag-itaalia-et-2","25":"product_tag-itaalia-et-3","26":"product_tag-itaalia-et","27":"product_tag-joulud-et","28":"product_tag-joulud-et-2","29":"product_tag-joulukingitus-et","30":"product_tag-kaasaegne-et","31":"product_tag-kaasaegne","32":"product_tag-karaat","33":"product_tag-kingiidee-et","34":"product_tag-kingitus-et","35":"product_tag-kingitus-et-2","36":"product_tag-klassika-et","37":"product_tag-klassikaline-et","38":"product_tag-klassikaline-et-2","39":"product_tag-kohandatud","40":"product_tag-kokteil-et","41":"product_tag-kokteil-et-2","42":"product_tag-kokteilisormus-et","43":"product_tag-kollane-et-2","44":"product_tag-kollane-et","45":"product_tag-kuld-et","46":"product_tag-kuld-et-2","47":"product_tag-lisaseadmed","48":"product_tag-louna","49":"product_tag-lounameri-et","50":"product_tag-luksus","51":"product_tag-luksuslik-et","52":"product_tag-magevee-et","53":"product_tag-magevesi-et","54":"product_tag-meri","55":"product_tag-naine-et","56":"product_tag-naine-et-2","57":"product_tag-naise-et","58":"product_tag-naised","59":"product_tag-naissoost","60":"product_tag-naisteehted-et","61":"product_tag-parl-et","62":"product_tag-parlid-et","63":"product_tag-rongad","64":"product_tag-roos","65":"product_tag-roosa-et","66":"product_tag-skandinaavia-et-3","67":"product_tag-skandinaavia-et","68":"product_tag-skandinaavia-et-2","69":"product_tag-sormus-et","70":"product_tag-sormus-et-2","71":"product_tag-sormused-et","72":"product_tag-stiil","73":"product_tag-stiilne","74":"product_tag-stuudio","75":"product_tag-tahiti-et-2","76":"product_tag-tahiti-et","77":"product_tag-tallinn-et","78":"product_tag-tarvikud","79":"product_tag-teemant-et-2","80":"product_tag-teemant-et","81":"product_tag-teemantid-et","82":"product_tag-tellimus","83":"product_tag-toeline","84":"product_tag-ulekullatud-et","85":"product_tag-valge-et-2","87":"first","88":"outofstock","89":"shipping-taxable","90":"product-type-simple"},"yoast_head":"<!-- This site is optimized with the Yoast SEO plugin v27.3 - https:\/\/yoast.com\/product\/yoast-seo-wordpress\/ -->\n<title>&quot;Staircase&quot; Kokteils\u00f5rmus - KARINE PARRAS<\/title>\n<meta name=\"description\" content=\"Kokteils\u00f5rmus, mis meenutab kuldset treppi, midagi otse unen\u00e4ost. Kollased safiirid t\u00e4idavad k\u00f5ik tasandid ja teemandid kaunistavad k\u00fclgi.\" \/>\n<meta name=\"robots\" content=\"index, follow, max-snippet:-1, max-image-preview:large, max-video-preview:-1\" \/>\n<link rel=\"canonical\" href=\"https:\/\/karineparras.com\/et\/product\/trepikoja-kokteili-sormus\/\" \/>\n<meta property=\"og:locale\" content=\"et_EE\" \/>\n<meta property=\"og:type\" content=\"article\" \/>\n<meta property=\"og:title\" content=\"&quot;Staircase&quot; Kokteils\u00f5rmus - KARINE PARRAS\" \/>\n<meta property=\"og:description\" content=\"Kokteils\u00f5rmus, mis meenutab kuldset treppi, midagi otse unen\u00e4ost. Kollased safiirid t\u00e4idavad k\u00f5ik tasandid ja teemandid kaunistavad k\u00fclgi.\" \/>\n<meta property=\"og:url\" content=\"https:\/\/karineparras.com\/et\/product\/trepikoja-kokteili-sormus\/\" \/>\n<meta property=\"og:site_name\" content=\"KARINE PARRAS\" \/>\n<meta property=\"article:publisher\" content=\"https:\/\/www.facebook.com\/karineparras\" \/>\n<meta property=\"article:modified_time\" content=\"2025-03-18T11:44:47+00:00\" \/>\n<meta property=\"og:image\" content=\"https:\/\/karineparras.com\/wp-content\/uploads\/2022\/10\/KPweb_cocktail_ring_staircase_yg_sapphires_golden_south_sea_pearl.jpg\" \/>\n\t<meta property=\"og:image:width\" content=\"1152\" \/>\n\t<meta property=\"og:image:height\" content=\"1536\" \/>\n\t<meta property=\"og:image:type\" content=\"image\/jpeg\" \/>\n<meta name=\"twitter:card\" content=\"summary_large_image\" \/>\n<script type=\"application\/ld+json\" class=\"yoast-schema-graph\">{\"@context\":\"https:\\\/\\\/schema.org\",\"@graph\":[{\"@type\":\"WebPage\",\"@id\":\"https:\\\/\\\/karineparras.com\\\/et\\\/product\\\/trepikoja-kokteili-sormus\\\/\",\"url\":\"https:\\\/\\\/karineparras.com\\\/et\\\/product\\\/trepikoja-kokteili-sormus\\\/\",\"name\":\"\\\"Staircase\\\" Kokteils\u00f5rmus - KARINE PARRAS\",\"isPartOf\":{\"@id\":\"https:\\\/\\\/karineparras.com\\\/et\\\/#website\"},\"primaryImageOfPage\":{\"@id\":\"https:\\\/\\\/karineparras.com\\\/et\\\/product\\\/trepikoja-kokteili-sormus\\\/#primaryimage\"},\"image\":{\"@id\":\"https:\\\/\\\/karineparras.com\\\/et\\\/product\\\/trepikoja-kokteili-sormus\\\/#primaryimage\"},\"thumbnailUrl\":\"https:\\\/\\\/karineparras.com\\\/wp-content\\\/uploads\\\/2022\\\/10\\\/KPweb_cocktail_ring_staircase_yg_sapphires_golden_south_sea_pearl.jpg\",\"datePublished\":\"2022-10-21T01:29:16+00:00\",\"dateModified\":\"2025-03-18T11:44:47+00:00\",\"description\":\"Kokteils\u00f5rmus, mis meenutab kuldset treppi, midagi otse unen\u00e4ost. Kollased safiirid t\u00e4idavad k\u00f5ik tasandid ja teemandid kaunistavad k\u00fclgi.\",\"breadcrumb\":{\"@id\":\"https:\\\/\\\/karineparras.com\\\/et\\\/product\\\/trepikoja-kokteili-sormus\\\/#breadcrumb\"},\"inLanguage\":\"et\",\"potentialAction\":[{\"@type\":\"ReadAction\",\"target\":[\"https:\\\/\\\/karineparras.com\\\/et\\\/product\\\/trepikoja-kokteili-sormus\\\/\"]}]},{\"@type\":\"ImageObject\",\"inLanguage\":\"et\",\"@id\":\"https:\\\/\\\/karineparras.com\\\/et\\\/product\\\/trepikoja-kokteili-sormus\\\/#primaryimage\",\"url\":\"https:\\\/\\\/karineparras.com\\\/wp-content\\\/uploads\\\/2022\\\/10\\\/KPweb_cocktail_ring_staircase_yg_sapphires_golden_south_sea_pearl.jpg\",\"contentUrl\":\"https:\\\/\\\/karineparras.com\\\/wp-content\\\/uploads\\\/2022\\\/10\\\/KPweb_cocktail_ring_staircase_yg_sapphires_golden_south_sea_pearl.jpg\",\"width\":1152,\"height\":1536},{\"@type\":\"BreadcrumbList\",\"@id\":\"https:\\\/\\\/karineparras.com\\\/et\\\/product\\\/trepikoja-kokteili-sormus\\\/#breadcrumb\",\"itemListElement\":[{\"@type\":\"ListItem\",\"position\":1,\"name\":\"Home\",\"item\":\"https:\\\/\\\/karineparras.com\\\/et\\\/karine-parras\\\/\"},{\"@type\":\"ListItem\",\"position\":2,\"name\":\"Pood\",\"item\":\"https:\\\/\\\/karineparras.com\\\/et\\\/pood\\\/\"},{\"@type\":\"ListItem\",\"position\":3,\"name\":\"&#8220;Staircase&#8221; Kokteils\u00f5rmus\"}]},{\"@type\":\"WebSite\",\"@id\":\"https:\\\/\\\/karineparras.com\\\/et\\\/#website\",\"url\":\"https:\\\/\\\/karineparras.com\\\/et\\\/\",\"name\":\"KARINE PARRAS\",\"description\":\"\",\"publisher\":{\"@id\":\"https:\\\/\\\/karineparras.com\\\/et\\\/#organization\"},\"potentialAction\":[{\"@type\":\"SearchAction\",\"target\":{\"@type\":\"EntryPoint\",\"urlTemplate\":\"https:\\\/\\\/karineparras.com\\\/et\\\/?s={search_term_string}\"},\"query-input\":{\"@type\":\"PropertyValueSpecification\",\"valueRequired\":true,\"valueName\":\"search_term_string\"}}],\"inLanguage\":\"et\"},{\"@type\":\"Organization\",\"@id\":\"https:\\\/\\\/karineparras.com\\\/et\\\/#organization\",\"name\":\"KARINE PARRAS\",\"url\":\"https:\\\/\\\/karineparras.com\\\/et\\\/\",\"logo\":{\"@type\":\"ImageObject\",\"inLanguage\":\"et\",\"@id\":\"https:\\\/\\\/karineparras.com\\\/et\\\/#\\\/schema\\\/logo\\\/image\\\/\",\"url\":\"https:\\\/\\\/karineparras.com\\\/wp-content\\\/uploads\\\/2023\\\/12\\\/logo-header.png\",\"contentUrl\":\"https:\\\/\\\/karineparras.com\\\/wp-content\\\/uploads\\\/2023\\\/12\\\/logo-header.png\",\"width\":1000,\"height\":60,\"caption\":\"KARINE PARRAS\"},\"image\":{\"@id\":\"https:\\\/\\\/karineparras.com\\\/et\\\/#\\\/schema\\\/logo\\\/image\\\/\"},\"sameAs\":[\"https:\\\/\\\/www.facebook.com\\\/karineparras\",\"https:\\\/\\\/www.instagram.com\\\/karineparras\\\/\"]}]}<\/script>\n<!-- \/ Yoast SEO plugin. -->","yoast_head_json":{"title":"\"Staircase\" Kokteils\u00f5rmus - KARINE PARRAS","description":"Kokteils\u00f5rmus, mis meenutab kuldset treppi, midagi otse unen\u00e4ost. Kollased safiirid t\u00e4idavad k\u00f5ik tasandid ja teemandid kaunistavad k\u00fclgi.","robots":{"index":"index","follow":"follow","max-snippet":"max-snippet:-1","max-image-preview":"max-image-preview:large","max-video-preview":"max-video-preview:-1"},"canonical":"https:\/\/karineparras.com\/et\/product\/trepikoja-kokteili-sormus\/","og_locale":"et_EE","og_type":"article","og_title":"\"Staircase\" Kokteils\u00f5rmus - KARINE PARRAS","og_description":"Kokteils\u00f5rmus, mis meenutab kuldset treppi, midagi otse unen\u00e4ost. Kollased safiirid t\u00e4idavad k\u00f5ik tasandid ja teemandid kaunistavad k\u00fclgi.","og_url":"https:\/\/karineparras.com\/et\/product\/trepikoja-kokteili-sormus\/","og_site_name":"KARINE PARRAS","article_publisher":"https:\/\/www.facebook.com\/karineparras","article_modified_time":"2025-03-18T11:44:47+00:00","og_image":[{"width":1152,"height":1536,"url":"https:\/\/karineparras.com\/wp-content\/uploads\/2022\/10\/KPweb_cocktail_ring_staircase_yg_sapphires_golden_south_sea_pearl.jpg","type":"image\/jpeg"}],"twitter_card":"summary_large_image","schema":{"@context":"https:\/\/schema.org","@graph":[{"@type":"WebPage","@id":"https:\/\/karineparras.com\/et\/product\/trepikoja-kokteili-sormus\/","url":"https:\/\/karineparras.com\/et\/product\/trepikoja-kokteili-sormus\/","name":"\"Staircase\" Kokteils\u00f5rmus - KARINE PARRAS","isPartOf":{"@id":"https:\/\/karineparras.com\/et\/#website"},"primaryImageOfPage":{"@id":"https:\/\/karineparras.com\/et\/product\/trepikoja-kokteili-sormus\/#primaryimage"},"image":{"@id":"https:\/\/karineparras.com\/et\/product\/trepikoja-kokteili-sormus\/#primaryimage"},"thumbnailUrl":"https:\/\/karineparras.com\/wp-content\/uploads\/2022\/10\/KPweb_cocktail_ring_staircase_yg_sapphires_golden_south_sea_pearl.jpg","datePublished":"2022-10-21T01:29:16+00:00","dateModified":"2025-03-18T11:44:47+00:00","description":"Kokteils\u00f5rmus, mis meenutab kuldset treppi, midagi otse unen\u00e4ost. Kollased safiirid t\u00e4idavad k\u00f5ik tasandid ja teemandid kaunistavad k\u00fclgi.","breadcrumb":{"@id":"https:\/\/karineparras.com\/et\/product\/trepikoja-kokteili-sormus\/#breadcrumb"},"inLanguage":"et","potentialAction":[{"@type":"ReadAction","target":["https:\/\/karineparras.com\/et\/product\/trepikoja-kokteili-sormus\/"]}]},{"@type":"ImageObject","inLanguage":"et","@id":"https:\/\/karineparras.com\/et\/product\/trepikoja-kokteili-sormus\/#primaryimage","url":"https:\/\/karineparras.com\/wp-content\/uploads\/2022\/10\/KPweb_cocktail_ring_staircase_yg_sapphires_golden_south_sea_pearl.jpg","contentUrl":"https:\/\/karineparras.com\/wp-content\/uploads\/2022\/10\/KPweb_cocktail_ring_staircase_yg_sapphires_golden_south_sea_pearl.jpg","width":1152,"height":1536},{"@type":"BreadcrumbList","@id":"https:\/\/karineparras.com\/et\/product\/trepikoja-kokteili-sormus\/#breadcrumb","itemListElement":[{"@type":"ListItem","position":1,"name":"Home","item":"https:\/\/karineparras.com\/et\/karine-parras\/"},{"@type":"ListItem","position":2,"name":"Pood","item":"https:\/\/karineparras.com\/et\/pood\/"},{"@type":"ListItem","position":3,"name":"&#8220;Staircase&#8221; Kokteils\u00f5rmus"}]},{"@type":"WebSite","@id":"https:\/\/karineparras.com\/et\/#website","url":"https:\/\/karineparras.com\/et\/","name":"KARINE PARRAS","description":"","publisher":{"@id":"https:\/\/karineparras.com\/et\/#organization"},"potentialAction":[{"@type":"SearchAction","target":{"@type":"EntryPoint","urlTemplate":"https:\/\/karineparras.com\/et\/?s={search_term_string}"},"query-input":{"@type":"PropertyValueSpecification","valueRequired":true,"valueName":"search_term_string"}}],"inLanguage":"et"},{"@type":"Organization","@id":"https:\/\/karineparras.com\/et\/#organization","name":"KARINE PARRAS","url":"https:\/\/karineparras.com\/et\/","logo":{"@type":"ImageObject","inLanguage":"et","@id":"https:\/\/karineparras.com\/et\/#\/schema\/logo\/image\/","url":"https:\/\/karineparras.com\/wp-content\/uploads\/2023\/12\/logo-header.png","contentUrl":"https:\/\/karineparras.com\/wp-content\/uploads\/2023\/12\/logo-header.png","width":1000,"height":60,"caption":"KARINE PARRAS"},"image":{"@id":"https:\/\/karineparras.com\/et\/#\/schema\/logo\/image\/"},"sameAs":["https:\/\/www.facebook.com\/karineparras","https:\/\/www.instagram.com\/karineparras\/"]}]}},"_links":{"self":[{"href":"https:\/\/karineparras.com\/et\/wp-json\/wp\/v2\/product\/26054","targetHints":{"allow":["GET"]}}],"collection":[{"href":"https:\/\/karineparras.com\/et\/wp-json\/wp\/v2\/product"}],"about":[{"href":"https:\/\/karineparras.com\/et\/wp-json\/wp\/v2\/types\/product"}],"wp:featuredmedia":[{"embeddable":true,"href":"https:\/\/karineparras.com\/et\/wp-json\/wp\/v2\/media\/25516"}],"wp:attachment":[{"href":"https:\/\/karineparras.com\/et\/wp-json\/wp\/v2\/media?parent=26054"}],"wp:term":[{"taxonomy":"product_brand","embeddable":true,"href":"https:\/\/karineparras.com\/et\/wp-json\/wp\/v2\/product_brand?post=26054"},{"taxonomy":"product_cat","embeddable":true,"href":"https:\/\/karineparras.com\/et\/wp-json\/wp\/v2\/product_cat?post=26054"},{"taxonomy":"product_tag","embeddable":true,"href":"https:\/\/karineparras.com\/et\/wp-json\/wp\/v2\/product_tag?post=26054"}],"curies":[{"name":"wp","href":"https:\/\/api.w.org\/{rel}","templated":true}]}}