{"id":26046,"date":"2022-10-21T04:29:19","date_gmt":"2022-10-21T01:29:19","guid":{"rendered":"https:\/\/karineparras.com\/product\/tahiti-parli-kokteilisormus-kollasest-kullast\/"},"modified":"2025-03-18T13:45:16","modified_gmt":"2025-03-18T11:45:16","slug":"tahiti-parli-kokteilisormus-kollasest-kullast","status":"publish","type":"product","link":"https:\/\/karineparras.com\/et\/product\/tahiti-parli-kokteilisormus-kollasest-kullast\/","title":{"rendered":"Tahiti P\u00e4rliga Kokteils\u00f5rmus Kollane Kuld"},"content":{"rendered":"","protected":false},"excerpt":{"rendered":"<p>Erakordne kokteils\u00f5rmus, kus \u00fchendatakse elegants ja eluj\u00f5ud. Heledat Tahiti p\u00e4rlit \u00fcmbritsevad kollased safiirid. Saadaval eritellimusel \u2013 kohanda oma stiilile vastavalt p\u00e4rli, kulla ja teemantide detailidega. <\/p>\n<ul>\n<li>18K kollane kuld<\/li>\n<li>16 mm L\u00f5unamere p\u00e4rl<\/li>\n<li>Kollased safiirid<\/li>\n<\/ul>\n","protected":false},"featured_media":25524,"template":"","meta":{"_themeisle_gutenberg_block_has_review":false},"product_brand":[],"product_cat":[440,472,441],"product_tag":[480,456,483,532,484,553,490,476,491,554,474,473,497,475,520,493,519,494,495,496,498,486,499,512,513,485,479,477,500,501,487,502,489,503,488,504,505,547,478,506,482,531,509,508,507,510,511,529,545,514,515,546,492,516,522,518,523,521,460,526,525,582,581,530,527,528,459,461,537,534,535,533,540,542,543,481,457,562,556,559,555,517,524,548,467,544],"class_list":{"0":"post-26046","1":"product","2":"type-product","3":"status-publish","4":"has-post-thumbnail","6":"product_cat-fine-jewellery-liinid","7":"product_cat-parlid","8":"product_cat-sormused","9":"product_tag-18-et","10":"product_tag-18k-et","11":"product_tag-aksessuaarid-et","12":"product_tag-avaldus","13":"product_tag-brandi","14":"product_tag-bykarine-et","15":"product_tag-disain","16":"product_tag-eesti-et","17":"product_tag-eesti-et-2","18":"product_tag-eestimaa-et","19":"product_tag-ehe-et","20":"product_tag-ehted","21":"product_tag-ehted-et","22":"product_tag-estonia-et","23":"product_tag-ettepanek","24":"product_tag-idee","25":"product_tag-isiklik","26":"product_tag-itaalia-et","27":"product_tag-itaalia-et-2","28":"product_tag-itaalia-et-3","29":"product_tag-joulud-et-2","30":"product_tag-joulud-et","31":"product_tag-joulukingitus-et","32":"product_tag-kaasaegne","33":"product_tag-kaasaegne-et","34":"product_tag-karaat","35":"product_tag-kingiidee-et","36":"product_tag-kingitus-et","37":"product_tag-kingitus-et-2","38":"product_tag-klassika-et","39":"product_tag-klassikaline-et","40":"product_tag-klassikaline-et-2","41":"product_tag-kohandatud","42":"product_tag-kokteil-et-2","43":"product_tag-kokteil-et","44":"product_tag-kokteilisormus-et","45":"product_tag-kollane-et","46":"product_tag-kollane-et-2","47":"product_tag-kuld-et","48":"product_tag-kuld-et-2","49":"product_tag-lisaseadmed","50":"product_tag-louna","51":"product_tag-lounameri-et","52":"product_tag-luksus","53":"product_tag-luksuslik-et","54":"product_tag-magevee-et","55":"product_tag-magevesi-et","56":"product_tag-meri","57":"product_tag-naine-et-2","58":"product_tag-naine-et","59":"product_tag-naise-et","60":"product_tag-naised","61":"product_tag-naissoost","62":"product_tag-naisteehted-et","63":"product_tag-parl-et","64":"product_tag-parlid-et","65":"product_tag-parlid-et-2","66":"product_tag-puhas-et","67":"product_tag-rongad","68":"product_tag-roos","69":"product_tag-roosa-et","70":"product_tag-safiir","71":"product_tag-safiirid","72":"product_tag-skandinaavia-et-3","73":"product_tag-skandinaavia-et","74":"product_tag-skandinaavia-et-2","75":"product_tag-sormus-et","76":"product_tag-sormus-et-2","77":"product_tag-sormused-et","78":"product_tag-stiil","79":"product_tag-stiilne","80":"product_tag-stuudio","81":"product_tag-tahiti-et","82":"product_tag-tahiti-et-2","83":"product_tag-tallinn-et","84":"product_tag-tarvikud","85":"product_tag-teemandid","86":"product_tag-teemant-et-2","87":"product_tag-teemant-et","88":"product_tag-teemantid-et","89":"product_tag-tehtud-et","90":"product_tag-tellimus","91":"product_tag-toeline","92":"product_tag-ulekullatud-et","93":"product_tag-valge-et","94":"product_tag-valge-et-2","96":"first","97":"outofstock","98":"shipping-taxable","99":"product-type-simple"},"yoast_head":"<!-- This site is optimized with the Yoast SEO plugin v27.3 - https:\/\/yoast.com\/product\/yoast-seo-wordpress\/ -->\n<title>Tahiti P\u00e4rliga Kokteils\u00f5rmus Kollane Kuld - KARINE PARRAS<\/title>\n<meta name=\"description\" content=\"Pimestav kokteils\u00f5rmus, mille keskmes on hele Tahiti p\u00e4rl. Kollased safiirid rikastavad 18-karaatset kollast kulds\u00f5rmust. Kokteils\u00f5rmus, mis j\u00e4\u00e4b meelde ja v\u00e4\u00e4rib n\u00e4itamist.\" \/>\n<meta name=\"robots\" content=\"index, follow, max-snippet:-1, max-image-preview:large, max-video-preview:-1\" \/>\n<link rel=\"canonical\" href=\"https:\/\/karineparras.com\/et\/product\/tahiti-parli-kokteilisormus-kollasest-kullast\/\" \/>\n<meta property=\"og:locale\" content=\"et_EE\" \/>\n<meta property=\"og:type\" content=\"article\" \/>\n<meta property=\"og:title\" content=\"Tahiti P\u00e4rliga Kokteils\u00f5rmus Kollane Kuld - KARINE PARRAS\" \/>\n<meta property=\"og:description\" content=\"Pimestav kokteils\u00f5rmus, mille keskmes on hele Tahiti p\u00e4rl. Kollased safiirid rikastavad 18-karaatset kollast kulds\u00f5rmust. Kokteils\u00f5rmus, mis j\u00e4\u00e4b meelde ja v\u00e4\u00e4rib n\u00e4itamist.\" \/>\n<meta property=\"og:url\" content=\"https:\/\/karineparras.com\/et\/product\/tahiti-parli-kokteilisormus-kollasest-kullast\/\" \/>\n<meta property=\"og:site_name\" content=\"KARINE PARRAS\" \/>\n<meta property=\"article:publisher\" content=\"https:\/\/www.facebook.com\/karineparras\" \/>\n<meta property=\"article:modified_time\" content=\"2025-03-18T11:45:16+00:00\" \/>\n<meta property=\"og:image\" content=\"https:\/\/karineparras.com\/wp-content\/uploads\/2022\/10\/KPweb_tahitian_ring-yellow.jpg\" \/>\n\t<meta property=\"og:image:width\" content=\"1152\" \/>\n\t<meta property=\"og:image:height\" content=\"1536\" \/>\n\t<meta property=\"og:image:type\" content=\"image\/jpeg\" \/>\n<meta name=\"twitter:card\" content=\"summary_large_image\" \/>\n<script type=\"application\/ld+json\" class=\"yoast-schema-graph\">{\"@context\":\"https:\\\/\\\/schema.org\",\"@graph\":[{\"@type\":\"WebPage\",\"@id\":\"https:\\\/\\\/karineparras.com\\\/et\\\/product\\\/tahiti-parli-kokteilisormus-kollasest-kullast\\\/\",\"url\":\"https:\\\/\\\/karineparras.com\\\/et\\\/product\\\/tahiti-parli-kokteilisormus-kollasest-kullast\\\/\",\"name\":\"Tahiti P\u00e4rliga Kokteils\u00f5rmus Kollane Kuld - KARINE PARRAS\",\"isPartOf\":{\"@id\":\"https:\\\/\\\/karineparras.com\\\/et\\\/#website\"},\"primaryImageOfPage\":{\"@id\":\"https:\\\/\\\/karineparras.com\\\/et\\\/product\\\/tahiti-parli-kokteilisormus-kollasest-kullast\\\/#primaryimage\"},\"image\":{\"@id\":\"https:\\\/\\\/karineparras.com\\\/et\\\/product\\\/tahiti-parli-kokteilisormus-kollasest-kullast\\\/#primaryimage\"},\"thumbnailUrl\":\"https:\\\/\\\/karineparras.com\\\/wp-content\\\/uploads\\\/2022\\\/10\\\/KPweb_tahitian_ring-yellow.jpg\",\"datePublished\":\"2022-10-21T01:29:19+00:00\",\"dateModified\":\"2025-03-18T11:45:16+00:00\",\"description\":\"Pimestav kokteils\u00f5rmus, mille keskmes on hele Tahiti p\u00e4rl. Kollased safiirid rikastavad 18-karaatset kollast kulds\u00f5rmust. Kokteils\u00f5rmus, mis j\u00e4\u00e4b meelde ja v\u00e4\u00e4rib n\u00e4itamist.\",\"breadcrumb\":{\"@id\":\"https:\\\/\\\/karineparras.com\\\/et\\\/product\\\/tahiti-parli-kokteilisormus-kollasest-kullast\\\/#breadcrumb\"},\"inLanguage\":\"et\",\"potentialAction\":[{\"@type\":\"ReadAction\",\"target\":[\"https:\\\/\\\/karineparras.com\\\/et\\\/product\\\/tahiti-parli-kokteilisormus-kollasest-kullast\\\/\"]}]},{\"@type\":\"ImageObject\",\"inLanguage\":\"et\",\"@id\":\"https:\\\/\\\/karineparras.com\\\/et\\\/product\\\/tahiti-parli-kokteilisormus-kollasest-kullast\\\/#primaryimage\",\"url\":\"https:\\\/\\\/karineparras.com\\\/wp-content\\\/uploads\\\/2022\\\/10\\\/KPweb_tahitian_ring-yellow.jpg\",\"contentUrl\":\"https:\\\/\\\/karineparras.com\\\/wp-content\\\/uploads\\\/2022\\\/10\\\/KPweb_tahitian_ring-yellow.jpg\",\"width\":1152,\"height\":1536},{\"@type\":\"BreadcrumbList\",\"@id\":\"https:\\\/\\\/karineparras.com\\\/et\\\/product\\\/tahiti-parli-kokteilisormus-kollasest-kullast\\\/#breadcrumb\",\"itemListElement\":[{\"@type\":\"ListItem\",\"position\":1,\"name\":\"Home\",\"item\":\"https:\\\/\\\/karineparras.com\\\/et\\\/karine-parras\\\/\"},{\"@type\":\"ListItem\",\"position\":2,\"name\":\"Pood\",\"item\":\"https:\\\/\\\/karineparras.com\\\/et\\\/pood\\\/\"},{\"@type\":\"ListItem\",\"position\":3,\"name\":\"Tahiti P\u00e4rliga Kokteils\u00f5rmus Kollane Kuld\"}]},{\"@type\":\"WebSite\",\"@id\":\"https:\\\/\\\/karineparras.com\\\/et\\\/#website\",\"url\":\"https:\\\/\\\/karineparras.com\\\/et\\\/\",\"name\":\"KARINE PARRAS\",\"description\":\"\",\"publisher\":{\"@id\":\"https:\\\/\\\/karineparras.com\\\/et\\\/#organization\"},\"potentialAction\":[{\"@type\":\"SearchAction\",\"target\":{\"@type\":\"EntryPoint\",\"urlTemplate\":\"https:\\\/\\\/karineparras.com\\\/et\\\/?s={search_term_string}\"},\"query-input\":{\"@type\":\"PropertyValueSpecification\",\"valueRequired\":true,\"valueName\":\"search_term_string\"}}],\"inLanguage\":\"et\"},{\"@type\":\"Organization\",\"@id\":\"https:\\\/\\\/karineparras.com\\\/et\\\/#organization\",\"name\":\"KARINE PARRAS\",\"url\":\"https:\\\/\\\/karineparras.com\\\/et\\\/\",\"logo\":{\"@type\":\"ImageObject\",\"inLanguage\":\"et\",\"@id\":\"https:\\\/\\\/karineparras.com\\\/et\\\/#\\\/schema\\\/logo\\\/image\\\/\",\"url\":\"https:\\\/\\\/karineparras.com\\\/wp-content\\\/uploads\\\/2023\\\/12\\\/logo-header.png\",\"contentUrl\":\"https:\\\/\\\/karineparras.com\\\/wp-content\\\/uploads\\\/2023\\\/12\\\/logo-header.png\",\"width\":1000,\"height\":60,\"caption\":\"KARINE PARRAS\"},\"image\":{\"@id\":\"https:\\\/\\\/karineparras.com\\\/et\\\/#\\\/schema\\\/logo\\\/image\\\/\"},\"sameAs\":[\"https:\\\/\\\/www.facebook.com\\\/karineparras\",\"https:\\\/\\\/www.instagram.com\\\/karineparras\\\/\"]}]}<\/script>\n<!-- \/ Yoast SEO plugin. -->","yoast_head_json":{"title":"Tahiti P\u00e4rliga Kokteils\u00f5rmus Kollane Kuld - KARINE PARRAS","description":"Pimestav kokteils\u00f5rmus, mille keskmes on hele Tahiti p\u00e4rl. Kollased safiirid rikastavad 18-karaatset kollast kulds\u00f5rmust. Kokteils\u00f5rmus, mis j\u00e4\u00e4b meelde ja v\u00e4\u00e4rib n\u00e4itamist.","robots":{"index":"index","follow":"follow","max-snippet":"max-snippet:-1","max-image-preview":"max-image-preview:large","max-video-preview":"max-video-preview:-1"},"canonical":"https:\/\/karineparras.com\/et\/product\/tahiti-parli-kokteilisormus-kollasest-kullast\/","og_locale":"et_EE","og_type":"article","og_title":"Tahiti P\u00e4rliga Kokteils\u00f5rmus Kollane Kuld - KARINE PARRAS","og_description":"Pimestav kokteils\u00f5rmus, mille keskmes on hele Tahiti p\u00e4rl. Kollased safiirid rikastavad 18-karaatset kollast kulds\u00f5rmust. Kokteils\u00f5rmus, mis j\u00e4\u00e4b meelde ja v\u00e4\u00e4rib n\u00e4itamist.","og_url":"https:\/\/karineparras.com\/et\/product\/tahiti-parli-kokteilisormus-kollasest-kullast\/","og_site_name":"KARINE PARRAS","article_publisher":"https:\/\/www.facebook.com\/karineparras","article_modified_time":"2025-03-18T11:45:16+00:00","og_image":[{"width":1152,"height":1536,"url":"https:\/\/karineparras.com\/wp-content\/uploads\/2022\/10\/KPweb_tahitian_ring-yellow.jpg","type":"image\/jpeg"}],"twitter_card":"summary_large_image","schema":{"@context":"https:\/\/schema.org","@graph":[{"@type":"WebPage","@id":"https:\/\/karineparras.com\/et\/product\/tahiti-parli-kokteilisormus-kollasest-kullast\/","url":"https:\/\/karineparras.com\/et\/product\/tahiti-parli-kokteilisormus-kollasest-kullast\/","name":"Tahiti P\u00e4rliga Kokteils\u00f5rmus Kollane Kuld - KARINE PARRAS","isPartOf":{"@id":"https:\/\/karineparras.com\/et\/#website"},"primaryImageOfPage":{"@id":"https:\/\/karineparras.com\/et\/product\/tahiti-parli-kokteilisormus-kollasest-kullast\/#primaryimage"},"image":{"@id":"https:\/\/karineparras.com\/et\/product\/tahiti-parli-kokteilisormus-kollasest-kullast\/#primaryimage"},"thumbnailUrl":"https:\/\/karineparras.com\/wp-content\/uploads\/2022\/10\/KPweb_tahitian_ring-yellow.jpg","datePublished":"2022-10-21T01:29:19+00:00","dateModified":"2025-03-18T11:45:16+00:00","description":"Pimestav kokteils\u00f5rmus, mille keskmes on hele Tahiti p\u00e4rl. Kollased safiirid rikastavad 18-karaatset kollast kulds\u00f5rmust. Kokteils\u00f5rmus, mis j\u00e4\u00e4b meelde ja v\u00e4\u00e4rib n\u00e4itamist.","breadcrumb":{"@id":"https:\/\/karineparras.com\/et\/product\/tahiti-parli-kokteilisormus-kollasest-kullast\/#breadcrumb"},"inLanguage":"et","potentialAction":[{"@type":"ReadAction","target":["https:\/\/karineparras.com\/et\/product\/tahiti-parli-kokteilisormus-kollasest-kullast\/"]}]},{"@type":"ImageObject","inLanguage":"et","@id":"https:\/\/karineparras.com\/et\/product\/tahiti-parli-kokteilisormus-kollasest-kullast\/#primaryimage","url":"https:\/\/karineparras.com\/wp-content\/uploads\/2022\/10\/KPweb_tahitian_ring-yellow.jpg","contentUrl":"https:\/\/karineparras.com\/wp-content\/uploads\/2022\/10\/KPweb_tahitian_ring-yellow.jpg","width":1152,"height":1536},{"@type":"BreadcrumbList","@id":"https:\/\/karineparras.com\/et\/product\/tahiti-parli-kokteilisormus-kollasest-kullast\/#breadcrumb","itemListElement":[{"@type":"ListItem","position":1,"name":"Home","item":"https:\/\/karineparras.com\/et\/karine-parras\/"},{"@type":"ListItem","position":2,"name":"Pood","item":"https:\/\/karineparras.com\/et\/pood\/"},{"@type":"ListItem","position":3,"name":"Tahiti P\u00e4rliga Kokteils\u00f5rmus Kollane Kuld"}]},{"@type":"WebSite","@id":"https:\/\/karineparras.com\/et\/#website","url":"https:\/\/karineparras.com\/et\/","name":"KARINE PARRAS","description":"","publisher":{"@id":"https:\/\/karineparras.com\/et\/#organization"},"potentialAction":[{"@type":"SearchAction","target":{"@type":"EntryPoint","urlTemplate":"https:\/\/karineparras.com\/et\/?s={search_term_string}"},"query-input":{"@type":"PropertyValueSpecification","valueRequired":true,"valueName":"search_term_string"}}],"inLanguage":"et"},{"@type":"Organization","@id":"https:\/\/karineparras.com\/et\/#organization","name":"KARINE PARRAS","url":"https:\/\/karineparras.com\/et\/","logo":{"@type":"ImageObject","inLanguage":"et","@id":"https:\/\/karineparras.com\/et\/#\/schema\/logo\/image\/","url":"https:\/\/karineparras.com\/wp-content\/uploads\/2023\/12\/logo-header.png","contentUrl":"https:\/\/karineparras.com\/wp-content\/uploads\/2023\/12\/logo-header.png","width":1000,"height":60,"caption":"KARINE PARRAS"},"image":{"@id":"https:\/\/karineparras.com\/et\/#\/schema\/logo\/image\/"},"sameAs":["https:\/\/www.facebook.com\/karineparras","https:\/\/www.instagram.com\/karineparras\/"]}]}},"_links":{"self":[{"href":"https:\/\/karineparras.com\/et\/wp-json\/wp\/v2\/product\/26046","targetHints":{"allow":["GET"]}}],"collection":[{"href":"https:\/\/karineparras.com\/et\/wp-json\/wp\/v2\/product"}],"about":[{"href":"https:\/\/karineparras.com\/et\/wp-json\/wp\/v2\/types\/product"}],"wp:featuredmedia":[{"embeddable":true,"href":"https:\/\/karineparras.com\/et\/wp-json\/wp\/v2\/media\/25524"}],"wp:attachment":[{"href":"https:\/\/karineparras.com\/et\/wp-json\/wp\/v2\/media?parent=26046"}],"wp:term":[{"taxonomy":"product_brand","embeddable":true,"href":"https:\/\/karineparras.com\/et\/wp-json\/wp\/v2\/product_brand?post=26046"},{"taxonomy":"product_cat","embeddable":true,"href":"https:\/\/karineparras.com\/et\/wp-json\/wp\/v2\/product_cat?post=26046"},{"taxonomy":"product_tag","embeddable":true,"href":"https:\/\/karineparras.com\/et\/wp-json\/wp\/v2\/product_tag?post=26046"}],"curies":[{"name":"wp","href":"https:\/\/api.w.org\/{rel}","templated":true}]}}