{"id":26043,"date":"2022-10-21T04:29:18","date_gmt":"2022-10-21T01:29:18","guid":{"rendered":"https:\/\/karineparras.com\/product\/tahiti-parli-keti-korvarongad\/"},"modified":"2025-03-18T00:41:26","modified_gmt":"2025-03-17T22:41:26","slug":"tahiti-parli-kettkorvarongad-roosa-kuld","status":"publish","type":"product","link":"https:\/\/karineparras.com\/et\/product\/tahiti-parli-kettkorvarongad-roosa-kuld\/","title":{"rendered":"Tahiti P\u00e4rli Kettk\u00f5rvar\u00f5ngad Roosa Kuld"},"content":{"rendered":"","protected":false},"excerpt":{"rendered":"<p><span data-sheets-value=\"{\" data-sheets-userformat=\"{\">Tahiti merep\u00e4rlite lihtsust ja elegantsust peetakse alati millekski teistsuguseks. K\u00f5rvar\u00f5ngad kasutavad Tahiti p\u00e4rlite esitlemiseks 4,5 cm pikkust 18 karaadisest roosast kullast ketti. P\u00e4rlid langevad veidi allpool l\u00f5uajoont, mis annab neile vabaduse kergelt liigutustega kaasa kiikuda. K\u00f5rgele kinnitatud hobusesaba toob nende erilise s\u00e4ra veelgi paremini esile.<\/span><\/p>\n<ul>\n<li>18K roosa kuld<\/li>\n<li>10.5 mm Tahiti p\u00e4rlid<\/li>\n<\/ul>\n","protected":false},"featured_media":25520,"template":"","meta":{"_themeisle_gutenberg_block_has_review":false},"product_brand":[],"product_cat":[440,454,472],"product_tag":[480,456,483,532,484,553,490,476,491,554,474,473,497,475,520,493,519,494,495,496,498,486,499,513,512,485,479,500,477,501,502,487,489,505,547,550,551,549,552,478,506,482,531,509,508,507,510,511,529,514,545,515,546,492,516,522,518,523,521,526,525,527,528,530,534,535,533,540,542,543,481,555,517,524,548,467,544],"class_list":{"0":"post-26043","1":"product","2":"type-product","3":"status-publish","4":"has-post-thumbnail","6":"product_cat-fine-jewellery-liinid","7":"product_cat-korvarongad","8":"product_cat-parlid","9":"product_tag-18-et","10":"product_tag-18k-et","11":"product_tag-aksessuaarid-et","12":"product_tag-avaldus","13":"product_tag-brandi","14":"product_tag-bykarine-et","15":"product_tag-disain","16":"product_tag-eesti-et","17":"product_tag-eesti-et-2","18":"product_tag-eestimaa-et","19":"product_tag-ehe-et","20":"product_tag-ehted","21":"product_tag-ehted-et","22":"product_tag-estonia-et","23":"product_tag-ettepanek","24":"product_tag-idee","25":"product_tag-isiklik","26":"product_tag-itaalia-et","27":"product_tag-itaalia-et-2","28":"product_tag-itaalia-et-3","29":"product_tag-joulud-et-2","30":"product_tag-joulud-et","31":"product_tag-joulukingitus-et","32":"product_tag-kaasaegne-et","33":"product_tag-kaasaegne","34":"product_tag-karaat","35":"product_tag-kingiidee-et","36":"product_tag-kingitus-et-2","37":"product_tag-kingitus-et","38":"product_tag-klassika-et","39":"product_tag-klassikaline-et-2","40":"product_tag-klassikaline-et","41":"product_tag-kohandatud","42":"product_tag-kollane-et","43":"product_tag-kollane-et-2","44":"product_tag-korvarongad-et-2","45":"product_tag-korvarongad-et-3","46":"product_tag-korvarongad-et","47":"product_tag-korvarongas-et","48":"product_tag-kuld-et","49":"product_tag-kuld-et-2","50":"product_tag-lisaseadmed","51":"product_tag-louna","52":"product_tag-lounameri-et","53":"product_tag-luksus","54":"product_tag-luksuslik-et","55":"product_tag-magevee-et","56":"product_tag-magevesi-et","57":"product_tag-meri","58":"product_tag-naine-et","59":"product_tag-naine-et-2","60":"product_tag-naise-et","61":"product_tag-naised","62":"product_tag-naissoost","63":"product_tag-naisteehted-et","64":"product_tag-parl-et","65":"product_tag-parlid-et","66":"product_tag-parlid-et-2","67":"product_tag-puhas-et","68":"product_tag-roos","69":"product_tag-roosa-et","70":"product_tag-skandinaavia-et","71":"product_tag-skandinaavia-et-2","72":"product_tag-skandinaavia-et-3","73":"product_tag-stiil","74":"product_tag-stiilne","75":"product_tag-stuudio","76":"product_tag-tahiti-et","77":"product_tag-tahiti-et-2","78":"product_tag-tallinn-et","79":"product_tag-tarvikud","80":"product_tag-tehtud-et","81":"product_tag-tellimus","82":"product_tag-toeline","83":"product_tag-ulekullatud-et","84":"product_tag-valge-et","85":"product_tag-valge-et-2","87":"first","88":"outofstock","89":"shipping-taxable","90":"purchasable","91":"product-type-simple"},"yoast_head":"<!-- This site is optimized with the Yoast SEO plugin v27.3 - https:\/\/yoast.com\/product\/yoast-seo-wordpress\/ -->\n<title>Tahiti P\u00e4rli Kettk\u00f5rvar\u00f5ngad Roosa Kuld - KARINE PARRAS<\/title>\n<meta name=\"robots\" content=\"index, follow, max-snippet:-1, max-image-preview:large, max-video-preview:-1\" \/>\n<link rel=\"canonical\" href=\"https:\/\/karineparras.com\/et\/product\/tahiti-parli-kettkorvarongad-roosa-kuld\/\" \/>\n<meta property=\"og:locale\" content=\"et_EE\" \/>\n<meta property=\"og:type\" content=\"article\" \/>\n<meta property=\"og:title\" content=\"Tahiti P\u00e4rli Kettk\u00f5rvar\u00f5ngad Roosa Kuld - KARINE PARRAS\" \/>\n<meta property=\"og:description\" content=\"Tahiti merep\u00e4rlite lihtsust ja elegantsust peetakse alati millekski teistsuguseks. K\u00f5rvar\u00f5ngad kasutavad Tahiti p\u00e4rlite esitlemiseks 4,5 cm pikkust 18 karaadisest roosast kullast ketti. P\u00e4rlid langevad veidi allpool l\u00f5uajoont, mis annab neile vabaduse kergelt liigutustega kaasa kiikuda. K\u00f5rgele kinnitatud hobusesaba toob nende erilise s\u00e4ra veelgi paremini esile.   18K roosa kuld  10.5 mm Tahiti p\u00e4rlid\" \/>\n<meta property=\"og:url\" content=\"https:\/\/karineparras.com\/et\/product\/tahiti-parli-kettkorvarongad-roosa-kuld\/\" \/>\n<meta property=\"og:site_name\" content=\"KARINE PARRAS\" \/>\n<meta property=\"article:publisher\" content=\"https:\/\/www.facebook.com\/karineparras\" \/>\n<meta property=\"article:modified_time\" content=\"2025-03-17T22:41:26+00:00\" \/>\n<meta property=\"og:image\" content=\"https:\/\/karineparras.com\/wp-content\/uploads\/2022\/10\/pietra_tahitian_earrings_dangle_rose_gold_51e95116-3954-4186-b4d0-e1e4ca91191a.jpg\" \/>\n\t<meta property=\"og:image:width\" content=\"1152\" \/>\n\t<meta property=\"og:image:height\" content=\"1536\" \/>\n\t<meta property=\"og:image:type\" content=\"image\/jpeg\" \/>\n<meta name=\"twitter:card\" content=\"summary_large_image\" \/>\n<meta name=\"twitter:label1\" content=\"Est. reading time\" \/>\n\t<meta name=\"twitter:data1\" content=\"1 minut\" \/>\n<script type=\"application\/ld+json\" class=\"yoast-schema-graph\">{\"@context\":\"https:\\\/\\\/schema.org\",\"@graph\":[{\"@type\":\"WebPage\",\"@id\":\"https:\\\/\\\/karineparras.com\\\/et\\\/product\\\/tahiti-parli-kettkorvarongad-roosa-kuld\\\/\",\"url\":\"https:\\\/\\\/karineparras.com\\\/et\\\/product\\\/tahiti-parli-kettkorvarongad-roosa-kuld\\\/\",\"name\":\"Tahiti P\u00e4rli Kettk\u00f5rvar\u00f5ngad Roosa Kuld - KARINE PARRAS\",\"isPartOf\":{\"@id\":\"https:\\\/\\\/karineparras.com\\\/et\\\/#website\"},\"primaryImageOfPage\":{\"@id\":\"https:\\\/\\\/karineparras.com\\\/et\\\/product\\\/tahiti-parli-kettkorvarongad-roosa-kuld\\\/#primaryimage\"},\"image\":{\"@id\":\"https:\\\/\\\/karineparras.com\\\/et\\\/product\\\/tahiti-parli-kettkorvarongad-roosa-kuld\\\/#primaryimage\"},\"thumbnailUrl\":\"https:\\\/\\\/karineparras.com\\\/wp-content\\\/uploads\\\/2022\\\/10\\\/pietra_tahitian_earrings_dangle_rose_gold_51e95116-3954-4186-b4d0-e1e4ca91191a.jpg\",\"datePublished\":\"2022-10-21T01:29:18+00:00\",\"dateModified\":\"2025-03-17T22:41:26+00:00\",\"breadcrumb\":{\"@id\":\"https:\\\/\\\/karineparras.com\\\/et\\\/product\\\/tahiti-parli-kettkorvarongad-roosa-kuld\\\/#breadcrumb\"},\"inLanguage\":\"et\",\"potentialAction\":[{\"@type\":\"ReadAction\",\"target\":[\"https:\\\/\\\/karineparras.com\\\/et\\\/product\\\/tahiti-parli-kettkorvarongad-roosa-kuld\\\/\"]}]},{\"@type\":\"ImageObject\",\"inLanguage\":\"et\",\"@id\":\"https:\\\/\\\/karineparras.com\\\/et\\\/product\\\/tahiti-parli-kettkorvarongad-roosa-kuld\\\/#primaryimage\",\"url\":\"https:\\\/\\\/karineparras.com\\\/wp-content\\\/uploads\\\/2022\\\/10\\\/pietra_tahitian_earrings_dangle_rose_gold_51e95116-3954-4186-b4d0-e1e4ca91191a.jpg\",\"contentUrl\":\"https:\\\/\\\/karineparras.com\\\/wp-content\\\/uploads\\\/2022\\\/10\\\/pietra_tahitian_earrings_dangle_rose_gold_51e95116-3954-4186-b4d0-e1e4ca91191a.jpg\",\"width\":1152,\"height\":1536},{\"@type\":\"BreadcrumbList\",\"@id\":\"https:\\\/\\\/karineparras.com\\\/et\\\/product\\\/tahiti-parli-kettkorvarongad-roosa-kuld\\\/#breadcrumb\",\"itemListElement\":[{\"@type\":\"ListItem\",\"position\":1,\"name\":\"Home\",\"item\":\"https:\\\/\\\/karineparras.com\\\/et\\\/karine-parras\\\/\"},{\"@type\":\"ListItem\",\"position\":2,\"name\":\"Pood\",\"item\":\"https:\\\/\\\/karineparras.com\\\/et\\\/pood\\\/\"},{\"@type\":\"ListItem\",\"position\":3,\"name\":\"Tahiti P\u00e4rli Kettk\u00f5rvar\u00f5ngad Roosa Kuld\"}]},{\"@type\":\"WebSite\",\"@id\":\"https:\\\/\\\/karineparras.com\\\/et\\\/#website\",\"url\":\"https:\\\/\\\/karineparras.com\\\/et\\\/\",\"name\":\"KARINE PARRAS\",\"description\":\"\",\"publisher\":{\"@id\":\"https:\\\/\\\/karineparras.com\\\/et\\\/#organization\"},\"potentialAction\":[{\"@type\":\"SearchAction\",\"target\":{\"@type\":\"EntryPoint\",\"urlTemplate\":\"https:\\\/\\\/karineparras.com\\\/et\\\/?s={search_term_string}\"},\"query-input\":{\"@type\":\"PropertyValueSpecification\",\"valueRequired\":true,\"valueName\":\"search_term_string\"}}],\"inLanguage\":\"et\"},{\"@type\":\"Organization\",\"@id\":\"https:\\\/\\\/karineparras.com\\\/et\\\/#organization\",\"name\":\"KARINE PARRAS\",\"url\":\"https:\\\/\\\/karineparras.com\\\/et\\\/\",\"logo\":{\"@type\":\"ImageObject\",\"inLanguage\":\"et\",\"@id\":\"https:\\\/\\\/karineparras.com\\\/et\\\/#\\\/schema\\\/logo\\\/image\\\/\",\"url\":\"https:\\\/\\\/karineparras.com\\\/wp-content\\\/uploads\\\/2023\\\/12\\\/logo-header.png\",\"contentUrl\":\"https:\\\/\\\/karineparras.com\\\/wp-content\\\/uploads\\\/2023\\\/12\\\/logo-header.png\",\"width\":1000,\"height\":60,\"caption\":\"KARINE PARRAS\"},\"image\":{\"@id\":\"https:\\\/\\\/karineparras.com\\\/et\\\/#\\\/schema\\\/logo\\\/image\\\/\"},\"sameAs\":[\"https:\\\/\\\/www.facebook.com\\\/karineparras\",\"https:\\\/\\\/www.instagram.com\\\/karineparras\\\/\"]}]}<\/script>\n<!-- \/ Yoast SEO plugin. -->","yoast_head_json":{"title":"Tahiti P\u00e4rli Kettk\u00f5rvar\u00f5ngad Roosa Kuld - KARINE PARRAS","robots":{"index":"index","follow":"follow","max-snippet":"max-snippet:-1","max-image-preview":"max-image-preview:large","max-video-preview":"max-video-preview:-1"},"canonical":"https:\/\/karineparras.com\/et\/product\/tahiti-parli-kettkorvarongad-roosa-kuld\/","og_locale":"et_EE","og_type":"article","og_title":"Tahiti P\u00e4rli Kettk\u00f5rvar\u00f5ngad Roosa Kuld - KARINE PARRAS","og_description":"Tahiti merep\u00e4rlite lihtsust ja elegantsust peetakse alati millekski teistsuguseks. K\u00f5rvar\u00f5ngad kasutavad Tahiti p\u00e4rlite esitlemiseks 4,5 cm pikkust 18 karaadisest roosast kullast ketti. P\u00e4rlid langevad veidi allpool l\u00f5uajoont, mis annab neile vabaduse kergelt liigutustega kaasa kiikuda. K\u00f5rgele kinnitatud hobusesaba toob nende erilise s\u00e4ra veelgi paremini esile.   18K roosa kuld  10.5 mm Tahiti p\u00e4rlid","og_url":"https:\/\/karineparras.com\/et\/product\/tahiti-parli-kettkorvarongad-roosa-kuld\/","og_site_name":"KARINE PARRAS","article_publisher":"https:\/\/www.facebook.com\/karineparras","article_modified_time":"2025-03-17T22:41:26+00:00","og_image":[{"width":1152,"height":1536,"url":"https:\/\/karineparras.com\/wp-content\/uploads\/2022\/10\/pietra_tahitian_earrings_dangle_rose_gold_51e95116-3954-4186-b4d0-e1e4ca91191a.jpg","type":"image\/jpeg"}],"twitter_card":"summary_large_image","twitter_misc":{"Est. reading time":"1 minut"},"schema":{"@context":"https:\/\/schema.org","@graph":[{"@type":"WebPage","@id":"https:\/\/karineparras.com\/et\/product\/tahiti-parli-kettkorvarongad-roosa-kuld\/","url":"https:\/\/karineparras.com\/et\/product\/tahiti-parli-kettkorvarongad-roosa-kuld\/","name":"Tahiti P\u00e4rli Kettk\u00f5rvar\u00f5ngad Roosa Kuld - KARINE PARRAS","isPartOf":{"@id":"https:\/\/karineparras.com\/et\/#website"},"primaryImageOfPage":{"@id":"https:\/\/karineparras.com\/et\/product\/tahiti-parli-kettkorvarongad-roosa-kuld\/#primaryimage"},"image":{"@id":"https:\/\/karineparras.com\/et\/product\/tahiti-parli-kettkorvarongad-roosa-kuld\/#primaryimage"},"thumbnailUrl":"https:\/\/karineparras.com\/wp-content\/uploads\/2022\/10\/pietra_tahitian_earrings_dangle_rose_gold_51e95116-3954-4186-b4d0-e1e4ca91191a.jpg","datePublished":"2022-10-21T01:29:18+00:00","dateModified":"2025-03-17T22:41:26+00:00","breadcrumb":{"@id":"https:\/\/karineparras.com\/et\/product\/tahiti-parli-kettkorvarongad-roosa-kuld\/#breadcrumb"},"inLanguage":"et","potentialAction":[{"@type":"ReadAction","target":["https:\/\/karineparras.com\/et\/product\/tahiti-parli-kettkorvarongad-roosa-kuld\/"]}]},{"@type":"ImageObject","inLanguage":"et","@id":"https:\/\/karineparras.com\/et\/product\/tahiti-parli-kettkorvarongad-roosa-kuld\/#primaryimage","url":"https:\/\/karineparras.com\/wp-content\/uploads\/2022\/10\/pietra_tahitian_earrings_dangle_rose_gold_51e95116-3954-4186-b4d0-e1e4ca91191a.jpg","contentUrl":"https:\/\/karineparras.com\/wp-content\/uploads\/2022\/10\/pietra_tahitian_earrings_dangle_rose_gold_51e95116-3954-4186-b4d0-e1e4ca91191a.jpg","width":1152,"height":1536},{"@type":"BreadcrumbList","@id":"https:\/\/karineparras.com\/et\/product\/tahiti-parli-kettkorvarongad-roosa-kuld\/#breadcrumb","itemListElement":[{"@type":"ListItem","position":1,"name":"Home","item":"https:\/\/karineparras.com\/et\/karine-parras\/"},{"@type":"ListItem","position":2,"name":"Pood","item":"https:\/\/karineparras.com\/et\/pood\/"},{"@type":"ListItem","position":3,"name":"Tahiti P\u00e4rli Kettk\u00f5rvar\u00f5ngad Roosa Kuld"}]},{"@type":"WebSite","@id":"https:\/\/karineparras.com\/et\/#website","url":"https:\/\/karineparras.com\/et\/","name":"KARINE PARRAS","description":"","publisher":{"@id":"https:\/\/karineparras.com\/et\/#organization"},"potentialAction":[{"@type":"SearchAction","target":{"@type":"EntryPoint","urlTemplate":"https:\/\/karineparras.com\/et\/?s={search_term_string}"},"query-input":{"@type":"PropertyValueSpecification","valueRequired":true,"valueName":"search_term_string"}}],"inLanguage":"et"},{"@type":"Organization","@id":"https:\/\/karineparras.com\/et\/#organization","name":"KARINE PARRAS","url":"https:\/\/karineparras.com\/et\/","logo":{"@type":"ImageObject","inLanguage":"et","@id":"https:\/\/karineparras.com\/et\/#\/schema\/logo\/image\/","url":"https:\/\/karineparras.com\/wp-content\/uploads\/2023\/12\/logo-header.png","contentUrl":"https:\/\/karineparras.com\/wp-content\/uploads\/2023\/12\/logo-header.png","width":1000,"height":60,"caption":"KARINE PARRAS"},"image":{"@id":"https:\/\/karineparras.com\/et\/#\/schema\/logo\/image\/"},"sameAs":["https:\/\/www.facebook.com\/karineparras","https:\/\/www.instagram.com\/karineparras\/"]}]}},"_links":{"self":[{"href":"https:\/\/karineparras.com\/et\/wp-json\/wp\/v2\/product\/26043","targetHints":{"allow":["GET"]}}],"collection":[{"href":"https:\/\/karineparras.com\/et\/wp-json\/wp\/v2\/product"}],"about":[{"href":"https:\/\/karineparras.com\/et\/wp-json\/wp\/v2\/types\/product"}],"wp:featuredmedia":[{"embeddable":true,"href":"https:\/\/karineparras.com\/et\/wp-json\/wp\/v2\/media\/25520"}],"wp:attachment":[{"href":"https:\/\/karineparras.com\/et\/wp-json\/wp\/v2\/media?parent=26043"}],"wp:term":[{"taxonomy":"product_brand","embeddable":true,"href":"https:\/\/karineparras.com\/et\/wp-json\/wp\/v2\/product_brand?post=26043"},{"taxonomy":"product_cat","embeddable":true,"href":"https:\/\/karineparras.com\/et\/wp-json\/wp\/v2\/product_cat?post=26043"},{"taxonomy":"product_tag","embeddable":true,"href":"https:\/\/karineparras.com\/et\/wp-json\/wp\/v2\/product_tag?post=26043"}],"curies":[{"name":"wp","href":"https:\/\/api.w.org\/{rel}","templated":true}]}}