{"id":26033,"date":"2022-10-21T04:29:28","date_gmt":"2022-10-21T01:29:28","guid":{"rendered":"https:\/\/karineparras.com\/product\/valge-kuldne-tatoveeringu-korvaklamber\/"},"modified":"2026-02-12T15:48:30","modified_gmt":"2026-02-12T13:48:30","slug":"valge-kuldne-tatoveeringu-korvaklamber","status":"publish","type":"product","link":"https:\/\/karineparras.com\/et\/product\/valge-kuldne-tatoveeringu-korvaklamber\/","title":{"rendered":"&#8220;Tattoo&#8221; K\u00f5rvaklipp Valge Kuld"},"content":{"rendered":"","protected":false},"excerpt":{"rendered":"<p><a href=\"\/?product_cat=tattoo\" target=\"_blank\" rel=\"noopener\">TATTOO<\/a><\/p>\n<p>Kaasaegne X-kujuline k\u00f5rvaklipp, kus kaks peenikest kuld rida ristuvad kaunilt. Valmistatud 18-karaadisest valgest kullast ja loodud kandmiseks k\u00f5rva \u00fclaosas &#8211; augustamist pole vaja. T\u00e4nu kulla pehmusele kinnitub klipp mugavalt ja turvaliselt. Stiilne detail, mis sobib igap\u00e4evaselt kandmiseks.  <\/p>\n<ul>\n<li>\u00dcks suurus<\/li>\n<li>18K valge kuld<\/li>\n<li>0.22 ctw FG VS teemandid<\/li>\n<\/ul>\n","protected":false},"featured_media":25543,"template":"","meta":{"_themeisle_gutenberg_block_has_review":false},"product_brand":[],"product_cat":[440,454,575],"product_tag":[],"class_list":{"0":"post-26033","1":"product","2":"type-product","3":"status-publish","4":"has-post-thumbnail","6":"product_cat-fine-jewellery-liinid","7":"product_cat-korvarongad","8":"product_cat-tattoo-et","10":"first","11":"outofstock","12":"shipping-taxable","13":"purchasable","14":"product-type-simple"},"yoast_head":"<!-- This site is optimized with the Yoast SEO plugin v27.3 - https:\/\/yoast.com\/product\/yoast-seo-wordpress\/ -->\n<title>&quot;Tattoo&quot; K\u00f5rvaklipp Valge Kuld - KARINE PARRAS<\/title>\n<meta name=\"robots\" content=\"index, follow, max-snippet:-1, max-image-preview:large, max-video-preview:-1\" \/>\n<link rel=\"canonical\" href=\"https:\/\/karineparras.com\/et\/product\/valge-kuldne-tatoveeringu-korvaklamber\/\" \/>\n<meta property=\"og:locale\" content=\"et_EE\" \/>\n<meta property=\"og:type\" content=\"article\" \/>\n<meta property=\"og:title\" content=\"&quot;Tattoo&quot; K\u00f5rvaklipp Valge Kuld - KARINE PARRAS\" \/>\n<meta property=\"og:description\" content=\"TATTOO Kaasaegne X-kujuline k\u00f5rvaklipp, kus kaks peenikest kuld rida ristuvad kaunilt. Valmistatud 18-karaadisest valgest kullast ja loodud kandmiseks k\u00f5rva \u00fclaosas - augustamist pole vaja. T\u00e4nu kulla pehmusele kinnitub klipp mugavalt ja turvaliselt. Stiilne detail, mis sobib igap\u00e4evaselt kandmiseks.   \u00dcks suurus  18K valge kuld  0.22 ctw FG VS teemandid\" \/>\n<meta property=\"og:url\" content=\"https:\/\/karineparras.com\/et\/product\/valge-kuldne-tatoveeringu-korvaklamber\/\" \/>\n<meta property=\"og:site_name\" content=\"KARINE PARRAS\" \/>\n<meta property=\"article:publisher\" content=\"https:\/\/www.facebook.com\/karineparras\" \/>\n<meta property=\"article:modified_time\" content=\"2026-02-12T13:48:30+00:00\" \/>\n<meta property=\"og:image\" content=\"https:\/\/karineparras.com\/wp-content\/uploads\/2022\/10\/KPweb_tattoo_ear_clip_wg.jpg\" \/>\n\t<meta property=\"og:image:width\" content=\"1152\" \/>\n\t<meta property=\"og:image:height\" content=\"1536\" \/>\n\t<meta property=\"og:image:type\" content=\"image\/jpeg\" \/>\n<meta name=\"twitter:card\" content=\"summary_large_image\" \/>\n<meta name=\"twitter:label1\" content=\"Est. reading time\" \/>\n\t<meta name=\"twitter:data1\" content=\"1 minut\" \/>\n<script type=\"application\/ld+json\" class=\"yoast-schema-graph\">{\"@context\":\"https:\\\/\\\/schema.org\",\"@graph\":[{\"@type\":\"WebPage\",\"@id\":\"https:\\\/\\\/karineparras.com\\\/et\\\/product\\\/valge-kuldne-tatoveeringu-korvaklamber\\\/\",\"url\":\"https:\\\/\\\/karineparras.com\\\/et\\\/product\\\/valge-kuldne-tatoveeringu-korvaklamber\\\/\",\"name\":\"\\\"Tattoo\\\" K\u00f5rvaklipp Valge Kuld - KARINE PARRAS\",\"isPartOf\":{\"@id\":\"https:\\\/\\\/karineparras.com\\\/et\\\/#website\"},\"primaryImageOfPage\":{\"@id\":\"https:\\\/\\\/karineparras.com\\\/et\\\/product\\\/valge-kuldne-tatoveeringu-korvaklamber\\\/#primaryimage\"},\"image\":{\"@id\":\"https:\\\/\\\/karineparras.com\\\/et\\\/product\\\/valge-kuldne-tatoveeringu-korvaklamber\\\/#primaryimage\"},\"thumbnailUrl\":\"https:\\\/\\\/karineparras.com\\\/wp-content\\\/uploads\\\/2022\\\/10\\\/KPweb_tattoo_ear_clip_wg.jpg\",\"datePublished\":\"2022-10-21T01:29:28+00:00\",\"dateModified\":\"2026-02-12T13:48:30+00:00\",\"breadcrumb\":{\"@id\":\"https:\\\/\\\/karineparras.com\\\/et\\\/product\\\/valge-kuldne-tatoveeringu-korvaklamber\\\/#breadcrumb\"},\"inLanguage\":\"et\",\"potentialAction\":[{\"@type\":\"ReadAction\",\"target\":[\"https:\\\/\\\/karineparras.com\\\/et\\\/product\\\/valge-kuldne-tatoveeringu-korvaklamber\\\/\"]}]},{\"@type\":\"ImageObject\",\"inLanguage\":\"et\",\"@id\":\"https:\\\/\\\/karineparras.com\\\/et\\\/product\\\/valge-kuldne-tatoveeringu-korvaklamber\\\/#primaryimage\",\"url\":\"https:\\\/\\\/karineparras.com\\\/wp-content\\\/uploads\\\/2022\\\/10\\\/KPweb_tattoo_ear_clip_wg.jpg\",\"contentUrl\":\"https:\\\/\\\/karineparras.com\\\/wp-content\\\/uploads\\\/2022\\\/10\\\/KPweb_tattoo_ear_clip_wg.jpg\",\"width\":1152,\"height\":1536,\"caption\":\"tattoo_k\u00f5rvaklipp_valge_kuld\"},{\"@type\":\"BreadcrumbList\",\"@id\":\"https:\\\/\\\/karineparras.com\\\/et\\\/product\\\/valge-kuldne-tatoveeringu-korvaklamber\\\/#breadcrumb\",\"itemListElement\":[{\"@type\":\"ListItem\",\"position\":1,\"name\":\"Home\",\"item\":\"https:\\\/\\\/karineparras.com\\\/et\\\/karine-parras\\\/\"},{\"@type\":\"ListItem\",\"position\":2,\"name\":\"Pood\",\"item\":\"https:\\\/\\\/karineparras.com\\\/et\\\/pood\\\/\"},{\"@type\":\"ListItem\",\"position\":3,\"name\":\"&#8220;Tattoo&#8221; K\u00f5rvaklipp Valge Kuld\"}]},{\"@type\":\"WebSite\",\"@id\":\"https:\\\/\\\/karineparras.com\\\/et\\\/#website\",\"url\":\"https:\\\/\\\/karineparras.com\\\/et\\\/\",\"name\":\"KARINE PARRAS\",\"description\":\"\",\"publisher\":{\"@id\":\"https:\\\/\\\/karineparras.com\\\/et\\\/#organization\"},\"potentialAction\":[{\"@type\":\"SearchAction\",\"target\":{\"@type\":\"EntryPoint\",\"urlTemplate\":\"https:\\\/\\\/karineparras.com\\\/et\\\/?s={search_term_string}\"},\"query-input\":{\"@type\":\"PropertyValueSpecification\",\"valueRequired\":true,\"valueName\":\"search_term_string\"}}],\"inLanguage\":\"et\"},{\"@type\":\"Organization\",\"@id\":\"https:\\\/\\\/karineparras.com\\\/et\\\/#organization\",\"name\":\"KARINE PARRAS\",\"url\":\"https:\\\/\\\/karineparras.com\\\/et\\\/\",\"logo\":{\"@type\":\"ImageObject\",\"inLanguage\":\"et\",\"@id\":\"https:\\\/\\\/karineparras.com\\\/et\\\/#\\\/schema\\\/logo\\\/image\\\/\",\"url\":\"https:\\\/\\\/karineparras.com\\\/wp-content\\\/uploads\\\/2023\\\/12\\\/logo-header.png\",\"contentUrl\":\"https:\\\/\\\/karineparras.com\\\/wp-content\\\/uploads\\\/2023\\\/12\\\/logo-header.png\",\"width\":1000,\"height\":60,\"caption\":\"KARINE PARRAS\"},\"image\":{\"@id\":\"https:\\\/\\\/karineparras.com\\\/et\\\/#\\\/schema\\\/logo\\\/image\\\/\"},\"sameAs\":[\"https:\\\/\\\/www.facebook.com\\\/karineparras\",\"https:\\\/\\\/www.instagram.com\\\/karineparras\\\/\"]}]}<\/script>\n<!-- \/ Yoast SEO plugin. -->","yoast_head_json":{"title":"\"Tattoo\" K\u00f5rvaklipp Valge Kuld - KARINE PARRAS","robots":{"index":"index","follow":"follow","max-snippet":"max-snippet:-1","max-image-preview":"max-image-preview:large","max-video-preview":"max-video-preview:-1"},"canonical":"https:\/\/karineparras.com\/et\/product\/valge-kuldne-tatoveeringu-korvaklamber\/","og_locale":"et_EE","og_type":"article","og_title":"\"Tattoo\" K\u00f5rvaklipp Valge Kuld - KARINE PARRAS","og_description":"TATTOO Kaasaegne X-kujuline k\u00f5rvaklipp, kus kaks peenikest kuld rida ristuvad kaunilt. Valmistatud 18-karaadisest valgest kullast ja loodud kandmiseks k\u00f5rva \u00fclaosas - augustamist pole vaja. T\u00e4nu kulla pehmusele kinnitub klipp mugavalt ja turvaliselt. Stiilne detail, mis sobib igap\u00e4evaselt kandmiseks.   \u00dcks suurus  18K valge kuld  0.22 ctw FG VS teemandid","og_url":"https:\/\/karineparras.com\/et\/product\/valge-kuldne-tatoveeringu-korvaklamber\/","og_site_name":"KARINE PARRAS","article_publisher":"https:\/\/www.facebook.com\/karineparras","article_modified_time":"2026-02-12T13:48:30+00:00","og_image":[{"width":1152,"height":1536,"url":"https:\/\/karineparras.com\/wp-content\/uploads\/2022\/10\/KPweb_tattoo_ear_clip_wg.jpg","type":"image\/jpeg"}],"twitter_card":"summary_large_image","twitter_misc":{"Est. reading time":"1 minut"},"schema":{"@context":"https:\/\/schema.org","@graph":[{"@type":"WebPage","@id":"https:\/\/karineparras.com\/et\/product\/valge-kuldne-tatoveeringu-korvaklamber\/","url":"https:\/\/karineparras.com\/et\/product\/valge-kuldne-tatoveeringu-korvaklamber\/","name":"\"Tattoo\" K\u00f5rvaklipp Valge Kuld - KARINE PARRAS","isPartOf":{"@id":"https:\/\/karineparras.com\/et\/#website"},"primaryImageOfPage":{"@id":"https:\/\/karineparras.com\/et\/product\/valge-kuldne-tatoveeringu-korvaklamber\/#primaryimage"},"image":{"@id":"https:\/\/karineparras.com\/et\/product\/valge-kuldne-tatoveeringu-korvaklamber\/#primaryimage"},"thumbnailUrl":"https:\/\/karineparras.com\/wp-content\/uploads\/2022\/10\/KPweb_tattoo_ear_clip_wg.jpg","datePublished":"2022-10-21T01:29:28+00:00","dateModified":"2026-02-12T13:48:30+00:00","breadcrumb":{"@id":"https:\/\/karineparras.com\/et\/product\/valge-kuldne-tatoveeringu-korvaklamber\/#breadcrumb"},"inLanguage":"et","potentialAction":[{"@type":"ReadAction","target":["https:\/\/karineparras.com\/et\/product\/valge-kuldne-tatoveeringu-korvaklamber\/"]}]},{"@type":"ImageObject","inLanguage":"et","@id":"https:\/\/karineparras.com\/et\/product\/valge-kuldne-tatoveeringu-korvaklamber\/#primaryimage","url":"https:\/\/karineparras.com\/wp-content\/uploads\/2022\/10\/KPweb_tattoo_ear_clip_wg.jpg","contentUrl":"https:\/\/karineparras.com\/wp-content\/uploads\/2022\/10\/KPweb_tattoo_ear_clip_wg.jpg","width":1152,"height":1536,"caption":"tattoo_k\u00f5rvaklipp_valge_kuld"},{"@type":"BreadcrumbList","@id":"https:\/\/karineparras.com\/et\/product\/valge-kuldne-tatoveeringu-korvaklamber\/#breadcrumb","itemListElement":[{"@type":"ListItem","position":1,"name":"Home","item":"https:\/\/karineparras.com\/et\/karine-parras\/"},{"@type":"ListItem","position":2,"name":"Pood","item":"https:\/\/karineparras.com\/et\/pood\/"},{"@type":"ListItem","position":3,"name":"&#8220;Tattoo&#8221; K\u00f5rvaklipp Valge Kuld"}]},{"@type":"WebSite","@id":"https:\/\/karineparras.com\/et\/#website","url":"https:\/\/karineparras.com\/et\/","name":"KARINE PARRAS","description":"","publisher":{"@id":"https:\/\/karineparras.com\/et\/#organization"},"potentialAction":[{"@type":"SearchAction","target":{"@type":"EntryPoint","urlTemplate":"https:\/\/karineparras.com\/et\/?s={search_term_string}"},"query-input":{"@type":"PropertyValueSpecification","valueRequired":true,"valueName":"search_term_string"}}],"inLanguage":"et"},{"@type":"Organization","@id":"https:\/\/karineparras.com\/et\/#organization","name":"KARINE PARRAS","url":"https:\/\/karineparras.com\/et\/","logo":{"@type":"ImageObject","inLanguage":"et","@id":"https:\/\/karineparras.com\/et\/#\/schema\/logo\/image\/","url":"https:\/\/karineparras.com\/wp-content\/uploads\/2023\/12\/logo-header.png","contentUrl":"https:\/\/karineparras.com\/wp-content\/uploads\/2023\/12\/logo-header.png","width":1000,"height":60,"caption":"KARINE PARRAS"},"image":{"@id":"https:\/\/karineparras.com\/et\/#\/schema\/logo\/image\/"},"sameAs":["https:\/\/www.facebook.com\/karineparras","https:\/\/www.instagram.com\/karineparras\/"]}]}},"_links":{"self":[{"href":"https:\/\/karineparras.com\/et\/wp-json\/wp\/v2\/product\/26033","targetHints":{"allow":["GET"]}}],"collection":[{"href":"https:\/\/karineparras.com\/et\/wp-json\/wp\/v2\/product"}],"about":[{"href":"https:\/\/karineparras.com\/et\/wp-json\/wp\/v2\/types\/product"}],"wp:featuredmedia":[{"embeddable":true,"href":"https:\/\/karineparras.com\/et\/wp-json\/wp\/v2\/media\/25543"}],"wp:attachment":[{"href":"https:\/\/karineparras.com\/et\/wp-json\/wp\/v2\/media?parent=26033"}],"wp:term":[{"taxonomy":"product_brand","embeddable":true,"href":"https:\/\/karineparras.com\/et\/wp-json\/wp\/v2\/product_brand?post=26033"},{"taxonomy":"product_cat","embeddable":true,"href":"https:\/\/karineparras.com\/et\/wp-json\/wp\/v2\/product_cat?post=26033"},{"taxonomy":"product_tag","embeddable":true,"href":"https:\/\/karineparras.com\/et\/wp-json\/wp\/v2\/product_tag?post=26033"}],"curies":[{"name":"wp","href":"https:\/\/api.w.org\/{rel}","templated":true}]}}