{"id":26002,"date":"2022-10-21T04:29:43","date_gmt":"2022-10-21T01:29:43","guid":{"rendered":"https:\/\/karineparras.com\/product\/kollaste-teemantidega-traatsormus\/"},"modified":"2025-03-18T17:59:37","modified_gmt":"2025-03-18T15:59:37","slug":"kollaste-teemantidega-traatsormus","status":"publish","type":"product","link":"https:\/\/karineparras.com\/et\/product\/kollaste-teemantidega-traatsormus\/","title":{"rendered":"&#8220;The Wire Ring&#8221; Kanaariakollased Teemandid"},"content":{"rendered":"","protected":false},"excerpt":{"rendered":"<p><a href=\"https:\/\/karineparras.com\/product-category\/fine-jewellery-lines\/the-wire-ring\/\" target=\"_blank\" rel=\"noopener\">THE WIRE RING<\/a><\/p>\n<p>Karine Parras signatuurdisain &#8211; The Wire Ring.<\/p>\n<p>Traadid on k\u00e4sitsi \u00fcmber s\u00f5rmuse keritud, mis teeb iga t\u00fcki ainulaadseks. \u00dchegi teise s\u00f5rmuse juhtmeid ei keerata t\u00e4pselt samasuguseks nagu teie s\u00f5rmuse traadid.<\/p>\n<p>Elavat v\u00e4rvi annab Karine Parras&#8217; Signature Coating. S\u00f5rmuse v\u00e4rvi saab muuta vastavalt oma soovile, lisades s\u00f5rmusele mitmekesisust.<\/p>\n<p>Kuus kanariikollast teemanti panevad iga\u00fche pea teistkordselt vaatama. Teemantide diagonaalne paigutus t\u00f5stab v\u00e4limuse uuele tasemele.<\/p>\n<p>See t\u00fckk ei vaja kandmiseks erilist s\u00fcndmust &#8211; seda tahetakse kanda iga p\u00e4ev, nagu t\u00f5elist statement-s\u00f5rmust peakski kandma.<\/p>\n<ul>\n<li>18K roosa kuld Karine Parras pruun signatuurkate<\/li>\n<li>2.30 ctw kanaarikollased teemandid<\/li>\n<\/ul>\n","protected":false},"featured_media":25588,"template":"","meta":{"_themeisle_gutenberg_block_has_review":false},"product_brand":[],"product_cat":[440,441,463],"product_tag":[],"class_list":{"0":"post-26002","1":"product","2":"type-product","3":"status-publish","4":"has-post-thumbnail","6":"product_cat-fine-jewellery-liinid","7":"product_cat-sormused","8":"product_cat-the-wire-ring-et","10":"first","11":"outofstock","12":"shipping-taxable","13":"product-type-simple"},"yoast_head":"<!-- This site is optimized with the Yoast SEO plugin v27.3 - https:\/\/yoast.com\/product\/yoast-seo-wordpress\/ -->\n<title>&quot;The Wire Ring&quot; Kanaariakollased Teemandid - KARINE PARRAS<\/title>\n<meta name=\"description\" content=\"Kuus kanariikollast teemanti panevad iga\u00fche pea teistkordselt vaatama. Teemantide diagonaalne paigutus t\u00f5stab v\u00e4limuse uuele tasemele.\" \/>\n<meta name=\"robots\" content=\"index, follow, max-snippet:-1, max-image-preview:large, max-video-preview:-1\" \/>\n<link rel=\"canonical\" href=\"https:\/\/karineparras.com\/et\/product\/kollaste-teemantidega-traatsormus\/\" \/>\n<meta property=\"og:locale\" content=\"et_EE\" \/>\n<meta property=\"og:type\" content=\"article\" \/>\n<meta property=\"og:title\" content=\"&quot;The Wire Ring&quot; Kanaariakollased Teemandid - KARINE PARRAS\" \/>\n<meta property=\"og:description\" content=\"Kuus kanariikollast teemanti panevad iga\u00fche pea teistkordselt vaatama. Teemantide diagonaalne paigutus t\u00f5stab v\u00e4limuse uuele tasemele.\" \/>\n<meta property=\"og:url\" content=\"https:\/\/karineparras.com\/et\/product\/kollaste-teemantidega-traatsormus\/\" \/>\n<meta property=\"og:site_name\" content=\"KARINE PARRAS\" \/>\n<meta property=\"article:publisher\" content=\"https:\/\/www.facebook.com\/karineparras\" \/>\n<meta property=\"article:modified_time\" content=\"2025-03-18T15:59:37+00:00\" \/>\n<meta property=\"og:image\" content=\"https:\/\/karineparras.com\/wp-content\/uploads\/2022\/10\/KPweb_the_wire_ring_with_yellow_diamonds_brown_rg.jpg\" \/>\n\t<meta property=\"og:image:width\" content=\"1152\" \/>\n\t<meta property=\"og:image:height\" content=\"1536\" \/>\n\t<meta property=\"og:image:type\" content=\"image\/jpeg\" \/>\n<meta name=\"twitter:card\" content=\"summary_large_image\" \/>\n<script type=\"application\/ld+json\" class=\"yoast-schema-graph\">{\"@context\":\"https:\\\/\\\/schema.org\",\"@graph\":[{\"@type\":\"WebPage\",\"@id\":\"https:\\\/\\\/karineparras.com\\\/et\\\/product\\\/kollaste-teemantidega-traatsormus\\\/\",\"url\":\"https:\\\/\\\/karineparras.com\\\/et\\\/product\\\/kollaste-teemantidega-traatsormus\\\/\",\"name\":\"\\\"The Wire Ring\\\" Kanaariakollased Teemandid - KARINE PARRAS\",\"isPartOf\":{\"@id\":\"https:\\\/\\\/karineparras.com\\\/et\\\/#website\"},\"primaryImageOfPage\":{\"@id\":\"https:\\\/\\\/karineparras.com\\\/et\\\/product\\\/kollaste-teemantidega-traatsormus\\\/#primaryimage\"},\"image\":{\"@id\":\"https:\\\/\\\/karineparras.com\\\/et\\\/product\\\/kollaste-teemantidega-traatsormus\\\/#primaryimage\"},\"thumbnailUrl\":\"https:\\\/\\\/karineparras.com\\\/wp-content\\\/uploads\\\/2022\\\/10\\\/KPweb_the_wire_ring_with_yellow_diamonds_brown_rg.jpg\",\"datePublished\":\"2022-10-21T01:29:43+00:00\",\"dateModified\":\"2025-03-18T15:59:37+00:00\",\"description\":\"Kuus kanariikollast teemanti panevad iga\u00fche pea teistkordselt vaatama. Teemantide diagonaalne paigutus t\u00f5stab v\u00e4limuse uuele tasemele.\",\"breadcrumb\":{\"@id\":\"https:\\\/\\\/karineparras.com\\\/et\\\/product\\\/kollaste-teemantidega-traatsormus\\\/#breadcrumb\"},\"inLanguage\":\"et\",\"potentialAction\":[{\"@type\":\"ReadAction\",\"target\":[\"https:\\\/\\\/karineparras.com\\\/et\\\/product\\\/kollaste-teemantidega-traatsormus\\\/\"]}]},{\"@type\":\"ImageObject\",\"inLanguage\":\"et\",\"@id\":\"https:\\\/\\\/karineparras.com\\\/et\\\/product\\\/kollaste-teemantidega-traatsormus\\\/#primaryimage\",\"url\":\"https:\\\/\\\/karineparras.com\\\/wp-content\\\/uploads\\\/2022\\\/10\\\/KPweb_the_wire_ring_with_yellow_diamonds_brown_rg.jpg\",\"contentUrl\":\"https:\\\/\\\/karineparras.com\\\/wp-content\\\/uploads\\\/2022\\\/10\\\/KPweb_the_wire_ring_with_yellow_diamonds_brown_rg.jpg\",\"width\":1152,\"height\":1536},{\"@type\":\"BreadcrumbList\",\"@id\":\"https:\\\/\\\/karineparras.com\\\/et\\\/product\\\/kollaste-teemantidega-traatsormus\\\/#breadcrumb\",\"itemListElement\":[{\"@type\":\"ListItem\",\"position\":1,\"name\":\"Home\",\"item\":\"https:\\\/\\\/karineparras.com\\\/et\\\/karine-parras\\\/\"},{\"@type\":\"ListItem\",\"position\":2,\"name\":\"Pood\",\"item\":\"https:\\\/\\\/karineparras.com\\\/et\\\/pood\\\/\"},{\"@type\":\"ListItem\",\"position\":3,\"name\":\"&#8220;The Wire Ring&#8221; Kanaariakollased Teemandid\"}]},{\"@type\":\"WebSite\",\"@id\":\"https:\\\/\\\/karineparras.com\\\/et\\\/#website\",\"url\":\"https:\\\/\\\/karineparras.com\\\/et\\\/\",\"name\":\"KARINE PARRAS\",\"description\":\"\",\"publisher\":{\"@id\":\"https:\\\/\\\/karineparras.com\\\/et\\\/#organization\"},\"potentialAction\":[{\"@type\":\"SearchAction\",\"target\":{\"@type\":\"EntryPoint\",\"urlTemplate\":\"https:\\\/\\\/karineparras.com\\\/et\\\/?s={search_term_string}\"},\"query-input\":{\"@type\":\"PropertyValueSpecification\",\"valueRequired\":true,\"valueName\":\"search_term_string\"}}],\"inLanguage\":\"et\"},{\"@type\":\"Organization\",\"@id\":\"https:\\\/\\\/karineparras.com\\\/et\\\/#organization\",\"name\":\"KARINE PARRAS\",\"url\":\"https:\\\/\\\/karineparras.com\\\/et\\\/\",\"logo\":{\"@type\":\"ImageObject\",\"inLanguage\":\"et\",\"@id\":\"https:\\\/\\\/karineparras.com\\\/et\\\/#\\\/schema\\\/logo\\\/image\\\/\",\"url\":\"https:\\\/\\\/karineparras.com\\\/wp-content\\\/uploads\\\/2023\\\/12\\\/logo-header.png\",\"contentUrl\":\"https:\\\/\\\/karineparras.com\\\/wp-content\\\/uploads\\\/2023\\\/12\\\/logo-header.png\",\"width\":1000,\"height\":60,\"caption\":\"KARINE PARRAS\"},\"image\":{\"@id\":\"https:\\\/\\\/karineparras.com\\\/et\\\/#\\\/schema\\\/logo\\\/image\\\/\"},\"sameAs\":[\"https:\\\/\\\/www.facebook.com\\\/karineparras\",\"https:\\\/\\\/www.instagram.com\\\/karineparras\\\/\"]}]}<\/script>\n<!-- \/ Yoast SEO plugin. -->","yoast_head_json":{"title":"\"The Wire Ring\" Kanaariakollased Teemandid - KARINE PARRAS","description":"Kuus kanariikollast teemanti panevad iga\u00fche pea teistkordselt vaatama. Teemantide diagonaalne paigutus t\u00f5stab v\u00e4limuse uuele tasemele.","robots":{"index":"index","follow":"follow","max-snippet":"max-snippet:-1","max-image-preview":"max-image-preview:large","max-video-preview":"max-video-preview:-1"},"canonical":"https:\/\/karineparras.com\/et\/product\/kollaste-teemantidega-traatsormus\/","og_locale":"et_EE","og_type":"article","og_title":"\"The Wire Ring\" Kanaariakollased Teemandid - KARINE PARRAS","og_description":"Kuus kanariikollast teemanti panevad iga\u00fche pea teistkordselt vaatama. Teemantide diagonaalne paigutus t\u00f5stab v\u00e4limuse uuele tasemele.","og_url":"https:\/\/karineparras.com\/et\/product\/kollaste-teemantidega-traatsormus\/","og_site_name":"KARINE PARRAS","article_publisher":"https:\/\/www.facebook.com\/karineparras","article_modified_time":"2025-03-18T15:59:37+00:00","og_image":[{"width":1152,"height":1536,"url":"https:\/\/karineparras.com\/wp-content\/uploads\/2022\/10\/KPweb_the_wire_ring_with_yellow_diamonds_brown_rg.jpg","type":"image\/jpeg"}],"twitter_card":"summary_large_image","schema":{"@context":"https:\/\/schema.org","@graph":[{"@type":"WebPage","@id":"https:\/\/karineparras.com\/et\/product\/kollaste-teemantidega-traatsormus\/","url":"https:\/\/karineparras.com\/et\/product\/kollaste-teemantidega-traatsormus\/","name":"\"The Wire Ring\" Kanaariakollased Teemandid - KARINE PARRAS","isPartOf":{"@id":"https:\/\/karineparras.com\/et\/#website"},"primaryImageOfPage":{"@id":"https:\/\/karineparras.com\/et\/product\/kollaste-teemantidega-traatsormus\/#primaryimage"},"image":{"@id":"https:\/\/karineparras.com\/et\/product\/kollaste-teemantidega-traatsormus\/#primaryimage"},"thumbnailUrl":"https:\/\/karineparras.com\/wp-content\/uploads\/2022\/10\/KPweb_the_wire_ring_with_yellow_diamonds_brown_rg.jpg","datePublished":"2022-10-21T01:29:43+00:00","dateModified":"2025-03-18T15:59:37+00:00","description":"Kuus kanariikollast teemanti panevad iga\u00fche pea teistkordselt vaatama. Teemantide diagonaalne paigutus t\u00f5stab v\u00e4limuse uuele tasemele.","breadcrumb":{"@id":"https:\/\/karineparras.com\/et\/product\/kollaste-teemantidega-traatsormus\/#breadcrumb"},"inLanguage":"et","potentialAction":[{"@type":"ReadAction","target":["https:\/\/karineparras.com\/et\/product\/kollaste-teemantidega-traatsormus\/"]}]},{"@type":"ImageObject","inLanguage":"et","@id":"https:\/\/karineparras.com\/et\/product\/kollaste-teemantidega-traatsormus\/#primaryimage","url":"https:\/\/karineparras.com\/wp-content\/uploads\/2022\/10\/KPweb_the_wire_ring_with_yellow_diamonds_brown_rg.jpg","contentUrl":"https:\/\/karineparras.com\/wp-content\/uploads\/2022\/10\/KPweb_the_wire_ring_with_yellow_diamonds_brown_rg.jpg","width":1152,"height":1536},{"@type":"BreadcrumbList","@id":"https:\/\/karineparras.com\/et\/product\/kollaste-teemantidega-traatsormus\/#breadcrumb","itemListElement":[{"@type":"ListItem","position":1,"name":"Home","item":"https:\/\/karineparras.com\/et\/karine-parras\/"},{"@type":"ListItem","position":2,"name":"Pood","item":"https:\/\/karineparras.com\/et\/pood\/"},{"@type":"ListItem","position":3,"name":"&#8220;The Wire Ring&#8221; Kanaariakollased Teemandid"}]},{"@type":"WebSite","@id":"https:\/\/karineparras.com\/et\/#website","url":"https:\/\/karineparras.com\/et\/","name":"KARINE PARRAS","description":"","publisher":{"@id":"https:\/\/karineparras.com\/et\/#organization"},"potentialAction":[{"@type":"SearchAction","target":{"@type":"EntryPoint","urlTemplate":"https:\/\/karineparras.com\/et\/?s={search_term_string}"},"query-input":{"@type":"PropertyValueSpecification","valueRequired":true,"valueName":"search_term_string"}}],"inLanguage":"et"},{"@type":"Organization","@id":"https:\/\/karineparras.com\/et\/#organization","name":"KARINE PARRAS","url":"https:\/\/karineparras.com\/et\/","logo":{"@type":"ImageObject","inLanguage":"et","@id":"https:\/\/karineparras.com\/et\/#\/schema\/logo\/image\/","url":"https:\/\/karineparras.com\/wp-content\/uploads\/2023\/12\/logo-header.png","contentUrl":"https:\/\/karineparras.com\/wp-content\/uploads\/2023\/12\/logo-header.png","width":1000,"height":60,"caption":"KARINE PARRAS"},"image":{"@id":"https:\/\/karineparras.com\/et\/#\/schema\/logo\/image\/"},"sameAs":["https:\/\/www.facebook.com\/karineparras","https:\/\/www.instagram.com\/karineparras\/"]}]}},"_links":{"self":[{"href":"https:\/\/karineparras.com\/et\/wp-json\/wp\/v2\/product\/26002","targetHints":{"allow":["GET"]}}],"collection":[{"href":"https:\/\/karineparras.com\/et\/wp-json\/wp\/v2\/product"}],"about":[{"href":"https:\/\/karineparras.com\/et\/wp-json\/wp\/v2\/types\/product"}],"wp:featuredmedia":[{"embeddable":true,"href":"https:\/\/karineparras.com\/et\/wp-json\/wp\/v2\/media\/25588"}],"wp:attachment":[{"href":"https:\/\/karineparras.com\/et\/wp-json\/wp\/v2\/media?parent=26002"}],"wp:term":[{"taxonomy":"product_brand","embeddable":true,"href":"https:\/\/karineparras.com\/et\/wp-json\/wp\/v2\/product_brand?post=26002"},{"taxonomy":"product_cat","embeddable":true,"href":"https:\/\/karineparras.com\/et\/wp-json\/wp\/v2\/product_cat?post=26002"},{"taxonomy":"product_tag","embeddable":true,"href":"https:\/\/karineparras.com\/et\/wp-json\/wp\/v2\/product_tag?post=26002"}],"curies":[{"name":"wp","href":"https:\/\/api.w.org\/{rel}","templated":true}]}}