{"id":26001,"date":"2022-10-21T04:29:56","date_gmt":"2022-10-21T01:29:56","guid":{"rendered":"https:\/\/karineparras.com\/product\/valge-lounamere-parl-korvarongad\/"},"modified":"2025-03-19T13:57:06","modified_gmt":"2025-03-19T11:57:06","slug":"valge-lounamere-parl-korvarongad","status":"publish","type":"product","link":"https:\/\/karineparras.com\/et\/product\/valge-lounamere-parl-korvarongad\/","title":{"rendered":"Valge L\u00f5unamere P\u00e4rli Kettk\u00f5rvar\u00f5ngad Roosa Kuld"},"content":{"rendered":"","protected":false},"excerpt":{"rendered":"<p><span data-sheets-userformat=\"{\"2\":829,\"3\":{\"1\":0},\"5\":{\"1\":[{\"1\":2,\"2\":0,\"5\":{\"1\":2,\"2\":0}},{\"1\":0,\"2\":0,\"3\":3},{\"1\":1,\"2\":0,\"4\":1}]},\"6\":{\"1\":[{\"1\":2,\"2\":0,\"5\":{\"1\":2,\"2\":0}},{\"1\":0,\"2\":0,\"3\":3},{\"1\":1,\"2\":0,\"4\":1}]},\"7\":{\"1\":[{\"1\":2,\"2\":0,\"5\":{\"1\":2,\"2\":0}},{\"1\":0,\"2\":0,\"3\":3},{\"1\":1,\"2\":0,\"4\":1}]},\"8\":{\"1\":[{\"1\":2,\"2\":0,\"5\":{\"1\":2,\"2\":0}},{\"1\":0,\"2\":0,\"3\":3},{\"1\":1,\"2\":0,\"4\":1}]},\"11\":4,\"12\":0}\" data-sheets-value=\"{\"1\":2,\"2\":\"The simplicity and elegance of the Tahitian Sea pearls are always a welcomed treat in any look. These earrings use 18 karat rose gold chains, which are complimented by 10,5mm Tahitian Sea pearls.nn - 18K rose goldn - 10,5mm Tahitian pearls\"}\">K\u00f5rvar\u00f5ngastel kasutatakse 4,5 cm pikkuseid 18-karaadist roosast kullast ketti, et esitleda valgeid L\u00f5unamere p\u00e4rleid. <\/span><span data-sheets-userformat=\"{\"2\":829,\"3\":{\"1\":0},\"5\":{\"1\":[{\"1\":2,\"2\":0,\"5\":{\"1\":2,\"2\":0}},{\"1\":0,\"2\":0,\"3\":3},{\"1\":1,\"2\":0,\"4\":1}]},\"6\":{\"1\":[{\"1\":2,\"2\":0,\"5\":{\"1\":2,\"2\":0}},{\"1\":0,\"2\":0,\"3\":3},{\"1\":1,\"2\":0,\"4\":1}]},\"7\":{\"1\":[{\"1\":2,\"2\":0,\"5\":{\"1\":2,\"2\":0}},{\"1\":0,\"2\":0,\"3\":3},{\"1\":1,\"2\":0,\"4\":1}]},\"8\":{\"1\":[{\"1\":2,\"2\":0,\"5\":{\"1\":2,\"2\":0}},{\"1\":0,\"2\":0,\"3\":3},{\"1\":1,\"2\":0,\"4\":1}]},\"11\":4,\"12\":0}\" data-sheets-value=\"{\"1\":2,\"2\":\"The simplicity and elegance of the Tahitian Sea pearls are always a welcomed treat in any look. These earrings use 18 karat rose gold chains, which are complimented by 10,5mm Tahitian Sea pearls.nn - 18K rose goldn - 10,5mm Tahitian pearls\"}\">P\u00e4rlid langevad veidi allpool l\u00f5uajoont, mis annab neile vabaduse kergelt liigutustega kaasa kiikuda. K\u00f5rgele kinnitatud hobusesaba toob nende erilise s\u00e4ra veelgi paremini esile.<\/span><\/p>\n<ul>\n<li><span data-sheets-userformat=\"{\"2\":829,\"3\":{\"1\":0},\"5\":{\"1\":[{\"1\":2,\"2\":0,\"5\":{\"1\":2,\"2\":0}},{\"1\":0,\"2\":0,\"3\":3},{\"1\":1,\"2\":0,\"4\":1}]},\"6\":{\"1\":[{\"1\":2,\"2\":0,\"5\":{\"1\":2,\"2\":0}},{\"1\":0,\"2\":0,\"3\":3},{\"1\":1,\"2\":0,\"4\":1}]},\"7\":{\"1\":[{\"1\":2,\"2\":0,\"5\":{\"1\":2,\"2\":0}},{\"1\":0,\"2\":0,\"3\":3},{\"1\":1,\"2\":0,\"4\":1}]},\"8\":{\"1\":[{\"1\":2,\"2\":0,\"5\":{\"1\":2,\"2\":0}},{\"1\":0,\"2\":0,\"3\":3},{\"1\":1,\"2\":0,\"4\":1}]},\"11\":4,\"12\":0}\" data-sheets-value=\"{\"1\":2,\"2\":\"By using rare white South Sea pearls, found in the oceans just off the coast of Australia and South-East Asia, we have created these captivating earrings. South Sea pearl earrings use 18 karat rose gold chains and at the end of each chain lies a gorgeous white South Sea pearl.nn - 18K rose goldn - White South Sea pearls\"}\">18K roosa kuld<\/span><\/li>\n<li>12 mm valged L\u00f5unamere p\u00e4rlid<\/li>\n<\/ul>\n","protected":false},"featured_media":25621,"template":"","meta":{"_themeisle_gutenberg_block_has_review":false},"product_brand":[],"product_cat":[440,454,472],"product_tag":[480,456,483,532,484,553,490,476,491,554,474,473,497,475,520,493,519,494,495,496,486,498,499,512,513,485,479,500,477,501,487,502,489,505,547,549,550,551,552,506,478,482,531,509,508,507,510,511,529,545,514,515,546,492,516,522,518,523,521,526,525,528,530,527,534,535,533,542,540,543,481,555,517,524,548,467,544],"class_list":{"0":"post-26001","1":"product","2":"type-product","3":"status-publish","4":"has-post-thumbnail","6":"product_cat-fine-jewellery-liinid","7":"product_cat-korvarongad","8":"product_cat-parlid","9":"product_tag-18-et","10":"product_tag-18k-et","11":"product_tag-aksessuaarid-et","12":"product_tag-avaldus","13":"product_tag-brandi","14":"product_tag-bykarine-et","15":"product_tag-disain","16":"product_tag-eesti-et","17":"product_tag-eesti-et-2","18":"product_tag-eestimaa-et","19":"product_tag-ehe-et","20":"product_tag-ehted","21":"product_tag-ehted-et","22":"product_tag-estonia-et","23":"product_tag-ettepanek","24":"product_tag-idee","25":"product_tag-isiklik","26":"product_tag-itaalia-et","27":"product_tag-itaalia-et-2","28":"product_tag-itaalia-et-3","29":"product_tag-joulud-et","30":"product_tag-joulud-et-2","31":"product_tag-joulukingitus-et","32":"product_tag-kaasaegne","33":"product_tag-kaasaegne-et","34":"product_tag-karaat","35":"product_tag-kingiidee-et","36":"product_tag-kingitus-et-2","37":"product_tag-kingitus-et","38":"product_tag-klassika-et","39":"product_tag-klassikaline-et","40":"product_tag-klassikaline-et-2","41":"product_tag-kohandatud","42":"product_tag-kollane-et","43":"product_tag-kollane-et-2","44":"product_tag-korvarongad-et","45":"product_tag-korvarongad-et-2","46":"product_tag-korvarongad-et-3","47":"product_tag-korvarongas-et","48":"product_tag-kuld-et-2","49":"product_tag-kuld-et","50":"product_tag-lisaseadmed","51":"product_tag-louna","52":"product_tag-lounameri-et","53":"product_tag-luksus","54":"product_tag-luksuslik-et","55":"product_tag-magevee-et","56":"product_tag-magevesi-et","57":"product_tag-meri","58":"product_tag-naine-et-2","59":"product_tag-naine-et","60":"product_tag-naise-et","61":"product_tag-naised","62":"product_tag-naissoost","63":"product_tag-naisteehted-et","64":"product_tag-parl-et","65":"product_tag-parlid-et","66":"product_tag-parlid-et-2","67":"product_tag-puhas-et","68":"product_tag-roos","69":"product_tag-roosa-et","70":"product_tag-skandinaavia-et-2","71":"product_tag-skandinaavia-et-3","72":"product_tag-skandinaavia-et","73":"product_tag-stiil","74":"product_tag-stiilne","75":"product_tag-stuudio","76":"product_tag-tahiti-et-2","77":"product_tag-tahiti-et","78":"product_tag-tallinn-et","79":"product_tag-tarvikud","80":"product_tag-tehtud-et","81":"product_tag-tellimus","82":"product_tag-toeline","83":"product_tag-ulekullatud-et","84":"product_tag-valge-et","85":"product_tag-valge-et-2","87":"first","88":"outofstock","89":"shipping-taxable","90":"purchasable","91":"product-type-simple"},"yoast_head":"<!-- This site is optimized with the Yoast SEO plugin v27.3 - https:\/\/yoast.com\/product\/yoast-seo-wordpress\/ -->\n<title>Valge L\u00f5unamere P\u00e4rli Kettk\u00f5rvar\u00f5ngad Roosa Kuld - KARINE PARRAS<\/title>\n<meta name=\"description\" content=\"Roosast kullast kettide abil on esile toodud valged L\u00f5unamere p\u00e4rlid. P\u00e4rlid langevad veidi alla l\u00f5uajoone, mis annab neile vabaduse kergelt kiikuda.\" \/>\n<meta name=\"robots\" content=\"index, follow, max-snippet:-1, max-image-preview:large, max-video-preview:-1\" \/>\n<link rel=\"canonical\" href=\"https:\/\/karineparras.com\/et\/product\/valge-lounamere-parl-korvarongad\/\" \/>\n<meta property=\"og:locale\" content=\"et_EE\" \/>\n<meta property=\"og:type\" content=\"article\" \/>\n<meta property=\"og:title\" content=\"Valge L\u00f5unamere P\u00e4rli Kettk\u00f5rvar\u00f5ngad Roosa Kuld - KARINE PARRAS\" \/>\n<meta property=\"og:description\" content=\"Roosast kullast kettide abil on esile toodud valged L\u00f5unamere p\u00e4rlid. P\u00e4rlid langevad veidi alla l\u00f5uajoone, mis annab neile vabaduse kergelt kiikuda.\" \/>\n<meta property=\"og:url\" content=\"https:\/\/karineparras.com\/et\/product\/valge-lounamere-parl-korvarongad\/\" \/>\n<meta property=\"og:site_name\" content=\"KARINE PARRAS\" \/>\n<meta property=\"article:publisher\" content=\"https:\/\/www.facebook.com\/karineparras\" \/>\n<meta property=\"article:modified_time\" content=\"2025-03-19T11:57:06+00:00\" \/>\n<meta property=\"og:image\" content=\"https:\/\/karineparras.com\/wp-content\/uploads\/2022\/10\/pietra_white_pearl_earrings_dangle_rose_gold.jpg\" \/>\n\t<meta property=\"og:image:width\" content=\"1152\" \/>\n\t<meta property=\"og:image:height\" content=\"1536\" \/>\n\t<meta property=\"og:image:type\" content=\"image\/jpeg\" \/>\n<meta name=\"twitter:card\" content=\"summary_large_image\" \/>\n<script type=\"application\/ld+json\" class=\"yoast-schema-graph\">{\"@context\":\"https:\\\/\\\/schema.org\",\"@graph\":[{\"@type\":\"WebPage\",\"@id\":\"https:\\\/\\\/karineparras.com\\\/et\\\/product\\\/valge-lounamere-parl-korvarongad\\\/\",\"url\":\"https:\\\/\\\/karineparras.com\\\/et\\\/product\\\/valge-lounamere-parl-korvarongad\\\/\",\"name\":\"Valge L\u00f5unamere P\u00e4rli Kettk\u00f5rvar\u00f5ngad Roosa Kuld - KARINE PARRAS\",\"isPartOf\":{\"@id\":\"https:\\\/\\\/karineparras.com\\\/et\\\/#website\"},\"primaryImageOfPage\":{\"@id\":\"https:\\\/\\\/karineparras.com\\\/et\\\/product\\\/valge-lounamere-parl-korvarongad\\\/#primaryimage\"},\"image\":{\"@id\":\"https:\\\/\\\/karineparras.com\\\/et\\\/product\\\/valge-lounamere-parl-korvarongad\\\/#primaryimage\"},\"thumbnailUrl\":\"https:\\\/\\\/karineparras.com\\\/wp-content\\\/uploads\\\/2022\\\/10\\\/pietra_white_pearl_earrings_dangle_rose_gold.jpg\",\"datePublished\":\"2022-10-21T01:29:56+00:00\",\"dateModified\":\"2025-03-19T11:57:06+00:00\",\"description\":\"Roosast kullast kettide abil on esile toodud valged L\u00f5unamere p\u00e4rlid. P\u00e4rlid langevad veidi alla l\u00f5uajoone, mis annab neile vabaduse kergelt kiikuda.\",\"breadcrumb\":{\"@id\":\"https:\\\/\\\/karineparras.com\\\/et\\\/product\\\/valge-lounamere-parl-korvarongad\\\/#breadcrumb\"},\"inLanguage\":\"et\",\"potentialAction\":[{\"@type\":\"ReadAction\",\"target\":[\"https:\\\/\\\/karineparras.com\\\/et\\\/product\\\/valge-lounamere-parl-korvarongad\\\/\"]}]},{\"@type\":\"ImageObject\",\"inLanguage\":\"et\",\"@id\":\"https:\\\/\\\/karineparras.com\\\/et\\\/product\\\/valge-lounamere-parl-korvarongad\\\/#primaryimage\",\"url\":\"https:\\\/\\\/karineparras.com\\\/wp-content\\\/uploads\\\/2022\\\/10\\\/pietra_white_pearl_earrings_dangle_rose_gold.jpg\",\"contentUrl\":\"https:\\\/\\\/karineparras.com\\\/wp-content\\\/uploads\\\/2022\\\/10\\\/pietra_white_pearl_earrings_dangle_rose_gold.jpg\",\"width\":1152,\"height\":1536},{\"@type\":\"BreadcrumbList\",\"@id\":\"https:\\\/\\\/karineparras.com\\\/et\\\/product\\\/valge-lounamere-parl-korvarongad\\\/#breadcrumb\",\"itemListElement\":[{\"@type\":\"ListItem\",\"position\":1,\"name\":\"Home\",\"item\":\"https:\\\/\\\/karineparras.com\\\/et\\\/karine-parras\\\/\"},{\"@type\":\"ListItem\",\"position\":2,\"name\":\"Pood\",\"item\":\"https:\\\/\\\/karineparras.com\\\/et\\\/pood\\\/\"},{\"@type\":\"ListItem\",\"position\":3,\"name\":\"Valge L\u00f5unamere P\u00e4rli Kettk\u00f5rvar\u00f5ngad Roosa Kuld\"}]},{\"@type\":\"WebSite\",\"@id\":\"https:\\\/\\\/karineparras.com\\\/et\\\/#website\",\"url\":\"https:\\\/\\\/karineparras.com\\\/et\\\/\",\"name\":\"KARINE PARRAS\",\"description\":\"\",\"publisher\":{\"@id\":\"https:\\\/\\\/karineparras.com\\\/et\\\/#organization\"},\"potentialAction\":[{\"@type\":\"SearchAction\",\"target\":{\"@type\":\"EntryPoint\",\"urlTemplate\":\"https:\\\/\\\/karineparras.com\\\/et\\\/?s={search_term_string}\"},\"query-input\":{\"@type\":\"PropertyValueSpecification\",\"valueRequired\":true,\"valueName\":\"search_term_string\"}}],\"inLanguage\":\"et\"},{\"@type\":\"Organization\",\"@id\":\"https:\\\/\\\/karineparras.com\\\/et\\\/#organization\",\"name\":\"KARINE PARRAS\",\"url\":\"https:\\\/\\\/karineparras.com\\\/et\\\/\",\"logo\":{\"@type\":\"ImageObject\",\"inLanguage\":\"et\",\"@id\":\"https:\\\/\\\/karineparras.com\\\/et\\\/#\\\/schema\\\/logo\\\/image\\\/\",\"url\":\"https:\\\/\\\/karineparras.com\\\/wp-content\\\/uploads\\\/2023\\\/12\\\/logo-header.png\",\"contentUrl\":\"https:\\\/\\\/karineparras.com\\\/wp-content\\\/uploads\\\/2023\\\/12\\\/logo-header.png\",\"width\":1000,\"height\":60,\"caption\":\"KARINE PARRAS\"},\"image\":{\"@id\":\"https:\\\/\\\/karineparras.com\\\/et\\\/#\\\/schema\\\/logo\\\/image\\\/\"},\"sameAs\":[\"https:\\\/\\\/www.facebook.com\\\/karineparras\",\"https:\\\/\\\/www.instagram.com\\\/karineparras\\\/\"]}]}<\/script>\n<!-- \/ Yoast SEO plugin. -->","yoast_head_json":{"title":"Valge L\u00f5unamere P\u00e4rli Kettk\u00f5rvar\u00f5ngad Roosa Kuld - KARINE PARRAS","description":"Roosast kullast kettide abil on esile toodud valged L\u00f5unamere p\u00e4rlid. P\u00e4rlid langevad veidi alla l\u00f5uajoone, mis annab neile vabaduse kergelt kiikuda.","robots":{"index":"index","follow":"follow","max-snippet":"max-snippet:-1","max-image-preview":"max-image-preview:large","max-video-preview":"max-video-preview:-1"},"canonical":"https:\/\/karineparras.com\/et\/product\/valge-lounamere-parl-korvarongad\/","og_locale":"et_EE","og_type":"article","og_title":"Valge L\u00f5unamere P\u00e4rli Kettk\u00f5rvar\u00f5ngad Roosa Kuld - KARINE PARRAS","og_description":"Roosast kullast kettide abil on esile toodud valged L\u00f5unamere p\u00e4rlid. P\u00e4rlid langevad veidi alla l\u00f5uajoone, mis annab neile vabaduse kergelt kiikuda.","og_url":"https:\/\/karineparras.com\/et\/product\/valge-lounamere-parl-korvarongad\/","og_site_name":"KARINE PARRAS","article_publisher":"https:\/\/www.facebook.com\/karineparras","article_modified_time":"2025-03-19T11:57:06+00:00","og_image":[{"width":1152,"height":1536,"url":"https:\/\/karineparras.com\/wp-content\/uploads\/2022\/10\/pietra_white_pearl_earrings_dangle_rose_gold.jpg","type":"image\/jpeg"}],"twitter_card":"summary_large_image","schema":{"@context":"https:\/\/schema.org","@graph":[{"@type":"WebPage","@id":"https:\/\/karineparras.com\/et\/product\/valge-lounamere-parl-korvarongad\/","url":"https:\/\/karineparras.com\/et\/product\/valge-lounamere-parl-korvarongad\/","name":"Valge L\u00f5unamere P\u00e4rli Kettk\u00f5rvar\u00f5ngad Roosa Kuld - KARINE PARRAS","isPartOf":{"@id":"https:\/\/karineparras.com\/et\/#website"},"primaryImageOfPage":{"@id":"https:\/\/karineparras.com\/et\/product\/valge-lounamere-parl-korvarongad\/#primaryimage"},"image":{"@id":"https:\/\/karineparras.com\/et\/product\/valge-lounamere-parl-korvarongad\/#primaryimage"},"thumbnailUrl":"https:\/\/karineparras.com\/wp-content\/uploads\/2022\/10\/pietra_white_pearl_earrings_dangle_rose_gold.jpg","datePublished":"2022-10-21T01:29:56+00:00","dateModified":"2025-03-19T11:57:06+00:00","description":"Roosast kullast kettide abil on esile toodud valged L\u00f5unamere p\u00e4rlid. P\u00e4rlid langevad veidi alla l\u00f5uajoone, mis annab neile vabaduse kergelt kiikuda.","breadcrumb":{"@id":"https:\/\/karineparras.com\/et\/product\/valge-lounamere-parl-korvarongad\/#breadcrumb"},"inLanguage":"et","potentialAction":[{"@type":"ReadAction","target":["https:\/\/karineparras.com\/et\/product\/valge-lounamere-parl-korvarongad\/"]}]},{"@type":"ImageObject","inLanguage":"et","@id":"https:\/\/karineparras.com\/et\/product\/valge-lounamere-parl-korvarongad\/#primaryimage","url":"https:\/\/karineparras.com\/wp-content\/uploads\/2022\/10\/pietra_white_pearl_earrings_dangle_rose_gold.jpg","contentUrl":"https:\/\/karineparras.com\/wp-content\/uploads\/2022\/10\/pietra_white_pearl_earrings_dangle_rose_gold.jpg","width":1152,"height":1536},{"@type":"BreadcrumbList","@id":"https:\/\/karineparras.com\/et\/product\/valge-lounamere-parl-korvarongad\/#breadcrumb","itemListElement":[{"@type":"ListItem","position":1,"name":"Home","item":"https:\/\/karineparras.com\/et\/karine-parras\/"},{"@type":"ListItem","position":2,"name":"Pood","item":"https:\/\/karineparras.com\/et\/pood\/"},{"@type":"ListItem","position":3,"name":"Valge L\u00f5unamere P\u00e4rli Kettk\u00f5rvar\u00f5ngad Roosa Kuld"}]},{"@type":"WebSite","@id":"https:\/\/karineparras.com\/et\/#website","url":"https:\/\/karineparras.com\/et\/","name":"KARINE PARRAS","description":"","publisher":{"@id":"https:\/\/karineparras.com\/et\/#organization"},"potentialAction":[{"@type":"SearchAction","target":{"@type":"EntryPoint","urlTemplate":"https:\/\/karineparras.com\/et\/?s={search_term_string}"},"query-input":{"@type":"PropertyValueSpecification","valueRequired":true,"valueName":"search_term_string"}}],"inLanguage":"et"},{"@type":"Organization","@id":"https:\/\/karineparras.com\/et\/#organization","name":"KARINE PARRAS","url":"https:\/\/karineparras.com\/et\/","logo":{"@type":"ImageObject","inLanguage":"et","@id":"https:\/\/karineparras.com\/et\/#\/schema\/logo\/image\/","url":"https:\/\/karineparras.com\/wp-content\/uploads\/2023\/12\/logo-header.png","contentUrl":"https:\/\/karineparras.com\/wp-content\/uploads\/2023\/12\/logo-header.png","width":1000,"height":60,"caption":"KARINE PARRAS"},"image":{"@id":"https:\/\/karineparras.com\/et\/#\/schema\/logo\/image\/"},"sameAs":["https:\/\/www.facebook.com\/karineparras","https:\/\/www.instagram.com\/karineparras\/"]}]}},"_links":{"self":[{"href":"https:\/\/karineparras.com\/et\/wp-json\/wp\/v2\/product\/26001","targetHints":{"allow":["GET"]}}],"collection":[{"href":"https:\/\/karineparras.com\/et\/wp-json\/wp\/v2\/product"}],"about":[{"href":"https:\/\/karineparras.com\/et\/wp-json\/wp\/v2\/types\/product"}],"wp:featuredmedia":[{"embeddable":true,"href":"https:\/\/karineparras.com\/et\/wp-json\/wp\/v2\/media\/25621"}],"wp:attachment":[{"href":"https:\/\/karineparras.com\/et\/wp-json\/wp\/v2\/media?parent=26001"}],"wp:term":[{"taxonomy":"product_brand","embeddable":true,"href":"https:\/\/karineparras.com\/et\/wp-json\/wp\/v2\/product_brand?post=26001"},{"taxonomy":"product_cat","embeddable":true,"href":"https:\/\/karineparras.com\/et\/wp-json\/wp\/v2\/product_cat?post=26001"},{"taxonomy":"product_tag","embeddable":true,"href":"https:\/\/karineparras.com\/et\/wp-json\/wp\/v2\/product_tag?post=26001"}],"curies":[{"name":"wp","href":"https:\/\/api.w.org\/{rel}","templated":true}]}}