{"id":25999,"date":"2022-10-21T04:29:35","date_gmt":"2022-10-21T01:29:35","guid":{"rendered":"https:\/\/karineparras.com\/product\/lucky-hand-kae-kaevoru-pika\/"},"modified":"2025-03-18T14:29:55","modified_gmt":"2025-03-18T12:29:55","slug":"lucky-hand-kae-kaevoru-pika","status":"publish","type":"product","link":"https:\/\/karineparras.com\/et\/product\/lucky-hand-kae-kaevoru-pika\/","title":{"rendered":"&#8220;Lucky Hand&#8221; K\u00e4ev\u00f5ru &#8211; Poti"},"content":{"rendered":"","protected":false},"excerpt":{"rendered":"<p><a href=\"https:\/\/karineparras.com\/product-category\/fine-jewellery-lines\/lucky-hand\/\" target=\"_blank\" rel=\"noopener\">LUCKY HAND<\/a><\/p>\n<div class=\"sc-comment-editor-unstyled-block\" data-offset-key=\"13o0d-0-0\" data-editor=\"82nre\" data-block=\"true\">\n<div class=\"public-DraftStyleDefault-block public-DraftStyleDefault-ltr\" data-offset-key=\"13o0d-0-0\">\n<p class=\"p1\">Riski ja \u00f5nne tasakaal. Lucky Hand kollektsioon s\u00fcmboliseerib seiklusi, \u00f5nne ja rasket t\u00f6\u00f6d.<\/p>\n<p class=\"p1\">Kullast valmistatud ja osaliselt emailiga kaetud kaardis\u00fcmbolid moodustavad minimalistlikud, kuid elegantsed k\u00f5rvar\u00f5ngad.<\/p>\n<ul>\n<li>18K roosa kuld<\/li>\n<li>Must email<\/li>\n<\/ul>\n<\/div>\n<\/div>\n","protected":false},"featured_media":25563,"template":"","meta":{"_themeisle_gutenberg_block_has_review":false},"product_brand":[],"product_cat":[440,455,566],"product_tag":[571,574,567,573,569,478,572,568,570,526],"class_list":{"0":"post-25999","1":"product","2":"type-product","3":"status-publish","4":"has-post-thumbnail","6":"product_cat-fine-jewellery-liinid","7":"product_cat-kaevorud","8":"product_cat-lucky-hand-et","9":"product_tag-email","10":"product_tag-kaed","11":"product_tag-kaevoru-et-2","12":"product_tag-kaevorud-et-2","13":"product_tag-kasi","14":"product_tag-kuld-et","15":"product_tag-labidad","16":"product_tag-lucky-et","17":"product_tag-must","18":"product_tag-roos","20":"first","21":"outofstock","22":"shipping-taxable","23":"purchasable","24":"product-type-simple"},"yoast_head":"<!-- This site is optimized with the Yoast SEO plugin v27.3 - https:\/\/yoast.com\/product\/yoast-seo-wordpress\/ -->\n<title>&quot;Lucky Hand&quot; K\u00e4ev\u00f5ru - Poti - KARINE PARRAS<\/title>\n<meta name=\"description\" content=\"Riski ja \u00f5nne tasakaal. Lucky Hand kollektsioon s\u00fcmboliseerib seiklusi, \u00f5nne ja rasket t\u00f6\u00f6d. 18K roosa kuld ja must email.\" \/>\n<meta name=\"robots\" content=\"index, follow, max-snippet:-1, max-image-preview:large, max-video-preview:-1\" \/>\n<link rel=\"canonical\" href=\"https:\/\/karineparras.com\/et\/product\/lucky-hand-kae-kaevoru-pika\/\" \/>\n<meta property=\"og:locale\" content=\"et_EE\" \/>\n<meta property=\"og:type\" content=\"article\" \/>\n<meta property=\"og:title\" content=\"&quot;Lucky Hand&quot; K\u00e4ev\u00f5ru - Poti - KARINE PARRAS\" \/>\n<meta property=\"og:description\" content=\"Riski ja \u00f5nne tasakaal. Lucky Hand kollektsioon s\u00fcmboliseerib seiklusi, \u00f5nne ja rasket t\u00f6\u00f6d. 18K roosa kuld ja must email.\" \/>\n<meta property=\"og:url\" content=\"https:\/\/karineparras.com\/et\/product\/lucky-hand-kae-kaevoru-pika\/\" \/>\n<meta property=\"og:site_name\" content=\"KARINE PARRAS\" \/>\n<meta property=\"article:publisher\" content=\"https:\/\/www.facebook.com\/karineparras\" \/>\n<meta property=\"article:modified_time\" content=\"2025-03-18T12:29:55+00:00\" \/>\n<meta property=\"og:image\" content=\"https:\/\/karineparras.com\/wp-content\/uploads\/2022\/10\/KPweb_lucky_hand_bracelet_rg-spades.jpg\" \/>\n\t<meta property=\"og:image:width\" content=\"1152\" \/>\n\t<meta property=\"og:image:height\" content=\"1536\" \/>\n\t<meta property=\"og:image:type\" content=\"image\/jpeg\" \/>\n<meta name=\"twitter:card\" content=\"summary_large_image\" \/>\n<script type=\"application\/ld+json\" class=\"yoast-schema-graph\">{\"@context\":\"https:\\\/\\\/schema.org\",\"@graph\":[{\"@type\":\"WebPage\",\"@id\":\"https:\\\/\\\/karineparras.com\\\/et\\\/product\\\/lucky-hand-kae-kaevoru-pika\\\/\",\"url\":\"https:\\\/\\\/karineparras.com\\\/et\\\/product\\\/lucky-hand-kae-kaevoru-pika\\\/\",\"name\":\"\\\"Lucky Hand\\\" K\u00e4ev\u00f5ru - Poti - KARINE PARRAS\",\"isPartOf\":{\"@id\":\"https:\\\/\\\/karineparras.com\\\/et\\\/#website\"},\"primaryImageOfPage\":{\"@id\":\"https:\\\/\\\/karineparras.com\\\/et\\\/product\\\/lucky-hand-kae-kaevoru-pika\\\/#primaryimage\"},\"image\":{\"@id\":\"https:\\\/\\\/karineparras.com\\\/et\\\/product\\\/lucky-hand-kae-kaevoru-pika\\\/#primaryimage\"},\"thumbnailUrl\":\"https:\\\/\\\/karineparras.com\\\/wp-content\\\/uploads\\\/2022\\\/10\\\/KPweb_lucky_hand_bracelet_rg-spades.jpg\",\"datePublished\":\"2022-10-21T01:29:35+00:00\",\"dateModified\":\"2025-03-18T12:29:55+00:00\",\"description\":\"Riski ja \u00f5nne tasakaal. Lucky Hand kollektsioon s\u00fcmboliseerib seiklusi, \u00f5nne ja rasket t\u00f6\u00f6d. 18K roosa kuld ja must email.\",\"breadcrumb\":{\"@id\":\"https:\\\/\\\/karineparras.com\\\/et\\\/product\\\/lucky-hand-kae-kaevoru-pika\\\/#breadcrumb\"},\"inLanguage\":\"et\",\"potentialAction\":[{\"@type\":\"ReadAction\",\"target\":[\"https:\\\/\\\/karineparras.com\\\/et\\\/product\\\/lucky-hand-kae-kaevoru-pika\\\/\"]}]},{\"@type\":\"ImageObject\",\"inLanguage\":\"et\",\"@id\":\"https:\\\/\\\/karineparras.com\\\/et\\\/product\\\/lucky-hand-kae-kaevoru-pika\\\/#primaryimage\",\"url\":\"https:\\\/\\\/karineparras.com\\\/wp-content\\\/uploads\\\/2022\\\/10\\\/KPweb_lucky_hand_bracelet_rg-spades.jpg\",\"contentUrl\":\"https:\\\/\\\/karineparras.com\\\/wp-content\\\/uploads\\\/2022\\\/10\\\/KPweb_lucky_hand_bracelet_rg-spades.jpg\",\"width\":1152,\"height\":1536},{\"@type\":\"BreadcrumbList\",\"@id\":\"https:\\\/\\\/karineparras.com\\\/et\\\/product\\\/lucky-hand-kae-kaevoru-pika\\\/#breadcrumb\",\"itemListElement\":[{\"@type\":\"ListItem\",\"position\":1,\"name\":\"Home\",\"item\":\"https:\\\/\\\/karineparras.com\\\/et\\\/karine-parras\\\/\"},{\"@type\":\"ListItem\",\"position\":2,\"name\":\"Pood\",\"item\":\"https:\\\/\\\/karineparras.com\\\/et\\\/pood\\\/\"},{\"@type\":\"ListItem\",\"position\":3,\"name\":\"&#8220;Lucky Hand&#8221; K\u00e4ev\u00f5ru &#8211; Poti\"}]},{\"@type\":\"WebSite\",\"@id\":\"https:\\\/\\\/karineparras.com\\\/et\\\/#website\",\"url\":\"https:\\\/\\\/karineparras.com\\\/et\\\/\",\"name\":\"KARINE PARRAS\",\"description\":\"\",\"publisher\":{\"@id\":\"https:\\\/\\\/karineparras.com\\\/et\\\/#organization\"},\"potentialAction\":[{\"@type\":\"SearchAction\",\"target\":{\"@type\":\"EntryPoint\",\"urlTemplate\":\"https:\\\/\\\/karineparras.com\\\/et\\\/?s={search_term_string}\"},\"query-input\":{\"@type\":\"PropertyValueSpecification\",\"valueRequired\":true,\"valueName\":\"search_term_string\"}}],\"inLanguage\":\"et\"},{\"@type\":\"Organization\",\"@id\":\"https:\\\/\\\/karineparras.com\\\/et\\\/#organization\",\"name\":\"KARINE PARRAS\",\"url\":\"https:\\\/\\\/karineparras.com\\\/et\\\/\",\"logo\":{\"@type\":\"ImageObject\",\"inLanguage\":\"et\",\"@id\":\"https:\\\/\\\/karineparras.com\\\/et\\\/#\\\/schema\\\/logo\\\/image\\\/\",\"url\":\"https:\\\/\\\/karineparras.com\\\/wp-content\\\/uploads\\\/2023\\\/12\\\/logo-header.png\",\"contentUrl\":\"https:\\\/\\\/karineparras.com\\\/wp-content\\\/uploads\\\/2023\\\/12\\\/logo-header.png\",\"width\":1000,\"height\":60,\"caption\":\"KARINE PARRAS\"},\"image\":{\"@id\":\"https:\\\/\\\/karineparras.com\\\/et\\\/#\\\/schema\\\/logo\\\/image\\\/\"},\"sameAs\":[\"https:\\\/\\\/www.facebook.com\\\/karineparras\",\"https:\\\/\\\/www.instagram.com\\\/karineparras\\\/\"]}]}<\/script>\n<!-- \/ Yoast SEO plugin. -->","yoast_head_json":{"title":"\"Lucky Hand\" K\u00e4ev\u00f5ru - Poti - KARINE PARRAS","description":"Riski ja \u00f5nne tasakaal. Lucky Hand kollektsioon s\u00fcmboliseerib seiklusi, \u00f5nne ja rasket t\u00f6\u00f6d. 18K roosa kuld ja must email.","robots":{"index":"index","follow":"follow","max-snippet":"max-snippet:-1","max-image-preview":"max-image-preview:large","max-video-preview":"max-video-preview:-1"},"canonical":"https:\/\/karineparras.com\/et\/product\/lucky-hand-kae-kaevoru-pika\/","og_locale":"et_EE","og_type":"article","og_title":"\"Lucky Hand\" K\u00e4ev\u00f5ru - Poti - KARINE PARRAS","og_description":"Riski ja \u00f5nne tasakaal. Lucky Hand kollektsioon s\u00fcmboliseerib seiklusi, \u00f5nne ja rasket t\u00f6\u00f6d. 18K roosa kuld ja must email.","og_url":"https:\/\/karineparras.com\/et\/product\/lucky-hand-kae-kaevoru-pika\/","og_site_name":"KARINE PARRAS","article_publisher":"https:\/\/www.facebook.com\/karineparras","article_modified_time":"2025-03-18T12:29:55+00:00","og_image":[{"width":1152,"height":1536,"url":"https:\/\/karineparras.com\/wp-content\/uploads\/2022\/10\/KPweb_lucky_hand_bracelet_rg-spades.jpg","type":"image\/jpeg"}],"twitter_card":"summary_large_image","schema":{"@context":"https:\/\/schema.org","@graph":[{"@type":"WebPage","@id":"https:\/\/karineparras.com\/et\/product\/lucky-hand-kae-kaevoru-pika\/","url":"https:\/\/karineparras.com\/et\/product\/lucky-hand-kae-kaevoru-pika\/","name":"\"Lucky Hand\" K\u00e4ev\u00f5ru - Poti - KARINE PARRAS","isPartOf":{"@id":"https:\/\/karineparras.com\/et\/#website"},"primaryImageOfPage":{"@id":"https:\/\/karineparras.com\/et\/product\/lucky-hand-kae-kaevoru-pika\/#primaryimage"},"image":{"@id":"https:\/\/karineparras.com\/et\/product\/lucky-hand-kae-kaevoru-pika\/#primaryimage"},"thumbnailUrl":"https:\/\/karineparras.com\/wp-content\/uploads\/2022\/10\/KPweb_lucky_hand_bracelet_rg-spades.jpg","datePublished":"2022-10-21T01:29:35+00:00","dateModified":"2025-03-18T12:29:55+00:00","description":"Riski ja \u00f5nne tasakaal. Lucky Hand kollektsioon s\u00fcmboliseerib seiklusi, \u00f5nne ja rasket t\u00f6\u00f6d. 18K roosa kuld ja must email.","breadcrumb":{"@id":"https:\/\/karineparras.com\/et\/product\/lucky-hand-kae-kaevoru-pika\/#breadcrumb"},"inLanguage":"et","potentialAction":[{"@type":"ReadAction","target":["https:\/\/karineparras.com\/et\/product\/lucky-hand-kae-kaevoru-pika\/"]}]},{"@type":"ImageObject","inLanguage":"et","@id":"https:\/\/karineparras.com\/et\/product\/lucky-hand-kae-kaevoru-pika\/#primaryimage","url":"https:\/\/karineparras.com\/wp-content\/uploads\/2022\/10\/KPweb_lucky_hand_bracelet_rg-spades.jpg","contentUrl":"https:\/\/karineparras.com\/wp-content\/uploads\/2022\/10\/KPweb_lucky_hand_bracelet_rg-spades.jpg","width":1152,"height":1536},{"@type":"BreadcrumbList","@id":"https:\/\/karineparras.com\/et\/product\/lucky-hand-kae-kaevoru-pika\/#breadcrumb","itemListElement":[{"@type":"ListItem","position":1,"name":"Home","item":"https:\/\/karineparras.com\/et\/karine-parras\/"},{"@type":"ListItem","position":2,"name":"Pood","item":"https:\/\/karineparras.com\/et\/pood\/"},{"@type":"ListItem","position":3,"name":"&#8220;Lucky Hand&#8221; K\u00e4ev\u00f5ru &#8211; Poti"}]},{"@type":"WebSite","@id":"https:\/\/karineparras.com\/et\/#website","url":"https:\/\/karineparras.com\/et\/","name":"KARINE PARRAS","description":"","publisher":{"@id":"https:\/\/karineparras.com\/et\/#organization"},"potentialAction":[{"@type":"SearchAction","target":{"@type":"EntryPoint","urlTemplate":"https:\/\/karineparras.com\/et\/?s={search_term_string}"},"query-input":{"@type":"PropertyValueSpecification","valueRequired":true,"valueName":"search_term_string"}}],"inLanguage":"et"},{"@type":"Organization","@id":"https:\/\/karineparras.com\/et\/#organization","name":"KARINE PARRAS","url":"https:\/\/karineparras.com\/et\/","logo":{"@type":"ImageObject","inLanguage":"et","@id":"https:\/\/karineparras.com\/et\/#\/schema\/logo\/image\/","url":"https:\/\/karineparras.com\/wp-content\/uploads\/2023\/12\/logo-header.png","contentUrl":"https:\/\/karineparras.com\/wp-content\/uploads\/2023\/12\/logo-header.png","width":1000,"height":60,"caption":"KARINE PARRAS"},"image":{"@id":"https:\/\/karineparras.com\/et\/#\/schema\/logo\/image\/"},"sameAs":["https:\/\/www.facebook.com\/karineparras","https:\/\/www.instagram.com\/karineparras\/"]}]}},"_links":{"self":[{"href":"https:\/\/karineparras.com\/et\/wp-json\/wp\/v2\/product\/25999","targetHints":{"allow":["GET"]}}],"collection":[{"href":"https:\/\/karineparras.com\/et\/wp-json\/wp\/v2\/product"}],"about":[{"href":"https:\/\/karineparras.com\/et\/wp-json\/wp\/v2\/types\/product"}],"wp:featuredmedia":[{"embeddable":true,"href":"https:\/\/karineparras.com\/et\/wp-json\/wp\/v2\/media\/25563"}],"wp:attachment":[{"href":"https:\/\/karineparras.com\/et\/wp-json\/wp\/v2\/media?parent=25999"}],"wp:term":[{"taxonomy":"product_brand","embeddable":true,"href":"https:\/\/karineparras.com\/et\/wp-json\/wp\/v2\/product_brand?post=25999"},{"taxonomy":"product_cat","embeddable":true,"href":"https:\/\/karineparras.com\/et\/wp-json\/wp\/v2\/product_cat?post=25999"},{"taxonomy":"product_tag","embeddable":true,"href":"https:\/\/karineparras.com\/et\/wp-json\/wp\/v2\/product_tag?post=25999"}],"curies":[{"name":"wp","href":"https:\/\/api.w.org\/{rel}","templated":true}]}}