{"id":25997,"date":"2022-10-21T04:29:44","date_gmt":"2022-10-21T01:29:44","guid":{"rendered":"https:\/\/karineparras.com\/product\/traat-koos-prasioliitiga\/"},"modified":"2025-03-18T18:12:11","modified_gmt":"2025-03-18T16:12:11","slug":"traat-koos-prasioliitiga","status":"publish","type":"product","link":"https:\/\/karineparras.com\/et\/product\/traat-koos-prasioliitiga\/","title":{"rendered":"&#8220;The Wire Ring&#8221; Pirnikujuline Prasioliit"},"content":{"rendered":"","protected":false},"excerpt":{"rendered":"<p><a href=\"https:\/\/karineparras.com\/product-category\/fine-jewellery-lines\/the-wire-ring\/\" rel=\"noopener\">THE WIRE RING<\/a><\/p>\n<p>Siin tuleb esile prasioliidi \u00f5rna rohelise ja kreemja valge v\u00e4rvkate kontrast. Luues ehtele elegantse ja ajatu v\u00e4limuse. <\/p>\n<p>&#8220;Wire Ring&#8221; liin m\u00e4ngib v\u00e4\u00e4riskivide ja kullav\u00e4rviga, et t\u00f5sta esile selle keskse kalliskivi ilu.<\/p>\n<p>&#8220;Wire Ring&#8221; liin m\u00e4ngib v\u00e4\u00e4riskivide ja kullav\u00e4rviga, et t\u00f5sta esile selle keskse kalliskivi ilu. Kihlas\u00f5rmuste uus stiil, mis h\u00f5lmab sama armastuse s\u00f5numit.<\/p>\n<p>P\u00e4rast selle edu hakkas disainer katsetama teiste kivide ja v\u00e4rvidega, sest ta m\u00f5istis, et see on parim viis \u00fchendada kaasaegne disain ja klassikaliste v\u00e4\u00e4riskividega.<\/p>\n<ul>\n<li>18k kollane kuld Karine Parras valge signatuurkattega<\/li>\n<li>12 x 15 mm pirnil\u00f5ikega prasioliit<\/li>\n<\/ul>\n","protected":false},"featured_media":25591,"template":"","meta":{"_themeisle_gutenberg_block_has_review":false},"product_brand":[],"product_cat":[440,441,463],"product_tag":[456,536,538,461,565],"class_list":{"0":"post-25997","1":"product","2":"type-product","3":"status-publish","4":"has-post-thumbnail","6":"product_cat-fine-jewellery-liinid","7":"product_cat-sormused","8":"product_cat-the-wire-ring-et","9":"product_tag-18k-et","10":"product_tag-kollane-kuld","11":"product_tag-prasioliit","12":"product_tag-sormus-et-2","13":"product_tag-traatrongas-et","15":"first","16":"outofstock","17":"shipping-taxable","18":"purchasable","19":"product-type-simple"},"yoast_head":"<!-- This site is optimized with the Yoast SEO plugin v27.3 - https:\/\/yoast.com\/product\/yoast-seo-wordpress\/ -->\n<title>&quot;The Wire Ring&quot; Pirnikujuline Prasioliit - KARINE PARRAS<\/title>\n<meta name=\"description\" content=\"Kreemjasvalge ja helerohelise prasioliidi kombo on selles s\u00f5rmuses v\u00e4ga h\u00e4sti kokku sobitatud. Sobib ideaalselt igap\u00e4evaseks kasutamiseks ja pidulikele \u00fcritustele.\" \/>\n<meta name=\"robots\" content=\"index, follow, max-snippet:-1, max-image-preview:large, max-video-preview:-1\" \/>\n<link rel=\"canonical\" href=\"https:\/\/karineparras.com\/et\/product\/traat-koos-prasioliitiga\/\" \/>\n<meta property=\"og:locale\" content=\"et_EE\" \/>\n<meta property=\"og:type\" content=\"article\" \/>\n<meta property=\"og:title\" content=\"&quot;The Wire Ring&quot; Pirnikujuline Prasioliit - KARINE PARRAS\" \/>\n<meta property=\"og:description\" content=\"Kreemjasvalge ja helerohelise prasioliidi kombo on selles s\u00f5rmuses v\u00e4ga h\u00e4sti kokku sobitatud. Sobib ideaalselt igap\u00e4evaseks kasutamiseks ja pidulikele \u00fcritustele.\" \/>\n<meta property=\"og:url\" content=\"https:\/\/karineparras.com\/et\/product\/traat-koos-prasioliitiga\/\" \/>\n<meta property=\"og:site_name\" content=\"KARINE PARRAS\" \/>\n<meta property=\"article:publisher\" content=\"https:\/\/www.facebook.com\/karineparras\" \/>\n<meta property=\"article:modified_time\" content=\"2025-03-18T16:12:11+00:00\" \/>\n<meta property=\"og:image\" content=\"https:\/\/karineparras.com\/wp-content\/uploads\/2022\/10\/image_1b08da3e-4335-474c-a563-f682445dd7b4.jpg\" \/>\n\t<meta property=\"og:image:width\" content=\"2479\" \/>\n\t<meta property=\"og:image:height\" content=\"3099\" \/>\n\t<meta property=\"og:image:type\" content=\"image\/jpeg\" \/>\n<meta name=\"twitter:card\" content=\"summary_large_image\" \/>\n<script type=\"application\/ld+json\" class=\"yoast-schema-graph\">{\"@context\":\"https:\\\/\\\/schema.org\",\"@graph\":[{\"@type\":\"WebPage\",\"@id\":\"https:\\\/\\\/karineparras.com\\\/et\\\/product\\\/traat-koos-prasioliitiga\\\/\",\"url\":\"https:\\\/\\\/karineparras.com\\\/et\\\/product\\\/traat-koos-prasioliitiga\\\/\",\"name\":\"\\\"The Wire Ring\\\" Pirnikujuline Prasioliit - KARINE PARRAS\",\"isPartOf\":{\"@id\":\"https:\\\/\\\/karineparras.com\\\/et\\\/#website\"},\"primaryImageOfPage\":{\"@id\":\"https:\\\/\\\/karineparras.com\\\/et\\\/product\\\/traat-koos-prasioliitiga\\\/#primaryimage\"},\"image\":{\"@id\":\"https:\\\/\\\/karineparras.com\\\/et\\\/product\\\/traat-koos-prasioliitiga\\\/#primaryimage\"},\"thumbnailUrl\":\"https:\\\/\\\/karineparras.com\\\/wp-content\\\/uploads\\\/2022\\\/10\\\/image_1b08da3e-4335-474c-a563-f682445dd7b4.jpg\",\"datePublished\":\"2022-10-21T01:29:44+00:00\",\"dateModified\":\"2025-03-18T16:12:11+00:00\",\"description\":\"Kreemjasvalge ja helerohelise prasioliidi kombo on selles s\u00f5rmuses v\u00e4ga h\u00e4sti kokku sobitatud. Sobib ideaalselt igap\u00e4evaseks kasutamiseks ja pidulikele \u00fcritustele.\",\"breadcrumb\":{\"@id\":\"https:\\\/\\\/karineparras.com\\\/et\\\/product\\\/traat-koos-prasioliitiga\\\/#breadcrumb\"},\"inLanguage\":\"et\",\"potentialAction\":[{\"@type\":\"ReadAction\",\"target\":[\"https:\\\/\\\/karineparras.com\\\/et\\\/product\\\/traat-koos-prasioliitiga\\\/\"]}]},{\"@type\":\"ImageObject\",\"inLanguage\":\"et\",\"@id\":\"https:\\\/\\\/karineparras.com\\\/et\\\/product\\\/traat-koos-prasioliitiga\\\/#primaryimage\",\"url\":\"https:\\\/\\\/karineparras.com\\\/wp-content\\\/uploads\\\/2022\\\/10\\\/image_1b08da3e-4335-474c-a563-f682445dd7b4.jpg\",\"contentUrl\":\"https:\\\/\\\/karineparras.com\\\/wp-content\\\/uploads\\\/2022\\\/10\\\/image_1b08da3e-4335-474c-a563-f682445dd7b4.jpg\",\"width\":2479,\"height\":3099},{\"@type\":\"BreadcrumbList\",\"@id\":\"https:\\\/\\\/karineparras.com\\\/et\\\/product\\\/traat-koos-prasioliitiga\\\/#breadcrumb\",\"itemListElement\":[{\"@type\":\"ListItem\",\"position\":1,\"name\":\"Home\",\"item\":\"https:\\\/\\\/karineparras.com\\\/et\\\/karine-parras\\\/\"},{\"@type\":\"ListItem\",\"position\":2,\"name\":\"Pood\",\"item\":\"https:\\\/\\\/karineparras.com\\\/et\\\/pood\\\/\"},{\"@type\":\"ListItem\",\"position\":3,\"name\":\"&#8220;The Wire Ring&#8221; Pirnikujuline Prasioliit\"}]},{\"@type\":\"WebSite\",\"@id\":\"https:\\\/\\\/karineparras.com\\\/et\\\/#website\",\"url\":\"https:\\\/\\\/karineparras.com\\\/et\\\/\",\"name\":\"KARINE PARRAS\",\"description\":\"\",\"publisher\":{\"@id\":\"https:\\\/\\\/karineparras.com\\\/et\\\/#organization\"},\"potentialAction\":[{\"@type\":\"SearchAction\",\"target\":{\"@type\":\"EntryPoint\",\"urlTemplate\":\"https:\\\/\\\/karineparras.com\\\/et\\\/?s={search_term_string}\"},\"query-input\":{\"@type\":\"PropertyValueSpecification\",\"valueRequired\":true,\"valueName\":\"search_term_string\"}}],\"inLanguage\":\"et\"},{\"@type\":\"Organization\",\"@id\":\"https:\\\/\\\/karineparras.com\\\/et\\\/#organization\",\"name\":\"KARINE PARRAS\",\"url\":\"https:\\\/\\\/karineparras.com\\\/et\\\/\",\"logo\":{\"@type\":\"ImageObject\",\"inLanguage\":\"et\",\"@id\":\"https:\\\/\\\/karineparras.com\\\/et\\\/#\\\/schema\\\/logo\\\/image\\\/\",\"url\":\"https:\\\/\\\/karineparras.com\\\/wp-content\\\/uploads\\\/2023\\\/12\\\/logo-header.png\",\"contentUrl\":\"https:\\\/\\\/karineparras.com\\\/wp-content\\\/uploads\\\/2023\\\/12\\\/logo-header.png\",\"width\":1000,\"height\":60,\"caption\":\"KARINE PARRAS\"},\"image\":{\"@id\":\"https:\\\/\\\/karineparras.com\\\/et\\\/#\\\/schema\\\/logo\\\/image\\\/\"},\"sameAs\":[\"https:\\\/\\\/www.facebook.com\\\/karineparras\",\"https:\\\/\\\/www.instagram.com\\\/karineparras\\\/\"]}]}<\/script>\n<!-- \/ Yoast SEO plugin. -->","yoast_head_json":{"title":"\"The Wire Ring\" Pirnikujuline Prasioliit - KARINE PARRAS","description":"Kreemjasvalge ja helerohelise prasioliidi kombo on selles s\u00f5rmuses v\u00e4ga h\u00e4sti kokku sobitatud. Sobib ideaalselt igap\u00e4evaseks kasutamiseks ja pidulikele \u00fcritustele.","robots":{"index":"index","follow":"follow","max-snippet":"max-snippet:-1","max-image-preview":"max-image-preview:large","max-video-preview":"max-video-preview:-1"},"canonical":"https:\/\/karineparras.com\/et\/product\/traat-koos-prasioliitiga\/","og_locale":"et_EE","og_type":"article","og_title":"\"The Wire Ring\" Pirnikujuline Prasioliit - KARINE PARRAS","og_description":"Kreemjasvalge ja helerohelise prasioliidi kombo on selles s\u00f5rmuses v\u00e4ga h\u00e4sti kokku sobitatud. Sobib ideaalselt igap\u00e4evaseks kasutamiseks ja pidulikele \u00fcritustele.","og_url":"https:\/\/karineparras.com\/et\/product\/traat-koos-prasioliitiga\/","og_site_name":"KARINE PARRAS","article_publisher":"https:\/\/www.facebook.com\/karineparras","article_modified_time":"2025-03-18T16:12:11+00:00","og_image":[{"width":2479,"height":3099,"url":"https:\/\/karineparras.com\/wp-content\/uploads\/2022\/10\/image_1b08da3e-4335-474c-a563-f682445dd7b4.jpg","type":"image\/jpeg"}],"twitter_card":"summary_large_image","schema":{"@context":"https:\/\/schema.org","@graph":[{"@type":"WebPage","@id":"https:\/\/karineparras.com\/et\/product\/traat-koos-prasioliitiga\/","url":"https:\/\/karineparras.com\/et\/product\/traat-koos-prasioliitiga\/","name":"\"The Wire Ring\" Pirnikujuline Prasioliit - KARINE PARRAS","isPartOf":{"@id":"https:\/\/karineparras.com\/et\/#website"},"primaryImageOfPage":{"@id":"https:\/\/karineparras.com\/et\/product\/traat-koos-prasioliitiga\/#primaryimage"},"image":{"@id":"https:\/\/karineparras.com\/et\/product\/traat-koos-prasioliitiga\/#primaryimage"},"thumbnailUrl":"https:\/\/karineparras.com\/wp-content\/uploads\/2022\/10\/image_1b08da3e-4335-474c-a563-f682445dd7b4.jpg","datePublished":"2022-10-21T01:29:44+00:00","dateModified":"2025-03-18T16:12:11+00:00","description":"Kreemjasvalge ja helerohelise prasioliidi kombo on selles s\u00f5rmuses v\u00e4ga h\u00e4sti kokku sobitatud. Sobib ideaalselt igap\u00e4evaseks kasutamiseks ja pidulikele \u00fcritustele.","breadcrumb":{"@id":"https:\/\/karineparras.com\/et\/product\/traat-koos-prasioliitiga\/#breadcrumb"},"inLanguage":"et","potentialAction":[{"@type":"ReadAction","target":["https:\/\/karineparras.com\/et\/product\/traat-koos-prasioliitiga\/"]}]},{"@type":"ImageObject","inLanguage":"et","@id":"https:\/\/karineparras.com\/et\/product\/traat-koos-prasioliitiga\/#primaryimage","url":"https:\/\/karineparras.com\/wp-content\/uploads\/2022\/10\/image_1b08da3e-4335-474c-a563-f682445dd7b4.jpg","contentUrl":"https:\/\/karineparras.com\/wp-content\/uploads\/2022\/10\/image_1b08da3e-4335-474c-a563-f682445dd7b4.jpg","width":2479,"height":3099},{"@type":"BreadcrumbList","@id":"https:\/\/karineparras.com\/et\/product\/traat-koos-prasioliitiga\/#breadcrumb","itemListElement":[{"@type":"ListItem","position":1,"name":"Home","item":"https:\/\/karineparras.com\/et\/karine-parras\/"},{"@type":"ListItem","position":2,"name":"Pood","item":"https:\/\/karineparras.com\/et\/pood\/"},{"@type":"ListItem","position":3,"name":"&#8220;The Wire Ring&#8221; Pirnikujuline Prasioliit"}]},{"@type":"WebSite","@id":"https:\/\/karineparras.com\/et\/#website","url":"https:\/\/karineparras.com\/et\/","name":"KARINE PARRAS","description":"","publisher":{"@id":"https:\/\/karineparras.com\/et\/#organization"},"potentialAction":[{"@type":"SearchAction","target":{"@type":"EntryPoint","urlTemplate":"https:\/\/karineparras.com\/et\/?s={search_term_string}"},"query-input":{"@type":"PropertyValueSpecification","valueRequired":true,"valueName":"search_term_string"}}],"inLanguage":"et"},{"@type":"Organization","@id":"https:\/\/karineparras.com\/et\/#organization","name":"KARINE PARRAS","url":"https:\/\/karineparras.com\/et\/","logo":{"@type":"ImageObject","inLanguage":"et","@id":"https:\/\/karineparras.com\/et\/#\/schema\/logo\/image\/","url":"https:\/\/karineparras.com\/wp-content\/uploads\/2023\/12\/logo-header.png","contentUrl":"https:\/\/karineparras.com\/wp-content\/uploads\/2023\/12\/logo-header.png","width":1000,"height":60,"caption":"KARINE PARRAS"},"image":{"@id":"https:\/\/karineparras.com\/et\/#\/schema\/logo\/image\/"},"sameAs":["https:\/\/www.facebook.com\/karineparras","https:\/\/www.instagram.com\/karineparras\/"]}]}},"_links":{"self":[{"href":"https:\/\/karineparras.com\/et\/wp-json\/wp\/v2\/product\/25997","targetHints":{"allow":["GET"]}}],"collection":[{"href":"https:\/\/karineparras.com\/et\/wp-json\/wp\/v2\/product"}],"about":[{"href":"https:\/\/karineparras.com\/et\/wp-json\/wp\/v2\/types\/product"}],"wp:featuredmedia":[{"embeddable":true,"href":"https:\/\/karineparras.com\/et\/wp-json\/wp\/v2\/media\/25591"}],"wp:attachment":[{"href":"https:\/\/karineparras.com\/et\/wp-json\/wp\/v2\/media?parent=25997"}],"wp:term":[{"taxonomy":"product_brand","embeddable":true,"href":"https:\/\/karineparras.com\/et\/wp-json\/wp\/v2\/product_brand?post=25997"},{"taxonomy":"product_cat","embeddable":true,"href":"https:\/\/karineparras.com\/et\/wp-json\/wp\/v2\/product_cat?post=25997"},{"taxonomy":"product_tag","embeddable":true,"href":"https:\/\/karineparras.com\/et\/wp-json\/wp\/v2\/product_tag?post=25997"}],"curies":[{"name":"wp","href":"https:\/\/api.w.org\/{rel}","templated":true}]}}