{"id":25994,"date":"2022-10-21T04:29:57","date_gmt":"2022-10-21T01:29:57","guid":{"rendered":"https:\/\/karineparras.com\/product\/valge-lounamere-parl-kaelakee-roostevabast-terasest\/"},"modified":"2025-03-19T14:22:13","modified_gmt":"2025-03-19T12:22:13","slug":"valge-lounamere-parl-kaelakee-roostevabast-terasest","status":"publish","type":"product","link":"https:\/\/karineparras.com\/et\/product\/valge-lounamere-parl-kaelakee-roostevabast-terasest\/","title":{"rendered":"Teras Kaelakee Valged L\u00f5unamere P\u00e4rlid"},"content":{"rendered":"","protected":false},"excerpt":{"rendered":"<p>Kui robustsus ja elegantsus loovad t\u00e4iusliku kombinatsiooni.<\/p>\n<p>Must terasest kaelakee valgete L\u00f5unamere p\u00e4rlitega. Kaelaketi maskuliinsus ja p\u00e4rlite naiselik ilu loovad koos ainulaadse koosluse. Pikkus on kergesti reguleeritav &#8211; lahtisest kaelakeest kuni chokerini.<\/p>\n<ul>\n<li>18K kollane kuld Karine Parras musta signatuurkattega<\/li>\n<li>Teras roodiumiga<\/li>\n<li>5 valget L\u00f5unamere p\u00e4rli<\/li>\n<\/ul>\n","protected":false},"featured_media":25623,"template":"","meta":{"_themeisle_gutenberg_block_has_review":false},"product_brand":[],"product_cat":[440,443,472],"product_tag":[480,456,483,532,484,553,490,476,491,474,473,497,475,520,493,519,494,495,496,498,486,499,512,513,557,558,560,561,485,479,500,477,501,487,502,489,503,504,547,505,551,552,506,478,482,531,509,508,507,510,511,529,545,514,515,546,492,516,522,518,523,521,526,525,530,527,528,461,537,534,535,533,542,540,543,481,457,556,562,559,517,524,548,544,467],"class_list":{"0":"post-25994","1":"product","2":"type-product","3":"status-publish","4":"has-post-thumbnail","6":"product_cat-fine-jewellery-liinid","7":"product_cat-kaelakeed","8":"product_cat-parlid","9":"product_tag-18-et","10":"product_tag-18k-et","11":"product_tag-aksessuaarid-et","12":"product_tag-avaldus","13":"product_tag-brandi","14":"product_tag-bykarine-et","15":"product_tag-disain","16":"product_tag-eesti-et","17":"product_tag-eesti-et-2","18":"product_tag-ehe-et","19":"product_tag-ehted","20":"product_tag-ehted-et","21":"product_tag-estonia-et","22":"product_tag-ettepanek","23":"product_tag-idee","24":"product_tag-isiklik","25":"product_tag-itaalia-et","26":"product_tag-itaalia-et-2","27":"product_tag-itaalia-et-3","28":"product_tag-joulud-et-2","29":"product_tag-joulud-et","30":"product_tag-joulukingitus-et","31":"product_tag-kaasaegne","32":"product_tag-kaasaegne-et","33":"product_tag-kaelakee-et","34":"product_tag-kaelakee-et-2","35":"product_tag-kaevoru-et","36":"product_tag-kaevorud-et","37":"product_tag-karaat","38":"product_tag-kingiidee-et","39":"product_tag-kingitus-et-2","40":"product_tag-kingitus-et","41":"product_tag-klassika-et","42":"product_tag-klassikaline-et","43":"product_tag-klassikaline-et-2","44":"product_tag-kohandatud","45":"product_tag-kokteil-et-2","46":"product_tag-kokteilisormus-et","47":"product_tag-kollane-et-2","48":"product_tag-kollane-et","49":"product_tag-korvarongad-et-3","50":"product_tag-korvarongas-et","51":"product_tag-kuld-et-2","52":"product_tag-kuld-et","53":"product_tag-lisaseadmed","54":"product_tag-louna","55":"product_tag-lounameri-et","56":"product_tag-luksus","57":"product_tag-luksuslik-et","58":"product_tag-magevee-et","59":"product_tag-magevesi-et","60":"product_tag-meri","61":"product_tag-naine-et-2","62":"product_tag-naine-et","63":"product_tag-naise-et","64":"product_tag-naised","65":"product_tag-naissoost","66":"product_tag-naisteehted-et","67":"product_tag-parl-et","68":"product_tag-parlid-et","69":"product_tag-parlid-et-2","70":"product_tag-puhas-et","71":"product_tag-roos","72":"product_tag-roosa-et","73":"product_tag-skandinaavia-et-3","74":"product_tag-skandinaavia-et","75":"product_tag-skandinaavia-et-2","76":"product_tag-sormus-et-2","77":"product_tag-sormused-et","78":"product_tag-stiil","79":"product_tag-stiilne","80":"product_tag-stuudio","81":"product_tag-tahiti-et-2","82":"product_tag-tahiti-et","83":"product_tag-tallinn-et","84":"product_tag-tarvikud","85":"product_tag-teemandid","86":"product_tag-teemant-et","87":"product_tag-teemant-et-2","88":"product_tag-teemantid-et","89":"product_tag-tellimus","90":"product_tag-toeline","91":"product_tag-ulekullatud-et","92":"product_tag-valge-et-2","93":"product_tag-valge-et","95":"first","96":"outofstock","97":"shipping-taxable","98":"purchasable","99":"product-type-simple"},"yoast_head":"<!-- This site is optimized with the Yoast SEO plugin v27.3 - https:\/\/yoast.com\/product\/yoast-seo-wordpress\/ -->\n<title>Teras Kaelakee Valged L\u00f5unamere P\u00e4rlid - KARINE PARRAS<\/title>\n<meta name=\"description\" content=\"Must terasest kaelakee valgete L\u00f5unamere p\u00e4rlitega. Kaelaketi maskuliinsus ja p\u00e4rlite naiselik ilu loovad koos ainulaadse koosluse.\" \/>\n<meta name=\"robots\" content=\"index, follow, max-snippet:-1, max-image-preview:large, max-video-preview:-1\" \/>\n<link rel=\"canonical\" href=\"https:\/\/karineparras.com\/et\/product\/valge-lounamere-parl-kaelakee-roostevabast-terasest\/\" \/>\n<meta property=\"og:locale\" content=\"et_EE\" \/>\n<meta property=\"og:type\" content=\"article\" \/>\n<meta property=\"og:title\" content=\"Teras Kaelakee Valged L\u00f5unamere P\u00e4rlid - KARINE PARRAS\" \/>\n<meta property=\"og:description\" content=\"Must terasest kaelakee valgete L\u00f5unamere p\u00e4rlitega. Kaelaketi maskuliinsus ja p\u00e4rlite naiselik ilu loovad koos ainulaadse koosluse.\" \/>\n<meta property=\"og:url\" content=\"https:\/\/karineparras.com\/et\/product\/valge-lounamere-parl-kaelakee-roostevabast-terasest\/\" \/>\n<meta property=\"og:site_name\" content=\"KARINE PARRAS\" \/>\n<meta property=\"article:publisher\" content=\"https:\/\/www.facebook.com\/karineparras\" \/>\n<meta property=\"article:modified_time\" content=\"2025-03-19T12:22:13+00:00\" \/>\n<meta property=\"og:image\" content=\"https:\/\/karineparras.com\/wp-content\/uploads\/2022\/10\/KPweb_white_ssp_stainless_steel_necklace.jpg\" \/>\n\t<meta property=\"og:image:width\" content=\"1152\" \/>\n\t<meta property=\"og:image:height\" content=\"1536\" \/>\n\t<meta property=\"og:image:type\" content=\"image\/jpeg\" \/>\n<meta name=\"twitter:card\" content=\"summary_large_image\" \/>\n<script type=\"application\/ld+json\" class=\"yoast-schema-graph\">{\"@context\":\"https:\\\/\\\/schema.org\",\"@graph\":[{\"@type\":\"WebPage\",\"@id\":\"https:\\\/\\\/karineparras.com\\\/et\\\/product\\\/valge-lounamere-parl-kaelakee-roostevabast-terasest\\\/\",\"url\":\"https:\\\/\\\/karineparras.com\\\/et\\\/product\\\/valge-lounamere-parl-kaelakee-roostevabast-terasest\\\/\",\"name\":\"Teras Kaelakee Valged L\u00f5unamere P\u00e4rlid - KARINE PARRAS\",\"isPartOf\":{\"@id\":\"https:\\\/\\\/karineparras.com\\\/et\\\/#website\"},\"primaryImageOfPage\":{\"@id\":\"https:\\\/\\\/karineparras.com\\\/et\\\/product\\\/valge-lounamere-parl-kaelakee-roostevabast-terasest\\\/#primaryimage\"},\"image\":{\"@id\":\"https:\\\/\\\/karineparras.com\\\/et\\\/product\\\/valge-lounamere-parl-kaelakee-roostevabast-terasest\\\/#primaryimage\"},\"thumbnailUrl\":\"https:\\\/\\\/karineparras.com\\\/wp-content\\\/uploads\\\/2022\\\/10\\\/KPweb_white_ssp_stainless_steel_necklace.jpg\",\"datePublished\":\"2022-10-21T01:29:57+00:00\",\"dateModified\":\"2025-03-19T12:22:13+00:00\",\"description\":\"Must terasest kaelakee valgete L\u00f5unamere p\u00e4rlitega. Kaelaketi maskuliinsus ja p\u00e4rlite naiselik ilu loovad koos ainulaadse koosluse.\",\"breadcrumb\":{\"@id\":\"https:\\\/\\\/karineparras.com\\\/et\\\/product\\\/valge-lounamere-parl-kaelakee-roostevabast-terasest\\\/#breadcrumb\"},\"inLanguage\":\"et\",\"potentialAction\":[{\"@type\":\"ReadAction\",\"target\":[\"https:\\\/\\\/karineparras.com\\\/et\\\/product\\\/valge-lounamere-parl-kaelakee-roostevabast-terasest\\\/\"]}]},{\"@type\":\"ImageObject\",\"inLanguage\":\"et\",\"@id\":\"https:\\\/\\\/karineparras.com\\\/et\\\/product\\\/valge-lounamere-parl-kaelakee-roostevabast-terasest\\\/#primaryimage\",\"url\":\"https:\\\/\\\/karineparras.com\\\/wp-content\\\/uploads\\\/2022\\\/10\\\/KPweb_white_ssp_stainless_steel_necklace.jpg\",\"contentUrl\":\"https:\\\/\\\/karineparras.com\\\/wp-content\\\/uploads\\\/2022\\\/10\\\/KPweb_white_ssp_stainless_steel_necklace.jpg\",\"width\":1152,\"height\":1536},{\"@type\":\"BreadcrumbList\",\"@id\":\"https:\\\/\\\/karineparras.com\\\/et\\\/product\\\/valge-lounamere-parl-kaelakee-roostevabast-terasest\\\/#breadcrumb\",\"itemListElement\":[{\"@type\":\"ListItem\",\"position\":1,\"name\":\"Home\",\"item\":\"https:\\\/\\\/karineparras.com\\\/et\\\/karine-parras\\\/\"},{\"@type\":\"ListItem\",\"position\":2,\"name\":\"Pood\",\"item\":\"https:\\\/\\\/karineparras.com\\\/et\\\/pood\\\/\"},{\"@type\":\"ListItem\",\"position\":3,\"name\":\"Teras Kaelakee Valged L\u00f5unamere P\u00e4rlid\"}]},{\"@type\":\"WebSite\",\"@id\":\"https:\\\/\\\/karineparras.com\\\/et\\\/#website\",\"url\":\"https:\\\/\\\/karineparras.com\\\/et\\\/\",\"name\":\"KARINE PARRAS\",\"description\":\"\",\"publisher\":{\"@id\":\"https:\\\/\\\/karineparras.com\\\/et\\\/#organization\"},\"potentialAction\":[{\"@type\":\"SearchAction\",\"target\":{\"@type\":\"EntryPoint\",\"urlTemplate\":\"https:\\\/\\\/karineparras.com\\\/et\\\/?s={search_term_string}\"},\"query-input\":{\"@type\":\"PropertyValueSpecification\",\"valueRequired\":true,\"valueName\":\"search_term_string\"}}],\"inLanguage\":\"et\"},{\"@type\":\"Organization\",\"@id\":\"https:\\\/\\\/karineparras.com\\\/et\\\/#organization\",\"name\":\"KARINE PARRAS\",\"url\":\"https:\\\/\\\/karineparras.com\\\/et\\\/\",\"logo\":{\"@type\":\"ImageObject\",\"inLanguage\":\"et\",\"@id\":\"https:\\\/\\\/karineparras.com\\\/et\\\/#\\\/schema\\\/logo\\\/image\\\/\",\"url\":\"https:\\\/\\\/karineparras.com\\\/wp-content\\\/uploads\\\/2023\\\/12\\\/logo-header.png\",\"contentUrl\":\"https:\\\/\\\/karineparras.com\\\/wp-content\\\/uploads\\\/2023\\\/12\\\/logo-header.png\",\"width\":1000,\"height\":60,\"caption\":\"KARINE PARRAS\"},\"image\":{\"@id\":\"https:\\\/\\\/karineparras.com\\\/et\\\/#\\\/schema\\\/logo\\\/image\\\/\"},\"sameAs\":[\"https:\\\/\\\/www.facebook.com\\\/karineparras\",\"https:\\\/\\\/www.instagram.com\\\/karineparras\\\/\"]}]}<\/script>\n<!-- \/ Yoast SEO plugin. -->","yoast_head_json":{"title":"Teras Kaelakee Valged L\u00f5unamere P\u00e4rlid - KARINE PARRAS","description":"Must terasest kaelakee valgete L\u00f5unamere p\u00e4rlitega. Kaelaketi maskuliinsus ja p\u00e4rlite naiselik ilu loovad koos ainulaadse koosluse.","robots":{"index":"index","follow":"follow","max-snippet":"max-snippet:-1","max-image-preview":"max-image-preview:large","max-video-preview":"max-video-preview:-1"},"canonical":"https:\/\/karineparras.com\/et\/product\/valge-lounamere-parl-kaelakee-roostevabast-terasest\/","og_locale":"et_EE","og_type":"article","og_title":"Teras Kaelakee Valged L\u00f5unamere P\u00e4rlid - KARINE PARRAS","og_description":"Must terasest kaelakee valgete L\u00f5unamere p\u00e4rlitega. Kaelaketi maskuliinsus ja p\u00e4rlite naiselik ilu loovad koos ainulaadse koosluse.","og_url":"https:\/\/karineparras.com\/et\/product\/valge-lounamere-parl-kaelakee-roostevabast-terasest\/","og_site_name":"KARINE PARRAS","article_publisher":"https:\/\/www.facebook.com\/karineparras","article_modified_time":"2025-03-19T12:22:13+00:00","og_image":[{"width":1152,"height":1536,"url":"https:\/\/karineparras.com\/wp-content\/uploads\/2022\/10\/KPweb_white_ssp_stainless_steel_necklace.jpg","type":"image\/jpeg"}],"twitter_card":"summary_large_image","schema":{"@context":"https:\/\/schema.org","@graph":[{"@type":"WebPage","@id":"https:\/\/karineparras.com\/et\/product\/valge-lounamere-parl-kaelakee-roostevabast-terasest\/","url":"https:\/\/karineparras.com\/et\/product\/valge-lounamere-parl-kaelakee-roostevabast-terasest\/","name":"Teras Kaelakee Valged L\u00f5unamere P\u00e4rlid - KARINE PARRAS","isPartOf":{"@id":"https:\/\/karineparras.com\/et\/#website"},"primaryImageOfPage":{"@id":"https:\/\/karineparras.com\/et\/product\/valge-lounamere-parl-kaelakee-roostevabast-terasest\/#primaryimage"},"image":{"@id":"https:\/\/karineparras.com\/et\/product\/valge-lounamere-parl-kaelakee-roostevabast-terasest\/#primaryimage"},"thumbnailUrl":"https:\/\/karineparras.com\/wp-content\/uploads\/2022\/10\/KPweb_white_ssp_stainless_steel_necklace.jpg","datePublished":"2022-10-21T01:29:57+00:00","dateModified":"2025-03-19T12:22:13+00:00","description":"Must terasest kaelakee valgete L\u00f5unamere p\u00e4rlitega. Kaelaketi maskuliinsus ja p\u00e4rlite naiselik ilu loovad koos ainulaadse koosluse.","breadcrumb":{"@id":"https:\/\/karineparras.com\/et\/product\/valge-lounamere-parl-kaelakee-roostevabast-terasest\/#breadcrumb"},"inLanguage":"et","potentialAction":[{"@type":"ReadAction","target":["https:\/\/karineparras.com\/et\/product\/valge-lounamere-parl-kaelakee-roostevabast-terasest\/"]}]},{"@type":"ImageObject","inLanguage":"et","@id":"https:\/\/karineparras.com\/et\/product\/valge-lounamere-parl-kaelakee-roostevabast-terasest\/#primaryimage","url":"https:\/\/karineparras.com\/wp-content\/uploads\/2022\/10\/KPweb_white_ssp_stainless_steel_necklace.jpg","contentUrl":"https:\/\/karineparras.com\/wp-content\/uploads\/2022\/10\/KPweb_white_ssp_stainless_steel_necklace.jpg","width":1152,"height":1536},{"@type":"BreadcrumbList","@id":"https:\/\/karineparras.com\/et\/product\/valge-lounamere-parl-kaelakee-roostevabast-terasest\/#breadcrumb","itemListElement":[{"@type":"ListItem","position":1,"name":"Home","item":"https:\/\/karineparras.com\/et\/karine-parras\/"},{"@type":"ListItem","position":2,"name":"Pood","item":"https:\/\/karineparras.com\/et\/pood\/"},{"@type":"ListItem","position":3,"name":"Teras Kaelakee Valged L\u00f5unamere P\u00e4rlid"}]},{"@type":"WebSite","@id":"https:\/\/karineparras.com\/et\/#website","url":"https:\/\/karineparras.com\/et\/","name":"KARINE PARRAS","description":"","publisher":{"@id":"https:\/\/karineparras.com\/et\/#organization"},"potentialAction":[{"@type":"SearchAction","target":{"@type":"EntryPoint","urlTemplate":"https:\/\/karineparras.com\/et\/?s={search_term_string}"},"query-input":{"@type":"PropertyValueSpecification","valueRequired":true,"valueName":"search_term_string"}}],"inLanguage":"et"},{"@type":"Organization","@id":"https:\/\/karineparras.com\/et\/#organization","name":"KARINE PARRAS","url":"https:\/\/karineparras.com\/et\/","logo":{"@type":"ImageObject","inLanguage":"et","@id":"https:\/\/karineparras.com\/et\/#\/schema\/logo\/image\/","url":"https:\/\/karineparras.com\/wp-content\/uploads\/2023\/12\/logo-header.png","contentUrl":"https:\/\/karineparras.com\/wp-content\/uploads\/2023\/12\/logo-header.png","width":1000,"height":60,"caption":"KARINE PARRAS"},"image":{"@id":"https:\/\/karineparras.com\/et\/#\/schema\/logo\/image\/"},"sameAs":["https:\/\/www.facebook.com\/karineparras","https:\/\/www.instagram.com\/karineparras\/"]}]}},"_links":{"self":[{"href":"https:\/\/karineparras.com\/et\/wp-json\/wp\/v2\/product\/25994","targetHints":{"allow":["GET"]}}],"collection":[{"href":"https:\/\/karineparras.com\/et\/wp-json\/wp\/v2\/product"}],"about":[{"href":"https:\/\/karineparras.com\/et\/wp-json\/wp\/v2\/types\/product"}],"wp:featuredmedia":[{"embeddable":true,"href":"https:\/\/karineparras.com\/et\/wp-json\/wp\/v2\/media\/25623"}],"wp:attachment":[{"href":"https:\/\/karineparras.com\/et\/wp-json\/wp\/v2\/media?parent=25994"}],"wp:term":[{"taxonomy":"product_brand","embeddable":true,"href":"https:\/\/karineparras.com\/et\/wp-json\/wp\/v2\/product_brand?post=25994"},{"taxonomy":"product_cat","embeddable":true,"href":"https:\/\/karineparras.com\/et\/wp-json\/wp\/v2\/product_cat?post=25994"},{"taxonomy":"product_tag","embeddable":true,"href":"https:\/\/karineparras.com\/et\/wp-json\/wp\/v2\/product_tag?post=25994"}],"curies":[{"name":"wp","href":"https:\/\/api.w.org\/{rel}","templated":true}]}}