{"id":25993,"date":"2022-10-21T04:29:38","date_gmt":"2022-10-21T01:29:38","guid":{"rendered":"https:\/\/karineparras.com\/product\/traat-sormus-ametustiga\/"},"modified":"2025-03-18T17:24:29","modified_gmt":"2025-03-18T15:24:29","slug":"traat-sormus-ametustiga","status":"publish","type":"product","link":"https:\/\/karineparras.com\/et\/product\/traat-sormus-ametustiga\/","title":{"rendered":"&#8220;The Wire Ring&#8221; Smaragdl\u00f5ikega Amet\u00fcst"},"content":{"rendered":"","protected":false},"excerpt":{"rendered":"<p><a href=\"https:\/\/karineparras.com\/product-category\/fine-jewellery-lines\/the-wire-ring\/\" target=\"_blank\" rel=\"noopener\">THE WIRE RING<\/a><\/p>\n<p>Lilla-lilla kombinatsioon loob silmapaistva ja julge efektiga v\u00e4limuse. Smaragdil\u00f5ike amet\u00fcst, mis on s\u00f5rmuse keskmes, lisab ootamatult v\u00e4rvitooni. Selle v\u00e4rvikas disain sobib suurep\u00e4raselt kokteilkleidile v\u00f5i toob elavuse igasse valgesse T-s\u00e4rki.<\/p>\n<p class=\"p1\">&#8220;Wire Ring&#8221; liin m\u00e4ngib v\u00e4\u00e4riskivide ja kullav\u00e4rviga, et t\u00f5sta esile selle keskse kalliskivi ilu. Kihlas\u00f5rmuste uus stiil, mis h\u00f5lmab sama armastuse s\u00f5numit.<\/p>\n<p class=\"p1\">P\u00e4rast selle edu hakkas disainer katsetama teiste kivide ja v\u00e4rvidega, sest ta m\u00f5istis, et see on parim viis \u00fchendada kaasaegne disain ja klassikaliste v\u00e4\u00e4riskividega.<\/p>\n<ul>\n<li>18K roosa kuld Karine Parras lilla signatuurkattega<\/li>\n<li>6.60 ct amet\u00fcst<\/li>\n<\/ul>\n","protected":false},"featured_media":25573,"template":"","meta":{"_themeisle_gutenberg_block_has_review":false},"product_brand":[],"product_cat":[440,441,463],"product_tag":[],"class_list":{"0":"post-25993","1":"product","2":"type-product","3":"status-publish","4":"has-post-thumbnail","6":"product_cat-fine-jewellery-liinid","7":"product_cat-sormused","8":"product_cat-the-wire-ring-et","10":"first","11":"outofstock","12":"shipping-taxable","13":"purchasable","14":"product-type-simple"},"yoast_head":"<!-- This site is optimized with the Yoast SEO plugin v27.3 - https:\/\/yoast.com\/product\/yoast-seo-wordpress\/ -->\n<title>&quot;The Wire Ring&quot; Smaragdl\u00f5ikega Amet\u00fcst - KARINE PARRAS<\/title>\n<meta name=\"description\" content=\"Lilla lillal erakordse v\u00e4limusega. Smaragdikujuline l\u00f5ikega amet\u00fcst kokteils\u00f5rmuse keskmes. V\u00e4rviline ja v\u00e4ljendusrikas s\u00f5rmus\" \/>\n<meta name=\"robots\" content=\"index, follow, max-snippet:-1, max-image-preview:large, max-video-preview:-1\" \/>\n<link rel=\"canonical\" href=\"https:\/\/karineparras.com\/et\/product\/traat-sormus-ametustiga\/\" \/>\n<meta property=\"og:locale\" content=\"et_EE\" \/>\n<meta property=\"og:type\" content=\"article\" \/>\n<meta property=\"og:title\" content=\"&quot;The Wire Ring&quot; Smaragdl\u00f5ikega Amet\u00fcst - KARINE PARRAS\" \/>\n<meta property=\"og:description\" content=\"Lilla lillal erakordse v\u00e4limusega. Smaragdikujuline l\u00f5ikega amet\u00fcst kokteils\u00f5rmuse keskmes. V\u00e4rviline ja v\u00e4ljendusrikas s\u00f5rmus\" \/>\n<meta property=\"og:url\" content=\"https:\/\/karineparras.com\/et\/product\/traat-sormus-ametustiga\/\" \/>\n<meta property=\"og:site_name\" content=\"KARINE PARRAS\" \/>\n<meta property=\"article:publisher\" content=\"https:\/\/www.facebook.com\/karineparras\" \/>\n<meta property=\"article:modified_time\" content=\"2025-03-18T15:24:29+00:00\" \/>\n<meta property=\"og:image\" content=\"https:\/\/karineparras.com\/wp-content\/uploads\/2022\/10\/KPweb_the_wire_ring_purple_coating_amethyst_rg.jpg\" \/>\n\t<meta property=\"og:image:width\" content=\"1152\" \/>\n\t<meta property=\"og:image:height\" content=\"1536\" \/>\n\t<meta property=\"og:image:type\" content=\"image\/jpeg\" \/>\n<meta name=\"twitter:card\" content=\"summary_large_image\" \/>\n<meta name=\"twitter:label1\" content=\"Est. reading time\" \/>\n\t<meta name=\"twitter:data1\" content=\"1 minut\" \/>\n<script type=\"application\/ld+json\" class=\"yoast-schema-graph\">{\"@context\":\"https:\\\/\\\/schema.org\",\"@graph\":[{\"@type\":\"WebPage\",\"@id\":\"https:\\\/\\\/karineparras.com\\\/et\\\/product\\\/traat-sormus-ametustiga\\\/\",\"url\":\"https:\\\/\\\/karineparras.com\\\/et\\\/product\\\/traat-sormus-ametustiga\\\/\",\"name\":\"\\\"The Wire Ring\\\" Smaragdl\u00f5ikega Amet\u00fcst - KARINE PARRAS\",\"isPartOf\":{\"@id\":\"https:\\\/\\\/karineparras.com\\\/et\\\/#website\"},\"primaryImageOfPage\":{\"@id\":\"https:\\\/\\\/karineparras.com\\\/et\\\/product\\\/traat-sormus-ametustiga\\\/#primaryimage\"},\"image\":{\"@id\":\"https:\\\/\\\/karineparras.com\\\/et\\\/product\\\/traat-sormus-ametustiga\\\/#primaryimage\"},\"thumbnailUrl\":\"https:\\\/\\\/karineparras.com\\\/wp-content\\\/uploads\\\/2022\\\/10\\\/KPweb_the_wire_ring_purple_coating_amethyst_rg.jpg\",\"datePublished\":\"2022-10-21T01:29:38+00:00\",\"dateModified\":\"2025-03-18T15:24:29+00:00\",\"description\":\"Lilla lillal erakordse v\u00e4limusega. Smaragdikujuline l\u00f5ikega amet\u00fcst kokteils\u00f5rmuse keskmes. V\u00e4rviline ja v\u00e4ljendusrikas s\u00f5rmus\",\"breadcrumb\":{\"@id\":\"https:\\\/\\\/karineparras.com\\\/et\\\/product\\\/traat-sormus-ametustiga\\\/#breadcrumb\"},\"inLanguage\":\"et\",\"potentialAction\":[{\"@type\":\"ReadAction\",\"target\":[\"https:\\\/\\\/karineparras.com\\\/et\\\/product\\\/traat-sormus-ametustiga\\\/\"]}]},{\"@type\":\"ImageObject\",\"inLanguage\":\"et\",\"@id\":\"https:\\\/\\\/karineparras.com\\\/et\\\/product\\\/traat-sormus-ametustiga\\\/#primaryimage\",\"url\":\"https:\\\/\\\/karineparras.com\\\/wp-content\\\/uploads\\\/2022\\\/10\\\/KPweb_the_wire_ring_purple_coating_amethyst_rg.jpg\",\"contentUrl\":\"https:\\\/\\\/karineparras.com\\\/wp-content\\\/uploads\\\/2022\\\/10\\\/KPweb_the_wire_ring_purple_coating_amethyst_rg.jpg\",\"width\":1152,\"height\":1536},{\"@type\":\"BreadcrumbList\",\"@id\":\"https:\\\/\\\/karineparras.com\\\/et\\\/product\\\/traat-sormus-ametustiga\\\/#breadcrumb\",\"itemListElement\":[{\"@type\":\"ListItem\",\"position\":1,\"name\":\"Home\",\"item\":\"https:\\\/\\\/karineparras.com\\\/et\\\/karine-parras\\\/\"},{\"@type\":\"ListItem\",\"position\":2,\"name\":\"Pood\",\"item\":\"https:\\\/\\\/karineparras.com\\\/et\\\/pood\\\/\"},{\"@type\":\"ListItem\",\"position\":3,\"name\":\"&#8220;The Wire Ring&#8221; Smaragdl\u00f5ikega Amet\u00fcst\"}]},{\"@type\":\"WebSite\",\"@id\":\"https:\\\/\\\/karineparras.com\\\/et\\\/#website\",\"url\":\"https:\\\/\\\/karineparras.com\\\/et\\\/\",\"name\":\"KARINE PARRAS\",\"description\":\"\",\"publisher\":{\"@id\":\"https:\\\/\\\/karineparras.com\\\/et\\\/#organization\"},\"potentialAction\":[{\"@type\":\"SearchAction\",\"target\":{\"@type\":\"EntryPoint\",\"urlTemplate\":\"https:\\\/\\\/karineparras.com\\\/et\\\/?s={search_term_string}\"},\"query-input\":{\"@type\":\"PropertyValueSpecification\",\"valueRequired\":true,\"valueName\":\"search_term_string\"}}],\"inLanguage\":\"et\"},{\"@type\":\"Organization\",\"@id\":\"https:\\\/\\\/karineparras.com\\\/et\\\/#organization\",\"name\":\"KARINE PARRAS\",\"url\":\"https:\\\/\\\/karineparras.com\\\/et\\\/\",\"logo\":{\"@type\":\"ImageObject\",\"inLanguage\":\"et\",\"@id\":\"https:\\\/\\\/karineparras.com\\\/et\\\/#\\\/schema\\\/logo\\\/image\\\/\",\"url\":\"https:\\\/\\\/karineparras.com\\\/wp-content\\\/uploads\\\/2023\\\/12\\\/logo-header.png\",\"contentUrl\":\"https:\\\/\\\/karineparras.com\\\/wp-content\\\/uploads\\\/2023\\\/12\\\/logo-header.png\",\"width\":1000,\"height\":60,\"caption\":\"KARINE PARRAS\"},\"image\":{\"@id\":\"https:\\\/\\\/karineparras.com\\\/et\\\/#\\\/schema\\\/logo\\\/image\\\/\"},\"sameAs\":[\"https:\\\/\\\/www.facebook.com\\\/karineparras\",\"https:\\\/\\\/www.instagram.com\\\/karineparras\\\/\"]}]}<\/script>\n<!-- \/ Yoast SEO plugin. -->","yoast_head_json":{"title":"\"The Wire Ring\" Smaragdl\u00f5ikega Amet\u00fcst - KARINE PARRAS","description":"Lilla lillal erakordse v\u00e4limusega. Smaragdikujuline l\u00f5ikega amet\u00fcst kokteils\u00f5rmuse keskmes. V\u00e4rviline ja v\u00e4ljendusrikas s\u00f5rmus","robots":{"index":"index","follow":"follow","max-snippet":"max-snippet:-1","max-image-preview":"max-image-preview:large","max-video-preview":"max-video-preview:-1"},"canonical":"https:\/\/karineparras.com\/et\/product\/traat-sormus-ametustiga\/","og_locale":"et_EE","og_type":"article","og_title":"\"The Wire Ring\" Smaragdl\u00f5ikega Amet\u00fcst - KARINE PARRAS","og_description":"Lilla lillal erakordse v\u00e4limusega. Smaragdikujuline l\u00f5ikega amet\u00fcst kokteils\u00f5rmuse keskmes. V\u00e4rviline ja v\u00e4ljendusrikas s\u00f5rmus","og_url":"https:\/\/karineparras.com\/et\/product\/traat-sormus-ametustiga\/","og_site_name":"KARINE PARRAS","article_publisher":"https:\/\/www.facebook.com\/karineparras","article_modified_time":"2025-03-18T15:24:29+00:00","og_image":[{"width":1152,"height":1536,"url":"https:\/\/karineparras.com\/wp-content\/uploads\/2022\/10\/KPweb_the_wire_ring_purple_coating_amethyst_rg.jpg","type":"image\/jpeg"}],"twitter_card":"summary_large_image","twitter_misc":{"Est. reading time":"1 minut"},"schema":{"@context":"https:\/\/schema.org","@graph":[{"@type":"WebPage","@id":"https:\/\/karineparras.com\/et\/product\/traat-sormus-ametustiga\/","url":"https:\/\/karineparras.com\/et\/product\/traat-sormus-ametustiga\/","name":"\"The Wire Ring\" Smaragdl\u00f5ikega Amet\u00fcst - KARINE PARRAS","isPartOf":{"@id":"https:\/\/karineparras.com\/et\/#website"},"primaryImageOfPage":{"@id":"https:\/\/karineparras.com\/et\/product\/traat-sormus-ametustiga\/#primaryimage"},"image":{"@id":"https:\/\/karineparras.com\/et\/product\/traat-sormus-ametustiga\/#primaryimage"},"thumbnailUrl":"https:\/\/karineparras.com\/wp-content\/uploads\/2022\/10\/KPweb_the_wire_ring_purple_coating_amethyst_rg.jpg","datePublished":"2022-10-21T01:29:38+00:00","dateModified":"2025-03-18T15:24:29+00:00","description":"Lilla lillal erakordse v\u00e4limusega. Smaragdikujuline l\u00f5ikega amet\u00fcst kokteils\u00f5rmuse keskmes. V\u00e4rviline ja v\u00e4ljendusrikas s\u00f5rmus","breadcrumb":{"@id":"https:\/\/karineparras.com\/et\/product\/traat-sormus-ametustiga\/#breadcrumb"},"inLanguage":"et","potentialAction":[{"@type":"ReadAction","target":["https:\/\/karineparras.com\/et\/product\/traat-sormus-ametustiga\/"]}]},{"@type":"ImageObject","inLanguage":"et","@id":"https:\/\/karineparras.com\/et\/product\/traat-sormus-ametustiga\/#primaryimage","url":"https:\/\/karineparras.com\/wp-content\/uploads\/2022\/10\/KPweb_the_wire_ring_purple_coating_amethyst_rg.jpg","contentUrl":"https:\/\/karineparras.com\/wp-content\/uploads\/2022\/10\/KPweb_the_wire_ring_purple_coating_amethyst_rg.jpg","width":1152,"height":1536},{"@type":"BreadcrumbList","@id":"https:\/\/karineparras.com\/et\/product\/traat-sormus-ametustiga\/#breadcrumb","itemListElement":[{"@type":"ListItem","position":1,"name":"Home","item":"https:\/\/karineparras.com\/et\/karine-parras\/"},{"@type":"ListItem","position":2,"name":"Pood","item":"https:\/\/karineparras.com\/et\/pood\/"},{"@type":"ListItem","position":3,"name":"&#8220;The Wire Ring&#8221; Smaragdl\u00f5ikega Amet\u00fcst"}]},{"@type":"WebSite","@id":"https:\/\/karineparras.com\/et\/#website","url":"https:\/\/karineparras.com\/et\/","name":"KARINE PARRAS","description":"","publisher":{"@id":"https:\/\/karineparras.com\/et\/#organization"},"potentialAction":[{"@type":"SearchAction","target":{"@type":"EntryPoint","urlTemplate":"https:\/\/karineparras.com\/et\/?s={search_term_string}"},"query-input":{"@type":"PropertyValueSpecification","valueRequired":true,"valueName":"search_term_string"}}],"inLanguage":"et"},{"@type":"Organization","@id":"https:\/\/karineparras.com\/et\/#organization","name":"KARINE PARRAS","url":"https:\/\/karineparras.com\/et\/","logo":{"@type":"ImageObject","inLanguage":"et","@id":"https:\/\/karineparras.com\/et\/#\/schema\/logo\/image\/","url":"https:\/\/karineparras.com\/wp-content\/uploads\/2023\/12\/logo-header.png","contentUrl":"https:\/\/karineparras.com\/wp-content\/uploads\/2023\/12\/logo-header.png","width":1000,"height":60,"caption":"KARINE PARRAS"},"image":{"@id":"https:\/\/karineparras.com\/et\/#\/schema\/logo\/image\/"},"sameAs":["https:\/\/www.facebook.com\/karineparras","https:\/\/www.instagram.com\/karineparras\/"]}]}},"_links":{"self":[{"href":"https:\/\/karineparras.com\/et\/wp-json\/wp\/v2\/product\/25993","targetHints":{"allow":["GET"]}}],"collection":[{"href":"https:\/\/karineparras.com\/et\/wp-json\/wp\/v2\/product"}],"about":[{"href":"https:\/\/karineparras.com\/et\/wp-json\/wp\/v2\/types\/product"}],"wp:featuredmedia":[{"embeddable":true,"href":"https:\/\/karineparras.com\/et\/wp-json\/wp\/v2\/media\/25573"}],"wp:attachment":[{"href":"https:\/\/karineparras.com\/et\/wp-json\/wp\/v2\/media?parent=25993"}],"wp:term":[{"taxonomy":"product_brand","embeddable":true,"href":"https:\/\/karineparras.com\/et\/wp-json\/wp\/v2\/product_brand?post=25993"},{"taxonomy":"product_cat","embeddable":true,"href":"https:\/\/karineparras.com\/et\/wp-json\/wp\/v2\/product_cat?post=25993"},{"taxonomy":"product_tag","embeddable":true,"href":"https:\/\/karineparras.com\/et\/wp-json\/wp\/v2\/product_tag?post=25993"}],"curies":[{"name":"wp","href":"https:\/\/api.w.org\/{rel}","templated":true}]}}