{"id":25991,"date":"2022-10-21T04:29:52","date_gmt":"2022-10-21T01:29:52","guid":{"rendered":"https:\/\/karineparras.com\/product\/valge-akaat-kuldne-lounamere-parli-sormus\/"},"modified":"2025-03-18T18:20:33","modified_gmt":"2025-03-18T16:20:33","slug":"valge-akaat-kuldne-lounamere-parli-sormus","status":"publish","type":"product","link":"https:\/\/karineparras.com\/et\/product\/valge-akaat-kuldne-lounamere-parli-sormus\/","title":{"rendered":"Kuldne L\u00f5unamere P\u00e4rl Kokteils\u00f5rmus Valge Ahhaat"},"content":{"rendered":"","protected":false},"excerpt":{"rendered":"<p><span data-sheets-value=\"{\"1\":2,\"2\":\"This pearl is naturally colored by its formation in the gold lipped oyster. The ring uses 13mm golden South Sea pearl as its main piece, which is encircled by 18 karat rose gold.nn - 18K rose goldn - 13mm golden South Sea pearl\"}\" data-sheets-userformat=\"{\"2\":829,\"3\":{\"1\":0},\"5\":{\"1\":[{\"1\":2,\"2\":0,\"5\":{\"1\":2,\"2\":0}},{\"1\":0,\"2\":0,\"3\":3},{\"1\":1,\"2\":0,\"4\":1}]},\"6\":{\"1\":[{\"1\":2,\"2\":0,\"5\":{\"1\":2,\"2\":0}},{\"1\":0,\"2\":0,\"3\":3},{\"1\":1,\"2\":0,\"4\":1}]},\"7\":{\"1\":[{\"1\":2,\"2\":0,\"5\":{\"1\":2,\"2\":0}},{\"1\":0,\"2\":0,\"3\":3},{\"1\":1,\"2\":0,\"4\":1}]},\"8\":{\"1\":[{\"1\":2,\"2\":0,\"5\":{\"1\":2,\"2\":0}},{\"1\":0,\"2\":0,\"3\":3},{\"1\":1,\"2\":0,\"4\":1}]},\"11\":4,\"12\":0}\">S\u00f5rmus esitleb 13 mm kuldset L\u00f5unamere p\u00e4rli, mida \u00fcmbritsevad 18 karaadine roosa kuld ja valge ahhaat. Vintage s\u00f5rmus moodsas stiilis.<br \/>\n<\/span><\/p>\n<ul>\n<li><span data-sheets-value=\"{\"1\":2,\"2\":\"This pearl is naturally colored by its formation in the gold lipped oyster. The ring uses 13mm golden South Sea pearl as its main piece, which is encircled by 18 karat rose gold.nn - 18K rose goldn - 13mm golden South Sea pearl\"}\" data-sheets-userformat=\"{\"2\":829,\"3\":{\"1\":0},\"5\":{\"1\":[{\"1\":2,\"2\":0,\"5\":{\"1\":2,\"2\":0}},{\"1\":0,\"2\":0,\"3\":3},{\"1\":1,\"2\":0,\"4\":1}]},\"6\":{\"1\":[{\"1\":2,\"2\":0,\"5\":{\"1\":2,\"2\":0}},{\"1\":0,\"2\":0,\"3\":3},{\"1\":1,\"2\":0,\"4\":1}]},\"7\":{\"1\":[{\"1\":2,\"2\":0,\"5\":{\"1\":2,\"2\":0}},{\"1\":0,\"2\":0,\"3\":3},{\"1\":1,\"2\":0,\"4\":1}]},\"8\":{\"1\":[{\"1\":2,\"2\":0,\"5\":{\"1\":2,\"2\":0}},{\"1\":0,\"2\":0,\"3\":3},{\"1\":1,\"2\":0,\"4\":1}]},\"11\":4,\"12\":0}\">18K roosa kuld<\/span><\/li>\n<li>13 mm kuldne L\u00f5unamere p\u00e4rl<\/li>\n<li>Valge ahhaat<\/li>\n<\/ul>\n","protected":false},"featured_media":25613,"template":"","meta":{"_themeisle_gutenberg_block_has_review":false},"product_brand":[],"product_cat":[440,472,441],"product_tag":[480,456,483,532,484,553,490,491,476,554,474,473,497,475,520,493,519,496,494,495,498,486,499,512,513,485,479,477,500,501,487,502,489,488,503,504,505,547,478,506,482,531,509,508,507,510,511,529,514,545,515,546,492,516,522,523,518,521,460,526,525,528,530,527,461,459,537,534,535,533,540,542,543,481,555,517,524,548,467,544],"class_list":{"0":"post-25991","1":"product","2":"type-product","3":"status-publish","4":"has-post-thumbnail","6":"product_cat-fine-jewellery-liinid","7":"product_cat-parlid","8":"product_cat-sormused","9":"product_tag-18-et","10":"product_tag-18k-et","11":"product_tag-aksessuaarid-et","12":"product_tag-avaldus","13":"product_tag-brandi","14":"product_tag-bykarine-et","15":"product_tag-disain","16":"product_tag-eesti-et-2","17":"product_tag-eesti-et","18":"product_tag-eestimaa-et","19":"product_tag-ehe-et","20":"product_tag-ehted","21":"product_tag-ehted-et","22":"product_tag-estonia-et","23":"product_tag-ettepanek","24":"product_tag-idee","25":"product_tag-isiklik","26":"product_tag-itaalia-et-3","27":"product_tag-itaalia-et","28":"product_tag-itaalia-et-2","29":"product_tag-joulud-et-2","30":"product_tag-joulud-et","31":"product_tag-joulukingitus-et","32":"product_tag-kaasaegne","33":"product_tag-kaasaegne-et","34":"product_tag-karaat","35":"product_tag-kingiidee-et","36":"product_tag-kingitus-et","37":"product_tag-kingitus-et-2","38":"product_tag-klassika-et","39":"product_tag-klassikaline-et","40":"product_tag-klassikaline-et-2","41":"product_tag-kohandatud","42":"product_tag-kokteil-et","43":"product_tag-kokteil-et-2","44":"product_tag-kokteilisormus-et","45":"product_tag-kollane-et","46":"product_tag-kollane-et-2","47":"product_tag-kuld-et","48":"product_tag-kuld-et-2","49":"product_tag-lisaseadmed","50":"product_tag-louna","51":"product_tag-lounameri-et","52":"product_tag-luksus","53":"product_tag-luksuslik-et","54":"product_tag-magevee-et","55":"product_tag-magevesi-et","56":"product_tag-meri","57":"product_tag-naine-et","58":"product_tag-naine-et-2","59":"product_tag-naise-et","60":"product_tag-naised","61":"product_tag-naissoost","62":"product_tag-naisteehted-et","63":"product_tag-parl-et","64":"product_tag-parlid-et-2","65":"product_tag-parlid-et","66":"product_tag-puhas-et","67":"product_tag-rongad","68":"product_tag-roos","69":"product_tag-roosa-et","70":"product_tag-skandinaavia-et-2","71":"product_tag-skandinaavia-et-3","72":"product_tag-skandinaavia-et","73":"product_tag-sormus-et-2","74":"product_tag-sormus-et","75":"product_tag-sormused-et","76":"product_tag-stiil","77":"product_tag-stiilne","78":"product_tag-stuudio","79":"product_tag-tahiti-et","80":"product_tag-tahiti-et-2","81":"product_tag-tallinn-et","82":"product_tag-tarvikud","83":"product_tag-tehtud-et","84":"product_tag-tellimus","85":"product_tag-toeline","86":"product_tag-ulekullatud-et","87":"product_tag-valge-et","88":"product_tag-valge-et-2","90":"first","91":"outofstock","92":"shipping-taxable","93":"purchasable","94":"product-type-simple"},"yoast_head":"<!-- This site is optimized with the Yoast SEO plugin v27.3 - https:\/\/yoast.com\/product\/yoast-seo-wordpress\/ -->\n<title>Kuldne L\u00f5unamere P\u00e4rl Kokteils\u00f5rmus Valge Ahhaat - KARINE PARRAS<\/title>\n<meta name=\"description\" content=\"S\u00f5rmus kasutab 13 mm kuldset L\u00f5unamere p\u00e4rli, mida \u00fcmbritsevad 18 karaadine roosa kuld ja valge ahhaat.\" \/>\n<meta name=\"robots\" content=\"index, follow, max-snippet:-1, max-image-preview:large, max-video-preview:-1\" \/>\n<link rel=\"canonical\" href=\"https:\/\/karineparras.com\/et\/product\/valge-akaat-kuldne-lounamere-parli-sormus\/\" \/>\n<meta property=\"og:locale\" content=\"et_EE\" \/>\n<meta property=\"og:type\" content=\"article\" \/>\n<meta property=\"og:title\" content=\"Kuldne L\u00f5unamere P\u00e4rl Kokteils\u00f5rmus Valge Ahhaat - KARINE PARRAS\" \/>\n<meta property=\"og:description\" content=\"S\u00f5rmus kasutab 13 mm kuldset L\u00f5unamere p\u00e4rli, mida \u00fcmbritsevad 18 karaadine roosa kuld ja valge ahhaat.\" \/>\n<meta property=\"og:url\" content=\"https:\/\/karineparras.com\/et\/product\/valge-akaat-kuldne-lounamere-parli-sormus\/\" \/>\n<meta property=\"og:site_name\" content=\"KARINE PARRAS\" \/>\n<meta property=\"article:publisher\" content=\"https:\/\/www.facebook.com\/karineparras\" \/>\n<meta property=\"article:modified_time\" content=\"2025-03-18T16:20:33+00:00\" \/>\n<meta property=\"og:image\" content=\"https:\/\/karineparras.com\/wp-content\/uploads\/2022\/10\/pietra_jet_line_golden_south_sea_pearl_agate_2e936b6a-a7a0-4163-b3d2-a89a8c826d15.jpg\" \/>\n\t<meta property=\"og:image:width\" content=\"1152\" \/>\n\t<meta property=\"og:image:height\" content=\"1536\" \/>\n\t<meta property=\"og:image:type\" content=\"image\/jpeg\" \/>\n<meta name=\"twitter:card\" content=\"summary_large_image\" \/>\n<script type=\"application\/ld+json\" class=\"yoast-schema-graph\">{\"@context\":\"https:\\\/\\\/schema.org\",\"@graph\":[{\"@type\":\"WebPage\",\"@id\":\"https:\\\/\\\/karineparras.com\\\/et\\\/product\\\/valge-akaat-kuldne-lounamere-parli-sormus\\\/\",\"url\":\"https:\\\/\\\/karineparras.com\\\/et\\\/product\\\/valge-akaat-kuldne-lounamere-parli-sormus\\\/\",\"name\":\"Kuldne L\u00f5unamere P\u00e4rl Kokteils\u00f5rmus Valge Ahhaat - KARINE PARRAS\",\"isPartOf\":{\"@id\":\"https:\\\/\\\/karineparras.com\\\/et\\\/#website\"},\"primaryImageOfPage\":{\"@id\":\"https:\\\/\\\/karineparras.com\\\/et\\\/product\\\/valge-akaat-kuldne-lounamere-parli-sormus\\\/#primaryimage\"},\"image\":{\"@id\":\"https:\\\/\\\/karineparras.com\\\/et\\\/product\\\/valge-akaat-kuldne-lounamere-parli-sormus\\\/#primaryimage\"},\"thumbnailUrl\":\"https:\\\/\\\/karineparras.com\\\/wp-content\\\/uploads\\\/2022\\\/10\\\/pietra_jet_line_golden_south_sea_pearl_agate_2e936b6a-a7a0-4163-b3d2-a89a8c826d15.jpg\",\"datePublished\":\"2022-10-21T01:29:52+00:00\",\"dateModified\":\"2025-03-18T16:20:33+00:00\",\"description\":\"S\u00f5rmus kasutab 13 mm kuldset L\u00f5unamere p\u00e4rli, mida \u00fcmbritsevad 18 karaadine roosa kuld ja valge ahhaat.\",\"breadcrumb\":{\"@id\":\"https:\\\/\\\/karineparras.com\\\/et\\\/product\\\/valge-akaat-kuldne-lounamere-parli-sormus\\\/#breadcrumb\"},\"inLanguage\":\"et\",\"potentialAction\":[{\"@type\":\"ReadAction\",\"target\":[\"https:\\\/\\\/karineparras.com\\\/et\\\/product\\\/valge-akaat-kuldne-lounamere-parli-sormus\\\/\"]}]},{\"@type\":\"ImageObject\",\"inLanguage\":\"et\",\"@id\":\"https:\\\/\\\/karineparras.com\\\/et\\\/product\\\/valge-akaat-kuldne-lounamere-parli-sormus\\\/#primaryimage\",\"url\":\"https:\\\/\\\/karineparras.com\\\/wp-content\\\/uploads\\\/2022\\\/10\\\/pietra_jet_line_golden_south_sea_pearl_agate_2e936b6a-a7a0-4163-b3d2-a89a8c826d15.jpg\",\"contentUrl\":\"https:\\\/\\\/karineparras.com\\\/wp-content\\\/uploads\\\/2022\\\/10\\\/pietra_jet_line_golden_south_sea_pearl_agate_2e936b6a-a7a0-4163-b3d2-a89a8c826d15.jpg\",\"width\":1152,\"height\":1536},{\"@type\":\"BreadcrumbList\",\"@id\":\"https:\\\/\\\/karineparras.com\\\/et\\\/product\\\/valge-akaat-kuldne-lounamere-parli-sormus\\\/#breadcrumb\",\"itemListElement\":[{\"@type\":\"ListItem\",\"position\":1,\"name\":\"Home\",\"item\":\"https:\\\/\\\/karineparras.com\\\/et\\\/karine-parras\\\/\"},{\"@type\":\"ListItem\",\"position\":2,\"name\":\"Pood\",\"item\":\"https:\\\/\\\/karineparras.com\\\/et\\\/pood\\\/\"},{\"@type\":\"ListItem\",\"position\":3,\"name\":\"Kuldne L\u00f5unamere P\u00e4rl Kokteils\u00f5rmus Valge Ahhaat\"}]},{\"@type\":\"WebSite\",\"@id\":\"https:\\\/\\\/karineparras.com\\\/et\\\/#website\",\"url\":\"https:\\\/\\\/karineparras.com\\\/et\\\/\",\"name\":\"KARINE PARRAS\",\"description\":\"\",\"publisher\":{\"@id\":\"https:\\\/\\\/karineparras.com\\\/et\\\/#organization\"},\"potentialAction\":[{\"@type\":\"SearchAction\",\"target\":{\"@type\":\"EntryPoint\",\"urlTemplate\":\"https:\\\/\\\/karineparras.com\\\/et\\\/?s={search_term_string}\"},\"query-input\":{\"@type\":\"PropertyValueSpecification\",\"valueRequired\":true,\"valueName\":\"search_term_string\"}}],\"inLanguage\":\"et\"},{\"@type\":\"Organization\",\"@id\":\"https:\\\/\\\/karineparras.com\\\/et\\\/#organization\",\"name\":\"KARINE PARRAS\",\"url\":\"https:\\\/\\\/karineparras.com\\\/et\\\/\",\"logo\":{\"@type\":\"ImageObject\",\"inLanguage\":\"et\",\"@id\":\"https:\\\/\\\/karineparras.com\\\/et\\\/#\\\/schema\\\/logo\\\/image\\\/\",\"url\":\"https:\\\/\\\/karineparras.com\\\/wp-content\\\/uploads\\\/2023\\\/12\\\/logo-header.png\",\"contentUrl\":\"https:\\\/\\\/karineparras.com\\\/wp-content\\\/uploads\\\/2023\\\/12\\\/logo-header.png\",\"width\":1000,\"height\":60,\"caption\":\"KARINE PARRAS\"},\"image\":{\"@id\":\"https:\\\/\\\/karineparras.com\\\/et\\\/#\\\/schema\\\/logo\\\/image\\\/\"},\"sameAs\":[\"https:\\\/\\\/www.facebook.com\\\/karineparras\",\"https:\\\/\\\/www.instagram.com\\\/karineparras\\\/\"]}]}<\/script>\n<!-- \/ Yoast SEO plugin. -->","yoast_head_json":{"title":"Kuldne L\u00f5unamere P\u00e4rl Kokteils\u00f5rmus Valge Ahhaat - KARINE PARRAS","description":"S\u00f5rmus kasutab 13 mm kuldset L\u00f5unamere p\u00e4rli, mida \u00fcmbritsevad 18 karaadine roosa kuld ja valge ahhaat.","robots":{"index":"index","follow":"follow","max-snippet":"max-snippet:-1","max-image-preview":"max-image-preview:large","max-video-preview":"max-video-preview:-1"},"canonical":"https:\/\/karineparras.com\/et\/product\/valge-akaat-kuldne-lounamere-parli-sormus\/","og_locale":"et_EE","og_type":"article","og_title":"Kuldne L\u00f5unamere P\u00e4rl Kokteils\u00f5rmus Valge Ahhaat - KARINE PARRAS","og_description":"S\u00f5rmus kasutab 13 mm kuldset L\u00f5unamere p\u00e4rli, mida \u00fcmbritsevad 18 karaadine roosa kuld ja valge ahhaat.","og_url":"https:\/\/karineparras.com\/et\/product\/valge-akaat-kuldne-lounamere-parli-sormus\/","og_site_name":"KARINE PARRAS","article_publisher":"https:\/\/www.facebook.com\/karineparras","article_modified_time":"2025-03-18T16:20:33+00:00","og_image":[{"width":1152,"height":1536,"url":"https:\/\/karineparras.com\/wp-content\/uploads\/2022\/10\/pietra_jet_line_golden_south_sea_pearl_agate_2e936b6a-a7a0-4163-b3d2-a89a8c826d15.jpg","type":"image\/jpeg"}],"twitter_card":"summary_large_image","schema":{"@context":"https:\/\/schema.org","@graph":[{"@type":"WebPage","@id":"https:\/\/karineparras.com\/et\/product\/valge-akaat-kuldne-lounamere-parli-sormus\/","url":"https:\/\/karineparras.com\/et\/product\/valge-akaat-kuldne-lounamere-parli-sormus\/","name":"Kuldne L\u00f5unamere P\u00e4rl Kokteils\u00f5rmus Valge Ahhaat - KARINE PARRAS","isPartOf":{"@id":"https:\/\/karineparras.com\/et\/#website"},"primaryImageOfPage":{"@id":"https:\/\/karineparras.com\/et\/product\/valge-akaat-kuldne-lounamere-parli-sormus\/#primaryimage"},"image":{"@id":"https:\/\/karineparras.com\/et\/product\/valge-akaat-kuldne-lounamere-parli-sormus\/#primaryimage"},"thumbnailUrl":"https:\/\/karineparras.com\/wp-content\/uploads\/2022\/10\/pietra_jet_line_golden_south_sea_pearl_agate_2e936b6a-a7a0-4163-b3d2-a89a8c826d15.jpg","datePublished":"2022-10-21T01:29:52+00:00","dateModified":"2025-03-18T16:20:33+00:00","description":"S\u00f5rmus kasutab 13 mm kuldset L\u00f5unamere p\u00e4rli, mida \u00fcmbritsevad 18 karaadine roosa kuld ja valge ahhaat.","breadcrumb":{"@id":"https:\/\/karineparras.com\/et\/product\/valge-akaat-kuldne-lounamere-parli-sormus\/#breadcrumb"},"inLanguage":"et","potentialAction":[{"@type":"ReadAction","target":["https:\/\/karineparras.com\/et\/product\/valge-akaat-kuldne-lounamere-parli-sormus\/"]}]},{"@type":"ImageObject","inLanguage":"et","@id":"https:\/\/karineparras.com\/et\/product\/valge-akaat-kuldne-lounamere-parli-sormus\/#primaryimage","url":"https:\/\/karineparras.com\/wp-content\/uploads\/2022\/10\/pietra_jet_line_golden_south_sea_pearl_agate_2e936b6a-a7a0-4163-b3d2-a89a8c826d15.jpg","contentUrl":"https:\/\/karineparras.com\/wp-content\/uploads\/2022\/10\/pietra_jet_line_golden_south_sea_pearl_agate_2e936b6a-a7a0-4163-b3d2-a89a8c826d15.jpg","width":1152,"height":1536},{"@type":"BreadcrumbList","@id":"https:\/\/karineparras.com\/et\/product\/valge-akaat-kuldne-lounamere-parli-sormus\/#breadcrumb","itemListElement":[{"@type":"ListItem","position":1,"name":"Home","item":"https:\/\/karineparras.com\/et\/karine-parras\/"},{"@type":"ListItem","position":2,"name":"Pood","item":"https:\/\/karineparras.com\/et\/pood\/"},{"@type":"ListItem","position":3,"name":"Kuldne L\u00f5unamere P\u00e4rl Kokteils\u00f5rmus Valge Ahhaat"}]},{"@type":"WebSite","@id":"https:\/\/karineparras.com\/et\/#website","url":"https:\/\/karineparras.com\/et\/","name":"KARINE PARRAS","description":"","publisher":{"@id":"https:\/\/karineparras.com\/et\/#organization"},"potentialAction":[{"@type":"SearchAction","target":{"@type":"EntryPoint","urlTemplate":"https:\/\/karineparras.com\/et\/?s={search_term_string}"},"query-input":{"@type":"PropertyValueSpecification","valueRequired":true,"valueName":"search_term_string"}}],"inLanguage":"et"},{"@type":"Organization","@id":"https:\/\/karineparras.com\/et\/#organization","name":"KARINE PARRAS","url":"https:\/\/karineparras.com\/et\/","logo":{"@type":"ImageObject","inLanguage":"et","@id":"https:\/\/karineparras.com\/et\/#\/schema\/logo\/image\/","url":"https:\/\/karineparras.com\/wp-content\/uploads\/2023\/12\/logo-header.png","contentUrl":"https:\/\/karineparras.com\/wp-content\/uploads\/2023\/12\/logo-header.png","width":1000,"height":60,"caption":"KARINE PARRAS"},"image":{"@id":"https:\/\/karineparras.com\/et\/#\/schema\/logo\/image\/"},"sameAs":["https:\/\/www.facebook.com\/karineparras","https:\/\/www.instagram.com\/karineparras\/"]}]}},"_links":{"self":[{"href":"https:\/\/karineparras.com\/et\/wp-json\/wp\/v2\/product\/25991","targetHints":{"allow":["GET"]}}],"collection":[{"href":"https:\/\/karineparras.com\/et\/wp-json\/wp\/v2\/product"}],"about":[{"href":"https:\/\/karineparras.com\/et\/wp-json\/wp\/v2\/types\/product"}],"wp:featuredmedia":[{"embeddable":true,"href":"https:\/\/karineparras.com\/et\/wp-json\/wp\/v2\/media\/25613"}],"wp:attachment":[{"href":"https:\/\/karineparras.com\/et\/wp-json\/wp\/v2\/media?parent=25991"}],"wp:term":[{"taxonomy":"product_brand","embeddable":true,"href":"https:\/\/karineparras.com\/et\/wp-json\/wp\/v2\/product_brand?post=25991"},{"taxonomy":"product_cat","embeddable":true,"href":"https:\/\/karineparras.com\/et\/wp-json\/wp\/v2\/product_cat?post=25991"},{"taxonomy":"product_tag","embeddable":true,"href":"https:\/\/karineparras.com\/et\/wp-json\/wp\/v2\/product_tag?post=25991"}],"curies":[{"name":"wp","href":"https:\/\/api.w.org\/{rel}","templated":true}]}}