{"id":25990,"date":"2022-10-21T04:29:35","date_gmt":"2022-10-21T01:29:35","guid":{"rendered":"https:\/\/karineparras.com\/product\/valge-kuldne-tiibade-kaelakee\/"},"modified":"2025-03-18T14:32:58","modified_gmt":"2025-03-18T12:32:58","slug":"valge-kuldne-tiibade-kaelakee","status":"publish","type":"product","link":"https:\/\/karineparras.com\/et\/product\/valge-kuldne-tiibade-kaelakee\/","title":{"rendered":"&#8220;The Wing&#8221; Kaelakee Valge Kuld"},"content":{"rendered":"","protected":false},"excerpt":{"rendered":"<p><span data-sheets-userformat=\"{\"2\":831,\"3\":{\"1\":0},\"4\":{\"1\":2,\"2\":16776960},\"5\":{\"1\":[{\"1\":2,\"2\":0,\"5\":{\"1\":2,\"2\":0}},{\"1\":0,\"2\":0,\"3\":3},{\"1\":1,\"2\":0,\"4\":1}]},\"6\":{\"1\":[{\"1\":2,\"2\":0,\"5\":{\"1\":2,\"2\":0}},{\"1\":0,\"2\":0,\"3\":3},{\"1\":1,\"2\":0,\"4\":1}]},\"7\":{\"1\":[{\"1\":2,\"2\":0,\"5\":{\"1\":2,\"2\":0}},{\"1\":0,\"2\":0,\"3\":3},{\"1\":1,\"2\":0,\"4\":1}]},\"8\":{\"1\":[{\"1\":2,\"2\":0,\"5\":{\"1\":2,\"2\":0}},{\"1\":0,\"2\":0,\"3\":3},{\"1\":1,\"2\":0,\"4\":1}]},\"11\":4,\"12\":0}\" data-sheets-value=\"{\"1\":2,\"2\":\"A delicate wing attached to 18K white gold necklace. Upper part of the angelic looking wing has been studded with diamonds, giving it a bright and shiny outlook.nn - 18K white goldn - Diamonds\"}\">\u00d5rn tiib, mis on kinnitatud 18K valgest kullast kaelakeelele, s\u00fcmboliseerib vabadust ja armu. Tiiva \u00fclemine osa on kaunistatud kaunite teemantidega, mis p\u00fc\u00fcavad palju valgust. Tiiva elegantne disain ja teemantide kiirgav s\u00e4ra loovad ehte, mis on samal ajal pehme ja silmatorkav, ideaalne igasse v\u00e4limusse natuke maagia lisamiseks.  <\/span><\/p>\n<ul>\n<li><span data-sheets-userformat=\"{\"2\":831,\"3\":{\"1\":0},\"4\":{\"1\":2,\"2\":16776960},\"5\":{\"1\":[{\"1\":2,\"2\":0,\"5\":{\"1\":2,\"2\":0}},{\"1\":0,\"2\":0,\"3\":3},{\"1\":1,\"2\":0,\"4\":1}]},\"6\":{\"1\":[{\"1\":2,\"2\":0,\"5\":{\"1\":2,\"2\":0}},{\"1\":0,\"2\":0,\"3\":3},{\"1\":1,\"2\":0,\"4\":1}]},\"7\":{\"1\":[{\"1\":2,\"2\":0,\"5\":{\"1\":2,\"2\":0}},{\"1\":0,\"2\":0,\"3\":3},{\"1\":1,\"2\":0,\"4\":1}]},\"8\":{\"1\":[{\"1\":2,\"2\":0,\"5\":{\"1\":2,\"2\":0}},{\"1\":0,\"2\":0,\"3\":3},{\"1\":1,\"2\":0,\"4\":1}]},\"11\":4,\"12\":0}\" data-sheets-value=\"{\"1\":2,\"2\":\"A delicate wing attached to 18K white gold necklace. Upper part of the angelic looking wing has been studded with diamonds, giving it a bright and shiny outlook.nn - 18K white goldn - Diamonds\"}\">18K valge kuld<\/span><\/li>\n<li>Teemandid<\/li>\n<\/ul>\n","protected":false},"featured_media":25565,"template":"","meta":{"_themeisle_gutenberg_block_has_review":false},"product_brand":[],"product_cat":[443],"product_tag":[],"class_list":{"0":"post-25990","1":"product","2":"type-product","3":"status-publish","4":"has-post-thumbnail","6":"product_cat-kaelakeed","8":"first","9":"outofstock","10":"shipping-taxable","11":"purchasable","12":"product-type-simple"},"yoast_head":"<!-- This site is optimized with the Yoast SEO plugin v27.3 - https:\/\/yoast.com\/product\/yoast-seo-wordpress\/ -->\n<title>&quot;The Wing&quot; Kaelakee Valge Kuld - KARINE PARRAS<\/title>\n<meta name=\"description\" content=\"Elegantne valgest kullast tiib, mis ripub pikal kuldketil. Tiiva \u00fclemine osa on kaunistatud teemantidega, andes kaelakeele t\u00f5elise s\u00e4ra.\" \/>\n<meta name=\"robots\" content=\"index, follow, max-snippet:-1, max-image-preview:large, max-video-preview:-1\" \/>\n<link rel=\"canonical\" href=\"https:\/\/karineparras.com\/et\/product\/valge-kuldne-tiibade-kaelakee\/\" \/>\n<meta property=\"og:locale\" content=\"et_EE\" \/>\n<meta property=\"og:type\" content=\"article\" \/>\n<meta property=\"og:title\" content=\"&quot;The Wing&quot; Kaelakee Valge Kuld - KARINE PARRAS\" \/>\n<meta property=\"og:description\" content=\"Elegantne valgest kullast tiib, mis ripub pikal kuldketil. Tiiva \u00fclemine osa on kaunistatud teemantidega, andes kaelakeele t\u00f5elise s\u00e4ra.\" \/>\n<meta property=\"og:url\" content=\"https:\/\/karineparras.com\/et\/product\/valge-kuldne-tiibade-kaelakee\/\" \/>\n<meta property=\"og:site_name\" content=\"KARINE PARRAS\" \/>\n<meta property=\"article:publisher\" content=\"https:\/\/www.facebook.com\/karineparras\" \/>\n<meta property=\"article:modified_time\" content=\"2025-03-18T12:32:58+00:00\" \/>\n<meta property=\"og:image\" content=\"https:\/\/karineparras.com\/wp-content\/uploads\/2022\/10\/KPweb_diamond_wing_necklace_wg.jpg\" \/>\n\t<meta property=\"og:image:width\" content=\"1152\" \/>\n\t<meta property=\"og:image:height\" content=\"1536\" \/>\n\t<meta property=\"og:image:type\" content=\"image\/jpeg\" \/>\n<meta name=\"twitter:card\" content=\"summary_large_image\" \/>\n<script type=\"application\/ld+json\" class=\"yoast-schema-graph\">{\"@context\":\"https:\\\/\\\/schema.org\",\"@graph\":[{\"@type\":\"WebPage\",\"@id\":\"https:\\\/\\\/karineparras.com\\\/et\\\/product\\\/valge-kuldne-tiibade-kaelakee\\\/\",\"url\":\"https:\\\/\\\/karineparras.com\\\/et\\\/product\\\/valge-kuldne-tiibade-kaelakee\\\/\",\"name\":\"\\\"The Wing\\\" Kaelakee Valge Kuld - KARINE PARRAS\",\"isPartOf\":{\"@id\":\"https:\\\/\\\/karineparras.com\\\/et\\\/#website\"},\"primaryImageOfPage\":{\"@id\":\"https:\\\/\\\/karineparras.com\\\/et\\\/product\\\/valge-kuldne-tiibade-kaelakee\\\/#primaryimage\"},\"image\":{\"@id\":\"https:\\\/\\\/karineparras.com\\\/et\\\/product\\\/valge-kuldne-tiibade-kaelakee\\\/#primaryimage\"},\"thumbnailUrl\":\"https:\\\/\\\/karineparras.com\\\/wp-content\\\/uploads\\\/2022\\\/10\\\/KPweb_diamond_wing_necklace_wg.jpg\",\"datePublished\":\"2022-10-21T01:29:35+00:00\",\"dateModified\":\"2025-03-18T12:32:58+00:00\",\"description\":\"Elegantne valgest kullast tiib, mis ripub pikal kuldketil. Tiiva \u00fclemine osa on kaunistatud teemantidega, andes kaelakeele t\u00f5elise s\u00e4ra.\",\"breadcrumb\":{\"@id\":\"https:\\\/\\\/karineparras.com\\\/et\\\/product\\\/valge-kuldne-tiibade-kaelakee\\\/#breadcrumb\"},\"inLanguage\":\"et\",\"potentialAction\":[{\"@type\":\"ReadAction\",\"target\":[\"https:\\\/\\\/karineparras.com\\\/et\\\/product\\\/valge-kuldne-tiibade-kaelakee\\\/\"]}]},{\"@type\":\"ImageObject\",\"inLanguage\":\"et\",\"@id\":\"https:\\\/\\\/karineparras.com\\\/et\\\/product\\\/valge-kuldne-tiibade-kaelakee\\\/#primaryimage\",\"url\":\"https:\\\/\\\/karineparras.com\\\/wp-content\\\/uploads\\\/2022\\\/10\\\/KPweb_diamond_wing_necklace_wg.jpg\",\"contentUrl\":\"https:\\\/\\\/karineparras.com\\\/wp-content\\\/uploads\\\/2022\\\/10\\\/KPweb_diamond_wing_necklace_wg.jpg\",\"width\":1152,\"height\":1536},{\"@type\":\"BreadcrumbList\",\"@id\":\"https:\\\/\\\/karineparras.com\\\/et\\\/product\\\/valge-kuldne-tiibade-kaelakee\\\/#breadcrumb\",\"itemListElement\":[{\"@type\":\"ListItem\",\"position\":1,\"name\":\"Home\",\"item\":\"https:\\\/\\\/karineparras.com\\\/et\\\/karine-parras\\\/\"},{\"@type\":\"ListItem\",\"position\":2,\"name\":\"Pood\",\"item\":\"https:\\\/\\\/karineparras.com\\\/et\\\/pood\\\/\"},{\"@type\":\"ListItem\",\"position\":3,\"name\":\"&#8220;The Wing&#8221; Kaelakee Valge Kuld\"}]},{\"@type\":\"WebSite\",\"@id\":\"https:\\\/\\\/karineparras.com\\\/et\\\/#website\",\"url\":\"https:\\\/\\\/karineparras.com\\\/et\\\/\",\"name\":\"KARINE PARRAS\",\"description\":\"\",\"publisher\":{\"@id\":\"https:\\\/\\\/karineparras.com\\\/et\\\/#organization\"},\"potentialAction\":[{\"@type\":\"SearchAction\",\"target\":{\"@type\":\"EntryPoint\",\"urlTemplate\":\"https:\\\/\\\/karineparras.com\\\/et\\\/?s={search_term_string}\"},\"query-input\":{\"@type\":\"PropertyValueSpecification\",\"valueRequired\":true,\"valueName\":\"search_term_string\"}}],\"inLanguage\":\"et\"},{\"@type\":\"Organization\",\"@id\":\"https:\\\/\\\/karineparras.com\\\/et\\\/#organization\",\"name\":\"KARINE PARRAS\",\"url\":\"https:\\\/\\\/karineparras.com\\\/et\\\/\",\"logo\":{\"@type\":\"ImageObject\",\"inLanguage\":\"et\",\"@id\":\"https:\\\/\\\/karineparras.com\\\/et\\\/#\\\/schema\\\/logo\\\/image\\\/\",\"url\":\"https:\\\/\\\/karineparras.com\\\/wp-content\\\/uploads\\\/2023\\\/12\\\/logo-header.png\",\"contentUrl\":\"https:\\\/\\\/karineparras.com\\\/wp-content\\\/uploads\\\/2023\\\/12\\\/logo-header.png\",\"width\":1000,\"height\":60,\"caption\":\"KARINE PARRAS\"},\"image\":{\"@id\":\"https:\\\/\\\/karineparras.com\\\/et\\\/#\\\/schema\\\/logo\\\/image\\\/\"},\"sameAs\":[\"https:\\\/\\\/www.facebook.com\\\/karineparras\",\"https:\\\/\\\/www.instagram.com\\\/karineparras\\\/\"]}]}<\/script>\n<!-- \/ Yoast SEO plugin. -->","yoast_head_json":{"title":"\"The Wing\" Kaelakee Valge Kuld - KARINE PARRAS","description":"Elegantne valgest kullast tiib, mis ripub pikal kuldketil. Tiiva \u00fclemine osa on kaunistatud teemantidega, andes kaelakeele t\u00f5elise s\u00e4ra.","robots":{"index":"index","follow":"follow","max-snippet":"max-snippet:-1","max-image-preview":"max-image-preview:large","max-video-preview":"max-video-preview:-1"},"canonical":"https:\/\/karineparras.com\/et\/product\/valge-kuldne-tiibade-kaelakee\/","og_locale":"et_EE","og_type":"article","og_title":"\"The Wing\" Kaelakee Valge Kuld - KARINE PARRAS","og_description":"Elegantne valgest kullast tiib, mis ripub pikal kuldketil. Tiiva \u00fclemine osa on kaunistatud teemantidega, andes kaelakeele t\u00f5elise s\u00e4ra.","og_url":"https:\/\/karineparras.com\/et\/product\/valge-kuldne-tiibade-kaelakee\/","og_site_name":"KARINE PARRAS","article_publisher":"https:\/\/www.facebook.com\/karineparras","article_modified_time":"2025-03-18T12:32:58+00:00","og_image":[{"width":1152,"height":1536,"url":"https:\/\/karineparras.com\/wp-content\/uploads\/2022\/10\/KPweb_diamond_wing_necklace_wg.jpg","type":"image\/jpeg"}],"twitter_card":"summary_large_image","schema":{"@context":"https:\/\/schema.org","@graph":[{"@type":"WebPage","@id":"https:\/\/karineparras.com\/et\/product\/valge-kuldne-tiibade-kaelakee\/","url":"https:\/\/karineparras.com\/et\/product\/valge-kuldne-tiibade-kaelakee\/","name":"\"The Wing\" Kaelakee Valge Kuld - KARINE PARRAS","isPartOf":{"@id":"https:\/\/karineparras.com\/et\/#website"},"primaryImageOfPage":{"@id":"https:\/\/karineparras.com\/et\/product\/valge-kuldne-tiibade-kaelakee\/#primaryimage"},"image":{"@id":"https:\/\/karineparras.com\/et\/product\/valge-kuldne-tiibade-kaelakee\/#primaryimage"},"thumbnailUrl":"https:\/\/karineparras.com\/wp-content\/uploads\/2022\/10\/KPweb_diamond_wing_necklace_wg.jpg","datePublished":"2022-10-21T01:29:35+00:00","dateModified":"2025-03-18T12:32:58+00:00","description":"Elegantne valgest kullast tiib, mis ripub pikal kuldketil. Tiiva \u00fclemine osa on kaunistatud teemantidega, andes kaelakeele t\u00f5elise s\u00e4ra.","breadcrumb":{"@id":"https:\/\/karineparras.com\/et\/product\/valge-kuldne-tiibade-kaelakee\/#breadcrumb"},"inLanguage":"et","potentialAction":[{"@type":"ReadAction","target":["https:\/\/karineparras.com\/et\/product\/valge-kuldne-tiibade-kaelakee\/"]}]},{"@type":"ImageObject","inLanguage":"et","@id":"https:\/\/karineparras.com\/et\/product\/valge-kuldne-tiibade-kaelakee\/#primaryimage","url":"https:\/\/karineparras.com\/wp-content\/uploads\/2022\/10\/KPweb_diamond_wing_necklace_wg.jpg","contentUrl":"https:\/\/karineparras.com\/wp-content\/uploads\/2022\/10\/KPweb_diamond_wing_necklace_wg.jpg","width":1152,"height":1536},{"@type":"BreadcrumbList","@id":"https:\/\/karineparras.com\/et\/product\/valge-kuldne-tiibade-kaelakee\/#breadcrumb","itemListElement":[{"@type":"ListItem","position":1,"name":"Home","item":"https:\/\/karineparras.com\/et\/karine-parras\/"},{"@type":"ListItem","position":2,"name":"Pood","item":"https:\/\/karineparras.com\/et\/pood\/"},{"@type":"ListItem","position":3,"name":"&#8220;The Wing&#8221; Kaelakee Valge Kuld"}]},{"@type":"WebSite","@id":"https:\/\/karineparras.com\/et\/#website","url":"https:\/\/karineparras.com\/et\/","name":"KARINE PARRAS","description":"","publisher":{"@id":"https:\/\/karineparras.com\/et\/#organization"},"potentialAction":[{"@type":"SearchAction","target":{"@type":"EntryPoint","urlTemplate":"https:\/\/karineparras.com\/et\/?s={search_term_string}"},"query-input":{"@type":"PropertyValueSpecification","valueRequired":true,"valueName":"search_term_string"}}],"inLanguage":"et"},{"@type":"Organization","@id":"https:\/\/karineparras.com\/et\/#organization","name":"KARINE PARRAS","url":"https:\/\/karineparras.com\/et\/","logo":{"@type":"ImageObject","inLanguage":"et","@id":"https:\/\/karineparras.com\/et\/#\/schema\/logo\/image\/","url":"https:\/\/karineparras.com\/wp-content\/uploads\/2023\/12\/logo-header.png","contentUrl":"https:\/\/karineparras.com\/wp-content\/uploads\/2023\/12\/logo-header.png","width":1000,"height":60,"caption":"KARINE PARRAS"},"image":{"@id":"https:\/\/karineparras.com\/et\/#\/schema\/logo\/image\/"},"sameAs":["https:\/\/www.facebook.com\/karineparras","https:\/\/www.instagram.com\/karineparras\/"]}]}},"_links":{"self":[{"href":"https:\/\/karineparras.com\/et\/wp-json\/wp\/v2\/product\/25990","targetHints":{"allow":["GET"]}}],"collection":[{"href":"https:\/\/karineparras.com\/et\/wp-json\/wp\/v2\/product"}],"about":[{"href":"https:\/\/karineparras.com\/et\/wp-json\/wp\/v2\/types\/product"}],"wp:featuredmedia":[{"embeddable":true,"href":"https:\/\/karineparras.com\/et\/wp-json\/wp\/v2\/media\/25565"}],"wp:attachment":[{"href":"https:\/\/karineparras.com\/et\/wp-json\/wp\/v2\/media?parent=25990"}],"wp:term":[{"taxonomy":"product_brand","embeddable":true,"href":"https:\/\/karineparras.com\/et\/wp-json\/wp\/v2\/product_brand?post=25990"},{"taxonomy":"product_cat","embeddable":true,"href":"https:\/\/karineparras.com\/et\/wp-json\/wp\/v2\/product_cat?post=25990"},{"taxonomy":"product_tag","embeddable":true,"href":"https:\/\/karineparras.com\/et\/wp-json\/wp\/v2\/product_tag?post=25990"}],"curies":[{"name":"wp","href":"https:\/\/api.w.org\/{rel}","templated":true}]}}