{"id":25981,"date":"2022-10-21T04:29:38","date_gmt":"2022-10-21T01:29:38","guid":{"rendered":"https:\/\/karineparras.com\/product\/kanaari-teemantide-reaga-traatsormus\/"},"modified":"2025-03-18T17:24:24","modified_gmt":"2025-03-18T15:24:24","slug":"kanaari-teemantide-reaga-traatsormus","status":"publish","type":"product","link":"https:\/\/karineparras.com\/et\/product\/kanaari-teemantide-reaga-traatsormus\/","title":{"rendered":"&#8220;The Wire Ring&#8221; Kanaari Kollased Teemandid"},"content":{"rendered":"","protected":false},"excerpt":{"rendered":"<p><a href=\"https:\/\/karineparras.com\/product-category\/fine-jewellery-lines\/the-wire-ring\/\" target=\"_blank\" rel=\"noopener\">THE WIRE RING<\/a><\/p>\n<p>Silmapaistev ja stiilne s\u00f5rmus, kus kollased teemandid on \u00fchendatud sinise kullakattega, luues t\u00e4iesti ainulaadse v\u00e4limuse. Elavad kollased teemandid ja sinine taust loovad koos silmapaistva v\u00e4limuse, olles t\u00e4iuslik lisand igap\u00e4evastele minimalistlikele riietusele, andes sellele tooni ja modernsuse.<\/p>\n<p class=\"p1\">&#8220;Wire Ring&#8221; liin m\u00e4ngib v\u00e4\u00e4riskivide ja kullav\u00e4rviga, et t\u00f5sta esile selle keskse kalliskivi ilu. Kihlas\u00f5rmuste uus stiil, mis h\u00f5lmab sama armastuse s\u00f5numit.<\/p>\n<p class=\"p1\">P\u00e4rast selle edu hakkas disainer katsetama teiste kivide ja v\u00e4rvidega, sest ta m\u00f5istis, et see on parim viis \u00fchendada kaasaegne disain ja klassikaliste v\u00e4\u00e4riskividega.<\/p>\n<ul>\n<li>18K kollane kuld Karine Parras sinise signatuurkattega<\/li>\n<li>1.90 ctw kanaari kollased teemandid<\/li>\n<\/ul>\n","protected":false},"featured_media":25571,"template":"","meta":{"_themeisle_gutenberg_block_has_review":false},"product_brand":[],"product_cat":[440,441,463],"product_tag":[],"class_list":{"0":"post-25981","1":"product","2":"type-product","3":"status-publish","4":"has-post-thumbnail","6":"product_cat-fine-jewellery-liinid","7":"product_cat-sormused","8":"product_cat-the-wire-ring-et","10":"first","11":"outofstock","12":"shipping-taxable","13":"product-type-simple"},"yoast_head":"<!-- This site is optimized with the Yoast SEO plugin v27.3 - https:\/\/yoast.com\/product\/yoast-seo-wordpress\/ -->\n<title>&quot;The Wire Ring&quot; Kanaari Kollased Teemandid - KARINE PARRAS<\/title>\n<meta name=\"description\" content=\"&quot;Wire Ring&quot; liin m\u00e4ngib v\u00e4\u00e4riskivide ja kullav\u00e4rviga, et t\u00f5sta esile selle keskse kalliskivi ilu. Rida kanaari teemante.\" \/>\n<meta name=\"robots\" content=\"index, follow, max-snippet:-1, max-image-preview:large, max-video-preview:-1\" \/>\n<link rel=\"canonical\" href=\"https:\/\/karineparras.com\/et\/product\/kanaari-teemantide-reaga-traatsormus\/\" \/>\n<meta property=\"og:locale\" content=\"et_EE\" \/>\n<meta property=\"og:type\" content=\"article\" \/>\n<meta property=\"og:title\" content=\"&quot;The Wire Ring&quot; Kanaari Kollased Teemandid - KARINE PARRAS\" \/>\n<meta property=\"og:description\" content=\"&quot;Wire Ring&quot; liin m\u00e4ngib v\u00e4\u00e4riskivide ja kullav\u00e4rviga, et t\u00f5sta esile selle keskse kalliskivi ilu. Rida kanaari teemante.\" \/>\n<meta property=\"og:url\" content=\"https:\/\/karineparras.com\/et\/product\/kanaari-teemantide-reaga-traatsormus\/\" \/>\n<meta property=\"og:site_name\" content=\"KARINE PARRAS\" \/>\n<meta property=\"article:publisher\" content=\"https:\/\/www.facebook.com\/karineparras\" \/>\n<meta property=\"article:modified_time\" content=\"2025-03-18T15:24:24+00:00\" \/>\n<meta property=\"og:image\" content=\"https:\/\/karineparras.com\/wp-content\/uploads\/2022\/10\/KPweb_the_wire_yellow_sapphires_blue.jpg\" \/>\n\t<meta property=\"og:image:width\" content=\"1152\" \/>\n\t<meta property=\"og:image:height\" content=\"1536\" \/>\n\t<meta property=\"og:image:type\" content=\"image\/jpeg\" \/>\n<meta name=\"twitter:card\" content=\"summary_large_image\" \/>\n<meta name=\"twitter:label1\" content=\"Est. reading time\" \/>\n\t<meta name=\"twitter:data1\" content=\"1 minut\" \/>\n<script type=\"application\/ld+json\" class=\"yoast-schema-graph\">{\"@context\":\"https:\\\/\\\/schema.org\",\"@graph\":[{\"@type\":\"WebPage\",\"@id\":\"https:\\\/\\\/karineparras.com\\\/et\\\/product\\\/kanaari-teemantide-reaga-traatsormus\\\/\",\"url\":\"https:\\\/\\\/karineparras.com\\\/et\\\/product\\\/kanaari-teemantide-reaga-traatsormus\\\/\",\"name\":\"\\\"The Wire Ring\\\" Kanaari Kollased Teemandid - KARINE PARRAS\",\"isPartOf\":{\"@id\":\"https:\\\/\\\/karineparras.com\\\/et\\\/#website\"},\"primaryImageOfPage\":{\"@id\":\"https:\\\/\\\/karineparras.com\\\/et\\\/product\\\/kanaari-teemantide-reaga-traatsormus\\\/#primaryimage\"},\"image\":{\"@id\":\"https:\\\/\\\/karineparras.com\\\/et\\\/product\\\/kanaari-teemantide-reaga-traatsormus\\\/#primaryimage\"},\"thumbnailUrl\":\"https:\\\/\\\/karineparras.com\\\/wp-content\\\/uploads\\\/2022\\\/10\\\/KPweb_the_wire_yellow_sapphires_blue.jpg\",\"datePublished\":\"2022-10-21T01:29:38+00:00\",\"dateModified\":\"2025-03-18T15:24:24+00:00\",\"description\":\"\\\"Wire Ring\\\" liin m\u00e4ngib v\u00e4\u00e4riskivide ja kullav\u00e4rviga, et t\u00f5sta esile selle keskse kalliskivi ilu. Rida kanaari teemante.\",\"breadcrumb\":{\"@id\":\"https:\\\/\\\/karineparras.com\\\/et\\\/product\\\/kanaari-teemantide-reaga-traatsormus\\\/#breadcrumb\"},\"inLanguage\":\"et\",\"potentialAction\":[{\"@type\":\"ReadAction\",\"target\":[\"https:\\\/\\\/karineparras.com\\\/et\\\/product\\\/kanaari-teemantide-reaga-traatsormus\\\/\"]}]},{\"@type\":\"ImageObject\",\"inLanguage\":\"et\",\"@id\":\"https:\\\/\\\/karineparras.com\\\/et\\\/product\\\/kanaari-teemantide-reaga-traatsormus\\\/#primaryimage\",\"url\":\"https:\\\/\\\/karineparras.com\\\/wp-content\\\/uploads\\\/2022\\\/10\\\/KPweb_the_wire_yellow_sapphires_blue.jpg\",\"contentUrl\":\"https:\\\/\\\/karineparras.com\\\/wp-content\\\/uploads\\\/2022\\\/10\\\/KPweb_the_wire_yellow_sapphires_blue.jpg\",\"width\":1152,\"height\":1536},{\"@type\":\"BreadcrumbList\",\"@id\":\"https:\\\/\\\/karineparras.com\\\/et\\\/product\\\/kanaari-teemantide-reaga-traatsormus\\\/#breadcrumb\",\"itemListElement\":[{\"@type\":\"ListItem\",\"position\":1,\"name\":\"Home\",\"item\":\"https:\\\/\\\/karineparras.com\\\/et\\\/karine-parras\\\/\"},{\"@type\":\"ListItem\",\"position\":2,\"name\":\"Pood\",\"item\":\"https:\\\/\\\/karineparras.com\\\/et\\\/pood\\\/\"},{\"@type\":\"ListItem\",\"position\":3,\"name\":\"&#8220;The Wire Ring&#8221; Kanaari Kollased Teemandid\"}]},{\"@type\":\"WebSite\",\"@id\":\"https:\\\/\\\/karineparras.com\\\/et\\\/#website\",\"url\":\"https:\\\/\\\/karineparras.com\\\/et\\\/\",\"name\":\"KARINE PARRAS\",\"description\":\"\",\"publisher\":{\"@id\":\"https:\\\/\\\/karineparras.com\\\/et\\\/#organization\"},\"potentialAction\":[{\"@type\":\"SearchAction\",\"target\":{\"@type\":\"EntryPoint\",\"urlTemplate\":\"https:\\\/\\\/karineparras.com\\\/et\\\/?s={search_term_string}\"},\"query-input\":{\"@type\":\"PropertyValueSpecification\",\"valueRequired\":true,\"valueName\":\"search_term_string\"}}],\"inLanguage\":\"et\"},{\"@type\":\"Organization\",\"@id\":\"https:\\\/\\\/karineparras.com\\\/et\\\/#organization\",\"name\":\"KARINE PARRAS\",\"url\":\"https:\\\/\\\/karineparras.com\\\/et\\\/\",\"logo\":{\"@type\":\"ImageObject\",\"inLanguage\":\"et\",\"@id\":\"https:\\\/\\\/karineparras.com\\\/et\\\/#\\\/schema\\\/logo\\\/image\\\/\",\"url\":\"https:\\\/\\\/karineparras.com\\\/wp-content\\\/uploads\\\/2023\\\/12\\\/logo-header.png\",\"contentUrl\":\"https:\\\/\\\/karineparras.com\\\/wp-content\\\/uploads\\\/2023\\\/12\\\/logo-header.png\",\"width\":1000,\"height\":60,\"caption\":\"KARINE PARRAS\"},\"image\":{\"@id\":\"https:\\\/\\\/karineparras.com\\\/et\\\/#\\\/schema\\\/logo\\\/image\\\/\"},\"sameAs\":[\"https:\\\/\\\/www.facebook.com\\\/karineparras\",\"https:\\\/\\\/www.instagram.com\\\/karineparras\\\/\"]}]}<\/script>\n<!-- \/ Yoast SEO plugin. -->","yoast_head_json":{"title":"\"The Wire Ring\" Kanaari Kollased Teemandid - KARINE PARRAS","description":"\"Wire Ring\" liin m\u00e4ngib v\u00e4\u00e4riskivide ja kullav\u00e4rviga, et t\u00f5sta esile selle keskse kalliskivi ilu. Rida kanaari teemante.","robots":{"index":"index","follow":"follow","max-snippet":"max-snippet:-1","max-image-preview":"max-image-preview:large","max-video-preview":"max-video-preview:-1"},"canonical":"https:\/\/karineparras.com\/et\/product\/kanaari-teemantide-reaga-traatsormus\/","og_locale":"et_EE","og_type":"article","og_title":"\"The Wire Ring\" Kanaari Kollased Teemandid - KARINE PARRAS","og_description":"\"Wire Ring\" liin m\u00e4ngib v\u00e4\u00e4riskivide ja kullav\u00e4rviga, et t\u00f5sta esile selle keskse kalliskivi ilu. Rida kanaari teemante.","og_url":"https:\/\/karineparras.com\/et\/product\/kanaari-teemantide-reaga-traatsormus\/","og_site_name":"KARINE PARRAS","article_publisher":"https:\/\/www.facebook.com\/karineparras","article_modified_time":"2025-03-18T15:24:24+00:00","og_image":[{"width":1152,"height":1536,"url":"https:\/\/karineparras.com\/wp-content\/uploads\/2022\/10\/KPweb_the_wire_yellow_sapphires_blue.jpg","type":"image\/jpeg"}],"twitter_card":"summary_large_image","twitter_misc":{"Est. reading time":"1 minut"},"schema":{"@context":"https:\/\/schema.org","@graph":[{"@type":"WebPage","@id":"https:\/\/karineparras.com\/et\/product\/kanaari-teemantide-reaga-traatsormus\/","url":"https:\/\/karineparras.com\/et\/product\/kanaari-teemantide-reaga-traatsormus\/","name":"\"The Wire Ring\" Kanaari Kollased Teemandid - KARINE PARRAS","isPartOf":{"@id":"https:\/\/karineparras.com\/et\/#website"},"primaryImageOfPage":{"@id":"https:\/\/karineparras.com\/et\/product\/kanaari-teemantide-reaga-traatsormus\/#primaryimage"},"image":{"@id":"https:\/\/karineparras.com\/et\/product\/kanaari-teemantide-reaga-traatsormus\/#primaryimage"},"thumbnailUrl":"https:\/\/karineparras.com\/wp-content\/uploads\/2022\/10\/KPweb_the_wire_yellow_sapphires_blue.jpg","datePublished":"2022-10-21T01:29:38+00:00","dateModified":"2025-03-18T15:24:24+00:00","description":"\"Wire Ring\" liin m\u00e4ngib v\u00e4\u00e4riskivide ja kullav\u00e4rviga, et t\u00f5sta esile selle keskse kalliskivi ilu. Rida kanaari teemante.","breadcrumb":{"@id":"https:\/\/karineparras.com\/et\/product\/kanaari-teemantide-reaga-traatsormus\/#breadcrumb"},"inLanguage":"et","potentialAction":[{"@type":"ReadAction","target":["https:\/\/karineparras.com\/et\/product\/kanaari-teemantide-reaga-traatsormus\/"]}]},{"@type":"ImageObject","inLanguage":"et","@id":"https:\/\/karineparras.com\/et\/product\/kanaari-teemantide-reaga-traatsormus\/#primaryimage","url":"https:\/\/karineparras.com\/wp-content\/uploads\/2022\/10\/KPweb_the_wire_yellow_sapphires_blue.jpg","contentUrl":"https:\/\/karineparras.com\/wp-content\/uploads\/2022\/10\/KPweb_the_wire_yellow_sapphires_blue.jpg","width":1152,"height":1536},{"@type":"BreadcrumbList","@id":"https:\/\/karineparras.com\/et\/product\/kanaari-teemantide-reaga-traatsormus\/#breadcrumb","itemListElement":[{"@type":"ListItem","position":1,"name":"Home","item":"https:\/\/karineparras.com\/et\/karine-parras\/"},{"@type":"ListItem","position":2,"name":"Pood","item":"https:\/\/karineparras.com\/et\/pood\/"},{"@type":"ListItem","position":3,"name":"&#8220;The Wire Ring&#8221; Kanaari Kollased Teemandid"}]},{"@type":"WebSite","@id":"https:\/\/karineparras.com\/et\/#website","url":"https:\/\/karineparras.com\/et\/","name":"KARINE PARRAS","description":"","publisher":{"@id":"https:\/\/karineparras.com\/et\/#organization"},"potentialAction":[{"@type":"SearchAction","target":{"@type":"EntryPoint","urlTemplate":"https:\/\/karineparras.com\/et\/?s={search_term_string}"},"query-input":{"@type":"PropertyValueSpecification","valueRequired":true,"valueName":"search_term_string"}}],"inLanguage":"et"},{"@type":"Organization","@id":"https:\/\/karineparras.com\/et\/#organization","name":"KARINE PARRAS","url":"https:\/\/karineparras.com\/et\/","logo":{"@type":"ImageObject","inLanguage":"et","@id":"https:\/\/karineparras.com\/et\/#\/schema\/logo\/image\/","url":"https:\/\/karineparras.com\/wp-content\/uploads\/2023\/12\/logo-header.png","contentUrl":"https:\/\/karineparras.com\/wp-content\/uploads\/2023\/12\/logo-header.png","width":1000,"height":60,"caption":"KARINE PARRAS"},"image":{"@id":"https:\/\/karineparras.com\/et\/#\/schema\/logo\/image\/"},"sameAs":["https:\/\/www.facebook.com\/karineparras","https:\/\/www.instagram.com\/karineparras\/"]}]}},"_links":{"self":[{"href":"https:\/\/karineparras.com\/et\/wp-json\/wp\/v2\/product\/25981","targetHints":{"allow":["GET"]}}],"collection":[{"href":"https:\/\/karineparras.com\/et\/wp-json\/wp\/v2\/product"}],"about":[{"href":"https:\/\/karineparras.com\/et\/wp-json\/wp\/v2\/types\/product"}],"wp:featuredmedia":[{"embeddable":true,"href":"https:\/\/karineparras.com\/et\/wp-json\/wp\/v2\/media\/25571"}],"wp:attachment":[{"href":"https:\/\/karineparras.com\/et\/wp-json\/wp\/v2\/media?parent=25981"}],"wp:term":[{"taxonomy":"product_brand","embeddable":true,"href":"https:\/\/karineparras.com\/et\/wp-json\/wp\/v2\/product_brand?post=25981"},{"taxonomy":"product_cat","embeddable":true,"href":"https:\/\/karineparras.com\/et\/wp-json\/wp\/v2\/product_cat?post=25981"},{"taxonomy":"product_tag","embeddable":true,"href":"https:\/\/karineparras.com\/et\/wp-json\/wp\/v2\/product_tag?post=25981"}],"curies":[{"name":"wp","href":"https:\/\/api.w.org\/{rel}","templated":true}]}}