{"id":25980,"date":"2022-10-21T04:29:58","date_gmt":"2022-10-21T01:29:58","guid":{"rendered":"https:\/\/karineparras.com\/product\/valged-lounamere-parlid-korvarongad\/"},"modified":"2025-03-19T14:31:57","modified_gmt":"2025-03-19T12:31:57","slug":"valged-lounamere-parlid-korvarongad","status":"publish","type":"product","link":"https:\/\/karineparras.com\/et\/product\/valged-lounamere-parlid-korvarongad\/","title":{"rendered":"Klassikalised Valged L\u00f5unamere P\u00e4rli K\u00f5rvar\u00f5ngad"},"content":{"rendered":"","protected":false},"excerpt":{"rendered":"<p>Klassik, mida iga\u00fcks peab omama.<\/p>\n<p>T\u00e4iuslikult \u00fcmarad ja kreemja helgiga L\u00f5una-Merede p\u00e4rlid muudavad need k\u00f5rvar\u00f5ngad t\u00f5eliseks elegantsi s\u00fcmboliks. 18K kullast \u00f5rn kinnistus lisab luksuslikku puudutust, muutes need kandjale igap\u00e4evaseks klassikaks.  Saladus, mis toob esile n\u00e4o ja silmade s\u00e4ra.<\/p>\n<ul>\n<li>18K valge kuld<\/li>\n<li>Valged L\u00f5unamere p\u00e4rlid<\/li>\n<\/ul>\n","protected":false},"featured_media":25627,"template":"","meta":{"_themeisle_gutenberg_block_has_review":false},"product_brand":[],"product_cat":[440,454,472],"product_tag":[480,456,483,532,484,490,476,491,474,473,497,475,520,493,519,495,496,494,486,498,499,512,513,485,479,500,477,501,487,502,489,547,505,549,550,551,552,506,478,482,531,509,508,507,510,511,529,545,514,515,546,492,516,522,518,521,526,525,530,527,528,534,535,533,540,542,543,481,517,524,548,467,544],"class_list":{"0":"post-25980","1":"product","2":"type-product","3":"status-publish","4":"has-post-thumbnail","6":"product_cat-fine-jewellery-liinid","7":"product_cat-korvarongad","8":"product_cat-parlid","9":"product_tag-18-et","10":"product_tag-18k-et","11":"product_tag-aksessuaarid-et","12":"product_tag-avaldus","13":"product_tag-brandi","14":"product_tag-disain","15":"product_tag-eesti-et","16":"product_tag-eesti-et-2","17":"product_tag-ehe-et","18":"product_tag-ehted","19":"product_tag-ehted-et","20":"product_tag-estonia-et","21":"product_tag-ettepanek","22":"product_tag-idee","23":"product_tag-isiklik","24":"product_tag-itaalia-et-2","25":"product_tag-itaalia-et-3","26":"product_tag-itaalia-et","27":"product_tag-joulud-et","28":"product_tag-joulud-et-2","29":"product_tag-joulukingitus-et","30":"product_tag-kaasaegne","31":"product_tag-kaasaegne-et","32":"product_tag-karaat","33":"product_tag-kingiidee-et","34":"product_tag-kingitus-et-2","35":"product_tag-kingitus-et","36":"product_tag-klassika-et","37":"product_tag-klassikaline-et","38":"product_tag-klassikaline-et-2","39":"product_tag-kohandatud","40":"product_tag-kollane-et-2","41":"product_tag-kollane-et","42":"product_tag-korvarongad-et","43":"product_tag-korvarongad-et-2","44":"product_tag-korvarongad-et-3","45":"product_tag-korvarongas-et","46":"product_tag-kuld-et-2","47":"product_tag-kuld-et","48":"product_tag-lisaseadmed","49":"product_tag-louna","50":"product_tag-lounameri-et","51":"product_tag-luksus","52":"product_tag-luksuslik-et","53":"product_tag-magevee-et","54":"product_tag-magevesi-et","55":"product_tag-meri","56":"product_tag-naine-et-2","57":"product_tag-naine-et","58":"product_tag-naise-et","59":"product_tag-naised","60":"product_tag-naissoost","61":"product_tag-naisteehted-et","62":"product_tag-parl-et","63":"product_tag-parlid-et","64":"product_tag-puhas-et","65":"product_tag-roos","66":"product_tag-roosa-et","67":"product_tag-skandinaavia-et-3","68":"product_tag-skandinaavia-et","69":"product_tag-skandinaavia-et-2","70":"product_tag-stiil","71":"product_tag-stiilne","72":"product_tag-stuudio","73":"product_tag-tahiti-et","74":"product_tag-tahiti-et-2","75":"product_tag-tallinn-et","76":"product_tag-tarvikud","77":"product_tag-tellimus","78":"product_tag-toeline","79":"product_tag-ulekullatud-et","80":"product_tag-valge-et","81":"product_tag-valge-et-2","83":"first","84":"instock","85":"shipping-taxable","86":"purchasable","87":"product-type-variable"},"yoast_head":"<!-- This site is optimized with the Yoast SEO plugin v27.3 - https:\/\/yoast.com\/product\/yoast-seo-wordpress\/ -->\n<title>Klassikalised Valged L\u00f5unamere P\u00e4rli K\u00f5rvar\u00f5ngad - KARINE PARRAS<\/title>\n<meta name=\"description\" content=\"K\u00f5rvar\u00f5ngad, mis on keskendunud puhtalt p\u00e4rli ilule. Ajatu L\u00f5unamere p\u00e4rl, klassikaline p\u00e4rl, mida iga\u00fcks peab omama. P\u00e4rlid, mis toovad silmad esile.\" \/>\n<meta name=\"robots\" content=\"index, follow, max-snippet:-1, max-image-preview:large, max-video-preview:-1\" \/>\n<link rel=\"canonical\" href=\"https:\/\/karineparras.com\/et\/product\/valged-lounamere-parlid-korvarongad\/\" \/>\n<meta property=\"og:locale\" content=\"et_EE\" \/>\n<meta property=\"og:type\" content=\"article\" \/>\n<meta property=\"og:title\" content=\"Klassikalised Valged L\u00f5unamere P\u00e4rli K\u00f5rvar\u00f5ngad - KARINE PARRAS\" \/>\n<meta property=\"og:description\" content=\"K\u00f5rvar\u00f5ngad, mis on keskendunud puhtalt p\u00e4rli ilule. Ajatu L\u00f5unamere p\u00e4rl, klassikaline p\u00e4rl, mida iga\u00fcks peab omama. P\u00e4rlid, mis toovad silmad esile.\" \/>\n<meta property=\"og:url\" content=\"https:\/\/karineparras.com\/et\/product\/valged-lounamere-parlid-korvarongad\/\" \/>\n<meta property=\"og:site_name\" content=\"KARINE PARRAS\" \/>\n<meta property=\"article:publisher\" content=\"https:\/\/www.facebook.com\/karineparras\" \/>\n<meta property=\"article:modified_time\" content=\"2025-03-19T12:31:57+00:00\" \/>\n<meta property=\"og:image\" content=\"https:\/\/karineparras.com\/wp-content\/uploads\/2022\/10\/KPweb_pearl_earrings_wg_white_south_sea_pearls_7b1f1791-12c3-48e0-a9e5-64ee3b944f4f.jpg\" \/>\n\t<meta property=\"og:image:width\" content=\"1152\" \/>\n\t<meta property=\"og:image:height\" content=\"1536\" \/>\n\t<meta property=\"og:image:type\" content=\"image\/jpeg\" \/>\n<meta name=\"twitter:card\" content=\"summary_large_image\" \/>\n<script type=\"application\/ld+json\" class=\"yoast-schema-graph\">{\"@context\":\"https:\\\/\\\/schema.org\",\"@graph\":[{\"@type\":\"WebPage\",\"@id\":\"https:\\\/\\\/karineparras.com\\\/et\\\/product\\\/valged-lounamere-parlid-korvarongad\\\/\",\"url\":\"https:\\\/\\\/karineparras.com\\\/et\\\/product\\\/valged-lounamere-parlid-korvarongad\\\/\",\"name\":\"Klassikalised Valged L\u00f5unamere P\u00e4rli K\u00f5rvar\u00f5ngad - KARINE PARRAS\",\"isPartOf\":{\"@id\":\"https:\\\/\\\/karineparras.com\\\/et\\\/#website\"},\"primaryImageOfPage\":{\"@id\":\"https:\\\/\\\/karineparras.com\\\/et\\\/product\\\/valged-lounamere-parlid-korvarongad\\\/#primaryimage\"},\"image\":{\"@id\":\"https:\\\/\\\/karineparras.com\\\/et\\\/product\\\/valged-lounamere-parlid-korvarongad\\\/#primaryimage\"},\"thumbnailUrl\":\"https:\\\/\\\/karineparras.com\\\/wp-content\\\/uploads\\\/2022\\\/10\\\/KPweb_pearl_earrings_wg_white_south_sea_pearls_7b1f1791-12c3-48e0-a9e5-64ee3b944f4f.jpg\",\"datePublished\":\"2022-10-21T01:29:58+00:00\",\"dateModified\":\"2025-03-19T12:31:57+00:00\",\"description\":\"K\u00f5rvar\u00f5ngad, mis on keskendunud puhtalt p\u00e4rli ilule. Ajatu L\u00f5unamere p\u00e4rl, klassikaline p\u00e4rl, mida iga\u00fcks peab omama. P\u00e4rlid, mis toovad silmad esile.\",\"breadcrumb\":{\"@id\":\"https:\\\/\\\/karineparras.com\\\/et\\\/product\\\/valged-lounamere-parlid-korvarongad\\\/#breadcrumb\"},\"inLanguage\":\"et\",\"potentialAction\":[{\"@type\":\"ReadAction\",\"target\":[\"https:\\\/\\\/karineparras.com\\\/et\\\/product\\\/valged-lounamere-parlid-korvarongad\\\/\"]}]},{\"@type\":\"ImageObject\",\"inLanguage\":\"et\",\"@id\":\"https:\\\/\\\/karineparras.com\\\/et\\\/product\\\/valged-lounamere-parlid-korvarongad\\\/#primaryimage\",\"url\":\"https:\\\/\\\/karineparras.com\\\/wp-content\\\/uploads\\\/2022\\\/10\\\/KPweb_pearl_earrings_wg_white_south_sea_pearls_7b1f1791-12c3-48e0-a9e5-64ee3b944f4f.jpg\",\"contentUrl\":\"https:\\\/\\\/karineparras.com\\\/wp-content\\\/uploads\\\/2022\\\/10\\\/KPweb_pearl_earrings_wg_white_south_sea_pearls_7b1f1791-12c3-48e0-a9e5-64ee3b944f4f.jpg\",\"width\":1152,\"height\":1536},{\"@type\":\"BreadcrumbList\",\"@id\":\"https:\\\/\\\/karineparras.com\\\/et\\\/product\\\/valged-lounamere-parlid-korvarongad\\\/#breadcrumb\",\"itemListElement\":[{\"@type\":\"ListItem\",\"position\":1,\"name\":\"Home\",\"item\":\"https:\\\/\\\/karineparras.com\\\/et\\\/karine-parras\\\/\"},{\"@type\":\"ListItem\",\"position\":2,\"name\":\"Pood\",\"item\":\"https:\\\/\\\/karineparras.com\\\/et\\\/pood\\\/\"},{\"@type\":\"ListItem\",\"position\":3,\"name\":\"Klassikalised Valged L\u00f5unamere P\u00e4rli K\u00f5rvar\u00f5ngad\"}]},{\"@type\":\"WebSite\",\"@id\":\"https:\\\/\\\/karineparras.com\\\/et\\\/#website\",\"url\":\"https:\\\/\\\/karineparras.com\\\/et\\\/\",\"name\":\"KARINE PARRAS\",\"description\":\"\",\"publisher\":{\"@id\":\"https:\\\/\\\/karineparras.com\\\/et\\\/#organization\"},\"potentialAction\":[{\"@type\":\"SearchAction\",\"target\":{\"@type\":\"EntryPoint\",\"urlTemplate\":\"https:\\\/\\\/karineparras.com\\\/et\\\/?s={search_term_string}\"},\"query-input\":{\"@type\":\"PropertyValueSpecification\",\"valueRequired\":true,\"valueName\":\"search_term_string\"}}],\"inLanguage\":\"et\"},{\"@type\":\"Organization\",\"@id\":\"https:\\\/\\\/karineparras.com\\\/et\\\/#organization\",\"name\":\"KARINE PARRAS\",\"url\":\"https:\\\/\\\/karineparras.com\\\/et\\\/\",\"logo\":{\"@type\":\"ImageObject\",\"inLanguage\":\"et\",\"@id\":\"https:\\\/\\\/karineparras.com\\\/et\\\/#\\\/schema\\\/logo\\\/image\\\/\",\"url\":\"https:\\\/\\\/karineparras.com\\\/wp-content\\\/uploads\\\/2023\\\/12\\\/logo-header.png\",\"contentUrl\":\"https:\\\/\\\/karineparras.com\\\/wp-content\\\/uploads\\\/2023\\\/12\\\/logo-header.png\",\"width\":1000,\"height\":60,\"caption\":\"KARINE PARRAS\"},\"image\":{\"@id\":\"https:\\\/\\\/karineparras.com\\\/et\\\/#\\\/schema\\\/logo\\\/image\\\/\"},\"sameAs\":[\"https:\\\/\\\/www.facebook.com\\\/karineparras\",\"https:\\\/\\\/www.instagram.com\\\/karineparras\\\/\"]}]}<\/script>\n<!-- \/ Yoast SEO plugin. -->","yoast_head_json":{"title":"Klassikalised Valged L\u00f5unamere P\u00e4rli K\u00f5rvar\u00f5ngad - KARINE PARRAS","description":"K\u00f5rvar\u00f5ngad, mis on keskendunud puhtalt p\u00e4rli ilule. Ajatu L\u00f5unamere p\u00e4rl, klassikaline p\u00e4rl, mida iga\u00fcks peab omama. P\u00e4rlid, mis toovad silmad esile.","robots":{"index":"index","follow":"follow","max-snippet":"max-snippet:-1","max-image-preview":"max-image-preview:large","max-video-preview":"max-video-preview:-1"},"canonical":"https:\/\/karineparras.com\/et\/product\/valged-lounamere-parlid-korvarongad\/","og_locale":"et_EE","og_type":"article","og_title":"Klassikalised Valged L\u00f5unamere P\u00e4rli K\u00f5rvar\u00f5ngad - KARINE PARRAS","og_description":"K\u00f5rvar\u00f5ngad, mis on keskendunud puhtalt p\u00e4rli ilule. Ajatu L\u00f5unamere p\u00e4rl, klassikaline p\u00e4rl, mida iga\u00fcks peab omama. P\u00e4rlid, mis toovad silmad esile.","og_url":"https:\/\/karineparras.com\/et\/product\/valged-lounamere-parlid-korvarongad\/","og_site_name":"KARINE PARRAS","article_publisher":"https:\/\/www.facebook.com\/karineparras","article_modified_time":"2025-03-19T12:31:57+00:00","og_image":[{"width":1152,"height":1536,"url":"https:\/\/karineparras.com\/wp-content\/uploads\/2022\/10\/KPweb_pearl_earrings_wg_white_south_sea_pearls_7b1f1791-12c3-48e0-a9e5-64ee3b944f4f.jpg","type":"image\/jpeg"}],"twitter_card":"summary_large_image","schema":{"@context":"https:\/\/schema.org","@graph":[{"@type":"WebPage","@id":"https:\/\/karineparras.com\/et\/product\/valged-lounamere-parlid-korvarongad\/","url":"https:\/\/karineparras.com\/et\/product\/valged-lounamere-parlid-korvarongad\/","name":"Klassikalised Valged L\u00f5unamere P\u00e4rli K\u00f5rvar\u00f5ngad - KARINE PARRAS","isPartOf":{"@id":"https:\/\/karineparras.com\/et\/#website"},"primaryImageOfPage":{"@id":"https:\/\/karineparras.com\/et\/product\/valged-lounamere-parlid-korvarongad\/#primaryimage"},"image":{"@id":"https:\/\/karineparras.com\/et\/product\/valged-lounamere-parlid-korvarongad\/#primaryimage"},"thumbnailUrl":"https:\/\/karineparras.com\/wp-content\/uploads\/2022\/10\/KPweb_pearl_earrings_wg_white_south_sea_pearls_7b1f1791-12c3-48e0-a9e5-64ee3b944f4f.jpg","datePublished":"2022-10-21T01:29:58+00:00","dateModified":"2025-03-19T12:31:57+00:00","description":"K\u00f5rvar\u00f5ngad, mis on keskendunud puhtalt p\u00e4rli ilule. Ajatu L\u00f5unamere p\u00e4rl, klassikaline p\u00e4rl, mida iga\u00fcks peab omama. P\u00e4rlid, mis toovad silmad esile.","breadcrumb":{"@id":"https:\/\/karineparras.com\/et\/product\/valged-lounamere-parlid-korvarongad\/#breadcrumb"},"inLanguage":"et","potentialAction":[{"@type":"ReadAction","target":["https:\/\/karineparras.com\/et\/product\/valged-lounamere-parlid-korvarongad\/"]}]},{"@type":"ImageObject","inLanguage":"et","@id":"https:\/\/karineparras.com\/et\/product\/valged-lounamere-parlid-korvarongad\/#primaryimage","url":"https:\/\/karineparras.com\/wp-content\/uploads\/2022\/10\/KPweb_pearl_earrings_wg_white_south_sea_pearls_7b1f1791-12c3-48e0-a9e5-64ee3b944f4f.jpg","contentUrl":"https:\/\/karineparras.com\/wp-content\/uploads\/2022\/10\/KPweb_pearl_earrings_wg_white_south_sea_pearls_7b1f1791-12c3-48e0-a9e5-64ee3b944f4f.jpg","width":1152,"height":1536},{"@type":"BreadcrumbList","@id":"https:\/\/karineparras.com\/et\/product\/valged-lounamere-parlid-korvarongad\/#breadcrumb","itemListElement":[{"@type":"ListItem","position":1,"name":"Home","item":"https:\/\/karineparras.com\/et\/karine-parras\/"},{"@type":"ListItem","position":2,"name":"Pood","item":"https:\/\/karineparras.com\/et\/pood\/"},{"@type":"ListItem","position":3,"name":"Klassikalised Valged L\u00f5unamere P\u00e4rli K\u00f5rvar\u00f5ngad"}]},{"@type":"WebSite","@id":"https:\/\/karineparras.com\/et\/#website","url":"https:\/\/karineparras.com\/et\/","name":"KARINE PARRAS","description":"","publisher":{"@id":"https:\/\/karineparras.com\/et\/#organization"},"potentialAction":[{"@type":"SearchAction","target":{"@type":"EntryPoint","urlTemplate":"https:\/\/karineparras.com\/et\/?s={search_term_string}"},"query-input":{"@type":"PropertyValueSpecification","valueRequired":true,"valueName":"search_term_string"}}],"inLanguage":"et"},{"@type":"Organization","@id":"https:\/\/karineparras.com\/et\/#organization","name":"KARINE PARRAS","url":"https:\/\/karineparras.com\/et\/","logo":{"@type":"ImageObject","inLanguage":"et","@id":"https:\/\/karineparras.com\/et\/#\/schema\/logo\/image\/","url":"https:\/\/karineparras.com\/wp-content\/uploads\/2023\/12\/logo-header.png","contentUrl":"https:\/\/karineparras.com\/wp-content\/uploads\/2023\/12\/logo-header.png","width":1000,"height":60,"caption":"KARINE PARRAS"},"image":{"@id":"https:\/\/karineparras.com\/et\/#\/schema\/logo\/image\/"},"sameAs":["https:\/\/www.facebook.com\/karineparras","https:\/\/www.instagram.com\/karineparras\/"]}]}},"_links":{"self":[{"href":"https:\/\/karineparras.com\/et\/wp-json\/wp\/v2\/product\/25980","targetHints":{"allow":["GET"]}}],"collection":[{"href":"https:\/\/karineparras.com\/et\/wp-json\/wp\/v2\/product"}],"about":[{"href":"https:\/\/karineparras.com\/et\/wp-json\/wp\/v2\/types\/product"}],"wp:featuredmedia":[{"embeddable":true,"href":"https:\/\/karineparras.com\/et\/wp-json\/wp\/v2\/media\/25627"}],"wp:attachment":[{"href":"https:\/\/karineparras.com\/et\/wp-json\/wp\/v2\/media?parent=25980"}],"wp:term":[{"taxonomy":"product_brand","embeddable":true,"href":"https:\/\/karineparras.com\/et\/wp-json\/wp\/v2\/product_brand?post=25980"},{"taxonomy":"product_cat","embeddable":true,"href":"https:\/\/karineparras.com\/et\/wp-json\/wp\/v2\/product_cat?post=25980"},{"taxonomy":"product_tag","embeddable":true,"href":"https:\/\/karineparras.com\/et\/wp-json\/wp\/v2\/product_tag?post=25980"}],"curies":[{"name":"wp","href":"https:\/\/api.w.org\/{rel}","templated":true}]}}