{"id":25945,"date":"2022-10-21T04:29:55","date_gmt":"2022-10-21T01:29:55","guid":{"rendered":"https:\/\/karineparras.com\/product\/valge-lounamere-parli-kokteilisormus-kollasest-kullast\/"},"modified":"2025-03-19T13:57:51","modified_gmt":"2025-03-19T11:57:51","slug":"valge-lounamere-parli-kokteilisormus-kollasest-kullast","status":"publish","type":"product","link":"https:\/\/karineparras.com\/et\/product\/valge-lounamere-parli-kokteilisormus-kollasest-kullast\/","title":{"rendered":"Kuldne L\u00f5unamere P\u00e4rl Kokteils\u00f5rmus Kollane Kuld"},"content":{"rendered":"","protected":false},"excerpt":{"rendered":"<p><span data-sheets-userformat=\"{\"2\":831,\"3\":{\"1\":0},\"4\":{\"1\":2,\"2\":16777215},\"5\":{\"1\":[{\"1\":2,\"2\":0,\"5\":{\"1\":2,\"2\":0}},{\"1\":0,\"2\":0,\"3\":3},{\"1\":1,\"2\":0,\"4\":1}]},\"6\":{\"1\":[{\"1\":2,\"2\":0,\"5\":{\"1\":2,\"2\":0}},{\"1\":0,\"2\":0,\"3\":3},{\"1\":1,\"2\":0,\"4\":1}]},\"7\":{\"1\":[{\"1\":2,\"2\":0,\"5\":{\"1\":2,\"2\":0}},{\"1\":0,\"2\":0,\"3\":3},{\"1\":1,\"2\":0,\"4\":1}]},\"8\":{\"1\":[{\"1\":2,\"2\":0,\"5\":{\"1\":2,\"2\":0}},{\"1\":0,\"2\":0,\"3\":3},{\"1\":1,\"2\":0,\"4\":1}]},\"11\":4,\"12\":0}\" data-sheets-value=\"{\"1\":2,\"2\":\"The ring is customizable to your preference \u2014 from the size of the pearl to the type of pearl, diamonds and gold used. n - 18K rose goldn - 16mm Tahitian pearln - 5 carat total Champagne diamonds\"}\">Minimalistlik kokteilis\u00f5rmus 18-karaadisest kollasest kullast. Kuldse pinna kraabitud elemendid loovad julge ja grunge-stiilis v\u00e4limuse. L\u00f5unamere p\u00e4rl toob aga tagasi naiselikkuse ja luksuse, luues huvitava kompositsiooni.<\/span><\/p>\n<p><span data-sheets-value=\"{\"1\":2,\"2\":\"The ring is customizable to your preference \u2014 from the size of the pearl to the type of pearl, diamonds and gold used. n - 18K rose goldn - 16mm Tahitian pearln - 5 carat total Champagne diamonds\"}\" data-sheets-userformat=\"{\"2\":831,\"3\":{\"1\":0},\"4\":{\"1\":2,\"2\":16777215},\"5\":{\"1\":[{\"1\":2,\"2\":0,\"5\":{\"1\":2,\"2\":0}},{\"1\":0,\"2\":0,\"3\":3},{\"1\":1,\"2\":0,\"4\":1}]},\"6\":{\"1\":[{\"1\":2,\"2\":0,\"5\":{\"1\":2,\"2\":0}},{\"1\":0,\"2\":0,\"3\":3},{\"1\":1,\"2\":0,\"4\":1}]},\"7\":{\"1\":[{\"1\":2,\"2\":0,\"5\":{\"1\":2,\"2\":0}},{\"1\":0,\"2\":0,\"3\":3},{\"1\":1,\"2\":0,\"4\":1}]},\"8\":{\"1\":[{\"1\":2,\"2\":0,\"5\":{\"1\":2,\"2\":0}},{\"1\":0,\"2\":0,\"3\":3},{\"1\":1,\"2\":0,\"4\":1}]},\"11\":4,\"12\":0}\">S\u00f5rmuse mudel on kohandatav vastavalt teie eelistustele &#8211; alates p\u00e4rli suurusest kuni p\u00e4rli, teemantide ja kulla t\u00fc\u00fcbini.<\/span><\/p>\n<ul>\n<li><span data-sheets-userformat=\"{\"2\":831,\"3\":{\"1\":0},\"4\":{\"1\":2,\"2\":16777215},\"5\":{\"1\":[{\"1\":2,\"2\":0,\"5\":{\"1\":2,\"2\":0}},{\"1\":0,\"2\":0,\"3\":3},{\"1\":1,\"2\":0,\"4\":1}]},\"6\":{\"1\":[{\"1\":2,\"2\":0,\"5\":{\"1\":2,\"2\":0}},{\"1\":0,\"2\":0,\"3\":3},{\"1\":1,\"2\":0,\"4\":1}]},\"7\":{\"1\":[{\"1\":2,\"2\":0,\"5\":{\"1\":2,\"2\":0}},{\"1\":0,\"2\":0,\"3\":3},{\"1\":1,\"2\":0,\"4\":1}]},\"8\":{\"1\":[{\"1\":2,\"2\":0,\"5\":{\"1\":2,\"2\":0}},{\"1\":0,\"2\":0,\"3\":3},{\"1\":1,\"2\":0,\"4\":1}]},\"11\":4,\"12\":0}\" data-sheets-value=\"{\"1\":2,\"2\":\"The ring is customizable to your preference \u2014 from the size of the pearl to the type of pearl, diamonds and gold used. n - 18K rose goldn - 16mm Tahitian pearln - 5 carat total Champagne diamonds\"}\">18K kollane kuld<\/span><\/li>\n<li>13 mm valge L\u00f5unamere p\u00e4rl<\/li>\n<\/ul>\n","protected":false},"featured_media":25620,"template":"","meta":{"_themeisle_gutenberg_block_has_review":false},"product_brand":[],"product_cat":[440,472,441],"product_tag":[480,456,483,532,484,490,476,491,474,473,497,475,520,493,519,494,495,496,486,498,499,513,512,485,479,477,500,501,487,502,489,503,488,504,505,547,478,506,482,531,509,508,507,510,511,529,545,514,515,546,492,516,522,518,523,521,460,526,525,527,528,530,459,461,537,534,535,533,540,542,543,481,517,524,548,467,544],"class_list":{"0":"post-25945","1":"product","2":"type-product","3":"status-publish","4":"has-post-thumbnail","6":"product_cat-fine-jewellery-liinid","7":"product_cat-parlid","8":"product_cat-sormused","9":"product_tag-18-et","10":"product_tag-18k-et","11":"product_tag-aksessuaarid-et","12":"product_tag-avaldus","13":"product_tag-brandi","14":"product_tag-disain","15":"product_tag-eesti-et","16":"product_tag-eesti-et-2","17":"product_tag-ehe-et","18":"product_tag-ehted","19":"product_tag-ehted-et","20":"product_tag-estonia-et","21":"product_tag-ettepanek","22":"product_tag-idee","23":"product_tag-isiklik","24":"product_tag-itaalia-et","25":"product_tag-itaalia-et-2","26":"product_tag-itaalia-et-3","27":"product_tag-joulud-et","28":"product_tag-joulud-et-2","29":"product_tag-joulukingitus-et","30":"product_tag-kaasaegne-et","31":"product_tag-kaasaegne","32":"product_tag-karaat","33":"product_tag-kingiidee-et","34":"product_tag-kingitus-et","35":"product_tag-kingitus-et-2","36":"product_tag-klassika-et","37":"product_tag-klassikaline-et","38":"product_tag-klassikaline-et-2","39":"product_tag-kohandatud","40":"product_tag-kokteil-et-2","41":"product_tag-kokteil-et","42":"product_tag-kokteilisormus-et","43":"product_tag-kollane-et","44":"product_tag-kollane-et-2","45":"product_tag-kuld-et","46":"product_tag-kuld-et-2","47":"product_tag-lisaseadmed","48":"product_tag-louna","49":"product_tag-lounameri-et","50":"product_tag-luksus","51":"product_tag-luksuslik-et","52":"product_tag-magevee-et","53":"product_tag-magevesi-et","54":"product_tag-meri","55":"product_tag-naine-et-2","56":"product_tag-naine-et","57":"product_tag-naise-et","58":"product_tag-naised","59":"product_tag-naissoost","60":"product_tag-naisteehted-et","61":"product_tag-parl-et","62":"product_tag-parlid-et","63":"product_tag-parlid-et-2","64":"product_tag-puhas-et","65":"product_tag-rongad","66":"product_tag-roos","67":"product_tag-roosa-et","68":"product_tag-skandinaavia-et","69":"product_tag-skandinaavia-et-2","70":"product_tag-skandinaavia-et-3","71":"product_tag-sormus-et","72":"product_tag-sormus-et-2","73":"product_tag-sormused-et","74":"product_tag-stiil","75":"product_tag-stiilne","76":"product_tag-stuudio","77":"product_tag-tahiti-et","78":"product_tag-tahiti-et-2","79":"product_tag-tallinn-et","80":"product_tag-tarvikud","81":"product_tag-tellimus","82":"product_tag-toeline","83":"product_tag-ulekullatud-et","84":"product_tag-valge-et","85":"product_tag-valge-et-2","87":"first","88":"outofstock","89":"shipping-taxable","90":"purchasable","91":"product-type-simple"},"yoast_head":"<!-- This site is optimized with the Yoast SEO plugin v27.3 - https:\/\/yoast.com\/product\/yoast-seo-wordpress\/ -->\n<title>Kuldne L\u00f5unamere P\u00e4rl Kokteils\u00f5rmus Kollane Kuld - KARINE PARRAS<\/title>\n<meta name=\"description\" content=\"Minimalistlik kokteilis\u00f5rmus 18-karaadisest kollasest kullast. Kuldse pinna kraabitud elemendid loovad julge ja grunge-stiilis v\u00e4limuse.\" \/>\n<meta name=\"robots\" content=\"index, follow, max-snippet:-1, max-image-preview:large, max-video-preview:-1\" \/>\n<link rel=\"canonical\" href=\"https:\/\/karineparras.com\/et\/product\/valge-lounamere-parli-kokteilisormus-kollasest-kullast\/\" \/>\n<meta property=\"og:locale\" content=\"et_EE\" \/>\n<meta property=\"og:type\" content=\"article\" \/>\n<meta property=\"og:title\" content=\"Kuldne L\u00f5unamere P\u00e4rl Kokteils\u00f5rmus Kollane Kuld - KARINE PARRAS\" \/>\n<meta property=\"og:description\" content=\"Minimalistlik kokteilis\u00f5rmus 18-karaadisest kollasest kullast. Kuldse pinna kraabitud elemendid loovad julge ja grunge-stiilis v\u00e4limuse.\" \/>\n<meta property=\"og:url\" content=\"https:\/\/karineparras.com\/et\/product\/valge-lounamere-parli-kokteilisormus-kollasest-kullast\/\" \/>\n<meta property=\"og:site_name\" content=\"KARINE PARRAS\" \/>\n<meta property=\"article:publisher\" content=\"https:\/\/www.facebook.com\/karineparras\" \/>\n<meta property=\"article:modified_time\" content=\"2025-03-19T11:57:51+00:00\" \/>\n<meta property=\"og:image\" content=\"https:\/\/karineparras.com\/wp-content\/uploads\/2022\/10\/KPweb_white_SS_pearl_ring-yellow.jpg\" \/>\n\t<meta property=\"og:image:width\" content=\"1152\" \/>\n\t<meta property=\"og:image:height\" content=\"1536\" \/>\n\t<meta property=\"og:image:type\" content=\"image\/jpeg\" \/>\n<meta name=\"twitter:card\" content=\"summary_large_image\" \/>\n<meta name=\"twitter:label1\" content=\"Est. reading time\" \/>\n\t<meta name=\"twitter:data1\" content=\"1 minut\" \/>\n<script type=\"application\/ld+json\" class=\"yoast-schema-graph\">{\"@context\":\"https:\\\/\\\/schema.org\",\"@graph\":[{\"@type\":\"WebPage\",\"@id\":\"https:\\\/\\\/karineparras.com\\\/et\\\/product\\\/valge-lounamere-parli-kokteilisormus-kollasest-kullast\\\/\",\"url\":\"https:\\\/\\\/karineparras.com\\\/et\\\/product\\\/valge-lounamere-parli-kokteilisormus-kollasest-kullast\\\/\",\"name\":\"Kuldne L\u00f5unamere P\u00e4rl Kokteils\u00f5rmus Kollane Kuld - KARINE PARRAS\",\"isPartOf\":{\"@id\":\"https:\\\/\\\/karineparras.com\\\/et\\\/#website\"},\"primaryImageOfPage\":{\"@id\":\"https:\\\/\\\/karineparras.com\\\/et\\\/product\\\/valge-lounamere-parli-kokteilisormus-kollasest-kullast\\\/#primaryimage\"},\"image\":{\"@id\":\"https:\\\/\\\/karineparras.com\\\/et\\\/product\\\/valge-lounamere-parli-kokteilisormus-kollasest-kullast\\\/#primaryimage\"},\"thumbnailUrl\":\"https:\\\/\\\/karineparras.com\\\/wp-content\\\/uploads\\\/2022\\\/10\\\/KPweb_white_SS_pearl_ring-yellow.jpg\",\"datePublished\":\"2022-10-21T01:29:55+00:00\",\"dateModified\":\"2025-03-19T11:57:51+00:00\",\"description\":\"Minimalistlik kokteilis\u00f5rmus 18-karaadisest kollasest kullast. Kuldse pinna kraabitud elemendid loovad julge ja grunge-stiilis v\u00e4limuse.\",\"breadcrumb\":{\"@id\":\"https:\\\/\\\/karineparras.com\\\/et\\\/product\\\/valge-lounamere-parli-kokteilisormus-kollasest-kullast\\\/#breadcrumb\"},\"inLanguage\":\"et\",\"potentialAction\":[{\"@type\":\"ReadAction\",\"target\":[\"https:\\\/\\\/karineparras.com\\\/et\\\/product\\\/valge-lounamere-parli-kokteilisormus-kollasest-kullast\\\/\"]}]},{\"@type\":\"ImageObject\",\"inLanguage\":\"et\",\"@id\":\"https:\\\/\\\/karineparras.com\\\/et\\\/product\\\/valge-lounamere-parli-kokteilisormus-kollasest-kullast\\\/#primaryimage\",\"url\":\"https:\\\/\\\/karineparras.com\\\/wp-content\\\/uploads\\\/2022\\\/10\\\/KPweb_white_SS_pearl_ring-yellow.jpg\",\"contentUrl\":\"https:\\\/\\\/karineparras.com\\\/wp-content\\\/uploads\\\/2022\\\/10\\\/KPweb_white_SS_pearl_ring-yellow.jpg\",\"width\":1152,\"height\":1536},{\"@type\":\"BreadcrumbList\",\"@id\":\"https:\\\/\\\/karineparras.com\\\/et\\\/product\\\/valge-lounamere-parli-kokteilisormus-kollasest-kullast\\\/#breadcrumb\",\"itemListElement\":[{\"@type\":\"ListItem\",\"position\":1,\"name\":\"Home\",\"item\":\"https:\\\/\\\/karineparras.com\\\/et\\\/karine-parras\\\/\"},{\"@type\":\"ListItem\",\"position\":2,\"name\":\"Pood\",\"item\":\"https:\\\/\\\/karineparras.com\\\/et\\\/pood\\\/\"},{\"@type\":\"ListItem\",\"position\":3,\"name\":\"Kuldne L\u00f5unamere P\u00e4rl Kokteils\u00f5rmus Kollane Kuld\"}]},{\"@type\":\"WebSite\",\"@id\":\"https:\\\/\\\/karineparras.com\\\/et\\\/#website\",\"url\":\"https:\\\/\\\/karineparras.com\\\/et\\\/\",\"name\":\"KARINE PARRAS\",\"description\":\"\",\"publisher\":{\"@id\":\"https:\\\/\\\/karineparras.com\\\/et\\\/#organization\"},\"potentialAction\":[{\"@type\":\"SearchAction\",\"target\":{\"@type\":\"EntryPoint\",\"urlTemplate\":\"https:\\\/\\\/karineparras.com\\\/et\\\/?s={search_term_string}\"},\"query-input\":{\"@type\":\"PropertyValueSpecification\",\"valueRequired\":true,\"valueName\":\"search_term_string\"}}],\"inLanguage\":\"et\"},{\"@type\":\"Organization\",\"@id\":\"https:\\\/\\\/karineparras.com\\\/et\\\/#organization\",\"name\":\"KARINE PARRAS\",\"url\":\"https:\\\/\\\/karineparras.com\\\/et\\\/\",\"logo\":{\"@type\":\"ImageObject\",\"inLanguage\":\"et\",\"@id\":\"https:\\\/\\\/karineparras.com\\\/et\\\/#\\\/schema\\\/logo\\\/image\\\/\",\"url\":\"https:\\\/\\\/karineparras.com\\\/wp-content\\\/uploads\\\/2023\\\/12\\\/logo-header.png\",\"contentUrl\":\"https:\\\/\\\/karineparras.com\\\/wp-content\\\/uploads\\\/2023\\\/12\\\/logo-header.png\",\"width\":1000,\"height\":60,\"caption\":\"KARINE PARRAS\"},\"image\":{\"@id\":\"https:\\\/\\\/karineparras.com\\\/et\\\/#\\\/schema\\\/logo\\\/image\\\/\"},\"sameAs\":[\"https:\\\/\\\/www.facebook.com\\\/karineparras\",\"https:\\\/\\\/www.instagram.com\\\/karineparras\\\/\"]}]}<\/script>\n<!-- \/ Yoast SEO plugin. -->","yoast_head_json":{"title":"Kuldne L\u00f5unamere P\u00e4rl Kokteils\u00f5rmus Kollane Kuld - KARINE PARRAS","description":"Minimalistlik kokteilis\u00f5rmus 18-karaadisest kollasest kullast. Kuldse pinna kraabitud elemendid loovad julge ja grunge-stiilis v\u00e4limuse.","robots":{"index":"index","follow":"follow","max-snippet":"max-snippet:-1","max-image-preview":"max-image-preview:large","max-video-preview":"max-video-preview:-1"},"canonical":"https:\/\/karineparras.com\/et\/product\/valge-lounamere-parli-kokteilisormus-kollasest-kullast\/","og_locale":"et_EE","og_type":"article","og_title":"Kuldne L\u00f5unamere P\u00e4rl Kokteils\u00f5rmus Kollane Kuld - KARINE PARRAS","og_description":"Minimalistlik kokteilis\u00f5rmus 18-karaadisest kollasest kullast. Kuldse pinna kraabitud elemendid loovad julge ja grunge-stiilis v\u00e4limuse.","og_url":"https:\/\/karineparras.com\/et\/product\/valge-lounamere-parli-kokteilisormus-kollasest-kullast\/","og_site_name":"KARINE PARRAS","article_publisher":"https:\/\/www.facebook.com\/karineparras","article_modified_time":"2025-03-19T11:57:51+00:00","og_image":[{"width":1152,"height":1536,"url":"https:\/\/karineparras.com\/wp-content\/uploads\/2022\/10\/KPweb_white_SS_pearl_ring-yellow.jpg","type":"image\/jpeg"}],"twitter_card":"summary_large_image","twitter_misc":{"Est. reading time":"1 minut"},"schema":{"@context":"https:\/\/schema.org","@graph":[{"@type":"WebPage","@id":"https:\/\/karineparras.com\/et\/product\/valge-lounamere-parli-kokteilisormus-kollasest-kullast\/","url":"https:\/\/karineparras.com\/et\/product\/valge-lounamere-parli-kokteilisormus-kollasest-kullast\/","name":"Kuldne L\u00f5unamere P\u00e4rl Kokteils\u00f5rmus Kollane Kuld - KARINE PARRAS","isPartOf":{"@id":"https:\/\/karineparras.com\/et\/#website"},"primaryImageOfPage":{"@id":"https:\/\/karineparras.com\/et\/product\/valge-lounamere-parli-kokteilisormus-kollasest-kullast\/#primaryimage"},"image":{"@id":"https:\/\/karineparras.com\/et\/product\/valge-lounamere-parli-kokteilisormus-kollasest-kullast\/#primaryimage"},"thumbnailUrl":"https:\/\/karineparras.com\/wp-content\/uploads\/2022\/10\/KPweb_white_SS_pearl_ring-yellow.jpg","datePublished":"2022-10-21T01:29:55+00:00","dateModified":"2025-03-19T11:57:51+00:00","description":"Minimalistlik kokteilis\u00f5rmus 18-karaadisest kollasest kullast. Kuldse pinna kraabitud elemendid loovad julge ja grunge-stiilis v\u00e4limuse.","breadcrumb":{"@id":"https:\/\/karineparras.com\/et\/product\/valge-lounamere-parli-kokteilisormus-kollasest-kullast\/#breadcrumb"},"inLanguage":"et","potentialAction":[{"@type":"ReadAction","target":["https:\/\/karineparras.com\/et\/product\/valge-lounamere-parli-kokteilisormus-kollasest-kullast\/"]}]},{"@type":"ImageObject","inLanguage":"et","@id":"https:\/\/karineparras.com\/et\/product\/valge-lounamere-parli-kokteilisormus-kollasest-kullast\/#primaryimage","url":"https:\/\/karineparras.com\/wp-content\/uploads\/2022\/10\/KPweb_white_SS_pearl_ring-yellow.jpg","contentUrl":"https:\/\/karineparras.com\/wp-content\/uploads\/2022\/10\/KPweb_white_SS_pearl_ring-yellow.jpg","width":1152,"height":1536},{"@type":"BreadcrumbList","@id":"https:\/\/karineparras.com\/et\/product\/valge-lounamere-parli-kokteilisormus-kollasest-kullast\/#breadcrumb","itemListElement":[{"@type":"ListItem","position":1,"name":"Home","item":"https:\/\/karineparras.com\/et\/karine-parras\/"},{"@type":"ListItem","position":2,"name":"Pood","item":"https:\/\/karineparras.com\/et\/pood\/"},{"@type":"ListItem","position":3,"name":"Kuldne L\u00f5unamere P\u00e4rl Kokteils\u00f5rmus Kollane Kuld"}]},{"@type":"WebSite","@id":"https:\/\/karineparras.com\/et\/#website","url":"https:\/\/karineparras.com\/et\/","name":"KARINE PARRAS","description":"","publisher":{"@id":"https:\/\/karineparras.com\/et\/#organization"},"potentialAction":[{"@type":"SearchAction","target":{"@type":"EntryPoint","urlTemplate":"https:\/\/karineparras.com\/et\/?s={search_term_string}"},"query-input":{"@type":"PropertyValueSpecification","valueRequired":true,"valueName":"search_term_string"}}],"inLanguage":"et"},{"@type":"Organization","@id":"https:\/\/karineparras.com\/et\/#organization","name":"KARINE PARRAS","url":"https:\/\/karineparras.com\/et\/","logo":{"@type":"ImageObject","inLanguage":"et","@id":"https:\/\/karineparras.com\/et\/#\/schema\/logo\/image\/","url":"https:\/\/karineparras.com\/wp-content\/uploads\/2023\/12\/logo-header.png","contentUrl":"https:\/\/karineparras.com\/wp-content\/uploads\/2023\/12\/logo-header.png","width":1000,"height":60,"caption":"KARINE PARRAS"},"image":{"@id":"https:\/\/karineparras.com\/et\/#\/schema\/logo\/image\/"},"sameAs":["https:\/\/www.facebook.com\/karineparras","https:\/\/www.instagram.com\/karineparras\/"]}]}},"_links":{"self":[{"href":"https:\/\/karineparras.com\/et\/wp-json\/wp\/v2\/product\/25945","targetHints":{"allow":["GET"]}}],"collection":[{"href":"https:\/\/karineparras.com\/et\/wp-json\/wp\/v2\/product"}],"about":[{"href":"https:\/\/karineparras.com\/et\/wp-json\/wp\/v2\/types\/product"}],"wp:featuredmedia":[{"embeddable":true,"href":"https:\/\/karineparras.com\/et\/wp-json\/wp\/v2\/media\/25620"}],"wp:attachment":[{"href":"https:\/\/karineparras.com\/et\/wp-json\/wp\/v2\/media?parent=25945"}],"wp:term":[{"taxonomy":"product_brand","embeddable":true,"href":"https:\/\/karineparras.com\/et\/wp-json\/wp\/v2\/product_brand?post=25945"},{"taxonomy":"product_cat","embeddable":true,"href":"https:\/\/karineparras.com\/et\/wp-json\/wp\/v2\/product_cat?post=25945"},{"taxonomy":"product_tag","embeddable":true,"href":"https:\/\/karineparras.com\/et\/wp-json\/wp\/v2\/product_tag?post=25945"}],"curies":[{"name":"wp","href":"https:\/\/api.w.org\/{rel}","templated":true}]}}