{"id":25942,"date":"2023-04-21T15:34:33","date_gmt":"2023-04-21T12:34:33","guid":{"rendered":"https:\/\/karineparras.com\/product\/taispuidust-ummargused-teemantide-rivi-korvarongad-roosaga-kaetud-korvarongad\/"},"modified":"2025-03-20T17:01:06","modified_gmt":"2025-03-20T15:01:06","slug":"taispuidust-ummargused-teemantide-rivi-korvarongad-roosaga-kaetud-korvarongad","status":"publish","type":"product","link":"https:\/\/karineparras.com\/et\/product\/taispuidust-ummargused-teemantide-rivi-korvarongad-roosaga-kaetud-korvarongad\/","title":{"rendered":"Teemantrivi K\u00f5rvar\u00f5ngad Ros\u00e9"},"content":{"rendered":"","protected":false},"excerpt":{"rendered":"<p>Tundub lihtne, kuid super pilkup\u00fc\u00fcdev.<\/p>\n<p>Elegantne 18-karaadisest valgest kullast k\u00f5rvar\u00f5ngaste paar, millel on \u00f5rn ros\u00e9 v\u00e4rvkate peal ja kuus kaunist teemanti iga k\u00f5rvar\u00f5nga peal, kokku 1,20 karaati. Need k\u00f5rvar\u00f5ngad toovad esile iga naise ilu, lisades samas igap\u00e4evasele stiilile luksuslikkuse.  <\/p>\n<ul>\n<li>18K valge kuld<\/li>\n<li>1.20 ctw laboriteemante<\/li>\n<\/ul>\n","protected":false},"featured_media":25742,"template":"","meta":{"_themeisle_gutenberg_block_has_review":false},"product_brand":[],"product_cat":[440,454],"product_tag":[],"class_list":{"0":"post-25942","1":"product","2":"type-product","3":"status-publish","4":"has-post-thumbnail","6":"product_cat-fine-jewellery-liinid","7":"product_cat-korvarongad","9":"first","10":"outofstock","11":"shipping-taxable","12":"purchasable","13":"product-type-simple"},"yoast_head":"<!-- This site is optimized with the Yoast SEO plugin v27.3 - https:\/\/yoast.com\/product\/yoast-seo-wordpress\/ -->\n<title>Teemantrivi K\u00f5rvar\u00f5ngad Ros\u00e9 - KARINE PARRAS<\/title>\n<meta name=\"description\" content=\"Tutvustame meie teemantk\u00f5rvar\u00f5ngaid, mis on valmistatud 18-karaadisest valgest kullast, kaetud roosa kulla tooniga ja kaunistatud kuue teemandiga.\" \/>\n<meta name=\"robots\" content=\"index, follow, max-snippet:-1, max-image-preview:large, max-video-preview:-1\" \/>\n<link rel=\"canonical\" href=\"https:\/\/karineparras.com\/et\/product\/taispuidust-ummargused-teemantide-rivi-korvarongad-roosaga-kaetud-korvarongad\/\" \/>\n<meta property=\"og:locale\" content=\"et_EE\" \/>\n<meta property=\"og:type\" content=\"article\" \/>\n<meta property=\"og:title\" content=\"Teemantrivi K\u00f5rvar\u00f5ngad Ros\u00e9 - KARINE PARRAS\" \/>\n<meta property=\"og:description\" content=\"Tutvustame meie teemantk\u00f5rvar\u00f5ngaid, mis on valmistatud 18-karaadisest valgest kullast, kaetud roosa kulla tooniga ja kaunistatud kuue teemandiga.\" \/>\n<meta property=\"og:url\" content=\"https:\/\/karineparras.com\/et\/product\/taispuidust-ummargused-teemantide-rivi-korvarongad-roosaga-kaetud-korvarongad\/\" \/>\n<meta property=\"og:site_name\" content=\"KARINE PARRAS\" \/>\n<meta property=\"article:publisher\" content=\"https:\/\/www.facebook.com\/karineparras\" \/>\n<meta property=\"article:modified_time\" content=\"2025-03-20T15:01:06+00:00\" \/>\n<meta property=\"og:image\" content=\"https:\/\/karineparras.com\/wp-content\/uploads\/2023\/03\/KPweb-six-6-diamond-row-earring-pink-coating.jpg\" \/>\n\t<meta property=\"og:image:width\" content=\"1152\" \/>\n\t<meta property=\"og:image:height\" content=\"1536\" \/>\n\t<meta property=\"og:image:type\" content=\"image\/jpeg\" \/>\n<meta name=\"twitter:card\" content=\"summary_large_image\" \/>\n<script type=\"application\/ld+json\" class=\"yoast-schema-graph\">{\"@context\":\"https:\\\/\\\/schema.org\",\"@graph\":[{\"@type\":\"WebPage\",\"@id\":\"https:\\\/\\\/karineparras.com\\\/et\\\/product\\\/taispuidust-ummargused-teemantide-rivi-korvarongad-roosaga-kaetud-korvarongad\\\/\",\"url\":\"https:\\\/\\\/karineparras.com\\\/et\\\/product\\\/taispuidust-ummargused-teemantide-rivi-korvarongad-roosaga-kaetud-korvarongad\\\/\",\"name\":\"Teemantrivi K\u00f5rvar\u00f5ngad Ros\u00e9 - KARINE PARRAS\",\"isPartOf\":{\"@id\":\"https:\\\/\\\/karineparras.com\\\/et\\\/#website\"},\"primaryImageOfPage\":{\"@id\":\"https:\\\/\\\/karineparras.com\\\/et\\\/product\\\/taispuidust-ummargused-teemantide-rivi-korvarongad-roosaga-kaetud-korvarongad\\\/#primaryimage\"},\"image\":{\"@id\":\"https:\\\/\\\/karineparras.com\\\/et\\\/product\\\/taispuidust-ummargused-teemantide-rivi-korvarongad-roosaga-kaetud-korvarongad\\\/#primaryimage\"},\"thumbnailUrl\":\"https:\\\/\\\/karineparras.com\\\/wp-content\\\/uploads\\\/2023\\\/03\\\/KPweb-six-6-diamond-row-earring-pink-coating.jpg\",\"datePublished\":\"2023-04-21T12:34:33+00:00\",\"dateModified\":\"2025-03-20T15:01:06+00:00\",\"description\":\"Tutvustame meie teemantk\u00f5rvar\u00f5ngaid, mis on valmistatud 18-karaadisest valgest kullast, kaetud roosa kulla tooniga ja kaunistatud kuue teemandiga.\",\"breadcrumb\":{\"@id\":\"https:\\\/\\\/karineparras.com\\\/et\\\/product\\\/taispuidust-ummargused-teemantide-rivi-korvarongad-roosaga-kaetud-korvarongad\\\/#breadcrumb\"},\"inLanguage\":\"et\",\"potentialAction\":[{\"@type\":\"ReadAction\",\"target\":[\"https:\\\/\\\/karineparras.com\\\/et\\\/product\\\/taispuidust-ummargused-teemantide-rivi-korvarongad-roosaga-kaetud-korvarongad\\\/\"]}]},{\"@type\":\"ImageObject\",\"inLanguage\":\"et\",\"@id\":\"https:\\\/\\\/karineparras.com\\\/et\\\/product\\\/taispuidust-ummargused-teemantide-rivi-korvarongad-roosaga-kaetud-korvarongad\\\/#primaryimage\",\"url\":\"https:\\\/\\\/karineparras.com\\\/wp-content\\\/uploads\\\/2023\\\/03\\\/KPweb-six-6-diamond-row-earring-pink-coating.jpg\",\"contentUrl\":\"https:\\\/\\\/karineparras.com\\\/wp-content\\\/uploads\\\/2023\\\/03\\\/KPweb-six-6-diamond-row-earring-pink-coating.jpg\",\"width\":1152,\"height\":1536},{\"@type\":\"BreadcrumbList\",\"@id\":\"https:\\\/\\\/karineparras.com\\\/et\\\/product\\\/taispuidust-ummargused-teemantide-rivi-korvarongad-roosaga-kaetud-korvarongad\\\/#breadcrumb\",\"itemListElement\":[{\"@type\":\"ListItem\",\"position\":1,\"name\":\"Home\",\"item\":\"https:\\\/\\\/karineparras.com\\\/et\\\/karine-parras\\\/\"},{\"@type\":\"ListItem\",\"position\":2,\"name\":\"Pood\",\"item\":\"https:\\\/\\\/karineparras.com\\\/et\\\/pood\\\/\"},{\"@type\":\"ListItem\",\"position\":3,\"name\":\"Teemantrivi K\u00f5rvar\u00f5ngad Ros\u00e9\"}]},{\"@type\":\"WebSite\",\"@id\":\"https:\\\/\\\/karineparras.com\\\/et\\\/#website\",\"url\":\"https:\\\/\\\/karineparras.com\\\/et\\\/\",\"name\":\"KARINE PARRAS\",\"description\":\"\",\"publisher\":{\"@id\":\"https:\\\/\\\/karineparras.com\\\/et\\\/#organization\"},\"potentialAction\":[{\"@type\":\"SearchAction\",\"target\":{\"@type\":\"EntryPoint\",\"urlTemplate\":\"https:\\\/\\\/karineparras.com\\\/et\\\/?s={search_term_string}\"},\"query-input\":{\"@type\":\"PropertyValueSpecification\",\"valueRequired\":true,\"valueName\":\"search_term_string\"}}],\"inLanguage\":\"et\"},{\"@type\":\"Organization\",\"@id\":\"https:\\\/\\\/karineparras.com\\\/et\\\/#organization\",\"name\":\"KARINE PARRAS\",\"url\":\"https:\\\/\\\/karineparras.com\\\/et\\\/\",\"logo\":{\"@type\":\"ImageObject\",\"inLanguage\":\"et\",\"@id\":\"https:\\\/\\\/karineparras.com\\\/et\\\/#\\\/schema\\\/logo\\\/image\\\/\",\"url\":\"https:\\\/\\\/karineparras.com\\\/wp-content\\\/uploads\\\/2023\\\/12\\\/logo-header.png\",\"contentUrl\":\"https:\\\/\\\/karineparras.com\\\/wp-content\\\/uploads\\\/2023\\\/12\\\/logo-header.png\",\"width\":1000,\"height\":60,\"caption\":\"KARINE PARRAS\"},\"image\":{\"@id\":\"https:\\\/\\\/karineparras.com\\\/et\\\/#\\\/schema\\\/logo\\\/image\\\/\"},\"sameAs\":[\"https:\\\/\\\/www.facebook.com\\\/karineparras\",\"https:\\\/\\\/www.instagram.com\\\/karineparras\\\/\"]}]}<\/script>\n<!-- \/ Yoast SEO plugin. -->","yoast_head_json":{"title":"Teemantrivi K\u00f5rvar\u00f5ngad Ros\u00e9 - KARINE PARRAS","description":"Tutvustame meie teemantk\u00f5rvar\u00f5ngaid, mis on valmistatud 18-karaadisest valgest kullast, kaetud roosa kulla tooniga ja kaunistatud kuue teemandiga.","robots":{"index":"index","follow":"follow","max-snippet":"max-snippet:-1","max-image-preview":"max-image-preview:large","max-video-preview":"max-video-preview:-1"},"canonical":"https:\/\/karineparras.com\/et\/product\/taispuidust-ummargused-teemantide-rivi-korvarongad-roosaga-kaetud-korvarongad\/","og_locale":"et_EE","og_type":"article","og_title":"Teemantrivi K\u00f5rvar\u00f5ngad Ros\u00e9 - KARINE PARRAS","og_description":"Tutvustame meie teemantk\u00f5rvar\u00f5ngaid, mis on valmistatud 18-karaadisest valgest kullast, kaetud roosa kulla tooniga ja kaunistatud kuue teemandiga.","og_url":"https:\/\/karineparras.com\/et\/product\/taispuidust-ummargused-teemantide-rivi-korvarongad-roosaga-kaetud-korvarongad\/","og_site_name":"KARINE PARRAS","article_publisher":"https:\/\/www.facebook.com\/karineparras","article_modified_time":"2025-03-20T15:01:06+00:00","og_image":[{"width":1152,"height":1536,"url":"https:\/\/karineparras.com\/wp-content\/uploads\/2023\/03\/KPweb-six-6-diamond-row-earring-pink-coating.jpg","type":"image\/jpeg"}],"twitter_card":"summary_large_image","schema":{"@context":"https:\/\/schema.org","@graph":[{"@type":"WebPage","@id":"https:\/\/karineparras.com\/et\/product\/taispuidust-ummargused-teemantide-rivi-korvarongad-roosaga-kaetud-korvarongad\/","url":"https:\/\/karineparras.com\/et\/product\/taispuidust-ummargused-teemantide-rivi-korvarongad-roosaga-kaetud-korvarongad\/","name":"Teemantrivi K\u00f5rvar\u00f5ngad Ros\u00e9 - KARINE PARRAS","isPartOf":{"@id":"https:\/\/karineparras.com\/et\/#website"},"primaryImageOfPage":{"@id":"https:\/\/karineparras.com\/et\/product\/taispuidust-ummargused-teemantide-rivi-korvarongad-roosaga-kaetud-korvarongad\/#primaryimage"},"image":{"@id":"https:\/\/karineparras.com\/et\/product\/taispuidust-ummargused-teemantide-rivi-korvarongad-roosaga-kaetud-korvarongad\/#primaryimage"},"thumbnailUrl":"https:\/\/karineparras.com\/wp-content\/uploads\/2023\/03\/KPweb-six-6-diamond-row-earring-pink-coating.jpg","datePublished":"2023-04-21T12:34:33+00:00","dateModified":"2025-03-20T15:01:06+00:00","description":"Tutvustame meie teemantk\u00f5rvar\u00f5ngaid, mis on valmistatud 18-karaadisest valgest kullast, kaetud roosa kulla tooniga ja kaunistatud kuue teemandiga.","breadcrumb":{"@id":"https:\/\/karineparras.com\/et\/product\/taispuidust-ummargused-teemantide-rivi-korvarongad-roosaga-kaetud-korvarongad\/#breadcrumb"},"inLanguage":"et","potentialAction":[{"@type":"ReadAction","target":["https:\/\/karineparras.com\/et\/product\/taispuidust-ummargused-teemantide-rivi-korvarongad-roosaga-kaetud-korvarongad\/"]}]},{"@type":"ImageObject","inLanguage":"et","@id":"https:\/\/karineparras.com\/et\/product\/taispuidust-ummargused-teemantide-rivi-korvarongad-roosaga-kaetud-korvarongad\/#primaryimage","url":"https:\/\/karineparras.com\/wp-content\/uploads\/2023\/03\/KPweb-six-6-diamond-row-earring-pink-coating.jpg","contentUrl":"https:\/\/karineparras.com\/wp-content\/uploads\/2023\/03\/KPweb-six-6-diamond-row-earring-pink-coating.jpg","width":1152,"height":1536},{"@type":"BreadcrumbList","@id":"https:\/\/karineparras.com\/et\/product\/taispuidust-ummargused-teemantide-rivi-korvarongad-roosaga-kaetud-korvarongad\/#breadcrumb","itemListElement":[{"@type":"ListItem","position":1,"name":"Home","item":"https:\/\/karineparras.com\/et\/karine-parras\/"},{"@type":"ListItem","position":2,"name":"Pood","item":"https:\/\/karineparras.com\/et\/pood\/"},{"@type":"ListItem","position":3,"name":"Teemantrivi K\u00f5rvar\u00f5ngad Ros\u00e9"}]},{"@type":"WebSite","@id":"https:\/\/karineparras.com\/et\/#website","url":"https:\/\/karineparras.com\/et\/","name":"KARINE PARRAS","description":"","publisher":{"@id":"https:\/\/karineparras.com\/et\/#organization"},"potentialAction":[{"@type":"SearchAction","target":{"@type":"EntryPoint","urlTemplate":"https:\/\/karineparras.com\/et\/?s={search_term_string}"},"query-input":{"@type":"PropertyValueSpecification","valueRequired":true,"valueName":"search_term_string"}}],"inLanguage":"et"},{"@type":"Organization","@id":"https:\/\/karineparras.com\/et\/#organization","name":"KARINE PARRAS","url":"https:\/\/karineparras.com\/et\/","logo":{"@type":"ImageObject","inLanguage":"et","@id":"https:\/\/karineparras.com\/et\/#\/schema\/logo\/image\/","url":"https:\/\/karineparras.com\/wp-content\/uploads\/2023\/12\/logo-header.png","contentUrl":"https:\/\/karineparras.com\/wp-content\/uploads\/2023\/12\/logo-header.png","width":1000,"height":60,"caption":"KARINE PARRAS"},"image":{"@id":"https:\/\/karineparras.com\/et\/#\/schema\/logo\/image\/"},"sameAs":["https:\/\/www.facebook.com\/karineparras","https:\/\/www.instagram.com\/karineparras\/"]}]}},"_links":{"self":[{"href":"https:\/\/karineparras.com\/et\/wp-json\/wp\/v2\/product\/25942","targetHints":{"allow":["GET"]}}],"collection":[{"href":"https:\/\/karineparras.com\/et\/wp-json\/wp\/v2\/product"}],"about":[{"href":"https:\/\/karineparras.com\/et\/wp-json\/wp\/v2\/types\/product"}],"wp:featuredmedia":[{"embeddable":true,"href":"https:\/\/karineparras.com\/et\/wp-json\/wp\/v2\/media\/25742"}],"wp:attachment":[{"href":"https:\/\/karineparras.com\/et\/wp-json\/wp\/v2\/media?parent=25942"}],"wp:term":[{"taxonomy":"product_brand","embeddable":true,"href":"https:\/\/karineparras.com\/et\/wp-json\/wp\/v2\/product_brand?post=25942"},{"taxonomy":"product_cat","embeddable":true,"href":"https:\/\/karineparras.com\/et\/wp-json\/wp\/v2\/product_cat?post=25942"},{"taxonomy":"product_tag","embeddable":true,"href":"https:\/\/karineparras.com\/et\/wp-json\/wp\/v2\/product_tag?post=25942"}],"curies":[{"name":"wp","href":"https:\/\/api.w.org\/{rel}","templated":true}]}}